{"id":8968,"date":"2025-11-08T12:12:38","date_gmt":"2025-11-08T12:12:38","guid":{"rendered":"https:\/\/gambling6.com\/cassino\/onde-encontrar-slots-online-de-alta-qualidade\/"},"modified":"2025-11-15T09:38:53","modified_gmt":"2025-11-15T09:38:53","slug":"onde-encontrar-slots-online-de-alta-qualidade","status":"publish","type":"page","link":"https:\/\/gambling6.com\/pt-pt\/cassino\/onde-encontrar-slots-online-de-alta-qualidade\/","title":{"rendered":"Onde encontrar slots online de alta qualidade"},"content":{"rendered":"<h2>Casinos de slots online de qualidade<\/h2>\n<p>Quando se trata de casinos online, as slots ocupam geralmente o primeiro lugar em termos de variedade, n\u00famero de jogadores e jackpots. Claro que \u00e9 muito f\u00e1cil perceber porque \u00e9 que os jogos de slots online s\u00e3o t\u00e3o populares, e com apenas uma volta dos s\u00edmbolos, cada jogador tem o potencial de ganhar grandes pr\u00e9mios, at\u00e9 mesmo milh\u00f5es de d\u00f3lares. Na verdade, os slots s\u00e3o t\u00e3o populares online que alguns casinos online oferecem b\u00f3nus especiais apenas para estes jogos, uma vez que os jogadores se registam apenas para jogar v\u00e1rios slots e n\u00e3o est\u00e3o interessados \u200b\u200bem mais nada. Como a melhor estrat\u00e9gia nas slots online \u00e9 jogar mais, estes b\u00f3nus tornam-se muito \u00fateis.<\/p>\n<h2>Fornecedores de Software para Jogos de Casino<\/h2>\n<p><img loading=\"lazy\" decoding=\"async\" class=\"size-full wp-image-400 alignright\" src=\"https:\/\/gambling6.com\/wp-content\/uploads\/2013\/12\/mobile-gambling-150x150.jpg\" alt=\"m\u00e1quina ca\u00e7a-n\u00edqueis onlinee\" width=\"150\" height=\"150\" \/>Todo o casino online \u00e9 alimentado por um programador de software e existem v\u00e1rias empresas que se destacaram por fornecer alguns dos jogos de casino mais bonitos da internet. Siga o link se n\u00e3o souber qual o software de slots escolher, e ele lev\u00e1-lo-\u00e1 aos dois nomes mais populares do mercado.<\/p>\n<h2>Jogar os Melhores Jogos de Ca\u00e7a-N\u00edqueis da Internet<\/h2>\n<p>Os gr\u00e1ficos e as funcionalidades podem variar bastante consoante o software, por isso \u00e9 sempre uma boa ideia verificar v\u00e1rias op\u00e7\u00f5es e ver qual acha mais atraente. Ao conhecer o aspeto de alguns jogos de um determinado programador de software, ter\u00e1 muito mais facilidade ao procurar um novo casino online para se registar. Embora alguns sites apresentem alguns jogos exclusivos, especialmente desenvolvidos para o casino online em quest\u00e3o, todos os sites que utilizam o mesmo fornecedor de software t\u00eam praticamente os mesmos jogos. Para garantir a satisfa\u00e7\u00e3o dos seus clientes, alguns casinos online oferecem jogos de v\u00e1rios fornecedores de software, o que \u00e9 sempre um ponto positivo.<\/p>\n<h3>Jogos de Slots Online<\/h3>\n<p>Com tantos casinos online a oferecer jogos de slots de diferentes fornecedores, pode ser muito dif\u00edcil saber quais s\u00e3o realmente os melhores. Isto garantir\u00e1 uma \u00f3tima experi\u00eancia de jogo sempre. Confira esta op\u00e7\u00e3o, que \u00e9 agora considerada o casino com as melhores slots da internet, uma vez que oferece praticamente tudo. O site aqui listado pode mudar se surgir uma op\u00e7\u00e3o melhor, mas, por enquanto, o melhor site para jogar jogos de slots \u00e9 o 888 Casino. O 888 \u00e9 um dos l\u00edderes no jogo online, com uma grande sec\u00e7\u00e3o de apostas desportivas, uma sala de p\u00f3quer realista e um casino grandioso.<\/p>\n<p>O que torna o 888 Casino um excelente local para jogar nas slot machines \u00e9 a longa lista de op\u00e7\u00f5es com t\u00edtulos da Playtech, IGT, Microgaming e alguns de fabrico pr\u00f3prio. Um novo jogador levar\u00e1 v\u00e1rios dias para experimentar todos os jogos dispon\u00edveis, e os diferentes estilos garantem que nunca se aborrecer\u00e1.<br \/>\n<a href=\"https:\/\/ic.aff-handler.com\/C\/45871?sr=1064399&amp;anid=\" rel=\"nofollow\"><img loading=\"lazy\" decoding=\"async\" class=\"aligncenter\" src=\"https:\/\/ic.aff-handler.com\/I\/45871?sr=1064399&amp;anid=\" width=\"725\" height=\"93\" \/><\/a><\/p>\n<p>\u00c9 claro que um \u00f3timo casino online n\u00e3o se resume apenas aos jogos que oferece; v\u00e1rios fatores devem ser fortes para que o site como um todo seja considerado significativo. Talvez o mais importante seja a seguran\u00e7a, uma vez que as transa\u00e7\u00f5es financeiras s\u00e3o uma parte essencial do jogo online, e o casino online deve garantir que tudo est\u00e1 seguro e protegido em todas as situa\u00e7\u00f5es.<\/p>\n<p>E se reside nos EUA, a legisla\u00e7\u00e3o americana impede-o de se registar no 888 Casino. As boas alternativas para os jogadores dos EUA s\u00e3o escassas, mas podemos recomendar o BetOnline Casino para todas as suas necessidades de jogo online. Clique no banner abaixo para visitar o BetOnlineCasino &#8211; n\u00e3o se vai arrepender!<\/p>\n<p><a class=\"thirstylink\" title=\"Betonline casino en\" href=\"https:\/\/gambling6.com\/go\/betonline-casino-en\/\" target=\"_blank\" rel=\"nofollow noopener\"><img loading=\"lazy\" decoding=\"async\" class=\" wp-image-7875 aligncenter\" src=\"https:\/\/gambling6.com\/wp-content\/uploads\/2025\/10\/BOL_AQC_banner_468x60_FS1_casino-300x38.gif\" alt=\"BetOnline casino\" width=\"553\" height=\"70\" \/><\/a><\/p>\n<p>Por isso, \u00e9 sempre bom consultar avalia\u00e7\u00f5es e verificar quais os casinos online fidedignos e quais s\u00e3o conhecidos por problemas com os pagamentos. J\u00e1 que estamos a falar de dinheiro, os b\u00f3nus e as promo\u00e7\u00f5es tornaram-se muito importantes nos \u00faltimos anos e s\u00e3o geralmente a primeira coisa que um novo jogador verifica. \u00c9 muito comum os melhores casinos online oferecerem b\u00f3nus de boas-vindas com base no valor do dep\u00f3sito, sendo os b\u00f3nus para as slot machines os mais comuns devido \u00e0 popularidade do jogo.<\/p>\n","protected":false},"excerpt":{"rendered":"<p>Casinos de slots online de qualidade Quando se trata de casinos online, as slots ocupam geralmente o primeiro lugar em termos de variedade, n\u00famero de jogadores e jackpots. Claro que \u00e9 muito f\u00e1cil perceber porque \u00e9 que os jogos de slots online s\u00e3o t\u00e3o populares, e com apenas uma volta dos s\u00edmbolos, cada jogador tem [&hellip;]<\/p>\n","protected":false},"author":1,"featured_media":0,"parent":8322,"menu_order":47,"comment_status":"closed","ping_status":"closed","template":"","meta":{"footnotes":""},"class_list":["post-8968","page","type-page","status-publish","hentry"],"yoast_head":"<!-- This site is optimized with the Yoast SEO plugin v27.4 - https:\/\/yoast.com\/product\/yoast-seo-wordpress\/ -->\n<title>M\u00e1quinas ca\u00e7a-n\u00edqueis online de alta qualidade<\/title>\n<meta name=\"description\" content=\"Jogue os melhores slots e jogos de slot machine da internet. Encontre aqui m\u00e1quinas de jogo online de alta qualidade!\" \/>\n<meta name=\"robots\" content=\"index, follow, max-snippet:-1, max-image-preview:large, max-video-preview:-1\" \/>\n<link rel=\"canonical\" href=\"https:\/\/gambling6.com\/pt-pt\/cassino\/onde-encontrar-slots-online-de-alta-qualidade\/\" \/>\n<meta property=\"og:locale\" content=\"pt_PT\" \/>\n<meta property=\"og:type\" content=\"article\" \/>\n<meta property=\"og:title\" content=\"M\u00e1quinas ca\u00e7a-n\u00edqueis online de alta qualidade\" \/>\n<meta property=\"og:description\" content=\"Jogue os melhores slots e jogos de slot machine da internet. Encontre aqui m\u00e1quinas de jogo online de alta qualidade!\" \/>\n<meta property=\"og:url\" content=\"https:\/\/gambling6.com\/pt-pt\/cassino\/onde-encontrar-slots-online-de-alta-qualidade\/\" \/>\n<meta property=\"og:site_name\" content=\"Gambling6\" \/>\n<meta property=\"article:modified_time\" content=\"2025-11-15T09:38:53+00:00\" \/>\n<meta property=\"og:image\" content=\"https:\/\/gambling6.com\/wp-content\/uploads\/2013\/12\/mobile-gambling-150x150.jpg\" \/>\n\t<meta property=\"og:image:width\" content=\"150\" \/>\n\t<meta property=\"og:image:height\" content=\"150\" \/>\n\t<meta property=\"og:image:type\" content=\"image\/jpeg\" \/>\n<meta name=\"twitter:card\" content=\"summary_large_image\" \/>\n<meta name=\"twitter:label1\" content=\"Tempo estimado de leitura\" \/>\n\t<meta name=\"twitter:data1\" content=\"3 minutos\" \/>\n<script type=\"application\/ld+json\" class=\"yoast-schema-graph\">{\"@context\":\"https:\\\/\\\/schema.org\",\"@graph\":[{\"@type\":\"WebPage\",\"@id\":\"https:\\\/\\\/gambling6.com\\\/pt-pt\\\/cassino\\\/onde-encontrar-slots-online-de-alta-qualidade\\\/\",\"url\":\"https:\\\/\\\/gambling6.com\\\/pt-pt\\\/cassino\\\/onde-encontrar-slots-online-de-alta-qualidade\\\/\",\"name\":\"M\u00e1quinas ca\u00e7a-n\u00edqueis online de alta qualidade\",\"isPartOf\":{\"@id\":\"https:\\\/\\\/gambling6.com\\\/pt-pt\\\/#website\"},\"primaryImageOfPage\":{\"@id\":\"https:\\\/\\\/gambling6.com\\\/pt-pt\\\/cassino\\\/onde-encontrar-slots-online-de-alta-qualidade\\\/#primaryimage\"},\"image\":{\"@id\":\"https:\\\/\\\/gambling6.com\\\/pt-pt\\\/cassino\\\/onde-encontrar-slots-online-de-alta-qualidade\\\/#primaryimage\"},\"thumbnailUrl\":\"https:\\\/\\\/gambling6.com\\\/wp-content\\\/uploads\\\/2013\\\/12\\\/mobile-gambling-150x150.jpg\",\"datePublished\":\"2025-11-08T12:12:38+00:00\",\"dateModified\":\"2025-11-15T09:38:53+00:00\",\"description\":\"Jogue os melhores slots e jogos de slot machine da internet. Encontre aqui m\u00e1quinas de jogo online de alta qualidade!\",\"breadcrumb\":{\"@id\":\"https:\\\/\\\/gambling6.com\\\/pt-pt\\\/cassino\\\/onde-encontrar-slots-online-de-alta-qualidade\\\/#breadcrumb\"},\"inLanguage\":\"pt-PT\",\"potentialAction\":[{\"@type\":\"ReadAction\",\"target\":[\"https:\\\/\\\/gambling6.com\\\/pt-pt\\\/cassino\\\/onde-encontrar-slots-online-de-alta-qualidade\\\/\"]}]},{\"@type\":\"ImageObject\",\"inLanguage\":\"pt-PT\",\"@id\":\"https:\\\/\\\/gambling6.com\\\/pt-pt\\\/cassino\\\/onde-encontrar-slots-online-de-alta-qualidade\\\/#primaryimage\",\"url\":\"https:\\\/\\\/gambling6.com\\\/wp-content\\\/uploads\\\/2013\\\/12\\\/mobile-gambling-150x150.jpg\",\"contentUrl\":\"https:\\\/\\\/gambling6.com\\\/wp-content\\\/uploads\\\/2013\\\/12\\\/mobile-gambling-150x150.jpg\"},{\"@type\":\"BreadcrumbList\",\"@id\":\"https:\\\/\\\/gambling6.com\\\/pt-pt\\\/cassino\\\/onde-encontrar-slots-online-de-alta-qualidade\\\/#breadcrumb\",\"itemListElement\":[{\"@type\":\"ListItem\",\"position\":1,\"name\":\"Home\",\"item\":\"https:\\\/\\\/gambling6.com\\\/pt-pt\\\/home\\\/\"},{\"@type\":\"ListItem\",\"position\":2,\"name\":\"Cassino\",\"item\":\"https:\\\/\\\/gambling6.com\\\/pt-pt\\\/get-started-with-online-gambling\\\/\"},{\"@type\":\"ListItem\",\"position\":3,\"name\":\"Onde encontrar slots online de alta qualidade\"}]},{\"@type\":\"WebSite\",\"@id\":\"https:\\\/\\\/gambling6.com\\\/pt-pt\\\/#website\",\"url\":\"https:\\\/\\\/gambling6.com\\\/pt-pt\\\/\",\"name\":\"Gambling6\",\"description\":\"\",\"potentialAction\":[{\"@type\":\"SearchAction\",\"target\":{\"@type\":\"EntryPoint\",\"urlTemplate\":\"https:\\\/\\\/gambling6.com\\\/pt-pt\\\/?s={search_term_string}\"},\"query-input\":{\"@type\":\"PropertyValueSpecification\",\"valueRequired\":true,\"valueName\":\"search_term_string\"}}],\"inLanguage\":\"pt-PT\"}]}<\/script>\n<!-- \/ Yoast SEO plugin. -->","yoast_head_json":{"title":"M\u00e1quinas ca\u00e7a-n\u00edqueis online de alta qualidade","description":"Jogue os melhores slots e jogos de slot machine da internet. Encontre aqui m\u00e1quinas de jogo online de alta qualidade!","robots":{"index":"index","follow":"follow","max-snippet":"max-snippet:-1","max-image-preview":"max-image-preview:large","max-video-preview":"max-video-preview:-1"},"canonical":"https:\/\/gambling6.com\/pt-pt\/cassino\/onde-encontrar-slots-online-de-alta-qualidade\/","og_locale":"pt_PT","og_type":"article","og_title":"M\u00e1quinas ca\u00e7a-n\u00edqueis online de alta qualidade","og_description":"Jogue os melhores slots e jogos de slot machine da internet. Encontre aqui m\u00e1quinas de jogo online de alta qualidade!","og_url":"https:\/\/gambling6.com\/pt-pt\/cassino\/onde-encontrar-slots-online-de-alta-qualidade\/","og_site_name":"Gambling6","article_modified_time":"2025-11-15T09:38:53+00:00","og_image":[{"width":150,"height":150,"url":"https:\/\/gambling6.com\/wp-content\/uploads\/2013\/12\/mobile-gambling-150x150.jpg","type":"image\/jpeg"}],"twitter_card":"summary_large_image","twitter_misc":{"Tempo estimado de leitura":"3 minutos"},"schema":{"@context":"https:\/\/schema.org","@graph":[{"@type":"WebPage","@id":"https:\/\/gambling6.com\/pt-pt\/cassino\/onde-encontrar-slots-online-de-alta-qualidade\/","url":"https:\/\/gambling6.com\/pt-pt\/cassino\/onde-encontrar-slots-online-de-alta-qualidade\/","name":"M\u00e1quinas ca\u00e7a-n\u00edqueis online de alta qualidade","isPartOf":{"@id":"https:\/\/gambling6.com\/pt-pt\/#website"},"primaryImageOfPage":{"@id":"https:\/\/gambling6.com\/pt-pt\/cassino\/onde-encontrar-slots-online-de-alta-qualidade\/#primaryimage"},"image":{"@id":"https:\/\/gambling6.com\/pt-pt\/cassino\/onde-encontrar-slots-online-de-alta-qualidade\/#primaryimage"},"thumbnailUrl":"https:\/\/gambling6.com\/wp-content\/uploads\/2013\/12\/mobile-gambling-150x150.jpg","datePublished":"2025-11-08T12:12:38+00:00","dateModified":"2025-11-15T09:38:53+00:00","description":"Jogue os melhores slots e jogos de slot machine da internet. Encontre aqui m\u00e1quinas de jogo online de alta qualidade!","breadcrumb":{"@id":"https:\/\/gambling6.com\/pt-pt\/cassino\/onde-encontrar-slots-online-de-alta-qualidade\/#breadcrumb"},"inLanguage":"pt-PT","potentialAction":[{"@type":"ReadAction","target":["https:\/\/gambling6.com\/pt-pt\/cassino\/onde-encontrar-slots-online-de-alta-qualidade\/"]}]},{"@type":"ImageObject","inLanguage":"pt-PT","@id":"https:\/\/gambling6.com\/pt-pt\/cassino\/onde-encontrar-slots-online-de-alta-qualidade\/#primaryimage","url":"https:\/\/gambling6.com\/wp-content\/uploads\/2013\/12\/mobile-gambling-150x150.jpg","contentUrl":"https:\/\/gambling6.com\/wp-content\/uploads\/2013\/12\/mobile-gambling-150x150.jpg"},{"@type":"BreadcrumbList","@id":"https:\/\/gambling6.com\/pt-pt\/cassino\/onde-encontrar-slots-online-de-alta-qualidade\/#breadcrumb","itemListElement":[{"@type":"ListItem","position":1,"name":"Home","item":"https:\/\/gambling6.com\/pt-pt\/home\/"},{"@type":"ListItem","position":2,"name":"Cassino","item":"https:\/\/gambling6.com\/pt-pt\/get-started-with-online-gambling\/"},{"@type":"ListItem","position":3,"name":"Onde encontrar slots online de alta qualidade"}]},{"@type":"WebSite","@id":"https:\/\/gambling6.com\/pt-pt\/#website","url":"https:\/\/gambling6.com\/pt-pt\/","name":"Gambling6","description":"","potentialAction":[{"@type":"SearchAction","target":{"@type":"EntryPoint","urlTemplate":"https:\/\/gambling6.com\/pt-pt\/?s={search_term_string}"},"query-input":{"@type":"PropertyValueSpecification","valueRequired":true,"valueName":"search_term_string"}}],"inLanguage":"pt-PT"}]}},"_links":{"self":[{"href":"https:\/\/gambling6.com\/pt-pt\/wp-json\/wp\/v2\/pages\/8968","targetHints":{"allow":["GET"]}}],"collection":[{"href":"https:\/\/gambling6.com\/pt-pt\/wp-json\/wp\/v2\/pages"}],"about":[{"href":"https:\/\/gambling6.com\/pt-pt\/wp-json\/wp\/v2\/types\/page"}],"author":[{"embeddable":true,"href":"https:\/\/gambling6.com\/pt-pt\/wp-json\/wp\/v2\/users\/1"}],"replies":[{"embeddable":true,"href":"https:\/\/gambling6.com\/pt-pt\/wp-json\/wp\/v2\/comments?post=8968"}],"version-history":[{"count":1,"href":"https:\/\/gambling6.com\/pt-pt\/wp-json\/wp\/v2\/pages\/8968\/revisions"}],"predecessor-version":[{"id":10889,"href":"https:\/\/gambling6.com\/pt-pt\/wp-json\/wp\/v2\/pages\/8968\/revisions\/10889"}],"up":[{"embeddable":true,"href":"https:\/\/gambling6.com\/pt-pt\/wp-json\/wp\/v2\/pages\/8322"}],"wp:attachment":[{"href":"https:\/\/gambling6.com\/pt-pt\/wp-json\/wp\/v2\/media?parent=8968"}],"curies":[{"name":"wp","href":"https:\/\/api.w.org\/{rel}","templated":true}]}}