{"id":9053,"date":"2025-11-08T13:51:54","date_gmt":"2025-11-08T13:51:54","guid":{"rendered":"https:\/\/gambling6.com\/cassino\/casinos-online-com-dinheiro-real-compreender-as-letras-miudas\/"},"modified":"2025-11-15T09:13:36","modified_gmt":"2025-11-15T09:13:36","slug":"casinos-online-com-dinheiro-real-compreender-as-letras-miudas","status":"publish","type":"page","link":"https:\/\/gambling6.com\/pt-pt\/cassino\/casinos-online-com-dinheiro-real-compreender-as-letras-miudas\/","title":{"rendered":"Casinos online com dinheiro real: compreender as letras mi\u00fadas."},"content":{"rendered":"<h2>Verifica\u00e7\u00e3o dos Termos e Condi\u00e7\u00f5es dos Casinos Online<\/h2>\n<p><img loading=\"lazy\" decoding=\"async\" class=\"alignright size-full wp-image-62 alignleft size-full wp-image-64\" style=\"margin: 5px; float: left;\" title=\"letras finas do casino\" src=\"http:\/\/gambling6.com\/wp-content\/uploads\/2013\/12\/casino-fine-print.jpg\" alt=\"termos e condi\u00e7\u00f5es das letras finas do casino\" width=\"168\" height=\"147\" \/><span style=\"box-sizing: border-box; margin: 0px; padding: 0px;\">Ao registar-se num casino online com dinheiro real, precisa de aceitar o contrato de utilizador, que cont\u00e9m os termos e condi\u00e7\u00f5es do casino que deve seguir. Algumas destas condi\u00e7\u00f5es referem-se aos processos banc\u00e1rios do casino, enquanto outras podem referir-se a apostas, jogos e b\u00f3nus.<\/p>\n<p>\u00c9 essencial compreender e entender completamente o impacto destes termos e condi\u00e7\u00f5es antes de os aceitar. A transfer\u00eancia de fundos para e do casino \u00e9 talvez a fun\u00e7\u00e3o mais cr\u00edtica que afeta o jogador. Portanto, \u00e9 fundamental estar ciente do que est\u00e1 exatamente a aceitar ao concordar com os termos do casino. Neste artigo, o nosso objetivo \u00e9 simplificar a linguagem jur\u00eddica para explicar o que estas condi\u00e7\u00f5es implicam. O jogador deve aceitar certas obriga\u00e7\u00f5es ao aceitar o contrato de utilizador. Deve tamb\u00e9m fornecer certas garantias.<\/p>\n<p>De um modo geral, pode dizer-se que alguns casinos online incluem cl\u00e1usulas nas suas letras miudinhas que podem ter consequ\u00eancias muito negativas para os jogadores. Contam com o facto de que ningu\u00e9m leria todas as letras miudinhas. Consequentemente, sugerimos que opte por casinos regulamentados, com boa reputa\u00e7\u00e3o e, portanto, com termos e condi\u00e7\u00f5es justos.<\/p>\n<p>O BetOnline Casino \u00e9 um desses casinos. As suas letras mi\u00fadas n\u00e3o cont\u00eam surpresas. Refletem que, devido \u00e0s recentes regulamenta\u00e7\u00f5es dos EUA, o processo de dep\u00f3sito e levantamento j\u00e1 n\u00e3o \u00e9 t\u00e3o simples como costumava ser. Mas, dadas as circunst\u00e2ncias, os seus termos continuam a ser justos.<\/p>\n<p><a class=\"thirstylink\" title=\"Betonline casino en\" href=\"https:\/\/gambling6.com\/go\/betonline-casino-en\/\" target=\"_blank\" rel=\"nofollow noopener\"><img loading=\"lazy\" decoding=\"async\" class=\" wp-image-7875 aligncenter\" src=\"https:\/\/gambling6.com\/wp-content\/uploads\/2025\/10\/BOL_AQC_banner_468x60_FS1_casino-300x38.gif\" alt=\"Casino BetOnline\" width=\"498\" height=\"63\" \/><\/a><\/p>\n<h2>O que as letras miudinhas do casino normalmente exigem que o jogador fa\u00e7a<\/h2>\n<p>O casino espera tamb\u00e9m a confirma\u00e7\u00e3o do jogador de que \u00e9 o propriet\u00e1rio legal dos fundos utilizados para apostas. Por outras palavras, n\u00e3o pode utilizar um cart\u00e3o de cr\u00e9dito que n\u00e3o lhe perten\u00e7a para financiar a sua conta. Al\u00e9m disso, o seu cart\u00e3o de cr\u00e9dito ser\u00e1 verificado antes que qualquer levantamento possa ser feito. Da mesma forma, n\u00e3o pode utilizar qualquer outra op\u00e7\u00e3o de pagamento que n\u00e3o esteja em seu nome.<\/p>\n<p>As viola\u00e7\u00f5es do contrato, sejam relacionadas com processos banc\u00e1rios ou apostas, afetar\u00e3o em primeiro lugar a conta do jogador. Se a conta for suspensa, o casino pode reter os fundos contestados; na maioria dos casos, reter\u00e1 todos os fundos, incluindo b\u00f3nus, dep\u00f3sitos e reembolsos, sem distin\u00e7\u00e3o. Isto est\u00e1 de acordo com os termos que aceitou.<\/p>\n<p>Se o jogador tiver d\u00edvidas ao casino, este poder\u00e1 fazer tudo o que for poss\u00edvel para recuperar o valor, incluindo a contrata\u00e7\u00e3o de ag\u00eancias de cobran\u00e7a. Alguns casinos online t\u00eam pol\u00edticas rigorosas em rela\u00e7\u00e3o a contas inativas. Um amigo meu aprendeu isso da pior maneira. Registou-se num casino online e jogou l\u00e1 por um tempo, ganhando uma boa quantia. Mudou-se para outro casino, planeando regressar ao primeiro depois de um curto per\u00edodo. Quando verificou a sua conta da pr\u00f3xima vez, n\u00e3o encontrou saldo. Ao contactar o servi\u00e7o de apoio ao cliente, foi informado de que o seu dinheiro tinha sido perdido porque n\u00e3o jogava no casino h\u00e1 mais de 6 meses. Isto, claro, \u00e9 um pouco invulgar, e mesmo que lhe acontecesse, poderia resolver o problema com um breve e-mail para o servi\u00e7o de apoio ao cliente.<\/p>\n<h2>Cuidados importantes<\/h2>\n<p>Ainda assim, se decidir parar de jogar no seu casino online, certifique-se de que levanta todos os fundos da sua conta, por mais curta que seja a pausa. Verifique se ser\u00e1 deduzida alguma taxa para levantamentos. Se houver uma taxa fixa para levantamentos, talvez seja melhor levantar todos os seus fundos de uma s\u00f3 vez, em vez de fazer v\u00e1rios levantamentos. N\u00e3o levante se planeia depositar novamente em breve \u2014 perder\u00e1 dinheiro se o fizer. <strong>Compare as diferentes op\u00e7\u00f5es de processamento de dinheiro dispon\u00edveis \u2014 algumas t\u00eam taxas mais baixas, outras t\u00eam taxas mais elevadas!<\/strong><\/p>\n<p>Existem outros termos e condi\u00e7\u00f5es relacionados com os b\u00f3nus e ofertas promocionais de casino. Geralmente, s\u00e3o condi\u00e7\u00f5es de elegibilidade e requisitos de apostas necess\u00e1rios para libertar o b\u00f3nus do casino. \u00c9 uma boa pr\u00e1tica ler e compreender estes requisitos antes de aceitar ofertas de b\u00f3nus de casino. Da mesma forma, antes de se registarem em qualquer casino online, os jogadores devem ler os termos e condi\u00e7\u00f5es e compreender as letras mi\u00fadas e as perguntas frequentes sobre casinos com dinheiro real para evitar problemas desnecess\u00e1rios mais tarde. Normalmente, os casinos online t\u00eam uma p\u00e1gina inteira dedicada aos termos de utiliza\u00e7\u00e3o, e voc\u00eaA sua primeira tarefa deve ser l\u00ea-los atentamente antes de decidir registar-se no casino.<\/p>\n","protected":false},"excerpt":{"rendered":"<p>Verifica\u00e7\u00e3o dos Termos e Condi\u00e7\u00f5es dos Casinos Online Ao registar-se num casino online com dinheiro real, precisa de aceitar o contrato de utilizador, que cont\u00e9m os termos e condi\u00e7\u00f5es do casino que deve seguir. Algumas destas condi\u00e7\u00f5es referem-se aos processos banc\u00e1rios do casino, enquanto outras podem referir-se a apostas, jogos e b\u00f3nus. \u00c9 essencial compreender [&hellip;]<\/p>\n","protected":false},"author":1,"featured_media":4276,"parent":8322,"menu_order":68,"comment_status":"closed","ping_status":"closed","template":"","meta":{"footnotes":""},"class_list":["post-9053","page","type-page","status-publish","has-post-thumbnail","hentry"],"yoast_head":"<!-- This site is optimized with the Yoast SEO plugin v27.4 - https:\/\/yoast.com\/product\/yoast-seo-wordpress\/ -->\n<title>O que deve observar nos termos e condi\u00e7\u00f5es do casino.<\/title>\n<meta name=\"description\" content=\"Termos e Condi\u00e7\u00f5es dos casinos online em letras miudinhas - o que esperar e o que n\u00e3o esperar.\" \/>\n<meta name=\"robots\" content=\"index, follow, max-snippet:-1, max-image-preview:large, max-video-preview:-1\" \/>\n<link rel=\"canonical\" href=\"https:\/\/gambling6.com\/pt-pt\/cassino\/casinos-online-com-dinheiro-real-compreender-as-letras-miudas\/\" \/>\n<meta property=\"og:locale\" content=\"pt_PT\" \/>\n<meta property=\"og:type\" content=\"article\" \/>\n<meta property=\"og:title\" content=\"O que deve observar nos termos e condi\u00e7\u00f5es do casino.\" \/>\n<meta property=\"og:description\" content=\"Termos e Condi\u00e7\u00f5es dos casinos online em letras miudinhas - o que esperar e o que n\u00e3o esperar.\" \/>\n<meta property=\"og:url\" content=\"https:\/\/gambling6.com\/pt-pt\/cassino\/casinos-online-com-dinheiro-real-compreender-as-letras-miudas\/\" \/>\n<meta property=\"og:site_name\" content=\"Gambling6\" \/>\n<meta property=\"article:modified_time\" content=\"2025-11-15T09:13:36+00:00\" \/>\n<meta property=\"og:image\" content=\"https:\/\/gambling6.com\/wp-content\/uploads\/2013\/12\/casino-fine-print.jpg\" \/>\n\t<meta property=\"og:image:width\" content=\"200\" \/>\n\t<meta property=\"og:image:height\" content=\"175\" \/>\n\t<meta property=\"og:image:type\" content=\"image\/jpeg\" \/>\n<meta name=\"twitter:card\" content=\"summary_large_image\" \/>\n<meta name=\"twitter:label1\" content=\"Tempo estimado de leitura\" \/>\n\t<meta name=\"twitter:data1\" content=\"4 minutos\" \/>\n<script type=\"application\/ld+json\" class=\"yoast-schema-graph\">{\"@context\":\"https:\\\/\\\/schema.org\",\"@graph\":[{\"@type\":\"WebPage\",\"@id\":\"https:\\\/\\\/gambling6.com\\\/pt-pt\\\/cassino\\\/casinos-online-com-dinheiro-real-compreender-as-letras-miudas\\\/\",\"url\":\"https:\\\/\\\/gambling6.com\\\/pt-pt\\\/cassino\\\/casinos-online-com-dinheiro-real-compreender-as-letras-miudas\\\/\",\"name\":\"O que deve observar nos termos e condi\u00e7\u00f5es do casino.\",\"isPartOf\":{\"@id\":\"https:\\\/\\\/gambling6.com\\\/pt-pt\\\/#website\"},\"primaryImageOfPage\":{\"@id\":\"https:\\\/\\\/gambling6.com\\\/pt-pt\\\/cassino\\\/casinos-online-com-dinheiro-real-compreender-as-letras-miudas\\\/#primaryimage\"},\"image\":{\"@id\":\"https:\\\/\\\/gambling6.com\\\/pt-pt\\\/cassino\\\/casinos-online-com-dinheiro-real-compreender-as-letras-miudas\\\/#primaryimage\"},\"thumbnailUrl\":\"https:\\\/\\\/gambling6.com\\\/wp-content\\\/uploads\\\/2013\\\/12\\\/casino-fine-print.jpg\",\"datePublished\":\"2025-11-08T13:51:54+00:00\",\"dateModified\":\"2025-11-15T09:13:36+00:00\",\"description\":\"Termos e Condi\u00e7\u00f5es dos casinos online em letras miudinhas - o que esperar e o que n\u00e3o esperar.\",\"breadcrumb\":{\"@id\":\"https:\\\/\\\/gambling6.com\\\/pt-pt\\\/cassino\\\/casinos-online-com-dinheiro-real-compreender-as-letras-miudas\\\/#breadcrumb\"},\"inLanguage\":\"pt-PT\",\"potentialAction\":[{\"@type\":\"ReadAction\",\"target\":[\"https:\\\/\\\/gambling6.com\\\/pt-pt\\\/cassino\\\/casinos-online-com-dinheiro-real-compreender-as-letras-miudas\\\/\"]}]},{\"@type\":\"ImageObject\",\"inLanguage\":\"pt-PT\",\"@id\":\"https:\\\/\\\/gambling6.com\\\/pt-pt\\\/cassino\\\/casinos-online-com-dinheiro-real-compreender-as-letras-miudas\\\/#primaryimage\",\"url\":\"https:\\\/\\\/gambling6.com\\\/wp-content\\\/uploads\\\/2013\\\/12\\\/casino-fine-print.jpg\",\"contentUrl\":\"https:\\\/\\\/gambling6.com\\\/wp-content\\\/uploads\\\/2013\\\/12\\\/casino-fine-print.jpg\",\"width\":200,\"height\":175,\"caption\":\"casino fine print\"},{\"@type\":\"BreadcrumbList\",\"@id\":\"https:\\\/\\\/gambling6.com\\\/pt-pt\\\/cassino\\\/casinos-online-com-dinheiro-real-compreender-as-letras-miudas\\\/#breadcrumb\",\"itemListElement\":[{\"@type\":\"ListItem\",\"position\":1,\"name\":\"Home\",\"item\":\"https:\\\/\\\/gambling6.com\\\/pt-pt\\\/home\\\/\"},{\"@type\":\"ListItem\",\"position\":2,\"name\":\"Cassino\",\"item\":\"https:\\\/\\\/gambling6.com\\\/pt-pt\\\/get-started-with-online-gambling\\\/\"},{\"@type\":\"ListItem\",\"position\":3,\"name\":\"Casinos online com dinheiro real: compreender as letras mi\u00fadas.\"}]},{\"@type\":\"WebSite\",\"@id\":\"https:\\\/\\\/gambling6.com\\\/pt-pt\\\/#website\",\"url\":\"https:\\\/\\\/gambling6.com\\\/pt-pt\\\/\",\"name\":\"Gambling6\",\"description\":\"\",\"potentialAction\":[{\"@type\":\"SearchAction\",\"target\":{\"@type\":\"EntryPoint\",\"urlTemplate\":\"https:\\\/\\\/gambling6.com\\\/pt-pt\\\/?s={search_term_string}\"},\"query-input\":{\"@type\":\"PropertyValueSpecification\",\"valueRequired\":true,\"valueName\":\"search_term_string\"}}],\"inLanguage\":\"pt-PT\"}]}<\/script>\n<!-- \/ Yoast SEO plugin. -->","yoast_head_json":{"title":"O que deve observar nos termos e condi\u00e7\u00f5es do casino.","description":"Termos e Condi\u00e7\u00f5es dos casinos online em letras miudinhas - o que esperar e o que n\u00e3o esperar.","robots":{"index":"index","follow":"follow","max-snippet":"max-snippet:-1","max-image-preview":"max-image-preview:large","max-video-preview":"max-video-preview:-1"},"canonical":"https:\/\/gambling6.com\/pt-pt\/cassino\/casinos-online-com-dinheiro-real-compreender-as-letras-miudas\/","og_locale":"pt_PT","og_type":"article","og_title":"O que deve observar nos termos e condi\u00e7\u00f5es do casino.","og_description":"Termos e Condi\u00e7\u00f5es dos casinos online em letras miudinhas - o que esperar e o que n\u00e3o esperar.","og_url":"https:\/\/gambling6.com\/pt-pt\/cassino\/casinos-online-com-dinheiro-real-compreender-as-letras-miudas\/","og_site_name":"Gambling6","article_modified_time":"2025-11-15T09:13:36+00:00","og_image":[{"width":200,"height":175,"url":"https:\/\/gambling6.com\/wp-content\/uploads\/2013\/12\/casino-fine-print.jpg","type":"image\/jpeg"}],"twitter_card":"summary_large_image","twitter_misc":{"Tempo estimado de leitura":"4 minutos"},"schema":{"@context":"https:\/\/schema.org","@graph":[{"@type":"WebPage","@id":"https:\/\/gambling6.com\/pt-pt\/cassino\/casinos-online-com-dinheiro-real-compreender-as-letras-miudas\/","url":"https:\/\/gambling6.com\/pt-pt\/cassino\/casinos-online-com-dinheiro-real-compreender-as-letras-miudas\/","name":"O que deve observar nos termos e condi\u00e7\u00f5es do casino.","isPartOf":{"@id":"https:\/\/gambling6.com\/pt-pt\/#website"},"primaryImageOfPage":{"@id":"https:\/\/gambling6.com\/pt-pt\/cassino\/casinos-online-com-dinheiro-real-compreender-as-letras-miudas\/#primaryimage"},"image":{"@id":"https:\/\/gambling6.com\/pt-pt\/cassino\/casinos-online-com-dinheiro-real-compreender-as-letras-miudas\/#primaryimage"},"thumbnailUrl":"https:\/\/gambling6.com\/wp-content\/uploads\/2013\/12\/casino-fine-print.jpg","datePublished":"2025-11-08T13:51:54+00:00","dateModified":"2025-11-15T09:13:36+00:00","description":"Termos e Condi\u00e7\u00f5es dos casinos online em letras miudinhas - o que esperar e o que n\u00e3o esperar.","breadcrumb":{"@id":"https:\/\/gambling6.com\/pt-pt\/cassino\/casinos-online-com-dinheiro-real-compreender-as-letras-miudas\/#breadcrumb"},"inLanguage":"pt-PT","potentialAction":[{"@type":"ReadAction","target":["https:\/\/gambling6.com\/pt-pt\/cassino\/casinos-online-com-dinheiro-real-compreender-as-letras-miudas\/"]}]},{"@type":"ImageObject","inLanguage":"pt-PT","@id":"https:\/\/gambling6.com\/pt-pt\/cassino\/casinos-online-com-dinheiro-real-compreender-as-letras-miudas\/#primaryimage","url":"https:\/\/gambling6.com\/wp-content\/uploads\/2013\/12\/casino-fine-print.jpg","contentUrl":"https:\/\/gambling6.com\/wp-content\/uploads\/2013\/12\/casino-fine-print.jpg","width":200,"height":175,"caption":"casino fine print"},{"@type":"BreadcrumbList","@id":"https:\/\/gambling6.com\/pt-pt\/cassino\/casinos-online-com-dinheiro-real-compreender-as-letras-miudas\/#breadcrumb","itemListElement":[{"@type":"ListItem","position":1,"name":"Home","item":"https:\/\/gambling6.com\/pt-pt\/home\/"},{"@type":"ListItem","position":2,"name":"Cassino","item":"https:\/\/gambling6.com\/pt-pt\/get-started-with-online-gambling\/"},{"@type":"ListItem","position":3,"name":"Casinos online com dinheiro real: compreender as letras mi\u00fadas."}]},{"@type":"WebSite","@id":"https:\/\/gambling6.com\/pt-pt\/#website","url":"https:\/\/gambling6.com\/pt-pt\/","name":"Gambling6","description":"","potentialAction":[{"@type":"SearchAction","target":{"@type":"EntryPoint","urlTemplate":"https:\/\/gambling6.com\/pt-pt\/?s={search_term_string}"},"query-input":{"@type":"PropertyValueSpecification","valueRequired":true,"valueName":"search_term_string"}}],"inLanguage":"pt-PT"}]}},"_links":{"self":[{"href":"https:\/\/gambling6.com\/pt-pt\/wp-json\/wp\/v2\/pages\/9053","targetHints":{"allow":["GET"]}}],"collection":[{"href":"https:\/\/gambling6.com\/pt-pt\/wp-json\/wp\/v2\/pages"}],"about":[{"href":"https:\/\/gambling6.com\/pt-pt\/wp-json\/wp\/v2\/types\/page"}],"author":[{"embeddable":true,"href":"https:\/\/gambling6.com\/pt-pt\/wp-json\/wp\/v2\/users\/1"}],"replies":[{"embeddable":true,"href":"https:\/\/gambling6.com\/pt-pt\/wp-json\/wp\/v2\/comments?post=9053"}],"version-history":[{"count":1,"href":"https:\/\/gambling6.com\/pt-pt\/wp-json\/wp\/v2\/pages\/9053\/revisions"}],"predecessor-version":[{"id":10864,"href":"https:\/\/gambling6.com\/pt-pt\/wp-json\/wp\/v2\/pages\/9053\/revisions\/10864"}],"up":[{"embeddable":true,"href":"https:\/\/gambling6.com\/pt-pt\/wp-json\/wp\/v2\/pages\/8322"}],"wp:featuredmedia":[{"embeddable":true,"href":"https:\/\/gambling6.com\/pt-pt\/wp-json\/wp\/v2\/media\/4276"}],"wp:attachment":[{"href":"https:\/\/gambling6.com\/pt-pt\/wp-json\/wp\/v2\/media?parent=9053"}],"curies":[{"name":"wp","href":"https:\/\/api.w.org\/{rel}","templated":true}]}}