{"id":9112,"date":"2025-11-10T09:28:19","date_gmt":"2025-11-10T09:28:19","guid":{"rendered":"https:\/\/gambling6.com\/dicas-de-apostas-desportivas-o-seu-guia-para-apostas-online\/"},"modified":"2025-11-12T17:45:54","modified_gmt":"2025-11-12T17:45:54","slug":"dicas-de-apostas-desportivas-o-seu-guia-para-apostas-online","status":"publish","type":"page","link":"https:\/\/gambling6.com\/pt-pt\/apostas-desportivas\/dicas-de-apostas-desportivas-o-seu-guia-para-apostas-online\/","title":{"rendered":"Dicas de apostas desportivas &#8211; O seu guia para apostas online"},"content":{"rendered":"<h2>Um guia completo para o mundo das apostas online!<\/h2>\n<p>Desde os prim\u00f3rdios da humanidade que o jogo faz parte da nossa natureza. Com o aparecimento da internet, foi natural que surgissem os sites de jogo. E, uma vez surgidos, obtiveram um enorme sucesso, tornando o jogo online numa das atividades mais populares do mundo.<\/p>\n<p>Suponha que quer come\u00e7ar a jogar um jogo de azar online. Nesse caso, saiba que criar uma conta em qualquer um dos principais sites de jogo online demora apenas alguns minutos, ap\u00f3s os quais estar\u00e1 livre para jogar o que quiser, desde jogos de casino online a p\u00f3quer online, ou mesmo apostar em desporto ou em sites financeiros.<\/p>\n<p><img loading=\"lazy\" decoding=\"async\" class=\"size-medium wp-image-3057 alignright\" src=\"https:\/\/gambling6.com\/wp-content\/uploads\/2022\/04\/soccermoney-300x200.jpg\" alt=\"guia de apostas online\" width=\"300\" height=\"200\" srcset=\"https:\/\/gambling6.com\/wp-content\/uploads\/2022\/04\/soccermoney-300x200.jpg 300w, https:\/\/gambling6.com\/wp-content\/uploads\/2022\/04\/soccermoney.jpg 424w\" sizes=\"auto, (max-width: 300px) 100vw, 300px\" \/>Por falar em apostas online, deve saber que, se quiser registar-se num site de jogos de azar online que n\u00e3o exija que aprenda a jogar um jogo novo (como acontece com qualquer coisa, desde o p\u00f3quer online aos jogos de casino online), as apostas online s\u00e3o a solu\u00e7\u00e3o perfeita. J\u00e1 conhece as regras \u2013 tudo o que tem de fazer \u00e9 acertar no resultado de um jogo de um desporto profissional, e est\u00e1 feito. Se acertar, ganha. Se errar, pode tentar novamente.<\/p>\n<p>Digamos que ainda n\u00e3o descobriu as apostas online. Seria imprudente come\u00e7ar a jogar sem saber nada sobre o setor, os desportos ou mesmo os sites de jogo online nos quais se quer registar. \u00c9 por isso que existem sites cujo \u00fanico prop\u00f3sito \u00e9 aproxim\u00e1-lo das suas atividades de jogo online favoritas, oferecendo o m\u00e1ximo de informa\u00e7\u00e3o poss\u00edvel.<\/p>\n<p>O <strong>BetOnline<\/strong> \u00e9 um dos melhores sites de apostas online do mundo. Desde apostas em corridas de cavalos a apostas desportivas e financeiras, todas s\u00e3o apresentadas em detalhe aqui, e pode aprender tudo o que um principiante precisa de saber dedicando apenas alguns minutos \u00e0 sec\u00e7\u00e3o do seu interesse.<\/p>\n<p><a class=\"thirstylink\" title=\"Betonline sports en\" href=\"https:\/\/gambling6.com\/go\/betonline-sports-en\/\" target=\"_blank\" rel=\"nofollow noopener\">Junte-se aos milh\u00f5es de f\u00e3s de apostas desportivas de todo o mundo na Betonline, a nossa casa de apostas favorita, clicando neste link.<\/a><\/p>\n<p>Por exemplo, se quiser come\u00e7ar a apostar em corridas, consulte a sec\u00e7\u00e3o Apostas em Corridas, que oferece tudo o que precisa de saber sobre corridas online &#8211; desde corridas de c\u00e3es \u00e0s tradicionais corridas de cavalos, ou at\u00e9 mesmo desportos mais recentes como a NASCAR ou a F\u00f3rmula 1. A BetOnline oferece tudo o que precisa de saber sobre cada um destes desportos.<\/p>\n<p>Em s\u00edntese, se quer come\u00e7ar a apostar em desporto, deve experimentar a BetOnline, um dos melhores sites de apostas online que existem. V\u00e3o ajud\u00e1-lo a sair do completo desconhecimento sobre este setor e a ganhar muito dinheiro com ele!<\/p>\n","protected":false},"excerpt":{"rendered":"<p>Um guia completo para o mundo das apostas online! Desde os prim\u00f3rdios da humanidade que o jogo faz parte da nossa natureza. Com o aparecimento da internet, foi natural que surgissem os sites de jogo. E, uma vez surgidos, obtiveram um enorme sucesso, tornando o jogo online numa das atividades mais populares do mundo. Suponha [&hellip;]<\/p>\n","protected":false},"author":1,"featured_media":0,"parent":9239,"menu_order":14,"comment_status":"closed","ping_status":"closed","template":"","meta":{"footnotes":""},"class_list":["post-9112","page","type-page","status-publish","hentry"],"yoast_head":"<!-- This site is optimized with the Yoast SEO plugin v27.4 - https:\/\/yoast.com\/product\/yoast-seo-wordpress\/ -->\n<title>Guia e dicas para apostas desportivas online<\/title>\n<meta name=\"description\" content=\"Comece hoje mesmo a apostar online. Visite a BetOnline para uma vasta gama de op\u00e7\u00f5es de apostas, bem como p\u00f3quer online e casino, tudo num s\u00f3 site.\" \/>\n<meta name=\"robots\" content=\"index, follow, max-snippet:-1, max-image-preview:large, max-video-preview:-1\" \/>\n<link rel=\"canonical\" href=\"https:\/\/gambling6.com\/pt-pt\/apostas-desportivas\/dicas-de-apostas-desportivas-o-seu-guia-para-apostas-online\/\" \/>\n<meta property=\"og:locale\" content=\"pt_PT\" \/>\n<meta property=\"og:type\" content=\"article\" \/>\n<meta property=\"og:title\" content=\"Guia e dicas para apostas desportivas online\" \/>\n<meta property=\"og:description\" content=\"Comece hoje mesmo a apostar online. Visite a BetOnline para uma vasta gama de op\u00e7\u00f5es de apostas, bem como p\u00f3quer online e casino, tudo num s\u00f3 site.\" \/>\n<meta property=\"og:url\" content=\"https:\/\/gambling6.com\/pt-pt\/apostas-desportivas\/dicas-de-apostas-desportivas-o-seu-guia-para-apostas-online\/\" \/>\n<meta property=\"og:site_name\" content=\"Gambling6\" \/>\n<meta property=\"article:modified_time\" content=\"2025-11-12T17:45:54+00:00\" \/>\n<meta property=\"og:image\" content=\"https:\/\/gambling6.com\/wp-content\/uploads\/2022\/04\/soccermoney.jpg\" \/>\n\t<meta property=\"og:image:width\" content=\"424\" \/>\n\t<meta property=\"og:image:height\" content=\"283\" \/>\n\t<meta property=\"og:image:type\" content=\"image\/jpeg\" \/>\n<meta name=\"twitter:card\" content=\"summary_large_image\" \/>\n<meta name=\"twitter:label1\" content=\"Tempo estimado de leitura\" \/>\n\t<meta name=\"twitter:data1\" content=\"2 minutos\" \/>\n<script type=\"application\/ld+json\" class=\"yoast-schema-graph\">{\"@context\":\"https:\\\/\\\/schema.org\",\"@graph\":[{\"@type\":\"WebPage\",\"@id\":\"https:\\\/\\\/gambling6.com\\\/pt-pt\\\/apostas-desportivas\\\/dicas-de-apostas-desportivas-o-seu-guia-para-apostas-online\\\/\",\"url\":\"https:\\\/\\\/gambling6.com\\\/pt-pt\\\/apostas-desportivas\\\/dicas-de-apostas-desportivas-o-seu-guia-para-apostas-online\\\/\",\"name\":\"Guia e dicas para apostas desportivas online\",\"isPartOf\":{\"@id\":\"https:\\\/\\\/gambling6.com\\\/pt-pt\\\/#website\"},\"primaryImageOfPage\":{\"@id\":\"https:\\\/\\\/gambling6.com\\\/pt-pt\\\/apostas-desportivas\\\/dicas-de-apostas-desportivas-o-seu-guia-para-apostas-online\\\/#primaryimage\"},\"image\":{\"@id\":\"https:\\\/\\\/gambling6.com\\\/pt-pt\\\/apostas-desportivas\\\/dicas-de-apostas-desportivas-o-seu-guia-para-apostas-online\\\/#primaryimage\"},\"thumbnailUrl\":\"https:\\\/\\\/gambling6.com\\\/wp-content\\\/uploads\\\/2022\\\/04\\\/soccermoney-300x200.jpg\",\"datePublished\":\"2025-11-10T09:28:19+00:00\",\"dateModified\":\"2025-11-12T17:45:54+00:00\",\"description\":\"Comece hoje mesmo a apostar online. Visite a BetOnline para uma vasta gama de op\u00e7\u00f5es de apostas, bem como p\u00f3quer online e casino, tudo num s\u00f3 site.\",\"breadcrumb\":{\"@id\":\"https:\\\/\\\/gambling6.com\\\/pt-pt\\\/apostas-desportivas\\\/dicas-de-apostas-desportivas-o-seu-guia-para-apostas-online\\\/#breadcrumb\"},\"inLanguage\":\"pt-PT\",\"potentialAction\":[{\"@type\":\"ReadAction\",\"target\":[\"https:\\\/\\\/gambling6.com\\\/pt-pt\\\/apostas-desportivas\\\/dicas-de-apostas-desportivas-o-seu-guia-para-apostas-online\\\/\"]}]},{\"@type\":\"ImageObject\",\"inLanguage\":\"pt-PT\",\"@id\":\"https:\\\/\\\/gambling6.com\\\/pt-pt\\\/apostas-desportivas\\\/dicas-de-apostas-desportivas-o-seu-guia-para-apostas-online\\\/#primaryimage\",\"url\":\"https:\\\/\\\/gambling6.com\\\/wp-content\\\/uploads\\\/2022\\\/04\\\/soccermoney-300x200.jpg\",\"contentUrl\":\"https:\\\/\\\/gambling6.com\\\/wp-content\\\/uploads\\\/2022\\\/04\\\/soccermoney-300x200.jpg\"},{\"@type\":\"BreadcrumbList\",\"@id\":\"https:\\\/\\\/gambling6.com\\\/pt-pt\\\/apostas-desportivas\\\/dicas-de-apostas-desportivas-o-seu-guia-para-apostas-online\\\/#breadcrumb\",\"itemListElement\":[{\"@type\":\"ListItem\",\"position\":1,\"name\":\"Home\",\"item\":\"https:\\\/\\\/gambling6.com\\\/pt-pt\\\/home\\\/\"},{\"@type\":\"ListItem\",\"position\":2,\"name\":\"Apostas desportivas\",\"item\":\"https:\\\/\\\/gambling6.com\\\/pt-pt\\\/introduction-to-online-sportsbetting\\\/\"},{\"@type\":\"ListItem\",\"position\":3,\"name\":\"Dicas de apostas desportivas &#8211; O seu guia para apostas online\"}]},{\"@type\":\"WebSite\",\"@id\":\"https:\\\/\\\/gambling6.com\\\/pt-pt\\\/#website\",\"url\":\"https:\\\/\\\/gambling6.com\\\/pt-pt\\\/\",\"name\":\"Gambling6\",\"description\":\"\",\"potentialAction\":[{\"@type\":\"SearchAction\",\"target\":{\"@type\":\"EntryPoint\",\"urlTemplate\":\"https:\\\/\\\/gambling6.com\\\/pt-pt\\\/?s={search_term_string}\"},\"query-input\":{\"@type\":\"PropertyValueSpecification\",\"valueRequired\":true,\"valueName\":\"search_term_string\"}}],\"inLanguage\":\"pt-PT\"}]}<\/script>\n<!-- \/ Yoast SEO plugin. -->","yoast_head_json":{"title":"Guia e dicas para apostas desportivas online","description":"Comece hoje mesmo a apostar online. Visite a BetOnline para uma vasta gama de op\u00e7\u00f5es de apostas, bem como p\u00f3quer online e casino, tudo num s\u00f3 site.","robots":{"index":"index","follow":"follow","max-snippet":"max-snippet:-1","max-image-preview":"max-image-preview:large","max-video-preview":"max-video-preview:-1"},"canonical":"https:\/\/gambling6.com\/pt-pt\/apostas-desportivas\/dicas-de-apostas-desportivas-o-seu-guia-para-apostas-online\/","og_locale":"pt_PT","og_type":"article","og_title":"Guia e dicas para apostas desportivas online","og_description":"Comece hoje mesmo a apostar online. Visite a BetOnline para uma vasta gama de op\u00e7\u00f5es de apostas, bem como p\u00f3quer online e casino, tudo num s\u00f3 site.","og_url":"https:\/\/gambling6.com\/pt-pt\/apostas-desportivas\/dicas-de-apostas-desportivas-o-seu-guia-para-apostas-online\/","og_site_name":"Gambling6","article_modified_time":"2025-11-12T17:45:54+00:00","og_image":[{"width":424,"height":283,"url":"https:\/\/gambling6.com\/wp-content\/uploads\/2022\/04\/soccermoney.jpg","type":"image\/jpeg"}],"twitter_card":"summary_large_image","twitter_misc":{"Tempo estimado de leitura":"2 minutos"},"schema":{"@context":"https:\/\/schema.org","@graph":[{"@type":"WebPage","@id":"https:\/\/gambling6.com\/pt-pt\/apostas-desportivas\/dicas-de-apostas-desportivas-o-seu-guia-para-apostas-online\/","url":"https:\/\/gambling6.com\/pt-pt\/apostas-desportivas\/dicas-de-apostas-desportivas-o-seu-guia-para-apostas-online\/","name":"Guia e dicas para apostas desportivas online","isPartOf":{"@id":"https:\/\/gambling6.com\/pt-pt\/#website"},"primaryImageOfPage":{"@id":"https:\/\/gambling6.com\/pt-pt\/apostas-desportivas\/dicas-de-apostas-desportivas-o-seu-guia-para-apostas-online\/#primaryimage"},"image":{"@id":"https:\/\/gambling6.com\/pt-pt\/apostas-desportivas\/dicas-de-apostas-desportivas-o-seu-guia-para-apostas-online\/#primaryimage"},"thumbnailUrl":"https:\/\/gambling6.com\/wp-content\/uploads\/2022\/04\/soccermoney-300x200.jpg","datePublished":"2025-11-10T09:28:19+00:00","dateModified":"2025-11-12T17:45:54+00:00","description":"Comece hoje mesmo a apostar online. Visite a BetOnline para uma vasta gama de op\u00e7\u00f5es de apostas, bem como p\u00f3quer online e casino, tudo num s\u00f3 site.","breadcrumb":{"@id":"https:\/\/gambling6.com\/pt-pt\/apostas-desportivas\/dicas-de-apostas-desportivas-o-seu-guia-para-apostas-online\/#breadcrumb"},"inLanguage":"pt-PT","potentialAction":[{"@type":"ReadAction","target":["https:\/\/gambling6.com\/pt-pt\/apostas-desportivas\/dicas-de-apostas-desportivas-o-seu-guia-para-apostas-online\/"]}]},{"@type":"ImageObject","inLanguage":"pt-PT","@id":"https:\/\/gambling6.com\/pt-pt\/apostas-desportivas\/dicas-de-apostas-desportivas-o-seu-guia-para-apostas-online\/#primaryimage","url":"https:\/\/gambling6.com\/wp-content\/uploads\/2022\/04\/soccermoney-300x200.jpg","contentUrl":"https:\/\/gambling6.com\/wp-content\/uploads\/2022\/04\/soccermoney-300x200.jpg"},{"@type":"BreadcrumbList","@id":"https:\/\/gambling6.com\/pt-pt\/apostas-desportivas\/dicas-de-apostas-desportivas-o-seu-guia-para-apostas-online\/#breadcrumb","itemListElement":[{"@type":"ListItem","position":1,"name":"Home","item":"https:\/\/gambling6.com\/pt-pt\/home\/"},{"@type":"ListItem","position":2,"name":"Apostas desportivas","item":"https:\/\/gambling6.com\/pt-pt\/introduction-to-online-sportsbetting\/"},{"@type":"ListItem","position":3,"name":"Dicas de apostas desportivas &#8211; O seu guia para apostas online"}]},{"@type":"WebSite","@id":"https:\/\/gambling6.com\/pt-pt\/#website","url":"https:\/\/gambling6.com\/pt-pt\/","name":"Gambling6","description":"","potentialAction":[{"@type":"SearchAction","target":{"@type":"EntryPoint","urlTemplate":"https:\/\/gambling6.com\/pt-pt\/?s={search_term_string}"},"query-input":{"@type":"PropertyValueSpecification","valueRequired":true,"valueName":"search_term_string"}}],"inLanguage":"pt-PT"}]}},"_links":{"self":[{"href":"https:\/\/gambling6.com\/pt-pt\/wp-json\/wp\/v2\/pages\/9112","targetHints":{"allow":["GET"]}}],"collection":[{"href":"https:\/\/gambling6.com\/pt-pt\/wp-json\/wp\/v2\/pages"}],"about":[{"href":"https:\/\/gambling6.com\/pt-pt\/wp-json\/wp\/v2\/types\/page"}],"author":[{"embeddable":true,"href":"https:\/\/gambling6.com\/pt-pt\/wp-json\/wp\/v2\/users\/1"}],"replies":[{"embeddable":true,"href":"https:\/\/gambling6.com\/pt-pt\/wp-json\/wp\/v2\/comments?post=9112"}],"version-history":[{"count":2,"href":"https:\/\/gambling6.com\/pt-pt\/wp-json\/wp\/v2\/pages\/9112\/revisions"}],"predecessor-version":[{"id":10716,"href":"https:\/\/gambling6.com\/pt-pt\/wp-json\/wp\/v2\/pages\/9112\/revisions\/10716"}],"up":[{"embeddable":true,"href":"https:\/\/gambling6.com\/pt-pt\/wp-json\/wp\/v2\/pages\/9239"}],"wp:attachment":[{"href":"https:\/\/gambling6.com\/pt-pt\/wp-json\/wp\/v2\/media?parent=9112"}],"curies":[{"name":"wp","href":"https:\/\/api.w.org\/{rel}","templated":true}]}}