{"id":9178,"date":"2025-11-10T10:47:21","date_gmt":"2025-11-10T10:47:21","guid":{"rendered":"https:\/\/gambling6.com\/compre-bilhetes-online-para-a-lotaria-powerball\/"},"modified":"2025-11-12T10:02:56","modified_gmt":"2025-11-12T10:02:56","slug":"compre-bilhetes-online-para-a-lotaria-powerball","status":"publish","type":"page","link":"https:\/\/gambling6.com\/pt-pt\/compre-bilhetes-online-para-a-lotaria-powerball\/","title":{"rendered":"Compre bilhetes online para a lotaria Powerball"},"content":{"rendered":"<h2>Jogue online na lotaria Powerball.<\/h2>\n<p>A lotaria Powerball \u00e9 conhecida mundialmente pelos seus incr\u00edveis pr\u00e9mios acumulados. Encontrar\u00e1 pr\u00e9mios que ultrapassam os 100 milh\u00f5es de d\u00f3lares com muita frequ\u00eancia. <strong>Os aumentos do pr\u00e9mio acumulado s\u00e3o exponenciais porque pode comprar bilhetes online para a lotaria Powerball.<\/strong> Jogar na Powerball online \u00e9 simples, no conforto da sua casa, com apenas um computador e uma liga\u00e7\u00e3o \u00e0 Internet.<\/p>\n<h2>Bilhetes Powerball online, f\u00e1ceis como 1-2-3<\/h2>\n<p>Para jogar na lotaria Powerball online, tem de aceder ao site do nosso parceiro <a class=\"thirstylink\" title=\"Redfoxlotto\" href=\"https:\/\/gambling6.com\/go\/redfoxlotto\/\" target=\"_blank\" rel=\"nofollow noopener\">RedFoxLotto (clique aqui para visitar) <\/a>e criar uma conta. \u00c9 f\u00e1cil abrir uma conta e pode come\u00e7ar a jogar na lotaria Powerball em poucos minutos. O pr\u00f3ximo passo \u00e9 aceder \u00e0 sec\u00e7\u00e3o de bilhetes, onde ir\u00e1 utilizar o formul\u00e1rio para escolher cinco n\u00fameros principais.<\/p>\n<p>Depois disso, escolhes um n\u00famero b\u00f3nus do Powerball. <strong>Para ganhar o pr\u00e9mio principal, precisa de acertar nos cinco n\u00fameros principais mais o Powerball com os n\u00fameros sorteados.<\/strong> N\u00e3o se preocupe, se n\u00e3o acertar nestes n\u00fameros, pode habilitar-se a ganhar um dos outros sete pr\u00e9mios.<\/p>\n<h2>Vendas de bilhetes online da Powerball disparam<\/h2>\n<p><img loading=\"lazy\" decoding=\"async\" class=\"size-medium wp-image-1533 alignright\" src=\"https:\/\/gambling6.com\/wp-content\/uploads\/2022\/04\/2_ticket_powerball_au2-1-163x300.jpg\" alt=\"bilhete da Powerball\" width=\"163\" height=\"300\" srcset=\"https:\/\/gambling6.com\/wp-content\/uploads\/2022\/04\/2_ticket_powerball_au2-1-163x300.jpg 163w, https:\/\/gambling6.com\/wp-content\/uploads\/2022\/04\/2_ticket_powerball_au2-1.jpg 250w\" sizes=\"auto, (max-width: 163px) 100vw, 163px\" \/>Nos \u00faltimos dois anos, as vendas de bilhetes da Powerball USA cresceram a um ritmo muito acelerado, duplicando ano ap\u00f3s ano durante este per\u00edodo. <strong>O tamanho dos pr\u00e9mios acumulados, juntamente com a facilidade com que se pode comprar bilhetes online, tem sido a principal for\u00e7a motriz por detr\u00e1s deste crescimento substancial.<\/strong> Se o passado servir de indicador para as vendas futuras, podemos esperar um aumento no tamanho dos pr\u00e9mios acumulados nos pr\u00f3ximos anos.<\/p>\n<h2>O jogo de lotaria mundial est\u00e1 a crescer.<\/h2>\n<p>Com exce\u00e7\u00e3o da Mega Millions, que det\u00e9m o recorde de tamanho de jackpot em lotarias, temos assistido a jackpots recorde na maioria das lotarias online no \u00faltimo ano. N\u00e3o h\u00e1 ind\u00edcios de que estes jackpots recorde diminuam t\u00e3o cedo. Na verdade, podemos esperar que os recordes sejam batidos vezes sem conta, \u00e0 medida que as pessoas acedem aos seus computadores quando as not\u00edcias sobre jackpots atingem n\u00edveis elevados.<\/p>\n<h2>Consulte os n\u00fameros vencedores da Powerball online.<\/h2>\n<p>Certifique-se, ao comprar bilhetes, de verificar os resultados utilizando uma ferramenta de base de dados online. Muitos pr\u00e9mios ficam por reclamar todos os anos porque, quando as pessoas ouvem que foram ganhos jackpots numa zona onde n\u00e3o vivem ou num estabelecimento onde n\u00e3o compraram o bilhete, descartam o bilhete e n\u00e3o verificam se ganharam noutras categorias.<\/p>\n<p>Por favor, n\u00e3o cometa o erro de deitar dinheiro para o lixo ou deix\u00e1-lo esquecido na carteira. Voc\u00ea merece todo o dinheiro que ganhou. Jogue hoje mesmo na lotaria Powerball online e poder\u00e1 ser o pr\u00f3ximo multimilion\u00e1rio do mundo.<\/p>\n<table style=\"width: 500px;\" border=\"1\" cellspacing=\"5\" cellpadding=\"5\" align=\"center\">\n<tbody>\n<tr>\n<td colspan=\"3\" align=\"center\">Os Dez Maiores Pr\u00e9mios da Lotaria de 2013<\/td>\n<\/tr>\n<tr>\n<td>Sorteio<\/td>\n<td align=\"center\">Data<\/td>\n<td align=\"center\">Pr\u00e9mio (USD)<\/td>\n<\/tr>\n<tr>\n<td>Powerball &#8211; EUA<\/td>\n<td align=\"center\">18 de Maio de 2013<\/td>\n<td align=\"right\">$ 590.500.000<\/td>\n<\/tr>\n<tr>\n<td>Powerball &#8211; EUA<\/td>\n<td align=\"center\">7 de Agosto de 2013<\/td>\n<td align=\"right\">448.400.000$<\/td>\n<\/tr>\n<tr>\n<td>Powerball &#8211; EUA<\/td>\n<td align=\"center\">18 de Setembro de 2013<\/td>\n<td align=\"right\">399.400.000$<\/td>\n<\/tr>\n<tr>\n<td>Powerball &#8211; EUA<\/td>\n<td align=\"center\">23 de Mar\u00e7o de 2013<\/td>\n<td align=\"right\">338.300.000$<\/td>\n<\/tr>\n<tr>\n<td>Powerball &#8211; EUA<\/td>\n<td align=\"center\">6 de fevereiro de 2013<\/td>\n<td align=\"right\">217.000.000$<\/td>\n<\/tr>\n<tr>\n<td>Powerball &#8211; EUA<\/td>\n<td align=\"center\">23 de outubro de 2013<\/td>\n<td align=\"right\">213.400.000 d\u00f3lares<\/td>\n<\/tr>\n<tr>\n<td>Powerball &#8211; EUA<\/td>\n<td align=\"center\">22 de junho de 2013<\/td>\n<td align=\"right\">131.500.000 d\u00f3lares<\/td>\n<\/tr>\n<tr>\n<td>Powerball &#8211; EUA<\/td>\n<td align=\"center\">16 de novembro de 2013<\/td>\n<td align=\"right\">130.300.000 d\u00f3lares<\/td>\n<\/tr>\n<tr>\n<td>Powerball &#8211; EUA<\/td>\n<td align=\"center\">11 de Dezembro de 2013<\/td>\n<td align=\"right\">122.900.000$<\/td>\n<\/tr>\n<tr>\n<td>Powerball &#8211; EUA<\/td>\n<td align=\"center\">25 de Dezembro de 2013<\/td>\n<td align=\"right\">74.000.000$<\/td>\n<\/tr>\n<\/tbody>\n<\/table>\n<p>&nbsp;<\/p>\n<table style=\"width: 500px;\" border=\"1\" cellspacing=\"5\" cellpadding=\"5\" align=\"center\">\n<tbody>\n<tr>\n<td colspan=\"3\" align=\"center\">Powerball Lotto &#8211; N\u00edveis de Pr\u00e9mios nos EUA<\/td>\n<\/tr>\n<tr>\n<td>Pr\u00e9mio<\/td>\n<td align=\"center\">Acertos<\/td>\n<td align=\"center\">Probabilidades<\/td>\n<\/tr>\n<tr>\n<td>1\u00ba (Jackpot)<\/td>\n<td align=\"center\">5 + 1<\/td>\n<td align=\"right\">175.223.510 : 1<\/td>\n<\/tr>\n<tr>\n<td>2\u00ba<\/td>\n<td align=\"center\">5<\/td>\n<td align=\"right\">5.153.633 : 1<\/td>\n<\/tr>\n<tr>\n<td>3\u00ba<\/td>\n<td align=\"center\">4 + 1<\/td>\n<td align=\"right\">648.976 : 1<\/td>\n<\/tr>\n<tr>\n<td>4\u00ba<\/td>\n<td align=\"center\">4<\/td>\n<td align=\"right\">19.087 : 1<\/td>\n<\/tr>\n<tr>\n<td>5\u00ba<\/td>\n<td align=\"center\">3 + 1<\/td>\n<td align=\"right\">12.245 : 1<\/td>\n<\/tr>\n<tr>\n<td>6\u00ba<\/td>\n<td align=\"center\">3<\/td>\n<td align=\"right\">360 : 1<\/td>\n<\/tr>\n<tr>\n<td>7\u00ba<\/td>\n<td align=\"center\">2 + 1<\/td>\n<td align=\"right\">706 : 1<\/td>\n<\/tr>\n<tr>\n<td>8\u00ba<\/td>\n<td align=\"center\">1 + 1<\/td>\n<td align=\"right\">111 : 1<\/td>\n<\/tr>\n<tr>\n<td>9\u00ba<\/td>\n<td align=\"center\">0 + 1<\/td>\n<td align=\"right\">55 : 1<\/td>\n<\/tr>\n<\/tbody>\n<\/table>\n","protected":false},"excerpt":{"rendered":"<p>Jogue online na lotaria Powerball. A lotaria Powerball \u00e9 conhecida mundialmente pelos seus incr\u00edveis pr\u00e9mios acumulados. Encontrar\u00e1 pr\u00e9mios que ultrapassam os 100 milh\u00f5es de d\u00f3lares com muita frequ\u00eancia. Os aumentos do pr\u00e9mio acumulado s\u00e3o exponenciais porque pode comprar bilhetes online para a lotaria Powerball. Jogar na Powerball online \u00e9 simples, no conforto da sua casa, [&hellip;]<\/p>\n","protected":false},"author":1,"featured_media":0,"parent":0,"menu_order":4,"comment_status":"closed","ping_status":"closed","template":"","meta":{"footnotes":""},"class_list":["post-9178","page","type-page","status-publish","hentry"],"yoast_head":"<!-- This site is optimized with the Yoast SEO plugin v27.3 - https:\/\/yoast.com\/product\/yoast-seo-wordpress\/ -->\n<title>Compre bilhetes da lotaria Powerball online.<\/title>\n<meta name=\"description\" content=\"Adquira j\u00e1 os seus bilhetes online para a lotaria Powerball dos EUA.\" \/>\n<meta name=\"robots\" content=\"index, follow, max-snippet:-1, max-image-preview:large, max-video-preview:-1\" \/>\n<link rel=\"canonical\" href=\"https:\/\/gambling6.com\/pt-pt\/compre-bilhetes-online-para-a-lotaria-powerball\/\" \/>\n<meta property=\"og:locale\" content=\"pt_PT\" \/>\n<meta property=\"og:type\" content=\"article\" \/>\n<meta property=\"og:title\" content=\"Compre bilhetes da lotaria Powerball online.\" \/>\n<meta property=\"og:description\" content=\"Adquira j\u00e1 os seus bilhetes online para a lotaria Powerball dos EUA.\" \/>\n<meta property=\"og:url\" content=\"https:\/\/gambling6.com\/pt-pt\/compre-bilhetes-online-para-a-lotaria-powerball\/\" \/>\n<meta property=\"og:site_name\" content=\"Gambling6\" \/>\n<meta property=\"article:modified_time\" content=\"2025-11-12T10:02:56+00:00\" \/>\n<meta property=\"og:image\" content=\"https:\/\/gambling6.com\/wp-content\/uploads\/2022\/04\/2_ticket_powerball_au2-1.jpg\" \/>\n\t<meta property=\"og:image:width\" content=\"250\" \/>\n\t<meta property=\"og:image:height\" content=\"460\" \/>\n\t<meta property=\"og:image:type\" content=\"image\/jpeg\" \/>\n<meta name=\"twitter:card\" content=\"summary_large_image\" \/>\n<meta name=\"twitter:label1\" content=\"Tempo estimado de leitura\" \/>\n\t<meta name=\"twitter:data1\" content=\"3 minutos\" \/>\n<script type=\"application\/ld+json\" class=\"yoast-schema-graph\">{\"@context\":\"https:\\\/\\\/schema.org\",\"@graph\":[{\"@type\":\"WebPage\",\"@id\":\"https:\\\/\\\/gambling6.com\\\/pt-pt\\\/compre-bilhetes-online-para-a-lotaria-powerball\\\/\",\"url\":\"https:\\\/\\\/gambling6.com\\\/pt-pt\\\/compre-bilhetes-online-para-a-lotaria-powerball\\\/\",\"name\":\"Compre bilhetes da lotaria Powerball online.\",\"isPartOf\":{\"@id\":\"https:\\\/\\\/gambling6.com\\\/pt-pt\\\/#website\"},\"primaryImageOfPage\":{\"@id\":\"https:\\\/\\\/gambling6.com\\\/pt-pt\\\/compre-bilhetes-online-para-a-lotaria-powerball\\\/#primaryimage\"},\"image\":{\"@id\":\"https:\\\/\\\/gambling6.com\\\/pt-pt\\\/compre-bilhetes-online-para-a-lotaria-powerball\\\/#primaryimage\"},\"thumbnailUrl\":\"https:\\\/\\\/gambling6.com\\\/wp-content\\\/uploads\\\/2022\\\/04\\\/2_ticket_powerball_au2-1-163x300.jpg\",\"datePublished\":\"2025-11-10T10:47:21+00:00\",\"dateModified\":\"2025-11-12T10:02:56+00:00\",\"description\":\"Adquira j\u00e1 os seus bilhetes online para a lotaria Powerball dos EUA.\",\"breadcrumb\":{\"@id\":\"https:\\\/\\\/gambling6.com\\\/pt-pt\\\/compre-bilhetes-online-para-a-lotaria-powerball\\\/#breadcrumb\"},\"inLanguage\":\"pt-PT\",\"potentialAction\":[{\"@type\":\"ReadAction\",\"target\":[\"https:\\\/\\\/gambling6.com\\\/pt-pt\\\/compre-bilhetes-online-para-a-lotaria-powerball\\\/\"]}]},{\"@type\":\"ImageObject\",\"inLanguage\":\"pt-PT\",\"@id\":\"https:\\\/\\\/gambling6.com\\\/pt-pt\\\/compre-bilhetes-online-para-a-lotaria-powerball\\\/#primaryimage\",\"url\":\"https:\\\/\\\/gambling6.com\\\/wp-content\\\/uploads\\\/2022\\\/04\\\/2_ticket_powerball_au2-1-163x300.jpg\",\"contentUrl\":\"https:\\\/\\\/gambling6.com\\\/wp-content\\\/uploads\\\/2022\\\/04\\\/2_ticket_powerball_au2-1-163x300.jpg\"},{\"@type\":\"BreadcrumbList\",\"@id\":\"https:\\\/\\\/gambling6.com\\\/pt-pt\\\/compre-bilhetes-online-para-a-lotaria-powerball\\\/#breadcrumb\",\"itemListElement\":[{\"@type\":\"ListItem\",\"position\":1,\"name\":\"Home\",\"item\":\"https:\\\/\\\/gambling6.com\\\/pt-pt\\\/home\\\/\"},{\"@type\":\"ListItem\",\"position\":2,\"name\":\"Compre bilhetes online para a lotaria Powerball\"}]},{\"@type\":\"WebSite\",\"@id\":\"https:\\\/\\\/gambling6.com\\\/pt-pt\\\/#website\",\"url\":\"https:\\\/\\\/gambling6.com\\\/pt-pt\\\/\",\"name\":\"Gambling6\",\"description\":\"\",\"potentialAction\":[{\"@type\":\"SearchAction\",\"target\":{\"@type\":\"EntryPoint\",\"urlTemplate\":\"https:\\\/\\\/gambling6.com\\\/pt-pt\\\/?s={search_term_string}\"},\"query-input\":{\"@type\":\"PropertyValueSpecification\",\"valueRequired\":true,\"valueName\":\"search_term_string\"}}],\"inLanguage\":\"pt-PT\"}]}<\/script>\n<!-- \/ Yoast SEO plugin. -->","yoast_head_json":{"title":"Compre bilhetes da lotaria Powerball online.","description":"Adquira j\u00e1 os seus bilhetes online para a lotaria Powerball dos EUA.","robots":{"index":"index","follow":"follow","max-snippet":"max-snippet:-1","max-image-preview":"max-image-preview:large","max-video-preview":"max-video-preview:-1"},"canonical":"https:\/\/gambling6.com\/pt-pt\/compre-bilhetes-online-para-a-lotaria-powerball\/","og_locale":"pt_PT","og_type":"article","og_title":"Compre bilhetes da lotaria Powerball online.","og_description":"Adquira j\u00e1 os seus bilhetes online para a lotaria Powerball dos EUA.","og_url":"https:\/\/gambling6.com\/pt-pt\/compre-bilhetes-online-para-a-lotaria-powerball\/","og_site_name":"Gambling6","article_modified_time":"2025-11-12T10:02:56+00:00","og_image":[{"width":250,"height":460,"url":"https:\/\/gambling6.com\/wp-content\/uploads\/2022\/04\/2_ticket_powerball_au2-1.jpg","type":"image\/jpeg"}],"twitter_card":"summary_large_image","twitter_misc":{"Tempo estimado de leitura":"3 minutos"},"schema":{"@context":"https:\/\/schema.org","@graph":[{"@type":"WebPage","@id":"https:\/\/gambling6.com\/pt-pt\/compre-bilhetes-online-para-a-lotaria-powerball\/","url":"https:\/\/gambling6.com\/pt-pt\/compre-bilhetes-online-para-a-lotaria-powerball\/","name":"Compre bilhetes da lotaria Powerball online.","isPartOf":{"@id":"https:\/\/gambling6.com\/pt-pt\/#website"},"primaryImageOfPage":{"@id":"https:\/\/gambling6.com\/pt-pt\/compre-bilhetes-online-para-a-lotaria-powerball\/#primaryimage"},"image":{"@id":"https:\/\/gambling6.com\/pt-pt\/compre-bilhetes-online-para-a-lotaria-powerball\/#primaryimage"},"thumbnailUrl":"https:\/\/gambling6.com\/wp-content\/uploads\/2022\/04\/2_ticket_powerball_au2-1-163x300.jpg","datePublished":"2025-11-10T10:47:21+00:00","dateModified":"2025-11-12T10:02:56+00:00","description":"Adquira j\u00e1 os seus bilhetes online para a lotaria Powerball dos EUA.","breadcrumb":{"@id":"https:\/\/gambling6.com\/pt-pt\/compre-bilhetes-online-para-a-lotaria-powerball\/#breadcrumb"},"inLanguage":"pt-PT","potentialAction":[{"@type":"ReadAction","target":["https:\/\/gambling6.com\/pt-pt\/compre-bilhetes-online-para-a-lotaria-powerball\/"]}]},{"@type":"ImageObject","inLanguage":"pt-PT","@id":"https:\/\/gambling6.com\/pt-pt\/compre-bilhetes-online-para-a-lotaria-powerball\/#primaryimage","url":"https:\/\/gambling6.com\/wp-content\/uploads\/2022\/04\/2_ticket_powerball_au2-1-163x300.jpg","contentUrl":"https:\/\/gambling6.com\/wp-content\/uploads\/2022\/04\/2_ticket_powerball_au2-1-163x300.jpg"},{"@type":"BreadcrumbList","@id":"https:\/\/gambling6.com\/pt-pt\/compre-bilhetes-online-para-a-lotaria-powerball\/#breadcrumb","itemListElement":[{"@type":"ListItem","position":1,"name":"Home","item":"https:\/\/gambling6.com\/pt-pt\/home\/"},{"@type":"ListItem","position":2,"name":"Compre bilhetes online para a lotaria Powerball"}]},{"@type":"WebSite","@id":"https:\/\/gambling6.com\/pt-pt\/#website","url":"https:\/\/gambling6.com\/pt-pt\/","name":"Gambling6","description":"","potentialAction":[{"@type":"SearchAction","target":{"@type":"EntryPoint","urlTemplate":"https:\/\/gambling6.com\/pt-pt\/?s={search_term_string}"},"query-input":{"@type":"PropertyValueSpecification","valueRequired":true,"valueName":"search_term_string"}}],"inLanguage":"pt-PT"}]}},"_links":{"self":[{"href":"https:\/\/gambling6.com\/pt-pt\/wp-json\/wp\/v2\/pages\/9178","targetHints":{"allow":["GET"]}}],"collection":[{"href":"https:\/\/gambling6.com\/pt-pt\/wp-json\/wp\/v2\/pages"}],"about":[{"href":"https:\/\/gambling6.com\/pt-pt\/wp-json\/wp\/v2\/types\/page"}],"author":[{"embeddable":true,"href":"https:\/\/gambling6.com\/pt-pt\/wp-json\/wp\/v2\/users\/1"}],"replies":[{"embeddable":true,"href":"https:\/\/gambling6.com\/pt-pt\/wp-json\/wp\/v2\/comments?post=9178"}],"version-history":[{"count":1,"href":"https:\/\/gambling6.com\/pt-pt\/wp-json\/wp\/v2\/pages\/9178\/revisions"}],"predecessor-version":[{"id":10512,"href":"https:\/\/gambling6.com\/pt-pt\/wp-json\/wp\/v2\/pages\/9178\/revisions\/10512"}],"wp:attachment":[{"href":"https:\/\/gambling6.com\/pt-pt\/wp-json\/wp\/v2\/media?parent=9178"}],"curies":[{"name":"wp","href":"https:\/\/api.w.org\/{rel}","templated":true}]}}