{"id":9239,"date":"2025-11-10T12:32:08","date_gmt":"2025-11-10T12:32:08","guid":{"rendered":"https:\/\/gambling6.com\/apostas-desportivas\/"},"modified":"2025-11-12T10:34:06","modified_gmt":"2025-11-12T10:34:06","slug":"apostas-desportivas","status":"publish","type":"page","link":"https:\/\/gambling6.com\/pt-pt\/apostas-desportivas\/","title":{"rendered":"Apostas desportivas"},"content":{"rendered":"<h2>O b\u00e1sico das apostas desportivas<\/h2>\n<p>As apostas desportivas, termo que surge da simples combina\u00e7\u00e3o de palavras descritivas, consistem em prever resultados de desportos profissionais e amadores, juntamente com a realiza\u00e7\u00e3o de uma aposta no resultado. <strong>Sportsbet \u00e9 o termo utilizado para descrever um local onde se participa na atividade de apostas desportivas.<\/strong> De um modo geral, nos EUA, a pr\u00e1tica n\u00e3o \u00e9 legal. Essencialmente, existem apenas quatro dos cinquenta estados americanos onde as apostas desportivas s\u00e3o reconhecidas como 100% legais. Assim, surgiu a internet.<\/p>\n<h2>Milh\u00f5es participam em apostas desportivas diariamente<\/h2>\n<p>Diariamente, milh\u00f5es de pessoas acedem a milhares de sites para fazer apostas em qualquer desporto que possa imaginar. No entanto, <strong>esta introdu\u00e7\u00e3o \u00e0s apostas desportivas online vai mostrar-lhe que h\u00e1 mais do que simplesmente saber o spread e apostar na equipa que quer que ganhe.<\/strong> Apostar num jogo n\u00e3o s\u00f3 pode torn\u00e1-lo mais interessante para si, como a arte das apostas desportivas pode render muito dinheiro se for feita corretamente. Se esta for uma nova aventura para algu\u00e9m sem experi\u00eancia em apostas desportivas, ter\u00e1 de conhecer os fundamentos e princ\u00edpios das apostas desportivas para n\u00e3o ficar desorientado quando a a\u00e7\u00e3o come\u00e7ar.<\/p>\n<h2>Terminologia de apostas desportivas online<\/h2>\n<p>Primeiro, ter\u00e1 de se familiarizar com alguns dos termos utilizados nas apostas desportivas. &#8220;<a href=\"http:\/\/en.wikipedia.org\/wiki\/Handicapping\" target=\"_blank\" rel=\"noopener\">Handicap<\/a>&#8221; \u00e9 o primeiro termo que irei apresentar; significa dar a uma equipa ou pessoa uma vantagem sobre outra, estendendo os golpes, golos, touchdowns ou simplesmente pontos do advers\u00e1rio, de forma a dar-lhe uma melhor hip\u00f3tese de igualar o seu n\u00edvel de jogo. Digamos, por exemplo, que eu ia jogar basquetebol um contra um com o Michael Jordan, e o primeiro a chegar aos 21 pontos seria o vencedor. Posso receber uma vantagem de 18 pontos, o que significa que ele teria um handicap de 18 pontos. Ele precisaria de marcar 21 pontos antes de eu marcar 3 pontos para ganhar. Existem muitos exemplos de handicaps ou &#8220;spreads de pontos&#8221;, como tamb\u00e9m podem ser chamados. Compreender este princ\u00edpio \u00e9 uma das chaves para compreender as boas apostas em apostas desportivas online.<\/p>\n<h2>Conhe\u00e7a a sua casa de apostas online<\/h2>\n<p><strong>As apostas desportivas, sejam online ou ao vivo, s\u00e3o geralmente feitas no que \u00e9 chamado de &#8220;casa de apostas&#8221;.<\/strong> Uma &#8220;casa de apostas&#8221; \u00e9 um estabelecimento que aceita apostas, e o &#8220;apostador&#8221; \u00e9 a pessoa que geralmente estabelece o spread para um estabelecimento espec\u00edfico. O processo de estabelecimento do &#8220;spread&#8221;, por oposi\u00e7\u00e3o ao &#8220;dinheiro igual&#8221; (uma aposta com odds de 1:1), pode ser muito complicado e pode variar de uma casa de apostas para outra.<\/p>\n<h2>Betonline Sportsbook &#8211; aceita f\u00e3s de desporto dos EUA<\/h2>\n<p>Quando estiver pronto para apostar em desporto, precisa de encontrar um casino online ou uma casa de apostas de confian\u00e7a para poder fazer as suas apostas.<a class=\"thirstylink\" title=\"Betonline casino en\" href=\"https:\/\/gambling6.com\/go\/betonline-casino-en\/\" target=\"_blank\" rel=\"nofollow noopener\"> Pode espreitar o Betonline Sportsbook<\/a>, um casino online de renome com uma reputa\u00e7\u00e3o de seguran\u00e7a excepcional. Oferecem diversos m\u00e9todos de dep\u00f3sito e levantamento, e certamente encontrar\u00e1 uma op\u00e7\u00e3o que se adapte \u00e0s suas necessidades.<\/p>\n<p>Outra \u00f3tima alternativa \u00e9 o 888 Casino &#8211; a sua sec\u00e7\u00e3o de apostas desportivas \u00e9 uma das melhores do mercado. Al\u00e9m disso, t\u00eam tamb\u00e9m uma excelente sala de p\u00f3quer, os melhores jogos de casino e at\u00e9 op\u00e7\u00f5es como bingo e raspadinhas.<\/p>\n<p>A \u00fanica desvantagem do 888 \u00e9 que n\u00e3o aceitam clientes dos Estados Unidos. Mas se reside noutro pa\u00eds, deve definitivamente <a class=\"thirstylink\" title=\"888 casino en\" href=\"https:\/\/gambling6.com\/go\/888-casino-en\/\" target=\"_blank\" rel=\"nofollow noopener\">visitar o site do 888 Casino &#8211; basta seguir este link.<\/a><\/p>\n<p>Experimente, mas ainda tem muito a aprender sobre apostas desportivas online. Continuaremos a atualizar este site para que possa aprender sobre probabilidades e fatores que contribuem para os resultados de determinados eventos. Se quer tornar-se um especialista em apostas desportivas, veio ao lugar certo. Relaxe, sinta-se \u00e0 vontade e prepare-se para se divertir com as apostas desportivas online.<\/p>\n","protected":false},"excerpt":{"rendered":"<p>O b\u00e1sico das apostas desportivas As apostas desportivas, termo que surge da simples combina\u00e7\u00e3o de palavras descritivas, consistem em prever resultados de desportos profissionais e amadores, juntamente com a realiza\u00e7\u00e3o de uma aposta no resultado. Sportsbet \u00e9 o termo utilizado para descrever um local onde se participa na atividade de apostas desportivas. De um modo [&hellip;]<\/p>\n","protected":false},"author":1,"featured_media":0,"parent":0,"menu_order":4,"comment_status":"closed","ping_status":"closed","template":"","meta":{"footnotes":""},"class_list":["post-9239","page","type-page","status-publish","hentry"],"yoast_head":"<!-- This site is optimized with the Yoast SEO plugin v27.5 - https:\/\/yoast.com\/product\/yoast-seo-wordpress\/ -->\n<title>Introdu\u00e7\u00e3o \u00e0s apostas desportivas online<\/title>\n<meta name=\"description\" content=\"Conhe\u00e7a alguns termos utilizados nas apostas desportivas online.\" \/>\n<meta name=\"robots\" content=\"index, follow, max-snippet:-1, max-image-preview:large, max-video-preview:-1\" \/>\n<link rel=\"canonical\" href=\"https:\/\/gambling6.com\/pt-pt\/apostas-desportivas\/\" \/>\n<meta property=\"og:locale\" content=\"pt_PT\" \/>\n<meta property=\"og:type\" content=\"article\" \/>\n<meta property=\"og:title\" content=\"Introdu\u00e7\u00e3o \u00e0s apostas desportivas online\" \/>\n<meta property=\"og:description\" content=\"Conhe\u00e7a alguns termos utilizados nas apostas desportivas online.\" \/>\n<meta property=\"og:url\" content=\"https:\/\/gambling6.com\/pt-pt\/apostas-desportivas\/\" \/>\n<meta property=\"og:site_name\" content=\"Gambling6\" \/>\n<meta property=\"article:modified_time\" content=\"2025-11-12T10:34:06+00:00\" \/>\n<meta name=\"twitter:card\" content=\"summary_large_image\" \/>\n<meta name=\"twitter:label1\" content=\"Tempo estimado de leitura\" \/>\n\t<meta name=\"twitter:data1\" content=\"3 minutos\" \/>\n<script type=\"application\/ld+json\" class=\"yoast-schema-graph\">{\"@context\":\"https:\\\/\\\/schema.org\",\"@graph\":[{\"@type\":\"WebPage\",\"@id\":\"https:\\\/\\\/gambling6.com\\\/pt-pt\\\/apostas-desportivas\\\/\",\"url\":\"https:\\\/\\\/gambling6.com\\\/pt-pt\\\/apostas-desportivas\\\/\",\"name\":\"Introdu\u00e7\u00e3o \u00e0s apostas desportivas online\",\"isPartOf\":{\"@id\":\"https:\\\/\\\/gambling6.com\\\/pt-pt\\\/#website\"},\"datePublished\":\"2025-11-10T12:32:08+00:00\",\"dateModified\":\"2025-11-12T10:34:06+00:00\",\"description\":\"Conhe\u00e7a alguns termos utilizados nas apostas desportivas online.\",\"breadcrumb\":{\"@id\":\"https:\\\/\\\/gambling6.com\\\/pt-pt\\\/apostas-desportivas\\\/#breadcrumb\"},\"inLanguage\":\"pt-PT\",\"potentialAction\":[{\"@type\":\"ReadAction\",\"target\":[\"https:\\\/\\\/gambling6.com\\\/pt-pt\\\/apostas-desportivas\\\/\"]}]},{\"@type\":\"BreadcrumbList\",\"@id\":\"https:\\\/\\\/gambling6.com\\\/pt-pt\\\/apostas-desportivas\\\/#breadcrumb\",\"itemListElement\":[{\"@type\":\"ListItem\",\"position\":1,\"name\":\"Home\",\"item\":\"https:\\\/\\\/gambling6.com\\\/pt-pt\\\/home\\\/\"},{\"@type\":\"ListItem\",\"position\":2,\"name\":\"Apostas desportivas\"}]},{\"@type\":\"WebSite\",\"@id\":\"https:\\\/\\\/gambling6.com\\\/pt-pt\\\/#website\",\"url\":\"https:\\\/\\\/gambling6.com\\\/pt-pt\\\/\",\"name\":\"Gambling6\",\"description\":\"\",\"potentialAction\":[{\"@type\":\"SearchAction\",\"target\":{\"@type\":\"EntryPoint\",\"urlTemplate\":\"https:\\\/\\\/gambling6.com\\\/pt-pt\\\/?s={search_term_string}\"},\"query-input\":{\"@type\":\"PropertyValueSpecification\",\"valueRequired\":true,\"valueName\":\"search_term_string\"}}],\"inLanguage\":\"pt-PT\"}]}<\/script>\n<!-- \/ Yoast SEO plugin. -->","yoast_head_json":{"title":"Introdu\u00e7\u00e3o \u00e0s apostas desportivas online","description":"Conhe\u00e7a alguns termos utilizados nas apostas desportivas online.","robots":{"index":"index","follow":"follow","max-snippet":"max-snippet:-1","max-image-preview":"max-image-preview:large","max-video-preview":"max-video-preview:-1"},"canonical":"https:\/\/gambling6.com\/pt-pt\/apostas-desportivas\/","og_locale":"pt_PT","og_type":"article","og_title":"Introdu\u00e7\u00e3o \u00e0s apostas desportivas online","og_description":"Conhe\u00e7a alguns termos utilizados nas apostas desportivas online.","og_url":"https:\/\/gambling6.com\/pt-pt\/apostas-desportivas\/","og_site_name":"Gambling6","article_modified_time":"2025-11-12T10:34:06+00:00","twitter_card":"summary_large_image","twitter_misc":{"Tempo estimado de leitura":"3 minutos"},"schema":{"@context":"https:\/\/schema.org","@graph":[{"@type":"WebPage","@id":"https:\/\/gambling6.com\/pt-pt\/apostas-desportivas\/","url":"https:\/\/gambling6.com\/pt-pt\/apostas-desportivas\/","name":"Introdu\u00e7\u00e3o \u00e0s apostas desportivas online","isPartOf":{"@id":"https:\/\/gambling6.com\/pt-pt\/#website"},"datePublished":"2025-11-10T12:32:08+00:00","dateModified":"2025-11-12T10:34:06+00:00","description":"Conhe\u00e7a alguns termos utilizados nas apostas desportivas online.","breadcrumb":{"@id":"https:\/\/gambling6.com\/pt-pt\/apostas-desportivas\/#breadcrumb"},"inLanguage":"pt-PT","potentialAction":[{"@type":"ReadAction","target":["https:\/\/gambling6.com\/pt-pt\/apostas-desportivas\/"]}]},{"@type":"BreadcrumbList","@id":"https:\/\/gambling6.com\/pt-pt\/apostas-desportivas\/#breadcrumb","itemListElement":[{"@type":"ListItem","position":1,"name":"Home","item":"https:\/\/gambling6.com\/pt-pt\/home\/"},{"@type":"ListItem","position":2,"name":"Apostas desportivas"}]},{"@type":"WebSite","@id":"https:\/\/gambling6.com\/pt-pt\/#website","url":"https:\/\/gambling6.com\/pt-pt\/","name":"Gambling6","description":"","potentialAction":[{"@type":"SearchAction","target":{"@type":"EntryPoint","urlTemplate":"https:\/\/gambling6.com\/pt-pt\/?s={search_term_string}"},"query-input":{"@type":"PropertyValueSpecification","valueRequired":true,"valueName":"search_term_string"}}],"inLanguage":"pt-PT"}]}},"_links":{"self":[{"href":"https:\/\/gambling6.com\/pt-pt\/wp-json\/wp\/v2\/pages\/9239","targetHints":{"allow":["GET"]}}],"collection":[{"href":"https:\/\/gambling6.com\/pt-pt\/wp-json\/wp\/v2\/pages"}],"about":[{"href":"https:\/\/gambling6.com\/pt-pt\/wp-json\/wp\/v2\/types\/page"}],"author":[{"embeddable":true,"href":"https:\/\/gambling6.com\/pt-pt\/wp-json\/wp\/v2\/users\/1"}],"replies":[{"embeddable":true,"href":"https:\/\/gambling6.com\/pt-pt\/wp-json\/wp\/v2\/comments?post=9239"}],"version-history":[{"count":1,"href":"https:\/\/gambling6.com\/pt-pt\/wp-json\/wp\/v2\/pages\/9239\/revisions"}],"predecessor-version":[{"id":10535,"href":"https:\/\/gambling6.com\/pt-pt\/wp-json\/wp\/v2\/pages\/9239\/revisions\/10535"}],"wp:attachment":[{"href":"https:\/\/gambling6.com\/pt-pt\/wp-json\/wp\/v2\/media?parent=9239"}],"curies":[{"name":"wp","href":"https:\/\/api.w.org\/{rel}","templated":true}]}}