{"id":9314,"date":"2025-11-10T13:34:45","date_gmt":"2025-11-10T13:34:45","guid":{"rendered":"https:\/\/gambling6.com\/loteria\/"},"modified":"2025-11-12T18:25:24","modified_gmt":"2025-11-12T18:25:24","slug":"loteria","status":"publish","type":"page","link":"https:\/\/gambling6.com\/pt-pt\/loteria\/","title":{"rendered":"Loteria"},"content":{"rendered":"<h2>A lotaria internacionaliza-se e torna-se online.<\/h2>\n<p>Embora seja considerada uma \u00f3tima forma de entretenimento, a compra de bilhetes de lotaria internacionais tamb\u00e9m se tornou um grande neg\u00f3cio. Os jogos de azar, em geral, explodiram em parte devido \u00e0 excelente exposi\u00e7\u00e3o que o p\u00f3quer recebeu dos media, e um sucesso adicional foi atribu\u00eddo \u00e0 internet. <strong>Jogar nas lotarias internacionais e comprar bilhetes online acelerou o crescimento dos pr\u00e9mios acumulados,<\/strong> e muitas pessoas incluem agora jogar na RedFoxLotto no seu plano de rendimentos.<\/p>\n<h2>A internet facilita a compra de bilhetes de lotaria.<\/h2>\n<p>A internet mudou as nossas vidas de muitas formas; tornou definitivamente o mundo um lugar muito mais pequeno. Existem centenas de lotarias jogadas diariamente em muitos pa\u00edses do mundo. A maioria dos sorteios nacionais, incluindo aqueles com pr\u00e9mios acumulados mais elevados, foram disponibilizados a pessoas que compram bilhetes de lotaria internacionalmente. <strong>As principais lotarias mundiais, como a Mega Millions nos Estados Unidos e a Powerball, tanto dos EUA como da Austr\u00e1lia, permitem a compra de bilhetes online atrav\u00e9s do nosso parceiro RedFoxLotto.<\/strong><img loading=\"lazy\" decoding=\"async\" class=\" alignright size-full wp-image-437\" style=\"margin: 10px; border: 5px none #ffffff; float: right;\" src=\"http:\/\/gambling6.com\/wp-content\/uploads\/2013\/12\/International-Community-150x150.jpg\" alt=\"Lotarias Internacionais Online\" width=\"150\" height=\"150\" \/><\/p>\n<h2>Compre bilhetes de lotaria 24 horas por dia, 7 dias por semana<\/h2>\n<p>No mundo tecnol\u00f3gico de hoje, podemos comprar bilhetes para muitas lotarias internacionais 24 horas por dia, 365 dias por ano. Com a internet, podemos comprar estes bilhetes sem ter de ir a lojas de lotaria ou estar em filas. Podemos dedicar o tempo necess\u00e1rio para escolher os seus n\u00fameros e utilizar as diferentes ferramentas dispon\u00edveis para o fazer. A facilidade de jogar em lotarias internacionais elevou os jackpots e os pr\u00e9mios em v\u00e1rios n\u00edveis a n\u00edveis recorde. Os valores dos pr\u00e9mios levaram muitos a construir um neg\u00f3cio jogando RedFoxLotto online.<\/p>\n<h2>Comprar bilhetes de lotaria online \u00e9 seguro.<\/h2>\n<p>Com o nosso parceiro RedFoxLotto, comprar bilhetes para lotarias internacionais \u00e9 seguro e simples. Primeiro, ter\u00e1 de abrir uma conta. Ao abrir a sua conta, ter\u00e1 de fornecer informa\u00e7\u00f5es pessoais. Certifique-se de que introduz informa\u00e7\u00f5es atuais e corretas para que a sua identidade possa ser verificada caso ganhe o grande jackpot. As informa\u00e7\u00f5es que introduz e envia est\u00e3o protegidas por encripta\u00e7\u00e3o de 256 bits, e o alojamento seguro garante que s\u00e3o mantidas confidenciais e utilizadas apenas para os fins descritos no site.<\/p>\n<h2>M\u00e9todos de pagamento online para ganhar na RedFoxLotto<\/h2>\n<p>Pode utilizar cart\u00f5es como Visa, MasterCard e Visa D\u00e9bito para comprar bilhetes. Est\u00e3o dispon\u00edveis diversos outros m\u00e9todos de pagamento, como transfer\u00eancias banc\u00e1rias e pagamentos em criptomoedas. Mas, se tiver um pr\u00e9mio significativo, ter\u00e1 de fornecer uma conta banc\u00e1ria para que os seus ganhos possam ser transferidos para si. O ambiente seguro torna esta uma escolha perfeita para jogar em lotarias internacionais e receber os seus pr\u00e9mios.<\/p>\n<h2>Comprar bilhetes de lotaria online tem vantagens.<\/h2>\n<p>Outra vantagem de comprar bilhetes de lotaria online \u00e9 que est\u00e3o dispon\u00edveis muitas ferramentas para o ajudar a analisar os n\u00fameros da maioria dos grandes sorteios internacionais. As ferramentas de lotaria online permitem visualizar os n\u00fameros mais frequentes, os n\u00fameros menos frequentes e o hist\u00f3rico de sorteios de lotarias em todo o mundo. Estas informa\u00e7\u00f5es d\u00e3o-lhe uma vantagem na hora de comprar os seus bilhetes e podem refor\u00e7ar a sua conta banc\u00e1ria com pr\u00e9mios a v\u00e1rios n\u00edveis.<\/p>\n<p>Jogar na RedFoxLotto pode ser divertido e rent\u00e1vel. Comece a jogar em lotarias internacionais hoje mesmo. <a class=\"thirstylink\" title=\"Redfoxlotto\" href=\"https:\/\/gambling6.com\/go\/redfoxlotto\/\" target=\"_blank\" rel=\"nofollow noopener\">Para comprar os seus bilhetes de lotaria internacional online, visite o nosso parceiro RedFoxLotto.<\/a><\/p>\n<h2>\u00c9 preciso ser residente para jogar numa lotaria internacional?<\/h2>\n<p>A resposta simples \u00e9: n\u00e3o! Se tem lido artigos na internet ou no jornal sobre pessoas que ganharam pr\u00e9mios milion\u00e1rios, pode ter pensado: &#8220;Porque \u00e9 que n\u00e3o posso tentar uma destas lotarias?&#8221; Bem, agora j\u00e1 n\u00e3o \u00e9 um problema n\u00e3o ser residente no pa\u00eds onde o pr\u00e9mio principal \u00e9 sorteado.<\/p>\n<p>Pode comprar um bilhete para qualquer pr\u00e9mio de lotaria que desejar ganhar, uma vez que est\u00e3o dispon\u00edveis online para qualquer pessoa no mundo. Este site ajuda-o a comprar um bilhete de lotaria online para os maiores pr\u00e9mios internacionais. E o procedimento n\u00e3o podia ser mais simples. Clique no link acima e escolha uma lotaria. Ser\u00e1 redirecionado para uma p\u00e1gina onde poder\u00e1 escolher os seus n\u00fameros favoritos para essa lotaria ou deixar que o computador escolha n\u00fameros aleatoriamente para si.<\/p>\n<p>Em seguida, paga online, atrav\u00e9s da op\u00e7\u00e3o de pagamento mais conveniente. Estes m\u00e9todos de pagamento incluem solu\u00e7\u00f5es populares e seguras de carteira eletr\u00f3nica, como a Skrill, e at\u00e9 criptomoedas. Claro que tamb\u00e9m pode escolher a op\u00e7\u00e3o mais popular: pagar com cart\u00e3o de cr\u00e9dito.<\/p>\n<p><strong>O que acontece a seguir \u2014 como recebo o meu bilhete de lotaria online?<\/strong> Funciona como um servi\u00e7o de entrega \u2014 o seu bilhete de lotaria online ser\u00e1 entregue na sua morada.Os bilhetes ser\u00e3o adquiridos em seu nome, digitalizados e carregados na sua conta.<\/p>\n<p>Tudo o que tem de fazer \u00e9 relaxar e esperar pelo sorteio, verificar os seus n\u00fameros e ver quanto ganhou. Se o pr\u00e9mio for inferior a 2.000 \u20ac, o dinheiro ser\u00e1 creditado na sua conta. Para valores superiores a este, as normas da RedFoxLotto exigem o preenchimento de um formul\u00e1rio de pedido, disponibilizado no site. Encaminham o formul\u00e1rio para a comiss\u00e3o de lotaria competente em seu nome e, em pouco tempo, receber\u00e1 um cheque pelo correio! <a class=\"thirstylink\" title=\"Redfoxlotto\" href=\"https:\/\/gambling6.com\/go\/redfoxlotto\/\" target=\"_blank\" rel=\"nofollow noopener\">Compre bilhetes de lotaria hoje mesmo na RedFoxLotto!<\/a><\/p>\n<p>&nbsp;<\/p>\n","protected":false},"excerpt":{"rendered":"<p>A lotaria internacionaliza-se e torna-se online. Embora seja considerada uma \u00f3tima forma de entretenimento, a compra de bilhetes de lotaria internacionais tamb\u00e9m se tornou um grande neg\u00f3cio. Os jogos de azar, em geral, explodiram em parte devido \u00e0 excelente exposi\u00e7\u00e3o que o p\u00f3quer recebeu dos media, e um sucesso adicional foi atribu\u00eddo \u00e0 internet. Jogar [&hellip;]<\/p>\n","protected":false},"author":1,"featured_media":4236,"parent":0,"menu_order":8,"comment_status":"closed","ping_status":"closed","template":"","meta":{"footnotes":""},"class_list":["post-9314","page","type-page","status-publish","has-post-thumbnail","hentry"],"yoast_head":"<!-- This site is optimized with the Yoast SEO plugin v27.5 - https:\/\/yoast.com\/product\/yoast-seo-wordpress\/ -->\n<title>Comprar bilhetes de lotaria internacional online<\/title>\n<meta name=\"description\" content=\"Comprar bilhetes de lotarias internacionais online \u00e9 f\u00e1cil. N\u00e3o importa onde vive, participe em qualquer uma das melhores lotarias do mundo.\" \/>\n<meta name=\"robots\" content=\"index, follow, max-snippet:-1, max-image-preview:large, max-video-preview:-1\" \/>\n<link rel=\"canonical\" href=\"https:\/\/gambling6.com\/pt-pt\/loteria\/\" \/>\n<meta property=\"og:locale\" content=\"pt_PT\" \/>\n<meta property=\"og:type\" content=\"article\" \/>\n<meta property=\"og:title\" content=\"Comprar bilhetes de lotaria internacional online\" \/>\n<meta property=\"og:description\" content=\"Comprar bilhetes de lotarias internacionais online \u00e9 f\u00e1cil. N\u00e3o importa onde vive, participe em qualquer uma das melhores lotarias do mundo.\" \/>\n<meta property=\"og:url\" content=\"https:\/\/gambling6.com\/pt-pt\/loteria\/\" \/>\n<meta property=\"og:site_name\" content=\"Gambling6\" \/>\n<meta property=\"article:modified_time\" content=\"2025-11-12T18:25:24+00:00\" \/>\n<meta property=\"og:image\" content=\"https:\/\/gambling6.com\/wp-content\/uploads\/2013\/12\/International-Community-150x150.jpg\" \/>\n\t<meta property=\"og:image:width\" content=\"150\" \/>\n\t<meta property=\"og:image:height\" content=\"150\" \/>\n\t<meta property=\"og:image:type\" content=\"image\/jpeg\" \/>\n<meta name=\"twitter:card\" content=\"summary_large_image\" \/>\n<meta name=\"twitter:label1\" content=\"Tempo estimado de leitura\" \/>\n\t<meta name=\"twitter:data1\" content=\"5 minutos\" \/>\n<script type=\"application\/ld+json\" class=\"yoast-schema-graph\">{\"@context\":\"https:\\\/\\\/schema.org\",\"@graph\":[{\"@type\":\"WebPage\",\"@id\":\"https:\\\/\\\/gambling6.com\\\/pt-pt\\\/loteria\\\/\",\"url\":\"https:\\\/\\\/gambling6.com\\\/pt-pt\\\/loteria\\\/\",\"name\":\"Comprar bilhetes de lotaria internacional online\",\"isPartOf\":{\"@id\":\"https:\\\/\\\/gambling6.com\\\/pt-pt\\\/#website\"},\"primaryImageOfPage\":{\"@id\":\"https:\\\/\\\/gambling6.com\\\/pt-pt\\\/loteria\\\/#primaryimage\"},\"image\":{\"@id\":\"https:\\\/\\\/gambling6.com\\\/pt-pt\\\/loteria\\\/#primaryimage\"},\"thumbnailUrl\":\"https:\\\/\\\/gambling6.com\\\/wp-content\\\/uploads\\\/2013\\\/12\\\/International-Community-150x150.jpg\",\"datePublished\":\"2025-11-10T13:34:45+00:00\",\"dateModified\":\"2025-11-12T18:25:24+00:00\",\"description\":\"Comprar bilhetes de lotarias internacionais online \u00e9 f\u00e1cil. N\u00e3o importa onde vive, participe em qualquer uma das melhores lotarias do mundo.\",\"breadcrumb\":{\"@id\":\"https:\\\/\\\/gambling6.com\\\/pt-pt\\\/loteria\\\/#breadcrumb\"},\"inLanguage\":\"pt-PT\",\"potentialAction\":[{\"@type\":\"ReadAction\",\"target\":[\"https:\\\/\\\/gambling6.com\\\/pt-pt\\\/loteria\\\/\"]}]},{\"@type\":\"ImageObject\",\"inLanguage\":\"pt-PT\",\"@id\":\"https:\\\/\\\/gambling6.com\\\/pt-pt\\\/loteria\\\/#primaryimage\",\"url\":\"https:\\\/\\\/gambling6.com\\\/wp-content\\\/uploads\\\/2013\\\/12\\\/International-Community-150x150.jpg\",\"contentUrl\":\"https:\\\/\\\/gambling6.com\\\/wp-content\\\/uploads\\\/2013\\\/12\\\/International-Community-150x150.jpg\",\"width\":150,\"height\":150},{\"@type\":\"BreadcrumbList\",\"@id\":\"https:\\\/\\\/gambling6.com\\\/pt-pt\\\/loteria\\\/#breadcrumb\",\"itemListElement\":[{\"@type\":\"ListItem\",\"position\":1,\"name\":\"Home\",\"item\":\"https:\\\/\\\/gambling6.com\\\/pt-pt\\\/home\\\/\"},{\"@type\":\"ListItem\",\"position\":2,\"name\":\"Loteria\"}]},{\"@type\":\"WebSite\",\"@id\":\"https:\\\/\\\/gambling6.com\\\/pt-pt\\\/#website\",\"url\":\"https:\\\/\\\/gambling6.com\\\/pt-pt\\\/\",\"name\":\"Gambling6\",\"description\":\"\",\"potentialAction\":[{\"@type\":\"SearchAction\",\"target\":{\"@type\":\"EntryPoint\",\"urlTemplate\":\"https:\\\/\\\/gambling6.com\\\/pt-pt\\\/?s={search_term_string}\"},\"query-input\":{\"@type\":\"PropertyValueSpecification\",\"valueRequired\":true,\"valueName\":\"search_term_string\"}}],\"inLanguage\":\"pt-PT\"}]}<\/script>\n<!-- \/ Yoast SEO plugin. -->","yoast_head_json":{"title":"Comprar bilhetes de lotaria internacional online","description":"Comprar bilhetes de lotarias internacionais online \u00e9 f\u00e1cil. N\u00e3o importa onde vive, participe em qualquer uma das melhores lotarias do mundo.","robots":{"index":"index","follow":"follow","max-snippet":"max-snippet:-1","max-image-preview":"max-image-preview:large","max-video-preview":"max-video-preview:-1"},"canonical":"https:\/\/gambling6.com\/pt-pt\/loteria\/","og_locale":"pt_PT","og_type":"article","og_title":"Comprar bilhetes de lotaria internacional online","og_description":"Comprar bilhetes de lotarias internacionais online \u00e9 f\u00e1cil. N\u00e3o importa onde vive, participe em qualquer uma das melhores lotarias do mundo.","og_url":"https:\/\/gambling6.com\/pt-pt\/loteria\/","og_site_name":"Gambling6","article_modified_time":"2025-11-12T18:25:24+00:00","og_image":[{"width":150,"height":150,"url":"https:\/\/gambling6.com\/wp-content\/uploads\/2013\/12\/International-Community-150x150.jpg","type":"image\/jpeg"}],"twitter_card":"summary_large_image","twitter_misc":{"Tempo estimado de leitura":"5 minutos"},"schema":{"@context":"https:\/\/schema.org","@graph":[{"@type":"WebPage","@id":"https:\/\/gambling6.com\/pt-pt\/loteria\/","url":"https:\/\/gambling6.com\/pt-pt\/loteria\/","name":"Comprar bilhetes de lotaria internacional online","isPartOf":{"@id":"https:\/\/gambling6.com\/pt-pt\/#website"},"primaryImageOfPage":{"@id":"https:\/\/gambling6.com\/pt-pt\/loteria\/#primaryimage"},"image":{"@id":"https:\/\/gambling6.com\/pt-pt\/loteria\/#primaryimage"},"thumbnailUrl":"https:\/\/gambling6.com\/wp-content\/uploads\/2013\/12\/International-Community-150x150.jpg","datePublished":"2025-11-10T13:34:45+00:00","dateModified":"2025-11-12T18:25:24+00:00","description":"Comprar bilhetes de lotarias internacionais online \u00e9 f\u00e1cil. N\u00e3o importa onde vive, participe em qualquer uma das melhores lotarias do mundo.","breadcrumb":{"@id":"https:\/\/gambling6.com\/pt-pt\/loteria\/#breadcrumb"},"inLanguage":"pt-PT","potentialAction":[{"@type":"ReadAction","target":["https:\/\/gambling6.com\/pt-pt\/loteria\/"]}]},{"@type":"ImageObject","inLanguage":"pt-PT","@id":"https:\/\/gambling6.com\/pt-pt\/loteria\/#primaryimage","url":"https:\/\/gambling6.com\/wp-content\/uploads\/2013\/12\/International-Community-150x150.jpg","contentUrl":"https:\/\/gambling6.com\/wp-content\/uploads\/2013\/12\/International-Community-150x150.jpg","width":150,"height":150},{"@type":"BreadcrumbList","@id":"https:\/\/gambling6.com\/pt-pt\/loteria\/#breadcrumb","itemListElement":[{"@type":"ListItem","position":1,"name":"Home","item":"https:\/\/gambling6.com\/pt-pt\/home\/"},{"@type":"ListItem","position":2,"name":"Loteria"}]},{"@type":"WebSite","@id":"https:\/\/gambling6.com\/pt-pt\/#website","url":"https:\/\/gambling6.com\/pt-pt\/","name":"Gambling6","description":"","potentialAction":[{"@type":"SearchAction","target":{"@type":"EntryPoint","urlTemplate":"https:\/\/gambling6.com\/pt-pt\/?s={search_term_string}"},"query-input":{"@type":"PropertyValueSpecification","valueRequired":true,"valueName":"search_term_string"}}],"inLanguage":"pt-PT"}]}},"_links":{"self":[{"href":"https:\/\/gambling6.com\/pt-pt\/wp-json\/wp\/v2\/pages\/9314","targetHints":{"allow":["GET"]}}],"collection":[{"href":"https:\/\/gambling6.com\/pt-pt\/wp-json\/wp\/v2\/pages"}],"about":[{"href":"https:\/\/gambling6.com\/pt-pt\/wp-json\/wp\/v2\/types\/page"}],"author":[{"embeddable":true,"href":"https:\/\/gambling6.com\/pt-pt\/wp-json\/wp\/v2\/users\/1"}],"replies":[{"embeddable":true,"href":"https:\/\/gambling6.com\/pt-pt\/wp-json\/wp\/v2\/comments?post=9314"}],"version-history":[{"count":1,"href":"https:\/\/gambling6.com\/pt-pt\/wp-json\/wp\/v2\/pages\/9314\/revisions"}],"predecessor-version":[{"id":10737,"href":"https:\/\/gambling6.com\/pt-pt\/wp-json\/wp\/v2\/pages\/9314\/revisions\/10737"}],"wp:featuredmedia":[{"embeddable":true,"href":"https:\/\/gambling6.com\/pt-pt\/wp-json\/wp\/v2\/media\/4236"}],"wp:attachment":[{"href":"https:\/\/gambling6.com\/pt-pt\/wp-json\/wp\/v2\/media?parent=9314"}],"curies":[{"name":"wp","href":"https:\/\/api.w.org\/{rel}","templated":true}]}}