{"id":9408,"date":"2025-11-10T21:56:14","date_gmt":"2025-11-10T21:56:14","guid":{"rendered":"https:\/\/gambling6.com\/loteria\/como-posso-comprar-bilhetes-online-para-a-lotaria-euromilhoes-estando-fora-da-europa\/"},"modified":"2025-11-12T18:49:43","modified_gmt":"2025-11-12T18:49:43","slug":"como-posso-comprar-bilhetes-online-para-a-lotaria-euromilhoes-estando-fora-da-europa","status":"publish","type":"page","link":"https:\/\/gambling6.com\/pt-pt\/loteria\/como-posso-comprar-bilhetes-online-para-a-lotaria-euromilhoes-estando-fora-da-europa\/","title":{"rendered":"Como posso comprar bilhetes online para a lotaria Euromilh\u00f5es estando fora da Europa?"},"content":{"rendered":"<h2>EuroMilh\u00f5es<\/h2>\n<p>Com 185 milh\u00f5es de euros em jogo e a hip\u00f3tese regular de ganhar mais de 100 milh\u00f5es de euros, as pessoas est\u00e3o a correr para os seus computadores para comprar bilhetes online para a lotaria EuroMilh\u00f5es.<\/strong><\/span><strong>O EuroMilh\u00f5es \u00e9 jogado em 9 pa\u00edses da Europa e, no ano passado, pagou mais de 2,5 mil milh\u00f5es de d\u00f3lares em pr\u00e9mios. Porque \u00e9 que n\u00e3o gostaria de ter a chance de ganhar esse pr\u00e9mio? Tudo o que tem de fazer \u00e9 visitar o nosso parceiro RedFoxLotto e comprar os seus bilhetes online. Jogar na RedFoxLotto nunca foi t\u00e3o f\u00e1cil.<\/p>\n<p>Pode comprar bilhetes online para a lotaria EuroMilh\u00f5es duas vezes por semana e, ao faz\u00ea-lo, tem a hip\u00f3tese de ganhar at\u00e9 13 n\u00edveis de pr\u00e9mios diferentes. Para comprar bilhetes online, selecione 5 n\u00fameros principais de 1 a 50. Depois, existem dois n\u00fameros da sorte, ambos entre 1 e 11, sorteados por uma m\u00e1quina separada. Para ganhar o primeiro pr\u00e9mio, precisa de acertar em todos os sete n\u00fameros.<\/p>\n<h2>Porqu\u00ea jogar na lotaria Euromilh\u00f5es online?<\/h2>\n<p><img loading=\"lazy\" decoding=\"async\" class=\" wp-image-1437 alignright\" src=\"https:\/\/gambling6.com\/wp-content\/uploads\/2022\/04\/2_ticket_euromillions-112x300.jpg\" alt=\"bilhete do Euromilh\u00f5es\" width=\"99\" height=\"265\" srcset=\"https:\/\/gambling6.com\/wp-content\/uploads\/2022\/04\/2_ticket_euromillions-112x300.jpg 112w, https:\/\/gambling6.com\/wp-content\/uploads\/2022\/04\/2_ticket_euromillions.jpg 200w\" sizes=\"auto, (max-width: 99px) 100vw, 99px\" \/>A febre da lotaria na Europa pode atingir n\u00edveis epid\u00e9micos \u2014 e j\u00e1 chegou. Por isso, as pessoas fazem fila semanalmente para jogar na maior lotaria da Europa, com um dos tr\u00eas maiores pr\u00e9mios do mundo. A lotaria EuroMilh\u00f5es come\u00e7ou em 2004 e \u00e9 jogada na B\u00e9lgica, Fran\u00e7a, Irlanda, \u00c1ustria, Luxemburgo, Espanha, Portugal, Su\u00ed\u00e7a e Reino Unido. Um casal escoc\u00eas ganhou o maior pr\u00e9mio da hist\u00f3ria em julho de 2011, levando para casa 185 milh\u00f5es de euros.<\/p>\n<p>Para al\u00e9m de todos os jogadores europeus nos pa\u00edses acima mencionados, milh\u00f5es de pessoas compram bilhetes online todas as semanas. Comprar os seus bilhetes online para a lotaria EuroMilh\u00f5es \u00e9 muito simples: visite o site do nosso parceiro RedFoxLotto. A probabilidade de ganhar o pr\u00e9mio principal do EuroMilh\u00f5es \u00e9 de 1 em 116.531.800. No entanto, para concorrer a um dos outros 13 pr\u00e9mios, as suas probabilidades gerais s\u00e3o de 1 em 13.<\/p>\n<p>Mais uma vez, encontrar\u00e1 na lotaria EuroMilh\u00f5es uma das mais emocionantes do mundo. <span style=\"box-sizing: border-box; margin: 0px; padding: 0px;\">Reserve algum tempo para <a href=\"https:\/\/gambling6.com\/go\/redfoxlotto-en\/\" target=\"_blank\" rel=\"noopener\">visitar hoje mesmo a RedFoxLotto, clicando neste link<\/a>, abrir uma conta e come\u00e7ar a jogar nesta gigantesca lotaria europeia.<\/span> Temos a certeza de que ficar\u00e1 feliz por o ter feito. \u00c9 f\u00e1cil comprar bilhetes online para o Euromilh\u00f5es e outras lotarias populares em todo o mundo.<\/p>\n<table style=\"width: 500px;\" border=\"1\" cellspacing=\"5\" cellpadding=\"5\" align=\"center\">\n<tbody>\n<tr>\n<td colspan=\"3\" align=\"center\">Os Cinco Maiores Pr\u00e9mios de 2013<\/td>\n<\/tr>\n<tr>\n<td>Sorteio<\/td>\n<td align=\"center\">Data<\/td>\n<td align=\"center\">Pr\u00e9mio (USD)<\/td>\n<\/tr>\n<tr>\n<td>Euro Millions &#8211; Europa<\/td>\n<td align=\"center\">25 de junho de 2013<\/td>\n<td align=\"right\">$ 260.129.094<\/td>\n<\/tr>\n<tr>\n<td>Euro Millions &#8211; Europa<\/td>\n<td align=\"center\">15 de novembro de 2013<\/td>\n<td align=\"right\">137.000.000$<\/td>\n<\/tr>\n<tr>\n<td>Euro Millions &#8211; Europa<\/td>\n<td align=\"center\">28 de Maio de 2013<\/td>\n<td align=\"right\">$132.676.542<\/td>\n<\/tr>\n<tr>\n<td>Euro Millions &#8211; Europa<\/td>\n<td align=\"center\">25 de junho de 2013<\/td>\n<td align=\"right\">131.636.203$<\/td>\n<\/tr>\n<tr>\n<td>Euro Millions &#8211; Europa<\/td>\n<td align=\"center\">23 de agosto de 2013<\/td>\n<td align=\"right\">$131.628.767<\/td>\n<\/tr>\n<\/tbody>\n<\/table>\n<p>&nbsp;<\/p>\n<table style=\"width: 500px;\" border=\"1\" cellspacing=\"5\" cellpadding=\"5\" align=\"center\">\n<tbody>\n<tr>\n<td colspan=\"3\" align=\"center\">N\u00edveis de Pr\u00e9mios do EuroMilh\u00f5es<\/td>\n<\/tr>\n<tr>\n<td>Pr\u00e9mio<\/td>\n<td align=\"center\">Acertos<\/td>\n<td align=\"center\">Probabilidades<\/td>\n<\/tr>\n<tr>\n<td>1\u00ba (Jackpot)<\/td>\n<td align=\"center\">5 + 2<\/td>\n<td align=\"right\">116.531.800 : 1<\/td>\n<\/tr>\n<tr>\n<td>2\u00ba<\/td>\n<td align=\"center\">5 + 1<\/td>\n<td align=\"right\">6.473.989 : 1<\/td>\n<\/tr>\n<tr>\n<td>3\u00ba<\/td>\n<td align=\"center\">5<\/td>\n<td align=\"right\">3.236.994 : 1<\/td>\n<\/tr>\n<tr>\n<td>4\u00ba<\/td>\n<td align=\"center\">4 + 2<\/td>\n<td align=\"right\">517.919 : 1<\/td>\n<\/tr>\n<tr>\n<td>5\u00ba<\/td>\n<td align=\"center\">4 + 1<\/td>\n<td align=\"right\">28.773 : 1<\/td>\n<\/tr>\n<tr>\n<td>6\u00ba<\/td>\n<td align=\"center\">4<\/td>\n<td align=\"right\">14.387 : 1<\/td>\n<\/tr>\n<tr>\n<td>7\u00ba<\/td>\n<td align=\"center\">3 + 2<\/td>\n<td align=\"right\">11.771 : 1<\/td>\n<\/tr>\n<tr>\n<td>8\u00ba<\/td>\n<td align=\"center\">2 + 2<\/td>\n<td align=\"right\">821 : 1<\/td>\n<\/tr>\n<tr>\n<td>9\u00ba<\/td>\n<td align=\"center\">3 + 1<\/td>\n<td align=\"right\">654 : 1<\/td>\n<\/tr>\n<tr>\n<td>10\u00ba<\/td>\n<td align=\"center\">3<\/td>\n<td align=\"right\">327 : 1<\/td>\n<\/tr>\n<tr>\n<td>11\u00ba<\/td>\n<td align=\"center\">1 + 2<\/td>\n<td align=\"right\">156 : 1<\/td>\n<\/tr>\n<tr>\n<td>12\u00ba<\/td>\n<td align=\"center\">2 + 1<\/td>\n<td align=\"right\">46 : 1<\/td>\n<\/tr>\n<tr>\n<td>13\u00ba<\/td>\n<td align=\"center\">2<\/td>\n<td align=\"right\">23 : 1<\/td>\n<\/tr>\n<\/tbody>\n<\/table>\n","protected":false},"excerpt":{"rendered":"<p>EuroMilh\u00f5es Com 185 milh\u00f5es de euros em jogo e a hip\u00f3tese regular de ganhar mais de 100 milh\u00f5es de euros, as pessoas est\u00e3o a correr para os seus computadores para comprar bilhetes online para a lotaria EuroMilh\u00f5es.O EuroMilh\u00f5es \u00e9 jogado em 9 pa\u00edses da Europa e, no ano passado, pagou mais de 2,5 mil milh\u00f5es [&hellip;]<\/p>\n","protected":false},"author":1,"featured_media":0,"parent":9314,"menu_order":2,"comment_status":"closed","ping_status":"closed","template":"","meta":{"footnotes":""},"class_list":["post-9408","page","type-page","status-publish","hentry"],"yoast_head":"<!-- This site is optimized with the Yoast SEO plugin v27.4 - https:\/\/yoast.com\/product\/yoast-seo-wordpress\/ -->\n<title>Buy Online Tickets for Euromillions Lottery<\/title>\n<meta name=\"description\" content=\"Garanta j\u00e1 os seus bilhetes online para a maior lotaria da Europa, o Euromilh\u00f5es e o Euromilh\u00f5es do Reino Unido, num fornecedor de confian\u00e7a como o RedFoxLotto.com.\" \/>\n<meta name=\"robots\" content=\"index, follow, max-snippet:-1, max-image-preview:large, max-video-preview:-1\" \/>\n<link rel=\"canonical\" href=\"https:\/\/gambling6.com\/pt-pt\/loteria\/como-posso-comprar-bilhetes-online-para-a-lotaria-euromilhoes-estando-fora-da-europa\/\" \/>\n<meta property=\"og:locale\" content=\"pt_PT\" \/>\n<meta property=\"og:type\" content=\"article\" \/>\n<meta property=\"og:title\" content=\"Buy Online Tickets for Euromillions Lottery\" \/>\n<meta property=\"og:description\" content=\"Garanta j\u00e1 os seus bilhetes online para a maior lotaria da Europa, o Euromilh\u00f5es e o Euromilh\u00f5es do Reino Unido, num fornecedor de confian\u00e7a como o RedFoxLotto.com.\" \/>\n<meta property=\"og:url\" content=\"https:\/\/gambling6.com\/pt-pt\/loteria\/como-posso-comprar-bilhetes-online-para-a-lotaria-euromilhoes-estando-fora-da-europa\/\" \/>\n<meta property=\"og:site_name\" content=\"Gambling6\" \/>\n<meta property=\"article:modified_time\" content=\"2025-11-12T18:49:43+00:00\" \/>\n<meta property=\"og:image\" content=\"https:\/\/gambling6.com\/wp-content\/uploads\/2022\/04\/2_ticket_euromillions.jpg\" \/>\n\t<meta property=\"og:image:width\" content=\"200\" \/>\n\t<meta property=\"og:image:height\" content=\"534\" \/>\n\t<meta property=\"og:image:type\" content=\"image\/jpeg\" \/>\n<meta name=\"twitter:card\" content=\"summary_large_image\" \/>\n<meta name=\"twitter:label1\" content=\"Tempo estimado de leitura\" \/>\n\t<meta name=\"twitter:data1\" content=\"2 minutos\" \/>\n<script type=\"application\/ld+json\" class=\"yoast-schema-graph\">{\"@context\":\"https:\\\/\\\/schema.org\",\"@graph\":[{\"@type\":\"WebPage\",\"@id\":\"https:\\\/\\\/gambling6.com\\\/pt-pt\\\/loteria\\\/como-posso-comprar-bilhetes-online-para-a-lotaria-euromilhoes-estando-fora-da-europa\\\/\",\"url\":\"https:\\\/\\\/gambling6.com\\\/pt-pt\\\/loteria\\\/como-posso-comprar-bilhetes-online-para-a-lotaria-euromilhoes-estando-fora-da-europa\\\/\",\"name\":\"Buy Online Tickets for Euromillions Lottery\",\"isPartOf\":{\"@id\":\"https:\\\/\\\/gambling6.com\\\/pt-pt\\\/#website\"},\"primaryImageOfPage\":{\"@id\":\"https:\\\/\\\/gambling6.com\\\/pt-pt\\\/loteria\\\/como-posso-comprar-bilhetes-online-para-a-lotaria-euromilhoes-estando-fora-da-europa\\\/#primaryimage\"},\"image\":{\"@id\":\"https:\\\/\\\/gambling6.com\\\/pt-pt\\\/loteria\\\/como-posso-comprar-bilhetes-online-para-a-lotaria-euromilhoes-estando-fora-da-europa\\\/#primaryimage\"},\"thumbnailUrl\":\"https:\\\/\\\/gambling6.com\\\/wp-content\\\/uploads\\\/2022\\\/04\\\/2_ticket_euromillions-112x300.jpg\",\"datePublished\":\"2025-11-10T21:56:14+00:00\",\"dateModified\":\"2025-11-12T18:49:43+00:00\",\"description\":\"Garanta j\u00e1 os seus bilhetes online para a maior lotaria da Europa, o Euromilh\u00f5es e o Euromilh\u00f5es do Reino Unido, num fornecedor de confian\u00e7a como o RedFoxLotto.com.\",\"breadcrumb\":{\"@id\":\"https:\\\/\\\/gambling6.com\\\/pt-pt\\\/loteria\\\/como-posso-comprar-bilhetes-online-para-a-lotaria-euromilhoes-estando-fora-da-europa\\\/#breadcrumb\"},\"inLanguage\":\"pt-PT\",\"potentialAction\":[{\"@type\":\"ReadAction\",\"target\":[\"https:\\\/\\\/gambling6.com\\\/pt-pt\\\/loteria\\\/como-posso-comprar-bilhetes-online-para-a-lotaria-euromilhoes-estando-fora-da-europa\\\/\"]}]},{\"@type\":\"ImageObject\",\"inLanguage\":\"pt-PT\",\"@id\":\"https:\\\/\\\/gambling6.com\\\/pt-pt\\\/loteria\\\/como-posso-comprar-bilhetes-online-para-a-lotaria-euromilhoes-estando-fora-da-europa\\\/#primaryimage\",\"url\":\"https:\\\/\\\/gambling6.com\\\/wp-content\\\/uploads\\\/2022\\\/04\\\/2_ticket_euromillions-112x300.jpg\",\"contentUrl\":\"https:\\\/\\\/gambling6.com\\\/wp-content\\\/uploads\\\/2022\\\/04\\\/2_ticket_euromillions-112x300.jpg\"},{\"@type\":\"BreadcrumbList\",\"@id\":\"https:\\\/\\\/gambling6.com\\\/pt-pt\\\/loteria\\\/como-posso-comprar-bilhetes-online-para-a-lotaria-euromilhoes-estando-fora-da-europa\\\/#breadcrumb\",\"itemListElement\":[{\"@type\":\"ListItem\",\"position\":1,\"name\":\"Home\",\"item\":\"https:\\\/\\\/gambling6.com\\\/pt-pt\\\/home\\\/\"},{\"@type\":\"ListItem\",\"position\":2,\"name\":\"Loteria\",\"item\":\"https:\\\/\\\/gambling6.com\\\/pt-pt\\\/buying-international-lotto-tickets-online\\\/\"},{\"@type\":\"ListItem\",\"position\":3,\"name\":\"Como posso comprar bilhetes online para a lotaria Euromilh\u00f5es estando fora da Europa?\"}]},{\"@type\":\"WebSite\",\"@id\":\"https:\\\/\\\/gambling6.com\\\/pt-pt\\\/#website\",\"url\":\"https:\\\/\\\/gambling6.com\\\/pt-pt\\\/\",\"name\":\"Gambling6\",\"description\":\"\",\"potentialAction\":[{\"@type\":\"SearchAction\",\"target\":{\"@type\":\"EntryPoint\",\"urlTemplate\":\"https:\\\/\\\/gambling6.com\\\/pt-pt\\\/?s={search_term_string}\"},\"query-input\":{\"@type\":\"PropertyValueSpecification\",\"valueRequired\":true,\"valueName\":\"search_term_string\"}}],\"inLanguage\":\"pt-PT\"}]}<\/script>\n<!-- \/ Yoast SEO plugin. -->","yoast_head_json":{"title":"Buy Online Tickets for Euromillions Lottery","description":"Garanta j\u00e1 os seus bilhetes online para a maior lotaria da Europa, o Euromilh\u00f5es e o Euromilh\u00f5es do Reino Unido, num fornecedor de confian\u00e7a como o RedFoxLotto.com.","robots":{"index":"index","follow":"follow","max-snippet":"max-snippet:-1","max-image-preview":"max-image-preview:large","max-video-preview":"max-video-preview:-1"},"canonical":"https:\/\/gambling6.com\/pt-pt\/loteria\/como-posso-comprar-bilhetes-online-para-a-lotaria-euromilhoes-estando-fora-da-europa\/","og_locale":"pt_PT","og_type":"article","og_title":"Buy Online Tickets for Euromillions Lottery","og_description":"Garanta j\u00e1 os seus bilhetes online para a maior lotaria da Europa, o Euromilh\u00f5es e o Euromilh\u00f5es do Reino Unido, num fornecedor de confian\u00e7a como o RedFoxLotto.com.","og_url":"https:\/\/gambling6.com\/pt-pt\/loteria\/como-posso-comprar-bilhetes-online-para-a-lotaria-euromilhoes-estando-fora-da-europa\/","og_site_name":"Gambling6","article_modified_time":"2025-11-12T18:49:43+00:00","og_image":[{"width":200,"height":534,"url":"https:\/\/gambling6.com\/wp-content\/uploads\/2022\/04\/2_ticket_euromillions.jpg","type":"image\/jpeg"}],"twitter_card":"summary_large_image","twitter_misc":{"Tempo estimado de leitura":"2 minutos"},"schema":{"@context":"https:\/\/schema.org","@graph":[{"@type":"WebPage","@id":"https:\/\/gambling6.com\/pt-pt\/loteria\/como-posso-comprar-bilhetes-online-para-a-lotaria-euromilhoes-estando-fora-da-europa\/","url":"https:\/\/gambling6.com\/pt-pt\/loteria\/como-posso-comprar-bilhetes-online-para-a-lotaria-euromilhoes-estando-fora-da-europa\/","name":"Buy Online Tickets for Euromillions Lottery","isPartOf":{"@id":"https:\/\/gambling6.com\/pt-pt\/#website"},"primaryImageOfPage":{"@id":"https:\/\/gambling6.com\/pt-pt\/loteria\/como-posso-comprar-bilhetes-online-para-a-lotaria-euromilhoes-estando-fora-da-europa\/#primaryimage"},"image":{"@id":"https:\/\/gambling6.com\/pt-pt\/loteria\/como-posso-comprar-bilhetes-online-para-a-lotaria-euromilhoes-estando-fora-da-europa\/#primaryimage"},"thumbnailUrl":"https:\/\/gambling6.com\/wp-content\/uploads\/2022\/04\/2_ticket_euromillions-112x300.jpg","datePublished":"2025-11-10T21:56:14+00:00","dateModified":"2025-11-12T18:49:43+00:00","description":"Garanta j\u00e1 os seus bilhetes online para a maior lotaria da Europa, o Euromilh\u00f5es e o Euromilh\u00f5es do Reino Unido, num fornecedor de confian\u00e7a como o RedFoxLotto.com.","breadcrumb":{"@id":"https:\/\/gambling6.com\/pt-pt\/loteria\/como-posso-comprar-bilhetes-online-para-a-lotaria-euromilhoes-estando-fora-da-europa\/#breadcrumb"},"inLanguage":"pt-PT","potentialAction":[{"@type":"ReadAction","target":["https:\/\/gambling6.com\/pt-pt\/loteria\/como-posso-comprar-bilhetes-online-para-a-lotaria-euromilhoes-estando-fora-da-europa\/"]}]},{"@type":"ImageObject","inLanguage":"pt-PT","@id":"https:\/\/gambling6.com\/pt-pt\/loteria\/como-posso-comprar-bilhetes-online-para-a-lotaria-euromilhoes-estando-fora-da-europa\/#primaryimage","url":"https:\/\/gambling6.com\/wp-content\/uploads\/2022\/04\/2_ticket_euromillions-112x300.jpg","contentUrl":"https:\/\/gambling6.com\/wp-content\/uploads\/2022\/04\/2_ticket_euromillions-112x300.jpg"},{"@type":"BreadcrumbList","@id":"https:\/\/gambling6.com\/pt-pt\/loteria\/como-posso-comprar-bilhetes-online-para-a-lotaria-euromilhoes-estando-fora-da-europa\/#breadcrumb","itemListElement":[{"@type":"ListItem","position":1,"name":"Home","item":"https:\/\/gambling6.com\/pt-pt\/home\/"},{"@type":"ListItem","position":2,"name":"Loteria","item":"https:\/\/gambling6.com\/pt-pt\/buying-international-lotto-tickets-online\/"},{"@type":"ListItem","position":3,"name":"Como posso comprar bilhetes online para a lotaria Euromilh\u00f5es estando fora da Europa?"}]},{"@type":"WebSite","@id":"https:\/\/gambling6.com\/pt-pt\/#website","url":"https:\/\/gambling6.com\/pt-pt\/","name":"Gambling6","description":"","potentialAction":[{"@type":"SearchAction","target":{"@type":"EntryPoint","urlTemplate":"https:\/\/gambling6.com\/pt-pt\/?s={search_term_string}"},"query-input":{"@type":"PropertyValueSpecification","valueRequired":true,"valueName":"search_term_string"}}],"inLanguage":"pt-PT"}]}},"_links":{"self":[{"href":"https:\/\/gambling6.com\/pt-pt\/wp-json\/wp\/v2\/pages\/9408","targetHints":{"allow":["GET"]}}],"collection":[{"href":"https:\/\/gambling6.com\/pt-pt\/wp-json\/wp\/v2\/pages"}],"about":[{"href":"https:\/\/gambling6.com\/pt-pt\/wp-json\/wp\/v2\/types\/page"}],"author":[{"embeddable":true,"href":"https:\/\/gambling6.com\/pt-pt\/wp-json\/wp\/v2\/users\/1"}],"replies":[{"embeddable":true,"href":"https:\/\/gambling6.com\/pt-pt\/wp-json\/wp\/v2\/comments?post=9408"}],"version-history":[{"count":1,"href":"https:\/\/gambling6.com\/pt-pt\/wp-json\/wp\/v2\/pages\/9408\/revisions"}],"predecessor-version":[{"id":10776,"href":"https:\/\/gambling6.com\/pt-pt\/wp-json\/wp\/v2\/pages\/9408\/revisions\/10776"}],"up":[{"embeddable":true,"href":"https:\/\/gambling6.com\/pt-pt\/wp-json\/wp\/v2\/pages\/9314"}],"wp:attachment":[{"href":"https:\/\/gambling6.com\/pt-pt\/wp-json\/wp\/v2\/media?parent=9408"}],"curies":[{"name":"wp","href":"https:\/\/api.w.org\/{rel}","templated":true}]}}