{"id":9432,"date":"2025-11-11T02:39:19","date_gmt":"2025-11-11T02:39:19","guid":{"rendered":"https:\/\/gambling6.com\/loteria\/compre-bilhetes-online-para-a-lotaria-de-nova-iorque\/"},"modified":"2025-11-11T02:39:19","modified_gmt":"2025-11-11T02:39:19","slug":"compre-bilhetes-online-para-a-lotaria-de-nova-iorque","status":"publish","type":"page","link":"https:\/\/gambling6.com\/pt-pt\/loteria\/compre-bilhetes-online-para-a-lotaria-de-nova-iorque\/","title":{"rendered":"Compre bilhetes online para a Lotaria de Nova Iorque"},"content":{"rendered":"<h2>Lotaria de Nova Iorque online<\/h2>\n<p>Com pr\u00e9mios que come\u00e7am nos 3 milh\u00f5es de d\u00f3lares, a Loteria de Nova Iorque torna-se t\u00e3o grande quanto a pr\u00f3pria cidade no dia do sorteio. Para sua informa\u00e7\u00e3o, o pr\u00e9mio m\u00ednimo \u00e9 muito mais elevado do que a maioria, <strong>por isso, ao tomar uma decis\u00e3o, considere comprar bilhetes online para a Lotaria de Nova Iorque<\/strong>.<\/p>\n<p>Se o pr\u00e9mio principal n\u00e3o for ganho, pode esperar pr\u00e9mios acumulados, que geralmente chegam aos 10 d\u00edgitos. Na verdade, o pr\u00e9mio recorde da Lotaria de Nova Iorque \u00e9 de 58 milh\u00f5es de d\u00f3lares. <strong>Com a possibilidade de comprar os seus bilhetes online, pode participar no pr\u00f3ximo pr\u00e9mio recorde.<\/strong><\/p>\n<h2>A Lotaria de Nova Iorque \u00e9 sorteada duas vezes por semana.<\/h2>\n<p>O pr\u00e9mio principal \u00e9 sempre de milh\u00f5es de d\u00f3lares no sorteio realizado duas vezes por semana na cidade de Nova Iorque. Faz todo o sentido que uma das maiores cidades do mundo tenha uma lotaria com um dos maiores pr\u00e9mios iniciais do mundo. Todas as semanas, milh\u00f5es de habitantes de Nova Iorque fazem fila para comprar bilhetes para esta lotaria que pode mudar vidas. <b>N\u00e3o precisa de ficar na fila se puder comprar os seus bilhetes online.<\/b><\/p>\n<p>Sendo uma das lotarias mais antigas dos EUA, fundada em 1967, a Lotaria de Nova Iorque arrecadou quase 40 mil milh\u00f5es de d\u00f3lares para causas de solidariedade em todo o mundo. Em 2004, um \u00fanico apostador levou para casa a incr\u00edvel quantia de 58 milh\u00f5es de d\u00f3lares, que na altura foi um dos maiores pr\u00e9mios de lotaria da hist\u00f3ria dos EUA.<\/p>\n<p>Jogar na Lotaria de Nova Iorque \u00e9 f\u00e1cil. Esta lotaria ao estilo 6\/59 exige que escolha seis n\u00fameros de 1 a 59, al\u00e9m do n\u00famero b\u00f3nus. <strong>Para ganhar o pr\u00e9mio principal, precisa de acertar nos seis n\u00fameros principais, e as suas probabilidades s\u00e3o de aproximadamente 1 em 45 milh\u00f5es. <\/strong>Ao acertar em cinco, quatro ou tr\u00eas n\u00fameros, pode habilitar-se a ganhar um dos cinco pr\u00e9mios secund\u00e1rios dispon\u00edveis em cada sorteio, realizado \u00e0s quartas-feiras e s\u00e1bados de cada semana.<\/p>\n<p>A Lotaria de Nova Iorque \u00e9 um jogo que todos querem jogar, e agora pode comprar os seus bilhetes online atrav\u00e9s do nosso parceiro RedFoxLotto, utilizando este link.<br \/>\nborder=&#8221;1&#8243; cellspacing=&#8221;5&#8243; cellpadding=&#8221;5&#8243; align=&#8221;center&#8221;><\/p>\n<tbody>\n<tr>\n<td colspan=\"3\" align=\"center\">Os Cinco Maiores Pr\u00e9mios da Lotaria de 2013<\/td>\n<\/tr>\n<tr>\n<td>Sorteio<\/td>\n<td align=\"center\">Data<\/td>\n<td align=\"center\">Pr\u00e9mio (USD)<\/td>\n<\/tr>\n<tr>\n<td>Lotaria de Nova Iorque &#8211; EUA<\/td>\n<td align=\"center\">10 de Abril de 2013<\/td>\n<td align=\"right\">26.500.000 d\u00f3lares<\/td>\n<\/tr>\n<tr>\n<td>Lotaria de Nova Iorque &#8211; EUA<\/td>\n<td align=\"center\">29 de junho de 2013<\/td>\n<td align=\"right\">10.700.000$<\/td>\n<\/tr>\n<tr>\n<td>Lotaria de Nova Iorque &#8211; EUA<\/td>\n<td align=\"center\">4 de Setembro de 2013<\/td>\n<td align=\"right\">7.100.000$<\/td>\n<\/tr>\n<tr>\n<td>Lotaria de Nova Iorque &#8211; EUA<\/td>\n<td align=\"center\">6 de novembro de 2013<\/td>\n<td align=\"right\">6.200.000$<\/td>\n<\/tr>\n<tr>\n<td>Lotaria de Nova Iorque &#8211; EUA<\/td>\n<td align=\"center\">23 de novembro de 2013<\/td>\n<td align=\"right\">3.200.000$<\/td>\n<\/tr>\n<\/tbody>\n<\/table>\n<p>&nbsp;<\/p>\n<table style=\"width: 500px;\" border=\"1\" cellspacing=\"5\" cellpadding=\"5\" align=\"center\">\n<tbody>\n<tr>\n<td colspan=\"3\" align=\"center\">New York Lotto &#8211; EUA &#8211; N\u00edveis de Pr\u00e9mios<\/td>\n<\/tr>\n<tr>\n<td>Pr\u00e9mio<\/td>\n<td align=\"center\">Acertos<\/td>\n<td align=\"center\">Probabilidades<\/td>\n<\/tr>\n<tr>\n<td>1\u00ba (Jackpot)<\/td>\n<td align=\"center\">6<\/td>\n<td align=\"right\">45.057.474 : 1<\/td>\n<\/tr>\n<tr>\n<td>2\u00ba<\/td>\n<td align=\"center\">5 + 1<\/td>\n<td align=\"right\">7.509.579 : 1<\/td>\n<\/tr>\n<tr>\n<td>3\u00ba<\/td>\n<td align=\"center\">5<\/td>\n<td align=\"right\">141.690 : 1<\/td>\n<\/tr>\n<tr>\n<td>4\u00ba<\/td>\n<td align=\"center\">4<\/td>\n<td align=\"right\">2.180 : 1<\/td>\n<\/tr>\n<tr>\n<td>5\u00ba<\/td>\n<td align=\"center\">3<\/td>\n<td align=\"right\">96 : 1<\/td>\n<\/tr>\n<\/tbody>\n<\/table>\n","protected":false},"excerpt":{"rendered":"<p>Lotaria de Nova Iorque online Com pr\u00e9mios que come\u00e7am nos 3 milh\u00f5es de d\u00f3lares, a Loteria de Nova Iorque torna-se t\u00e3o grande quanto a pr\u00f3pria cidade no dia do sorteio. Para sua informa\u00e7\u00e3o, o pr\u00e9mio m\u00ednimo \u00e9 muito mais elevado do que a maioria, por isso, ao tomar uma decis\u00e3o, considere comprar bilhetes online para [&hellip;]<\/p>\n","protected":false},"author":1,"featured_media":0,"parent":9314,"menu_order":12,"comment_status":"closed","ping_status":"closed","template":"","meta":{"footnotes":""},"class_list":["post-9432","page","type-page","status-publish","hentry"],"yoast_head":"<!-- This site is optimized with the Yoast SEO plugin v27.3 - https:\/\/yoast.com\/product\/yoast-seo-wordpress\/ -->\n<title>Compre bilhetes da Lotaria de Nova Iorque online.<\/title>\n<meta name=\"description\" content=\"Torne-se um milion\u00e1rio instant\u00e2neo comprando os seus bilhetes online para a lotaria de Nova Iorque.\" \/>\n<meta name=\"robots\" content=\"index, follow, max-snippet:-1, max-image-preview:large, max-video-preview:-1\" \/>\n<link rel=\"canonical\" href=\"https:\/\/gambling6.com\/pt-pt\/loteria\/compre-bilhetes-online-para-a-lotaria-de-nova-iorque\/\" \/>\n<meta property=\"og:locale\" content=\"pt_PT\" \/>\n<meta property=\"og:type\" content=\"article\" \/>\n<meta property=\"og:title\" content=\"Compre bilhetes da Lotaria de Nova Iorque online.\" \/>\n<meta property=\"og:description\" content=\"Torne-se um milion\u00e1rio instant\u00e2neo comprando os seus bilhetes online para a lotaria de Nova Iorque.\" \/>\n<meta property=\"og:url\" content=\"https:\/\/gambling6.com\/pt-pt\/loteria\/compre-bilhetes-online-para-a-lotaria-de-nova-iorque\/\" \/>\n<meta property=\"og:site_name\" content=\"Gambling6\" \/>\n<meta name=\"twitter:card\" content=\"summary_large_image\" \/>\n<meta name=\"twitter:label1\" content=\"Tempo estimado de leitura\" \/>\n\t<meta name=\"twitter:data1\" content=\"2 minutos\" \/>\n<script type=\"application\/ld+json\" class=\"yoast-schema-graph\">{\"@context\":\"https:\\\/\\\/schema.org\",\"@graph\":[{\"@type\":\"WebPage\",\"@id\":\"https:\\\/\\\/gambling6.com\\\/pt-pt\\\/loteria\\\/compre-bilhetes-online-para-a-lotaria-de-nova-iorque\\\/\",\"url\":\"https:\\\/\\\/gambling6.com\\\/pt-pt\\\/loteria\\\/compre-bilhetes-online-para-a-lotaria-de-nova-iorque\\\/\",\"name\":\"Compre bilhetes da Lotaria de Nova Iorque online.\",\"isPartOf\":{\"@id\":\"https:\\\/\\\/gambling6.com\\\/pt-pt\\\/#website\"},\"datePublished\":\"2025-11-11T02:39:19+00:00\",\"description\":\"Torne-se um milion\u00e1rio instant\u00e2neo comprando os seus bilhetes online para a lotaria de Nova Iorque.\",\"breadcrumb\":{\"@id\":\"https:\\\/\\\/gambling6.com\\\/pt-pt\\\/loteria\\\/compre-bilhetes-online-para-a-lotaria-de-nova-iorque\\\/#breadcrumb\"},\"inLanguage\":\"pt-PT\",\"potentialAction\":[{\"@type\":\"ReadAction\",\"target\":[\"https:\\\/\\\/gambling6.com\\\/pt-pt\\\/loteria\\\/compre-bilhetes-online-para-a-lotaria-de-nova-iorque\\\/\"]}]},{\"@type\":\"BreadcrumbList\",\"@id\":\"https:\\\/\\\/gambling6.com\\\/pt-pt\\\/loteria\\\/compre-bilhetes-online-para-a-lotaria-de-nova-iorque\\\/#breadcrumb\",\"itemListElement\":[{\"@type\":\"ListItem\",\"position\":1,\"name\":\"Home\",\"item\":\"https:\\\/\\\/gambling6.com\\\/pt-pt\\\/home\\\/\"},{\"@type\":\"ListItem\",\"position\":2,\"name\":\"Loteria\",\"item\":\"https:\\\/\\\/gambling6.com\\\/pt-pt\\\/buying-international-lotto-tickets-online\\\/\"},{\"@type\":\"ListItem\",\"position\":3,\"name\":\"Compre bilhetes online para a Lotaria de Nova Iorque\"}]},{\"@type\":\"WebSite\",\"@id\":\"https:\\\/\\\/gambling6.com\\\/pt-pt\\\/#website\",\"url\":\"https:\\\/\\\/gambling6.com\\\/pt-pt\\\/\",\"name\":\"Gambling6\",\"description\":\"\",\"potentialAction\":[{\"@type\":\"SearchAction\",\"target\":{\"@type\":\"EntryPoint\",\"urlTemplate\":\"https:\\\/\\\/gambling6.com\\\/pt-pt\\\/?s={search_term_string}\"},\"query-input\":{\"@type\":\"PropertyValueSpecification\",\"valueRequired\":true,\"valueName\":\"search_term_string\"}}],\"inLanguage\":\"pt-PT\"}]}<\/script>\n<!-- \/ Yoast SEO plugin. -->","yoast_head_json":{"title":"Compre bilhetes da Lotaria de Nova Iorque online.","description":"Torne-se um milion\u00e1rio instant\u00e2neo comprando os seus bilhetes online para a lotaria de Nova Iorque.","robots":{"index":"index","follow":"follow","max-snippet":"max-snippet:-1","max-image-preview":"max-image-preview:large","max-video-preview":"max-video-preview:-1"},"canonical":"https:\/\/gambling6.com\/pt-pt\/loteria\/compre-bilhetes-online-para-a-lotaria-de-nova-iorque\/","og_locale":"pt_PT","og_type":"article","og_title":"Compre bilhetes da Lotaria de Nova Iorque online.","og_description":"Torne-se um milion\u00e1rio instant\u00e2neo comprando os seus bilhetes online para a lotaria de Nova Iorque.","og_url":"https:\/\/gambling6.com\/pt-pt\/loteria\/compre-bilhetes-online-para-a-lotaria-de-nova-iorque\/","og_site_name":"Gambling6","twitter_card":"summary_large_image","twitter_misc":{"Tempo estimado de leitura":"2 minutos"},"schema":{"@context":"https:\/\/schema.org","@graph":[{"@type":"WebPage","@id":"https:\/\/gambling6.com\/pt-pt\/loteria\/compre-bilhetes-online-para-a-lotaria-de-nova-iorque\/","url":"https:\/\/gambling6.com\/pt-pt\/loteria\/compre-bilhetes-online-para-a-lotaria-de-nova-iorque\/","name":"Compre bilhetes da Lotaria de Nova Iorque online.","isPartOf":{"@id":"https:\/\/gambling6.com\/pt-pt\/#website"},"datePublished":"2025-11-11T02:39:19+00:00","description":"Torne-se um milion\u00e1rio instant\u00e2neo comprando os seus bilhetes online para a lotaria de Nova Iorque.","breadcrumb":{"@id":"https:\/\/gambling6.com\/pt-pt\/loteria\/compre-bilhetes-online-para-a-lotaria-de-nova-iorque\/#breadcrumb"},"inLanguage":"pt-PT","potentialAction":[{"@type":"ReadAction","target":["https:\/\/gambling6.com\/pt-pt\/loteria\/compre-bilhetes-online-para-a-lotaria-de-nova-iorque\/"]}]},{"@type":"BreadcrumbList","@id":"https:\/\/gambling6.com\/pt-pt\/loteria\/compre-bilhetes-online-para-a-lotaria-de-nova-iorque\/#breadcrumb","itemListElement":[{"@type":"ListItem","position":1,"name":"Home","item":"https:\/\/gambling6.com\/pt-pt\/home\/"},{"@type":"ListItem","position":2,"name":"Loteria","item":"https:\/\/gambling6.com\/pt-pt\/buying-international-lotto-tickets-online\/"},{"@type":"ListItem","position":3,"name":"Compre bilhetes online para a Lotaria de Nova Iorque"}]},{"@type":"WebSite","@id":"https:\/\/gambling6.com\/pt-pt\/#website","url":"https:\/\/gambling6.com\/pt-pt\/","name":"Gambling6","description":"","potentialAction":[{"@type":"SearchAction","target":{"@type":"EntryPoint","urlTemplate":"https:\/\/gambling6.com\/pt-pt\/?s={search_term_string}"},"query-input":{"@type":"PropertyValueSpecification","valueRequired":true,"valueName":"search_term_string"}}],"inLanguage":"pt-PT"}]}},"_links":{"self":[{"href":"https:\/\/gambling6.com\/pt-pt\/wp-json\/wp\/v2\/pages\/9432","targetHints":{"allow":["GET"]}}],"collection":[{"href":"https:\/\/gambling6.com\/pt-pt\/wp-json\/wp\/v2\/pages"}],"about":[{"href":"https:\/\/gambling6.com\/pt-pt\/wp-json\/wp\/v2\/types\/page"}],"author":[{"embeddable":true,"href":"https:\/\/gambling6.com\/pt-pt\/wp-json\/wp\/v2\/users\/1"}],"replies":[{"embeddable":true,"href":"https:\/\/gambling6.com\/pt-pt\/wp-json\/wp\/v2\/comments?post=9432"}],"version-history":[{"count":0,"href":"https:\/\/gambling6.com\/pt-pt\/wp-json\/wp\/v2\/pages\/9432\/revisions"}],"up":[{"embeddable":true,"href":"https:\/\/gambling6.com\/pt-pt\/wp-json\/wp\/v2\/pages\/9314"}],"wp:attachment":[{"href":"https:\/\/gambling6.com\/pt-pt\/wp-json\/wp\/v2\/media?parent=9432"}],"curies":[{"name":"wp","href":"https:\/\/api.w.org\/{rel}","templated":true}]}}