{"id":9498,"date":"2025-11-11T03:36:08","date_gmt":"2025-11-11T03:36:08","guid":{"rendered":"https:\/\/gambling6.com\/loteria\/participe-na-loteria-canadense-6-49\/"},"modified":"2025-11-11T03:36:08","modified_gmt":"2025-11-11T03:36:08","slug":"participe-na-loteria-canadense-6-49","status":"publish","type":"page","link":"https:\/\/gambling6.com\/pt-pt\/loteria\/participe-na-loteria-canadense-6-49\/","title":{"rendered":"Participe na Loteria Canadense 6\/49"},"content":{"rendered":"<h2>Lotaria canadiana 6\/49<\/h2>\n<p>Desde 1982, no Canad\u00e1, que duas coisas estavam garantidas no inverno. A primeira era poder assistir ao Hockey Night in Canada na CBC. A segunda era prever que algu\u00e9m se tornaria milion\u00e1rio jogando na Lotaria 6\/49. Hoje, ainda pode contar com o sorteio de s\u00e1bado \u00e0 noite. <strong>A grande diferen\u00e7a hoje \u00e9 que pode comprar bilhetes online para o sorteio da Lotto 6\/49 do Canad\u00e1.<\/strong> Reserve algum tempo para <a class=\"thirstylink\" title=\"Redfoxlotto\" href=\"https:\/\/gambling6.com\/go\/redfoxlotto\/\" target=\"_blank\" rel=\"nofollow noopener\">comprar os seus bilhetes online hoje mesmo no nosso parceiro RedFoxLotto.com.<\/a><img class=\" alignright size-full wp-image-562\" style=\"margin: 10px; border: 5px solid #ffffff; float: right;\" A probabilidade de ganhar o primeiro pr\u00e9mio na Lotto 6\/49 do Canad\u00e1 \u00e9 de 13.983.816 para 1. As probabilidades gerais de ganhar um pr\u00e9mio s\u00e3o de aproximadamente uma em 32. Para comprar bilhetes online, primeiro selecione seis n\u00fameros principais de 1 a 49. <strong>Para levar para casa uma parte do pr\u00e9mio principal, deve acertar em todos os seis n\u00fameros sorteados<\/strong>. Para ganhar o segundo pr\u00e9mio, escolha cinco n\u00fameros principais mais o n\u00famero b\u00f3nus corretamente. Os sorteios decorrem nas noites de s\u00e1bado e quarta-feira, por volta das 19h10 (hora do leste canadiano). Existem seis categorias de pr\u00e9mios e, se ningu\u00e9m ganhar o pr\u00e9mio principal, este \u00e9 acumulado para o pr\u00f3ximo sorteio at\u00e9 que algu\u00e9m finalmente ganhe. <\/p>\n<h2>Concorra a grandes pr\u00e9mios com bilhetes online para o Lotto 6\/49<\/h2>\n<table style=\"width: 500px;\" border=\"1\" cellspacing=\"5\" cellpadding=\"5\" align=\"center\">\n<tbody>\n<tr>\n<td colspan=\"3\" align=\"center\">Os Cinco Maiores Pr\u00e9mios de 2013<\/td>\n<\/tr>\n<tr>\n<td>Sorteio<\/td>\n<td align=\"center\">Data<\/td>\n<td align=\"center\">Pr\u00e9mio (USD)<\/td>\n<\/tr>\n<tr>\n<td>Lotto 6\/49 &#8211; Canad\u00e1<\/td>\n<td align=\"center\">13 de Abril de 2013<\/td>\n<td align=\"right\">$ 58.974.913<\/td>\n<\/tr>\n<tr>\n<td>Lotto 6\/49 &#8211; Canad\u00e1<\/td>\n<td align=\"center\">12 de Outubro de 2013<\/td>\n<td align=\"right\">$ 37.200.000<\/td>\n<\/tr>\n<tr>\n<td>Lotto 6\/49 &#8211; Canad\u00e1<\/td>\n<td align=\"center\">30 de Outubro de 2013<\/td>\n<td align=\"right\">$ 18.807.390<\/td>\n<\/tr>\n<tr>\n<td>Lotto 6\/49 &#8211; Canad\u00e1<\/td>\n<td align=\"center\">6 de julho de 2013<\/td>\n<td align=\"right\">$ 18.351.756<\/td>\n<\/tr>\n<tr>\n<td>Lotto 6\/49 &#8211; Canad\u00e1<\/td>\n<td align=\"center\">4 de Dezembro de 2013<\/td>\n<td align=\"right\">$ 17.670.000<\/td>\n<\/tr>\n<\/tbody>\n<\/table>\n<h2>V\u00e1rios n\u00edveis de pr\u00e9mios Ganhe com bilhetes de lotaria online<\/h2>\n<p>Ter a possibilidade de ganhar em sete categorias diferentes abre um mundo de possibilidades para ganhar dinheiro ao comprar bilhetes online para o Lotto 6\/49. Muitas pessoas, na verdade, esquecem-se de todos os n\u00edveis extra em que se pode ganhar um pr\u00e9mio. \u00c9 importante, depois de comprar os bilhetes, verific\u00e1-los para ver se ganhou alguma coisa.<\/p>\n<p>\u00c9 um facto que muitas pessoas compram bilhetes todas as semanas e n\u00e3o verificam se ganharam alguma coisa depois de ouvirem que algu\u00e9m comprou um bilhete num local diferente do seu e ganhou o pr\u00e9mio principal. <b>T\u00e3o f\u00e1cil como \u00e9 comprar bilhetes Lotto 6\/49 online, \u00e9 igualmente f\u00e1cil verificar os seus bilhetes online.<\/b> Existem muitas ferramentas para o ajudar a pesquisar em v\u00e1rias bases de dados das principais lotarias do mundo.<\/p>\n<table style=\"width: 500px;\" border=\"1\" cellspacing=\"5\" cellpadding=\"5\" align=\"center\">\n<tbody>\n<tr>\n<td colspan=\"3\" align=\"center\">N\u00edveis de Pr\u00e9mios da Lotaria 6\/49 &#8211; Canad\u00e1<\/td>\n<\/tr>\n<tr>\n<td>Pr\u00e9mio<\/td>\n<td align=\"center\">Acertos<\/td>\n<td align=\"center\">Probabilidades<\/td>\n<\/tr>\n<tr>\n<td>1\u00ba (Jackpot)<\/td>\n<td align=\"center\">6<\/td>\n<td align=\"right\">13.983.816 : 1<\/td>\n<\/tr>\n<tr>\n<td>2\u00ba<\/td>\n<td align=\"center\">5 + 1<\/td>\n<td align=\"right\">2.330.636 : 1<\/td>\n<\/tr>\n<tr>\n<td>3\u00ba<\/td>\n<td align=\"center\">5<\/td>\n<td align=\"right\">55.492 : 1<\/td>\n<\/tr>\n<tr>\n<td>4\u00ba<\/td>\n<td align=\"center\">4<\/td>\n<td align=\"right\">1.033 : 1<\/td>\n<\/tr>\n<tr>\n<td>5\u00ba<\/td>\n<td align=\"center\">3<\/td>\n<td align=\"right\">57 : 1<\/td>\n<\/tr>\n<tr>\n<td>6\u00ba<\/td>\n<td align=\"center\">2 + 1<\/td>\n<td align=\"right\">81 : 1<\/td>\n<\/tr>\n<tr>\n<td>7\u00ba<\/td>\n<td align=\"center\">2<\/td>\n<td align=\"right\">8 : 1<\/td>\n<\/tr>\n<\/tbody>\n<\/table>\n<p style=\"text-align: center;\"><strong>Jogue online na lotaria canadiana 6\/49 e aproveite a liberdade de se tornar milion\u00e1rio!<\/strong><\/p>\n","protected":false},"excerpt":{"rendered":"<p>Lotaria canadiana 6\/49 Desde 1982, no Canad\u00e1, que duas coisas estavam garantidas no inverno. A primeira era poder assistir ao Hockey Night in Canada na CBC. A segunda era prever que algu\u00e9m se tornaria milion\u00e1rio jogando na Lotaria 6\/49. Hoje, ainda pode contar com o sorteio de s\u00e1bado \u00e0 noite. A grande diferen\u00e7a hoje \u00e9 [&hellip;]<\/p>\n","protected":false},"author":1,"featured_media":4079,"parent":9314,"menu_order":5,"comment_status":"closed","ping_status":"closed","template":"","meta":{"footnotes":""},"class_list":["post-9498","page","type-page","status-publish","has-post-thumbnail","hentry"],"yoast_head":"<!-- This site is optimized with the Yoast SEO plugin v27.5 - https:\/\/yoast.com\/product\/yoast-seo-wordpress\/ -->\n<title>Adquira bilhetes online para a Lotaria do Canad\u00e1 6\/49<\/title>\n<meta name=\"description\" content=\"Agora \u00e9 f\u00e1cil comprar bilhetes online para a Lotto 6\/49 no Canad\u00e1.\" \/>\n<meta name=\"robots\" content=\"index, follow, max-snippet:-1, max-image-preview:large, max-video-preview:-1\" \/>\n<link rel=\"canonical\" href=\"https:\/\/gambling6.com\/pt-pt\/loteria\/participe-na-loteria-canadense-6-49\/\" \/>\n<meta property=\"og:locale\" content=\"pt_PT\" \/>\n<meta property=\"og:type\" content=\"article\" \/>\n<meta property=\"og:title\" content=\"Adquira bilhetes online para a Lotaria do Canad\u00e1 6\/49\" \/>\n<meta property=\"og:description\" content=\"Agora \u00e9 f\u00e1cil comprar bilhetes online para a Lotto 6\/49 no Canad\u00e1.\" \/>\n<meta property=\"og:url\" content=\"https:\/\/gambling6.com\/pt-pt\/loteria\/participe-na-loteria-canadense-6-49\/\" \/>\n<meta property=\"og:site_name\" content=\"Gambling6\" \/>\n<meta property=\"og:image\" content=\"https:\/\/gambling6.com\/wp-content\/uploads\/2013\/12\/get-online-649-lotto-tickets.png\" \/>\n\t<meta property=\"og:image:width\" content=\"300\" \/>\n\t<meta property=\"og:image:height\" content=\"190\" \/>\n\t<meta property=\"og:image:type\" content=\"image\/png\" \/>\n<meta name=\"twitter:card\" content=\"summary_large_image\" \/>\n<script type=\"application\/ld+json\" class=\"yoast-schema-graph\">{\"@context\":\"https:\\\/\\\/schema.org\",\"@graph\":[{\"@type\":\"WebPage\",\"@id\":\"https:\\\/\\\/gambling6.com\\\/pt-pt\\\/loteria\\\/participe-na-loteria-canadense-6-49\\\/\",\"url\":\"https:\\\/\\\/gambling6.com\\\/pt-pt\\\/loteria\\\/participe-na-loteria-canadense-6-49\\\/\",\"name\":\"Adquira bilhetes online para a Lotaria do Canad\u00e1 6\\\/49\",\"isPartOf\":{\"@id\":\"https:\\\/\\\/gambling6.com\\\/pt-pt\\\/#website\"},\"primaryImageOfPage\":{\"@id\":\"https:\\\/\\\/gambling6.com\\\/pt-pt\\\/loteria\\\/participe-na-loteria-canadense-6-49\\\/#primaryimage\"},\"image\":{\"@id\":\"https:\\\/\\\/gambling6.com\\\/pt-pt\\\/loteria\\\/participe-na-loteria-canadense-6-49\\\/#primaryimage\"},\"thumbnailUrl\":\"https:\\\/\\\/gambling6.com\\\/wp-content\\\/uploads\\\/2013\\\/12\\\/get-online-649-lotto-tickets.png\",\"datePublished\":\"2025-11-11T03:36:08+00:00\",\"description\":\"Agora \u00e9 f\u00e1cil comprar bilhetes online para a Lotto 6\\\/49 no Canad\u00e1.\",\"breadcrumb\":{\"@id\":\"https:\\\/\\\/gambling6.com\\\/pt-pt\\\/loteria\\\/participe-na-loteria-canadense-6-49\\\/#breadcrumb\"},\"inLanguage\":\"pt-PT\",\"potentialAction\":[{\"@type\":\"ReadAction\",\"target\":[\"https:\\\/\\\/gambling6.com\\\/pt-pt\\\/loteria\\\/participe-na-loteria-canadense-6-49\\\/\"]}]},{\"@type\":\"ImageObject\",\"inLanguage\":\"pt-PT\",\"@id\":\"https:\\\/\\\/gambling6.com\\\/pt-pt\\\/loteria\\\/participe-na-loteria-canadense-6-49\\\/#primaryimage\",\"url\":\"https:\\\/\\\/gambling6.com\\\/wp-content\\\/uploads\\\/2013\\\/12\\\/get-online-649-lotto-tickets.png\",\"contentUrl\":\"https:\\\/\\\/gambling6.com\\\/wp-content\\\/uploads\\\/2013\\\/12\\\/get-online-649-lotto-tickets.png\",\"width\":300,\"height\":190},{\"@type\":\"BreadcrumbList\",\"@id\":\"https:\\\/\\\/gambling6.com\\\/pt-pt\\\/loteria\\\/participe-na-loteria-canadense-6-49\\\/#breadcrumb\",\"itemListElement\":[{\"@type\":\"ListItem\",\"position\":1,\"name\":\"Home\",\"item\":\"https:\\\/\\\/gambling6.com\\\/pt-pt\\\/home\\\/\"},{\"@type\":\"ListItem\",\"position\":2,\"name\":\"Loteria\",\"item\":\"https:\\\/\\\/gambling6.com\\\/pt-pt\\\/buying-international-lotto-tickets-online\\\/\"},{\"@type\":\"ListItem\",\"position\":3,\"name\":\"Participe na Loteria Canadense 6\\\/49\"}]},{\"@type\":\"WebSite\",\"@id\":\"https:\\\/\\\/gambling6.com\\\/pt-pt\\\/#website\",\"url\":\"https:\\\/\\\/gambling6.com\\\/pt-pt\\\/\",\"name\":\"Gambling6\",\"description\":\"\",\"potentialAction\":[{\"@type\":\"SearchAction\",\"target\":{\"@type\":\"EntryPoint\",\"urlTemplate\":\"https:\\\/\\\/gambling6.com\\\/pt-pt\\\/?s={search_term_string}\"},\"query-input\":{\"@type\":\"PropertyValueSpecification\",\"valueRequired\":true,\"valueName\":\"search_term_string\"}}],\"inLanguage\":\"pt-PT\"}]}<\/script>\n<!-- \/ Yoast SEO plugin. -->","yoast_head_json":{"title":"Adquira bilhetes online para a Lotaria do Canad\u00e1 6\/49","description":"Agora \u00e9 f\u00e1cil comprar bilhetes online para a Lotto 6\/49 no Canad\u00e1.","robots":{"index":"index","follow":"follow","max-snippet":"max-snippet:-1","max-image-preview":"max-image-preview:large","max-video-preview":"max-video-preview:-1"},"canonical":"https:\/\/gambling6.com\/pt-pt\/loteria\/participe-na-loteria-canadense-6-49\/","og_locale":"pt_PT","og_type":"article","og_title":"Adquira bilhetes online para a Lotaria do Canad\u00e1 6\/49","og_description":"Agora \u00e9 f\u00e1cil comprar bilhetes online para a Lotto 6\/49 no Canad\u00e1.","og_url":"https:\/\/gambling6.com\/pt-pt\/loteria\/participe-na-loteria-canadense-6-49\/","og_site_name":"Gambling6","og_image":[{"width":300,"height":190,"url":"https:\/\/gambling6.com\/wp-content\/uploads\/2013\/12\/get-online-649-lotto-tickets.png","type":"image\/png"}],"twitter_card":"summary_large_image","schema":{"@context":"https:\/\/schema.org","@graph":[{"@type":"WebPage","@id":"https:\/\/gambling6.com\/pt-pt\/loteria\/participe-na-loteria-canadense-6-49\/","url":"https:\/\/gambling6.com\/pt-pt\/loteria\/participe-na-loteria-canadense-6-49\/","name":"Adquira bilhetes online para a Lotaria do Canad\u00e1 6\/49","isPartOf":{"@id":"https:\/\/gambling6.com\/pt-pt\/#website"},"primaryImageOfPage":{"@id":"https:\/\/gambling6.com\/pt-pt\/loteria\/participe-na-loteria-canadense-6-49\/#primaryimage"},"image":{"@id":"https:\/\/gambling6.com\/pt-pt\/loteria\/participe-na-loteria-canadense-6-49\/#primaryimage"},"thumbnailUrl":"https:\/\/gambling6.com\/wp-content\/uploads\/2013\/12\/get-online-649-lotto-tickets.png","datePublished":"2025-11-11T03:36:08+00:00","description":"Agora \u00e9 f\u00e1cil comprar bilhetes online para a Lotto 6\/49 no Canad\u00e1.","breadcrumb":{"@id":"https:\/\/gambling6.com\/pt-pt\/loteria\/participe-na-loteria-canadense-6-49\/#breadcrumb"},"inLanguage":"pt-PT","potentialAction":[{"@type":"ReadAction","target":["https:\/\/gambling6.com\/pt-pt\/loteria\/participe-na-loteria-canadense-6-49\/"]}]},{"@type":"ImageObject","inLanguage":"pt-PT","@id":"https:\/\/gambling6.com\/pt-pt\/loteria\/participe-na-loteria-canadense-6-49\/#primaryimage","url":"https:\/\/gambling6.com\/wp-content\/uploads\/2013\/12\/get-online-649-lotto-tickets.png","contentUrl":"https:\/\/gambling6.com\/wp-content\/uploads\/2013\/12\/get-online-649-lotto-tickets.png","width":300,"height":190},{"@type":"BreadcrumbList","@id":"https:\/\/gambling6.com\/pt-pt\/loteria\/participe-na-loteria-canadense-6-49\/#breadcrumb","itemListElement":[{"@type":"ListItem","position":1,"name":"Home","item":"https:\/\/gambling6.com\/pt-pt\/home\/"},{"@type":"ListItem","position":2,"name":"Loteria","item":"https:\/\/gambling6.com\/pt-pt\/buying-international-lotto-tickets-online\/"},{"@type":"ListItem","position":3,"name":"Participe na Loteria Canadense 6\/49"}]},{"@type":"WebSite","@id":"https:\/\/gambling6.com\/pt-pt\/#website","url":"https:\/\/gambling6.com\/pt-pt\/","name":"Gambling6","description":"","potentialAction":[{"@type":"SearchAction","target":{"@type":"EntryPoint","urlTemplate":"https:\/\/gambling6.com\/pt-pt\/?s={search_term_string}"},"query-input":{"@type":"PropertyValueSpecification","valueRequired":true,"valueName":"search_term_string"}}],"inLanguage":"pt-PT"}]}},"_links":{"self":[{"href":"https:\/\/gambling6.com\/pt-pt\/wp-json\/wp\/v2\/pages\/9498","targetHints":{"allow":["GET"]}}],"collection":[{"href":"https:\/\/gambling6.com\/pt-pt\/wp-json\/wp\/v2\/pages"}],"about":[{"href":"https:\/\/gambling6.com\/pt-pt\/wp-json\/wp\/v2\/types\/page"}],"author":[{"embeddable":true,"href":"https:\/\/gambling6.com\/pt-pt\/wp-json\/wp\/v2\/users\/1"}],"replies":[{"embeddable":true,"href":"https:\/\/gambling6.com\/pt-pt\/wp-json\/wp\/v2\/comments?post=9498"}],"version-history":[{"count":0,"href":"https:\/\/gambling6.com\/pt-pt\/wp-json\/wp\/v2\/pages\/9498\/revisions"}],"up":[{"embeddable":true,"href":"https:\/\/gambling6.com\/pt-pt\/wp-json\/wp\/v2\/pages\/9314"}],"wp:featuredmedia":[{"embeddable":true,"href":"https:\/\/gambling6.com\/pt-pt\/wp-json\/wp\/v2\/media\/4079"}],"wp:attachment":[{"href":"https:\/\/gambling6.com\/pt-pt\/wp-json\/wp\/v2\/media?parent=9498"}],"curies":[{"name":"wp","href":"https:\/\/api.w.org\/{rel}","templated":true}]}}