{"id":9630,"date":"2025-11-11T08:22:20","date_gmt":"2025-11-11T08:22:20","guid":{"rendered":"https:\/\/gambling6.com\/loteria\/compre-bilhetes-da-lotaria-da-florida-online\/"},"modified":"2025-11-11T08:22:20","modified_gmt":"2025-11-11T08:22:20","slug":"compre-bilhetes-da-lotaria-da-florida-online","status":"publish","type":"page","link":"https:\/\/gambling6.com\/pt-pt\/loteria\/compre-bilhetes-da-lotaria-da-florida-online\/","title":{"rendered":"Compre bilhetes da Lotaria da Fl\u00f3rida online."},"content":{"rendered":"<h2>Lotaria da Fl\u00f3rida<\/h2>\n<p>Estado quente, lotaria quente! Os residentes da Fl\u00f3rida certamente concordariam que a lotaria \u00e9 imperd\u00edvel todas as quartas-feiras e s\u00e1bados. Com pr\u00e9mios iniciais de 2 milh\u00f5es de d\u00f3lares e ultrapassando frequentemente os 10 milh\u00f5es de d\u00f3lares, a Loteria da Fl\u00f3rida tornou-se incrivelmente popular entre os turistas de inverno e os fan\u00e1ticos das lotarias online. <strong>Comprar os seus bilhetes online para a Lotaria da Fl\u00f3rida \u00e9 mais f\u00e1cil do que viajar at\u00e9 \u00e0 Fl\u00f3rida para os comprar.<\/strong><\/p>\n<p>Embora as probabilidades de ganhar o pr\u00e9mio principal sejam de uma em 22.957.480, tem mais de 1 em 67 hip\u00f3teses de ganhar um dos pr\u00e9mios dispon\u00edveis nos quatro n\u00edveis.<\/strong> Como existem apenas quatro n\u00edveis de pr\u00e9mios, os valores em dinheiro s\u00e3o mais elevados do que na maioria das outras lotarias. Ainda assim, ganhar o pr\u00e9mio principal n\u00e3o \u00e9 imposs\u00edvel. O pr\u00e9mio recorde foi de pouco mais de 106 milh\u00f5es de d\u00f3lares; este foi um dos maiores pr\u00e9mios da hist\u00f3ria americana na \u00e9poca em que foi ganho.<\/p>\n<h2>Lotaria da Fl\u00f3rida Apoia a Educa\u00e7\u00e3o<\/h2>\n<p>Em 1988, para ajudar a financiar a educa\u00e7\u00e3o no estado da Florida, foi criada a Florida Lottery. Foi angariado muito dinheiro para a causa e, com a adi\u00e7\u00e3o das vendas online, os pr\u00e9mios da Lotaria da Fl\u00f3rida cresceram rapidamente. Isto \u00e9 evidente pelo pr\u00e9mio recorde de 1990, de 106 milh\u00f5es de d\u00f3lares. <strong>Este pr\u00e9mio recorde foi ganho por seis vencedores diferentes, todos com os n\u00fameros nos seus bilhetes.<\/strong><\/p>\n<p>Para jogar nesta lotaria, precisa de escolher seis n\u00fameros entre 1 e 53. Para ganhar o pr\u00e9mio principal, basta acertar em todos os seis n\u00fameros. Se o pr\u00e9mio principal n\u00e3o for ganho, acumula para o pr\u00f3ximo sorteio. Como portador de um bilhete online, tem a hip\u00f3tese de ganhar em quatro n\u00edveis diferentes de pr\u00e9mios que tamb\u00e9m lhe podem render uma boa quantia.<\/p>\n<p>Talvez n\u00e3o consiga lidar com o clima quente da Fl\u00f3rida. Ainda assim, pode certamente <a class=\"thirstylink\" title=\"TheLotter en\" href=\"https:\/\/gambling6.com\/go\/thelotter-en\/\" target=\"_blank\" rel=\"nofollow noopener\"><strong>aproveitar a oportunidade de comprar os seus bilhetes online para a Lotaria da Fl\u00f3rida, visitando o nosso parceiro, TheLotter<\/strong>.<\/a><\/p>\n<p>&nbsp;<\/p>\n<table style=\"width: 500px;\" border=\"1\" cellspacing=\"5\" cellpadding=\"5\" align=\"center\">\n<tbody>\n<tr>\n<td colspan=\"3\" align=\"center\">Principais Pr\u00e9mios da Lotaria 2013<\/td>\n<\/tr>\n<tr>\n<td>Sorteio<\/td>\n<td align=\"center\">Data<\/td>\n<td align=\"center\">Pr\u00e9mio (USD)<\/td>\n<\/tr>\n<tr>\n<td>Lotaria da Florida &#8211; EUA<\/td>\n<td align=\"center\">24 de agosto de 2013<\/td>\n<td align=\"right\">$ 58.000.000<\/td>\n<\/tr>\n<tr>\n<td>Lotaria da Florida &#8211; EUA<\/td>\n<td align=\"center\">18 de Dezembro de 2013<\/td>\n<td align=\"right\">46.000.000$<\/td>\n<\/tr>\n<\/tbody>\n<\/table>\n<p>&nbsp;<\/p>\n<table style=\"width: 500px;\" border=\"1\" cellspacing=\"5\" cellpadding=\"5\" align=\"center\">\n<tbody>\n<tr>\n<td colspan=\"3\" align=\"center\">Lotaria Florida &#8211; EUA &#8211; N\u00edveis de Pr\u00e9mios<\/td>\n<\/tr>\n<tr>\n<td>Pr\u00e9mio<\/td>\n<td align=\"center\">Acertos<\/td>\n<td align=\"center\">Probabilidades<\/td>\n<\/tr>\n<tr>\n<td>1\u00ba (Jackpot)<\/td>\n<td align=\"center\">6<\/td>\n<td align=\"right\">22.957.480 : 1<\/td>\n<\/tr>\n<tr>\n<td>2\u00ba<\/td>\n<td align=\"center\">5<\/td>\n<td align=\"right\">81.410 : 1<\/td>\n<\/tr>\n<tr>\n<td>3\u00ba<\/td>\n<td align=\"center\">4<\/td>\n<td align=\"right\">1.416 : 1<\/td>\n<\/tr>\n<tr>\n<td>4\u00ba<\/td>\n<td align=\"center\">3<\/td>\n<td align=\"right\">71 : 1<\/td>\n<\/tr>\n<\/tbody>\n<\/table>\n","protected":false},"excerpt":{"rendered":"<p>Lotaria da Fl\u00f3rida Estado quente, lotaria quente! Os residentes da Fl\u00f3rida certamente concordariam que a lotaria \u00e9 imperd\u00edvel todas as quartas-feiras e s\u00e1bados. Com pr\u00e9mios iniciais de 2 milh\u00f5es de d\u00f3lares e ultrapassando frequentemente os 10 milh\u00f5es de d\u00f3lares, a Loteria da Fl\u00f3rida tornou-se incrivelmente popular entre os turistas de inverno e os fan\u00e1ticos das [&hellip;]<\/p>\n","protected":false},"author":1,"featured_media":0,"parent":9314,"menu_order":11,"comment_status":"closed","ping_status":"closed","template":"","meta":{"footnotes":""},"class_list":["post-9630","page","type-page","status-publish","hentry"],"yoast_head":"<!-- This site is optimized with the Yoast SEO plugin v27.5 - https:\/\/yoast.com\/product\/yoast-seo-wordpress\/ -->\n<title>Compre bilhetes online para a Lotaria da Fl\u00f3rida<\/title>\n<meta name=\"description\" content=\"Participe na Lotaria da Fl\u00f3rida e fuja do calor comprando os seus bilhetes online.\" \/>\n<meta name=\"robots\" content=\"index, follow, max-snippet:-1, max-image-preview:large, max-video-preview:-1\" \/>\n<link rel=\"canonical\" href=\"https:\/\/gambling6.com\/pt-pt\/loteria\/compre-bilhetes-da-lotaria-da-florida-online\/\" \/>\n<meta property=\"og:locale\" content=\"pt_PT\" \/>\n<meta property=\"og:type\" content=\"article\" \/>\n<meta property=\"og:title\" content=\"Compre bilhetes online para a Lotaria da Fl\u00f3rida\" \/>\n<meta property=\"og:description\" content=\"Participe na Lotaria da Fl\u00f3rida e fuja do calor comprando os seus bilhetes online.\" \/>\n<meta property=\"og:url\" content=\"https:\/\/gambling6.com\/pt-pt\/loteria\/compre-bilhetes-da-lotaria-da-florida-online\/\" \/>\n<meta property=\"og:site_name\" content=\"Gambling6\" \/>\n<meta name=\"twitter:card\" content=\"summary_large_image\" \/>\n<meta name=\"twitter:label1\" content=\"Tempo estimado de leitura\" \/>\n\t<meta name=\"twitter:data1\" content=\"2 minutos\" \/>\n<script type=\"application\/ld+json\" class=\"yoast-schema-graph\">{\"@context\":\"https:\\\/\\\/schema.org\",\"@graph\":[{\"@type\":\"WebPage\",\"@id\":\"https:\\\/\\\/gambling6.com\\\/pt-pt\\\/loteria\\\/compre-bilhetes-da-lotaria-da-florida-online\\\/\",\"url\":\"https:\\\/\\\/gambling6.com\\\/pt-pt\\\/loteria\\\/compre-bilhetes-da-lotaria-da-florida-online\\\/\",\"name\":\"Compre bilhetes online para a Lotaria da Fl\u00f3rida\",\"isPartOf\":{\"@id\":\"https:\\\/\\\/gambling6.com\\\/pt-pt\\\/#website\"},\"datePublished\":\"2025-11-11T08:22:20+00:00\",\"description\":\"Participe na Lotaria da Fl\u00f3rida e fuja do calor comprando os seus bilhetes online.\",\"breadcrumb\":{\"@id\":\"https:\\\/\\\/gambling6.com\\\/pt-pt\\\/loteria\\\/compre-bilhetes-da-lotaria-da-florida-online\\\/#breadcrumb\"},\"inLanguage\":\"pt-PT\",\"potentialAction\":[{\"@type\":\"ReadAction\",\"target\":[\"https:\\\/\\\/gambling6.com\\\/pt-pt\\\/loteria\\\/compre-bilhetes-da-lotaria-da-florida-online\\\/\"]}]},{\"@type\":\"BreadcrumbList\",\"@id\":\"https:\\\/\\\/gambling6.com\\\/pt-pt\\\/loteria\\\/compre-bilhetes-da-lotaria-da-florida-online\\\/#breadcrumb\",\"itemListElement\":[{\"@type\":\"ListItem\",\"position\":1,\"name\":\"Home\",\"item\":\"https:\\\/\\\/gambling6.com\\\/pt-pt\\\/home\\\/\"},{\"@type\":\"ListItem\",\"position\":2,\"name\":\"Loteria\",\"item\":\"https:\\\/\\\/gambling6.com\\\/pt-pt\\\/buying-international-lotto-tickets-online\\\/\"},{\"@type\":\"ListItem\",\"position\":3,\"name\":\"Compre bilhetes da Lotaria da Fl\u00f3rida online.\"}]},{\"@type\":\"WebSite\",\"@id\":\"https:\\\/\\\/gambling6.com\\\/pt-pt\\\/#website\",\"url\":\"https:\\\/\\\/gambling6.com\\\/pt-pt\\\/\",\"name\":\"Gambling6\",\"description\":\"\",\"potentialAction\":[{\"@type\":\"SearchAction\",\"target\":{\"@type\":\"EntryPoint\",\"urlTemplate\":\"https:\\\/\\\/gambling6.com\\\/pt-pt\\\/?s={search_term_string}\"},\"query-input\":{\"@type\":\"PropertyValueSpecification\",\"valueRequired\":true,\"valueName\":\"search_term_string\"}}],\"inLanguage\":\"pt-PT\"}]}<\/script>\n<!-- \/ Yoast SEO plugin. -->","yoast_head_json":{"title":"Compre bilhetes online para a Lotaria da Fl\u00f3rida","description":"Participe na Lotaria da Fl\u00f3rida e fuja do calor comprando os seus bilhetes online.","robots":{"index":"index","follow":"follow","max-snippet":"max-snippet:-1","max-image-preview":"max-image-preview:large","max-video-preview":"max-video-preview:-1"},"canonical":"https:\/\/gambling6.com\/pt-pt\/loteria\/compre-bilhetes-da-lotaria-da-florida-online\/","og_locale":"pt_PT","og_type":"article","og_title":"Compre bilhetes online para a Lotaria da Fl\u00f3rida","og_description":"Participe na Lotaria da Fl\u00f3rida e fuja do calor comprando os seus bilhetes online.","og_url":"https:\/\/gambling6.com\/pt-pt\/loteria\/compre-bilhetes-da-lotaria-da-florida-online\/","og_site_name":"Gambling6","twitter_card":"summary_large_image","twitter_misc":{"Tempo estimado de leitura":"2 minutos"},"schema":{"@context":"https:\/\/schema.org","@graph":[{"@type":"WebPage","@id":"https:\/\/gambling6.com\/pt-pt\/loteria\/compre-bilhetes-da-lotaria-da-florida-online\/","url":"https:\/\/gambling6.com\/pt-pt\/loteria\/compre-bilhetes-da-lotaria-da-florida-online\/","name":"Compre bilhetes online para a Lotaria da Fl\u00f3rida","isPartOf":{"@id":"https:\/\/gambling6.com\/pt-pt\/#website"},"datePublished":"2025-11-11T08:22:20+00:00","description":"Participe na Lotaria da Fl\u00f3rida e fuja do calor comprando os seus bilhetes online.","breadcrumb":{"@id":"https:\/\/gambling6.com\/pt-pt\/loteria\/compre-bilhetes-da-lotaria-da-florida-online\/#breadcrumb"},"inLanguage":"pt-PT","potentialAction":[{"@type":"ReadAction","target":["https:\/\/gambling6.com\/pt-pt\/loteria\/compre-bilhetes-da-lotaria-da-florida-online\/"]}]},{"@type":"BreadcrumbList","@id":"https:\/\/gambling6.com\/pt-pt\/loteria\/compre-bilhetes-da-lotaria-da-florida-online\/#breadcrumb","itemListElement":[{"@type":"ListItem","position":1,"name":"Home","item":"https:\/\/gambling6.com\/pt-pt\/home\/"},{"@type":"ListItem","position":2,"name":"Loteria","item":"https:\/\/gambling6.com\/pt-pt\/buying-international-lotto-tickets-online\/"},{"@type":"ListItem","position":3,"name":"Compre bilhetes da Lotaria da Fl\u00f3rida online."}]},{"@type":"WebSite","@id":"https:\/\/gambling6.com\/pt-pt\/#website","url":"https:\/\/gambling6.com\/pt-pt\/","name":"Gambling6","description":"","potentialAction":[{"@type":"SearchAction","target":{"@type":"EntryPoint","urlTemplate":"https:\/\/gambling6.com\/pt-pt\/?s={search_term_string}"},"query-input":{"@type":"PropertyValueSpecification","valueRequired":true,"valueName":"search_term_string"}}],"inLanguage":"pt-PT"}]}},"_links":{"self":[{"href":"https:\/\/gambling6.com\/pt-pt\/wp-json\/wp\/v2\/pages\/9630","targetHints":{"allow":["GET"]}}],"collection":[{"href":"https:\/\/gambling6.com\/pt-pt\/wp-json\/wp\/v2\/pages"}],"about":[{"href":"https:\/\/gambling6.com\/pt-pt\/wp-json\/wp\/v2\/types\/page"}],"author":[{"embeddable":true,"href":"https:\/\/gambling6.com\/pt-pt\/wp-json\/wp\/v2\/users\/1"}],"replies":[{"embeddable":true,"href":"https:\/\/gambling6.com\/pt-pt\/wp-json\/wp\/v2\/comments?post=9630"}],"version-history":[{"count":0,"href":"https:\/\/gambling6.com\/pt-pt\/wp-json\/wp\/v2\/pages\/9630\/revisions"}],"up":[{"embeddable":true,"href":"https:\/\/gambling6.com\/pt-pt\/wp-json\/wp\/v2\/pages\/9314"}],"wp:attachment":[{"href":"https:\/\/gambling6.com\/pt-pt\/wp-json\/wp\/v2\/media?parent=9630"}],"curies":[{"name":"wp","href":"https:\/\/api.w.org\/{rel}","templated":true}]}}