{"id":9646,"date":"2025-11-11T09:01:20","date_gmt":"2025-11-11T09:01:20","guid":{"rendered":"https:\/\/gambling6.com\/loteria\/adquira-bilhetes-online-para-a-lotaria-eurojackpot\/"},"modified":"2025-11-15T15:53:07","modified_gmt":"2025-11-15T15:53:07","slug":"adquira-bilhetes-online-para-a-lotaria-eurojackpot","status":"publish","type":"page","link":"https:\/\/gambling6.com\/pt-pt\/loteria\/adquira-bilhetes-online-para-a-lotaria-eurojackpot\/","title":{"rendered":"Adquira bilhetes online para a lotaria Eurojackpot."},"content":{"rendered":"<h2>Lotaria Eurojackpot<\/h2>\n<p>Pode comprar bilhetes da Eurojackpot online e tornar-se milion\u00e1rio da noite para o dia. A internet tornou agora poss\u00edvel jogar na Eurojackpot online, tal como em muitas outras lotarias europeias. Pode faz\u00ea-lo comprando bilhetes online no conforto da sua casa. Chega de correr para a loja da esquina ou para as lotarias, compre os seus bilhetes Eurojackpot online. <img class=\"alignright wp-image-552 \" style=\"margin: 10px; border: 5px solid #ffffff; float: right;\" \/><\/p>\n<h2>Compre bilhetes Eurojackpot online a partir de qualquer pa\u00eds<\/h2>\n<p>N\u00e3o existem fronteiras quando se trata de comprar bilhetes online. Quer esteja em Cuba ou na China, pode utilizar a internet para comprar os seus bilhetes num ambiente r\u00e1pido, amig\u00e1vel e seguro atrav\u00e9s do nosso parceiro RedFoxLotto. <a class=\"thirstylink\" title=\"Redfoxlotto\" href=\"https:\/\/gambling6.com\/go\/redfoxlotto\/\" target=\"_blank\" rel=\"nofollow noopener\">Registe-se aqui, inicie sess\u00e3o na sua conta<\/a>, escolha os seus n\u00fameros, pague e aguarde para verificar o seu boletim com os resultados do sorteio.<\/p>\n<p>A RedFoxLotto n\u00e3o aceita apostadores residentes nos EUA; para tal, os jogadores americanos podem experimentar o TheLotter, outra op\u00e7\u00e3o para bilhetes de lotaria internacionais.<\/p>\n<p><a href=\"https:\/\/smarturl.it\/theBig_Play?tl_affid=8190&amp;tl_bannerid=6cc3afab\" target=\"_self\" rel=\"noopener\"><img loading=\"lazy\" decoding=\"async\" class=\"aligncenter\" title=\"\" src=\"\/\/www.thelotter-affiliates.com\/accounts\/default1\/banners\/6cc3afab.gif\" alt=\"\" width=\"468\" height=\"60\" \/><\/a><\/p>\n<h2>Grandes pr\u00e9mios com os seus bilhetes online Eurojackpot<\/h2>\n<table style=\"width: 500px;\" border=\"1\" cellspacing=\"5\" cellpadding=\"5\" align=\"center\">\n<tbody>\n<tr>\n<td colspan=\"3\" align=\"center\">Os Cinco Maiores Pr\u00e9mios de 2013<\/td>\n<\/tr>\n<tr>\n<td>Sorteio<\/td>\n<td align=\"center\">Data<\/td>\n<td align=\"center\">Pr\u00e9mio (USD)<\/td>\n<\/tr>\n<tr>\n<td>Pr\u00e9mio em Euros &#8211; Europa<\/td>\n<td align=\"center\">12 de Abril de 2013<\/td>\n<td align=\"right\">$ 63.128.694<\/td>\n<\/tr>\n<tr>\n<td>Pr\u00e9mio em Euros &#8211; Europa<\/td>\n<td align=\"center\">19 de julho de 2013<\/td>\n<td align=\"right\">$56.886.414<\/td>\n<\/tr>\n<tr>\n<td>Jackpot em Euros &#8211; Europa<\/td>\n<td align=\"center\">25 de janeiro de 2013<\/td>\n<td align=\"right\">40.470.680$<\/td>\n<\/tr>\n<tr>\n<td>Jackpot em Euros &#8211; Europa<\/td>\n<td align=\"center\">27 de Setembro de 2013<\/td>\n<td align=\"right\">29.122.090 d\u00f3lares<\/td>\n<\/tr>\n<tr>\n<td>Jackpot em Euros &#8211; Europa<\/td>\n<td align=\"center\">7 de Dezembro de 2013<\/td>\n<td align=\"right\">28.770.000$<\/td>\n<\/tr>\n<\/tbody>\n<\/table>\n<h2>\u00a0Doze hip\u00f3teses de ganhar com o seu jogo online Bilhetes Eurojackpot<\/h2>\n<table style=\"width: 500px;\" border=\"1\" cellspacing=\"5\" cellpadding=\"5\" align=\"center\">\n<tbody>\n<tr>\n<td colspan=\"3\" align=\"center\">N\u00edveis de Pr\u00e9mios do Eurojackpot<\/td>\n<\/tr>\n<tr>\n<td>Pr\u00e9mio<\/td>\n<td align=\"center\">Acertos<\/td>\n<td align=\"center\">Probabilidades<\/td>\n<\/tr>\n<tr>\n<td>1\u00ba (Jackpot)<\/td>\n<td align=\"center\">5 + 2<\/td>\n<td align=\"right\">59.325.280 : 1<\/td>\n<\/tr>\n<tr>\n<td>2\u00ba<\/td>\n<td align=\"center\">5 + 1<\/td>\n<td align=\"right\">4.943.773 : 1<\/td>\n<\/tr>\n<tr>\n<td>3\u00ba<\/td>\n<td align=\"center\">5<\/td>\n<td align=\"right\">3.955.019 : 1<\/td>\n<\/tr>\n<tr>\n<td>4\u00ba<\/td>\n<td align=\"center\">4 + 2<\/td>\n<td align=\"right\">263.668 : 1<\/td>\n<\/tr>\n<tr>\n<td>5\u00ba<\/td>\n<td align=\"center\">4 + 1<\/td>\n<td align=\"right\">21.972 : 1<\/td>\n<\/tr>\n<tr>\n<td>6\u00ba<\/td>\n<td align=\"center\">4<\/td>\n<td align=\"right\">17.578 : 1<\/td>\n<\/tr>\n<tr>\n<td>7\u00ba<\/td>\n<td align=\"center\">3 + 2<\/td>\n<td align=\"right\">5.992 : 1<\/td>\n<\/tr>\n<tr>\n<td>8\u00ba<\/td>\n<td align=\"center\">3 + 1<\/td>\n<td align=\"right\">499 : 1<\/td>\n<\/tr>\n<tr>\n<td>9\u00ba<\/td>\n<td align=\"center\">2 + 2<\/td>\n<td align=\"right\">418 : 1<\/td>\n<\/tr>\n<tr>\n<td>10\u00ba<\/td>\n<td align=\"center\">3<\/td>\n<td align=\"right\">399 : 1<\/td>\n<\/tr>\n<tr>\n<td>11\u00ba<\/td>\n<td align=\"center\">1 + 2<\/td>\n<td align=\"right\">80 : 1<\/td>\n<\/tr>\n<tr>\n<td>12\u00ba<\/td>\n<td align=\"center\">2 + 1<\/td>\n<td align=\"right\">35 : 1<\/td>\n<\/tr>\n<\/tbody>\n<\/table>\n<p style=\"text-align: center;\"><strong>N\u00e3o perca a hip\u00f3tese de se tornar milion\u00e1rio. Registe-se hoje mesmo para comprar os seus bilhetes Eurojackpot online.<\/strong><\/p>\n","protected":false},"excerpt":{"rendered":"<p>Lotaria Eurojackpot Pode comprar bilhetes da Eurojackpot online e tornar-se milion\u00e1rio da noite para o dia. A internet tornou agora poss\u00edvel jogar na Eurojackpot online, tal como em muitas outras lotarias europeias. Pode faz\u00ea-lo comprando bilhetes online no conforto da sua casa. Chega de correr para a loja da esquina ou para as lotarias, compre [&hellip;]<\/p>\n","protected":false},"author":1,"featured_media":4103,"parent":9314,"menu_order":10,"comment_status":"closed","ping_status":"closed","template":"","meta":{"footnotes":""},"class_list":["post-9646","page","type-page","status-publish","has-post-thumbnail","hentry"],"yoast_head":"<!-- This site is optimized with the Yoast SEO plugin v27.3 - https:\/\/yoast.com\/product\/yoast-seo-wordpress\/ -->\n<title>Compre bilhetes da lotaria Eurojackpot online.<\/title>\n<meta name=\"description\" content=\"Pode ganhar muito dinheiro jogando Eurojackpot ao comprar os seus bilhetes de lotaria online.\" \/>\n<meta name=\"robots\" content=\"index, follow, max-snippet:-1, max-image-preview:large, max-video-preview:-1\" \/>\n<link rel=\"canonical\" href=\"https:\/\/gambling6.com\/pt-pt\/loteria\/adquira-bilhetes-online-para-a-lotaria-eurojackpot\/\" \/>\n<meta property=\"og:locale\" content=\"pt_PT\" \/>\n<meta property=\"og:type\" content=\"article\" \/>\n<meta property=\"og:title\" content=\"Compre bilhetes da lotaria Eurojackpot online.\" \/>\n<meta property=\"og:description\" content=\"Pode ganhar muito dinheiro jogando Eurojackpot ao comprar os seus bilhetes de lotaria online.\" \/>\n<meta property=\"og:url\" content=\"https:\/\/gambling6.com\/pt-pt\/loteria\/adquira-bilhetes-online-para-a-lotaria-eurojackpot\/\" \/>\n<meta property=\"og:site_name\" content=\"Gambling6\" \/>\n<meta property=\"article:modified_time\" content=\"2025-11-15T15:53:07+00:00\" \/>\n<meta property=\"og:image\" content=\"https:\/\/gambling6.com\/wp-content\/uploads\/2013\/12\/play-euro-jackpot-online.jpg\" \/>\n\t<meta property=\"og:image:width\" content=\"285\" \/>\n\t<meta property=\"og:image:height\" content=\"259\" \/>\n\t<meta property=\"og:image:type\" content=\"image\/jpeg\" \/>\n<meta name=\"twitter:card\" content=\"summary_large_image\" \/>\n<meta name=\"twitter:label1\" content=\"Tempo estimado de leitura\" \/>\n\t<meta name=\"twitter:data1\" content=\"1 minuto\" \/>\n<script type=\"application\/ld+json\" class=\"yoast-schema-graph\">{\"@context\":\"https:\\\/\\\/schema.org\",\"@graph\":[{\"@type\":\"WebPage\",\"@id\":\"https:\\\/\\\/gambling6.com\\\/pt-pt\\\/loteria\\\/adquira-bilhetes-online-para-a-lotaria-eurojackpot\\\/\",\"url\":\"https:\\\/\\\/gambling6.com\\\/pt-pt\\\/loteria\\\/adquira-bilhetes-online-para-a-lotaria-eurojackpot\\\/\",\"name\":\"Compre bilhetes da lotaria Eurojackpot online.\",\"isPartOf\":{\"@id\":\"https:\\\/\\\/gambling6.com\\\/pt-pt\\\/#website\"},\"primaryImageOfPage\":{\"@id\":\"https:\\\/\\\/gambling6.com\\\/pt-pt\\\/loteria\\\/adquira-bilhetes-online-para-a-lotaria-eurojackpot\\\/#primaryimage\"},\"image\":{\"@id\":\"https:\\\/\\\/gambling6.com\\\/pt-pt\\\/loteria\\\/adquira-bilhetes-online-para-a-lotaria-eurojackpot\\\/#primaryimage\"},\"thumbnailUrl\":\"https:\\\/\\\/gambling6.com\\\/wp-content\\\/uploads\\\/2013\\\/12\\\/play-euro-jackpot-online.jpg\",\"datePublished\":\"2025-11-11T09:01:20+00:00\",\"dateModified\":\"2025-11-15T15:53:07+00:00\",\"description\":\"Pode ganhar muito dinheiro jogando Eurojackpot ao comprar os seus bilhetes de lotaria online.\",\"breadcrumb\":{\"@id\":\"https:\\\/\\\/gambling6.com\\\/pt-pt\\\/loteria\\\/adquira-bilhetes-online-para-a-lotaria-eurojackpot\\\/#breadcrumb\"},\"inLanguage\":\"pt-PT\",\"potentialAction\":[{\"@type\":\"ReadAction\",\"target\":[\"https:\\\/\\\/gambling6.com\\\/pt-pt\\\/loteria\\\/adquira-bilhetes-online-para-a-lotaria-eurojackpot\\\/\"]}]},{\"@type\":\"ImageObject\",\"inLanguage\":\"pt-PT\",\"@id\":\"https:\\\/\\\/gambling6.com\\\/pt-pt\\\/loteria\\\/adquira-bilhetes-online-para-a-lotaria-eurojackpot\\\/#primaryimage\",\"url\":\"https:\\\/\\\/gambling6.com\\\/wp-content\\\/uploads\\\/2013\\\/12\\\/play-euro-jackpot-online.jpg\",\"contentUrl\":\"https:\\\/\\\/gambling6.com\\\/wp-content\\\/uploads\\\/2013\\\/12\\\/play-euro-jackpot-online.jpg\",\"width\":285,\"height\":259},{\"@type\":\"BreadcrumbList\",\"@id\":\"https:\\\/\\\/gambling6.com\\\/pt-pt\\\/loteria\\\/adquira-bilhetes-online-para-a-lotaria-eurojackpot\\\/#breadcrumb\",\"itemListElement\":[{\"@type\":\"ListItem\",\"position\":1,\"name\":\"Home\",\"item\":\"https:\\\/\\\/gambling6.com\\\/pt-pt\\\/home\\\/\"},{\"@type\":\"ListItem\",\"position\":2,\"name\":\"Loteria\",\"item\":\"https:\\\/\\\/gambling6.com\\\/pt-pt\\\/buying-international-lotto-tickets-online\\\/\"},{\"@type\":\"ListItem\",\"position\":3,\"name\":\"Adquira bilhetes online para a lotaria Eurojackpot.\"}]},{\"@type\":\"WebSite\",\"@id\":\"https:\\\/\\\/gambling6.com\\\/pt-pt\\\/#website\",\"url\":\"https:\\\/\\\/gambling6.com\\\/pt-pt\\\/\",\"name\":\"Gambling6\",\"description\":\"\",\"potentialAction\":[{\"@type\":\"SearchAction\",\"target\":{\"@type\":\"EntryPoint\",\"urlTemplate\":\"https:\\\/\\\/gambling6.com\\\/pt-pt\\\/?s={search_term_string}\"},\"query-input\":{\"@type\":\"PropertyValueSpecification\",\"valueRequired\":true,\"valueName\":\"search_term_string\"}}],\"inLanguage\":\"pt-PT\"}]}<\/script>\n<!-- \/ Yoast SEO plugin. -->","yoast_head_json":{"title":"Compre bilhetes da lotaria Eurojackpot online.","description":"Pode ganhar muito dinheiro jogando Eurojackpot ao comprar os seus bilhetes de lotaria online.","robots":{"index":"index","follow":"follow","max-snippet":"max-snippet:-1","max-image-preview":"max-image-preview:large","max-video-preview":"max-video-preview:-1"},"canonical":"https:\/\/gambling6.com\/pt-pt\/loteria\/adquira-bilhetes-online-para-a-lotaria-eurojackpot\/","og_locale":"pt_PT","og_type":"article","og_title":"Compre bilhetes da lotaria Eurojackpot online.","og_description":"Pode ganhar muito dinheiro jogando Eurojackpot ao comprar os seus bilhetes de lotaria online.","og_url":"https:\/\/gambling6.com\/pt-pt\/loteria\/adquira-bilhetes-online-para-a-lotaria-eurojackpot\/","og_site_name":"Gambling6","article_modified_time":"2025-11-15T15:53:07+00:00","og_image":[{"width":285,"height":259,"url":"https:\/\/gambling6.com\/wp-content\/uploads\/2013\/12\/play-euro-jackpot-online.jpg","type":"image\/jpeg"}],"twitter_card":"summary_large_image","twitter_misc":{"Tempo estimado de leitura":"1 minuto"},"schema":{"@context":"https:\/\/schema.org","@graph":[{"@type":"WebPage","@id":"https:\/\/gambling6.com\/pt-pt\/loteria\/adquira-bilhetes-online-para-a-lotaria-eurojackpot\/","url":"https:\/\/gambling6.com\/pt-pt\/loteria\/adquira-bilhetes-online-para-a-lotaria-eurojackpot\/","name":"Compre bilhetes da lotaria Eurojackpot online.","isPartOf":{"@id":"https:\/\/gambling6.com\/pt-pt\/#website"},"primaryImageOfPage":{"@id":"https:\/\/gambling6.com\/pt-pt\/loteria\/adquira-bilhetes-online-para-a-lotaria-eurojackpot\/#primaryimage"},"image":{"@id":"https:\/\/gambling6.com\/pt-pt\/loteria\/adquira-bilhetes-online-para-a-lotaria-eurojackpot\/#primaryimage"},"thumbnailUrl":"https:\/\/gambling6.com\/wp-content\/uploads\/2013\/12\/play-euro-jackpot-online.jpg","datePublished":"2025-11-11T09:01:20+00:00","dateModified":"2025-11-15T15:53:07+00:00","description":"Pode ganhar muito dinheiro jogando Eurojackpot ao comprar os seus bilhetes de lotaria online.","breadcrumb":{"@id":"https:\/\/gambling6.com\/pt-pt\/loteria\/adquira-bilhetes-online-para-a-lotaria-eurojackpot\/#breadcrumb"},"inLanguage":"pt-PT","potentialAction":[{"@type":"ReadAction","target":["https:\/\/gambling6.com\/pt-pt\/loteria\/adquira-bilhetes-online-para-a-lotaria-eurojackpot\/"]}]},{"@type":"ImageObject","inLanguage":"pt-PT","@id":"https:\/\/gambling6.com\/pt-pt\/loteria\/adquira-bilhetes-online-para-a-lotaria-eurojackpot\/#primaryimage","url":"https:\/\/gambling6.com\/wp-content\/uploads\/2013\/12\/play-euro-jackpot-online.jpg","contentUrl":"https:\/\/gambling6.com\/wp-content\/uploads\/2013\/12\/play-euro-jackpot-online.jpg","width":285,"height":259},{"@type":"BreadcrumbList","@id":"https:\/\/gambling6.com\/pt-pt\/loteria\/adquira-bilhetes-online-para-a-lotaria-eurojackpot\/#breadcrumb","itemListElement":[{"@type":"ListItem","position":1,"name":"Home","item":"https:\/\/gambling6.com\/pt-pt\/home\/"},{"@type":"ListItem","position":2,"name":"Loteria","item":"https:\/\/gambling6.com\/pt-pt\/buying-international-lotto-tickets-online\/"},{"@type":"ListItem","position":3,"name":"Adquira bilhetes online para a lotaria Eurojackpot."}]},{"@type":"WebSite","@id":"https:\/\/gambling6.com\/pt-pt\/#website","url":"https:\/\/gambling6.com\/pt-pt\/","name":"Gambling6","description":"","potentialAction":[{"@type":"SearchAction","target":{"@type":"EntryPoint","urlTemplate":"https:\/\/gambling6.com\/pt-pt\/?s={search_term_string}"},"query-input":{"@type":"PropertyValueSpecification","valueRequired":true,"valueName":"search_term_string"}}],"inLanguage":"pt-PT"}]}},"_links":{"self":[{"href":"https:\/\/gambling6.com\/pt-pt\/wp-json\/wp\/v2\/pages\/9646","targetHints":{"allow":["GET"]}}],"collection":[{"href":"https:\/\/gambling6.com\/pt-pt\/wp-json\/wp\/v2\/pages"}],"about":[{"href":"https:\/\/gambling6.com\/pt-pt\/wp-json\/wp\/v2\/types\/page"}],"author":[{"embeddable":true,"href":"https:\/\/gambling6.com\/pt-pt\/wp-json\/wp\/v2\/users\/1"}],"replies":[{"embeddable":true,"href":"https:\/\/gambling6.com\/pt-pt\/wp-json\/wp\/v2\/comments?post=9646"}],"version-history":[{"count":1,"href":"https:\/\/gambling6.com\/pt-pt\/wp-json\/wp\/v2\/pages\/9646\/revisions"}],"predecessor-version":[{"id":10960,"href":"https:\/\/gambling6.com\/pt-pt\/wp-json\/wp\/v2\/pages\/9646\/revisions\/10960"}],"up":[{"embeddable":true,"href":"https:\/\/gambling6.com\/pt-pt\/wp-json\/wp\/v2\/pages\/9314"}],"wp:featuredmedia":[{"embeddable":true,"href":"https:\/\/gambling6.com\/pt-pt\/wp-json\/wp\/v2\/media\/4103"}],"wp:attachment":[{"href":"https:\/\/gambling6.com\/pt-pt\/wp-json\/wp\/v2\/media?parent=9646"}],"curies":[{"name":"wp","href":"https:\/\/api.w.org\/{rel}","templated":true}]}}