{"id":9662,"date":"2025-11-11T09:22:17","date_gmt":"2025-11-11T09:22:17","guid":{"rendered":"https:\/\/gambling6.com\/loteria\/compre-bilhetes-para-a-lotaria-el-gordo-em-qualquer-lugar\/"},"modified":"2025-11-11T09:22:17","modified_gmt":"2025-11-11T09:22:17","slug":"compre-bilhetes-para-a-lotaria-el-gordo-em-qualquer-lugar","status":"publish","type":"page","link":"https:\/\/gambling6.com\/pt-pt\/loteria\/compre-bilhetes-para-a-lotaria-el-gordo-em-qualquer-lugar\/","title":{"rendered":"Compre bilhetes para a Lotaria El Gordo em qualquer lugar."},"content":{"rendered":"<h2>\u00c9 f\u00e1cil comprar bilhetes online para a lotaria El Gordo.<\/h2>\n<p><img loading=\"lazy\" decoding=\"async\" class=\" wp-image-1569 alignright\" src=\"https:\/\/gambling6.com\/wp-content\/uploads\/2022\/04\/2_ticket_spanish_lottery.jpg\" alt=\"bilhete el gordo\" width=\"200\" height=\"274\" \/>Na Europa, a lotaria El Gordo \u00e9 enorme e \u00e9 jogada por pessoas tanto em Espanha como internacionalmente. Pode esperar um pr\u00e9mio m\u00ednimo de aproximadamente 6,5 milh\u00f5es de euros a cada semana. H\u00e1 apenas um sorteio por semana, aos domingos, e as pessoas fazem fila para jogar todas as semanas. O pr\u00e9mio pode acumular at\u00e9 26 milh\u00f5es de euros. No entanto, se houver acumula\u00e7\u00f5es frequentes de pr\u00e9mios (n\u00e3o um pr\u00e9mio principal), por vezes pode chegar aos 35 milh\u00f5es de euros, considerando os valores acumulados das semanas anteriores.<\/p>\n<h2>Os europeus compram bilhetes de lotaria online semanalmente.<\/h2>\n<p>A Europa continua a ser uma fonte crescente de receitas para as lotarias; a cada semana, milh\u00f5es de jogadores inscrevem-se para jogar na lotaria neste continente. Para obter os seus bilhetes online para a lotaria El Gordo, precisa de visitar o site do nosso parceiro RedFoxLotto, iniciar sess\u00e3o na sua conta e decidir se pretende utilizar a sele\u00e7\u00e3o autom\u00e1tica ou escolher os seus pr\u00f3prios n\u00fameros. Se optar por escolher os seus pr\u00f3prios n\u00fameros, ter\u00e1 de selecionar cinco n\u00fameros principais e um n\u00famero b\u00f3nus.<\/p>\n<h2>Europeus compram bilhetes online para o sorteio de domingo.<\/h2>\n<p>El Gordo, conhecida como a lotaria espanhola 6\/49, n\u00e3o deve ser confundida com a lotaria de Natal El Gordo. Esta popular lotaria semanal tem sorteio aos domingos. Ao comprar bilhetes online para a lotaria El Gordo, lembre-se de que h\u00e1 uma probabilidade de 1 em 10 de ganhar um pr\u00e9mio. Isto porque existem sete n\u00edveis de pr\u00e9mios diferentes, al\u00e9m do pr\u00e9mio principal.<\/p>\n<h2>Milh\u00f5es s\u00e3o gastos mensalmente na compra de bilhetes.<\/h2>\n<p>Os europeus enlouqueceram com os bilhetes de lotaria nos \u00faltimos anos. Em segundo lugar apenas para a Am\u00e9rica do Norte, os europeus gastam centenas de milh\u00f5es de d\u00f3lares em bilhetes todos os anos. Agora que \u00e9 poss\u00edvel comprar bilhetes para lotarias de todo o mundo online, as vendas aumentaram drasticamente. Se quiser comprar os seus bilhetes para a pr\u00f3xima lotaria El Gordo, <a class=\"thirstylink\" title=\"Redfoxlotto\" href=\"https:\/\/gambling6.com\/go\/redfoxlotto\/\" target=\"_blank\" rel=\"nofollow noopener\">basta visitar o nosso parceiro RedFoxLotto<\/a>, criar uma conta e poder\u00e1 estar a caminho de se tornar um multimilion\u00e1rio da noite para o dia.<\/p>\n<table style=\"width: 500px;\" border=\"1\" cellspacing=\"5\" cellpadding=\"5\" align=\"center\">\n<tbody>\n<tr>\n<td colspan=\"3\" align=\"center\">Principais Jackpots de 2013<\/td>\n<\/tr>\n<tr>\n<td>Sorteio<\/td>\n<td align=\"center\">Data<\/td>\n<td align=\"center\">Jackpot (USD)<\/td>\n<\/tr>\n<tr>\n<td>El Gordo &#8211; Espanha<\/td>\n<td align=\"center\">13 de Outubro de 2013<\/td>\n<td align=\"right\">$ 13.327.360<\/td>\n<\/tr>\n<tr>\n<td>El Gordo &#8211; Espanha<\/td>\n<td align=\"center\">4 de Agosto de 2013<\/td>\n<td align=\"right\">10.275.000$<\/td>\n<\/tr>\n<tr>\n<td>El Gordo &#8211; Espanha<\/td>\n<td align=\"center\">16 de junho de 2013<\/td>\n<td align=\"right\">9.590.000$<\/td>\n<\/tr>\n<tr>\n<td>El Gordo &#8211; Espanha<\/td>\n<td align=\"center\">23 de junho de 2013<\/td>\n<td align=\"right\">6.850.000$<\/td>\n<\/tr>\n<\/tbody>\n<\/table>\n<p>&nbsp;<\/p>\n<table style=\"width: 500px;\" border=\"1\" cellspacing=\"5\" cellpadding=\"5\" align=\"center\">\n<tbody>\n<tr>\n<td colspan=\"3\" align=\"center\">El Gordo Lotto &#8211; Faixas de Pr\u00e9mios da Lotaria Espanhola 6\/49<\/td>\n<\/tr>\n<tr>\n<td>Pr\u00e9mio<\/td>\n<td align=\"center\">Acertos<\/td>\n<td align=\"center\">Probabilidades<\/td>\n<\/tr>\n<tr>\n<td>1\u00ba (Jackpot)<\/td>\n<td align=\"center\">5 + 1<\/td>\n<td align=\"right\">31.625.100 : 1<\/td>\n<\/tr>\n<tr>\n<td>2\u00ba<\/td>\n<td align=\"center\">5<\/td>\n<td align=\"right\">3.513.900 : 1<\/td>\n<\/tr>\n<tr>\n<td>3\u00ba<\/td>\n<td align=\"center\">4 + 1<\/td>\n<td align=\"right\">129.082 : 1<\/td>\n<\/tr>\n<tr>\n<td>4\u00ba<\/td>\n<td align=\"center\">4<\/td>\n<td align=\"right\">14.342 : 1<\/td>\n<\/tr>\n<tr>\n<td>5\u00ba<\/td>\n<td align=\"center\">3 + 1<\/td>\n<td align=\"right\">2.689 : 1<\/td>\n<\/tr>\n<tr>\n<td>6\u00ba<\/td>\n<td align=\"center\">3<\/td>\n<td align=\"right\">299 : 1<\/td>\n<\/tr>\n<tr>\n<td>7\u00ba<\/td>\n<td align=\"center\">2 + 1<\/td>\n<td align=\"right\">172 : 1<\/td>\n<\/tr>\n<tr>\n<td>8\u00ba<\/td>\n<td align=\"center\">2<\/td>\n<td align=\"right\">19 : 1<\/td>\n<\/tr>\n<tr>\n<td>9\u00ba<\/td>\n<td align=\"center\">0 + 1<\/td>\n<td align=\"right\">10 : 1<\/td>\n<\/tr>\n<\/tbody>\n<\/table>\n","protected":false},"excerpt":{"rendered":"<p>\u00c9 f\u00e1cil comprar bilhetes online para a lotaria El Gordo. Na Europa, a lotaria El Gordo \u00e9 enorme e \u00e9 jogada por pessoas tanto em Espanha como internacionalmente. Pode esperar um pr\u00e9mio m\u00ednimo de aproximadamente 6,5 milh\u00f5es de euros a cada semana. H\u00e1 apenas um sorteio por semana, aos domingos, e as pessoas fazem fila [&hellip;]<\/p>\n","protected":false},"author":1,"featured_media":0,"parent":9314,"menu_order":3,"comment_status":"closed","ping_status":"closed","template":"","meta":{"footnotes":""},"class_list":["post-9662","page","type-page","status-publish","hentry"],"yoast_head":"<!-- This site is optimized with the Yoast SEO plugin v27.3 - https:\/\/yoast.com\/product\/yoast-seo-wordpress\/ -->\n<title>Compre bilhetes da Lotaria El Gordo online.<\/title>\n<meta name=\"description\" content=\"Torne-se milion\u00e1rio ao comprar os seus bilhetes online para a lotaria El Gordo.\" \/>\n<meta name=\"robots\" content=\"index, follow, max-snippet:-1, max-image-preview:large, max-video-preview:-1\" \/>\n<link rel=\"canonical\" href=\"https:\/\/gambling6.com\/pt-pt\/loteria\/compre-bilhetes-para-a-lotaria-el-gordo-em-qualquer-lugar\/\" \/>\n<meta property=\"og:locale\" content=\"pt_PT\" \/>\n<meta property=\"og:type\" content=\"article\" \/>\n<meta property=\"og:title\" content=\"Compre bilhetes da Lotaria El Gordo online.\" \/>\n<meta property=\"og:description\" content=\"Torne-se milion\u00e1rio ao comprar os seus bilhetes online para a lotaria El Gordo.\" \/>\n<meta property=\"og:url\" content=\"https:\/\/gambling6.com\/pt-pt\/loteria\/compre-bilhetes-para-a-lotaria-el-gordo-em-qualquer-lugar\/\" \/>\n<meta property=\"og:site_name\" content=\"Gambling6\" \/>\n<meta property=\"og:image\" content=\"https:\/\/gambling6.com\/wp-content\/uploads\/2022\/04\/2_ticket_spanish_lottery.jpg\" \/>\n\t<meta property=\"og:image:width\" content=\"219\" \/>\n\t<meta property=\"og:image:height\" content=\"300\" \/>\n\t<meta property=\"og:image:type\" content=\"image\/jpeg\" \/>\n<meta name=\"twitter:card\" content=\"summary_large_image\" \/>\n<meta name=\"twitter:label1\" content=\"Tempo estimado de leitura\" \/>\n\t<meta name=\"twitter:data1\" content=\"2 minutos\" \/>\n<script type=\"application\/ld+json\" class=\"yoast-schema-graph\">{\"@context\":\"https:\\\/\\\/schema.org\",\"@graph\":[{\"@type\":\"WebPage\",\"@id\":\"https:\\\/\\\/gambling6.com\\\/pt-pt\\\/loteria\\\/compre-bilhetes-para-a-lotaria-el-gordo-em-qualquer-lugar\\\/\",\"url\":\"https:\\\/\\\/gambling6.com\\\/pt-pt\\\/loteria\\\/compre-bilhetes-para-a-lotaria-el-gordo-em-qualquer-lugar\\\/\",\"name\":\"Compre bilhetes da Lotaria El Gordo online.\",\"isPartOf\":{\"@id\":\"https:\\\/\\\/gambling6.com\\\/pt-pt\\\/#website\"},\"primaryImageOfPage\":{\"@id\":\"https:\\\/\\\/gambling6.com\\\/pt-pt\\\/loteria\\\/compre-bilhetes-para-a-lotaria-el-gordo-em-qualquer-lugar\\\/#primaryimage\"},\"image\":{\"@id\":\"https:\\\/\\\/gambling6.com\\\/pt-pt\\\/loteria\\\/compre-bilhetes-para-a-lotaria-el-gordo-em-qualquer-lugar\\\/#primaryimage\"},\"thumbnailUrl\":\"https:\\\/\\\/gambling6.com\\\/wp-content\\\/uploads\\\/2022\\\/04\\\/2_ticket_spanish_lottery.jpg\",\"datePublished\":\"2025-11-11T09:22:17+00:00\",\"description\":\"Torne-se milion\u00e1rio ao comprar os seus bilhetes online para a lotaria El Gordo.\",\"breadcrumb\":{\"@id\":\"https:\\\/\\\/gambling6.com\\\/pt-pt\\\/loteria\\\/compre-bilhetes-para-a-lotaria-el-gordo-em-qualquer-lugar\\\/#breadcrumb\"},\"inLanguage\":\"pt-PT\",\"potentialAction\":[{\"@type\":\"ReadAction\",\"target\":[\"https:\\\/\\\/gambling6.com\\\/pt-pt\\\/loteria\\\/compre-bilhetes-para-a-lotaria-el-gordo-em-qualquer-lugar\\\/\"]}]},{\"@type\":\"ImageObject\",\"inLanguage\":\"pt-PT\",\"@id\":\"https:\\\/\\\/gambling6.com\\\/pt-pt\\\/loteria\\\/compre-bilhetes-para-a-lotaria-el-gordo-em-qualquer-lugar\\\/#primaryimage\",\"url\":\"https:\\\/\\\/gambling6.com\\\/wp-content\\\/uploads\\\/2022\\\/04\\\/2_ticket_spanish_lottery.jpg\",\"contentUrl\":\"https:\\\/\\\/gambling6.com\\\/wp-content\\\/uploads\\\/2022\\\/04\\\/2_ticket_spanish_lottery.jpg\"},{\"@type\":\"BreadcrumbList\",\"@id\":\"https:\\\/\\\/gambling6.com\\\/pt-pt\\\/loteria\\\/compre-bilhetes-para-a-lotaria-el-gordo-em-qualquer-lugar\\\/#breadcrumb\",\"itemListElement\":[{\"@type\":\"ListItem\",\"position\":1,\"name\":\"Home\",\"item\":\"https:\\\/\\\/gambling6.com\\\/pt-pt\\\/home\\\/\"},{\"@type\":\"ListItem\",\"position\":2,\"name\":\"Loteria\",\"item\":\"https:\\\/\\\/gambling6.com\\\/pt-pt\\\/buying-international-lotto-tickets-online\\\/\"},{\"@type\":\"ListItem\",\"position\":3,\"name\":\"Compre bilhetes para a Lotaria El Gordo em qualquer lugar.\"}]},{\"@type\":\"WebSite\",\"@id\":\"https:\\\/\\\/gambling6.com\\\/pt-pt\\\/#website\",\"url\":\"https:\\\/\\\/gambling6.com\\\/pt-pt\\\/\",\"name\":\"Gambling6\",\"description\":\"\",\"potentialAction\":[{\"@type\":\"SearchAction\",\"target\":{\"@type\":\"EntryPoint\",\"urlTemplate\":\"https:\\\/\\\/gambling6.com\\\/pt-pt\\\/?s={search_term_string}\"},\"query-input\":{\"@type\":\"PropertyValueSpecification\",\"valueRequired\":true,\"valueName\":\"search_term_string\"}}],\"inLanguage\":\"pt-PT\"}]}<\/script>\n<!-- \/ Yoast SEO plugin. -->","yoast_head_json":{"title":"Compre bilhetes da Lotaria El Gordo online.","description":"Torne-se milion\u00e1rio ao comprar os seus bilhetes online para a lotaria El Gordo.","robots":{"index":"index","follow":"follow","max-snippet":"max-snippet:-1","max-image-preview":"max-image-preview:large","max-video-preview":"max-video-preview:-1"},"canonical":"https:\/\/gambling6.com\/pt-pt\/loteria\/compre-bilhetes-para-a-lotaria-el-gordo-em-qualquer-lugar\/","og_locale":"pt_PT","og_type":"article","og_title":"Compre bilhetes da Lotaria El Gordo online.","og_description":"Torne-se milion\u00e1rio ao comprar os seus bilhetes online para a lotaria El Gordo.","og_url":"https:\/\/gambling6.com\/pt-pt\/loteria\/compre-bilhetes-para-a-lotaria-el-gordo-em-qualquer-lugar\/","og_site_name":"Gambling6","og_image":[{"width":219,"height":300,"url":"https:\/\/gambling6.com\/wp-content\/uploads\/2022\/04\/2_ticket_spanish_lottery.jpg","type":"image\/jpeg"}],"twitter_card":"summary_large_image","twitter_misc":{"Tempo estimado de leitura":"2 minutos"},"schema":{"@context":"https:\/\/schema.org","@graph":[{"@type":"WebPage","@id":"https:\/\/gambling6.com\/pt-pt\/loteria\/compre-bilhetes-para-a-lotaria-el-gordo-em-qualquer-lugar\/","url":"https:\/\/gambling6.com\/pt-pt\/loteria\/compre-bilhetes-para-a-lotaria-el-gordo-em-qualquer-lugar\/","name":"Compre bilhetes da Lotaria El Gordo online.","isPartOf":{"@id":"https:\/\/gambling6.com\/pt-pt\/#website"},"primaryImageOfPage":{"@id":"https:\/\/gambling6.com\/pt-pt\/loteria\/compre-bilhetes-para-a-lotaria-el-gordo-em-qualquer-lugar\/#primaryimage"},"image":{"@id":"https:\/\/gambling6.com\/pt-pt\/loteria\/compre-bilhetes-para-a-lotaria-el-gordo-em-qualquer-lugar\/#primaryimage"},"thumbnailUrl":"https:\/\/gambling6.com\/wp-content\/uploads\/2022\/04\/2_ticket_spanish_lottery.jpg","datePublished":"2025-11-11T09:22:17+00:00","description":"Torne-se milion\u00e1rio ao comprar os seus bilhetes online para a lotaria El Gordo.","breadcrumb":{"@id":"https:\/\/gambling6.com\/pt-pt\/loteria\/compre-bilhetes-para-a-lotaria-el-gordo-em-qualquer-lugar\/#breadcrumb"},"inLanguage":"pt-PT","potentialAction":[{"@type":"ReadAction","target":["https:\/\/gambling6.com\/pt-pt\/loteria\/compre-bilhetes-para-a-lotaria-el-gordo-em-qualquer-lugar\/"]}]},{"@type":"ImageObject","inLanguage":"pt-PT","@id":"https:\/\/gambling6.com\/pt-pt\/loteria\/compre-bilhetes-para-a-lotaria-el-gordo-em-qualquer-lugar\/#primaryimage","url":"https:\/\/gambling6.com\/wp-content\/uploads\/2022\/04\/2_ticket_spanish_lottery.jpg","contentUrl":"https:\/\/gambling6.com\/wp-content\/uploads\/2022\/04\/2_ticket_spanish_lottery.jpg"},{"@type":"BreadcrumbList","@id":"https:\/\/gambling6.com\/pt-pt\/loteria\/compre-bilhetes-para-a-lotaria-el-gordo-em-qualquer-lugar\/#breadcrumb","itemListElement":[{"@type":"ListItem","position":1,"name":"Home","item":"https:\/\/gambling6.com\/pt-pt\/home\/"},{"@type":"ListItem","position":2,"name":"Loteria","item":"https:\/\/gambling6.com\/pt-pt\/buying-international-lotto-tickets-online\/"},{"@type":"ListItem","position":3,"name":"Compre bilhetes para a Lotaria El Gordo em qualquer lugar."}]},{"@type":"WebSite","@id":"https:\/\/gambling6.com\/pt-pt\/#website","url":"https:\/\/gambling6.com\/pt-pt\/","name":"Gambling6","description":"","potentialAction":[{"@type":"SearchAction","target":{"@type":"EntryPoint","urlTemplate":"https:\/\/gambling6.com\/pt-pt\/?s={search_term_string}"},"query-input":{"@type":"PropertyValueSpecification","valueRequired":true,"valueName":"search_term_string"}}],"inLanguage":"pt-PT"}]}},"_links":{"self":[{"href":"https:\/\/gambling6.com\/pt-pt\/wp-json\/wp\/v2\/pages\/9662","targetHints":{"allow":["GET"]}}],"collection":[{"href":"https:\/\/gambling6.com\/pt-pt\/wp-json\/wp\/v2\/pages"}],"about":[{"href":"https:\/\/gambling6.com\/pt-pt\/wp-json\/wp\/v2\/types\/page"}],"author":[{"embeddable":true,"href":"https:\/\/gambling6.com\/pt-pt\/wp-json\/wp\/v2\/users\/1"}],"replies":[{"embeddable":true,"href":"https:\/\/gambling6.com\/pt-pt\/wp-json\/wp\/v2\/comments?post=9662"}],"version-history":[{"count":0,"href":"https:\/\/gambling6.com\/pt-pt\/wp-json\/wp\/v2\/pages\/9662\/revisions"}],"up":[{"embeddable":true,"href":"https:\/\/gambling6.com\/pt-pt\/wp-json\/wp\/v2\/pages\/9314"}],"wp:attachment":[{"href":"https:\/\/gambling6.com\/pt-pt\/wp-json\/wp\/v2\/media?parent=9662"}],"curies":[{"name":"wp","href":"https:\/\/api.w.org\/{rel}","templated":true}]}}