{"id":9674,"date":"2025-11-11T09:40:26","date_gmt":"2025-11-11T09:40:26","guid":{"rendered":"https:\/\/gambling6.com\/loteria\/compre-bilhetes-online-para-a-lotaria-australiana\/"},"modified":"2025-11-11T09:40:26","modified_gmt":"2025-11-11T09:40:26","slug":"compre-bilhetes-online-para-a-lotaria-australiana","status":"publish","type":"page","link":"https:\/\/gambling6.com\/pt-pt\/loteria\/compre-bilhetes-online-para-a-lotaria-australiana\/","title":{"rendered":"Compre bilhetes online para a lotaria australiana."},"content":{"rendered":"<h2>Lotaria Australiana<\/h2>\n<p>Todas as ter\u00e7as e quintas-feiras, h\u00e1 dois sorteios emocionantes na Austr\u00e1lia. Os bilhetes da Powerball e da Oz Lotto podem ser adquiridos online. Comprar bilhetes online para a lotaria australiana \u00e9 muito f\u00e1cil. As pessoas jogam nestas lotarias pelos pr\u00e9mios acumulados, que geralmente chegam a 50 milh\u00f5es de d\u00f3lares ou mais.<\/p>\n<p>As probabilidades de ganhar os dois pr\u00e9mios s\u00e3o bastante favor\u00e1veis, tendo em conta os seus valores, e com a possibilidade de comprar bilhetes online, aumentam rapidamente. Globalmente, estes pr\u00e9mios t\u00eam vindo a ganhar popularidade nos \u00faltimos anos. Ouve-se falar cada vez mais sobre estes sorteios nos notici\u00e1rios.<\/p>\n<h2>Os bilhetes online da Oz Lotto s\u00e3o seguros e protegidos.<\/h2>\n<p>Pode escolher os seus 7 n\u00fameros com seguran\u00e7a e aguardar o sorteio. O nosso parceiro <a class=\"thirstylink\" title=\"Redfoxlotto\" href=\"https:\/\/gambling6.com\/go\/redfoxlotto\/\" target=\"_blank\" rel=\"nofollow noopener\">RedFoxLotto.com<\/a> elimina toda a preocupa\u00e7\u00e3o de comprar bilhetes de lotaria online, para que s\u00f3 tenha de relaxar e esperar para ganhar.<\/p>\n<p>Os jogadores dos EUA <span style=\"box-sizing: border-box; margin: 0px; padding: 0px;\">que pretendam participar e comprar um bilhete online para a Powerball ou qualquer outra lotaria da Austr\u00e1lia devem escolher a nossa segunda recomenda\u00e7\u00e3o: <a href=\"https:\/\/gambling6.com\/go\/thelotter-en\/\" target=\"_blank\" rel=\"noopener\">TheLotter. Clique aqui para visitar o seu site.<\/a><\/span><a class=\"thirstylink\" title=\"TheLotter en\" href=\"https:\/\/gambling6.com\/go\/thelotter-en\/\" target=\"_blank\" rel=\"nofollow noopener\"><\/p>\n<h2>Grandes pr\u00e9mios com bilhetes online para a Powerball Austr\u00e1lia<\/h2>\n<table style=\"width: 500px;\" border=\"1\" cellspacing=\"5\" cellpadding=\"5\" align=\"center\">\n<tbody>\n<tr>\n<td colspan=\"3\" align=\"center\">Os Cinco Maiores Pr\u00e9mios de 2013<\/td>\n<\/tr>\n<tr>\n<td>Sorteio<\/td>\n<td align=\"center\">Data<\/td>\n<td align=\"center\">Pr\u00e9mio (USD)<\/td>\n<\/tr>\n<tr>\n<td>Powerball &#8211; Austr\u00e1lia<\/td>\n<td align=\"center\">2 de Maio de 2013<\/td>\n<td align=\"right\">$ 55.229.291<\/td>\n<\/tr>\n<tr>\n<td>Powerball &#8211; Austr\u00e1lia<\/td>\n<td align=\"center\">18 de julho de 2013<\/td>\n<td align=\"right\">26.700.000$<\/td>\n<\/tr>\n<tr>\n<td>Powerball &#8211; Austr\u00e1lia<\/td>\n<td align=\"center\">19 de Setembro de 2013<\/td>\n<td align=\"right\">26.700.000$<\/td>\n<\/tr>\n<tr>\n<td>Powerball &#8211; Austr\u00e1lia<\/td>\n<td align=\"center\">24 de outubro de 2013<\/td>\n<td align=\"right\">26.700.000$<\/td>\n<\/tr>\n<tr>\n<td>Powerball &#8211; Austr\u00e1lia<\/td>\n<td align=\"center\">3 de Janeiro de 2013<\/td>\n<td align=\"right\">22.250.000$<\/td>\n<\/tr>\n<\/tbody>\n<\/table>\n<h2>Oito categorias de pr\u00e9mios para o bilhete online da Powerball australiana<\/h2>\n<p> compradores<\/h2>\n<table style=\"width: 500px;\" border=\"1\" cellspacing=\"5\" cellpadding=\"5\" align=\"center\">\n<tbody>\n<tr>\n<td colspan=\"3\" align=\"center\">Powerball Lotto &#8211; N\u00edveis de Pr\u00e9mios da Austr\u00e1lia<\/td>\n<\/tr>\n<tr>\n<td>Pr\u00e9mio<\/td>\n<td align=\"center\">Acertos<\/td>\n<td align=\"center\">Probabilidades<\/td>\n<\/tr>\n<tr>\n<td>1\u00ba (Jackpot)<\/td>\n<td align=\"center\">6 + 1<\/td>\n<td align=\"right\">76.767.600 : 1<\/td>\n<\/tr>\n<tr>\n<td>2\u00ba<\/td>\n<td align=\"center\">6<\/td>\n<td align=\"right\">4.040.400 : 1<\/td>\n<\/tr>\n<tr>\n<td>3\u00ba<\/td>\n<td align=\"center\">5 + 1<\/td>\n<td align=\"right\">376.312 : 1<\/td>\n<\/tr>\n<tr>\n<td>4\u00ba<\/td>\n<td align=\"center\">5<\/td>\n<td align=\"right\">19.806 : 1<\/td>\n<\/tr>\n<tr>\n<td>5\u00ba<\/td>\n<td align=\"center\">4 + 1<\/td>\n<td align=\"right\">9.123 : 1<\/td>\n<\/tr>\n<tr>\n<td>6\u00ba<\/td>\n<td align=\"center\">3 + 1<\/td>\n<td align=\"right\">641 : 1<\/td>\n<\/tr>\n<tr>\n<td>7\u00ba<\/td>\n<td align=\"center\">4<\/td>\n<td align=\"right\">480 : 1<\/td>\n<\/tr>\n<tr>\n<td>8\u00ba<\/td>\n<td align=\"center\">2 + 1<\/td>\n<td align=\"right\">110 : 1<\/td>\n<\/tr>\n<\/tbody>\n<\/table>\n<h2>\u00a0Os portadores de bilhetes da Oz Lotto online podem ganhar muito dinheiro<\/h2>\n<table style=\"width: 500px;\" border=\"1\" cellspacing=\"5\" cellpadding=\"5\" align=\"center\">\n<tbody>\n<tr>\n<td colspan=\"3\" align=\"center\">Os Cinco Maiores Pr\u00e9mios de 2013<\/td>\n<\/tr>\n<tr>\n<td>Sorteio<\/td>\n<td align=\"center\">Data<\/td>\n<td align=\"center\">Pr\u00e9mio (USD)<\/td>\n<\/tr>\n<tr>\n<td>Oz Lotto &#8211; Austr\u00e1lia<\/td>\n<td align=\"center\">17 de Dezembro de 2013<\/td>\n<td align=\"right\">$ 62.300.000<\/td>\n<\/tr>\n<tr>\n<td>Oz Lotto &#8211; Austr\u00e1lia<\/td>\n<td align=\"center\">2 de julho de 2013<\/td>\n<td align=\"right\">44.500.000$<\/td>\n<\/tr>\n<tr>\n<td>Oz Lotto &#8211; Austr\u00e1lia<\/td>\n<td align=\"center\">30 de Abril de 2013<\/td>\n<td align=\"right\">26.700.000$<\/td>\n<\/tr>\n<tr>\n<td>Oz Lotto &#8211; Austr\u00e1lia<\/td>\n<td align=\"center\">29 de Janeiro de 2013<\/td>\n<td align=\"right\">20.296.484$<\/td>\n<\/tr>\n<tr>\n<td>Oz Lotto &#8211; Austr\u00e1lia<\/td>\n<td align=\"center\">3 de Setembro de 2013<\/td>\n<td align=\"right\">19.790.620$<\/td>\n<\/tr>\n<\/tbody>\n<\/table>\n<h2>\u00a0Consulte os bilhetes online para ver se algum deles corresponde pagar<\/h2>\n<table style=\"width: 500px;\" border=\"1\" cellspacing=\"5\" cellpadding=\"5\" align=\"center\">\n<tbody>\n<tr>\n<td colspan=\"3\" align=\"center\">Oz Lotto &#8211; N\u00edveis de Pr\u00e9mios da Austr\u00e1lia<\/td>\n<\/tr>\n<tr>\n<td>Pr\u00e9mio<\/td>\n<td align=\"center\">Acertos<\/td>\n<td align=\"center\">Probabilidades<\/td>\n<\/tr>\n<tr>\n<td>1\u00ba (Jackpot)<\/td>\n<td align=\"center\">7<\/td>\n<td align=\"right\">45.379.620 : 1<\/td>\n<\/tr>\n<tr>\n<td>2\u00ba<\/td>\n<td align=\"center\">6 + 1<\/td>\n<td align=\"right\">3.241.401 : 1<\/td>\n<\/tr>\n<tr>\n<td>3\u00ba<\/td>\n<td align=\"center\">6<\/td>\n<td align=\"right\">180.078 : 1<\/td>\n<\/tr>\n<tr>\n<td>4\u00ba<\/td>\n<td align=\"center\">5 + 1<\/td>\n<td align=\"right\">29.602 : 1<\/td>\n<\/tr>\n<tr>\n<td>5\u00ba<\/td>\n<td align=\"center\">5<\/td>\n<td align=\"right\">3.430 : 1<\/td>\n<\/tr>\n<tr>\n<td>6\u00ba<\/td>\n<td align=\"center\">4<\/td>\n<td align=\"right\">154 : 1<\/td>\n<\/tr>\n<tr>\n<td>7\u00ba<\/td>\n<td align=\"center\">3 + 1<\/td>\n<td align=\"right\">55 : 1<\/td>\n<\/tr>\n<\/tbody>\n<\/table>\n","protected":false},"excerpt":{"rendered":"<p>Lotaria Australiana Todas as ter\u00e7as e quintas-feiras, h\u00e1 dois sorteios emocionantes na Austr\u00e1lia. Os bilhetes da Powerball e da Oz Lotto podem ser adquiridos online. Comprar bilhetes online para a lotaria australiana \u00e9 muito f\u00e1cil. As pessoas jogam nestas lotarias pelos pr\u00e9mios acumulados, que geralmente chegam a 50 milh\u00f5es de d\u00f3lares ou mais. As probabilidades [&hellip;]<\/p>\n","protected":false},"author":1,"featured_media":0,"parent":9314,"menu_order":9,"comment_status":"closed","ping_status":"closed","template":"","meta":{"footnotes":""},"class_list":["post-9674","page","type-page","status-publish","hentry"],"yoast_head":"<!-- This site is optimized with the Yoast SEO plugin v27.4 - https:\/\/yoast.com\/product\/yoast-seo-wordpress\/ -->\n<title>Compre bilhetes da Lotaria Australiana online.<\/title>\n<meta name=\"description\" content=\"Comprar bilhetes de lotaria online na Austr\u00e1lia eleva a emo\u00e7\u00e3o a um novo patamar.\" \/>\n<meta name=\"robots\" content=\"index, follow, max-snippet:-1, max-image-preview:large, max-video-preview:-1\" \/>\n<link rel=\"canonical\" href=\"https:\/\/gambling6.com\/pt-pt\/loteria\/compre-bilhetes-online-para-a-lotaria-australiana\/\" \/>\n<meta property=\"og:locale\" content=\"pt_PT\" \/>\n<meta property=\"og:type\" content=\"article\" \/>\n<meta property=\"og:title\" content=\"Compre bilhetes da Lotaria Australiana online.\" \/>\n<meta property=\"og:description\" content=\"Comprar bilhetes de lotaria online na Austr\u00e1lia eleva a emo\u00e7\u00e3o a um novo patamar.\" \/>\n<meta property=\"og:url\" content=\"https:\/\/gambling6.com\/pt-pt\/loteria\/compre-bilhetes-online-para-a-lotaria-australiana\/\" \/>\n<meta property=\"og:site_name\" content=\"Gambling6\" \/>\n<meta name=\"twitter:card\" content=\"summary_large_image\" \/>\n<meta name=\"twitter:label1\" content=\"Tempo estimado de leitura\" \/>\n\t<meta name=\"twitter:data1\" content=\"2 minutos\" \/>\n<script type=\"application\/ld+json\" class=\"yoast-schema-graph\">{\"@context\":\"https:\\\/\\\/schema.org\",\"@graph\":[{\"@type\":\"WebPage\",\"@id\":\"https:\\\/\\\/gambling6.com\\\/pt-pt\\\/loteria\\\/compre-bilhetes-online-para-a-lotaria-australiana\\\/\",\"url\":\"https:\\\/\\\/gambling6.com\\\/pt-pt\\\/loteria\\\/compre-bilhetes-online-para-a-lotaria-australiana\\\/\",\"name\":\"Compre bilhetes da Lotaria Australiana online.\",\"isPartOf\":{\"@id\":\"https:\\\/\\\/gambling6.com\\\/pt-pt\\\/#website\"},\"datePublished\":\"2025-11-11T09:40:26+00:00\",\"description\":\"Comprar bilhetes de lotaria online na Austr\u00e1lia eleva a emo\u00e7\u00e3o a um novo patamar.\",\"breadcrumb\":{\"@id\":\"https:\\\/\\\/gambling6.com\\\/pt-pt\\\/loteria\\\/compre-bilhetes-online-para-a-lotaria-australiana\\\/#breadcrumb\"},\"inLanguage\":\"pt-PT\",\"potentialAction\":[{\"@type\":\"ReadAction\",\"target\":[\"https:\\\/\\\/gambling6.com\\\/pt-pt\\\/loteria\\\/compre-bilhetes-online-para-a-lotaria-australiana\\\/\"]}]},{\"@type\":\"BreadcrumbList\",\"@id\":\"https:\\\/\\\/gambling6.com\\\/pt-pt\\\/loteria\\\/compre-bilhetes-online-para-a-lotaria-australiana\\\/#breadcrumb\",\"itemListElement\":[{\"@type\":\"ListItem\",\"position\":1,\"name\":\"Home\",\"item\":\"https:\\\/\\\/gambling6.com\\\/pt-pt\\\/home\\\/\"},{\"@type\":\"ListItem\",\"position\":2,\"name\":\"Loteria\",\"item\":\"https:\\\/\\\/gambling6.com\\\/pt-pt\\\/buying-international-lotto-tickets-online\\\/\"},{\"@type\":\"ListItem\",\"position\":3,\"name\":\"Compre bilhetes online para a lotaria australiana.\"}]},{\"@type\":\"WebSite\",\"@id\":\"https:\\\/\\\/gambling6.com\\\/pt-pt\\\/#website\",\"url\":\"https:\\\/\\\/gambling6.com\\\/pt-pt\\\/\",\"name\":\"Gambling6\",\"description\":\"\",\"potentialAction\":[{\"@type\":\"SearchAction\",\"target\":{\"@type\":\"EntryPoint\",\"urlTemplate\":\"https:\\\/\\\/gambling6.com\\\/pt-pt\\\/?s={search_term_string}\"},\"query-input\":{\"@type\":\"PropertyValueSpecification\",\"valueRequired\":true,\"valueName\":\"search_term_string\"}}],\"inLanguage\":\"pt-PT\"}]}<\/script>\n<!-- \/ Yoast SEO plugin. -->","yoast_head_json":{"title":"Compre bilhetes da Lotaria Australiana online.","description":"Comprar bilhetes de lotaria online na Austr\u00e1lia eleva a emo\u00e7\u00e3o a um novo patamar.","robots":{"index":"index","follow":"follow","max-snippet":"max-snippet:-1","max-image-preview":"max-image-preview:large","max-video-preview":"max-video-preview:-1"},"canonical":"https:\/\/gambling6.com\/pt-pt\/loteria\/compre-bilhetes-online-para-a-lotaria-australiana\/","og_locale":"pt_PT","og_type":"article","og_title":"Compre bilhetes da Lotaria Australiana online.","og_description":"Comprar bilhetes de lotaria online na Austr\u00e1lia eleva a emo\u00e7\u00e3o a um novo patamar.","og_url":"https:\/\/gambling6.com\/pt-pt\/loteria\/compre-bilhetes-online-para-a-lotaria-australiana\/","og_site_name":"Gambling6","twitter_card":"summary_large_image","twitter_misc":{"Tempo estimado de leitura":"2 minutos"},"schema":{"@context":"https:\/\/schema.org","@graph":[{"@type":"WebPage","@id":"https:\/\/gambling6.com\/pt-pt\/loteria\/compre-bilhetes-online-para-a-lotaria-australiana\/","url":"https:\/\/gambling6.com\/pt-pt\/loteria\/compre-bilhetes-online-para-a-lotaria-australiana\/","name":"Compre bilhetes da Lotaria Australiana online.","isPartOf":{"@id":"https:\/\/gambling6.com\/pt-pt\/#website"},"datePublished":"2025-11-11T09:40:26+00:00","description":"Comprar bilhetes de lotaria online na Austr\u00e1lia eleva a emo\u00e7\u00e3o a um novo patamar.","breadcrumb":{"@id":"https:\/\/gambling6.com\/pt-pt\/loteria\/compre-bilhetes-online-para-a-lotaria-australiana\/#breadcrumb"},"inLanguage":"pt-PT","potentialAction":[{"@type":"ReadAction","target":["https:\/\/gambling6.com\/pt-pt\/loteria\/compre-bilhetes-online-para-a-lotaria-australiana\/"]}]},{"@type":"BreadcrumbList","@id":"https:\/\/gambling6.com\/pt-pt\/loteria\/compre-bilhetes-online-para-a-lotaria-australiana\/#breadcrumb","itemListElement":[{"@type":"ListItem","position":1,"name":"Home","item":"https:\/\/gambling6.com\/pt-pt\/home\/"},{"@type":"ListItem","position":2,"name":"Loteria","item":"https:\/\/gambling6.com\/pt-pt\/buying-international-lotto-tickets-online\/"},{"@type":"ListItem","position":3,"name":"Compre bilhetes online para a lotaria australiana."}]},{"@type":"WebSite","@id":"https:\/\/gambling6.com\/pt-pt\/#website","url":"https:\/\/gambling6.com\/pt-pt\/","name":"Gambling6","description":"","potentialAction":[{"@type":"SearchAction","target":{"@type":"EntryPoint","urlTemplate":"https:\/\/gambling6.com\/pt-pt\/?s={search_term_string}"},"query-input":{"@type":"PropertyValueSpecification","valueRequired":true,"valueName":"search_term_string"}}],"inLanguage":"pt-PT"}]}},"_links":{"self":[{"href":"https:\/\/gambling6.com\/pt-pt\/wp-json\/wp\/v2\/pages\/9674","targetHints":{"allow":["GET"]}}],"collection":[{"href":"https:\/\/gambling6.com\/pt-pt\/wp-json\/wp\/v2\/pages"}],"about":[{"href":"https:\/\/gambling6.com\/pt-pt\/wp-json\/wp\/v2\/types\/page"}],"author":[{"embeddable":true,"href":"https:\/\/gambling6.com\/pt-pt\/wp-json\/wp\/v2\/users\/1"}],"replies":[{"embeddable":true,"href":"https:\/\/gambling6.com\/pt-pt\/wp-json\/wp\/v2\/comments?post=9674"}],"version-history":[{"count":0,"href":"https:\/\/gambling6.com\/pt-pt\/wp-json\/wp\/v2\/pages\/9674\/revisions"}],"up":[{"embeddable":true,"href":"https:\/\/gambling6.com\/pt-pt\/wp-json\/wp\/v2\/pages\/9314"}],"wp:attachment":[{"href":"https:\/\/gambling6.com\/pt-pt\/wp-json\/wp\/v2\/media?parent=9674"}],"curies":[{"name":"wp","href":"https:\/\/api.w.org\/{rel}","templated":true}]}}