{"id":9695,"date":"2025-11-11T10:16:03","date_gmt":"2025-11-11T10:16:03","guid":{"rendered":"https:\/\/gambling6.com\/loteria\/adquira-bilhetes-online-para-a-lotaria-mega-sena\/"},"modified":"2025-11-11T10:16:03","modified_gmt":"2025-11-11T10:16:03","slug":"adquira-bilhetes-online-para-a-lotaria-mega-sena","status":"publish","type":"page","link":"https:\/\/gambling6.com\/pt-pt\/loteria\/adquira-bilhetes-online-para-a-lotaria-mega-sena\/","title":{"rendered":"Adquira bilhetes online para a lotaria Mega Sena."},"content":{"rendered":"<h2>Mega Sena<\/h2>\n<p>Com um pr\u00e9mio m\u00ednimo garantido de 1,1 milh\u00f5es de d\u00f3lares, a Mega Sena, no Brasil, atrai uma enorme base de f\u00e3s duas vezes por semana. Com a possibilidade de comprar bilhetes online para a Mega Sena, os pr\u00e9mios costumam ser muito mais elevados. <strong>Num pa\u00eds conhecido mundialmente pelas suas belas mulheres nas praias e pela sua anima\u00e7\u00e3o, a Mega Sena, a lotaria nacional do Brasil, aumenta a emo\u00e7\u00e3o com pr\u00e9mios que podem chegar aos 35 milh\u00f5es de d\u00f3lares.<\/p>\n<p><strong>Como se n\u00e3o bastassem 35 milh\u00f5es de d\u00f3lares, na v\u00e9spera de Ano Novo, realiza-se um sorteio especial com um pr\u00e9mio garantido de 200 milh\u00f5es de d\u00f3lares.<\/strong><\/p>\n<p>A Mega Sena, realizada duas vezes por semana no Brasil, \u00e9 a maior lotaria da Am\u00e9rica do Sul e pode ser adquirida online. Os residentes do Brasil, juntamente com muitos jogadores online, compram bilhetes duas vezes por semana para esta lotaria f\u00e1cil de jogar.<\/p>\n<h2>Jogar na Lotaria Mega-Sena online.<\/h2>\n<p>Para participar nesta lotaria, tudo o que tem de fazer \u00e9 selecionar seis n\u00fameros entre 1 e 60 e aguardar pelo sorteio. Para ganhar o pr\u00e9mio principal, basta acertar nos seis n\u00fameros. <strong>Como jogador online, o pr\u00f3ximo passo seria viajar para o Brasil<\/strong>, reclamar o seu pr\u00e9mio e desfrutar da praia com todos os seus novos amigos.<\/p>\n<p>As probabilidades de ganhar na Mega-Sena com os seus bilhetes online s\u00e3o de aproximadamente 50.000.000 para 1. Comprar bilhetes da Mega-Sena online pode tamb\u00e9m render um dos pr\u00e9mios de segundo ou terceiro escal\u00e3o, que costumam ser substanciais. <a class=\"thirstylink\" title=\"Redfoxlotto\" href=\"https:\/\/gambling6.com\/go\/redfoxlotto\/\" target=\"_blank\" rel=\"nofollow noopener\">Clique aqui para visitar o nosso parceiro RedFoxlotto e comprar os seus bilhetes para a lotaria Mega Sena online.<\/a><\/p>\n<table style=\"width: 500px;\" border=\"1\" cellspacing=\"5\" cellpadding=\"5\" align=\"center\">\n<tbody>\n<tr>\n<td colspan=\"3\" align=\"center\">Os Cinco Maiores Pr\u00e9mios da Lotaria de 2013<\/td>\n<\/tr>\n<tr>\n<td>Sorteio<\/td>\n<td align=\"center\">Data<\/td>\n<td align=\"center\">Pr\u00e9mio (USD)<\/td>\n<\/tr>\n<tr>\n<td>Mega-Sena &#8211; Am\u00e9rica Latina<\/td>\n<td align=\"center\">6 de novembro de 2013<\/td>\n<td align=\"right\">$ 34.615.000<\/td>\n<\/tr>\n<tr>\n<td>Mega-Sena &#8211; Am\u00e9rica Latina<\/td>\n<td align=\"center\">1 de junho de 2013<\/td>\n<td align=\"right\">18.505.745$<\/td>\n<\/tr>\n<tr>\n<td>Mega-Sena &#8211; Am\u00e9rica Latina<\/td>\n<td align=\"center\">3 de julho de 2013<\/td>\n<td align=\"right\">$18.205.319<\/td>\n<\/tr>\n<tr>\n<td>Mega-Sena &#8211; Am\u00e9rica Latina<\/td>\n<td align=\"center\">31 de agosto de 2013<\/td>\n<td align=\"right\">13.760.000$<\/td>\n<\/tr>\n<tr>\n<td>Mega-Sena &#8211; Am\u00e9rica Latina<\/td>\n<td align=\"center\">14 de agosto de 2013<\/td>\n<td align=\"right\">10.884.923$<\/td>\n<\/tr>\n<\/tbody>\n<\/table>\n<p>&nbsp;<\/p>\n<table style=\"width: 500px;\" border=\"1\" cellspacing=\"5\" cellpadding=\"5\" align=\"center\">\n<tbody>\n<tr>\n<td colspan=\"3\" align=\"center\">Mega-Sena Loteria &#8211; Brasil &#8211; N\u00edveis de Pr\u00e9mios<\/td>\n<\/tr>\n<tr>\n<td>Pr\u00e9mio<\/td>\n<td align=\"center\">Acertos<\/td>\n<td align=\"center\">Probabilidades<\/td>\n<\/tr>\n<tr>\n<td>1\u00ba (Jackpot)<\/td>\n<td align=\"center\">6<\/td>\n<td align=\"right\">50.063.856 : 1<\/td>\n<\/tr>\n<tr>\n<td>2\u00ba<\/td>\n<td align=\"center\">5<\/td>\n<td align=\"right\">154.518 : 1<\/td>\n<\/tr>\n<tr>\n<td>3\u00ba<\/td>\n<td align=\"center\">4<\/td>\n<td align=\"right\">2.332 : 1<\/td>\n<\/tr>\n<\/tbody>\n<\/table>\n","protected":false},"excerpt":{"rendered":"<p>Mega Sena Com um pr\u00e9mio m\u00ednimo garantido de 1,1 milh\u00f5es de d\u00f3lares, a Mega Sena, no Brasil, atrai uma enorme base de f\u00e3s duas vezes por semana. Com a possibilidade de comprar bilhetes online para a Mega Sena, os pr\u00e9mios costumam ser muito mais elevados. Num pa\u00eds conhecido mundialmente pelas suas belas mulheres nas praias [&hellip;]<\/p>\n","protected":false},"author":1,"featured_media":0,"parent":9314,"menu_order":8,"comment_status":"closed","ping_status":"closed","template":"","meta":{"footnotes":""},"class_list":["post-9695","page","type-page","status-publish","hentry"],"yoast_head":"<!-- This site is optimized with the Yoast SEO plugin v27.3 - https:\/\/yoast.com\/product\/yoast-seo-wordpress\/ -->\n<title>Compre bilhetes online para a lotaria Mega Sena.<\/title>\n<meta name=\"description\" content=\"Saiba como comprar bilhetes online para a lotaria Mega-Sena do Brasil.\" \/>\n<meta name=\"robots\" content=\"index, follow, max-snippet:-1, max-image-preview:large, max-video-preview:-1\" \/>\n<link rel=\"canonical\" href=\"https:\/\/gambling6.com\/pt-pt\/loteria\/adquira-bilhetes-online-para-a-lotaria-mega-sena\/\" \/>\n<meta property=\"og:locale\" content=\"pt_PT\" \/>\n<meta property=\"og:type\" content=\"article\" \/>\n<meta property=\"og:title\" content=\"Compre bilhetes online para a lotaria Mega Sena.\" \/>\n<meta property=\"og:description\" content=\"Saiba como comprar bilhetes online para a lotaria Mega-Sena do Brasil.\" \/>\n<meta property=\"og:url\" content=\"https:\/\/gambling6.com\/pt-pt\/loteria\/adquira-bilhetes-online-para-a-lotaria-mega-sena\/\" \/>\n<meta property=\"og:site_name\" content=\"Gambling6\" \/>\n<meta name=\"twitter:card\" content=\"summary_large_image\" \/>\n<meta name=\"twitter:label1\" content=\"Tempo estimado de leitura\" \/>\n\t<meta name=\"twitter:data1\" content=\"2 minutos\" \/>\n<script type=\"application\/ld+json\" class=\"yoast-schema-graph\">{\"@context\":\"https:\\\/\\\/schema.org\",\"@graph\":[{\"@type\":\"WebPage\",\"@id\":\"https:\\\/\\\/gambling6.com\\\/pt-pt\\\/loteria\\\/adquira-bilhetes-online-para-a-lotaria-mega-sena\\\/\",\"url\":\"https:\\\/\\\/gambling6.com\\\/pt-pt\\\/loteria\\\/adquira-bilhetes-online-para-a-lotaria-mega-sena\\\/\",\"name\":\"Compre bilhetes online para a lotaria Mega Sena.\",\"isPartOf\":{\"@id\":\"https:\\\/\\\/gambling6.com\\\/pt-pt\\\/#website\"},\"datePublished\":\"2025-11-11T10:16:03+00:00\",\"description\":\"Saiba como comprar bilhetes online para a lotaria Mega-Sena do Brasil.\",\"breadcrumb\":{\"@id\":\"https:\\\/\\\/gambling6.com\\\/pt-pt\\\/loteria\\\/adquira-bilhetes-online-para-a-lotaria-mega-sena\\\/#breadcrumb\"},\"inLanguage\":\"pt-PT\",\"potentialAction\":[{\"@type\":\"ReadAction\",\"target\":[\"https:\\\/\\\/gambling6.com\\\/pt-pt\\\/loteria\\\/adquira-bilhetes-online-para-a-lotaria-mega-sena\\\/\"]}]},{\"@type\":\"BreadcrumbList\",\"@id\":\"https:\\\/\\\/gambling6.com\\\/pt-pt\\\/loteria\\\/adquira-bilhetes-online-para-a-lotaria-mega-sena\\\/#breadcrumb\",\"itemListElement\":[{\"@type\":\"ListItem\",\"position\":1,\"name\":\"Home\",\"item\":\"https:\\\/\\\/gambling6.com\\\/pt-pt\\\/home\\\/\"},{\"@type\":\"ListItem\",\"position\":2,\"name\":\"Loteria\",\"item\":\"https:\\\/\\\/gambling6.com\\\/pt-pt\\\/buying-international-lotto-tickets-online\\\/\"},{\"@type\":\"ListItem\",\"position\":3,\"name\":\"Adquira bilhetes online para a lotaria Mega Sena.\"}]},{\"@type\":\"WebSite\",\"@id\":\"https:\\\/\\\/gambling6.com\\\/pt-pt\\\/#website\",\"url\":\"https:\\\/\\\/gambling6.com\\\/pt-pt\\\/\",\"name\":\"Gambling6\",\"description\":\"\",\"potentialAction\":[{\"@type\":\"SearchAction\",\"target\":{\"@type\":\"EntryPoint\",\"urlTemplate\":\"https:\\\/\\\/gambling6.com\\\/pt-pt\\\/?s={search_term_string}\"},\"query-input\":{\"@type\":\"PropertyValueSpecification\",\"valueRequired\":true,\"valueName\":\"search_term_string\"}}],\"inLanguage\":\"pt-PT\"}]}<\/script>\n<!-- \/ Yoast SEO plugin. -->","yoast_head_json":{"title":"Compre bilhetes online para a lotaria Mega Sena.","description":"Saiba como comprar bilhetes online para a lotaria Mega-Sena do Brasil.","robots":{"index":"index","follow":"follow","max-snippet":"max-snippet:-1","max-image-preview":"max-image-preview:large","max-video-preview":"max-video-preview:-1"},"canonical":"https:\/\/gambling6.com\/pt-pt\/loteria\/adquira-bilhetes-online-para-a-lotaria-mega-sena\/","og_locale":"pt_PT","og_type":"article","og_title":"Compre bilhetes online para a lotaria Mega Sena.","og_description":"Saiba como comprar bilhetes online para a lotaria Mega-Sena do Brasil.","og_url":"https:\/\/gambling6.com\/pt-pt\/loteria\/adquira-bilhetes-online-para-a-lotaria-mega-sena\/","og_site_name":"Gambling6","twitter_card":"summary_large_image","twitter_misc":{"Tempo estimado de leitura":"2 minutos"},"schema":{"@context":"https:\/\/schema.org","@graph":[{"@type":"WebPage","@id":"https:\/\/gambling6.com\/pt-pt\/loteria\/adquira-bilhetes-online-para-a-lotaria-mega-sena\/","url":"https:\/\/gambling6.com\/pt-pt\/loteria\/adquira-bilhetes-online-para-a-lotaria-mega-sena\/","name":"Compre bilhetes online para a lotaria Mega Sena.","isPartOf":{"@id":"https:\/\/gambling6.com\/pt-pt\/#website"},"datePublished":"2025-11-11T10:16:03+00:00","description":"Saiba como comprar bilhetes online para a lotaria Mega-Sena do Brasil.","breadcrumb":{"@id":"https:\/\/gambling6.com\/pt-pt\/loteria\/adquira-bilhetes-online-para-a-lotaria-mega-sena\/#breadcrumb"},"inLanguage":"pt-PT","potentialAction":[{"@type":"ReadAction","target":["https:\/\/gambling6.com\/pt-pt\/loteria\/adquira-bilhetes-online-para-a-lotaria-mega-sena\/"]}]},{"@type":"BreadcrumbList","@id":"https:\/\/gambling6.com\/pt-pt\/loteria\/adquira-bilhetes-online-para-a-lotaria-mega-sena\/#breadcrumb","itemListElement":[{"@type":"ListItem","position":1,"name":"Home","item":"https:\/\/gambling6.com\/pt-pt\/home\/"},{"@type":"ListItem","position":2,"name":"Loteria","item":"https:\/\/gambling6.com\/pt-pt\/buying-international-lotto-tickets-online\/"},{"@type":"ListItem","position":3,"name":"Adquira bilhetes online para a lotaria Mega Sena."}]},{"@type":"WebSite","@id":"https:\/\/gambling6.com\/pt-pt\/#website","url":"https:\/\/gambling6.com\/pt-pt\/","name":"Gambling6","description":"","potentialAction":[{"@type":"SearchAction","target":{"@type":"EntryPoint","urlTemplate":"https:\/\/gambling6.com\/pt-pt\/?s={search_term_string}"},"query-input":{"@type":"PropertyValueSpecification","valueRequired":true,"valueName":"search_term_string"}}],"inLanguage":"pt-PT"}]}},"_links":{"self":[{"href":"https:\/\/gambling6.com\/pt-pt\/wp-json\/wp\/v2\/pages\/9695","targetHints":{"allow":["GET"]}}],"collection":[{"href":"https:\/\/gambling6.com\/pt-pt\/wp-json\/wp\/v2\/pages"}],"about":[{"href":"https:\/\/gambling6.com\/pt-pt\/wp-json\/wp\/v2\/types\/page"}],"author":[{"embeddable":true,"href":"https:\/\/gambling6.com\/pt-pt\/wp-json\/wp\/v2\/users\/1"}],"replies":[{"embeddable":true,"href":"https:\/\/gambling6.com\/pt-pt\/wp-json\/wp\/v2\/comments?post=9695"}],"version-history":[{"count":0,"href":"https:\/\/gambling6.com\/pt-pt\/wp-json\/wp\/v2\/pages\/9695\/revisions"}],"up":[{"embeddable":true,"href":"https:\/\/gambling6.com\/pt-pt\/wp-json\/wp\/v2\/pages\/9314"}],"wp:attachment":[{"href":"https:\/\/gambling6.com\/pt-pt\/wp-json\/wp\/v2\/media?parent=9695"}],"curies":[{"name":"wp","href":"https:\/\/api.w.org\/{rel}","templated":true}]}}