{"id":9724,"date":"2025-11-11T11:04:08","date_gmt":"2025-11-11T11:04:08","guid":{"rendered":"https:\/\/gambling6.com\/loteria\/adquira-bilhetes-online-para-a-lotaria-nacional-do-reino-unido\/"},"modified":"2025-11-11T11:04:08","modified_gmt":"2025-11-11T11:04:08","slug":"adquira-bilhetes-online-para-a-lotaria-nacional-do-reino-unido","status":"publish","type":"page","link":"https:\/\/gambling6.com\/pt-pt\/loteria\/adquira-bilhetes-online-para-a-lotaria-nacional-do-reino-unido\/","title":{"rendered":"Adquira bilhetes online para a Lotaria Nacional do Reino Unido."},"content":{"rendered":"<h2>Bilhetes para a Lotaria Nacional do Reino Unido na internet<\/h2>\n<p><strong style=\"background-color: initial;\">Ter um bilhete online para a Lotaria Nacional do Reino Unido far\u00e1 de si parte da lotaria favorita da Gr\u00e3-Bretanha.<\/strong><span style=\"background-color: initial;\"> As vendas de bilhetes, tanto online como presencialmente, totalizam aproximadamente 50.000.000 por sorteio. Com um bilhete, tem 1 hip\u00f3tese em 56 de ganhar 25 libras, o pr\u00e9mio m\u00ednimo da Loteria Nacional do Reino Unido.<\/span><\/p>\n<p>Para jogar nesta lotaria, escolhe seis n\u00fameros principais entre 1 e 49. Para ganhar o pr\u00e9mio principal, basta acertar nos seis n\u00fameros. <strong>As probabilidades de ganhar na Lotaria Nacional do Reino Unido s\u00e3o de aproximadamente 1 em 14 milh\u00f5es.<\/strong> Estas probabilidades s\u00e3o muito melhores do que tentar ganhar no Euromilh\u00f5es; Na verdade, tem cerca de 10 vezes mais hip\u00f3teses de ganhar.<\/p>\n<p>Todas as quartas-feiras e s\u00e1bados, as vendas de bilhetes disparam, uma vez que os brit\u00e2nicos e os jogadores internacionais de lotaria online compram bilhetes para tentar a sua sorte no pr\u00e9mio principal, que quase sempre ultrapassa os 5 milh\u00f5es de libras. Embora 45% das vendas de bilhetes estejam garantidas para o pr\u00e9mio, desde que esta lotaria foi criada em 1994, mais de 42 mil milh\u00f5es de libras foram alocados a causas nobres no Reino Unido e no estrangeiro.<\/p>\n<p><img loading=\"lazy\" decoding=\"async\" class=\"size-medium wp-image-1371 alignright\" src=\"https:\/\/gambling6.com\/wp-content\/uploads\/2022\/04\/2_ticket_uk_lottery-192x300.jpg\" alt=\"ticket uk lottery\" width=\"192\" height=\"300\" srcset=\"https:\/\/gambling6.com\/wp-content\/uploads\/2022\/04\/2_ticket_uk_lottery-192x300.jpg 192w, https:\/\/gambling6.com\/wp-content\/uploads\/2022\/04\/2_ticket_uk_lottery.jpg 564w\" sizes=\"auto, (max-width: 192px) 100vw, 192px\" \/>Quando este sorteio da lotaria se realiza aos s\u00e1bados e quartas-feiras em Londres, o p\u00fablico com os bilhetes nas m\u00e3os \u00e9 bastante numeroso. As pessoas aglomeram-se em frente \u00e0 TV nos pubs locais na esperan\u00e7a de ganhar os 5 milh\u00f5es de libras. Al\u00e9m disso, se o pr\u00e9mio principal n\u00e3o for ganho, \u00e9 acumulado para o pr\u00f3ximo sorteio. <a class=\"thirstylink\" title=\"RedFoxLotto en\" href=\"https:\/\/gambling6.com\/go\/redfoxlotto-en\/\" target=\"_blank\" rel=\"nofollow noopener\">Adquira o seu bilhete online e habilite-se a ganhar pr\u00e9mios da Lotaria Nacional do Reino Unido visitando o site do nosso parceiro RedFoxLotto.<\/a><\/p>\n<table style=\"width: 500px;\" border=\"1\" cellspacing=\"5\" cellpadding=\"5\" align=\"center\">\n<tbody>\n<tr>\n<td colspan=\"3\" align=\"center\">Os Cinco Maiores Pr\u00e9mios de 2013<\/td>\n<\/tr>\n<tr>\n<td>Sorteio<\/td>\n<td align=\"center\">Data<\/td>\n<td align=\"center\">Pr\u00e9mio (USD)<\/td>\n<\/tr>\n<tr>\n<td>Lotaria Nacional &#8211; Reino Unido<\/td>\n<td align=\"center\">5 de Outubro de 2013<\/td>\n<td style=\"text-align: center;\" align=\"right\">$ 16.500.000<\/td>\n<\/tr>\n<tr>\n<td>Lotaria Nacional &#8211; Reino Unido<\/td>\n<td align=\"center\">12 de Outubro de 2013<\/td>\n<td align=\"right\">$ 16.500.000<\/td>\n<\/tr>\n<tr>\n<td>Lotaria Nacional &#8211; Reino Unido<\/td>\n<td align=\"center\">18 de Setembro de 2013<\/td>\n<td align=\"right\">$ 14.025.000<\/td>\n<\/tr>\n<tr>\n<td>Lotaria Nacional &#8211; Reino Unido<\/td>\n<td align=\"center\">18 de Dezembro de 2013<\/td>\n<td align=\"right\">$ 13.173.600<\/td>\n<\/tr>\n<tr>\n<td>Lotaria Nacional &#8211; Reino Unido<\/td>\n<td align=\"center\">2 de Novembro de 2013<\/td>\n<td align=\"right\">13.134.000 d\u00f3lares<\/td>\n<\/tr>\n<\/tbody>\n<\/table>\n<p>&nbsp;<\/p>\n<table style=\"width: 500px;\" border=\"1\" cellspacing=\"5\" cellpadding=\"5\" align=\"center\">\n<tbody>\n<tr>\n<td colspan=\"3\" align=\"center\">N\u00edveis de Pr\u00e9mios da Lotaria Nacional do Reino Unido<\/td>\n<\/tr>\n<tr>\n<td>Pr\u00e9mio<\/td>\n<td align=\"center\">Acertos<\/td>\n<td align=\"center\">Probabilidades<\/td>\n<\/tr>\n<tr>\n<td>1\u00ba (Jackpot)<\/td>\n<td style=\"text-align: center;\" align=\"center\">6<\/td>\n<td align=\"right\">13.983.816 : 1<\/td>\n<\/tr>\n<tr>\n<td>2\u00ba<\/td>\n<td align=\"center\">5 + 1<\/td>\n<td align=\"right\">2.330.636 : 1<\/td>\n<\/tr>\n<tr>\n<td>3\u00ba<\/td>\n<td align=\"center\">5<\/td>\n<td align=\"right\">55.492 : 1<\/td>\n<\/tr>\n<tr>\n<td>4\u00ba<\/td>\n<td align=\"center\">4<\/td>\n<td align=\"right\">1.033 : 1<\/td>\n<\/tr>\n<tr>\n<td>5\u00ba<\/td>\n<td align=\"center\">3<\/td>\n<td align=\"right\">57 : 1<\/td>\n<\/tr>\n<\/tbody>\n<\/table>\n","protected":false},"excerpt":{"rendered":"<p>Bilhetes para a Lotaria Nacional do Reino Unido na internet Ter um bilhete online para a Lotaria Nacional do Reino Unido far\u00e1 de si parte da lotaria favorita da Gr\u00e3-Bretanha. As vendas de bilhetes, tanto online como presencialmente, totalizam aproximadamente 50.000.000 por sorteio. Com um bilhete, tem 1 hip\u00f3tese em 56 de ganhar 25 libras, [&hellip;]<\/p>\n","protected":false},"author":1,"featured_media":0,"parent":9314,"menu_order":6,"comment_status":"closed","ping_status":"closed","template":"","meta":{"footnotes":""},"class_list":["post-9724","page","type-page","status-publish","hentry"],"yoast_head":"<!-- This site is optimized with the Yoast SEO plugin v27.4 - https:\/\/yoast.com\/product\/yoast-seo-wordpress\/ -->\n<title>Compre bilhetes da Loteria Nacional do Reino Unido online.<\/title>\n<meta name=\"description\" content=\"Participe na Loteria Nacional do Reino Unido comprando os seus bilhetes online.\" \/>\n<meta name=\"robots\" content=\"index, follow, max-snippet:-1, max-image-preview:large, max-video-preview:-1\" \/>\n<link rel=\"canonical\" href=\"https:\/\/gambling6.com\/pt-pt\/loteria\/adquira-bilhetes-online-para-a-lotaria-nacional-do-reino-unido\/\" \/>\n<meta property=\"og:locale\" content=\"pt_PT\" \/>\n<meta property=\"og:type\" content=\"article\" \/>\n<meta property=\"og:title\" content=\"Compre bilhetes da Loteria Nacional do Reino Unido online.\" \/>\n<meta property=\"og:description\" content=\"Participe na Loteria Nacional do Reino Unido comprando os seus bilhetes online.\" \/>\n<meta property=\"og:url\" content=\"https:\/\/gambling6.com\/pt-pt\/loteria\/adquira-bilhetes-online-para-a-lotaria-nacional-do-reino-unido\/\" \/>\n<meta property=\"og:site_name\" content=\"Gambling6\" \/>\n<meta property=\"og:image\" content=\"https:\/\/gambling6.com\/wp-content\/uploads\/2022\/04\/2_ticket_uk_lottery.jpg\" \/>\n\t<meta property=\"og:image:width\" content=\"564\" \/>\n\t<meta property=\"og:image:height\" content=\"883\" \/>\n\t<meta property=\"og:image:type\" content=\"image\/jpeg\" \/>\n<meta name=\"twitter:card\" content=\"summary_large_image\" \/>\n<meta name=\"twitter:label1\" content=\"Tempo estimado de leitura\" \/>\n\t<meta name=\"twitter:data1\" content=\"2 minutos\" \/>\n<script type=\"application\/ld+json\" class=\"yoast-schema-graph\">{\"@context\":\"https:\\\/\\\/schema.org\",\"@graph\":[{\"@type\":\"WebPage\",\"@id\":\"https:\\\/\\\/gambling6.com\\\/pt-pt\\\/loteria\\\/adquira-bilhetes-online-para-a-lotaria-nacional-do-reino-unido\\\/\",\"url\":\"https:\\\/\\\/gambling6.com\\\/pt-pt\\\/loteria\\\/adquira-bilhetes-online-para-a-lotaria-nacional-do-reino-unido\\\/\",\"name\":\"Compre bilhetes da Loteria Nacional do Reino Unido online.\",\"isPartOf\":{\"@id\":\"https:\\\/\\\/gambling6.com\\\/pt-pt\\\/#website\"},\"primaryImageOfPage\":{\"@id\":\"https:\\\/\\\/gambling6.com\\\/pt-pt\\\/loteria\\\/adquira-bilhetes-online-para-a-lotaria-nacional-do-reino-unido\\\/#primaryimage\"},\"image\":{\"@id\":\"https:\\\/\\\/gambling6.com\\\/pt-pt\\\/loteria\\\/adquira-bilhetes-online-para-a-lotaria-nacional-do-reino-unido\\\/#primaryimage\"},\"thumbnailUrl\":\"https:\\\/\\\/gambling6.com\\\/wp-content\\\/uploads\\\/2022\\\/04\\\/2_ticket_uk_lottery-192x300.jpg\",\"datePublished\":\"2025-11-11T11:04:08+00:00\",\"description\":\"Participe na Loteria Nacional do Reino Unido comprando os seus bilhetes online.\",\"breadcrumb\":{\"@id\":\"https:\\\/\\\/gambling6.com\\\/pt-pt\\\/loteria\\\/adquira-bilhetes-online-para-a-lotaria-nacional-do-reino-unido\\\/#breadcrumb\"},\"inLanguage\":\"pt-PT\",\"potentialAction\":[{\"@type\":\"ReadAction\",\"target\":[\"https:\\\/\\\/gambling6.com\\\/pt-pt\\\/loteria\\\/adquira-bilhetes-online-para-a-lotaria-nacional-do-reino-unido\\\/\"]}]},{\"@type\":\"ImageObject\",\"inLanguage\":\"pt-PT\",\"@id\":\"https:\\\/\\\/gambling6.com\\\/pt-pt\\\/loteria\\\/adquira-bilhetes-online-para-a-lotaria-nacional-do-reino-unido\\\/#primaryimage\",\"url\":\"https:\\\/\\\/gambling6.com\\\/wp-content\\\/uploads\\\/2022\\\/04\\\/2_ticket_uk_lottery-192x300.jpg\",\"contentUrl\":\"https:\\\/\\\/gambling6.com\\\/wp-content\\\/uploads\\\/2022\\\/04\\\/2_ticket_uk_lottery-192x300.jpg\"},{\"@type\":\"BreadcrumbList\",\"@id\":\"https:\\\/\\\/gambling6.com\\\/pt-pt\\\/loteria\\\/adquira-bilhetes-online-para-a-lotaria-nacional-do-reino-unido\\\/#breadcrumb\",\"itemListElement\":[{\"@type\":\"ListItem\",\"position\":1,\"name\":\"Home\",\"item\":\"https:\\\/\\\/gambling6.com\\\/pt-pt\\\/home\\\/\"},{\"@type\":\"ListItem\",\"position\":2,\"name\":\"Loteria\",\"item\":\"https:\\\/\\\/gambling6.com\\\/pt-pt\\\/buying-international-lotto-tickets-online\\\/\"},{\"@type\":\"ListItem\",\"position\":3,\"name\":\"Adquira bilhetes online para a Lotaria Nacional do Reino Unido.\"}]},{\"@type\":\"WebSite\",\"@id\":\"https:\\\/\\\/gambling6.com\\\/pt-pt\\\/#website\",\"url\":\"https:\\\/\\\/gambling6.com\\\/pt-pt\\\/\",\"name\":\"Gambling6\",\"description\":\"\",\"potentialAction\":[{\"@type\":\"SearchAction\",\"target\":{\"@type\":\"EntryPoint\",\"urlTemplate\":\"https:\\\/\\\/gambling6.com\\\/pt-pt\\\/?s={search_term_string}\"},\"query-input\":{\"@type\":\"PropertyValueSpecification\",\"valueRequired\":true,\"valueName\":\"search_term_string\"}}],\"inLanguage\":\"pt-PT\"}]}<\/script>\n<!-- \/ Yoast SEO plugin. -->","yoast_head_json":{"title":"Compre bilhetes da Loteria Nacional do Reino Unido online.","description":"Participe na Loteria Nacional do Reino Unido comprando os seus bilhetes online.","robots":{"index":"index","follow":"follow","max-snippet":"max-snippet:-1","max-image-preview":"max-image-preview:large","max-video-preview":"max-video-preview:-1"},"canonical":"https:\/\/gambling6.com\/pt-pt\/loteria\/adquira-bilhetes-online-para-a-lotaria-nacional-do-reino-unido\/","og_locale":"pt_PT","og_type":"article","og_title":"Compre bilhetes da Loteria Nacional do Reino Unido online.","og_description":"Participe na Loteria Nacional do Reino Unido comprando os seus bilhetes online.","og_url":"https:\/\/gambling6.com\/pt-pt\/loteria\/adquira-bilhetes-online-para-a-lotaria-nacional-do-reino-unido\/","og_site_name":"Gambling6","og_image":[{"width":564,"height":883,"url":"https:\/\/gambling6.com\/wp-content\/uploads\/2022\/04\/2_ticket_uk_lottery.jpg","type":"image\/jpeg"}],"twitter_card":"summary_large_image","twitter_misc":{"Tempo estimado de leitura":"2 minutos"},"schema":{"@context":"https:\/\/schema.org","@graph":[{"@type":"WebPage","@id":"https:\/\/gambling6.com\/pt-pt\/loteria\/adquira-bilhetes-online-para-a-lotaria-nacional-do-reino-unido\/","url":"https:\/\/gambling6.com\/pt-pt\/loteria\/adquira-bilhetes-online-para-a-lotaria-nacional-do-reino-unido\/","name":"Compre bilhetes da Loteria Nacional do Reino Unido online.","isPartOf":{"@id":"https:\/\/gambling6.com\/pt-pt\/#website"},"primaryImageOfPage":{"@id":"https:\/\/gambling6.com\/pt-pt\/loteria\/adquira-bilhetes-online-para-a-lotaria-nacional-do-reino-unido\/#primaryimage"},"image":{"@id":"https:\/\/gambling6.com\/pt-pt\/loteria\/adquira-bilhetes-online-para-a-lotaria-nacional-do-reino-unido\/#primaryimage"},"thumbnailUrl":"https:\/\/gambling6.com\/wp-content\/uploads\/2022\/04\/2_ticket_uk_lottery-192x300.jpg","datePublished":"2025-11-11T11:04:08+00:00","description":"Participe na Loteria Nacional do Reino Unido comprando os seus bilhetes online.","breadcrumb":{"@id":"https:\/\/gambling6.com\/pt-pt\/loteria\/adquira-bilhetes-online-para-a-lotaria-nacional-do-reino-unido\/#breadcrumb"},"inLanguage":"pt-PT","potentialAction":[{"@type":"ReadAction","target":["https:\/\/gambling6.com\/pt-pt\/loteria\/adquira-bilhetes-online-para-a-lotaria-nacional-do-reino-unido\/"]}]},{"@type":"ImageObject","inLanguage":"pt-PT","@id":"https:\/\/gambling6.com\/pt-pt\/loteria\/adquira-bilhetes-online-para-a-lotaria-nacional-do-reino-unido\/#primaryimage","url":"https:\/\/gambling6.com\/wp-content\/uploads\/2022\/04\/2_ticket_uk_lottery-192x300.jpg","contentUrl":"https:\/\/gambling6.com\/wp-content\/uploads\/2022\/04\/2_ticket_uk_lottery-192x300.jpg"},{"@type":"BreadcrumbList","@id":"https:\/\/gambling6.com\/pt-pt\/loteria\/adquira-bilhetes-online-para-a-lotaria-nacional-do-reino-unido\/#breadcrumb","itemListElement":[{"@type":"ListItem","position":1,"name":"Home","item":"https:\/\/gambling6.com\/pt-pt\/home\/"},{"@type":"ListItem","position":2,"name":"Loteria","item":"https:\/\/gambling6.com\/pt-pt\/buying-international-lotto-tickets-online\/"},{"@type":"ListItem","position":3,"name":"Adquira bilhetes online para a Lotaria Nacional do Reino Unido."}]},{"@type":"WebSite","@id":"https:\/\/gambling6.com\/pt-pt\/#website","url":"https:\/\/gambling6.com\/pt-pt\/","name":"Gambling6","description":"","potentialAction":[{"@type":"SearchAction","target":{"@type":"EntryPoint","urlTemplate":"https:\/\/gambling6.com\/pt-pt\/?s={search_term_string}"},"query-input":{"@type":"PropertyValueSpecification","valueRequired":true,"valueName":"search_term_string"}}],"inLanguage":"pt-PT"}]}},"_links":{"self":[{"href":"https:\/\/gambling6.com\/pt-pt\/wp-json\/wp\/v2\/pages\/9724","targetHints":{"allow":["GET"]}}],"collection":[{"href":"https:\/\/gambling6.com\/pt-pt\/wp-json\/wp\/v2\/pages"}],"about":[{"href":"https:\/\/gambling6.com\/pt-pt\/wp-json\/wp\/v2\/types\/page"}],"author":[{"embeddable":true,"href":"https:\/\/gambling6.com\/pt-pt\/wp-json\/wp\/v2\/users\/1"}],"replies":[{"embeddable":true,"href":"https:\/\/gambling6.com\/pt-pt\/wp-json\/wp\/v2\/comments?post=9724"}],"version-history":[{"count":0,"href":"https:\/\/gambling6.com\/pt-pt\/wp-json\/wp\/v2\/pages\/9724\/revisions"}],"up":[{"embeddable":true,"href":"https:\/\/gambling6.com\/pt-pt\/wp-json\/wp\/v2\/pages\/9314"}],"wp:attachment":[{"href":"https:\/\/gambling6.com\/pt-pt\/wp-json\/wp\/v2\/media?parent=9724"}],"curies":[{"name":"wp","href":"https:\/\/api.w.org\/{rel}","templated":true}]}}