{"id":9725,"date":"2025-11-11T11:05:23","date_gmt":"2025-11-11T11:05:23","guid":{"rendered":"https:\/\/gambling6.com\/loteria\/compre-bilhetes-online-para-a-superenalotto\/"},"modified":"2025-11-11T11:05:23","modified_gmt":"2025-11-11T11:05:23","slug":"compre-bilhetes-online-para-a-superenalotto","status":"publish","type":"page","link":"https:\/\/gambling6.com\/pt-pt\/loteria\/compre-bilhetes-online-para-a-superenalotto\/","title":{"rendered":"Compre bilhetes online para a Superenalotto"},"content":{"rendered":"<h2>Superenalotto<\/h2>\n<p>Os italianos s\u00e3o fan\u00e1ticos por lotarias, especialmente pela Superenalotto. Todas as semanas, a venda de bilhetes para esta lotaria \u00e9 exorbitante, com probabilidades de mais de 1 em 600 milh\u00f5es. <strong>Comprar bilhetes de lotaria online para a Superenalotto italiana oferece as piores probabilidades poss\u00edveis de qualquer lotaria no mundo.<\/strong> No entanto, esta parece ser a principal atra\u00e7\u00e3o para os europeus locais e jogadores de lotaria online de todo o mundo.<\/p>\n<h2><img loading=\"lazy\" decoding=\"async\" class=\"size-full wp-image-1575 alignright\" src=\"https:\/\/gambling6.com\/wp-content\/uploads\/2022\/04\/2_ticket_superenalotto.jpg\" alt=\"bilhete da superenalotto\" width=\"228\" height=\"300\" \/>Acumuladores de jackpots na SuperEnalotto<\/h2>\n<p>Devido \u00e0s probabilidades de ganhar na Superenalotto italiana, \u00e9 bastante comum o jackpot acumular. Escolher seis n\u00fameros entre 1 e 90 d\u00e1-lhe a hip\u00f3tese de ganhar o jackpot ao acertar em todos os seis n\u00fameros. Acertar apenas cinco n\u00fameros e o n\u00famero b\u00f3nus garante o pr\u00e9mio de segundo n\u00edvel. O n\u00famero b\u00f3nus \u00e9 sorteado separadamente e \u00e9 conhecido como &#8220;jolly ball&#8221;. <strong>Jogadores online apressam-se a comprar bilhetes na tentativa de ganhar jackpots recorde de at\u00e9 500 milh\u00f5es de euros.<\/strong><\/p>\n<p>A Superenalotto italiana tem tr\u00eas sorteios semanais. O pr\u00e9mio inicial \u00e9 de 2 milh\u00f5es de euros, e n\u00e3o \u00e9 surpresa que haja tanto interesse em jogar. Tanto os jogadores locais como os online querem uma parte desta lotaria internacional, que oferece as maiores probabilidades, segundo os relatos.<\/p>\n<p>Lan\u00e7ada em 1997, a Superenalotto em It\u00e1lia rapidamente atraiu a aten\u00e7\u00e3o dos jogadores de lotaria europeus, e os pr\u00e9mios cresceram e acumularam-se. O pr\u00e9mio mais elevado foi ganho por um \u00fanico apostador em 2010, totalizando 223 milh\u00f5es de euros. Com mais pessoas a comprar bilhetes online para a Superenalotto, o pr\u00e9mio tem potencial para crescer ainda mais, uma vez que n\u00e3o h\u00e1 limite para o seu valor.<\/p>\n<p>Para al\u00e9m da possibilidade de ganhar o grande pr\u00e9mio, os jogadores online podem habilitar-se a ganhar um dos outros cinco pr\u00e9mios dispon\u00edveis. <a class=\"thirstylink\" title=\"RedFoxLotto en\" href=\"https:\/\/gambling6.com\/go\/redfoxlotto-en\/\" target=\"_blank\" rel=\"nofollow noopener\">Para obter os seus bilhetes para a Superenalotto italiana atrav\u00e9s da RedFoxLotto, clique aqui.<\/a><\/p>\n<table style=\"width: 500px;\" border=\"1\" cellspacing=\"5\" cellpadding=\"5\" align=\"center\">\n<tbody>\n<tr>\n<td colspan=\"3\" align=\"center\">Principais Pr\u00e9mios da Lotaria 2013<\/td>\n<\/tr>\n<tr>\n<td>Sorteio<\/td>\n<td align=\"center\">Data<\/td>\n<td align=\"center\">Pr\u00e9mio (USD)<\/td>\n<\/tr>\n<tr>\n<td>Superenalotto &#8211; It\u00e1lia<\/td>\n<td align=\"center\">29 de junho de 2013<\/td>\n<td align=\"right\">$ 55.759.000<\/td>\n<\/tr>\n<tr>\n<td>Superenalotto &#8211; It\u00e1lia<\/td>\n<td align=\"center\">15 de outubro de 2013<\/td>\n<td align=\"right\">25.124.430$<\/td>\n<\/tr>\n<tr>\n<td>Superenalotto &#8211; It\u00e1lia<\/td>\n<td align=\"center\">3 de Outubro de 2013<\/td>\n<td align=\"right\">21.372.000$<\/td>\n<\/tr>\n<tr>\n<td>Superenalotto &#8211; It\u00e1lia<\/td>\n<td align=\"center\">27 de julho de 2013<\/td>\n<td align=\"right\">19.043.000$<\/td>\n<\/tr>\n<\/tbody>\n<\/table>\n<p>&nbsp;<\/p>\n<table style=\"width: 500px;\" border=\"1\" cellspacing=\"5\" cellpadding=\"5\" align=\"center\">\n<tbody>\n<tr>\n<td colspan=\"3\" align=\"center\">Superenalotto &#8211; It\u00e1lia &#8211; N\u00edveis de Pr\u00e9mios<\/td>\n<\/tr>\n<tr>\n<td>Pr\u00e9mio<\/td>\n<td align=\"center\">Acertos<\/td>\n<td align=\"center\">Probabilidades<\/td>\n<\/tr>\n<tr>\n<td>1\u00ba (Jackpot)<\/td>\n<td align=\"center\">6<\/td>\n<td align=\"right\">622.614.630 : 1<\/td>\n<\/tr>\n<tr>\n<td>2\u00ba<\/td>\n<td align=\"center\">5 + 1<\/td>\n<td align=\"right\">103.769.105 : 1<\/td>\n<\/tr>\n<tr>\n<td>3\u00ba<\/td>\n<td align=\"center\">5<\/td>\n<td align=\"right\">1.235.346 : 1<\/td>\n<\/tr>\n<tr>\n<td>4\u00ba<\/td>\n<td align=\"center\">4<\/td>\n<td align=\"right\">11.907 : 1<\/td>\n<\/tr>\n<tr>\n<td>5\u00ba<\/td>\n<td align=\"center\">3<\/td>\n<td align=\"right\">327 : 1<\/td>\n<\/tr>\n<\/tbody>\n<\/table>\n","protected":false},"excerpt":{"rendered":"<p>Superenalotto Os italianos s\u00e3o fan\u00e1ticos por lotarias, especialmente pela Superenalotto. Todas as semanas, a venda de bilhetes para esta lotaria \u00e9 exorbitante, com probabilidades de mais de 1 em 600 milh\u00f5es. Comprar bilhetes de lotaria online para a Superenalotto italiana oferece as piores probabilidades poss\u00edveis de qualquer lotaria no mundo. No entanto, esta parece ser [&hellip;]<\/p>\n","protected":false},"author":1,"featured_media":0,"parent":9314,"menu_order":7,"comment_status":"closed","ping_status":"closed","template":"","meta":{"footnotes":""},"class_list":["post-9725","page","type-page","status-publish","hentry"],"yoast_head":"<!-- This site is optimized with the Yoast SEO plugin v27.5 - https:\/\/yoast.com\/product\/yoast-seo-wordpress\/ -->\n<title>Compre bilhetes para a Superenalotto online.<\/title>\n<meta name=\"description\" content=\"Adquira os seus bilhetes online para a Superenalotto, visitando o site do nosso parceiro, RedFoxLotto.\" \/>\n<meta name=\"robots\" content=\"index, follow, max-snippet:-1, max-image-preview:large, max-video-preview:-1\" \/>\n<link rel=\"canonical\" href=\"https:\/\/gambling6.com\/pt-pt\/loteria\/compre-bilhetes-online-para-a-superenalotto\/\" \/>\n<meta property=\"og:locale\" content=\"pt_PT\" \/>\n<meta property=\"og:type\" content=\"article\" \/>\n<meta property=\"og:title\" content=\"Compre bilhetes para a Superenalotto online.\" \/>\n<meta property=\"og:description\" content=\"Adquira os seus bilhetes online para a Superenalotto, visitando o site do nosso parceiro, RedFoxLotto.\" \/>\n<meta property=\"og:url\" content=\"https:\/\/gambling6.com\/pt-pt\/loteria\/compre-bilhetes-online-para-a-superenalotto\/\" \/>\n<meta property=\"og:site_name\" content=\"Gambling6\" \/>\n<meta property=\"og:image\" content=\"https:\/\/gambling6.com\/wp-content\/uploads\/2022\/04\/2_ticket_superenalotto.jpg\" \/>\n\t<meta property=\"og:image:width\" content=\"228\" \/>\n\t<meta property=\"og:image:height\" content=\"300\" \/>\n\t<meta property=\"og:image:type\" content=\"image\/jpeg\" \/>\n<meta name=\"twitter:card\" content=\"summary_large_image\" \/>\n<meta name=\"twitter:label1\" content=\"Tempo estimado de leitura\" \/>\n\t<meta name=\"twitter:data1\" content=\"2 minutos\" \/>\n<script type=\"application\/ld+json\" class=\"yoast-schema-graph\">{\"@context\":\"https:\\\/\\\/schema.org\",\"@graph\":[{\"@type\":\"WebPage\",\"@id\":\"https:\\\/\\\/gambling6.com\\\/pt-pt\\\/loteria\\\/compre-bilhetes-online-para-a-superenalotto\\\/\",\"url\":\"https:\\\/\\\/gambling6.com\\\/pt-pt\\\/loteria\\\/compre-bilhetes-online-para-a-superenalotto\\\/\",\"name\":\"Compre bilhetes para a Superenalotto online.\",\"isPartOf\":{\"@id\":\"https:\\\/\\\/gambling6.com\\\/pt-pt\\\/#website\"},\"primaryImageOfPage\":{\"@id\":\"https:\\\/\\\/gambling6.com\\\/pt-pt\\\/loteria\\\/compre-bilhetes-online-para-a-superenalotto\\\/#primaryimage\"},\"image\":{\"@id\":\"https:\\\/\\\/gambling6.com\\\/pt-pt\\\/loteria\\\/compre-bilhetes-online-para-a-superenalotto\\\/#primaryimage\"},\"thumbnailUrl\":\"https:\\\/\\\/gambling6.com\\\/wp-content\\\/uploads\\\/2022\\\/04\\\/2_ticket_superenalotto.jpg\",\"datePublished\":\"2025-11-11T11:05:23+00:00\",\"description\":\"Adquira os seus bilhetes online para a Superenalotto, visitando o site do nosso parceiro, RedFoxLotto.\",\"breadcrumb\":{\"@id\":\"https:\\\/\\\/gambling6.com\\\/pt-pt\\\/loteria\\\/compre-bilhetes-online-para-a-superenalotto\\\/#breadcrumb\"},\"inLanguage\":\"pt-PT\",\"potentialAction\":[{\"@type\":\"ReadAction\",\"target\":[\"https:\\\/\\\/gambling6.com\\\/pt-pt\\\/loteria\\\/compre-bilhetes-online-para-a-superenalotto\\\/\"]}]},{\"@type\":\"ImageObject\",\"inLanguage\":\"pt-PT\",\"@id\":\"https:\\\/\\\/gambling6.com\\\/pt-pt\\\/loteria\\\/compre-bilhetes-online-para-a-superenalotto\\\/#primaryimage\",\"url\":\"https:\\\/\\\/gambling6.com\\\/wp-content\\\/uploads\\\/2022\\\/04\\\/2_ticket_superenalotto.jpg\",\"contentUrl\":\"https:\\\/\\\/gambling6.com\\\/wp-content\\\/uploads\\\/2022\\\/04\\\/2_ticket_superenalotto.jpg\"},{\"@type\":\"BreadcrumbList\",\"@id\":\"https:\\\/\\\/gambling6.com\\\/pt-pt\\\/loteria\\\/compre-bilhetes-online-para-a-superenalotto\\\/#breadcrumb\",\"itemListElement\":[{\"@type\":\"ListItem\",\"position\":1,\"name\":\"Home\",\"item\":\"https:\\\/\\\/gambling6.com\\\/pt-pt\\\/home\\\/\"},{\"@type\":\"ListItem\",\"position\":2,\"name\":\"Loteria\",\"item\":\"https:\\\/\\\/gambling6.com\\\/pt-pt\\\/buying-international-lotto-tickets-online\\\/\"},{\"@type\":\"ListItem\",\"position\":3,\"name\":\"Compre bilhetes online para a Superenalotto\"}]},{\"@type\":\"WebSite\",\"@id\":\"https:\\\/\\\/gambling6.com\\\/pt-pt\\\/#website\",\"url\":\"https:\\\/\\\/gambling6.com\\\/pt-pt\\\/\",\"name\":\"Gambling6\",\"description\":\"\",\"potentialAction\":[{\"@type\":\"SearchAction\",\"target\":{\"@type\":\"EntryPoint\",\"urlTemplate\":\"https:\\\/\\\/gambling6.com\\\/pt-pt\\\/?s={search_term_string}\"},\"query-input\":{\"@type\":\"PropertyValueSpecification\",\"valueRequired\":true,\"valueName\":\"search_term_string\"}}],\"inLanguage\":\"pt-PT\"}]}<\/script>\n<!-- \/ Yoast SEO plugin. -->","yoast_head_json":{"title":"Compre bilhetes para a Superenalotto online.","description":"Adquira os seus bilhetes online para a Superenalotto, visitando o site do nosso parceiro, RedFoxLotto.","robots":{"index":"index","follow":"follow","max-snippet":"max-snippet:-1","max-image-preview":"max-image-preview:large","max-video-preview":"max-video-preview:-1"},"canonical":"https:\/\/gambling6.com\/pt-pt\/loteria\/compre-bilhetes-online-para-a-superenalotto\/","og_locale":"pt_PT","og_type":"article","og_title":"Compre bilhetes para a Superenalotto online.","og_description":"Adquira os seus bilhetes online para a Superenalotto, visitando o site do nosso parceiro, RedFoxLotto.","og_url":"https:\/\/gambling6.com\/pt-pt\/loteria\/compre-bilhetes-online-para-a-superenalotto\/","og_site_name":"Gambling6","og_image":[{"width":228,"height":300,"url":"https:\/\/gambling6.com\/wp-content\/uploads\/2022\/04\/2_ticket_superenalotto.jpg","type":"image\/jpeg"}],"twitter_card":"summary_large_image","twitter_misc":{"Tempo estimado de leitura":"2 minutos"},"schema":{"@context":"https:\/\/schema.org","@graph":[{"@type":"WebPage","@id":"https:\/\/gambling6.com\/pt-pt\/loteria\/compre-bilhetes-online-para-a-superenalotto\/","url":"https:\/\/gambling6.com\/pt-pt\/loteria\/compre-bilhetes-online-para-a-superenalotto\/","name":"Compre bilhetes para a Superenalotto online.","isPartOf":{"@id":"https:\/\/gambling6.com\/pt-pt\/#website"},"primaryImageOfPage":{"@id":"https:\/\/gambling6.com\/pt-pt\/loteria\/compre-bilhetes-online-para-a-superenalotto\/#primaryimage"},"image":{"@id":"https:\/\/gambling6.com\/pt-pt\/loteria\/compre-bilhetes-online-para-a-superenalotto\/#primaryimage"},"thumbnailUrl":"https:\/\/gambling6.com\/wp-content\/uploads\/2022\/04\/2_ticket_superenalotto.jpg","datePublished":"2025-11-11T11:05:23+00:00","description":"Adquira os seus bilhetes online para a Superenalotto, visitando o site do nosso parceiro, RedFoxLotto.","breadcrumb":{"@id":"https:\/\/gambling6.com\/pt-pt\/loteria\/compre-bilhetes-online-para-a-superenalotto\/#breadcrumb"},"inLanguage":"pt-PT","potentialAction":[{"@type":"ReadAction","target":["https:\/\/gambling6.com\/pt-pt\/loteria\/compre-bilhetes-online-para-a-superenalotto\/"]}]},{"@type":"ImageObject","inLanguage":"pt-PT","@id":"https:\/\/gambling6.com\/pt-pt\/loteria\/compre-bilhetes-online-para-a-superenalotto\/#primaryimage","url":"https:\/\/gambling6.com\/wp-content\/uploads\/2022\/04\/2_ticket_superenalotto.jpg","contentUrl":"https:\/\/gambling6.com\/wp-content\/uploads\/2022\/04\/2_ticket_superenalotto.jpg"},{"@type":"BreadcrumbList","@id":"https:\/\/gambling6.com\/pt-pt\/loteria\/compre-bilhetes-online-para-a-superenalotto\/#breadcrumb","itemListElement":[{"@type":"ListItem","position":1,"name":"Home","item":"https:\/\/gambling6.com\/pt-pt\/home\/"},{"@type":"ListItem","position":2,"name":"Loteria","item":"https:\/\/gambling6.com\/pt-pt\/buying-international-lotto-tickets-online\/"},{"@type":"ListItem","position":3,"name":"Compre bilhetes online para a Superenalotto"}]},{"@type":"WebSite","@id":"https:\/\/gambling6.com\/pt-pt\/#website","url":"https:\/\/gambling6.com\/pt-pt\/","name":"Gambling6","description":"","potentialAction":[{"@type":"SearchAction","target":{"@type":"EntryPoint","urlTemplate":"https:\/\/gambling6.com\/pt-pt\/?s={search_term_string}"},"query-input":{"@type":"PropertyValueSpecification","valueRequired":true,"valueName":"search_term_string"}}],"inLanguage":"pt-PT"}]}},"_links":{"self":[{"href":"https:\/\/gambling6.com\/pt-pt\/wp-json\/wp\/v2\/pages\/9725","targetHints":{"allow":["GET"]}}],"collection":[{"href":"https:\/\/gambling6.com\/pt-pt\/wp-json\/wp\/v2\/pages"}],"about":[{"href":"https:\/\/gambling6.com\/pt-pt\/wp-json\/wp\/v2\/types\/page"}],"author":[{"embeddable":true,"href":"https:\/\/gambling6.com\/pt-pt\/wp-json\/wp\/v2\/users\/1"}],"replies":[{"embeddable":true,"href":"https:\/\/gambling6.com\/pt-pt\/wp-json\/wp\/v2\/comments?post=9725"}],"version-history":[{"count":0,"href":"https:\/\/gambling6.com\/pt-pt\/wp-json\/wp\/v2\/pages\/9725\/revisions"}],"up":[{"embeddable":true,"href":"https:\/\/gambling6.com\/pt-pt\/wp-json\/wp\/v2\/pages\/9314"}],"wp:attachment":[{"href":"https:\/\/gambling6.com\/pt-pt\/wp-json\/wp\/v2\/media?parent=9725"}],"curies":[{"name":"wp","href":"https:\/\/api.w.org\/{rel}","templated":true}]}}