{"id":11023,"date":"2025-11-17T11:12:08","date_gmt":"2025-11-17T11:12:08","guid":{"rendered":"https:\/\/gambling6.com\/?page_id=11023"},"modified":"2025-11-17T11:12:08","modified_gmt":"2025-11-17T11:12:08","slug":"recenzie-888-casino","status":"publish","type":"page","link":"https:\/\/gambling6.com\/ro\/recenzie-888-casino\/","title":{"rendered":"Recenzie 888 Casino"},"content":{"rendered":"<h2>Nu doar un site de rulet\u0103 &#8211; 888 Casino<\/h2>\n<p>Cazinoul online 888 este un brand consacrat \u00een industria jocurilor de noroc. Acest cazinou online ofer\u0103 at\u00e2t un cazinou fantastic bazat pe Flash, care se \u00eencarc\u0103 rapid \u00een browser, c\u00e2t \u0219i op\u021biunea de a desc\u0103rca software-ul jocului pentru a accesa jocurile. Juc\u0103torii prefer\u0103 versiunea de desc\u0103rcare, deoarece ofer\u0103 o senza\u021bie \u0219i un aspect consistent pe tot parcursul jocurilor.<\/p>\n<p><a href=\"https:\/\/ic.aff-handler.com\/C\/45871?sr=1064399&amp;anid=\" rel=\"nofollow\"><img decoding=\"async\" class=\"aligncenter\" src=\"https:\/\/ic.aff-handler.com\/I\/45871?sr=1064399&amp;anid=\" \/><\/a><\/p>\n<h2>Jocuri de rulet\u0103 888<\/h2>\n<p>De la ruleta european\u0103 la ruleta 3D, v\u0103 pute\u021bi bucura de orice tip de rulet\u0103 la acest cazinou. Exist\u0103, de asemenea, jocuri de rulet\u0103 gratuite, unde pute\u021bi \u00eenv\u0103\u021ba regulile jocului, \u00een cazul \u00een care sunte\u021bi nou \u00een acest joc. Principala atrac\u021bie a cazinoului este ruleta live. Pute\u021bi alege dintre trei mese cu un singur zero: Rulet\u0103 european\u0103, francez\u0103 \u0219i Rulet\u0103 Venezian\u0103 (cu dealer vorbitor de italian\u0103).<\/p>\n<p>Intervalul pariului \u00eencepe de la 1 p\u00e2n\u0103 la maximum 200. Monedele acceptate sunt USD, Euro \u0219i GBP. Jocul ofer\u0103 juc\u0103torilor o estetic\u0103 excelent\u0103. Cea mai bun\u0103 parte este c\u0103 juc\u0103torii \u00eel pot juca \u00een browser f\u0103r\u0103 a desc\u0103rca niciun software. Exist\u0103 dou\u0103 vizualiz\u0103ri ale jocului: cea clasic\u0103 \u0219i cea 3D. Jocul are de toate, orice fan al ruletei nu ar putea cere mai mult.<\/p>\n<p>Dar, pe l\u00e2ng\u0103 jocurile de rulet\u0103, ve\u021bi g\u0103si aici tot felul de jocuri online pe bani. Poker, pariuri sportive, Bingo, Lozuri r\u0103zuibile, sloturi, Blackjack &#8211; orice dori\u021bi, le au!<\/p>\n<h2>Securitatea 888<\/h2>\n<p>Acest cazinou cu sediul \u00een Gibraltar ia foarte \u00een serios protejarea informa\u021biilor personale ale membrilor s\u0103i. Ace\u0219tia respect\u0103 protocoale stricte de securitate pentru a proteja datele \u0219i informa\u021biile de atacurile cibernetice. Cazinoul este m\u00e2ndru c\u0103 are diverse certific\u0103ri de securitate. Ace\u0219tia ofer\u0103 20 de metode de depunere, inclusiv cele mai de \u00eencredere nume din industrie, cum ar fi Visa \u0219i Neteller. Cazinoul trebuie s\u0103 men\u021bin\u0103 un nivel ridicat de securitate, deoarece juc\u0103torii trebuie s\u0103 dezv\u0103luie documente de verificare pentru a preveni frauda, \u200b\u200biar informa\u021biile sunt sensibile. Cu astfel de m\u0103suri extraordinare de securitate, juc\u0103torii se pot bucura de joc f\u0103r\u0103 griji.<\/p>\n<h2>Bonusuri \u0219i promo\u021bii 888 Casino<\/h2>\n<p>Pe l\u00e2ng\u0103 jocuri, urm\u0103torul lucru de care sunt interesa\u021bi majoritatea juc\u0103torilor de cazinou sunt bonusurile \u0219i promo\u021biile. 888 ofer\u0103 promo\u021bii excelente la intervale regulate. Ace\u0219tia ofer\u0103 un bonus generos de \u00eenscriere tuturor juc\u0103torilor noi. Sunte\u021bi liberi s\u0103 \u00eel utiliza\u021bi \u00een orice sec\u021biune de jocuri de cazinou. C\u00e2nd juca\u021bi rulet\u0103 pentru prima dat\u0103, ve\u021bi fi \u00eent\u00e2mpinat cu un bonus de \u00eenscriere de 1500 \u20ac. Cazinoul are, de asemenea, o promo\u021bie de recomandare prin care pute\u021bi c\u00e2\u0219tiga recompense invit\u00e2nd prieteni s\u0103 se al\u0103ture. Per total, 888 Casino este un loc distractiv pentru orice pasionat de rulet\u0103. Orice fan al jocurilor de noroc se poate bucura \u0219i petrece timpul pl\u0103cut \u00een acest cazinou!<\/p>\n","protected":false},"excerpt":{"rendered":"<p>Nu doar un site de rulet\u0103 &#8211; 888 Casino Cazinoul online 888 este un brand consacrat \u00een industria jocurilor de noroc. Acest cazinou online ofer\u0103 at\u00e2t un cazinou fantastic bazat pe Flash, care se \u00eencarc\u0103 rapid \u00een browser, c\u00e2t \u0219i op\u021biunea de a desc\u0103rca software-ul jocului pentru a accesa jocurile. Juc\u0103torii prefer\u0103 versiunea de desc\u0103rcare, [&hellip;]<\/p>\n","protected":false},"author":1,"featured_media":0,"parent":0,"menu_order":3,"comment_status":"closed","ping_status":"closed","template":"","meta":{"footnotes":""},"class_list":["post-11023","page","type-page","status-publish","hentry"],"yoast_head":"<!-- This site is optimized with the Yoast SEO plugin v27.5 - https:\/\/yoast.com\/product\/yoast-seo-wordpress\/ -->\n<title>Recenzie 888 Casino - Gambling6<\/title>\n<meta name=\"robots\" content=\"index, follow, max-snippet:-1, max-image-preview:large, max-video-preview:-1\" \/>\n<link rel=\"canonical\" href=\"https:\/\/gambling6.com\/ro\/recenzie-888-casino\/\" \/>\n<meta property=\"og:locale\" content=\"ro_RO\" \/>\n<meta property=\"og:type\" content=\"article\" \/>\n<meta property=\"og:title\" content=\"Recenzie 888 Casino - Gambling6\" \/>\n<meta property=\"og:description\" content=\"Nu doar un site de rulet\u0103 &#8211; 888 Casino Cazinoul online 888 este un brand consacrat \u00een industria jocurilor de noroc. Acest cazinou online ofer\u0103 at\u00e2t un cazinou fantastic bazat pe Flash, care se \u00eencarc\u0103 rapid \u00een browser, c\u00e2t \u0219i op\u021biunea de a desc\u0103rca software-ul jocului pentru a accesa jocurile. Juc\u0103torii prefer\u0103 versiunea de desc\u0103rcare, [&hellip;]\" \/>\n<meta property=\"og:url\" content=\"https:\/\/gambling6.com\/ro\/recenzie-888-casino\/\" \/>\n<meta property=\"og:site_name\" content=\"Gambling6\" \/>\n<meta property=\"og:image\" content=\"https:\/\/ic.aff-handler.com\/I\/45871?sr=1064399&amp;anid=\" \/>\n<meta name=\"twitter:card\" content=\"summary_large_image\" \/>\n<meta name=\"twitter:label1\" content=\"Timp estimat pentru citire\" \/>\n\t<meta name=\"twitter:data1\" content=\"2 minute\" \/>\n<script type=\"application\/ld+json\" class=\"yoast-schema-graph\">{\"@context\":\"https:\\\/\\\/schema.org\",\"@graph\":[{\"@type\":\"WebPage\",\"@id\":\"https:\\\/\\\/gambling6.com\\\/ro\\\/recenzie-888-casino\\\/\",\"url\":\"https:\\\/\\\/gambling6.com\\\/ro\\\/recenzie-888-casino\\\/\",\"name\":\"Recenzie 888 Casino - Gambling6\",\"isPartOf\":{\"@id\":\"https:\\\/\\\/gambling6.com\\\/ro\\\/#website\"},\"primaryImageOfPage\":{\"@id\":\"https:\\\/\\\/gambling6.com\\\/ro\\\/recenzie-888-casino\\\/#primaryimage\"},\"image\":{\"@id\":\"https:\\\/\\\/gambling6.com\\\/ro\\\/recenzie-888-casino\\\/#primaryimage\"},\"thumbnailUrl\":\"https:\\\/\\\/ic.aff-handler.com\\\/I\\\/45871?sr=1064399&amp;anid=\",\"datePublished\":\"2025-11-17T11:12:08+00:00\",\"breadcrumb\":{\"@id\":\"https:\\\/\\\/gambling6.com\\\/ro\\\/recenzie-888-casino\\\/#breadcrumb\"},\"inLanguage\":\"ro-RO\",\"potentialAction\":[{\"@type\":\"ReadAction\",\"target\":[\"https:\\\/\\\/gambling6.com\\\/ro\\\/recenzie-888-casino\\\/\"]}]},{\"@type\":\"ImageObject\",\"inLanguage\":\"ro-RO\",\"@id\":\"https:\\\/\\\/gambling6.com\\\/ro\\\/recenzie-888-casino\\\/#primaryimage\",\"url\":\"https:\\\/\\\/ic.aff-handler.com\\\/I\\\/45871?sr=1064399&amp;anid=\",\"contentUrl\":\"https:\\\/\\\/ic.aff-handler.com\\\/I\\\/45871?sr=1064399&amp;anid=\"},{\"@type\":\"BreadcrumbList\",\"@id\":\"https:\\\/\\\/gambling6.com\\\/ro\\\/recenzie-888-casino\\\/#breadcrumb\",\"itemListElement\":[{\"@type\":\"ListItem\",\"position\":1,\"name\":\"Home\",\"item\":\"https:\\\/\\\/gambling6.com\\\/ro\\\/home\\\/\"},{\"@type\":\"ListItem\",\"position\":2,\"name\":\"Recenzie 888 Casino\"}]},{\"@type\":\"WebSite\",\"@id\":\"https:\\\/\\\/gambling6.com\\\/ro\\\/#website\",\"url\":\"https:\\\/\\\/gambling6.com\\\/ro\\\/\",\"name\":\"Gambling6\",\"description\":\"\",\"potentialAction\":[{\"@type\":\"SearchAction\",\"target\":{\"@type\":\"EntryPoint\",\"urlTemplate\":\"https:\\\/\\\/gambling6.com\\\/ro\\\/?s={search_term_string}\"},\"query-input\":{\"@type\":\"PropertyValueSpecification\",\"valueRequired\":true,\"valueName\":\"search_term_string\"}}],\"inLanguage\":\"ro-RO\"}]}<\/script>\n<!-- \/ Yoast SEO plugin. -->","yoast_head_json":{"title":"Recenzie 888 Casino - Gambling6","robots":{"index":"index","follow":"follow","max-snippet":"max-snippet:-1","max-image-preview":"max-image-preview:large","max-video-preview":"max-video-preview:-1"},"canonical":"https:\/\/gambling6.com\/ro\/recenzie-888-casino\/","og_locale":"ro_RO","og_type":"article","og_title":"Recenzie 888 Casino - Gambling6","og_description":"Nu doar un site de rulet\u0103 &#8211; 888 Casino Cazinoul online 888 este un brand consacrat \u00een industria jocurilor de noroc. Acest cazinou online ofer\u0103 at\u00e2t un cazinou fantastic bazat pe Flash, care se \u00eencarc\u0103 rapid \u00een browser, c\u00e2t \u0219i op\u021biunea de a desc\u0103rca software-ul jocului pentru a accesa jocurile. Juc\u0103torii prefer\u0103 versiunea de desc\u0103rcare, [&hellip;]","og_url":"https:\/\/gambling6.com\/ro\/recenzie-888-casino\/","og_site_name":"Gambling6","og_image":[{"url":"https:\/\/ic.aff-handler.com\/I\/45871?sr=1064399&amp;anid=","type":"","width":"","height":""}],"twitter_card":"summary_large_image","twitter_misc":{"Timp estimat pentru citire":"2 minute"},"schema":{"@context":"https:\/\/schema.org","@graph":[{"@type":"WebPage","@id":"https:\/\/gambling6.com\/ro\/recenzie-888-casino\/","url":"https:\/\/gambling6.com\/ro\/recenzie-888-casino\/","name":"Recenzie 888 Casino - Gambling6","isPartOf":{"@id":"https:\/\/gambling6.com\/ro\/#website"},"primaryImageOfPage":{"@id":"https:\/\/gambling6.com\/ro\/recenzie-888-casino\/#primaryimage"},"image":{"@id":"https:\/\/gambling6.com\/ro\/recenzie-888-casino\/#primaryimage"},"thumbnailUrl":"https:\/\/ic.aff-handler.com\/I\/45871?sr=1064399&amp;anid=","datePublished":"2025-11-17T11:12:08+00:00","breadcrumb":{"@id":"https:\/\/gambling6.com\/ro\/recenzie-888-casino\/#breadcrumb"},"inLanguage":"ro-RO","potentialAction":[{"@type":"ReadAction","target":["https:\/\/gambling6.com\/ro\/recenzie-888-casino\/"]}]},{"@type":"ImageObject","inLanguage":"ro-RO","@id":"https:\/\/gambling6.com\/ro\/recenzie-888-casino\/#primaryimage","url":"https:\/\/ic.aff-handler.com\/I\/45871?sr=1064399&amp;anid=","contentUrl":"https:\/\/ic.aff-handler.com\/I\/45871?sr=1064399&amp;anid="},{"@type":"BreadcrumbList","@id":"https:\/\/gambling6.com\/ro\/recenzie-888-casino\/#breadcrumb","itemListElement":[{"@type":"ListItem","position":1,"name":"Home","item":"https:\/\/gambling6.com\/ro\/home\/"},{"@type":"ListItem","position":2,"name":"Recenzie 888 Casino"}]},{"@type":"WebSite","@id":"https:\/\/gambling6.com\/ro\/#website","url":"https:\/\/gambling6.com\/ro\/","name":"Gambling6","description":"","potentialAction":[{"@type":"SearchAction","target":{"@type":"EntryPoint","urlTemplate":"https:\/\/gambling6.com\/ro\/?s={search_term_string}"},"query-input":{"@type":"PropertyValueSpecification","valueRequired":true,"valueName":"search_term_string"}}],"inLanguage":"ro-RO"}]}},"_links":{"self":[{"href":"https:\/\/gambling6.com\/ro\/wp-json\/wp\/v2\/pages\/11023","targetHints":{"allow":["GET"]}}],"collection":[{"href":"https:\/\/gambling6.com\/ro\/wp-json\/wp\/v2\/pages"}],"about":[{"href":"https:\/\/gambling6.com\/ro\/wp-json\/wp\/v2\/types\/page"}],"author":[{"embeddable":true,"href":"https:\/\/gambling6.com\/ro\/wp-json\/wp\/v2\/users\/1"}],"replies":[{"embeddable":true,"href":"https:\/\/gambling6.com\/ro\/wp-json\/wp\/v2\/comments?post=11023"}],"version-history":[{"count":1,"href":"https:\/\/gambling6.com\/ro\/wp-json\/wp\/v2\/pages\/11023\/revisions"}],"predecessor-version":[{"id":11025,"href":"https:\/\/gambling6.com\/ro\/wp-json\/wp\/v2\/pages\/11023\/revisions\/11025"}],"wp:attachment":[{"href":"https:\/\/gambling6.com\/ro\/wp-json\/wp\/v2\/media?parent=11023"}],"curies":[{"name":"wp","href":"https:\/\/api.w.org\/{rel}","templated":true}]}}