{"id":11066,"date":"2025-11-17T14:10:33","date_gmt":"2025-11-17T14:10:33","guid":{"rendered":"https:\/\/gambling6.com\/?p=11066"},"modified":"2025-11-17T14:10:33","modified_gmt":"2025-11-17T14:10:33","slug":"cat-de-bun-este-redfoxlotto","status":"publish","type":"page","link":"https:\/\/gambling6.com\/ro\/cat-de-bun-este-redfoxlotto\/","title":{"rendered":"C\u00e2t de bun este RedFoxLotto?"},"content":{"rendered":"<h2>O recenzie a RedFoxLotto<\/h2>\n<p><strong>RedFoxLotto<\/strong> este o platform\u0103 extrem de u\u0219or de utilizat, sigur\u0103 \u0219i securizat\u0103 pentru cump\u0103rarea de bilete online pentru toate loteriile majore din \u00eentreaga lume. Pe site-ul RedFoxLotto, pute\u021bi juca la multe loterii din \u00eentreaga lume, iar biletele pot fi comandate 24 de ore pe zi, \u0219apte zile pe s\u0103pt\u0103m\u00e2n\u0103. Este simplu s\u0103 crea\u021bi un cont, s\u0103 depune\u021bi bani \u0219i s\u0103 \u00eencepe\u021bi s\u0103 juca\u021bi bilete de loterie interna\u021bionale \u00een c\u00e2teva minute.<\/p>\n<h2>P\u0103stra\u021bi to\u021bi banii pe care \u00eei c\u00e2\u0219tiga\u021bi la RedFoxLotto<\/h2>\n<p>RedFoxLotto angajeaz\u0103 curieri de loterie din \u00eentreaga lume care cump\u0103r\u0103 bilete pentru loterii la care dori\u021bi s\u0103 juca\u021bi \u00een numele dvs. Odat\u0103 ce biletele au fost achizi\u021bionate, acestea sunt scanate \u0219i \u00eenc\u0103rcate \u00een contul dvs. \u00eenainte de extragere. Aceast\u0103 metod\u0103 v\u0103 asigur\u0103 c\u0103 pute\u021bi vedea biletele dvs. \u0219i primi 100% din c\u00e2\u0219tiguri. RedFoxLotto nu ia un procent din c\u00e2\u0219tigurile dvs.; toate taxele sunt incluse \u00een pre\u021bul biletelor dvs.<\/p>\n<h2>Bilete disponibile pentru toate loteriile majore<\/h2>\n<p><strong>Ve\u021bi g\u0103si bilete disponibile pentru toate loteriile majore din \u00eentreaga lume, inclusiv Mega Millions, Powerball USA, Eurojackpot, Euro Millions \u0219i multe altele.<\/strong> Nu conteaz\u0103 \u00een ce \u021bara locui\u021bi; pute\u021bi achizi\u021biona bilete pentru toate loteriile majore din \u00eentreaga lume. Tot ce trebuie s\u0103 face\u021bi este s\u0103 v\u0103 conecta\u021bi la contul dvs., s\u0103 alege\u021bi RedFoxLotto la care dori\u021bi s\u0103 juca\u021bi, s\u0103 alege\u021bi numerele pe care dori\u021bi s\u0103 le juca\u021bi \u0219i s\u0103 v\u0103 relaxa\u021bi \u0219i s\u0103 a\u0219tepta\u021bi extragerea. RedFoxLotto v\u0103 va trimite notific\u0103ri despre orice c\u00e2\u0219tiguri.<\/p>\n<p>U\u0219or de colectat c\u00e2\u0219tigurile la RedFoxLotto<\/p>\n<p>Pentru orice bilete c\u00e2\u0219tig\u0103toare pe care le ave\u021bi, <strong>RedFoxLotto v\u0103 va trimite o notificare prin e-mail sau v\u0103 va suna dac\u0103 premiul este mai mare pentru a v\u0103 informa despre c\u00e2\u0219tigurile dvs.<\/strong> C\u00e2\u0219tig\u0103rile de p\u00e2n\u0103 la 2000 \u20ac vor fi depuse automat \u00een contul dvs. Dac\u0103 se \u00eent\u00e2mpl\u0103 s\u0103 c\u00e2\u0219tiga\u021bi un premiu mai mare de 2000 \u20ac, exper\u021bii \u00een procesare RedFoxLotto v\u0103 vor ghida prin pa\u0219ii necesari pentru a v\u0103 primi c\u00e2\u0219tigurile. C\u00e2\u0219tig\u0103torii marelui premiu pot alege ca RedFoxLotto s\u0103 ac\u021bioneze \u00een numele lor sau, dac\u0103 prefera\u021bi, pute\u021bi face deplasarea pentru a v\u0103 colecta c\u00e2\u0219tigurile personal. Suntem siguri c\u0103, dac\u0103 deveni\u021bi un c\u00e2\u0219tig\u0103tor de milioane de dolari, nu ve\u021bi avea probleme \u00een a lua toate m\u0103surile necesare pentru a v\u0103 colecta c\u00e2\u0219tigurile.<\/p>\n<h2>Plata biletelor dvs. de loterie online<\/h2>\n<p>RedFoxLotto ofer\u0103 multe op\u021biuni de plat\u0103 sigure \u0219i securizate, indiferent de \u021bara \u00een care locui\u021bi.<strong>Ace\u0219tia accept\u0103 Visa, MasterCard, American Express, Skrill, Neteller, transfer bancar instantaneu, criptomonede \u0219i o varietate de alte produse de portofel electronic.<\/strong> Pute\u021bi alege s\u0103 v\u0103 depune\u021bi c\u00e2\u0219tigurile folosind oricare dintre aceste metode sau s\u0103 vira\u021bi banii direct \u00een contul dvs. bancar.<\/p>\n<p>\u00cen fiecare an, RedFoxLotto reprezint\u0103 c\u00e2\u0219tig\u0103tori de milioane de dolari \u0219i are o garan\u021bie de plat\u0103 de 100%. Ve\u021bi constata c\u0103, dac\u0103 ave\u021bi \u00eentreb\u0103ri, este u\u0219or s\u0103 contacta\u021bi reprezentan\u021bii serviciului clien\u021bi dedica\u021bi, disponibili non-stop pe RedFoxLotto.com. Nu mai este necesar s\u0103 vizita\u021bi chio\u0219curile de loterie locale pentru a cump\u0103ra bilete pentru loteria local\u0103. Pute\u021bi cump\u0103ra bilete din confortul casei sau al biroului dvs. \u00een timp util pentru toate loteriile.<\/p>\n<p><strong>\u00cencepe\u021bi s\u0103 juca\u021bi online la loterii interna\u021bionale ast\u0103zi, vizit\u00e2nd partenerul nostru RedFoxLotto \u0219i deschiz\u00e2ndu-v\u0103 contul personal.<\/strong> Dup\u0103 ce ave\u021bi un cont, ve\u021bi g\u0103si multe oferte bonus diferite \u0219i programe speciale de cump\u0103rare de bilete pentru a face jocul la Loto distractiv \u0219i profitabil.<\/p>\n<p><a class=\"thirstylink\" title=\"Redfoxlotto\" href=\"https:\/\/gambling6.com\/go\/redfoxlotto\/\" target=\"_blank\" rel=\"nofollow noopener\">Face\u021bi clic aici acum pentru a v\u0103 crea contul personal online RedFoxLotto<\/a> \u0219i a\u021bi putea deveni multimilionar peste noapte.<\/p>\n","protected":false},"excerpt":{"rendered":"<p>O recenzie a RedFoxLotto RedFoxLotto este o platform\u0103 extrem de u\u0219or de utilizat, sigur\u0103 \u0219i securizat\u0103 pentru cump\u0103rarea de bilete online pentru toate loteriile majore din \u00eentreaga lume. Pe site-ul RedFoxLotto, pute\u021bi juca la multe loterii din \u00eentreaga lume, iar biletele pot fi comandate 24 de ore pe zi, \u0219apte zile pe s\u0103pt\u0103m\u00e2n\u0103. Este simplu [&hellip;]<\/p>\n","protected":false},"author":1,"featured_media":0,"parent":0,"menu_order":1,"comment_status":"closed","ping_status":"closed","template":"","meta":{"footnotes":""},"class_list":["post-11066","page","type-page","status-publish","hentry"],"yoast_head":"<!-- This site is optimized with the Yoast SEO plugin v27.4 - https:\/\/yoast.com\/product\/yoast-seo-wordpress\/ -->\n<title>Recenzie RedFoxLotto<\/title>\n<meta name=\"description\" content=\"Pe RedFoxLotto.com, pute\u021bi cump\u0103ra bilete online pentru loterii interna\u021bionale, inclusiv Powerball \u0219i Mega Millions. Citi\u021bi recenzia noastr\u0103 despre RedFoxLotto.\" \/>\n<meta name=\"robots\" content=\"index, follow, max-snippet:-1, max-image-preview:large, max-video-preview:-1\" \/>\n<link rel=\"canonical\" href=\"https:\/\/gambling6.com\/ro\/cat-de-bun-este-redfoxlotto\/\" \/>\n<meta property=\"og:locale\" content=\"ro_RO\" \/>\n<meta property=\"og:type\" content=\"article\" \/>\n<meta property=\"og:title\" content=\"Recenzie RedFoxLotto\" \/>\n<meta property=\"og:description\" content=\"Pe RedFoxLotto.com, pute\u021bi cump\u0103ra bilete online pentru loterii interna\u021bionale, inclusiv Powerball \u0219i Mega Millions. Citi\u021bi recenzia noastr\u0103 despre RedFoxLotto.\" \/>\n<meta property=\"og:url\" content=\"https:\/\/gambling6.com\/ro\/cat-de-bun-este-redfoxlotto\/\" \/>\n<meta property=\"og:site_name\" content=\"Gambling6\" \/>\n<meta property=\"article:published_time\" content=\"2025-11-17T14:10:33+00:00\" \/>\n<meta name=\"author\" content=\"Catfish\" \/>\n<meta name=\"twitter:card\" content=\"summary_large_image\" \/>\n<meta name=\"twitter:label1\" content=\"Scris de\" \/>\n\t<meta name=\"twitter:data1\" content=\"Catfish\" \/>\n\t<meta name=\"twitter:label2\" content=\"Timp estimat pentru citire\" \/>\n\t<meta name=\"twitter:data2\" content=\"3 minute\" \/>\n<script type=\"application\/ld+json\" class=\"yoast-schema-graph\">{\"@context\":\"https:\\\/\\\/schema.org\",\"@graph\":[{\"@type\":\"Article\",\"@id\":\"https:\\\/\\\/gambling6.com\\\/ro\\\/cat-de-bun-este-redfoxlotto\\\/#article\",\"isPartOf\":{\"@id\":\"https:\\\/\\\/gambling6.com\\\/ro\\\/cat-de-bun-este-redfoxlotto\\\/\"},\"author\":{\"name\":\"Catfish\",\"@id\":\"https:\\\/\\\/gambling6.com\\\/ro\\\/#\\\/schema\\\/person\\\/d093de87a44a018ef67117d02d86ddaf\"},\"headline\":\"C\u00e2t de bun este RedFoxLotto?\",\"datePublished\":\"2025-11-17T14:10:33+00:00\",\"mainEntityOfPage\":{\"@id\":\"https:\\\/\\\/gambling6.com\\\/ro\\\/cat-de-bun-este-redfoxlotto\\\/\"},\"wordCount\":667,\"articleSection\":[\"Uncategorized @ro\"],\"inLanguage\":\"ro-RO\"},{\"@type\":\"WebPage\",\"@id\":\"https:\\\/\\\/gambling6.com\\\/ro\\\/cat-de-bun-este-redfoxlotto\\\/\",\"url\":\"https:\\\/\\\/gambling6.com\\\/ro\\\/cat-de-bun-este-redfoxlotto\\\/\",\"name\":\"Recenzie RedFoxLotto\",\"isPartOf\":{\"@id\":\"https:\\\/\\\/gambling6.com\\\/ro\\\/#website\"},\"datePublished\":\"2025-11-17T14:10:33+00:00\",\"author\":{\"@id\":\"https:\\\/\\\/gambling6.com\\\/ro\\\/#\\\/schema\\\/person\\\/d093de87a44a018ef67117d02d86ddaf\"},\"description\":\"Pe RedFoxLotto.com, pute\u021bi cump\u0103ra bilete online pentru loterii interna\u021bionale, inclusiv Powerball \u0219i Mega Millions. Citi\u021bi recenzia noastr\u0103 despre RedFoxLotto.\",\"breadcrumb\":{\"@id\":\"https:\\\/\\\/gambling6.com\\\/ro\\\/cat-de-bun-este-redfoxlotto\\\/#breadcrumb\"},\"inLanguage\":\"ro-RO\",\"potentialAction\":[{\"@type\":\"ReadAction\",\"target\":[\"https:\\\/\\\/gambling6.com\\\/ro\\\/cat-de-bun-este-redfoxlotto\\\/\"]}]},{\"@type\":\"BreadcrumbList\",\"@id\":\"https:\\\/\\\/gambling6.com\\\/ro\\\/cat-de-bun-este-redfoxlotto\\\/#breadcrumb\",\"itemListElement\":[{\"@type\":\"ListItem\",\"position\":1,\"name\":\"Home\",\"item\":\"https:\\\/\\\/gambling6.com\\\/ro\\\/home\\\/\"},{\"@type\":\"ListItem\",\"position\":2,\"name\":\"C\u00e2t de bun este RedFoxLotto?\"}]},{\"@type\":\"WebSite\",\"@id\":\"https:\\\/\\\/gambling6.com\\\/ro\\\/#website\",\"url\":\"https:\\\/\\\/gambling6.com\\\/ro\\\/\",\"name\":\"Gambling6\",\"description\":\"\",\"potentialAction\":[{\"@type\":\"SearchAction\",\"target\":{\"@type\":\"EntryPoint\",\"urlTemplate\":\"https:\\\/\\\/gambling6.com\\\/ro\\\/?s={search_term_string}\"},\"query-input\":{\"@type\":\"PropertyValueSpecification\",\"valueRequired\":true,\"valueName\":\"search_term_string\"}}],\"inLanguage\":\"ro-RO\"},{\"@type\":\"Person\",\"@id\":\"https:\\\/\\\/gambling6.com\\\/ro\\\/#\\\/schema\\\/person\\\/d093de87a44a018ef67117d02d86ddaf\",\"name\":\"Catfish\",\"image\":{\"@type\":\"ImageObject\",\"inLanguage\":\"ro-RO\",\"@id\":\"https:\\\/\\\/secure.gravatar.com\\\/avatar\\\/32edfa28ccbf005c231538b245a2670a36c7f33f2d3a9ab09e50843b363f2821?s=96&d=mm&r=g\",\"url\":\"https:\\\/\\\/secure.gravatar.com\\\/avatar\\\/32edfa28ccbf005c231538b245a2670a36c7f33f2d3a9ab09e50843b363f2821?s=96&d=mm&r=g\",\"contentUrl\":\"https:\\\/\\\/secure.gravatar.com\\\/avatar\\\/32edfa28ccbf005c231538b245a2670a36c7f33f2d3a9ab09e50843b363f2821?s=96&d=mm&r=g\",\"caption\":\"Catfish\"},\"sameAs\":[\"http:\\\/\\\/gambling6.com\"],\"url\":\"https:\\\/\\\/gambling6.com\\\/ro\\\/author\\\/catfish\\\/\"}]}<\/script>\n<!-- \/ Yoast SEO plugin. -->","yoast_head_json":{"title":"Recenzie RedFoxLotto","description":"Pe RedFoxLotto.com, pute\u021bi cump\u0103ra bilete online pentru loterii interna\u021bionale, inclusiv Powerball \u0219i Mega Millions. Citi\u021bi recenzia noastr\u0103 despre RedFoxLotto.","robots":{"index":"index","follow":"follow","max-snippet":"max-snippet:-1","max-image-preview":"max-image-preview:large","max-video-preview":"max-video-preview:-1"},"canonical":"https:\/\/gambling6.com\/ro\/cat-de-bun-este-redfoxlotto\/","og_locale":"ro_RO","og_type":"article","og_title":"Recenzie RedFoxLotto","og_description":"Pe RedFoxLotto.com, pute\u021bi cump\u0103ra bilete online pentru loterii interna\u021bionale, inclusiv Powerball \u0219i Mega Millions. Citi\u021bi recenzia noastr\u0103 despre RedFoxLotto.","og_url":"https:\/\/gambling6.com\/ro\/cat-de-bun-este-redfoxlotto\/","og_site_name":"Gambling6","article_published_time":"2025-11-17T14:10:33+00:00","author":"Catfish","twitter_card":"summary_large_image","twitter_misc":{"Scris de":"Catfish","Timp estimat pentru citire":"3 minute"},"schema":{"@context":"https:\/\/schema.org","@graph":[{"@type":"Article","@id":"https:\/\/gambling6.com\/ro\/cat-de-bun-este-redfoxlotto\/#article","isPartOf":{"@id":"https:\/\/gambling6.com\/ro\/cat-de-bun-este-redfoxlotto\/"},"author":{"name":"Catfish","@id":"https:\/\/gambling6.com\/ro\/#\/schema\/person\/d093de87a44a018ef67117d02d86ddaf"},"headline":"C\u00e2t de bun este RedFoxLotto?","datePublished":"2025-11-17T14:10:33+00:00","mainEntityOfPage":{"@id":"https:\/\/gambling6.com\/ro\/cat-de-bun-este-redfoxlotto\/"},"wordCount":667,"articleSection":["Uncategorized @ro"],"inLanguage":"ro-RO"},{"@type":"WebPage","@id":"https:\/\/gambling6.com\/ro\/cat-de-bun-este-redfoxlotto\/","url":"https:\/\/gambling6.com\/ro\/cat-de-bun-este-redfoxlotto\/","name":"Recenzie RedFoxLotto","isPartOf":{"@id":"https:\/\/gambling6.com\/ro\/#website"},"datePublished":"2025-11-17T14:10:33+00:00","author":{"@id":"https:\/\/gambling6.com\/ro\/#\/schema\/person\/d093de87a44a018ef67117d02d86ddaf"},"description":"Pe RedFoxLotto.com, pute\u021bi cump\u0103ra bilete online pentru loterii interna\u021bionale, inclusiv Powerball \u0219i Mega Millions. Citi\u021bi recenzia noastr\u0103 despre RedFoxLotto.","breadcrumb":{"@id":"https:\/\/gambling6.com\/ro\/cat-de-bun-este-redfoxlotto\/#breadcrumb"},"inLanguage":"ro-RO","potentialAction":[{"@type":"ReadAction","target":["https:\/\/gambling6.com\/ro\/cat-de-bun-este-redfoxlotto\/"]}]},{"@type":"BreadcrumbList","@id":"https:\/\/gambling6.com\/ro\/cat-de-bun-este-redfoxlotto\/#breadcrumb","itemListElement":[{"@type":"ListItem","position":1,"name":"Home","item":"https:\/\/gambling6.com\/ro\/home\/"},{"@type":"ListItem","position":2,"name":"C\u00e2t de bun este RedFoxLotto?"}]},{"@type":"WebSite","@id":"https:\/\/gambling6.com\/ro\/#website","url":"https:\/\/gambling6.com\/ro\/","name":"Gambling6","description":"","potentialAction":[{"@type":"SearchAction","target":{"@type":"EntryPoint","urlTemplate":"https:\/\/gambling6.com\/ro\/?s={search_term_string}"},"query-input":{"@type":"PropertyValueSpecification","valueRequired":true,"valueName":"search_term_string"}}],"inLanguage":"ro-RO"},{"@type":"Person","@id":"https:\/\/gambling6.com\/ro\/#\/schema\/person\/d093de87a44a018ef67117d02d86ddaf","name":"Catfish","image":{"@type":"ImageObject","inLanguage":"ro-RO","@id":"https:\/\/secure.gravatar.com\/avatar\/32edfa28ccbf005c231538b245a2670a36c7f33f2d3a9ab09e50843b363f2821?s=96&d=mm&r=g","url":"https:\/\/secure.gravatar.com\/avatar\/32edfa28ccbf005c231538b245a2670a36c7f33f2d3a9ab09e50843b363f2821?s=96&d=mm&r=g","contentUrl":"https:\/\/secure.gravatar.com\/avatar\/32edfa28ccbf005c231538b245a2670a36c7f33f2d3a9ab09e50843b363f2821?s=96&d=mm&r=g","caption":"Catfish"},"sameAs":["http:\/\/gambling6.com"],"url":"https:\/\/gambling6.com\/ro\/author\/catfish\/"}]}},"_links":{"self":[{"href":"https:\/\/gambling6.com\/ro\/wp-json\/wp\/v2\/pages\/11066","targetHints":{"allow":["GET"]}}],"collection":[{"href":"https:\/\/gambling6.com\/ro\/wp-json\/wp\/v2\/pages"}],"about":[{"href":"https:\/\/gambling6.com\/ro\/wp-json\/wp\/v2\/types\/page"}],"author":[{"embeddable":true,"href":"https:\/\/gambling6.com\/ro\/wp-json\/wp\/v2\/users\/1"}],"replies":[{"embeddable":true,"href":"https:\/\/gambling6.com\/ro\/wp-json\/wp\/v2\/comments?post=11066"}],"version-history":[{"count":1,"href":"https:\/\/gambling6.com\/ro\/wp-json\/wp\/v2\/pages\/11066\/revisions"}],"predecessor-version":[{"id":11067,"href":"https:\/\/gambling6.com\/ro\/wp-json\/wp\/v2\/pages\/11066\/revisions\/11067"}],"wp:attachment":[{"href":"https:\/\/gambling6.com\/ro\/wp-json\/wp\/v2\/media?parent=11066"}],"curies":[{"name":"wp","href":"https:\/\/api.w.org\/{rel}","templated":true}]}}