{"id":11094,"date":"2025-11-17T15:36:00","date_gmt":"2025-11-17T15:36:00","guid":{"rendered":"https:\/\/gambling6.com\/succes-la-bingo-online\/"},"modified":"2025-11-17T15:36:00","modified_gmt":"2025-11-17T15:36:00","slug":"succes-la-bingo-online","status":"publish","type":"page","link":"https:\/\/gambling6.com\/ro\/bingo\/succes-la-bingo-online\/","title":{"rendered":"Succes la Bingo Online"},"content":{"rendered":"<h2>Joac\u0103 Bingo Online cu strategia potrivit\u0103<\/h2>\n<p>Datorit\u0103 dezvolt\u0103rii internetului ast\u0103zi, te po\u021bi bucura de un joc distractiv de bingo direct din confortul casei tale. Cel mai bun lucru este c\u0103 po\u021bi juca jocul oric\u00e2nd dore\u0219ti. Acesta este motivul pentru care Bingo-ul online a devenit at\u00e2t de popular printre oameni, \u00een special printre femei. Dac\u0103 e\u0219ti \u00eencep\u0103tor, nu-\u021bi face griji, po\u021bi \u00eenv\u0103\u021ba jocul \u00eencerc\u00e2ndu-l mai \u00eent\u00e2i pe un site de bingo gratuit. <a class=\"thirstylink\" title=\"Bingo Billy en\" href=\"https:\/\/gambling6.com\/go\/bingobilly-en\/\" target=\"_blank\" rel=\"nofollow noopener\">Un loc bun pentru a \u00eencepe ar fi Bingo Billy &#8211; d\u0103 clic aici pentru a-l vizita.<\/a><\/p>\n<p>Dar dac\u0103 joci online, iat\u0103 c\u00e2teva sfaturi care te pot ajuta s\u0103-\u021bi cre\u0219ti \u0219ansele de c\u00e2\u0219tig. Cite\u0219te mai departe pentru a afla mai multe. F\u0103 o cercetare rapid\u0103 \u0219i afl\u0103 site-urile de bingo care ofer\u0103 cele mai bune bonusuri la depunere. Multe site-uri web ofer\u0103, de asemenea, bonusuri lucrative la \u00eenscriere. Este \u00eentotdeauna recomandabil s\u0103 joci bingo pe site-uri de cazinou de \u00eencredere. Asigura\u021bi-v\u0103 c\u0103 citi\u021bi recenziile utilizatorilor reali ai acestor site-uri de cazinou \u00eenainte de a v\u0103 \u00eenregistra sau a v\u0103 \u00eenscrie.<\/p>\n<p><a href=\"https:\/\/record.revenueplanet.com\/_BoBybWC_aAPUOsjNOfgKefwM06wa-Rwt\/1\/\" target=\"_new\" rel=\"noopener\"><img loading=\"lazy\" decoding=\"async\" class=\"aligncenter\" style=\"border: none;\" src=\"https:\/\/media.revenueplanet.com\/uploads\/nbb-468x60-nov-generic.gif\" alt=\"BingoBilly Bingo Gratuit\" width=\"468\" height=\"60\" \/><\/a><br \/>\nDoar cazinourile reputate \u0219i de \u00eencredere pl\u0103tesc suma integral\u0103 pe care a\u021bi c\u00e2\u0219tigat-o \u00eentr-un joc. Internetul este inundat de site-uri de bingo \u0219i, din p\u0103cate, multe site-uri frauduloase v\u0103 fur\u0103 banii \u0219i nu pl\u0103tesc atunci c\u00e2nd c\u00e2\u0219tiga\u021bi un joc. De aceea, ar trebui s\u0103 fi\u021bi foarte aten\u021bi atunci c\u00e2nd alege\u021bi un cazinou online. Jocurile de bingo se joac\u0103 doar pentru distrac\u021bie.<\/p>\n<p>Regulile \u0219i regulamentele jocului sunt u\u0219or de urmat. Jocul de bingo este \u00een \u00eentregime o chestiune de noroc. Niciun element nu poate prezice rezultatul sau influen\u021ba jocul. Te po\u021bi relaxa \u0219i bucura de joc, deoarece nu trebuie luate decizii. Bingo-ul online a f\u0103cut jocul mai accesibil, deoarece \u00eel po\u021bi juca dup\u0103 bunul plac \u0219i din orice loc care are o conexiune la internet \u0219i un computer.<\/p>\n<p>\u00cencearc\u0103 \u00eentotdeauna s\u0103 joci pe un site mai pu\u021bin aglomerat. Acest lucru \u00ee\u021bi va cre\u0219te \u0219ansele de a c\u00e2\u0219tiga jocul, deoarece vei concura \u00eempotriva mai pu\u021bini juc\u0103tori. Un site cu un num\u0103r echilibrat de juc\u0103tori \u00ee\u021bi ofer\u0103 o \u0219ans\u0103 mai bun\u0103 de a c\u00e2\u0219tiga jocul. Opteaz\u0103 pentru site-uri care ofer\u0103 camere de chat pentru o comunicare u\u0219oar\u0103 \u00eentre juc\u0103tori. De asemenea, po\u021bi discuta cu al\u021bi juc\u0103tori despre c\u0103r\u021bile pe care le joac\u0103. De asemenea, po\u021bi cre\u0219te num\u0103rul c\u0103r\u021bilor pentru a inversa victoria de partea ta.<\/p>\n<p>Multe depind \u0219i de momentul \u00een care alegi s\u0103 joci. S-a observat c\u0103, dac\u0103 joci la ore ciudate, ai \u0219ansa de a c\u00e2\u0219tiga, deoarece nu sunt mul\u021bi juc\u0103tori online \u00een acele momente. \u00cen jocurile de bingo cu jackpot mare, evit\u0103 \u00eentotdeauna prea multe c\u0103r\u021bi. Alege \u00eentotdeauna site-uri de cazino care ofer\u0103 bonusuri de 100% la depunere. \u00cen zilele noastre, pute\u021bi \u00eent\u00e2lni \u0219i programe de recomandare pe site-urile cazinourilor. Ca parte a programului, ve\u021bi primi bani gratuit dac\u0103 recomandarea dvs. se \u00eenregistreaz\u0103 la cazinou. \u00cen plus, cazinoul online ofer\u0103 din c\u00e2nd \u00een c\u00e2nd multe bonusuri promo\u021bionale.<\/p>\n","protected":false},"excerpt":{"rendered":"<p>Joac\u0103 Bingo Online cu strategia potrivit\u0103 Datorit\u0103 dezvolt\u0103rii internetului ast\u0103zi, te po\u021bi bucura de un joc distractiv de bingo direct din confortul casei tale. Cel mai bun lucru este c\u0103 po\u021bi juca jocul oric\u00e2nd dore\u0219ti. Acesta este motivul pentru care Bingo-ul online a devenit at\u00e2t de popular printre oameni, \u00een special printre femei. Dac\u0103 e\u0219ti [&hellip;]<\/p>\n","protected":false},"author":1,"featured_media":0,"parent":8528,"menu_order":3,"comment_status":"closed","ping_status":"closed","template":"","meta":{"footnotes":""},"class_list":["post-11094","page","type-page","status-publish","hentry"],"yoast_head":"<!-- This site is optimized with the Yoast SEO plugin v27.6 - https:\/\/yoast.com\/product\/yoast-seo-wordpress\/ -->\n<title>Strategie de joc pentru bingo online<\/title>\n<meta name=\"description\" content=\"Cre\u0219te-\u021bi \u0219ansele de a c\u00e2\u0219tiga la bingo online urm\u00e2nd strategia de joc potrivit\u0103.\" \/>\n<meta name=\"robots\" content=\"index, follow, max-snippet:-1, max-image-preview:large, max-video-preview:-1\" \/>\n<link rel=\"canonical\" href=\"https:\/\/gambling6.com\/ro\/bingo\/succes-la-bingo-online\/\" \/>\n<meta property=\"og:locale\" content=\"ro_RO\" \/>\n<meta property=\"og:type\" content=\"article\" \/>\n<meta property=\"og:title\" content=\"Strategie de joc pentru bingo online\" \/>\n<meta property=\"og:description\" content=\"Cre\u0219te-\u021bi \u0219ansele de a c\u00e2\u0219tiga la bingo online urm\u00e2nd strategia de joc potrivit\u0103.\" \/>\n<meta property=\"og:url\" content=\"https:\/\/gambling6.com\/ro\/bingo\/succes-la-bingo-online\/\" \/>\n<meta property=\"og:site_name\" content=\"Gambling6\" \/>\n<meta property=\"article:published_time\" content=\"2025-11-17T15:36:00+00:00\" \/>\n<meta property=\"og:image\" content=\"https:\/\/media.revenueplanet.com\/uploads\/nbb-468x60-nov-generic.gif\" \/>\n<meta name=\"author\" content=\"Catfish\" \/>\n<meta name=\"twitter:card\" content=\"summary_large_image\" \/>\n<meta name=\"twitter:label1\" content=\"Scris de\" \/>\n\t<meta name=\"twitter:data1\" content=\"Catfish\" \/>\n\t<meta name=\"twitter:label2\" content=\"Timp estimat pentru citire\" \/>\n\t<meta name=\"twitter:data2\" content=\"3 minute\" \/>\n<script type=\"application\/ld+json\" class=\"yoast-schema-graph\">{\"@context\":\"https:\\\/\\\/schema.org\",\"@graph\":[{\"@type\":\"Article\",\"@id\":\"https:\\\/\\\/gambling6.com\\\/ro\\\/bingo\\\/succes-la-bingo-online\\\/#article\",\"isPartOf\":{\"@id\":\"https:\\\/\\\/gambling6.com\\\/ro\\\/bingo\\\/succes-la-bingo-online\\\/\"},\"author\":{\"name\":\"Catfish\",\"@id\":\"https:\\\/\\\/gambling6.com\\\/ro\\\/#\\\/schema\\\/person\\\/d093de87a44a018ef67117d02d86ddaf\"},\"headline\":\"Succes la Bingo Online\",\"datePublished\":\"2025-11-17T15:36:00+00:00\",\"mainEntityOfPage\":{\"@id\":\"https:\\\/\\\/gambling6.com\\\/ro\\\/bingo\\\/succes-la-bingo-online\\\/\"},\"wordCount\":552,\"image\":{\"@id\":\"https:\\\/\\\/gambling6.com\\\/ro\\\/bingo\\\/succes-la-bingo-online\\\/#primaryimage\"},\"thumbnailUrl\":\"https:\\\/\\\/media.revenueplanet.com\\\/uploads\\\/nbb-468x60-nov-generic.gif\",\"articleSection\":[\"\u0218tiri despre Bingo\",\"Strategie de Bingo\"],\"inLanguage\":\"ro-RO\"},{\"@type\":\"WebPage\",\"@id\":\"https:\\\/\\\/gambling6.com\\\/ro\\\/bingo\\\/succes-la-bingo-online\\\/\",\"url\":\"https:\\\/\\\/gambling6.com\\\/ro\\\/bingo\\\/succes-la-bingo-online\\\/\",\"name\":\"Strategie de joc pentru bingo online\",\"isPartOf\":{\"@id\":\"https:\\\/\\\/gambling6.com\\\/ro\\\/#website\"},\"primaryImageOfPage\":{\"@id\":\"https:\\\/\\\/gambling6.com\\\/ro\\\/bingo\\\/succes-la-bingo-online\\\/#primaryimage\"},\"image\":{\"@id\":\"https:\\\/\\\/gambling6.com\\\/ro\\\/bingo\\\/succes-la-bingo-online\\\/#primaryimage\"},\"thumbnailUrl\":\"https:\\\/\\\/media.revenueplanet.com\\\/uploads\\\/nbb-468x60-nov-generic.gif\",\"datePublished\":\"2025-11-17T15:36:00+00:00\",\"author\":{\"@id\":\"https:\\\/\\\/gambling6.com\\\/ro\\\/#\\\/schema\\\/person\\\/d093de87a44a018ef67117d02d86ddaf\"},\"description\":\"Cre\u0219te-\u021bi \u0219ansele de a c\u00e2\u0219tiga la bingo online urm\u00e2nd strategia de joc potrivit\u0103.\",\"breadcrumb\":{\"@id\":\"https:\\\/\\\/gambling6.com\\\/ro\\\/bingo\\\/succes-la-bingo-online\\\/#breadcrumb\"},\"inLanguage\":\"ro-RO\",\"potentialAction\":[{\"@type\":\"ReadAction\",\"target\":[\"https:\\\/\\\/gambling6.com\\\/ro\\\/bingo\\\/succes-la-bingo-online\\\/\"]}]},{\"@type\":\"ImageObject\",\"inLanguage\":\"ro-RO\",\"@id\":\"https:\\\/\\\/gambling6.com\\\/ro\\\/bingo\\\/succes-la-bingo-online\\\/#primaryimage\",\"url\":\"https:\\\/\\\/media.revenueplanet.com\\\/uploads\\\/nbb-468x60-nov-generic.gif\",\"contentUrl\":\"https:\\\/\\\/media.revenueplanet.com\\\/uploads\\\/nbb-468x60-nov-generic.gif\"},{\"@type\":\"BreadcrumbList\",\"@id\":\"https:\\\/\\\/gambling6.com\\\/ro\\\/bingo\\\/succes-la-bingo-online\\\/#breadcrumb\",\"itemListElement\":[{\"@type\":\"ListItem\",\"position\":1,\"name\":\"Home\",\"item\":\"https:\\\/\\\/gambling6.com\\\/ro\\\/home\\\/\"},{\"@type\":\"ListItem\",\"position\":2,\"name\":\"Succes la Bingo Online\"}]},{\"@type\":\"WebSite\",\"@id\":\"https:\\\/\\\/gambling6.com\\\/ro\\\/#website\",\"url\":\"https:\\\/\\\/gambling6.com\\\/ro\\\/\",\"name\":\"Gambling6\",\"description\":\"\",\"potentialAction\":[{\"@type\":\"SearchAction\",\"target\":{\"@type\":\"EntryPoint\",\"urlTemplate\":\"https:\\\/\\\/gambling6.com\\\/ro\\\/?s={search_term_string}\"},\"query-input\":{\"@type\":\"PropertyValueSpecification\",\"valueRequired\":true,\"valueName\":\"search_term_string\"}}],\"inLanguage\":\"ro-RO\"},{\"@type\":\"Person\",\"@id\":\"https:\\\/\\\/gambling6.com\\\/ro\\\/#\\\/schema\\\/person\\\/d093de87a44a018ef67117d02d86ddaf\",\"name\":\"Catfish\",\"image\":{\"@type\":\"ImageObject\",\"inLanguage\":\"ro-RO\",\"@id\":\"https:\\\/\\\/secure.gravatar.com\\\/avatar\\\/32edfa28ccbf005c231538b245a2670a36c7f33f2d3a9ab09e50843b363f2821?s=96&d=mm&r=g\",\"url\":\"https:\\\/\\\/secure.gravatar.com\\\/avatar\\\/32edfa28ccbf005c231538b245a2670a36c7f33f2d3a9ab09e50843b363f2821?s=96&d=mm&r=g\",\"contentUrl\":\"https:\\\/\\\/secure.gravatar.com\\\/avatar\\\/32edfa28ccbf005c231538b245a2670a36c7f33f2d3a9ab09e50843b363f2821?s=96&d=mm&r=g\",\"caption\":\"Catfish\"},\"sameAs\":[\"http:\\\/\\\/gambling6.com\"],\"url\":\"https:\\\/\\\/gambling6.com\\\/ro\\\/author\\\/catfish\\\/\"}]}<\/script>\n<!-- \/ Yoast SEO plugin. -->","yoast_head_json":{"title":"Strategie de joc pentru bingo online","description":"Cre\u0219te-\u021bi \u0219ansele de a c\u00e2\u0219tiga la bingo online urm\u00e2nd strategia de joc potrivit\u0103.","robots":{"index":"index","follow":"follow","max-snippet":"max-snippet:-1","max-image-preview":"max-image-preview:large","max-video-preview":"max-video-preview:-1"},"canonical":"https:\/\/gambling6.com\/ro\/bingo\/succes-la-bingo-online\/","og_locale":"ro_RO","og_type":"article","og_title":"Strategie de joc pentru bingo online","og_description":"Cre\u0219te-\u021bi \u0219ansele de a c\u00e2\u0219tiga la bingo online urm\u00e2nd strategia de joc potrivit\u0103.","og_url":"https:\/\/gambling6.com\/ro\/bingo\/succes-la-bingo-online\/","og_site_name":"Gambling6","article_published_time":"2025-11-17T15:36:00+00:00","og_image":[{"url":"https:\/\/media.revenueplanet.com\/uploads\/nbb-468x60-nov-generic.gif","type":"","width":"","height":""}],"author":"Catfish","twitter_card":"summary_large_image","twitter_misc":{"Scris de":"Catfish","Timp estimat pentru citire":"3 minute"},"schema":{"@context":"https:\/\/schema.org","@graph":[{"@type":"Article","@id":"https:\/\/gambling6.com\/ro\/bingo\/succes-la-bingo-online\/#article","isPartOf":{"@id":"https:\/\/gambling6.com\/ro\/bingo\/succes-la-bingo-online\/"},"author":{"name":"Catfish","@id":"https:\/\/gambling6.com\/ro\/#\/schema\/person\/d093de87a44a018ef67117d02d86ddaf"},"headline":"Succes la Bingo Online","datePublished":"2025-11-17T15:36:00+00:00","mainEntityOfPage":{"@id":"https:\/\/gambling6.com\/ro\/bingo\/succes-la-bingo-online\/"},"wordCount":552,"image":{"@id":"https:\/\/gambling6.com\/ro\/bingo\/succes-la-bingo-online\/#primaryimage"},"thumbnailUrl":"https:\/\/media.revenueplanet.com\/uploads\/nbb-468x60-nov-generic.gif","articleSection":["\u0218tiri despre Bingo","Strategie de Bingo"],"inLanguage":"ro-RO"},{"@type":"WebPage","@id":"https:\/\/gambling6.com\/ro\/bingo\/succes-la-bingo-online\/","url":"https:\/\/gambling6.com\/ro\/bingo\/succes-la-bingo-online\/","name":"Strategie de joc pentru bingo online","isPartOf":{"@id":"https:\/\/gambling6.com\/ro\/#website"},"primaryImageOfPage":{"@id":"https:\/\/gambling6.com\/ro\/bingo\/succes-la-bingo-online\/#primaryimage"},"image":{"@id":"https:\/\/gambling6.com\/ro\/bingo\/succes-la-bingo-online\/#primaryimage"},"thumbnailUrl":"https:\/\/media.revenueplanet.com\/uploads\/nbb-468x60-nov-generic.gif","datePublished":"2025-11-17T15:36:00+00:00","author":{"@id":"https:\/\/gambling6.com\/ro\/#\/schema\/person\/d093de87a44a018ef67117d02d86ddaf"},"description":"Cre\u0219te-\u021bi \u0219ansele de a c\u00e2\u0219tiga la bingo online urm\u00e2nd strategia de joc potrivit\u0103.","breadcrumb":{"@id":"https:\/\/gambling6.com\/ro\/bingo\/succes-la-bingo-online\/#breadcrumb"},"inLanguage":"ro-RO","potentialAction":[{"@type":"ReadAction","target":["https:\/\/gambling6.com\/ro\/bingo\/succes-la-bingo-online\/"]}]},{"@type":"ImageObject","inLanguage":"ro-RO","@id":"https:\/\/gambling6.com\/ro\/bingo\/succes-la-bingo-online\/#primaryimage","url":"https:\/\/media.revenueplanet.com\/uploads\/nbb-468x60-nov-generic.gif","contentUrl":"https:\/\/media.revenueplanet.com\/uploads\/nbb-468x60-nov-generic.gif"},{"@type":"BreadcrumbList","@id":"https:\/\/gambling6.com\/ro\/bingo\/succes-la-bingo-online\/#breadcrumb","itemListElement":[{"@type":"ListItem","position":1,"name":"Home","item":"https:\/\/gambling6.com\/ro\/home\/"},{"@type":"ListItem","position":2,"name":"Succes la Bingo Online"}]},{"@type":"WebSite","@id":"https:\/\/gambling6.com\/ro\/#website","url":"https:\/\/gambling6.com\/ro\/","name":"Gambling6","description":"","potentialAction":[{"@type":"SearchAction","target":{"@type":"EntryPoint","urlTemplate":"https:\/\/gambling6.com\/ro\/?s={search_term_string}"},"query-input":{"@type":"PropertyValueSpecification","valueRequired":true,"valueName":"search_term_string"}}],"inLanguage":"ro-RO"},{"@type":"Person","@id":"https:\/\/gambling6.com\/ro\/#\/schema\/person\/d093de87a44a018ef67117d02d86ddaf","name":"Catfish","image":{"@type":"ImageObject","inLanguage":"ro-RO","@id":"https:\/\/secure.gravatar.com\/avatar\/32edfa28ccbf005c231538b245a2670a36c7f33f2d3a9ab09e50843b363f2821?s=96&d=mm&r=g","url":"https:\/\/secure.gravatar.com\/avatar\/32edfa28ccbf005c231538b245a2670a36c7f33f2d3a9ab09e50843b363f2821?s=96&d=mm&r=g","contentUrl":"https:\/\/secure.gravatar.com\/avatar\/32edfa28ccbf005c231538b245a2670a36c7f33f2d3a9ab09e50843b363f2821?s=96&d=mm&r=g","caption":"Catfish"},"sameAs":["http:\/\/gambling6.com"],"url":"https:\/\/gambling6.com\/ro\/author\/catfish\/"}]}},"_links":{"self":[{"href":"https:\/\/gambling6.com\/ro\/wp-json\/wp\/v2\/pages\/11094","targetHints":{"allow":["GET"]}}],"collection":[{"href":"https:\/\/gambling6.com\/ro\/wp-json\/wp\/v2\/pages"}],"about":[{"href":"https:\/\/gambling6.com\/ro\/wp-json\/wp\/v2\/types\/page"}],"author":[{"embeddable":true,"href":"https:\/\/gambling6.com\/ro\/wp-json\/wp\/v2\/users\/1"}],"replies":[{"embeddable":true,"href":"https:\/\/gambling6.com\/ro\/wp-json\/wp\/v2\/comments?post=11094"}],"version-history":[{"count":0,"href":"https:\/\/gambling6.com\/ro\/wp-json\/wp\/v2\/pages\/11094\/revisions"}],"up":[{"embeddable":true,"href":"https:\/\/gambling6.com\/ro\/wp-json\/wp\/v2\/pages\/8528"}],"wp:attachment":[{"href":"https:\/\/gambling6.com\/ro\/wp-json\/wp\/v2\/media?parent=11094"}],"curies":[{"name":"wp","href":"https:\/\/api.w.org\/{rel}","templated":true}]}}