{"id":8139,"date":"2025-10-29T12:26:01","date_gmt":"2025-10-29T12:26:01","guid":{"rendered":"https:\/\/gambling6.com\/?page_id=8139"},"modified":"2025-10-29T12:26:01","modified_gmt":"2025-10-29T12:26:01","slug":"home","status":"publish","type":"page","link":"https:\/\/gambling6.com\/ro\/","title":{"rendered":"Home"},"content":{"rendered":"<h2>Bine a\u021bi venit la Gambling6 &#8211; informa\u021bii despre toate nevoile dvs. legate de jocurile de noroc pe bani<\/h2>\n<p>Pentru multe persoane, lumea jocurilor de noroc online pe bani reali poate p\u0103rea \u00eenfrico\u0219\u0103toare \u0219i ceva ce nu sunt dispuse s\u0103 \u00eencerce. Poate c\u0103 le plac jocurile de noroc \u00een general, dar se \u00eentreab\u0103 dac\u0103 site-urile de jocuri de noroc online sunt de \u00eencredere. Cu toate acestea, ast\u0103zi, este una dintre cele mai u\u0219oare modalit\u0103\u021bi de a v\u0103 bucura de toate jocurile dvs. preferate de cazinou, chiar dac\u0103 nu <img loading=\"lazy\" decoding=\"async\" class=\" wp-image-2679 alignright\" src=\"https:\/\/gambling6.com\/wp-content\/uploads\/2022\/04\/1_win_lottery_online1.jpg\" alt=\"Jocuri de noroc online pe bani\" width=\"253\" height=\"168\" \/>locui\u021bi \u00een apropierea unui cazinou.<\/p>\n<p>Site-urile de jocuri de noroc online au creat o modalitate prin care oamenii pot juca poker, blackjack, rulet\u0103, video poker, sloturi, bingo, lozuri, pot paria pe evenimente sportive, iar acum pute\u021bi participa chiar \u0219i la oricare dintre marile jackpoturi de loterie din lume online &#8211; f\u0103r\u0103 a fi nevoie s\u0103 p\u0103r\u0103si\u021bi confortul propriului c\u0103min.<\/p>\n<p>Toat\u0103 lumea iube\u0219te site-urile de cazino cu pl\u0103\u021bi rapide, iar dac\u0103 \u00ee\u021bi place s\u0103 joci jocuri de noroc, trebuie s\u0103 afli despre ce este vorba \u0219i s\u0103 vezi cum po\u021bi \u00eencepe s\u0103 joci pe numeroasele site-uri de jocuri online existente. Dac\u0103 \u021bii cont de sfaturile unui site de resurse pentru jocuri de noroc online, precum al nostru, te va ajuta s\u0103 alegi un furnizor bun \u0219i s\u0103 te asiguri c\u0103 vei avea o experien\u021b\u0103 excelent\u0103. \u00cen cazul \u00een care vrei s\u0103 \u00eencepi imediat, iat\u0103 recomand\u0103rile mele personale:<\/p>\n<h2>Cel mai bun site de jocuri de noroc<\/h2>\n<p>Personal, \u00eemi place s\u0103 joc toate jocurile de noroc online sub acela\u0219i acoperi\u0219, f\u0103r\u0103 a fi nevoit s\u0103 depun bani pe diferite site-uri. De aceea, site-ul meu preferat este 888 &#8211; un cazinou online excelent, cu cele mai tari aparate de jocuri pe care le-am v\u0103zut vreodat\u0103 \u0219i o camer\u0103 de poker online excelent\u0103. Selec\u021bia de jocuri de cazinou, inclusiv Blackjack, Rulet\u0103 \u0219i multe altele, nu las\u0103 nimic de dorit. Dac\u0103 sunte\u021bi \u00een c\u0103utarea unei experien\u021be de bingo sau de lozuri \u00een via\u021ba real\u0103, nu pute\u021bi g\u0103si ceva mai bun dec\u00e2t 888.<\/p>\n<p>De aceea, site-ul meu preferat este 888 &#8211; un cazinou online excelent, cu cele mai tari aparate de jocuri pe care le-am v\u0103zut vreodat\u0103 \u0219i o camer\u0103 de poker online excelent\u0103. Selec\u021bia de jocuri de cazinou, inclusiv Blackjack, Rulet\u0103 \u0219i multe altele, nu las\u0103 nimic de dorit. Dac\u0103 sunte\u021bi \u00een c\u0103utarea unei experien\u021be de bingo sau lozuri r\u0103zuibile din via\u021ba real\u0103, nu pute\u021bi g\u0103si ceva mai bun dec\u00e2t 888.<\/p>\n<p>\u0218i apoi mai este sec\u021biunea de pariuri sportive, care ofer\u0103 o gam\u0103 larg\u0103 de evenimente pe care pute\u021bi paria \u0219i cele mai bune cote pe care le ve\u021bi g\u0103si pe internet. Pute\u021bi paria chiar \u0219i pe date financiare, cum ar fi indicii bursieri majori \u0219i cursuri de schimb valutar! <a class=\"thirstylink\" title=\"888 casino en\" href=\"https:\/\/gambling6.com\/go\/888-casino-en\/\" target=\"_blank\" rel=\"nofollow noopener\">Folosi\u021bi acest link pentru a accesa 888 ast\u0103zi \u0219i ve\u021bi primi un bonus de p\u00e2n\u0103 la 1500 \u20ac la prima depunere.<\/a><\/p>\n<h2>Cel mai bun site de jocuri de noroc pentru reziden\u021bii din SUA<\/h2>\n<p>Dac\u0103 sunte\u021bi rezident \u00een SUA, op\u021biunile dvs. sunt limitate, iar unii dintre operatorii care accept\u0103 clien\u021bi din SUA sunt pu\u021bin dubio\u0219i, a\u0219a c\u0103 trebuie s\u0103 fi\u021bi aten\u021bi pe cine alege\u021bi.<\/p>\n<p>Un site se remarc\u0103 \u00eens\u0103 din mul\u021bime, \u0219i anume <a class=\"thirstylink\" title=\"Betonline casino en\" href=\"https:\/\/gambling6.com\/go\/betonline-casino-en\/\" target=\"_blank\" rel=\"nofollow noopener\">Betonline &#8211; aici pute\u021bi juca poker online, jocuri de cazino, sloturi, rulet\u0103, blackjack \u0219i pute\u021bi plasa pariuri sportive.<\/a> Accepta\u021bi juc\u0103tori din SUA \u0219i exist\u0103 mai multe modalit\u0103\u021bi prin care pute\u021bi depune fonduri \u00een contul dvs., precum \u0219i retrage c\u00e2\u0219tigurile.<\/p>\n<h2>Gambling6 &#8211; cele mai populare \u0219ase forme de jocuri de noroc online<\/h2>\n<p>Pe Gambling6.com, vei g\u0103si informa\u021bii despre urm\u0103toarele:<\/p>\n<ul>\n<li>Jocuri de cazino, inclusiv Blackjack, Rulet\u0103, Craps, Video Poker, Sloturi etc.<\/li>\n<li>Poker \u00een toate variantele sale<\/li>\n<li>Bingo online<\/li>\n<li>Lozi online<\/li>\n<li>Pariuri sportive \u0219i pariuri pe alte evenimente<\/li>\n<li>Cum s\u0103 ob\u021bine\u021bi un bilet online pentru orice loterie din afara \u021b\u0103rii dvs. de re\u0219edin\u021b\u0103<\/li>\n<\/ul>\n<h2>Ce zice\u021bi de pu\u021bin\u0103 distrac\u021bie la loterie \u0219i jackpoturi de talie mondial\u0103?<\/h2>\n<p>S\u0103 presupunem c\u0103 sunte\u021bi un fan al loteriei \u0219i nu dori\u021bi s\u0103 v\u0103 limita\u021bi la loteria local\u0103. \u00cen acest caz, avem ve\u0219ti bune pentru dvs.: acum pute\u021bi \u00eencerca s\u0103 c\u00e2\u0219tiga\u021bi orice jackpot de loterie din lume &#8211; RedFoxLotto v\u0103 permite s\u0103 cump\u0103ra\u021bi bilete de loterie online pentru cele mai mari jackpoturi de loterie din lume, precum Mega Millions, Powerball, El Gordo, EuroMillions \u0219i multe altele. <a href=\"https:\/\/redfoxlotto.com\/ro\">Face\u021bi clic aici pentru a verifica care loterie are cel mai mare jackpot \u0219i cump\u0103ra\u021bi un bilet \u00een c\u00e2teva secunde!<\/a><\/p>\n<h3>\u00centreb\u0103ri frecvente despre cazinourile online<\/h3>\n<p>Dac\u0103 sunte\u021bi nou \u00een lumea cazinourilor online, probabil ave\u021bi \u00eentreb\u0103ri despre jocurile online \u0219i despre cum func\u021bioneaz\u0103 acestea. Unele dintre \u00eentreb\u0103rile pe care le ave\u021bi sunt acelea\u0219i cu cele ale multor al\u021bi juc\u0103tori noi de cazinou online. Aceste \u00eentreb\u0103ri au primit r\u0103spunsuri \u00een sec\u021biunea \u00centreb\u0103ri frecvente \u0219i v\u0103 vor ajuta s\u0103 \u00eencepe\u021bi.<\/p>\n<p><strong>Trebuie s\u0103 am o anumit\u0103 v\u00e2rst\u0103 pentru a juca la un cazinou online?<\/strong><\/p>\n<p>Fiecare cazinou online \u00ee\u0219i stabile\u0219te propriile reguli \u0219i linii directoare. Cu toate acestea, majoritatea dintre ele impun juc\u0103torilor s\u0103 aib\u0103 v\u00e2rsta de 18 sau 21 de ani pentru a participa la jocuri de cazinou pe bani reali.<\/p>\n<p><strong>Trebuie s\u0103 descarc ceva pe computerul meu pentru a juca jocuri de cazinou online?<\/strong><\/p>\n<p>Multe dintre cazinourile online v\u0103 permit s\u0103 juca\u021bi \u00een modul de joc instant. C\u00e2nd alege\u021bi s\u0103 profita\u021bi de modul de joc instant, nu va trebui s\u0103 desc\u0103rca\u021bi niciun software pe computerul dvs.<\/p>\n<p><strong>C\u00e2t de dificil este s\u0103 te \u00eenregistrezi la un cazinou online?<\/strong><\/p>\n<p>Procesul este de fapt foarte simplu. Va trebui s\u0103 introduci informa\u021bii de baz\u0103 despre tine \u0219i s\u0103 descarci \u0219i s\u0103 instalezi software-ul dac\u0103 inten\u021bionezi s\u0103 joci jocurile care necesit\u0103 desc\u0103rcare. \u00centregul proces dureaz\u0103 doar c\u00e2teva minute.<\/p>\n<p><strong>Trebuie s\u0103 depun bani imediat?<\/strong><\/p>\n<p>Majoritatea cazinourilor \u00ee\u021bi permit s\u0103 \u00eencerci jocurile lor f\u0103r\u0103 a depune bani. Unele \u00ee\u021bi ofer\u0103 rotiri gratuite sau \u00ee\u021bi permit s\u0103 joci gratuit pentru o anumit\u0103 perioad\u0103 de timp. Adesea, po\u021bi p\u0103stra chiar \u0219i c\u00e2\u0219tigurile din aceast\u0103 perioad\u0103 dac\u0103 depui bani reali mai t\u00e2rziu!<\/p>\n<p><strong>Ce sunt bonusurile?<\/strong><\/p>\n<p>Majoritatea cazinourilor online folosesc bonusuri pentru a atrage juc\u0103torii s\u0103 joace acolo \u0219i s\u0103 revin\u0103. Unele bonusuri valoreaz\u0103 sute sau chiar mii de dolari. De cele mai multe ori, va trebui s\u0103 \u00eendepline\u0219ti cerin\u021bele bonusurilor \u00eenainte de a avea acces la ele. Instruc\u021biunile pentru a elibera bonusul pot fi g\u0103site la cazinoul online care ofer\u0103 bonusul.<\/p>\n<p><strong>Ce jocuri pot juca la un cazinou online?<\/strong><\/p>\n<p>Fiecare cazinou online va oferi propria selec\u021bie de jocuri. Cu toate acestea, unele dintre cele mai comune jocuri includ sloturi video, aparate de sloturi, rulet\u0103, craps, blackjack, poker \u0219i chiar loterii din \u00eentreaga lume.<\/p>\n<p><strong>C\u00e2\u021bi bani pot c\u00e2\u0219tiga cu adev\u0103rat juc\u00e2nd la un cazinou online?<\/strong><\/p>\n<p>\u00cen primul r\u00e2nd, nu ave\u021bi nicio garan\u021bie c\u0103 ve\u021bi c\u00e2\u0219tiga ceva. Cu toate acestea, exist\u0103 mul\u021bi bani de c\u00e2\u0219tigat. Ve\u021bi g\u0103si jackpoturi de un milion de dolari la sloturi, turnee de poker cu premii garantate de 1 milion de dolari sau mai mult etc. De fapt, majoritatea cazinourilor online au procente de plat\u0103 mai bune dec\u00e2t cazinourile tradi\u021bionale. Acest lucru se datoreaz\u0103 faptului c\u0103 au cheltuieli generale mai mici \u0219i \u00ee\u0219i pot permite s\u0103 pl\u0103teasc\u0103 o rat\u0103 mai mare a pariurilor.<\/p>\n","protected":false},"excerpt":{"rendered":"<p>Bine a\u021bi venit la Gambling6 &#8211; informa\u021bii despre toate nevoile dvs. legate de jocurile de noroc pe bani Pentru multe persoane, lumea jocurilor de noroc online pe bani reali poate p\u0103rea \u00eenfrico\u0219\u0103toare \u0219i ceva ce nu sunt dispuse s\u0103 \u00eencerce. Poate c\u0103 le plac jocurile de noroc \u00een general, dar se \u00eentreab\u0103 dac\u0103 site-urile de [&hellip;]<\/p>\n","protected":false},"author":1,"featured_media":0,"parent":0,"menu_order":1,"comment_status":"closed","ping_status":"closed","template":"","meta":{"footnotes":""},"class_list":["post-8139","page","type-page","status-publish","hentry"],"yoast_head":"<!-- This site is optimized with the Yoast SEO plugin v27.4 - https:\/\/yoast.com\/product\/yoast-seo-wordpress\/ -->\n<title>Cele mai bune jocuri de noroc online pe bani | Bun venit la Gambling6<\/title>\n<meta name=\"description\" content=\"Dac\u0103 v\u0103 plac jocurile de noroc pe bani, site-ul nostru dedicat jocurilor de noroc v\u0103 ofer\u0103 toate informa\u021biile necesare despre cele mai populare 6 jocuri online.\" \/>\n<meta name=\"robots\" content=\"index, follow, max-snippet:-1, max-image-preview:large, max-video-preview:-1\" \/>\n<link rel=\"canonical\" href=\"https:\/\/gambling6.com\/ro\/\" \/>\n<meta property=\"og:locale\" content=\"ro_RO\" \/>\n<meta property=\"og:type\" content=\"article\" \/>\n<meta property=\"og:title\" content=\"Cele mai bune jocuri de noroc online pe bani | Bun venit la Gambling6\" \/>\n<meta property=\"og:description\" content=\"Dac\u0103 v\u0103 plac jocurile de noroc pe bani, site-ul nostru dedicat jocurilor de noroc v\u0103 ofer\u0103 toate informa\u021biile necesare despre cele mai populare 6 jocuri online.\" \/>\n<meta property=\"og:url\" content=\"https:\/\/gambling6.com\/ro\/\" \/>\n<meta property=\"og:site_name\" content=\"Gambling6\" \/>\n<meta property=\"og:image\" content=\"https:\/\/gambling6.com\/wp-content\/uploads\/2022\/04\/1_win_lottery_online1.jpg\" \/>\n\t<meta property=\"og:image:width\" content=\"300\" \/>\n\t<meta property=\"og:image:height\" content=\"199\" \/>\n\t<meta property=\"og:image:type\" content=\"image\/jpeg\" \/>\n<meta name=\"twitter:card\" content=\"summary_large_image\" \/>\n<meta name=\"twitter:label1\" content=\"Timp estimat pentru citire\" \/>\n\t<meta name=\"twitter:data1\" content=\"6 minute\" \/>\n<script type=\"application\/ld+json\" class=\"yoast-schema-graph\">{\"@context\":\"https:\\\/\\\/schema.org\",\"@graph\":[{\"@type\":\"WebPage\",\"@id\":\"https:\\\/\\\/gambling6.com\\\/ro\\\/\",\"url\":\"https:\\\/\\\/gambling6.com\\\/ro\\\/\",\"name\":\"Cele mai bune jocuri de noroc online pe bani | Bun venit la Gambling6\",\"isPartOf\":{\"@id\":\"https:\\\/\\\/gambling6.com\\\/ro\\\/#website\"},\"primaryImageOfPage\":{\"@id\":\"https:\\\/\\\/gambling6.com\\\/ro\\\/#primaryimage\"},\"image\":{\"@id\":\"https:\\\/\\\/gambling6.com\\\/ro\\\/#primaryimage\"},\"thumbnailUrl\":\"https:\\\/\\\/gambling6.com\\\/wp-content\\\/uploads\\\/2022\\\/04\\\/1_win_lottery_online1.jpg\",\"datePublished\":\"2025-10-29T12:26:01+00:00\",\"description\":\"Dac\u0103 v\u0103 plac jocurile de noroc pe bani, site-ul nostru dedicat jocurilor de noroc v\u0103 ofer\u0103 toate informa\u021biile necesare despre cele mai populare 6 jocuri online.\",\"breadcrumb\":{\"@id\":\"https:\\\/\\\/gambling6.com\\\/ro\\\/#breadcrumb\"},\"inLanguage\":\"ro-RO\",\"potentialAction\":[{\"@type\":\"ReadAction\",\"target\":[\"https:\\\/\\\/gambling6.com\\\/ro\\\/\"]}]},{\"@type\":\"ImageObject\",\"inLanguage\":\"ro-RO\",\"@id\":\"https:\\\/\\\/gambling6.com\\\/ro\\\/#primaryimage\",\"url\":\"https:\\\/\\\/gambling6.com\\\/wp-content\\\/uploads\\\/2022\\\/04\\\/1_win_lottery_online1.jpg\",\"contentUrl\":\"https:\\\/\\\/gambling6.com\\\/wp-content\\\/uploads\\\/2022\\\/04\\\/1_win_lottery_online1.jpg\"},{\"@type\":\"BreadcrumbList\",\"@id\":\"https:\\\/\\\/gambling6.com\\\/ro\\\/#breadcrumb\",\"itemListElement\":[{\"@type\":\"ListItem\",\"position\":1,\"name\":\"Home\",\"item\":\"https:\\\/\\\/gambling6.com\\\/ro\\\/home\\\/\"},{\"@type\":\"ListItem\",\"position\":2,\"name\":\"Home\"}]},{\"@type\":\"WebSite\",\"@id\":\"https:\\\/\\\/gambling6.com\\\/ro\\\/#website\",\"url\":\"https:\\\/\\\/gambling6.com\\\/ro\\\/\",\"name\":\"Gambling6\",\"description\":\"\",\"potentialAction\":[{\"@type\":\"SearchAction\",\"target\":{\"@type\":\"EntryPoint\",\"urlTemplate\":\"https:\\\/\\\/gambling6.com\\\/ro\\\/?s={search_term_string}\"},\"query-input\":{\"@type\":\"PropertyValueSpecification\",\"valueRequired\":true,\"valueName\":\"search_term_string\"}}],\"inLanguage\":\"ro-RO\"}]}<\/script>\n<!-- \/ Yoast SEO plugin. -->","yoast_head_json":{"title":"Cele mai bune jocuri de noroc online pe bani | Bun venit la Gambling6","description":"Dac\u0103 v\u0103 plac jocurile de noroc pe bani, site-ul nostru dedicat jocurilor de noroc v\u0103 ofer\u0103 toate informa\u021biile necesare despre cele mai populare 6 jocuri online.","robots":{"index":"index","follow":"follow","max-snippet":"max-snippet:-1","max-image-preview":"max-image-preview:large","max-video-preview":"max-video-preview:-1"},"canonical":"https:\/\/gambling6.com\/ro\/","og_locale":"ro_RO","og_type":"article","og_title":"Cele mai bune jocuri de noroc online pe bani | Bun venit la Gambling6","og_description":"Dac\u0103 v\u0103 plac jocurile de noroc pe bani, site-ul nostru dedicat jocurilor de noroc v\u0103 ofer\u0103 toate informa\u021biile necesare despre cele mai populare 6 jocuri online.","og_url":"https:\/\/gambling6.com\/ro\/","og_site_name":"Gambling6","og_image":[{"width":300,"height":199,"url":"https:\/\/gambling6.com\/wp-content\/uploads\/2022\/04\/1_win_lottery_online1.jpg","type":"image\/jpeg"}],"twitter_card":"summary_large_image","twitter_misc":{"Timp estimat pentru citire":"6 minute"},"schema":{"@context":"https:\/\/schema.org","@graph":[{"@type":"WebPage","@id":"https:\/\/gambling6.com\/ro\/","url":"https:\/\/gambling6.com\/ro\/","name":"Cele mai bune jocuri de noroc online pe bani | Bun venit la Gambling6","isPartOf":{"@id":"https:\/\/gambling6.com\/ro\/#website"},"primaryImageOfPage":{"@id":"https:\/\/gambling6.com\/ro\/#primaryimage"},"image":{"@id":"https:\/\/gambling6.com\/ro\/#primaryimage"},"thumbnailUrl":"https:\/\/gambling6.com\/wp-content\/uploads\/2022\/04\/1_win_lottery_online1.jpg","datePublished":"2025-10-29T12:26:01+00:00","description":"Dac\u0103 v\u0103 plac jocurile de noroc pe bani, site-ul nostru dedicat jocurilor de noroc v\u0103 ofer\u0103 toate informa\u021biile necesare despre cele mai populare 6 jocuri online.","breadcrumb":{"@id":"https:\/\/gambling6.com\/ro\/#breadcrumb"},"inLanguage":"ro-RO","potentialAction":[{"@type":"ReadAction","target":["https:\/\/gambling6.com\/ro\/"]}]},{"@type":"ImageObject","inLanguage":"ro-RO","@id":"https:\/\/gambling6.com\/ro\/#primaryimage","url":"https:\/\/gambling6.com\/wp-content\/uploads\/2022\/04\/1_win_lottery_online1.jpg","contentUrl":"https:\/\/gambling6.com\/wp-content\/uploads\/2022\/04\/1_win_lottery_online1.jpg"},{"@type":"BreadcrumbList","@id":"https:\/\/gambling6.com\/ro\/#breadcrumb","itemListElement":[{"@type":"ListItem","position":1,"name":"Home","item":"https:\/\/gambling6.com\/ro\/home\/"},{"@type":"ListItem","position":2,"name":"Home"}]},{"@type":"WebSite","@id":"https:\/\/gambling6.com\/ro\/#website","url":"https:\/\/gambling6.com\/ro\/","name":"Gambling6","description":"","potentialAction":[{"@type":"SearchAction","target":{"@type":"EntryPoint","urlTemplate":"https:\/\/gambling6.com\/ro\/?s={search_term_string}"},"query-input":{"@type":"PropertyValueSpecification","valueRequired":true,"valueName":"search_term_string"}}],"inLanguage":"ro-RO"}]}},"_links":{"self":[{"href":"https:\/\/gambling6.com\/ro\/wp-json\/wp\/v2\/pages\/8139","targetHints":{"allow":["GET"]}}],"collection":[{"href":"https:\/\/gambling6.com\/ro\/wp-json\/wp\/v2\/pages"}],"about":[{"href":"https:\/\/gambling6.com\/ro\/wp-json\/wp\/v2\/types\/page"}],"author":[{"embeddable":true,"href":"https:\/\/gambling6.com\/ro\/wp-json\/wp\/v2\/users\/1"}],"replies":[{"embeddable":true,"href":"https:\/\/gambling6.com\/ro\/wp-json\/wp\/v2\/comments?post=8139"}],"version-history":[{"count":1,"href":"https:\/\/gambling6.com\/ro\/wp-json\/wp\/v2\/pages\/8139\/revisions"}],"predecessor-version":[{"id":8140,"href":"https:\/\/gambling6.com\/ro\/wp-json\/wp\/v2\/pages\/8139\/revisions\/8140"}],"wp:attachment":[{"href":"https:\/\/gambling6.com\/ro\/wp-json\/wp\/v2\/media?parent=8139"}],"curies":[{"name":"wp","href":"https:\/\/api.w.org\/{rel}","templated":true}]}}