{"id":8324,"date":"2025-11-07T10:09:36","date_gmt":"2025-11-07T10:09:36","guid":{"rendered":"https:\/\/gambling6.com\/cazinou\/"},"modified":"2025-11-12T15:55:05","modified_gmt":"2025-11-12T15:55:05","slug":"cazinou","status":"publish","type":"page","link":"https:\/\/gambling6.com\/ro\/cazinou\/","title":{"rendered":"Cazinou"},"content":{"rendered":"<h2>Ghid pentru \u00eencep\u0103tori \u00een cazinourile online<\/h2>\n<p>S\u0103 recunoa\u0219tem &#8211; cazinourile online sunt aici pentru a r\u0103m\u00e2ne. Av\u00e2nd \u00een vedere popularitatea sa cresc\u00e2nd\u0103, este confirmat c\u0103 juc\u0103torii le plac. Jocurile de noroc online cu bani reali i-au f\u0103cut pe to\u021bi ferici\u021bi odat\u0103 ce au \u00eenceput, iar ace\u0219tia cer mai mult. Aproape \u00een fiecare zi, o sum\u0103 mare de bani \u00ee\u0219i schimb\u0103 m\u00e2inile \u00een aceste cazinouri cu bani reali. Fie c\u0103 este vorba de depuneri sau retrageri, totul se \u00eent\u00e2mpl\u0103 la o vitez\u0103 super-rapid\u0103 prin internet.<\/p>\n<p>Totu\u0219i, aici mul\u021bi oameni devin pu\u021bin nervo\u0219i. Mai degrab\u0103 dec\u00e2t combina\u021biile de carduri sau sloturi, op\u021biunile de plat\u0103 \u0219i securitatea acestora sunt cele care \u00eei deranjeaz\u0103 pe juc\u0103tori. Nici ei nu pot fi \u00eenvinov\u0103\u021bi\u021bi. Tranzac\u021biile pe internet pot cauza multe dureri de cap dac\u0103 nu e\u0219ti suficient de atent.<\/p>\n<p>De aceea, multe cazinouri online fac tot posibilul s\u0103 conving\u0103 clien\u021bii c\u0103 <strong>op\u021biunile de plat\u0103 oferite pe site-urile lor sunt sigure \u0219i protejate.<\/strong> Este \u00eentr-adev\u0103r o idee bun\u0103 s\u0103 fii atent c\u00e2nd vine vorba de tranzac\u021biile online. Ultimul lucru pe care \u021bi-l dore\u0219ti este ca datele cardului t\u0103u de credit s\u0103 ajung\u0103 pe m\u00e2ini gre\u0219ite. Internetul are o mul\u021bime de hackeri \u0219i escroci, iar ultimul lucru pe care \u021bi-l dore\u0219ti este s\u0103 devii urm\u0103toarea lor victim\u0103. Cel mai bun lucru pe care \u00eel po\u021bi face este s\u0103-\u021bi \u00eembun\u0103t\u0103\u021be\u0219ti cuno\u0219tin\u021bele despre modalit\u0103\u021bile de plat\u0103 online \u0219i varietatea acestora.<\/p>\n<p>Exist\u0103 destul de multe canale de plat\u0103 oferite de cazinourile online, care sunt sigure de utilizat atunci c\u00e2nd joci online. Plata cu carduri de credit sau de debit este destul de comun\u0103 \u00een scenariul cazinourilor online. Aproape toate cazinourile accept\u0103 carduri Visa \u0219i MasterCard \u0219i carduri American Express. Po\u021bi utiliza oricare dintre aceste carduri pentru a efectua tranzac\u021bii.<\/p>\n<h2>Cazinouri online care accept\u0103 clien\u021bi din SUA<\/h2>\n<p><img loading=\"lazy\" decoding=\"async\" class=\" wp-image-2901 alignright\" src=\"https:\/\/gambling6.com\/wp-content\/uploads\/2022\/04\/download-image2-300x190.jpg\" alt=\"desc\u0103rcare cazinou online\n\" width=\"249\" height=\"158\" srcset=\"https:\/\/gambling6.com\/wp-content\/uploads\/2022\/04\/download-image2-300x190.jpg 300w, https:\/\/gambling6.com\/wp-content\/uploads\/2022\/04\/download-image2.jpg 435w\" sizes=\"auto, (max-width: 249px) 100vw, 249px\" \/>Dac\u0103 e\u0219ti rezident al Statelor Unite, op\u021biunile tale \u00een ceea ce prive\u0219te cazinourile online sunt oarecum limitate din cauza legisla\u021biei americane. Acela\u0219i lucru este valabil \u0219i pentru op\u021biunile de plat\u0103 disponibile. De aceea, ca rezident al SUA, ar trebui s\u0103 c\u0103uta\u021bi un cazinou cu metode convenabile de depunere \u0219i retragere pentru a \u00eencepe s\u0103 juca\u021bi jocuri de noroc online.<\/p>\n<p>Mai ales c\u00e2nd vine vorba de u\u0219urin\u021ba proces\u0103rii pl\u0103\u021bilor, cazinoul BetOnline iese \u00een eviden\u021b\u0103, motiv pentru care \u00eel recomand\u0103m cu c\u0103ldur\u0103 vizitatorilor din SUA. <a class=\"thirstylink\" title=\"Betonline casino en\" href=\"https:\/\/gambling6.com\/go\/betonline-casino-en\/\" target=\"_blank\" rel=\"nofollow noopener\"><strong>Face\u021bi clic aici pentru a-i vizita acum.<\/strong><\/a><\/p>\n<p>De\u0219i poate p\u0103rea o sugestie evident\u0103, \u00eenainte de a introduce detaliile cardului dvs. de credit, asigura\u021bi-v\u0103 c\u0103 sunte\u021bi clar \u00een leg\u0103tur\u0103 cu scopul tranzac\u021biei \u0219i c\u0103 ave\u021bi \u00eencredere \u00een site. De asemenea, pute\u021bi merge dincolo de tastarea informa\u021biilor despre cardul de credit aleg\u00e2nd modalit\u0103\u021bi de plat\u0103 online. Exist\u0103 destul de multe portaluri online dedicate acestui scop. Este adev\u0103rat c\u0103 cazinourile pot avea site-ul lor preferat de tranzac\u021bii online, dar exist\u0103 unele care sunt mai populare dec\u00e2t altele.<\/p>\n<p>Aceste site-uri de tranzac\u021bii online includ Neteller, Money Transfer, eWalletXpress, PayPal, Instadebit \u0219i Moneybookers. Moneybookers este o metod\u0103 destul de popular\u0103 \u00een \u021b\u0103rile europene, inclusiv \u00een Marea Britanie. Aceast\u0103 facilitate i-a f\u0103cut pe cet\u0103\u021benii europeni mari fani ai cazinourilor online.<\/p>\n<h2>Cazinouri care proceseaz\u0103 pl\u0103\u021bi prin PayPal<\/h2>\n<p>Dac\u0103 sunte\u021bi familiarizat cu PayPal, atunci nu ve\u021bi avea nicio problem\u0103 s\u0103 \u00eel utiliza\u021bi pentru sesiunile dvs. de jocuri online. Tot ce trebuie s\u0103 face\u021bi este s\u0103 v\u0103 \u00eenregistra\u021bi numele \u0219i s\u0103 asocia\u021bi cardul de credit cu contul. Aceast\u0103 metod\u0103 de plat\u0103 este acceptat\u0103 de majoritatea cazinourilor \u0219i site-urilor de jocuri de noroc online. Dac\u0103 dori\u021bi s\u0103 r\u0103m\u00e2ne\u021bi anonim atunci c\u00e2nd juca\u021bi online, atunci eWalletXpress este cel mai potrivit pentru dvs. Pe l\u00e2ng\u0103 siguran\u021b\u0103 \u0219i securitate, acest site \u00eei ajut\u0103 pe deponen\u021bi s\u0103 r\u0103m\u00e2n\u0103 \u00een spatele v\u0103lului. Este o metod\u0103 de tranzac\u021bie rapid\u0103 acceptat\u0103 de majoritatea cazinourilor online.<\/p>\n<p>Datorit\u0103 popularit\u0103\u021bii tranzac\u021biilor online, inclusiv a jocurilor de noroc online, PayPal a c\u00e2\u0219tigat mult\u0103 aten\u021bie. Se pare c\u0103 exist\u0103 un num\u0103r mic de cazinouri care au \u00eencredere \u00een acest site pentru modul s\u0103u de plat\u0103 sigur.<\/p>\n<p>888 Casino ofer\u0103 op\u021biunea PayPal tuturor juc\u0103torilor s\u0103i care locuiesc \u00een Marea Britanie \u0219i Irlanda. Cu toate acestea, \u00een cazul \u00een care sunte\u021bi rezident \u00een Australia \u0219i dori\u021bi s\u0103 juca\u021bi pe acest site, pute\u021bi efectua tranzac\u021biile prin MasterCard. Pe l\u00e2ng\u0103 cele dou\u0103 na\u021biuni men\u021bionate mai sus, celelalte \u021b\u0103ri europene care sunt acoperite de acest sistem de tranzac\u021bii online sunt Spania, Portugalia, Italia, Austria, Finlanda, Suedia \u0219i Danemarca.<\/p>\n<p>\u00cen prezent, 888 Casino are chiar \u0219i o ofert\u0103 excelent\u0103 pentru juc\u0103torii noi: **un bonus de 100% \u0219i p\u00e2n\u0103 la 1500,00 \u20ac la prima depunere pentru juc\u0103torii noi!** Aceast\u0103 ofert\u0103 promo\u021bional\u0103 este destinat\u0103 doar reziden\u021bilor anumitor \u021b\u0103ri, <a class=\"thirstylink\" title=\"888 casino ro\" href=\"https:\/\/gambling6.com\/go\/888-casino-ro\/\" target=\"_blank\" rel=\"nofollow noopener\">v\u0103 rug\u0103m s\u0103 verifica\u021bi site-urile web 888 pentru mai multe informa\u021bii.<\/a><\/p>\n<p>Pe scurt, majoritatea au op\u021biuni de plat\u0103 pentru to\u021bi juc\u0103torii, indiferent de locul \u00een care locuiesc. \u00cen timp ceCet\u0103\u021benii americani \u0219i australieni pot folosi Visa, MasterCard, Neteller \u0219i Moneybookers, cei care locuiesc \u00een Europa pot folosi sistemul PayPal.<\/p>\n<p>888 Casino ofer\u0103 o varietate de jocuri, inclusiv jocuri 3D. Pute\u021bi plasa pariurile folosind PayPal, MasterCard sau orice alt\u0103 metod\u0103 de plat\u0103 acceptat\u0103. Toate aceste metode de plat\u0103 sunt destul de sigure. Cu toate acestea, la fel ca \u00een cazul multor alte cazinouri online, 888casinos.com are \u0219i o sum\u0103 minim\u0103 de depunere pe care va trebui s\u0103 o respecta\u021bi. Dar suma depinde adesea de tipul de op\u021biune de plat\u0103 pe care o alege\u021bi. \u00cen cazul \u00een care utiliza\u021bi carduri MasterCard sau Visa, va trebui s\u0103 pl\u0103ti\u021bi 20 USD, 20 EUR sau 20 GBP, \u00een func\u021bie de regiunea \u00een care v\u0103 afla\u021bi. Cu toate acestea, juc\u0103torii care utilizeaz\u0103 carduri de debit Maestro vor trebui s\u0103 depun\u0103 cel pu\u021bin 10 USD sau 10 EUR. Dac\u0103 utiliza\u021bi site-uri online precum PayPal, MoneyBookers sau Neteller, atunci suma minim\u0103 va fi de 20 USD.<\/p>\n<p>De cele mai multe ori, suma poate varia de la o moned\u0103 la alta, \u00een func\u021bie de cursul de schimb \u0219i de alte taxe aplicabile. De aceea, \u00een timp ce un juc\u0103tor poate depune 10 lire sterline prin Neteller, altul poate ajunge s\u0103 pl\u0103teasc\u0103 20 de dolari, ceea ce este dublul sumei anterioare. A\u0219adar, atunci c\u00e2nd efectua\u021bi tranzac\u021biile, va fi mai bine s\u0103 \u0219ti\u021bi moneda pe care ar trebui s\u0103 o utiliza\u021bi \u00eentr-un anumit cazinou.<\/p>\n<p>Concluzia este c\u0103, atunci c\u00e2nd juca\u021bi online cu banii dvs. la un cazinou online, este mai bine s\u0103 folosi\u021bi o metod\u0103 de plat\u0103 de \u00eencredere. \u00cen acest fel, nu va trebui s\u0103 regreta\u021bi mai t\u00e2rziu. La urma urmei, sunte\u021bi acolo pentru a v\u0103 distra \u0219i a nu ajunge victima unei fraude. A\u0219adar, juca\u021bi \u00een siguran\u021b\u0103 \u0219i l\u0103sa\u021bi roata s\u0103 se \u00eenv\u00e2rt\u0103!<\/p>\n","protected":false},"excerpt":{"rendered":"<p>Ghid pentru \u00eencep\u0103tori \u00een cazinourile online S\u0103 recunoa\u0219tem &#8211; cazinourile online sunt aici pentru a r\u0103m\u00e2ne. Av\u00e2nd \u00een vedere popularitatea sa cresc\u00e2nd\u0103, este confirmat c\u0103 juc\u0103torii le plac. Jocurile de noroc online cu bani reali i-au f\u0103cut pe to\u021bi ferici\u021bi odat\u0103 ce au \u00eenceput, iar ace\u0219tia cer mai mult. Aproape \u00een fiecare zi, o sum\u0103 [&hellip;]<\/p>\n","protected":false},"author":1,"featured_media":0,"parent":0,"menu_order":2,"comment_status":"closed","ping_status":"closed","template":"","meta":{"footnotes":""},"class_list":["post-8324","page","type-page","status-publish","hentry"],"yoast_head":"<!-- This site is optimized with the Yoast SEO plugin v27.3 - https:\/\/yoast.com\/product\/yoast-seo-wordpress\/ -->\n<title>\u00cencepe\u021bi cu jocurile de noroc online | Ghid pentru cazinouri online<\/title>\n<meta name=\"description\" content=\"S\u0103 fim serio\u0219i - cazinoul online este aici pentru a r\u0103m\u00e2ne. \u00cencepe\u021bi acum - ghidul nostru de cazinouri online v\u0103 ajut\u0103 s\u0103 alege\u021bi cele mai bune site-uri pentru dvs.\" \/>\n<meta name=\"robots\" content=\"index, follow, max-snippet:-1, max-image-preview:large, max-video-preview:-1\" \/>\n<link rel=\"canonical\" href=\"https:\/\/gambling6.com\/ro\/cazinou\/\" \/>\n<meta property=\"og:locale\" content=\"ro_RO\" \/>\n<meta property=\"og:type\" content=\"article\" \/>\n<meta property=\"og:title\" content=\"\u00cencepe\u021bi cu jocurile de noroc online | Ghid pentru cazinouri online\" \/>\n<meta property=\"og:description\" content=\"S\u0103 fim serio\u0219i - cazinoul online este aici pentru a r\u0103m\u00e2ne. \u00cencepe\u021bi acum - ghidul nostru de cazinouri online v\u0103 ajut\u0103 s\u0103 alege\u021bi cele mai bune site-uri pentru dvs.\" \/>\n<meta property=\"og:url\" content=\"https:\/\/gambling6.com\/ro\/cazinou\/\" \/>\n<meta property=\"og:site_name\" content=\"Gambling6\" \/>\n<meta property=\"article:modified_time\" content=\"2025-11-12T15:55:05+00:00\" \/>\n<meta property=\"og:image\" content=\"https:\/\/gambling6.com\/wp-content\/uploads\/2022\/04\/download-image2.jpg\" \/>\n\t<meta property=\"og:image:width\" content=\"435\" \/>\n\t<meta property=\"og:image:height\" content=\"276\" \/>\n\t<meta property=\"og:image:type\" content=\"image\/jpeg\" \/>\n<meta name=\"twitter:card\" content=\"summary_large_image\" \/>\n<meta name=\"twitter:label1\" content=\"Timp estimat pentru citire\" \/>\n\t<meta name=\"twitter:data1\" content=\"6 minute\" \/>\n<script type=\"application\/ld+json\" class=\"yoast-schema-graph\">{\"@context\":\"https:\\\/\\\/schema.org\",\"@graph\":[{\"@type\":\"WebPage\",\"@id\":\"https:\\\/\\\/gambling6.com\\\/ro\\\/cazinou\\\/\",\"url\":\"https:\\\/\\\/gambling6.com\\\/ro\\\/cazinou\\\/\",\"name\":\"\u00cencepe\u021bi cu jocurile de noroc online | Ghid pentru cazinouri online\",\"isPartOf\":{\"@id\":\"https:\\\/\\\/gambling6.com\\\/ro\\\/#website\"},\"primaryImageOfPage\":{\"@id\":\"https:\\\/\\\/gambling6.com\\\/ro\\\/cazinou\\\/#primaryimage\"},\"image\":{\"@id\":\"https:\\\/\\\/gambling6.com\\\/ro\\\/cazinou\\\/#primaryimage\"},\"thumbnailUrl\":\"https:\\\/\\\/gambling6.com\\\/wp-content\\\/uploads\\\/2022\\\/04\\\/download-image2-300x190.jpg\",\"datePublished\":\"2025-11-07T10:09:36+00:00\",\"dateModified\":\"2025-11-12T15:55:05+00:00\",\"description\":\"S\u0103 fim serio\u0219i - cazinoul online este aici pentru a r\u0103m\u00e2ne. \u00cencepe\u021bi acum - ghidul nostru de cazinouri online v\u0103 ajut\u0103 s\u0103 alege\u021bi cele mai bune site-uri pentru dvs.\",\"breadcrumb\":{\"@id\":\"https:\\\/\\\/gambling6.com\\\/ro\\\/cazinou\\\/#breadcrumb\"},\"inLanguage\":\"ro-RO\",\"potentialAction\":[{\"@type\":\"ReadAction\",\"target\":[\"https:\\\/\\\/gambling6.com\\\/ro\\\/cazinou\\\/\"]}]},{\"@type\":\"ImageObject\",\"inLanguage\":\"ro-RO\",\"@id\":\"https:\\\/\\\/gambling6.com\\\/ro\\\/cazinou\\\/#primaryimage\",\"url\":\"https:\\\/\\\/gambling6.com\\\/wp-content\\\/uploads\\\/2022\\\/04\\\/download-image2-300x190.jpg\",\"contentUrl\":\"https:\\\/\\\/gambling6.com\\\/wp-content\\\/uploads\\\/2022\\\/04\\\/download-image2-300x190.jpg\"},{\"@type\":\"BreadcrumbList\",\"@id\":\"https:\\\/\\\/gambling6.com\\\/ro\\\/cazinou\\\/#breadcrumb\",\"itemListElement\":[{\"@type\":\"ListItem\",\"position\":1,\"name\":\"Home\",\"item\":\"https:\\\/\\\/gambling6.com\\\/ro\\\/home\\\/\"},{\"@type\":\"ListItem\",\"position\":2,\"name\":\"Cazinou\"}]},{\"@type\":\"WebSite\",\"@id\":\"https:\\\/\\\/gambling6.com\\\/ro\\\/#website\",\"url\":\"https:\\\/\\\/gambling6.com\\\/ro\\\/\",\"name\":\"Gambling6\",\"description\":\"\",\"potentialAction\":[{\"@type\":\"SearchAction\",\"target\":{\"@type\":\"EntryPoint\",\"urlTemplate\":\"https:\\\/\\\/gambling6.com\\\/ro\\\/?s={search_term_string}\"},\"query-input\":{\"@type\":\"PropertyValueSpecification\",\"valueRequired\":true,\"valueName\":\"search_term_string\"}}],\"inLanguage\":\"ro-RO\"}]}<\/script>\n<!-- \/ Yoast SEO plugin. -->","yoast_head_json":{"title":"\u00cencepe\u021bi cu jocurile de noroc online | Ghid pentru cazinouri online","description":"S\u0103 fim serio\u0219i - cazinoul online este aici pentru a r\u0103m\u00e2ne. \u00cencepe\u021bi acum - ghidul nostru de cazinouri online v\u0103 ajut\u0103 s\u0103 alege\u021bi cele mai bune site-uri pentru dvs.","robots":{"index":"index","follow":"follow","max-snippet":"max-snippet:-1","max-image-preview":"max-image-preview:large","max-video-preview":"max-video-preview:-1"},"canonical":"https:\/\/gambling6.com\/ro\/cazinou\/","og_locale":"ro_RO","og_type":"article","og_title":"\u00cencepe\u021bi cu jocurile de noroc online | Ghid pentru cazinouri online","og_description":"S\u0103 fim serio\u0219i - cazinoul online este aici pentru a r\u0103m\u00e2ne. \u00cencepe\u021bi acum - ghidul nostru de cazinouri online v\u0103 ajut\u0103 s\u0103 alege\u021bi cele mai bune site-uri pentru dvs.","og_url":"https:\/\/gambling6.com\/ro\/cazinou\/","og_site_name":"Gambling6","article_modified_time":"2025-11-12T15:55:05+00:00","og_image":[{"width":435,"height":276,"url":"https:\/\/gambling6.com\/wp-content\/uploads\/2022\/04\/download-image2.jpg","type":"image\/jpeg"}],"twitter_card":"summary_large_image","twitter_misc":{"Timp estimat pentru citire":"6 minute"},"schema":{"@context":"https:\/\/schema.org","@graph":[{"@type":"WebPage","@id":"https:\/\/gambling6.com\/ro\/cazinou\/","url":"https:\/\/gambling6.com\/ro\/cazinou\/","name":"\u00cencepe\u021bi cu jocurile de noroc online | Ghid pentru cazinouri online","isPartOf":{"@id":"https:\/\/gambling6.com\/ro\/#website"},"primaryImageOfPage":{"@id":"https:\/\/gambling6.com\/ro\/cazinou\/#primaryimage"},"image":{"@id":"https:\/\/gambling6.com\/ro\/cazinou\/#primaryimage"},"thumbnailUrl":"https:\/\/gambling6.com\/wp-content\/uploads\/2022\/04\/download-image2-300x190.jpg","datePublished":"2025-11-07T10:09:36+00:00","dateModified":"2025-11-12T15:55:05+00:00","description":"S\u0103 fim serio\u0219i - cazinoul online este aici pentru a r\u0103m\u00e2ne. \u00cencepe\u021bi acum - ghidul nostru de cazinouri online v\u0103 ajut\u0103 s\u0103 alege\u021bi cele mai bune site-uri pentru dvs.","breadcrumb":{"@id":"https:\/\/gambling6.com\/ro\/cazinou\/#breadcrumb"},"inLanguage":"ro-RO","potentialAction":[{"@type":"ReadAction","target":["https:\/\/gambling6.com\/ro\/cazinou\/"]}]},{"@type":"ImageObject","inLanguage":"ro-RO","@id":"https:\/\/gambling6.com\/ro\/cazinou\/#primaryimage","url":"https:\/\/gambling6.com\/wp-content\/uploads\/2022\/04\/download-image2-300x190.jpg","contentUrl":"https:\/\/gambling6.com\/wp-content\/uploads\/2022\/04\/download-image2-300x190.jpg"},{"@type":"BreadcrumbList","@id":"https:\/\/gambling6.com\/ro\/cazinou\/#breadcrumb","itemListElement":[{"@type":"ListItem","position":1,"name":"Home","item":"https:\/\/gambling6.com\/ro\/home\/"},{"@type":"ListItem","position":2,"name":"Cazinou"}]},{"@type":"WebSite","@id":"https:\/\/gambling6.com\/ro\/#website","url":"https:\/\/gambling6.com\/ro\/","name":"Gambling6","description":"","potentialAction":[{"@type":"SearchAction","target":{"@type":"EntryPoint","urlTemplate":"https:\/\/gambling6.com\/ro\/?s={search_term_string}"},"query-input":{"@type":"PropertyValueSpecification","valueRequired":true,"valueName":"search_term_string"}}],"inLanguage":"ro-RO"}]}},"_links":{"self":[{"href":"https:\/\/gambling6.com\/ro\/wp-json\/wp\/v2\/pages\/8324","targetHints":{"allow":["GET"]}}],"collection":[{"href":"https:\/\/gambling6.com\/ro\/wp-json\/wp\/v2\/pages"}],"about":[{"href":"https:\/\/gambling6.com\/ro\/wp-json\/wp\/v2\/types\/page"}],"author":[{"embeddable":true,"href":"https:\/\/gambling6.com\/ro\/wp-json\/wp\/v2\/users\/1"}],"replies":[{"embeddable":true,"href":"https:\/\/gambling6.com\/ro\/wp-json\/wp\/v2\/comments?post=8324"}],"version-history":[{"count":2,"href":"https:\/\/gambling6.com\/ro\/wp-json\/wp\/v2\/pages\/8324\/revisions"}],"predecessor-version":[{"id":10664,"href":"https:\/\/gambling6.com\/ro\/wp-json\/wp\/v2\/pages\/8324\/revisions\/10664"}],"wp:attachment":[{"href":"https:\/\/gambling6.com\/ro\/wp-json\/wp\/v2\/media?parent=8324"}],"curies":[{"name":"wp","href":"https:\/\/api.w.org\/{rel}","templated":true}]}}