{"id":8382,"date":"2025-11-07T13:54:50","date_gmt":"2025-11-07T13:54:50","guid":{"rendered":"https:\/\/gambling6.com\/cazinou\/cazinouri-online-vs-cazinouri-terestre\/"},"modified":"2025-11-07T13:54:50","modified_gmt":"2025-11-07T13:54:50","slug":"cazinouri-online-vs-cazinouri-terestre","status":"publish","type":"page","link":"https:\/\/gambling6.com\/ro\/cazinou\/cazinouri-online-vs-cazinouri-terestre\/","title":{"rendered":"Cazinouri online vs. cazinouri terestre"},"content":{"rendered":"<h2>Cazinouri live sau online<\/h2>\n<h3>Fiecare tip are ceva ce le place juc\u0103torilor<\/h3>\n<p><img loading=\"lazy\" decoding=\"async\" class=\" wp-image-332 alignright\" src=\"https:\/\/gambling6.com\/wp-content\/uploads\/2013\/12\/phil_ivey-247x300.jpg\" alt=\"cazinou live\" width=\"175\" height=\"213\" srcset=\"https:\/\/gambling6.com\/wp-content\/uploads\/2013\/12\/phil_ivey-247x300.jpg 247w, https:\/\/gambling6.com\/wp-content\/uploads\/2013\/12\/phil_ivey.jpg 250w\" sizes=\"auto, (max-width: 175px) 100vw, 175px\" \/>Juc\u0103torii de cazinou ar trebui s\u0103 \u00ee\u0219i joace jocurile preferate \u00eentr-un mod care li se pare confortabil \u0219i care se potrive\u0219te personalit\u0103\u021bii lor. Unii juc\u0103tori vor prefera \u00eentotdeauna s\u0103 joace \u00een cazinouri terestre pentru c\u0103 le place atmosfera. Le place s\u0103 se joace cu ceilal\u021bi juc\u0103tori, cu mul\u021bimea \u0219i cu zgomotul.<\/p>\n<p>Cu toate acestea, altor juc\u0103tori de cazinou le place ideea de a juca \u00eentr-un mediu lini\u0219tit \u0219i relaxant, unde au control deplin. Ace\u0219ti juc\u0103tori tind s\u0103 se \u00eencline spre cazinourile online. Indiferent de cum vrea un juc\u0103tor s\u0103 se bucure de jocurile sale, exist\u0103 ceva special, fie c\u0103 este vorba de cazinouri terestre sau online.<\/p>\n<h3>Iat\u0103 diferen\u021bele semnificative dintre cazinourile online \u0219i cele terestre:<\/h3>\n<ul>\n<li>Evident, cazinourile online \u0219i cele terestre se afl\u0103 \u00een contexte complet diferite. Un cazinou terestre este unul \u00een care juc\u0103torii se pot sim\u021bi \u0219i pot fi fizic parte a acestuia. Cazinourile online se joac\u0103 pe internet, ceea ce \u00eenseamn\u0103 c\u0103 juc\u0103torii pot juca jocurile dorite de oriunde aleg. Aceast\u0103 loca\u021bie poate fi casa lor, biroul lor sau oriunde, at\u00e2ta timp c\u00e2t se pot conecta la internet.<\/li>\n<li>Cazinourile terestre vor avea cluburi ale juc\u0103torilor care le permit juc\u0103torilor s\u0103 c\u00e2\u0219tige recompense. Recompensele vor varia \u00een func\u021bie de cazinou. Site-urile de jocuri de noroc online au, de asemenea, propria versiune a acestor cluburi, care sunt denumite programe VIP. Cu toate acestea, mul\u021bi juc\u0103tori de cazinou consider\u0103 c\u0103 cazinourile online tind s\u0103 fie mai generoase, deoarece nu se confrunt\u0103 cu acela\u0219i nivel de cheltuieli generale ca \u0219i cazinourile terestre.<\/li>\n<li>De\u0219i cazinourile terestre ofer\u0103 juc\u0103torilor posibilitatea de a juca aproape orice joc de cazinou doresc, juc\u0103torii vor avea totu\u0219i momente \u00een care nu vor dori s\u0103 parcurg\u0103 un \u00eentreg cazinou pentru a trece de la un joc la altul. De asemenea, vor g\u0103si momente \u00een care vor dori s\u0103 joace un anumit joc, dar nu va exista un loc disponibil. Cu toate acestea, cazinourile online permit juc\u0103torilor s\u0103 joace jocurile dorite oric\u00e2nd, f\u0103r\u0103 a merge pe jos sau a a\u0219tepta un loc.<\/li>\n<li>Cazinourile terestre pot fi intimidante pentru juc\u0103torii noi \u0219i adesea le lipsesc resursele gratuite care \u00eei pot ajuta s\u0103 \u00eenve\u021be jocurile \u0219i diverse strategii. Cazinourile online permit juc\u0103torilor s\u0103 joace \u00eentr-un mediu care \u00eei intimideaz\u0103 mai pu\u021bin \u0219i ofer\u0103 o multitudine de con\u021binut gratuit pentru a-i ghida prin diverse aspecte ale jocurilor de cazinou online.<\/li>\n<\/ul>\n<p>Oricine crede c\u0103 cazinourile online ar putea fi potrivite pentru el va dori s\u0103 \u00eenceap\u0103 prin a afla tot ce poate despre cazinourile oferite de Microgaming. Cel mai bun dintre acestea este, f\u0103r\u0103 \u00eendoial\u0103, 888 Casino, pe care \u00eel pute\u021bi vizita f\u0103c\u00e2nd clic pe bannerul de mai jos.<\/p>\n<p><a href=\"https:\/\/ic.aff-handler.com\/C\/45871?sr=1064399&amp;anid=\" rel=\"nofollow\"><img loading=\"lazy\" decoding=\"async\" class=\"aligncenter\" src=\"https:\/\/ic.aff-handler.com\/I\/45871?sr=1064399&amp;anid=\" width=\"725\" height=\"93\" \/><\/a><br \/>\nDac\u0103 sunte\u021bi rezident \u00een SUA, cea mai bun\u0103 op\u021biune ar fi BetOnline pentru jocuri de cazinou generale sau pentru poker online.<br \/>\n<img loading=\"lazy\" decoding=\"async\" class=\"wp-image-7875 aligncenter\" src=\"https:\/\/gambling6.com\/wp-content\/uploads\/2025\/10\/BOL_AQC_banner_468x60_FS1_casino-300x38.gif\" alt=\"Cazinou BetOnline\" width=\"694\" height=\"88\" \/><\/p>\n","protected":false},"excerpt":{"rendered":"<p>Cazinouri live sau online Fiecare tip are ceva ce le place juc\u0103torilor Juc\u0103torii de cazinou ar trebui s\u0103 \u00ee\u0219i joace jocurile preferate \u00eentr-un mod care li se pare confortabil \u0219i care se potrive\u0219te personalit\u0103\u021bii lor. Unii juc\u0103tori vor prefera \u00eentotdeauna s\u0103 joace \u00een cazinouri terestre pentru c\u0103 le place atmosfera. Le place s\u0103 se joace [&hellip;]<\/p>\n","protected":false},"author":1,"featured_media":0,"parent":8324,"menu_order":28,"comment_status":"closed","ping_status":"closed","template":"","meta":{"footnotes":""},"class_list":["post-8382","page","type-page","status-publish","hentry"],"yoast_head":"<!-- This site is optimized with the Yoast SEO plugin v27.5 - https:\/\/yoast.com\/product\/yoast-seo-wordpress\/ -->\n<title>Compararea cazinourilor terestre \u0219i a celor online<\/title>\n<meta name=\"description\" content=\"At\u00e2t cazinourile online, c\u00e2t \u0219i cazinourile terestre ofer\u0103 juc\u0103torilor distrac\u021bie de minune \u0219i multe oportunit\u0103\u021bi.\" \/>\n<meta name=\"robots\" content=\"index, follow, max-snippet:-1, max-image-preview:large, max-video-preview:-1\" \/>\n<link rel=\"canonical\" href=\"https:\/\/gambling6.com\/ro\/cazinou\/cazinouri-online-vs-cazinouri-terestre\/\" \/>\n<meta property=\"og:locale\" content=\"ro_RO\" \/>\n<meta property=\"og:type\" content=\"article\" \/>\n<meta property=\"og:title\" content=\"Compararea cazinourilor terestre \u0219i a celor online\" \/>\n<meta property=\"og:description\" content=\"At\u00e2t cazinourile online, c\u00e2t \u0219i cazinourile terestre ofer\u0103 juc\u0103torilor distrac\u021bie de minune \u0219i multe oportunit\u0103\u021bi.\" \/>\n<meta property=\"og:url\" content=\"https:\/\/gambling6.com\/ro\/cazinou\/cazinouri-online-vs-cazinouri-terestre\/\" \/>\n<meta property=\"og:site_name\" content=\"Gambling6\" \/>\n<meta property=\"og:image\" content=\"https:\/\/gambling6.com\/wp-content\/uploads\/2013\/12\/phil_ivey.jpg\" \/>\n\t<meta property=\"og:image:width\" content=\"250\" \/>\n\t<meta property=\"og:image:height\" content=\"304\" \/>\n\t<meta property=\"og:image:type\" content=\"image\/jpeg\" \/>\n<meta name=\"twitter:card\" content=\"summary_large_image\" \/>\n<meta name=\"twitter:label1\" content=\"Timp estimat pentru citire\" \/>\n\t<meta name=\"twitter:data1\" content=\"3 minute\" \/>\n<script type=\"application\/ld+json\" class=\"yoast-schema-graph\">{\"@context\":\"https:\\\/\\\/schema.org\",\"@graph\":[{\"@type\":\"WebPage\",\"@id\":\"https:\\\/\\\/gambling6.com\\\/ro\\\/cazinou\\\/cazinouri-online-vs-cazinouri-terestre\\\/\",\"url\":\"https:\\\/\\\/gambling6.com\\\/ro\\\/cazinou\\\/cazinouri-online-vs-cazinouri-terestre\\\/\",\"name\":\"Compararea cazinourilor terestre \u0219i a celor online\",\"isPartOf\":{\"@id\":\"https:\\\/\\\/gambling6.com\\\/ro\\\/#website\"},\"primaryImageOfPage\":{\"@id\":\"https:\\\/\\\/gambling6.com\\\/ro\\\/cazinou\\\/cazinouri-online-vs-cazinouri-terestre\\\/#primaryimage\"},\"image\":{\"@id\":\"https:\\\/\\\/gambling6.com\\\/ro\\\/cazinou\\\/cazinouri-online-vs-cazinouri-terestre\\\/#primaryimage\"},\"thumbnailUrl\":\"https:\\\/\\\/gambling6.com\\\/wp-content\\\/uploads\\\/2013\\\/12\\\/phil_ivey-247x300.jpg\",\"datePublished\":\"2025-11-07T13:54:50+00:00\",\"description\":\"At\u00e2t cazinourile online, c\u00e2t \u0219i cazinourile terestre ofer\u0103 juc\u0103torilor distrac\u021bie de minune \u0219i multe oportunit\u0103\u021bi.\",\"breadcrumb\":{\"@id\":\"https:\\\/\\\/gambling6.com\\\/ro\\\/cazinou\\\/cazinouri-online-vs-cazinouri-terestre\\\/#breadcrumb\"},\"inLanguage\":\"ro-RO\",\"potentialAction\":[{\"@type\":\"ReadAction\",\"target\":[\"https:\\\/\\\/gambling6.com\\\/ro\\\/cazinou\\\/cazinouri-online-vs-cazinouri-terestre\\\/\"]}]},{\"@type\":\"ImageObject\",\"inLanguage\":\"ro-RO\",\"@id\":\"https:\\\/\\\/gambling6.com\\\/ro\\\/cazinou\\\/cazinouri-online-vs-cazinouri-terestre\\\/#primaryimage\",\"url\":\"https:\\\/\\\/gambling6.com\\\/wp-content\\\/uploads\\\/2013\\\/12\\\/phil_ivey-247x300.jpg\",\"contentUrl\":\"https:\\\/\\\/gambling6.com\\\/wp-content\\\/uploads\\\/2013\\\/12\\\/phil_ivey-247x300.jpg\"},{\"@type\":\"BreadcrumbList\",\"@id\":\"https:\\\/\\\/gambling6.com\\\/ro\\\/cazinou\\\/cazinouri-online-vs-cazinouri-terestre\\\/#breadcrumb\",\"itemListElement\":[{\"@type\":\"ListItem\",\"position\":1,\"name\":\"Home\",\"item\":\"https:\\\/\\\/gambling6.com\\\/ro\\\/home\\\/\"},{\"@type\":\"ListItem\",\"position\":2,\"name\":\"Cazinou\",\"item\":\"https:\\\/\\\/gambling6.com\\\/ro\\\/get-started-with-online-gambling\\\/\"},{\"@type\":\"ListItem\",\"position\":3,\"name\":\"Cazinouri online vs. cazinouri terestre\"}]},{\"@type\":\"WebSite\",\"@id\":\"https:\\\/\\\/gambling6.com\\\/ro\\\/#website\",\"url\":\"https:\\\/\\\/gambling6.com\\\/ro\\\/\",\"name\":\"Gambling6\",\"description\":\"\",\"potentialAction\":[{\"@type\":\"SearchAction\",\"target\":{\"@type\":\"EntryPoint\",\"urlTemplate\":\"https:\\\/\\\/gambling6.com\\\/ro\\\/?s={search_term_string}\"},\"query-input\":{\"@type\":\"PropertyValueSpecification\",\"valueRequired\":true,\"valueName\":\"search_term_string\"}}],\"inLanguage\":\"ro-RO\"}]}<\/script>\n<!-- \/ Yoast SEO plugin. -->","yoast_head_json":{"title":"Compararea cazinourilor terestre \u0219i a celor online","description":"At\u00e2t cazinourile online, c\u00e2t \u0219i cazinourile terestre ofer\u0103 juc\u0103torilor distrac\u021bie de minune \u0219i multe oportunit\u0103\u021bi.","robots":{"index":"index","follow":"follow","max-snippet":"max-snippet:-1","max-image-preview":"max-image-preview:large","max-video-preview":"max-video-preview:-1"},"canonical":"https:\/\/gambling6.com\/ro\/cazinou\/cazinouri-online-vs-cazinouri-terestre\/","og_locale":"ro_RO","og_type":"article","og_title":"Compararea cazinourilor terestre \u0219i a celor online","og_description":"At\u00e2t cazinourile online, c\u00e2t \u0219i cazinourile terestre ofer\u0103 juc\u0103torilor distrac\u021bie de minune \u0219i multe oportunit\u0103\u021bi.","og_url":"https:\/\/gambling6.com\/ro\/cazinou\/cazinouri-online-vs-cazinouri-terestre\/","og_site_name":"Gambling6","og_image":[{"width":250,"height":304,"url":"https:\/\/gambling6.com\/wp-content\/uploads\/2013\/12\/phil_ivey.jpg","type":"image\/jpeg"}],"twitter_card":"summary_large_image","twitter_misc":{"Timp estimat pentru citire":"3 minute"},"schema":{"@context":"https:\/\/schema.org","@graph":[{"@type":"WebPage","@id":"https:\/\/gambling6.com\/ro\/cazinou\/cazinouri-online-vs-cazinouri-terestre\/","url":"https:\/\/gambling6.com\/ro\/cazinou\/cazinouri-online-vs-cazinouri-terestre\/","name":"Compararea cazinourilor terestre \u0219i a celor online","isPartOf":{"@id":"https:\/\/gambling6.com\/ro\/#website"},"primaryImageOfPage":{"@id":"https:\/\/gambling6.com\/ro\/cazinou\/cazinouri-online-vs-cazinouri-terestre\/#primaryimage"},"image":{"@id":"https:\/\/gambling6.com\/ro\/cazinou\/cazinouri-online-vs-cazinouri-terestre\/#primaryimage"},"thumbnailUrl":"https:\/\/gambling6.com\/wp-content\/uploads\/2013\/12\/phil_ivey-247x300.jpg","datePublished":"2025-11-07T13:54:50+00:00","description":"At\u00e2t cazinourile online, c\u00e2t \u0219i cazinourile terestre ofer\u0103 juc\u0103torilor distrac\u021bie de minune \u0219i multe oportunit\u0103\u021bi.","breadcrumb":{"@id":"https:\/\/gambling6.com\/ro\/cazinou\/cazinouri-online-vs-cazinouri-terestre\/#breadcrumb"},"inLanguage":"ro-RO","potentialAction":[{"@type":"ReadAction","target":["https:\/\/gambling6.com\/ro\/cazinou\/cazinouri-online-vs-cazinouri-terestre\/"]}]},{"@type":"ImageObject","inLanguage":"ro-RO","@id":"https:\/\/gambling6.com\/ro\/cazinou\/cazinouri-online-vs-cazinouri-terestre\/#primaryimage","url":"https:\/\/gambling6.com\/wp-content\/uploads\/2013\/12\/phil_ivey-247x300.jpg","contentUrl":"https:\/\/gambling6.com\/wp-content\/uploads\/2013\/12\/phil_ivey-247x300.jpg"},{"@type":"BreadcrumbList","@id":"https:\/\/gambling6.com\/ro\/cazinou\/cazinouri-online-vs-cazinouri-terestre\/#breadcrumb","itemListElement":[{"@type":"ListItem","position":1,"name":"Home","item":"https:\/\/gambling6.com\/ro\/home\/"},{"@type":"ListItem","position":2,"name":"Cazinou","item":"https:\/\/gambling6.com\/ro\/get-started-with-online-gambling\/"},{"@type":"ListItem","position":3,"name":"Cazinouri online vs. cazinouri terestre"}]},{"@type":"WebSite","@id":"https:\/\/gambling6.com\/ro\/#website","url":"https:\/\/gambling6.com\/ro\/","name":"Gambling6","description":"","potentialAction":[{"@type":"SearchAction","target":{"@type":"EntryPoint","urlTemplate":"https:\/\/gambling6.com\/ro\/?s={search_term_string}"},"query-input":{"@type":"PropertyValueSpecification","valueRequired":true,"valueName":"search_term_string"}}],"inLanguage":"ro-RO"}]}},"_links":{"self":[{"href":"https:\/\/gambling6.com\/ro\/wp-json\/wp\/v2\/pages\/8382","targetHints":{"allow":["GET"]}}],"collection":[{"href":"https:\/\/gambling6.com\/ro\/wp-json\/wp\/v2\/pages"}],"about":[{"href":"https:\/\/gambling6.com\/ro\/wp-json\/wp\/v2\/types\/page"}],"author":[{"embeddable":true,"href":"https:\/\/gambling6.com\/ro\/wp-json\/wp\/v2\/users\/1"}],"replies":[{"embeddable":true,"href":"https:\/\/gambling6.com\/ro\/wp-json\/wp\/v2\/comments?post=8382"}],"version-history":[{"count":0,"href":"https:\/\/gambling6.com\/ro\/wp-json\/wp\/v2\/pages\/8382\/revisions"}],"up":[{"embeddable":true,"href":"https:\/\/gambling6.com\/ro\/wp-json\/wp\/v2\/pages\/8324"}],"wp:attachment":[{"href":"https:\/\/gambling6.com\/ro\/wp-json\/wp\/v2\/media?parent=8382"}],"curies":[{"name":"wp","href":"https:\/\/api.w.org\/{rel}","templated":true}]}}