{"id":8406,"date":"2025-11-07T16:37:03","date_gmt":"2025-11-07T16:37:03","guid":{"rendered":"https:\/\/gambling6.com\/cazinou\/cinci-motive-principale-pentru-a-te-inscrie-la-un-cazinou-online\/"},"modified":"2025-11-12T16:43:02","modified_gmt":"2025-11-12T16:43:02","slug":"cinci-motive-principale-pentru-a-te-inscrie-la-un-cazinou-online","status":"publish","type":"page","link":"https:\/\/gambling6.com\/ro\/cazinou\/cinci-motive-principale-pentru-a-te-inscrie-la-un-cazinou-online\/","title":{"rendered":"Cinci motive principale pentru a te \u00eenscrie la un cazinou online"},"content":{"rendered":"<h2>De ce ar trebui s\u0103 te \u00eenscrii la un cazinou online<\/h2>\n<h2>Multe lucruri fac cazinourile online at\u00e2t de grozave<\/h2>\n<p><img loading=\"lazy\" decoding=\"async\" class=\"size-medium wp-image-318 alignright\" src=\"https:\/\/gambling6.com\/wp-content\/uploads\/2013\/12\/classic-casino-games-300x179.jpg\" alt=\"cazinou online\" width=\"300\" height=\"179\" srcset=\"https:\/\/gambling6.com\/wp-content\/uploads\/2013\/12\/classic-casino-games-300x179.jpg 300w, https:\/\/gambling6.com\/wp-content\/uploads\/2013\/12\/classic-casino-games.jpg 612w\" sizes=\"auto, (max-width: 300px) 100vw, 300px\" \/>Fiecare juc\u0103tor de cazinou online va avea propriile motive personale pentru a juca jocuri de cazinou pe internet. Cu toate acestea, unele motive sunt mai populare. C\u00e2nd juc\u0103torii decid s\u0103 joace online, vor vedea c\u0103 o lume cu totul nou\u0103 se va deschide \u00een fa\u021ba ochilor lor. Cazinourile online vin \u00een multe stiluri diferite, a\u0219a c\u0103 juc\u0103torii pot c\u0103uta p\u00e2n\u0103 c\u00e2nd \u00eel g\u0103sesc pe cel care li se potrive\u0219te.<\/p>\n<p>Cu cazinoul nostru online preferat, 888, nu po\u021bi da gre\u0219. <a class=\"thirstylink\" title=\"888 casino en\" href=\"https:\/\/gambling6.com\/go\/888-casino-en\/\" target=\"_blank\" rel=\"nofollow noopener\">Acest link v\u0103 va duce la site-ul lor web \u0219i v\u0103 va garanta un bonus frumos de p\u00e2n\u0103 la 1500 \u20ac.<\/a><\/p>\n<h2>Iat\u0103 cinci dintre principalele motive pentru care majoritatea juc\u0103torilor se al\u0103tur\u0103 unui cazinou online:<\/h2>\n<ol>\n<li>Unul dintre motivele importante pentru a v\u0103 al\u0103tura unui cazinou online sunt bonusurile. Exist\u0103 multe tipuri de bonusuri de cazinou online, iar fiecare cazinou le permite juc\u0103torilor s\u0103i s\u0103 se bucure de cele pe care le consider\u0103 potrivite. Cu toate acestea, unele bonusuri pot valora foarte mult \u0219i chiar pot oferi juc\u0103torilor \u0219ansa de a primi sute sau chiar mii de dolari gratuit. Unele dintre bonusurile adesea g\u0103site la cazinourile online sunt bonusurile de bun venit, bonusurile de re\u00eenc\u0103rcare, bonusurile de joc \u0219i bonusurile de recomandare. Juc\u0103torii vor s\u0103 citeasc\u0103 cerin\u021bele bonusului pentru a \u0219ti cum s\u0103 r\u0103m\u00e2n\u0103 eligibili pentru acesta \u0219i exact ce trebuie s\u0103 fac\u0103 pentru a-l ob\u021bine.<\/li>\n<li>Un alt motiv important pentru care mul\u021bi juc\u0103tori se \u00eenscriu la cazinourile online este num\u0103rul de jocuri pe care le pot juca \u00eentr-un singur loc. C\u00e2nd juc\u0103torii merg la unul dintre cazinourile online populare, pot trece de la un joc la altul f\u0103r\u0103 a-\u0219i p\u0103r\u0103si locurile. Nu vor trebui s\u0103-\u0219i fac\u0103 griji cu privire la a\u0219teptarea liber\u0103rii unui loc sau cu oricare dintre celelalte b\u0103t\u0103i de cap care vin odat\u0103 cu jocul la cazinourile terestre. Jocurile sunt disponibile imediat \u0219i au loc \u00eentotdeauna, at\u00e2ta timp c\u00e2t juc\u0103torul a ales unul dintre cazinourile mai populare.<\/li>\n<li>Un alt motiv pentru care mul\u021bi juc\u0103tori apeleaz\u0103 la cazinourile online este cel financiar. Juc\u0103torii care petrec timp la cazinourile online nu trebuie s\u0103 pl\u0103teasc\u0103 pentru lucruri precum benzin\u0103, bilete, cazare la hotel, m\u00e2ncare \u00een ora\u0219 sau oricare dintre celelalte cheltuieli cu care se confrunt\u0103 atunci c\u00e2nd planific\u0103 o excursie la cazinourile terestre. Aceasta \u00eenseamn\u0103 c\u0103 juc\u0103torii vor avea mai mul\u021bi bani de investit \u00een jocuri, ceea ce este \u00eentotdeauna un lucru bun.<\/li>\n<li>Unii juc\u0103tori duc vie\u021bi agitate \u0219i aglomerate. Asta \u00eenseamn\u0103 c\u0103 le-ar putea fi foarte greu s\u0103 ajung\u0103 chiar \u0219i la cazinourile fizice. Cu toate acestea, cazinourile online sunt \u00eentotdeauna acolo pentru ei. Chiar dac\u0103 se pot conecta doar pentru c\u00e2teva minute pe parcursul zilei, vor putea cel pu\u021bin s\u0103 joace pu\u021bin \u00eenscriindu-se la un cazinou online.<\/li>\n<li>Un alt avantaj clar al jocului la cazinourile online este c\u0103 juc\u0103torii au control total asupra experien\u021bei lor de joc. Ei aleg cazinoul, bonusurile, promo\u021biile \u0219i jocurile \u0219i pot personaliza multe aspecte ale diferitelor jocuri de cazinou online.<\/li>\n<\/ol>\n<p>Oricine caut\u0103 un cazinou online bun care face totul sigur \u0219i simplu va dori s\u0103 citeasc\u0103 recenzii \u0219i s\u0103 g\u0103seasc\u0103 unul care ruleaz\u0103 pe un software fiabil, ofer\u0103 asisten\u021b\u0103 excelent\u0103 \u0219i ofer\u0103 multe jocuri.<\/p>\n","protected":false},"excerpt":{"rendered":"<p>De ce ar trebui s\u0103 te \u00eenscrii la un cazinou online Multe lucruri fac cazinourile online at\u00e2t de grozave Fiecare juc\u0103tor de cazinou online va avea propriile motive personale pentru a juca jocuri de cazinou pe internet. Cu toate acestea, unele motive sunt mai populare. C\u00e2nd juc\u0103torii decid s\u0103 joace online, vor vedea c\u0103 o [&hellip;]<\/p>\n","protected":false},"author":1,"featured_media":0,"parent":8324,"menu_order":30,"comment_status":"closed","ping_status":"closed","template":"","meta":{"footnotes":""},"class_list":["post-8406","page","type-page","status-publish","hentry"],"yoast_head":"<!-- This site is optimized with the Yoast SEO plugin v27.4 - https:\/\/yoast.com\/product\/yoast-seo-wordpress\/ -->\n<title>Motive pentru a te \u00eenscrie la un cazinou online<\/title>\n<meta name=\"description\" content=\"Cazinourile online au at\u00e2t de multe de oferit juc\u0103torilor care caut\u0103 s\u0103 se distreze \u0219i multe \u0219anse de a c\u00e2\u0219tiga.\" \/>\n<meta name=\"robots\" content=\"index, follow, max-snippet:-1, max-image-preview:large, max-video-preview:-1\" \/>\n<link rel=\"canonical\" href=\"https:\/\/gambling6.com\/ro\/cazinou\/cinci-motive-principale-pentru-a-te-inscrie-la-un-cazinou-online\/\" \/>\n<meta property=\"og:locale\" content=\"ro_RO\" \/>\n<meta property=\"og:type\" content=\"article\" \/>\n<meta property=\"og:title\" content=\"Motive pentru a te \u00eenscrie la un cazinou online\" \/>\n<meta property=\"og:description\" content=\"Cazinourile online au at\u00e2t de multe de oferit juc\u0103torilor care caut\u0103 s\u0103 se distreze \u0219i multe \u0219anse de a c\u00e2\u0219tiga.\" \/>\n<meta property=\"og:url\" content=\"https:\/\/gambling6.com\/ro\/cazinou\/cinci-motive-principale-pentru-a-te-inscrie-la-un-cazinou-online\/\" \/>\n<meta property=\"og:site_name\" content=\"Gambling6\" \/>\n<meta property=\"article:modified_time\" content=\"2025-11-12T16:43:02+00:00\" \/>\n<meta property=\"og:image\" content=\"https:\/\/gambling6.com\/wp-content\/uploads\/2013\/12\/classic-casino-games.jpg\" \/>\n\t<meta property=\"og:image:width\" content=\"612\" \/>\n\t<meta property=\"og:image:height\" content=\"366\" \/>\n\t<meta property=\"og:image:type\" content=\"image\/jpeg\" \/>\n<meta name=\"twitter:card\" content=\"summary_large_image\" \/>\n<meta name=\"twitter:label1\" content=\"Timp estimat pentru citire\" \/>\n\t<meta name=\"twitter:data1\" content=\"3 minute\" \/>\n<script type=\"application\/ld+json\" class=\"yoast-schema-graph\">{\"@context\":\"https:\\\/\\\/schema.org\",\"@graph\":[{\"@type\":\"WebPage\",\"@id\":\"https:\\\/\\\/gambling6.com\\\/ro\\\/cazinou\\\/cinci-motive-principale-pentru-a-te-inscrie-la-un-cazinou-online\\\/\",\"url\":\"https:\\\/\\\/gambling6.com\\\/ro\\\/cazinou\\\/cinci-motive-principale-pentru-a-te-inscrie-la-un-cazinou-online\\\/\",\"name\":\"Motive pentru a te \u00eenscrie la un cazinou online\",\"isPartOf\":{\"@id\":\"https:\\\/\\\/gambling6.com\\\/ro\\\/#website\"},\"primaryImageOfPage\":{\"@id\":\"https:\\\/\\\/gambling6.com\\\/ro\\\/cazinou\\\/cinci-motive-principale-pentru-a-te-inscrie-la-un-cazinou-online\\\/#primaryimage\"},\"image\":{\"@id\":\"https:\\\/\\\/gambling6.com\\\/ro\\\/cazinou\\\/cinci-motive-principale-pentru-a-te-inscrie-la-un-cazinou-online\\\/#primaryimage\"},\"thumbnailUrl\":\"https:\\\/\\\/gambling6.com\\\/wp-content\\\/uploads\\\/2013\\\/12\\\/classic-casino-games-300x179.jpg\",\"datePublished\":\"2025-11-07T16:37:03+00:00\",\"dateModified\":\"2025-11-12T16:43:02+00:00\",\"description\":\"Cazinourile online au at\u00e2t de multe de oferit juc\u0103torilor care caut\u0103 s\u0103 se distreze \u0219i multe \u0219anse de a c\u00e2\u0219tiga.\",\"breadcrumb\":{\"@id\":\"https:\\\/\\\/gambling6.com\\\/ro\\\/cazinou\\\/cinci-motive-principale-pentru-a-te-inscrie-la-un-cazinou-online\\\/#breadcrumb\"},\"inLanguage\":\"ro-RO\",\"potentialAction\":[{\"@type\":\"ReadAction\",\"target\":[\"https:\\\/\\\/gambling6.com\\\/ro\\\/cazinou\\\/cinci-motive-principale-pentru-a-te-inscrie-la-un-cazinou-online\\\/\"]}]},{\"@type\":\"ImageObject\",\"inLanguage\":\"ro-RO\",\"@id\":\"https:\\\/\\\/gambling6.com\\\/ro\\\/cazinou\\\/cinci-motive-principale-pentru-a-te-inscrie-la-un-cazinou-online\\\/#primaryimage\",\"url\":\"https:\\\/\\\/gambling6.com\\\/wp-content\\\/uploads\\\/2013\\\/12\\\/classic-casino-games-300x179.jpg\",\"contentUrl\":\"https:\\\/\\\/gambling6.com\\\/wp-content\\\/uploads\\\/2013\\\/12\\\/classic-casino-games-300x179.jpg\"},{\"@type\":\"BreadcrumbList\",\"@id\":\"https:\\\/\\\/gambling6.com\\\/ro\\\/cazinou\\\/cinci-motive-principale-pentru-a-te-inscrie-la-un-cazinou-online\\\/#breadcrumb\",\"itemListElement\":[{\"@type\":\"ListItem\",\"position\":1,\"name\":\"Home\",\"item\":\"https:\\\/\\\/gambling6.com\\\/ro\\\/home\\\/\"},{\"@type\":\"ListItem\",\"position\":2,\"name\":\"Cazinou\",\"item\":\"https:\\\/\\\/gambling6.com\\\/ro\\\/get-started-with-online-gambling\\\/\"},{\"@type\":\"ListItem\",\"position\":3,\"name\":\"Cinci motive principale pentru a te \u00eenscrie la un cazinou online\"}]},{\"@type\":\"WebSite\",\"@id\":\"https:\\\/\\\/gambling6.com\\\/ro\\\/#website\",\"url\":\"https:\\\/\\\/gambling6.com\\\/ro\\\/\",\"name\":\"Gambling6\",\"description\":\"\",\"potentialAction\":[{\"@type\":\"SearchAction\",\"target\":{\"@type\":\"EntryPoint\",\"urlTemplate\":\"https:\\\/\\\/gambling6.com\\\/ro\\\/?s={search_term_string}\"},\"query-input\":{\"@type\":\"PropertyValueSpecification\",\"valueRequired\":true,\"valueName\":\"search_term_string\"}}],\"inLanguage\":\"ro-RO\"}]}<\/script>\n<!-- \/ Yoast SEO plugin. -->","yoast_head_json":{"title":"Motive pentru a te \u00eenscrie la un cazinou online","description":"Cazinourile online au at\u00e2t de multe de oferit juc\u0103torilor care caut\u0103 s\u0103 se distreze \u0219i multe \u0219anse de a c\u00e2\u0219tiga.","robots":{"index":"index","follow":"follow","max-snippet":"max-snippet:-1","max-image-preview":"max-image-preview:large","max-video-preview":"max-video-preview:-1"},"canonical":"https:\/\/gambling6.com\/ro\/cazinou\/cinci-motive-principale-pentru-a-te-inscrie-la-un-cazinou-online\/","og_locale":"ro_RO","og_type":"article","og_title":"Motive pentru a te \u00eenscrie la un cazinou online","og_description":"Cazinourile online au at\u00e2t de multe de oferit juc\u0103torilor care caut\u0103 s\u0103 se distreze \u0219i multe \u0219anse de a c\u00e2\u0219tiga.","og_url":"https:\/\/gambling6.com\/ro\/cazinou\/cinci-motive-principale-pentru-a-te-inscrie-la-un-cazinou-online\/","og_site_name":"Gambling6","article_modified_time":"2025-11-12T16:43:02+00:00","og_image":[{"width":612,"height":366,"url":"https:\/\/gambling6.com\/wp-content\/uploads\/2013\/12\/classic-casino-games.jpg","type":"image\/jpeg"}],"twitter_card":"summary_large_image","twitter_misc":{"Timp estimat pentru citire":"3 minute"},"schema":{"@context":"https:\/\/schema.org","@graph":[{"@type":"WebPage","@id":"https:\/\/gambling6.com\/ro\/cazinou\/cinci-motive-principale-pentru-a-te-inscrie-la-un-cazinou-online\/","url":"https:\/\/gambling6.com\/ro\/cazinou\/cinci-motive-principale-pentru-a-te-inscrie-la-un-cazinou-online\/","name":"Motive pentru a te \u00eenscrie la un cazinou online","isPartOf":{"@id":"https:\/\/gambling6.com\/ro\/#website"},"primaryImageOfPage":{"@id":"https:\/\/gambling6.com\/ro\/cazinou\/cinci-motive-principale-pentru-a-te-inscrie-la-un-cazinou-online\/#primaryimage"},"image":{"@id":"https:\/\/gambling6.com\/ro\/cazinou\/cinci-motive-principale-pentru-a-te-inscrie-la-un-cazinou-online\/#primaryimage"},"thumbnailUrl":"https:\/\/gambling6.com\/wp-content\/uploads\/2013\/12\/classic-casino-games-300x179.jpg","datePublished":"2025-11-07T16:37:03+00:00","dateModified":"2025-11-12T16:43:02+00:00","description":"Cazinourile online au at\u00e2t de multe de oferit juc\u0103torilor care caut\u0103 s\u0103 se distreze \u0219i multe \u0219anse de a c\u00e2\u0219tiga.","breadcrumb":{"@id":"https:\/\/gambling6.com\/ro\/cazinou\/cinci-motive-principale-pentru-a-te-inscrie-la-un-cazinou-online\/#breadcrumb"},"inLanguage":"ro-RO","potentialAction":[{"@type":"ReadAction","target":["https:\/\/gambling6.com\/ro\/cazinou\/cinci-motive-principale-pentru-a-te-inscrie-la-un-cazinou-online\/"]}]},{"@type":"ImageObject","inLanguage":"ro-RO","@id":"https:\/\/gambling6.com\/ro\/cazinou\/cinci-motive-principale-pentru-a-te-inscrie-la-un-cazinou-online\/#primaryimage","url":"https:\/\/gambling6.com\/wp-content\/uploads\/2013\/12\/classic-casino-games-300x179.jpg","contentUrl":"https:\/\/gambling6.com\/wp-content\/uploads\/2013\/12\/classic-casino-games-300x179.jpg"},{"@type":"BreadcrumbList","@id":"https:\/\/gambling6.com\/ro\/cazinou\/cinci-motive-principale-pentru-a-te-inscrie-la-un-cazinou-online\/#breadcrumb","itemListElement":[{"@type":"ListItem","position":1,"name":"Home","item":"https:\/\/gambling6.com\/ro\/home\/"},{"@type":"ListItem","position":2,"name":"Cazinou","item":"https:\/\/gambling6.com\/ro\/get-started-with-online-gambling\/"},{"@type":"ListItem","position":3,"name":"Cinci motive principale pentru a te \u00eenscrie la un cazinou online"}]},{"@type":"WebSite","@id":"https:\/\/gambling6.com\/ro\/#website","url":"https:\/\/gambling6.com\/ro\/","name":"Gambling6","description":"","potentialAction":[{"@type":"SearchAction","target":{"@type":"EntryPoint","urlTemplate":"https:\/\/gambling6.com\/ro\/?s={search_term_string}"},"query-input":{"@type":"PropertyValueSpecification","valueRequired":true,"valueName":"search_term_string"}}],"inLanguage":"ro-RO"}]}},"_links":{"self":[{"href":"https:\/\/gambling6.com\/ro\/wp-json\/wp\/v2\/pages\/8406","targetHints":{"allow":["GET"]}}],"collection":[{"href":"https:\/\/gambling6.com\/ro\/wp-json\/wp\/v2\/pages"}],"about":[{"href":"https:\/\/gambling6.com\/ro\/wp-json\/wp\/v2\/types\/page"}],"author":[{"embeddable":true,"href":"https:\/\/gambling6.com\/ro\/wp-json\/wp\/v2\/users\/1"}],"replies":[{"embeddable":true,"href":"https:\/\/gambling6.com\/ro\/wp-json\/wp\/v2\/comments?post=8406"}],"version-history":[{"count":2,"href":"https:\/\/gambling6.com\/ro\/wp-json\/wp\/v2\/pages\/8406\/revisions"}],"predecessor-version":[{"id":10683,"href":"https:\/\/gambling6.com\/ro\/wp-json\/wp\/v2\/pages\/8406\/revisions\/10683"}],"up":[{"embeddable":true,"href":"https:\/\/gambling6.com\/ro\/wp-json\/wp\/v2\/pages\/8324"}],"wp:attachment":[{"href":"https:\/\/gambling6.com\/ro\/wp-json\/wp\/v2\/media?parent=8406"}],"curies":[{"name":"wp","href":"https:\/\/api.w.org\/{rel}","templated":true}]}}