{"id":8465,"date":"2025-11-07T18:03:42","date_gmt":"2025-11-07T18:03:42","guid":{"rendered":"https:\/\/gambling6.com\/sfaturi-pentru-bingo-care-sunt-cele-mai-bune-site-uri-de-bingo\/"},"modified":"2025-11-12T12:11:20","modified_gmt":"2025-11-12T12:11:20","slug":"sfaturi-pentru-bingo-care-sunt-cele-mai-bune-site-uri-de-bingo","status":"publish","type":"page","link":"https:\/\/gambling6.com\/ro\/bingo\/sfaturi-pentru-bingo-care-sunt-cele-mai-bune-site-uri-de-bingo\/","title":{"rendered":"Sfaturi pentru Bingo &#8211; Care sunt cele mai bune site-uri de Bingo?"},"content":{"rendered":"<h2>Alegerea unui site web de bingo<\/h2>\n<p>Bingo este un joc captivant care necesit\u0103 mult mai pu\u021bin\u0103 \u00eendem\u00e2nare dec\u00e2t jocuri precum blackjack sau poker. Jocul atrage mul\u021bi oameni prin simplitatea sa. Nu necesit\u0103 s\u0103 \u00eenve\u021bi reguli sau strategii complicate. Mai mult, este mai ieftin s\u0103 joci c\u0103r\u021bi de bingo. Multe site-uri ofer\u0103 acest joc online. Te po\u021bi al\u0103tura unuia dintre ele \u0219i po\u021bi juca jocul chiar \u0219i pentru o sum\u0103 minim\u0103 de bani.<img loading=\"lazy\" decoding=\"async\" class=\" alignright size-full wp-image-213\" style=\"margin: 5px; float: right;\" src=\"http:\/\/gambling6.com\/wp-content\/uploads\/2013\/12\/img_110.png\" alt=\"alege cel mai bun site web de bingo\" width=\"288\" height=\"175\" \/><\/p>\n<p>Cu at\u00e2t de multe site-uri de bingo disponibile,<strong>a afla care este cel mai bun site web de bingo online poate fi o adev\u0103rat\u0103 provocare<\/strong>. Prin urmare, este recomandabil s\u0103 iei \u00een considerare factorii esen\u021biali \u0219i s\u0103 decizi dac\u0103 un site este ideal pentru tine.<\/p>\n<ul>\n<li><strong>Reputa\u021bie \u0219i experien\u021b\u0103<\/strong><\/li>\n<\/ul>\n<p>Asigur\u0103-te c\u0103 alegi un site de bingo care activeaz\u0103 \u00een industrie de mult timp \u0219i are o reputa\u021bie solid\u0103 pentru oferirea unei experien\u021be de joc bune. Po\u021bi verifica acest lucru citind recenziile profesioni\u0219tilor \u0219i ale juc\u0103torilor reali. Un site de bingo cu mul\u021bi juc\u0103tori poate fi fiabil, deoarece juc\u0103torii nu vor s\u0103 r\u0103m\u00e2n\u0103 pe un site care nu ofer\u0103 o experien\u021b\u0103 de joc pl\u0103cut\u0103.<\/p>\n<p><a href=\"https:\/\/record.revenueplanet.com\/_BoBybWC_aAPUOsjNOfgKefwM06wa-Rwt\/1\/\" target=\"_new\"><img loading=\"lazy\" decoding=\"async\" class=\"aligncenter\" style=\"border: none;\" src=\"https:\/\/media.revenueplanet.com\/uploads\/nbb-468x60-nov-generic.gif\" alt=\"BingoBilly Bingo Gratuit\" width=\"686\" height=\"88\" \/><\/a><\/p>\n<ul>\n<li><strong>Jocuri Ofertate<\/strong><\/li>\n<\/ul>\n<p>Site-ul pe care dori\u021bi s\u0103 \u00eel alege\u021bi trebuie s\u0103 ofere o gam\u0103 larg\u0103 de jocuri. <strong>Bingo<\/strong> vine \u00een diverse forme. 90 de bile, 80 de bile, 75 de bile, mini, quickie, coverall, bonanza \u0219i pattern sunt c\u00e2teva dintre variantele populare ale jocului. Alegerea site-ului care ofer\u0103 toate aceste variante v\u0103 ajut\u0103 s\u0103 v\u0103 bucura\u021bi de jocuri f\u0103r\u0103 s\u0103 v\u0103 plictisi\u021bi.<\/p>\n<ul>\n<li><strong>Bonus<\/strong><\/li>\n<\/ul>\n<p>De\u0219i nu este recomandabil s\u0103 decide\u021bi pe baza bonusului oferit de site-ul de jocuri, site-ul cu cel mai mare bonus nu este neap\u0103rat cel mai bun site de bingo pentru dvs. Func\u021biile utile \u0219i o gam\u0103 larg\u0103 de jocuri sunt cu siguran\u021b\u0103 aspecte mai importante. Majoritatea site-urilor de bingo ofer\u0103 un bonus de bun venit. Dup\u0103 ce efectua\u021bi depunerea ini\u021bial\u0103, suma bonusului de bun venit va fi depus\u0103 automat \u00een contul dvs. Pute\u021bi utiliza acest bonus pentru a juca mai mult. Asigura\u021bi-v\u0103 c\u0103 citi\u021bi termenii \u0219i condi\u021biile asociate bonusului. De obicei, bonusul ar trebui utilizat \u00een termen de o lun\u0103.<\/p>\n<ul>\n<li><strong>Metode de depunere \u0219i retragere<\/strong><\/li>\n<\/ul>\n<p>Cel mai bun site de bingo ofer\u0103 diverse metode de depunere, astfel \u00eenc\u00e2t s\u0103 o pute\u021bi alege pe cea mai convenabil\u0103 pentru dvs. De asemenea, ofer\u0103 o gam\u0103 larg\u0103 de op\u021biuni pentru retragerea c\u00e2\u0219tigurilor. Acestea faciliteaz\u0103 configurarea unui cont. Pute\u021bi completa cu u\u0219urin\u021b\u0103 \u00eenregistrarea online \u0219i detaliile bancare.<\/p>\n<ul>\n<li><strong>Serviciul clien\u021bi<\/strong><\/li>\n<\/ul>\n<p>Pute\u021bi verifica dac\u0103 site-ul de jocuri de noroc ofer\u0103 cel mai bun serviciu de asisten\u021b\u0103 pentru clien\u021bi. Cel mai bun site are o echip\u0103 de clien\u021bi bine instruit\u0103, care r\u0103spunde la \u00eentreb\u0103rile dvs. \u0219i v\u0103 rezolv\u0103 rapid problemele. Indiferent dac\u0103 te blochezi \u00een procesul de deschidere a unui cont sau \u00eent\u00e2mpini probleme la retragerea c\u00e2\u0219tigurilor, po\u021bi ob\u021bine ajutorul lor oric\u00e2nd. Ace\u0219tia ofer\u0103 asisten\u021b\u0103 prin chat live, telefon \u0219i e-mail pentru a-\u021bi rezolva problemele \u00een mod profesional.<\/p>\n<p>Luarea \u00een considerare a tuturor acestor lucruri te poate ajuta s\u0103 alegi un site de bingo online fantastic. Personal, ne place Bingo Billy. Chiar dac\u0103 locuie\u0219ti \u00een SUA, <span style=\"box-sizing: border-box; margin: 0px; padding: 0px;\">po\u021bi juca \u00een continuare pe\u00a0<a class=\"thirstylink\" title=\"Bingo Billy en\" href=\"https:\/\/gambling6.com\/go\/bingobilly-en\/\" target=\"_blank\" rel=\"nofollow noopener\">Bingo Billy\u2014<\/a><\/span>urmeaz\u0103 acest link c\u0103tre site-ul lor web.<\/p>\n","protected":false},"excerpt":{"rendered":"<p>Alegerea unui site web de bingo Bingo este un joc captivant care necesit\u0103 mult mai pu\u021bin\u0103 \u00eendem\u00e2nare dec\u00e2t jocuri precum blackjack sau poker. Jocul atrage mul\u021bi oameni prin simplitatea sa. Nu necesit\u0103 s\u0103 \u00eenve\u021bi reguli sau strategii complicate. Mai mult, este mai ieftin s\u0103 joci c\u0103r\u021bi de bingo. Multe site-uri ofer\u0103 acest joc online. Te [&hellip;]<\/p>\n","protected":false},"author":1,"featured_media":8440,"parent":8528,"menu_order":5,"comment_status":"closed","ping_status":"closed","template":"","meta":{"footnotes":""},"class_list":["post-8465","page","type-page","status-publish","has-post-thumbnail","hentry"],"yoast_head":"<!-- This site is optimized with the Yoast SEO plugin v27.5 - https:\/\/yoast.com\/product\/yoast-seo-wordpress\/ -->\n<title>Sfaturi pentru Bingo - Care sunt cele mai bune site-uri de Bingo?<\/title>\n<meta name=\"description\" content=\"Alegerea celui mai bun site de bingo este important\u0103 - dar ce site ar trebui s\u0103 alege\u021bi? G\u0103si\u021bi r\u0103spunsuri aici\" \/>\n<meta name=\"robots\" content=\"index, follow, max-snippet:-1, max-image-preview:large, max-video-preview:-1\" \/>\n<link rel=\"canonical\" href=\"https:\/\/gambling6.com\/ro\/bingo\/sfaturi-pentru-bingo-care-sunt-cele-mai-bune-site-uri-de-bingo\/\" \/>\n<meta property=\"og:locale\" content=\"ro_RO\" \/>\n<meta property=\"og:type\" content=\"article\" \/>\n<meta property=\"og:title\" content=\"Sfaturi pentru Bingo - Care sunt cele mai bune site-uri de Bingo?\" \/>\n<meta property=\"og:description\" content=\"Alegerea celui mai bun site de bingo este important\u0103 - dar ce site ar trebui s\u0103 alege\u021bi? G\u0103si\u021bi r\u0103spunsuri aici\" \/>\n<meta property=\"og:url\" content=\"https:\/\/gambling6.com\/ro\/bingo\/sfaturi-pentru-bingo-care-sunt-cele-mai-bune-site-uri-de-bingo\/\" \/>\n<meta property=\"og:site_name\" content=\"Gambling6\" \/>\n<meta property=\"article:modified_time\" content=\"2025-11-12T12:11:20+00:00\" \/>\n<meta property=\"og:image\" content=\"https:\/\/gambling6.com\/wp-content\/uploads\/2013\/12\/img_110.png\" \/>\n\t<meta property=\"og:image:width\" content=\"288\" \/>\n\t<meta property=\"og:image:height\" content=\"175\" \/>\n\t<meta property=\"og:image:type\" content=\"image\/png\" \/>\n<meta name=\"twitter:card\" content=\"summary_large_image\" \/>\n<meta name=\"twitter:label1\" content=\"Timp estimat pentru citire\" \/>\n\t<meta name=\"twitter:data1\" content=\"3 minute\" \/>\n<script type=\"application\/ld+json\" class=\"yoast-schema-graph\">{\"@context\":\"https:\\\/\\\/schema.org\",\"@graph\":[{\"@type\":\"WebPage\",\"@id\":\"https:\\\/\\\/gambling6.com\\\/ro\\\/bingo\\\/sfaturi-pentru-bingo-care-sunt-cele-mai-bune-site-uri-de-bingo\\\/\",\"url\":\"https:\\\/\\\/gambling6.com\\\/ro\\\/bingo\\\/sfaturi-pentru-bingo-care-sunt-cele-mai-bune-site-uri-de-bingo\\\/\",\"name\":\"Sfaturi pentru Bingo - Care sunt cele mai bune site-uri de Bingo?\",\"isPartOf\":{\"@id\":\"https:\\\/\\\/gambling6.com\\\/ro\\\/#website\"},\"primaryImageOfPage\":{\"@id\":\"https:\\\/\\\/gambling6.com\\\/ro\\\/bingo\\\/sfaturi-pentru-bingo-care-sunt-cele-mai-bune-site-uri-de-bingo\\\/#primaryimage\"},\"image\":{\"@id\":\"https:\\\/\\\/gambling6.com\\\/ro\\\/bingo\\\/sfaturi-pentru-bingo-care-sunt-cele-mai-bune-site-uri-de-bingo\\\/#primaryimage\"},\"thumbnailUrl\":\"https:\\\/\\\/gambling6.com\\\/wp-content\\\/uploads\\\/2013\\\/12\\\/img_110.png\",\"datePublished\":\"2025-11-07T18:03:42+00:00\",\"dateModified\":\"2025-11-12T12:11:20+00:00\",\"description\":\"Alegerea celui mai bun site de bingo este important\u0103 - dar ce site ar trebui s\u0103 alege\u021bi? G\u0103si\u021bi r\u0103spunsuri aici\",\"breadcrumb\":{\"@id\":\"https:\\\/\\\/gambling6.com\\\/ro\\\/bingo\\\/sfaturi-pentru-bingo-care-sunt-cele-mai-bune-site-uri-de-bingo\\\/#breadcrumb\"},\"inLanguage\":\"ro-RO\",\"potentialAction\":[{\"@type\":\"ReadAction\",\"target\":[\"https:\\\/\\\/gambling6.com\\\/ro\\\/bingo\\\/sfaturi-pentru-bingo-care-sunt-cele-mai-bune-site-uri-de-bingo\\\/\"]}]},{\"@type\":\"ImageObject\",\"inLanguage\":\"ro-RO\",\"@id\":\"https:\\\/\\\/gambling6.com\\\/ro\\\/bingo\\\/sfaturi-pentru-bingo-care-sunt-cele-mai-bune-site-uri-de-bingo\\\/#primaryimage\",\"url\":\"https:\\\/\\\/gambling6.com\\\/wp-content\\\/uploads\\\/2013\\\/12\\\/img_110.png\",\"contentUrl\":\"https:\\\/\\\/gambling6.com\\\/wp-content\\\/uploads\\\/2013\\\/12\\\/img_110.png\",\"width\":288,\"height\":175},{\"@type\":\"BreadcrumbList\",\"@id\":\"https:\\\/\\\/gambling6.com\\\/ro\\\/bingo\\\/sfaturi-pentru-bingo-care-sunt-cele-mai-bune-site-uri-de-bingo\\\/#breadcrumb\",\"itemListElement\":[{\"@type\":\"ListItem\",\"position\":1,\"name\":\"Home\",\"item\":\"https:\\\/\\\/gambling6.com\\\/ro\\\/home\\\/\"},{\"@type\":\"ListItem\",\"position\":2,\"name\":\"Bingo\",\"item\":\"https:\\\/\\\/gambling6.com\\\/ro\\\/all-about-bingo\\\/\"},{\"@type\":\"ListItem\",\"position\":3,\"name\":\"Sfaturi pentru Bingo &#8211; Care sunt cele mai bune site-uri de Bingo?\"}]},{\"@type\":\"WebSite\",\"@id\":\"https:\\\/\\\/gambling6.com\\\/ro\\\/#website\",\"url\":\"https:\\\/\\\/gambling6.com\\\/ro\\\/\",\"name\":\"Gambling6\",\"description\":\"\",\"potentialAction\":[{\"@type\":\"SearchAction\",\"target\":{\"@type\":\"EntryPoint\",\"urlTemplate\":\"https:\\\/\\\/gambling6.com\\\/ro\\\/?s={search_term_string}\"},\"query-input\":{\"@type\":\"PropertyValueSpecification\",\"valueRequired\":true,\"valueName\":\"search_term_string\"}}],\"inLanguage\":\"ro-RO\"}]}<\/script>\n<!-- \/ Yoast SEO plugin. -->","yoast_head_json":{"title":"Sfaturi pentru Bingo - Care sunt cele mai bune site-uri de Bingo?","description":"Alegerea celui mai bun site de bingo este important\u0103 - dar ce site ar trebui s\u0103 alege\u021bi? G\u0103si\u021bi r\u0103spunsuri aici","robots":{"index":"index","follow":"follow","max-snippet":"max-snippet:-1","max-image-preview":"max-image-preview:large","max-video-preview":"max-video-preview:-1"},"canonical":"https:\/\/gambling6.com\/ro\/bingo\/sfaturi-pentru-bingo-care-sunt-cele-mai-bune-site-uri-de-bingo\/","og_locale":"ro_RO","og_type":"article","og_title":"Sfaturi pentru Bingo - Care sunt cele mai bune site-uri de Bingo?","og_description":"Alegerea celui mai bun site de bingo este important\u0103 - dar ce site ar trebui s\u0103 alege\u021bi? G\u0103si\u021bi r\u0103spunsuri aici","og_url":"https:\/\/gambling6.com\/ro\/bingo\/sfaturi-pentru-bingo-care-sunt-cele-mai-bune-site-uri-de-bingo\/","og_site_name":"Gambling6","article_modified_time":"2025-11-12T12:11:20+00:00","og_image":[{"width":288,"height":175,"url":"https:\/\/gambling6.com\/wp-content\/uploads\/2013\/12\/img_110.png","type":"image\/png"}],"twitter_card":"summary_large_image","twitter_misc":{"Timp estimat pentru citire":"3 minute"},"schema":{"@context":"https:\/\/schema.org","@graph":[{"@type":"WebPage","@id":"https:\/\/gambling6.com\/ro\/bingo\/sfaturi-pentru-bingo-care-sunt-cele-mai-bune-site-uri-de-bingo\/","url":"https:\/\/gambling6.com\/ro\/bingo\/sfaturi-pentru-bingo-care-sunt-cele-mai-bune-site-uri-de-bingo\/","name":"Sfaturi pentru Bingo - Care sunt cele mai bune site-uri de Bingo?","isPartOf":{"@id":"https:\/\/gambling6.com\/ro\/#website"},"primaryImageOfPage":{"@id":"https:\/\/gambling6.com\/ro\/bingo\/sfaturi-pentru-bingo-care-sunt-cele-mai-bune-site-uri-de-bingo\/#primaryimage"},"image":{"@id":"https:\/\/gambling6.com\/ro\/bingo\/sfaturi-pentru-bingo-care-sunt-cele-mai-bune-site-uri-de-bingo\/#primaryimage"},"thumbnailUrl":"https:\/\/gambling6.com\/wp-content\/uploads\/2013\/12\/img_110.png","datePublished":"2025-11-07T18:03:42+00:00","dateModified":"2025-11-12T12:11:20+00:00","description":"Alegerea celui mai bun site de bingo este important\u0103 - dar ce site ar trebui s\u0103 alege\u021bi? G\u0103si\u021bi r\u0103spunsuri aici","breadcrumb":{"@id":"https:\/\/gambling6.com\/ro\/bingo\/sfaturi-pentru-bingo-care-sunt-cele-mai-bune-site-uri-de-bingo\/#breadcrumb"},"inLanguage":"ro-RO","potentialAction":[{"@type":"ReadAction","target":["https:\/\/gambling6.com\/ro\/bingo\/sfaturi-pentru-bingo-care-sunt-cele-mai-bune-site-uri-de-bingo\/"]}]},{"@type":"ImageObject","inLanguage":"ro-RO","@id":"https:\/\/gambling6.com\/ro\/bingo\/sfaturi-pentru-bingo-care-sunt-cele-mai-bune-site-uri-de-bingo\/#primaryimage","url":"https:\/\/gambling6.com\/wp-content\/uploads\/2013\/12\/img_110.png","contentUrl":"https:\/\/gambling6.com\/wp-content\/uploads\/2013\/12\/img_110.png","width":288,"height":175},{"@type":"BreadcrumbList","@id":"https:\/\/gambling6.com\/ro\/bingo\/sfaturi-pentru-bingo-care-sunt-cele-mai-bune-site-uri-de-bingo\/#breadcrumb","itemListElement":[{"@type":"ListItem","position":1,"name":"Home","item":"https:\/\/gambling6.com\/ro\/home\/"},{"@type":"ListItem","position":2,"name":"Bingo","item":"https:\/\/gambling6.com\/ro\/all-about-bingo\/"},{"@type":"ListItem","position":3,"name":"Sfaturi pentru Bingo &#8211; Care sunt cele mai bune site-uri de Bingo?"}]},{"@type":"WebSite","@id":"https:\/\/gambling6.com\/ro\/#website","url":"https:\/\/gambling6.com\/ro\/","name":"Gambling6","description":"","potentialAction":[{"@type":"SearchAction","target":{"@type":"EntryPoint","urlTemplate":"https:\/\/gambling6.com\/ro\/?s={search_term_string}"},"query-input":{"@type":"PropertyValueSpecification","valueRequired":true,"valueName":"search_term_string"}}],"inLanguage":"ro-RO"}]}},"_links":{"self":[{"href":"https:\/\/gambling6.com\/ro\/wp-json\/wp\/v2\/pages\/8465","targetHints":{"allow":["GET"]}}],"collection":[{"href":"https:\/\/gambling6.com\/ro\/wp-json\/wp\/v2\/pages"}],"about":[{"href":"https:\/\/gambling6.com\/ro\/wp-json\/wp\/v2\/types\/page"}],"author":[{"embeddable":true,"href":"https:\/\/gambling6.com\/ro\/wp-json\/wp\/v2\/users\/1"}],"replies":[{"embeddable":true,"href":"https:\/\/gambling6.com\/ro\/wp-json\/wp\/v2\/comments?post=8465"}],"version-history":[{"count":2,"href":"https:\/\/gambling6.com\/ro\/wp-json\/wp\/v2\/pages\/8465\/revisions"}],"predecessor-version":[{"id":10627,"href":"https:\/\/gambling6.com\/ro\/wp-json\/wp\/v2\/pages\/8465\/revisions\/10627"}],"up":[{"embeddable":true,"href":"https:\/\/gambling6.com\/ro\/wp-json\/wp\/v2\/pages\/8528"}],"wp:featuredmedia":[{"embeddable":true,"href":"https:\/\/gambling6.com\/ro\/wp-json\/wp\/v2\/media\/8440"}],"wp:attachment":[{"href":"https:\/\/gambling6.com\/ro\/wp-json\/wp\/v2\/media?parent=8465"}],"curies":[{"name":"wp","href":"https:\/\/api.w.org\/{rel}","templated":true}]}}