{"id":8528,"date":"2025-11-07T19:33:35","date_gmt":"2025-11-07T19:33:35","guid":{"rendered":"https:\/\/gambling6.com\/bingo\/"},"modified":"2025-11-12T11:52:33","modified_gmt":"2025-11-12T11:52:33","slug":"bingo","status":"publish","type":"page","link":"https:\/\/gambling6.com\/ro\/bingo\/","title":{"rendered":"Bingo"},"content":{"rendered":"<h2>Informa\u021bii de baz\u0103 despre Bingo<\/h2>\n<p><a href=\"https:\/\/record.revenueplanet.com\/_BoBybWC_aAMWqcfzuvZcQMni_MQzyHn0\/1\/\" target=\"_new\"><img loading=\"lazy\" decoding=\"async\" class=\"alignright\" style=\"border: none;\" src=\"https:\/\/media.revenueplanet.com\/uploads\/nbb-120x600-oct-free.gif\" alt=\"BingoBilly Bingo Gratuit\" width=\"120\" height=\"600\" \/><\/a>Jocul de Bingo se adreseaz\u0103 at\u00e2t tinerilor, c\u00e2t \u0219i persoanelor \u00een v\u00e2rst\u0103. Originea acestui joc se afl\u0103 \u00een Italia secolului al XVI-lea, unde era jucat sub numele de \u201eIl Giuoco del Lotto d&#8217;Italia\u201d \u0219i apoi s-a r\u0103sp\u00e2ndit \u00een toat\u0103 Europa. Bingo este un joc social \u00een care conteaz\u0103: timpul, reac\u021bia, percep\u021bia jocului \u0219i, nu \u00een ultimul r\u00e2nd, norocul.<\/p>\n<p>De-a lungul timpului, oamenii au \u00eencercat s\u0103 g\u0103seasc\u0103 diferite strategii pentru a concepe calcule mai precise despre cum s\u0103-\u0219i creasc\u0103 \u0219ansele de c\u00e2\u0219tig. Unele dintre ele au e\u0219uat, iar altele au reu\u0219it. Bingo-ul online a ap\u0103rut la mijlocul anilor 1990 \u0219i de atunci este \u00een continu\u0103 dezvoltare. Avantajele bingo-ului online, spre deosebire de bingo-ul offline, sunt:<\/p>\n<ul>\n<li>Po\u021bi juca direct de acas\u0103<\/li>\n<li>Totul este simplu<\/li>\n<li>Ofer\u0103 bonusuri \u0219i premii<\/li>\n<li>Po\u021bi juca gratuit<\/li>\n<li>Po\u021bi juca la orice or\u0103 din zi sau din noapte<\/li>\n<li>Ai asisten\u021b\u0103 online \u00een timp real<\/li>\n<\/ul>\n<p>Pentru \u00eencep\u0103tori, este recomandat s\u0103 joace jocuri demo care le ofer\u0103 posibilitatea de a se adapta regulilor \u0219i vitezei jocului. Strategiile jocului nu asigur\u0103 plata, dar cresc \u0219ansele de c\u00e2\u0219tig. De asemenea, este recomandat s\u0103 se joace \u00eentr-o camer\u0103 \u00een care num\u0103rul de juc\u0103tori este mic. Pentru juc\u0103torii mai experimenta\u021bi, o idee bun\u0103 este s\u0103 joace cu c\u00e2t mai multe c\u0103r\u021bi posibil; Acest lucru le cre\u0219te \u0219ansele de c\u00e2\u0219tig. Jocul de bingo se joac\u0103 cu 30, 75, 80 \u0219i 90 de bile.<\/p>\n<p>Cea mai bun\u0103 alegere ar fi <a class=\"thirstylink\" title=\"Bingo Billy en\" href=\"https:\/\/gambling6.com\/go\/bingobilly-en\/\" target=\"_blank\" rel=\"nofollow noopener\">Bingo Billy &#8211; face\u021bi clic aici pentru a juca<\/a> \u0219i ve\u021bi primi bilete gratuite la bingo \u00een valoare de 30 USD pentru \u00eenceput! Bingo Billy accept\u0103 juc\u0103tori din \u00eentreaga lume, inclusiv din SUA.<\/p>\n<h2>Jocul de bingo cu 30 de bile<\/h2>\n<p>Juc\u0103torul alege un total de 30 de bile \u0219i folose\u0219te o scal\u0103 de la 1 la 75. Zonele de bingo sunt formate dintr-un set de cinci p\u0103trate. Dup\u0103 achizi\u021bionarea biletului, juc\u0103torul trebuie s\u0103 aleag\u0103 un total de 30 de numere. Numerele sunt extrase \u0219i marcate automat pe bilet. Bingo se realizeaz\u0103 atunci c\u00e2nd juc\u0103torul are cinci sau \u0219ase numere extrase, care \u00eei permit s\u0103 traseze o linie vertical\u0103, orizontal\u0103 sau diagonal\u0103. Jocul se termin\u0103 c\u00e2nd cele 30 de bile au fost extrase. Juc\u0103torul care c\u00e2\u0219tig\u0103 cele mai multe linii de bingo este declarat c\u00e2\u0219tig\u0103tor.<\/p>\n<h2>Jocul de bingo cu 90 de bile<\/h2>\n<p>Cartona\u0219ul este alc\u0103tuit din grupuri de 9 p\u00e2n\u0103 la 3, con\u021bin\u00e2nd un num\u0103r total de 27 de p\u0103trate. Fiecare r\u00e2nd are 5 numere \u0219i 4 p\u0103trate goale. Num\u0103rul total de numere de pe carte este 15<\/p>\n<h2>Jocul de bingo cu 80 de bile<\/h2>\n<p>Aici, pe fiecare carte, sunt 16 numere, 4 linii \u0219i 4 coloane<\/p>\n<h2>Strategii de bingo online<\/h2>\n<p>Joseph E. Granville a spus c\u0103 poate \u201ecre\u0219te \u0219ansele \u00een favoare p\u00e2n\u0103 la 50%\u201d. De asemenea, el a spus c\u0103 numerele care sunt cu adev\u0103rat extrase aleatoriu au urm\u0103torul model: un num\u0103r egal de numere care se termin\u0103 \u00een 1, 2, 3, 4, 5, 6, 7, 8, 9, numerele mari \u0219i mici sunt \u00een echilibru odat\u0103 cu re\u00eennoirea jocului, numerele extrase apropiindu-se de num\u0103rul 38, mai exact la mijloc<\/p>\n<p><strong>Un exemplu de bilet aleatoriu dup\u0103 modelul lui Joseph E. Granville este<\/strong> 6, 11, 24, 32, 43, 57, 38, 69. Statisticianul britanic L.C.H. Tippet a lansat o teorie conform c\u0103reia numerele sunt extrase cu o probabilitate apropiat\u0103 de 38. Acestea fiind spuse, ave\u021bi la dispozi\u021bie o gam\u0103 larg\u0103 de site-uri \u0219i o mic\u0103 introducere \u00een lumea jocurilor de bingo. \u00cen func\u021bie de preferin\u021be, pute\u021bi decide care versiune este mai potrivit\u0103 pentru dvs. Mult succes!<\/p>\n","protected":false},"excerpt":{"rendered":"<p>Informa\u021bii de baz\u0103 despre Bingo Jocul de Bingo se adreseaz\u0103 at\u00e2t tinerilor, c\u00e2t \u0219i persoanelor \u00een v\u00e2rst\u0103. Originea acestui joc se afl\u0103 \u00een Italia secolului al XVI-lea, unde era jucat sub numele de \u201eIl Giuoco del Lotto d&#8217;Italia\u201d \u0219i apoi s-a r\u0103sp\u00e2ndit \u00een toat\u0103 Europa. Bingo este un joc social \u00een care conteaz\u0103: timpul, reac\u021bia, [&hellip;]<\/p>\n","protected":false},"author":1,"featured_media":0,"parent":0,"menu_order":6,"comment_status":"closed","ping_status":"closed","template":"","meta":{"footnotes":""},"class_list":["post-8528","page","type-page","status-publish","hentry"],"yoast_head":"<!-- This site is optimized with the Yoast SEO plugin v27.3 - https:\/\/yoast.com\/product\/yoast-seo-wordpress\/ -->\n<title>Informa\u021bii de baz\u0103 despre Bingo<\/title>\n<meta name=\"description\" content=\"Totul despre Bingo online \u0219i cele mai bune site-uri pentru a juca Bingo online\" \/>\n<meta name=\"robots\" content=\"index, follow, max-snippet:-1, max-image-preview:large, max-video-preview:-1\" \/>\n<link rel=\"canonical\" href=\"https:\/\/gambling6.com\/ro\/bingo\/\" \/>\n<meta property=\"og:locale\" content=\"ro_RO\" \/>\n<meta property=\"og:type\" content=\"article\" \/>\n<meta property=\"og:title\" content=\"Informa\u021bii de baz\u0103 despre Bingo\" \/>\n<meta property=\"og:description\" content=\"Totul despre Bingo online \u0219i cele mai bune site-uri pentru a juca Bingo online\" \/>\n<meta property=\"og:url\" content=\"https:\/\/gambling6.com\/ro\/bingo\/\" \/>\n<meta property=\"og:site_name\" content=\"Gambling6\" \/>\n<meta property=\"article:modified_time\" content=\"2025-11-12T11:52:33+00:00\" \/>\n<meta property=\"og:image\" content=\"https:\/\/media.revenueplanet.com\/uploads\/nbb-120x600-oct-free.gif\" \/>\n<meta name=\"twitter:card\" content=\"summary_large_image\" \/>\n<meta name=\"twitter:label1\" content=\"Timp estimat pentru citire\" \/>\n\t<meta name=\"twitter:data1\" content=\"3 minute\" \/>\n<script type=\"application\/ld+json\" class=\"yoast-schema-graph\">{\"@context\":\"https:\\\/\\\/schema.org\",\"@graph\":[{\"@type\":\"WebPage\",\"@id\":\"https:\\\/\\\/gambling6.com\\\/ro\\\/bingo\\\/\",\"url\":\"https:\\\/\\\/gambling6.com\\\/ro\\\/bingo\\\/\",\"name\":\"Informa\u021bii de baz\u0103 despre Bingo\",\"isPartOf\":{\"@id\":\"https:\\\/\\\/gambling6.com\\\/ro\\\/#website\"},\"primaryImageOfPage\":{\"@id\":\"https:\\\/\\\/gambling6.com\\\/ro\\\/bingo\\\/#primaryimage\"},\"image\":{\"@id\":\"https:\\\/\\\/gambling6.com\\\/ro\\\/bingo\\\/#primaryimage\"},\"thumbnailUrl\":\"https:\\\/\\\/media.revenueplanet.com\\\/uploads\\\/nbb-120x600-oct-free.gif\",\"datePublished\":\"2025-11-07T19:33:35+00:00\",\"dateModified\":\"2025-11-12T11:52:33+00:00\",\"description\":\"Totul despre Bingo online \u0219i cele mai bune site-uri pentru a juca Bingo online\",\"breadcrumb\":{\"@id\":\"https:\\\/\\\/gambling6.com\\\/ro\\\/bingo\\\/#breadcrumb\"},\"inLanguage\":\"ro-RO\",\"potentialAction\":[{\"@type\":\"ReadAction\",\"target\":[\"https:\\\/\\\/gambling6.com\\\/ro\\\/bingo\\\/\"]}]},{\"@type\":\"ImageObject\",\"inLanguage\":\"ro-RO\",\"@id\":\"https:\\\/\\\/gambling6.com\\\/ro\\\/bingo\\\/#primaryimage\",\"url\":\"https:\\\/\\\/media.revenueplanet.com\\\/uploads\\\/nbb-120x600-oct-free.gif\",\"contentUrl\":\"https:\\\/\\\/media.revenueplanet.com\\\/uploads\\\/nbb-120x600-oct-free.gif\"},{\"@type\":\"BreadcrumbList\",\"@id\":\"https:\\\/\\\/gambling6.com\\\/ro\\\/bingo\\\/#breadcrumb\",\"itemListElement\":[{\"@type\":\"ListItem\",\"position\":1,\"name\":\"Home\",\"item\":\"https:\\\/\\\/gambling6.com\\\/ro\\\/home\\\/\"},{\"@type\":\"ListItem\",\"position\":2,\"name\":\"Bingo\"}]},{\"@type\":\"WebSite\",\"@id\":\"https:\\\/\\\/gambling6.com\\\/ro\\\/#website\",\"url\":\"https:\\\/\\\/gambling6.com\\\/ro\\\/\",\"name\":\"Gambling6\",\"description\":\"\",\"potentialAction\":[{\"@type\":\"SearchAction\",\"target\":{\"@type\":\"EntryPoint\",\"urlTemplate\":\"https:\\\/\\\/gambling6.com\\\/ro\\\/?s={search_term_string}\"},\"query-input\":{\"@type\":\"PropertyValueSpecification\",\"valueRequired\":true,\"valueName\":\"search_term_string\"}}],\"inLanguage\":\"ro-RO\"}]}<\/script>\n<!-- \/ Yoast SEO plugin. -->","yoast_head_json":{"title":"Informa\u021bii de baz\u0103 despre Bingo","description":"Totul despre Bingo online \u0219i cele mai bune site-uri pentru a juca Bingo online","robots":{"index":"index","follow":"follow","max-snippet":"max-snippet:-1","max-image-preview":"max-image-preview:large","max-video-preview":"max-video-preview:-1"},"canonical":"https:\/\/gambling6.com\/ro\/bingo\/","og_locale":"ro_RO","og_type":"article","og_title":"Informa\u021bii de baz\u0103 despre Bingo","og_description":"Totul despre Bingo online \u0219i cele mai bune site-uri pentru a juca Bingo online","og_url":"https:\/\/gambling6.com\/ro\/bingo\/","og_site_name":"Gambling6","article_modified_time":"2025-11-12T11:52:33+00:00","og_image":[{"url":"https:\/\/media.revenueplanet.com\/uploads\/nbb-120x600-oct-free.gif","type":"","width":"","height":""}],"twitter_card":"summary_large_image","twitter_misc":{"Timp estimat pentru citire":"3 minute"},"schema":{"@context":"https:\/\/schema.org","@graph":[{"@type":"WebPage","@id":"https:\/\/gambling6.com\/ro\/bingo\/","url":"https:\/\/gambling6.com\/ro\/bingo\/","name":"Informa\u021bii de baz\u0103 despre Bingo","isPartOf":{"@id":"https:\/\/gambling6.com\/ro\/#website"},"primaryImageOfPage":{"@id":"https:\/\/gambling6.com\/ro\/bingo\/#primaryimage"},"image":{"@id":"https:\/\/gambling6.com\/ro\/bingo\/#primaryimage"},"thumbnailUrl":"https:\/\/media.revenueplanet.com\/uploads\/nbb-120x600-oct-free.gif","datePublished":"2025-11-07T19:33:35+00:00","dateModified":"2025-11-12T11:52:33+00:00","description":"Totul despre Bingo online \u0219i cele mai bune site-uri pentru a juca Bingo online","breadcrumb":{"@id":"https:\/\/gambling6.com\/ro\/bingo\/#breadcrumb"},"inLanguage":"ro-RO","potentialAction":[{"@type":"ReadAction","target":["https:\/\/gambling6.com\/ro\/bingo\/"]}]},{"@type":"ImageObject","inLanguage":"ro-RO","@id":"https:\/\/gambling6.com\/ro\/bingo\/#primaryimage","url":"https:\/\/media.revenueplanet.com\/uploads\/nbb-120x600-oct-free.gif","contentUrl":"https:\/\/media.revenueplanet.com\/uploads\/nbb-120x600-oct-free.gif"},{"@type":"BreadcrumbList","@id":"https:\/\/gambling6.com\/ro\/bingo\/#breadcrumb","itemListElement":[{"@type":"ListItem","position":1,"name":"Home","item":"https:\/\/gambling6.com\/ro\/home\/"},{"@type":"ListItem","position":2,"name":"Bingo"}]},{"@type":"WebSite","@id":"https:\/\/gambling6.com\/ro\/#website","url":"https:\/\/gambling6.com\/ro\/","name":"Gambling6","description":"","potentialAction":[{"@type":"SearchAction","target":{"@type":"EntryPoint","urlTemplate":"https:\/\/gambling6.com\/ro\/?s={search_term_string}"},"query-input":{"@type":"PropertyValueSpecification","valueRequired":true,"valueName":"search_term_string"}}],"inLanguage":"ro-RO"}]}},"_links":{"self":[{"href":"https:\/\/gambling6.com\/ro\/wp-json\/wp\/v2\/pages\/8528","targetHints":{"allow":["GET"]}}],"collection":[{"href":"https:\/\/gambling6.com\/ro\/wp-json\/wp\/v2\/pages"}],"about":[{"href":"https:\/\/gambling6.com\/ro\/wp-json\/wp\/v2\/types\/page"}],"author":[{"embeddable":true,"href":"https:\/\/gambling6.com\/ro\/wp-json\/wp\/v2\/users\/1"}],"replies":[{"embeddable":true,"href":"https:\/\/gambling6.com\/ro\/wp-json\/wp\/v2\/comments?post=8528"}],"version-history":[{"count":1,"href":"https:\/\/gambling6.com\/ro\/wp-json\/wp\/v2\/pages\/8528\/revisions"}],"predecessor-version":[{"id":10604,"href":"https:\/\/gambling6.com\/ro\/wp-json\/wp\/v2\/pages\/8528\/revisions\/10604"}],"wp:attachment":[{"href":"https:\/\/gambling6.com\/ro\/wp-json\/wp\/v2\/media?parent=8528"}],"curies":[{"name":"wp","href":"https:\/\/api.w.org\/{rel}","templated":true}]}}