{"id":8586,"date":"2025-11-07T20:55:16","date_gmt":"2025-11-07T20:55:16","guid":{"rendered":"https:\/\/gambling6.com\/cazinou\/trecand-la-mobil-jocuri-de-noroc-in-miscare\/"},"modified":"2025-11-12T09:26:18","modified_gmt":"2025-11-12T09:26:18","slug":"trecand-la-mobil-jocuri-de-noroc-in-miscare","status":"publish","type":"page","link":"https:\/\/gambling6.com\/ro\/cazinou\/trecand-la-mobil-jocuri-de-noroc-in-miscare\/","title":{"rendered":"Trec\u00e2nd la mobil \u2013 Jocuri de noroc \u00een mi\u0219care"},"content":{"rendered":"<h2>Jocuri de noroc online pe dispozitive mobile<\/h2>\n<h3>HTML5 vs. aplica\u021bii native \u2013 op\u021biunea este a ta!<\/h3>\n<p>Consult\u00e2nd un director de jocuri de noroc bun, este u\u0219or de observat c\u0103 exist\u0103 multe op\u021biuni excelente pentru juc\u0103torii care doresc s\u0103 se bucure de op\u021biunile lor preferate pe internet. Diverse site-uri ofer\u0103 jocuri de noroc online sigure \u00een aproape fiecare categorie, pokerul, cazinoul \u0219i pariurile sportive fiind de obicei \u00een fruntea listei. Este esen\u021bial de re\u021binut c\u0103 exist\u0103 \u0219i op\u021biuni pentru juc\u0103torii din SUA, \u00een ciuda reglement\u0103rilor de pe aceast\u0103 pia\u021b\u0103, a\u0219a c\u0103 americanii nu ar trebui s\u0103 aib\u0103 nicio problem\u0103 \u00een a g\u0103si un site fiabil prin intermediul unui portal de jocuri de noroc online.<\/p>\n<p><img loading=\"lazy\" decoding=\"async\" class=\" alignright size-full wp-image-400\" style=\"margin: 5px; float: right;\" src=\"http:\/\/gambling6.com\/wp-content\/uploads\/2013\/12\/mobile-gambling-150x150.jpg\" alt=\"aplica\u021bii mobile pentru jocuri de noroc\" width=\"150\" height=\"150\" \/>\u00cen timp ce oferta de jocuri de noroc online continu\u0103 s\u0103 creasc\u0103, tendin\u021ba pare s\u0103 fie ca jocurile de noroc mobile s\u0103 fie direc\u021bia \u00een care se \u00eendreapt\u0103 lucrurile. Aproape to\u021bi operatorii de top din domeniu au sau lucreaz\u0103 acum la o aplica\u021bie mobil\u0103 care permite utilizatorilor s\u0103 acceseze acelea\u0219i servicii pe care le primesc acas\u0103 de pe un smartphone. \u00centr-un interviu recent, \u0219eful departamentului de informa\u021bii al Intralot, Dr. Christos Dimitriadis, a declarat c\u0103 jocurile de noroc mobile vor deveni legale \u00een toate \u021b\u0103rile Uniunii Europene.<\/p>\n<p>De\u0219i nu a specificat c\u00e2nd este probabil s\u0103 se \u00eent\u00e2mple acest lucru, faptul c\u0103 statele trebuie s\u0103 p\u0103streze controlul asupra jocurilor de noroc face ca jocurile de noroc mobile s\u0103 fie legale \u0219i reglementate cu aten\u021bie obligatorii. Pe m\u0103sur\u0103 ce tot mai mul\u021bi juc\u0103tori \u00ee\u0219i desf\u0103\u0219oar\u0103 ac\u021biunile pe dispozitive mobile, at\u00e2t operatorii, c\u00e2t \u0219i autorit\u0103\u021bile de reglementare de pe anumite pie\u021be trebuie s\u0103 colaboreze pentru a ajunge la o solu\u021bie ideal\u0103.<\/p>\n<h2>HTML5<\/h2>\n<p>Unii dintre operatorii majori de pe pia\u021ba jocurilor de noroc online au f\u0103cut deja pa\u0219i semnificativi pentru a-\u0219i \u00eembun\u0103t\u0103\u021bi ofertele mobile. 888 este cunoscut la nivel mondial, \u00een principal pentru pariurile sale sportive online, care acoper\u0103 practic \u00eentregul glob \u0219i ofer\u0103 pariuri pe toate sporturile majore \u0219i diverse ligi. Site-ul are, de asemenea, jocuri de cazinou, poker, bingo \u0219i alte categorii de jocuri online, ceea ce \u00eel face unul dintre cele mai mari nume din industrie.<\/p>\n<p><a class=\"thirstylink\" title=\"888 casino en\" href=\"https:\/\/gambling6.com\/go\/888-casino-en\/\" target=\"_blank\" rel=\"nofollow noopener\"><strong>Face\u021bi clic aici pentru a vizita 888 Casino<\/strong><\/a> &#8211; crea\u021bi gratuit un cont de juc\u0103tor, apoi desc\u0103rca\u021bi aplica\u021bia mobil\u0103.<\/p>\n<p>Recent, 888 \u0219i-a schimbat platforma mobil\u0103 \u00eentr-o versiune HTML5 pentru a o face mult mai convenabil\u0103 pentru juc\u0103tori. Practic, streamingul audio \u0219i video al operatorului va fi acum bazat pe HTML5, permi\u021b\u00e2nd utilizatorilor s\u0103 urm\u0103reasc\u0103 ac\u021biunea pe dispozitivul ales, f\u0103r\u0103 a fi nevoie de un plugin Flash. Acest lucru deschide, de asemenea, u\u0219a c\u0103tre noi posibilit\u0103\u021bi, deoarece utilizatorii pot plasa acum pariuri \u00een timp ce primesc date \u00een timp real. Versiunea HTML5 ofer\u0103, de asemenea, o experien\u021b\u0103 mai bun\u0103 pentru utilizator. Poate detecta dimensiunea ecranului dispozitivului, capacit\u0103\u021bile sistemului \u0219i conexiunile disponibile.<\/p>\n<p>Aceasta \u00eenseamn\u0103 luarea m\u0103surilor de precau\u021bie necesare pentru a se asigura c\u0103 totul func\u021bioneaz\u0103 f\u0103r\u0103 probleme, cum ar fi reducerea calit\u0103\u021bii sau a\u0219teptarea \u00eenainte de a \u00eencepe un videoclip pentru a economisi l\u0103\u021bime de band\u0103. Site-urile web de recenzii ale jocurilor de noroc faciliteaz\u0103 mult g\u0103sirea unui cazinou online fiabil, grup\u00e2nd site-urile \u00een diferite categorii \u00een func\u021bie de punctele lor forte. Unele site-uri tind s\u0103 se concentreze pe ofertele lor mobile, iar cazinourile online din SUA sunt \u00eentotdeauna un subiect excelent de discu\u021bie.<\/p>\n<h2>Aplica\u021bii native<\/h2>\n<p>Aplica\u021biile native necesit\u0103 desc\u0103rcare \u0219i instalare, ceea ce \u00eenseamn\u0103 c\u0103 trebuie s\u0103 existe versiuni diferite pentru a suporta diferitele sisteme de operare mobile disponibile acum. De\u0219i acestea sunt foarte frecvente \u00een r\u00e2ndul cazinourilor online, ele pierd teren \u00een fa\u021ba HTML5. Exist\u0103 o mul\u021bime de motive pentru aceasta, principalul fiind acela c\u0103 o versiune HTML5 se poate potrivi tuturor dispozitivelor mobile \u0219i poate face singur\u0103 modific\u0103rile necesare. Este esen\u021bial de re\u021binut c\u0103, a\u0219a cum am men\u021bionat mai sus, 888 nu va abandona aplica\u021biile sale native \u0219i nici nu va \u00eenceta s\u0103 utilizeze tehnologia HTML4.<\/p>\n<p>Acesta este un exemplu excelent \u0219i pentru al\u021bi operatori, deoarece trecerea la HTML5 peste noapte \u0219i abandonarea op\u021biunilor anterioare ar \u00eensemna c\u0103 unii utilizatori nu vor mai avea acces la oferte. Nu to\u021bi juc\u0103torii au tehnologia necesar\u0103 pentru a rula perfect noua genera\u021bie de software, a\u0219a c\u0103, de\u0219i acesta este un pas bun pe drumul c\u0103tre jocuri de noroc mobile mai bune, nu ar trebui s\u0103 afecteze negativ clien\u021bii actuali. Aplica\u021biile native r\u0103m\u00e2n o modalitate excelent\u0103 de a te bucura de jocurile de cazino online pe diverse dispozitive mobile. \u00centregul proces de \u00eenceput nu dureaz\u0103 de obicei mult, a\u0219a c\u0103, de\u0219i HTML5 va fi urm\u0103torul pas important pentru to\u021bi operatorii, ofertele disponibile acum sunt, de asemenea, destul de grozave.<\/p>\n","protected":false},"excerpt":{"rendered":"<p>Jocuri de noroc online pe dispozitive mobile HTML5 vs. aplica\u021bii native \u2013 op\u021biunea este a ta! Consult\u00e2nd un director de jocuri de noroc bun, este u\u0219or de observat c\u0103 exist\u0103 multe op\u021biuni excelente pentru juc\u0103torii care doresc s\u0103 se bucure de op\u021biunile lor preferate pe internet. Diverse site-uri ofer\u0103 jocuri de noroc online sigure \u00een [&hellip;]<\/p>\n","protected":false},"author":1,"featured_media":8570,"parent":8324,"menu_order":40,"comment_status":"closed","ping_status":"closed","template":"","meta":{"footnotes":""},"class_list":["post-8586","page","type-page","status-publish","has-post-thumbnail","hentry"],"yoast_head":"<!-- This site is optimized with the Yoast SEO plugin v27.4 - https:\/\/yoast.com\/product\/yoast-seo-wordpress\/ -->\n<title>Jocuri de noroc online pe dispozitive mobile<\/title>\n<meta name=\"description\" content=\"Jocurile de noroc pe mobil devin din ce \u00een ce mai populare, iar aplica\u021biile primesc grafic\u0103 mai bun\u0103 \u0219i mai multe func\u021bii.\" \/>\n<meta name=\"robots\" content=\"index, follow, max-snippet:-1, max-image-preview:large, max-video-preview:-1\" \/>\n<link rel=\"canonical\" href=\"https:\/\/gambling6.com\/ro\/cazinou\/trecand-la-mobil-jocuri-de-noroc-in-miscare\/\" \/>\n<meta property=\"og:locale\" content=\"ro_RO\" \/>\n<meta property=\"og:type\" content=\"article\" \/>\n<meta property=\"og:title\" content=\"Jocuri de noroc online pe dispozitive mobile\" \/>\n<meta property=\"og:description\" content=\"Jocurile de noroc pe mobil devin din ce \u00een ce mai populare, iar aplica\u021biile primesc grafic\u0103 mai bun\u0103 \u0219i mai multe func\u021bii.\" \/>\n<meta property=\"og:url\" content=\"https:\/\/gambling6.com\/ro\/cazinou\/trecand-la-mobil-jocuri-de-noroc-in-miscare\/\" \/>\n<meta property=\"og:site_name\" content=\"Gambling6\" \/>\n<meta property=\"article:modified_time\" content=\"2025-11-12T09:26:18+00:00\" \/>\n<meta property=\"og:image\" content=\"https:\/\/gambling6.com\/wp-content\/uploads\/2013\/12\/mobile-gambling-150x150.jpg\" \/>\n\t<meta property=\"og:image:width\" content=\"150\" \/>\n\t<meta property=\"og:image:height\" content=\"150\" \/>\n\t<meta property=\"og:image:type\" content=\"image\/jpeg\" \/>\n<meta name=\"twitter:card\" content=\"summary_large_image\" \/>\n<meta name=\"twitter:label1\" content=\"Timp estimat pentru citire\" \/>\n\t<meta name=\"twitter:data1\" content=\"4 minute\" \/>\n<script type=\"application\/ld+json\" class=\"yoast-schema-graph\">{\"@context\":\"https:\\\/\\\/schema.org\",\"@graph\":[{\"@type\":\"WebPage\",\"@id\":\"https:\\\/\\\/gambling6.com\\\/ro\\\/cazinou\\\/trecand-la-mobil-jocuri-de-noroc-in-miscare\\\/\",\"url\":\"https:\\\/\\\/gambling6.com\\\/ro\\\/cazinou\\\/trecand-la-mobil-jocuri-de-noroc-in-miscare\\\/\",\"name\":\"Jocuri de noroc online pe dispozitive mobile\",\"isPartOf\":{\"@id\":\"https:\\\/\\\/gambling6.com\\\/ro\\\/#website\"},\"primaryImageOfPage\":{\"@id\":\"https:\\\/\\\/gambling6.com\\\/ro\\\/cazinou\\\/trecand-la-mobil-jocuri-de-noroc-in-miscare\\\/#primaryimage\"},\"image\":{\"@id\":\"https:\\\/\\\/gambling6.com\\\/ro\\\/cazinou\\\/trecand-la-mobil-jocuri-de-noroc-in-miscare\\\/#primaryimage\"},\"thumbnailUrl\":\"https:\\\/\\\/gambling6.com\\\/wp-content\\\/uploads\\\/2013\\\/12\\\/mobile-gambling-150x150.jpg\",\"datePublished\":\"2025-11-07T20:55:16+00:00\",\"dateModified\":\"2025-11-12T09:26:18+00:00\",\"description\":\"Jocurile de noroc pe mobil devin din ce \u00een ce mai populare, iar aplica\u021biile primesc grafic\u0103 mai bun\u0103 \u0219i mai multe func\u021bii.\",\"breadcrumb\":{\"@id\":\"https:\\\/\\\/gambling6.com\\\/ro\\\/cazinou\\\/trecand-la-mobil-jocuri-de-noroc-in-miscare\\\/#breadcrumb\"},\"inLanguage\":\"ro-RO\",\"potentialAction\":[{\"@type\":\"ReadAction\",\"target\":[\"https:\\\/\\\/gambling6.com\\\/ro\\\/cazinou\\\/trecand-la-mobil-jocuri-de-noroc-in-miscare\\\/\"]}]},{\"@type\":\"ImageObject\",\"inLanguage\":\"ro-RO\",\"@id\":\"https:\\\/\\\/gambling6.com\\\/ro\\\/cazinou\\\/trecand-la-mobil-jocuri-de-noroc-in-miscare\\\/#primaryimage\",\"url\":\"https:\\\/\\\/gambling6.com\\\/wp-content\\\/uploads\\\/2013\\\/12\\\/mobile-gambling-150x150.jpg\",\"contentUrl\":\"https:\\\/\\\/gambling6.com\\\/wp-content\\\/uploads\\\/2013\\\/12\\\/mobile-gambling-150x150.jpg\",\"width\":150,\"height\":150,\"caption\":\"online slotmachine\"},{\"@type\":\"BreadcrumbList\",\"@id\":\"https:\\\/\\\/gambling6.com\\\/ro\\\/cazinou\\\/trecand-la-mobil-jocuri-de-noroc-in-miscare\\\/#breadcrumb\",\"itemListElement\":[{\"@type\":\"ListItem\",\"position\":1,\"name\":\"Home\",\"item\":\"https:\\\/\\\/gambling6.com\\\/ro\\\/home\\\/\"},{\"@type\":\"ListItem\",\"position\":2,\"name\":\"Cazinou\",\"item\":\"https:\\\/\\\/gambling6.com\\\/ro\\\/get-started-with-online-gambling\\\/\"},{\"@type\":\"ListItem\",\"position\":3,\"name\":\"Trec\u00e2nd la mobil \u2013 Jocuri de noroc \u00een mi\u0219care\"}]},{\"@type\":\"WebSite\",\"@id\":\"https:\\\/\\\/gambling6.com\\\/ro\\\/#website\",\"url\":\"https:\\\/\\\/gambling6.com\\\/ro\\\/\",\"name\":\"Gambling6\",\"description\":\"\",\"potentialAction\":[{\"@type\":\"SearchAction\",\"target\":{\"@type\":\"EntryPoint\",\"urlTemplate\":\"https:\\\/\\\/gambling6.com\\\/ro\\\/?s={search_term_string}\"},\"query-input\":{\"@type\":\"PropertyValueSpecification\",\"valueRequired\":true,\"valueName\":\"search_term_string\"}}],\"inLanguage\":\"ro-RO\"}]}<\/script>\n<!-- \/ Yoast SEO plugin. -->","yoast_head_json":{"title":"Jocuri de noroc online pe dispozitive mobile","description":"Jocurile de noroc pe mobil devin din ce \u00een ce mai populare, iar aplica\u021biile primesc grafic\u0103 mai bun\u0103 \u0219i mai multe func\u021bii.","robots":{"index":"index","follow":"follow","max-snippet":"max-snippet:-1","max-image-preview":"max-image-preview:large","max-video-preview":"max-video-preview:-1"},"canonical":"https:\/\/gambling6.com\/ro\/cazinou\/trecand-la-mobil-jocuri-de-noroc-in-miscare\/","og_locale":"ro_RO","og_type":"article","og_title":"Jocuri de noroc online pe dispozitive mobile","og_description":"Jocurile de noroc pe mobil devin din ce \u00een ce mai populare, iar aplica\u021biile primesc grafic\u0103 mai bun\u0103 \u0219i mai multe func\u021bii.","og_url":"https:\/\/gambling6.com\/ro\/cazinou\/trecand-la-mobil-jocuri-de-noroc-in-miscare\/","og_site_name":"Gambling6","article_modified_time":"2025-11-12T09:26:18+00:00","og_image":[{"width":150,"height":150,"url":"https:\/\/gambling6.com\/wp-content\/uploads\/2013\/12\/mobile-gambling-150x150.jpg","type":"image\/jpeg"}],"twitter_card":"summary_large_image","twitter_misc":{"Timp estimat pentru citire":"4 minute"},"schema":{"@context":"https:\/\/schema.org","@graph":[{"@type":"WebPage","@id":"https:\/\/gambling6.com\/ro\/cazinou\/trecand-la-mobil-jocuri-de-noroc-in-miscare\/","url":"https:\/\/gambling6.com\/ro\/cazinou\/trecand-la-mobil-jocuri-de-noroc-in-miscare\/","name":"Jocuri de noroc online pe dispozitive mobile","isPartOf":{"@id":"https:\/\/gambling6.com\/ro\/#website"},"primaryImageOfPage":{"@id":"https:\/\/gambling6.com\/ro\/cazinou\/trecand-la-mobil-jocuri-de-noroc-in-miscare\/#primaryimage"},"image":{"@id":"https:\/\/gambling6.com\/ro\/cazinou\/trecand-la-mobil-jocuri-de-noroc-in-miscare\/#primaryimage"},"thumbnailUrl":"https:\/\/gambling6.com\/wp-content\/uploads\/2013\/12\/mobile-gambling-150x150.jpg","datePublished":"2025-11-07T20:55:16+00:00","dateModified":"2025-11-12T09:26:18+00:00","description":"Jocurile de noroc pe mobil devin din ce \u00een ce mai populare, iar aplica\u021biile primesc grafic\u0103 mai bun\u0103 \u0219i mai multe func\u021bii.","breadcrumb":{"@id":"https:\/\/gambling6.com\/ro\/cazinou\/trecand-la-mobil-jocuri-de-noroc-in-miscare\/#breadcrumb"},"inLanguage":"ro-RO","potentialAction":[{"@type":"ReadAction","target":["https:\/\/gambling6.com\/ro\/cazinou\/trecand-la-mobil-jocuri-de-noroc-in-miscare\/"]}]},{"@type":"ImageObject","inLanguage":"ro-RO","@id":"https:\/\/gambling6.com\/ro\/cazinou\/trecand-la-mobil-jocuri-de-noroc-in-miscare\/#primaryimage","url":"https:\/\/gambling6.com\/wp-content\/uploads\/2013\/12\/mobile-gambling-150x150.jpg","contentUrl":"https:\/\/gambling6.com\/wp-content\/uploads\/2013\/12\/mobile-gambling-150x150.jpg","width":150,"height":150,"caption":"online slotmachine"},{"@type":"BreadcrumbList","@id":"https:\/\/gambling6.com\/ro\/cazinou\/trecand-la-mobil-jocuri-de-noroc-in-miscare\/#breadcrumb","itemListElement":[{"@type":"ListItem","position":1,"name":"Home","item":"https:\/\/gambling6.com\/ro\/home\/"},{"@type":"ListItem","position":2,"name":"Cazinou","item":"https:\/\/gambling6.com\/ro\/get-started-with-online-gambling\/"},{"@type":"ListItem","position":3,"name":"Trec\u00e2nd la mobil \u2013 Jocuri de noroc \u00een mi\u0219care"}]},{"@type":"WebSite","@id":"https:\/\/gambling6.com\/ro\/#website","url":"https:\/\/gambling6.com\/ro\/","name":"Gambling6","description":"","potentialAction":[{"@type":"SearchAction","target":{"@type":"EntryPoint","urlTemplate":"https:\/\/gambling6.com\/ro\/?s={search_term_string}"},"query-input":{"@type":"PropertyValueSpecification","valueRequired":true,"valueName":"search_term_string"}}],"inLanguage":"ro-RO"}]}},"_links":{"self":[{"href":"https:\/\/gambling6.com\/ro\/wp-json\/wp\/v2\/pages\/8586","targetHints":{"allow":["GET"]}}],"collection":[{"href":"https:\/\/gambling6.com\/ro\/wp-json\/wp\/v2\/pages"}],"about":[{"href":"https:\/\/gambling6.com\/ro\/wp-json\/wp\/v2\/types\/page"}],"author":[{"embeddable":true,"href":"https:\/\/gambling6.com\/ro\/wp-json\/wp\/v2\/users\/1"}],"replies":[{"embeddable":true,"href":"https:\/\/gambling6.com\/ro\/wp-json\/wp\/v2\/comments?post=8586"}],"version-history":[{"count":2,"href":"https:\/\/gambling6.com\/ro\/wp-json\/wp\/v2\/pages\/8586\/revisions"}],"predecessor-version":[{"id":10469,"href":"https:\/\/gambling6.com\/ro\/wp-json\/wp\/v2\/pages\/8586\/revisions\/10469"}],"up":[{"embeddable":true,"href":"https:\/\/gambling6.com\/ro\/wp-json\/wp\/v2\/pages\/8324"}],"wp:featuredmedia":[{"embeddable":true,"href":"https:\/\/gambling6.com\/ro\/wp-json\/wp\/v2\/media\/8570"}],"wp:attachment":[{"href":"https:\/\/gambling6.com\/ro\/wp-json\/wp\/v2\/media?parent=8586"}],"curies":[{"name":"wp","href":"https:\/\/api.w.org\/{rel}","templated":true}]}}