{"id":8718,"date":"2025-11-07T23:10:29","date_gmt":"2025-11-07T23:10:29","guid":{"rendered":"https:\/\/gambling6.com\/carti-razuibile\/"},"modified":"2025-11-07T23:10:29","modified_gmt":"2025-11-07T23:10:29","slug":"carti-razuibile","status":"publish","type":"page","link":"https:\/\/gambling6.com\/ro\/carti-razuibile\/","title":{"rendered":"C\u0103r\u021bi razuibile"},"content":{"rendered":"<p>Dac\u0103 v\u0103 place senza\u021bia de a juca c\u0103r\u021bi razuibile sau alte jocuri cu c\u00e2\u0219tig instantaneu, **ve\u021bi adora recomandarea noastr\u0103 de pe site pentru a juca c\u0103r\u021bi razuibile online.** Exist\u0103 multe op\u021biuni pentru a juca c\u0103r\u021bi razuibile pe internet. Toate aceste site-uri ofer\u0103 bonusuri la \u00eenscriere \u0219i o selec\u021bie bun\u0103 de produse. V\u0103 pute\u021bi \u00eenscrie, pute\u021bi alege o metod\u0103 de plat\u0103, v\u0103 pute\u021bi \u00eenc\u0103rca contul \u0219i pute\u021bi juca \u00een c\u00e2teva minute.<img loading=\"lazy\" decoding=\"async\" class=\"alignright wp-image-511\" style=\"margin: 10px; border: 5px solid #ffffff; float: right;\" src=\"http:\/\/gambling6.com\/wp-content\/uploads\/2013\/12\/best_online_scratchcards.jpg\" alt=\"cele mai bune c\u0103r\u021bi razuibile online\" width=\"299\" height=\"163\" srcset=\"https:\/\/gambling6.com\/wp-content\/uploads\/2013\/12\/best_online_scratchcards.jpg 446w, https:\/\/gambling6.com\/wp-content\/uploads\/2013\/12\/best_online_scratchcards-300x163.jpg 300w\" sizes=\"auto, (max-width: 299px) 100vw, 299px\" \/><\/p>\n<h2>Site-urile de c\u0103r\u021bi razuibile online ofer\u0103 o anima\u021bie excelent\u0103<\/h2>\n<p>Spre deosebire de jocurile pe care le juca\u021bi pe c\u0103r\u021bi de la comerciantul dvs. de loterie preferat, versiunile online ale c\u0103r\u021bilor razuibile ofer\u0103 o anima\u021bie interesant\u0103 pentru a crea un mediu distractiv. Fiorul c\u00e2\u0219tigului \u0219i doza de adrenalin\u0103 pe care o sim\u021bi c\u00e2nd vezi obiectele c\u00e2\u0219tig\u0103toare ap\u0103r\u00e2nd pe ecran sunt cele care \u00eei determin\u0103 pe juc\u0103tori s\u0103 revin\u0103 pe site-urile de jocuri de tip lozuri online. Aceste site-uri au ad\u0103ugat materiale vizuale pentru a spori suspansul \u0219i entuziasmul.<\/p>\n<h2>Lozurile de lozuri instant Win de la 888 Casino sunt concepute pentru juc\u0103torii europeni \u0219i britanici<\/h2>\n<p>888 Casino este bine cunoscut la nivel interna\u021bional ca un cazinou de clas\u0103 mondial\u0103, dar este, de asemenea, o for\u021b\u0103 de luat \u00een considerare \u00een domeniul lozurilor de lozuri online. <a class=\"thirstylink\" title=\"888 casino ro\" href=\"https:\/\/gambling6.com\/go\/888-casino-ro\/\" target=\"_blank\" rel=\"nofollow noopener\">Pute\u021bi vizita sec\u021biunea de lozuri de lozuri f\u0103c\u00e2nd clic aici.<\/a><\/p>\n<p>Ce ve\u021bi vedea mai exact la jocurile de lozuri online de la 888 Casino? Cel mai important, juc\u0103torii vor adora num\u0103rul de c\u0103r\u021bi oferite. Po\u021bi juca peste 40 de jocuri diferite, iar dac\u0103 te-ai s\u0103turat s\u0103 joci lozuri, po\u021bi trece rapid la sutele lor de sloturi online cu jackpoturi progresive \u0219i o gam\u0103 de jocuri pentru to\u021bi juc\u0103torii. Multe dintre aceste aparate \u00eencep ca sloturi cu un ban \u0219i pl\u0103\u021bi fantastice.<\/p>\n<p>Acest site ofer\u0103 o gam\u0103 larg\u0103 de jocuri de cazino, dar \u0219i poker \u0219i pariuri sportive.<\/p>\n<p>Entuziasmul de la 888 Casino este alimentat de echipa de asisten\u021b\u0103, care este responsabil\u0103 pentru crearea unui mediu care te face s\u0103 revii. Ei g\u0103sesc mereu noi modalit\u0103\u021bi de a-\u021bi oferi jocuri noi \u0219i noi modalit\u0103\u021bi de a c\u00e2\u0219tiga \u0219i te \u021bin la curent la fiecare pas.<\/p>\n<p>Combin\u0103 jackpoturi uria\u0219e cu o mul\u021bime de titluri de jocuri \u0219i adaug\u0103 o echip\u0103 de talie mondial\u0103 care lucreaz\u0103 zi \u0219i noapte pentru a-\u021bi oferi programe noi care s\u0103 te \u021bin\u0103 distrat, \u0219i vei avea o combina\u021bie \u00eenc\u00e2nt\u0103toare de fericire cu lozuri lozuri. Asigur\u0103-te c\u0103 te al\u0103turi ac\u021biunii lozurilor lozuri de la 888 Casino.<\/p>\n","protected":false},"excerpt":{"rendered":"<p>Dac\u0103 v\u0103 place senza\u021bia de a juca c\u0103r\u021bi razuibile sau alte jocuri cu c\u00e2\u0219tig instantaneu, **ve\u021bi adora recomandarea noastr\u0103 de pe site pentru a juca c\u0103r\u021bi razuibile online.** Exist\u0103 multe op\u021biuni pentru a juca c\u0103r\u021bi razuibile pe internet. Toate aceste site-uri ofer\u0103 bonusuri la \u00eenscriere \u0219i o selec\u021bie bun\u0103 de produse. V\u0103 pute\u021bi \u00eenscrie, pute\u021bi [&hellip;]<\/p>\n","protected":false},"author":1,"featured_media":8691,"parent":0,"menu_order":7,"comment_status":"closed","ping_status":"closed","template":"","meta":{"footnotes":""},"class_list":["post-8718","page","type-page","status-publish","has-post-thumbnail","hentry"],"yoast_head":"<!-- This site is optimized with the Yoast SEO plugin v27.5 - https:\/\/yoast.com\/product\/yoast-seo-wordpress\/ -->\n<title>Care sunt cele mai bune site-uri de lozuri online?<\/title>\n<meta name=\"description\" content=\"\u00cencepe s\u0103 joci pe cel mai bun site pentru lozuri razuibile online. Zeci de lozuri razuibile disponibile \u00eentr-o gam\u0103 larg\u0103 de premii.\" \/>\n<meta name=\"robots\" content=\"index, follow, max-snippet:-1, max-image-preview:large, max-video-preview:-1\" \/>\n<link rel=\"canonical\" href=\"https:\/\/gambling6.com\/ro\/carti-razuibile\/\" \/>\n<meta property=\"og:locale\" content=\"ro_RO\" \/>\n<meta property=\"og:type\" content=\"article\" \/>\n<meta property=\"og:title\" content=\"Care sunt cele mai bune site-uri de lozuri online?\" \/>\n<meta property=\"og:description\" content=\"\u00cencepe s\u0103 joci pe cel mai bun site pentru lozuri razuibile online. Zeci de lozuri razuibile disponibile \u00eentr-o gam\u0103 larg\u0103 de premii.\" \/>\n<meta property=\"og:url\" content=\"https:\/\/gambling6.com\/ro\/carti-razuibile\/\" \/>\n<meta property=\"og:site_name\" content=\"Gambling6\" \/>\n<meta property=\"og:image\" content=\"https:\/\/gambling6.com\/wp-content\/uploads\/2013\/12\/best_online_scratchcards.jpg\" \/>\n\t<meta property=\"og:image:width\" content=\"446\" \/>\n\t<meta property=\"og:image:height\" content=\"243\" \/>\n\t<meta property=\"og:image:type\" content=\"image\/jpeg\" \/>\n<meta name=\"twitter:card\" content=\"summary_large_image\" \/>\n<meta name=\"twitter:label1\" content=\"Timp estimat pentru citire\" \/>\n\t<meta name=\"twitter:data1\" content=\"2 minute\" \/>\n<script type=\"application\/ld+json\" class=\"yoast-schema-graph\">{\"@context\":\"https:\\\/\\\/schema.org\",\"@graph\":[{\"@type\":\"WebPage\",\"@id\":\"https:\\\/\\\/gambling6.com\\\/ro\\\/carti-razuibile\\\/\",\"url\":\"https:\\\/\\\/gambling6.com\\\/ro\\\/carti-razuibile\\\/\",\"name\":\"Care sunt cele mai bune site-uri de lozuri online?\",\"isPartOf\":{\"@id\":\"https:\\\/\\\/gambling6.com\\\/ro\\\/#website\"},\"primaryImageOfPage\":{\"@id\":\"https:\\\/\\\/gambling6.com\\\/ro\\\/carti-razuibile\\\/#primaryimage\"},\"image\":{\"@id\":\"https:\\\/\\\/gambling6.com\\\/ro\\\/carti-razuibile\\\/#primaryimage\"},\"thumbnailUrl\":\"https:\\\/\\\/gambling6.com\\\/wp-content\\\/uploads\\\/2013\\\/12\\\/best_online_scratchcards.jpg\",\"datePublished\":\"2025-11-07T23:10:29+00:00\",\"description\":\"\u00cencepe s\u0103 joci pe cel mai bun site pentru lozuri razuibile online. Zeci de lozuri razuibile disponibile \u00eentr-o gam\u0103 larg\u0103 de premii.\",\"breadcrumb\":{\"@id\":\"https:\\\/\\\/gambling6.com\\\/ro\\\/carti-razuibile\\\/#breadcrumb\"},\"inLanguage\":\"ro-RO\",\"potentialAction\":[{\"@type\":\"ReadAction\",\"target\":[\"https:\\\/\\\/gambling6.com\\\/ro\\\/carti-razuibile\\\/\"]}]},{\"@type\":\"ImageObject\",\"inLanguage\":\"ro-RO\",\"@id\":\"https:\\\/\\\/gambling6.com\\\/ro\\\/carti-razuibile\\\/#primaryimage\",\"url\":\"https:\\\/\\\/gambling6.com\\\/wp-content\\\/uploads\\\/2013\\\/12\\\/best_online_scratchcards.jpg\",\"contentUrl\":\"https:\\\/\\\/gambling6.com\\\/wp-content\\\/uploads\\\/2013\\\/12\\\/best_online_scratchcards.jpg\",\"width\":446,\"height\":243},{\"@type\":\"BreadcrumbList\",\"@id\":\"https:\\\/\\\/gambling6.com\\\/ro\\\/carti-razuibile\\\/#breadcrumb\",\"itemListElement\":[{\"@type\":\"ListItem\",\"position\":1,\"name\":\"Home\",\"item\":\"https:\\\/\\\/gambling6.com\\\/ro\\\/home\\\/\"},{\"@type\":\"ListItem\",\"position\":2,\"name\":\"C\u0103r\u021bi razuibile\"}]},{\"@type\":\"WebSite\",\"@id\":\"https:\\\/\\\/gambling6.com\\\/ro\\\/#website\",\"url\":\"https:\\\/\\\/gambling6.com\\\/ro\\\/\",\"name\":\"Gambling6\",\"description\":\"\",\"potentialAction\":[{\"@type\":\"SearchAction\",\"target\":{\"@type\":\"EntryPoint\",\"urlTemplate\":\"https:\\\/\\\/gambling6.com\\\/ro\\\/?s={search_term_string}\"},\"query-input\":{\"@type\":\"PropertyValueSpecification\",\"valueRequired\":true,\"valueName\":\"search_term_string\"}}],\"inLanguage\":\"ro-RO\"}]}<\/script>\n<!-- \/ Yoast SEO plugin. -->","yoast_head_json":{"title":"Care sunt cele mai bune site-uri de lozuri online?","description":"\u00cencepe s\u0103 joci pe cel mai bun site pentru lozuri razuibile online. Zeci de lozuri razuibile disponibile \u00eentr-o gam\u0103 larg\u0103 de premii.","robots":{"index":"index","follow":"follow","max-snippet":"max-snippet:-1","max-image-preview":"max-image-preview:large","max-video-preview":"max-video-preview:-1"},"canonical":"https:\/\/gambling6.com\/ro\/carti-razuibile\/","og_locale":"ro_RO","og_type":"article","og_title":"Care sunt cele mai bune site-uri de lozuri online?","og_description":"\u00cencepe s\u0103 joci pe cel mai bun site pentru lozuri razuibile online. Zeci de lozuri razuibile disponibile \u00eentr-o gam\u0103 larg\u0103 de premii.","og_url":"https:\/\/gambling6.com\/ro\/carti-razuibile\/","og_site_name":"Gambling6","og_image":[{"width":446,"height":243,"url":"https:\/\/gambling6.com\/wp-content\/uploads\/2013\/12\/best_online_scratchcards.jpg","type":"image\/jpeg"}],"twitter_card":"summary_large_image","twitter_misc":{"Timp estimat pentru citire":"2 minute"},"schema":{"@context":"https:\/\/schema.org","@graph":[{"@type":"WebPage","@id":"https:\/\/gambling6.com\/ro\/carti-razuibile\/","url":"https:\/\/gambling6.com\/ro\/carti-razuibile\/","name":"Care sunt cele mai bune site-uri de lozuri online?","isPartOf":{"@id":"https:\/\/gambling6.com\/ro\/#website"},"primaryImageOfPage":{"@id":"https:\/\/gambling6.com\/ro\/carti-razuibile\/#primaryimage"},"image":{"@id":"https:\/\/gambling6.com\/ro\/carti-razuibile\/#primaryimage"},"thumbnailUrl":"https:\/\/gambling6.com\/wp-content\/uploads\/2013\/12\/best_online_scratchcards.jpg","datePublished":"2025-11-07T23:10:29+00:00","description":"\u00cencepe s\u0103 joci pe cel mai bun site pentru lozuri razuibile online. Zeci de lozuri razuibile disponibile \u00eentr-o gam\u0103 larg\u0103 de premii.","breadcrumb":{"@id":"https:\/\/gambling6.com\/ro\/carti-razuibile\/#breadcrumb"},"inLanguage":"ro-RO","potentialAction":[{"@type":"ReadAction","target":["https:\/\/gambling6.com\/ro\/carti-razuibile\/"]}]},{"@type":"ImageObject","inLanguage":"ro-RO","@id":"https:\/\/gambling6.com\/ro\/carti-razuibile\/#primaryimage","url":"https:\/\/gambling6.com\/wp-content\/uploads\/2013\/12\/best_online_scratchcards.jpg","contentUrl":"https:\/\/gambling6.com\/wp-content\/uploads\/2013\/12\/best_online_scratchcards.jpg","width":446,"height":243},{"@type":"BreadcrumbList","@id":"https:\/\/gambling6.com\/ro\/carti-razuibile\/#breadcrumb","itemListElement":[{"@type":"ListItem","position":1,"name":"Home","item":"https:\/\/gambling6.com\/ro\/home\/"},{"@type":"ListItem","position":2,"name":"C\u0103r\u021bi razuibile"}]},{"@type":"WebSite","@id":"https:\/\/gambling6.com\/ro\/#website","url":"https:\/\/gambling6.com\/ro\/","name":"Gambling6","description":"","potentialAction":[{"@type":"SearchAction","target":{"@type":"EntryPoint","urlTemplate":"https:\/\/gambling6.com\/ro\/?s={search_term_string}"},"query-input":{"@type":"PropertyValueSpecification","valueRequired":true,"valueName":"search_term_string"}}],"inLanguage":"ro-RO"}]}},"_links":{"self":[{"href":"https:\/\/gambling6.com\/ro\/wp-json\/wp\/v2\/pages\/8718","targetHints":{"allow":["GET"]}}],"collection":[{"href":"https:\/\/gambling6.com\/ro\/wp-json\/wp\/v2\/pages"}],"about":[{"href":"https:\/\/gambling6.com\/ro\/wp-json\/wp\/v2\/types\/page"}],"author":[{"embeddable":true,"href":"https:\/\/gambling6.com\/ro\/wp-json\/wp\/v2\/users\/1"}],"replies":[{"embeddable":true,"href":"https:\/\/gambling6.com\/ro\/wp-json\/wp\/v2\/comments?post=8718"}],"version-history":[{"count":0,"href":"https:\/\/gambling6.com\/ro\/wp-json\/wp\/v2\/pages\/8718\/revisions"}],"wp:featuredmedia":[{"embeddable":true,"href":"https:\/\/gambling6.com\/ro\/wp-json\/wp\/v2\/media\/8691"}],"wp:attachment":[{"href":"https:\/\/gambling6.com\/ro\/wp-json\/wp\/v2\/media?parent=8718"}],"curies":[{"name":"wp","href":"https:\/\/api.w.org\/{rel}","templated":true}]}}