{"id":8752,"date":"2025-11-07T23:43:00","date_gmt":"2025-11-07T23:43:00","guid":{"rendered":"https:\/\/gambling6.com\/poker\/"},"modified":"2025-11-15T08:19:33","modified_gmt":"2025-11-15T08:19:33","slug":"poker","status":"publish","type":"page","link":"https:\/\/gambling6.com\/ro\/poker\/","title":{"rendered":"Poker"},"content":{"rendered":"<h2 style=\"text-align: left;\"><img loading=\"lazy\" decoding=\"async\" class=\" wp-image-3009 alignright\" src=\"https:\/\/gambling6.com\/wp-content\/uploads\/2022\/04\/pokertournament-300x209.jpg\" alt=\"\u00eencepe pokerul\" width=\"266\" height=\"185\" srcset=\"https:\/\/gambling6.com\/wp-content\/uploads\/2022\/04\/pokertournament-300x209.jpg 300w, https:\/\/gambling6.com\/wp-content\/uploads\/2022\/04\/pokertournament.jpg 415w\" sizes=\"auto, (max-width: 266px) 100vw, 266px\" \/>\u00cencepe\u021bi cu pokerul online<\/h2>\n<p>Dac\u0103 dori\u021bi s\u0103 \u00eencepe\u021bi s\u0103 juca\u021bi poker online, exist\u0103 c\u00e2teva lucruri pe care trebuie s\u0103 le \u0219ti\u021bi. Pokerul este un joc de \u00eendem\u00e2nare. Nu spunem c\u0103 nu exist\u0103 noroc implicat &#8211; de fapt, exist\u0103 &#8211; dar adev\u0103rul este c\u0103, dac\u0103 vrei s\u0103 c\u00e2\u0219tigi bani, exist\u0103 cu siguran\u021b\u0103 o curb\u0103 de \u00eenv\u0103\u021bare.<\/p>\n<h2>5 Reguli de Aur c\u00e2nd \u00eencepi s\u0103 joci poker online<\/h2>\n<ol>\n<li>Alege-\u021bi cu \u00een\u021belepciune camera de poker &#8211; cite\u0219te recenziile noastre \u00eenainte de a alege site-ul pe care vei juca<\/li>\n<li>\u00cencepe cu bani virtuali pentru a te familiariza cu regulile \u0219i jocul \u00een sine, apoi \u00eencepe cu cel mai mic nivel de bani reali<\/li>\n<li>Petrece mult timp citind despre strategii de poker. Afl\u0103 ce m\u00e2ini de \u00eenceput sunt bune \u00een ce situa\u021bie \u0219i cum s\u0103 le joci \u00een ce pozi\u021bie la mas\u0103. \u201eTight is right\u201d este cel mai bun sfat pentru \u00eencep\u0103tori, iar pozi\u021bia ta relativ\u0103 este foarte important\u0103 pentru deciziile tale.<\/li>\n<li>Folose\u0219te o ofert\u0103 bonus bun\u0103 pentru prima ta depunere sau chiar folose\u0219te o ofert\u0103 de bankroll gratuit, cum ar fi cea de la 888 Poker. \u00ce\u021bi vor oferi 20,00 \u20ac (sau GBP, \u00een func\u021bie de locul \u00een care locuie\u0219ti) gratuit doar pentru \u00eenscriere! \u0218i tot prime\u0219ti un bonus la depunere de 100% \u0219i p\u00e2n\u0103 la 300,00 \u20ac sau GBP atunci c\u00e2nd depui bani. <a class=\"thirstylink\" title=\"888 poker en\" href=\"https:\/\/gambling6.com\/go\/888-poker-en\/\" target=\"_blank\" rel=\"nofollow noopener\"><span style=\"text-decoration: underline;\"><strong>Da\u021bi clic aici pentru a <\/strong><\/span><span style=\"text-decoration: underline;\"><strong>a<\/strong><\/span><span style=\"text-decoration: underline;\"><strong>merge\u021bi <\/strong><\/span><span style=\"text-decoration: underline;\"><strong>la <\/strong><\/span><span style=\"text-decoration: underline;\"><strong>8<\/strong><\/span><span style=\"text-decoration: underline;\"><strong>88 Poker acum.<\/strong><\/span><\/a><\/li>\n<li>Gestioneaz\u0103-\u021bi cu aten\u021bie soldul. De\u021bine cel pu\u021bin de 100 de ori, mai bine de 200 de ori, suma minim\u0103 de pariat pentru nivelul la care joci.<\/li>\n<\/ol>\n<p><a href=\"https:\/\/ic.aff-handler.com\/C\/46138?sr=1073333&amp;anid=\" rel=\"nofollow\"><img loading=\"lazy\" decoding=\"async\" class=\"aligncenter\" src=\"https:\/\/ic.aff-handler.com\/I\/46138?sr=1073333&amp;anid=\" width=\"563\" height=\"72\" \/><\/a><\/p>\n<h2>Cele mai bune site-uri web pentru a juca poker online pentru \u00eencep\u0103tori<\/h2>\n<p>Ei bine, un site web pe care l-am men\u021bionat deja. Acesta este 888 Poker, unde promo\u021bia de 20\u20ac cu sold gratuit \u00ee\u021bi permite s\u0103 joci pe bani reali imediat, f\u0103r\u0103 a fi nevoie s\u0103 depui. \u0218i vei primi ulterior un alt bonus c\u00e2nd depui bani proprii, care \u00ee\u021bi va dubla banii. Acest furnizor nu accept\u0103 \u00eens\u0103 juc\u0103tori din SUA.<\/p>\n<h2>Cele mai bune site-uri web pentru juc\u0103torii de poker din SUA<\/h2>\n<p>Din cauza restric\u021biilor legale din SUA, nu ave\u021bi la fel de multe op\u021biuni. Majoritatea operatorilor s-au retras de pe pia\u021ba american\u0103, iar o pia\u021b\u0103 reglementat\u0103 a jocurilor de noroc online \u00een SUA este \u00eenc\u0103 un lucru de viitor &#8211; cel pu\u021bin pentru majoritatea statelor.<\/p>\n<p>Acestea fiind spuse, \u00een prezent, cea mai bun\u0103 op\u021biune ar fi BetOnline Poker. <a class=\"thirstylink\" title=\"Betonline poker en\" href=\"https:\/\/gambling6.com\/go\/betonline-poker-en\/\" target=\"_blank\" rel=\"nofollow noopener\">Face\u021bi clic pe acest link pentru a vizita site-ul lor<\/a>, unde pute\u021bi juca poker, precum \u0219i tot felul de jocuri de cazino.<\/p>\n","protected":false},"excerpt":{"rendered":"<p>\u00cencepe\u021bi cu pokerul online Dac\u0103 dori\u021bi s\u0103 \u00eencepe\u021bi s\u0103 juca\u021bi poker online, exist\u0103 c\u00e2teva lucruri pe care trebuie s\u0103 le \u0219ti\u021bi. Pokerul este un joc de \u00eendem\u00e2nare. Nu spunem c\u0103 nu exist\u0103 noroc implicat &#8211; de fapt, exist\u0103 &#8211; dar adev\u0103rul este c\u0103, dac\u0103 vrei s\u0103 c\u00e2\u0219tigi bani, exist\u0103 cu siguran\u021b\u0103 o curb\u0103 de \u00eenv\u0103\u021bare. [&hellip;]<\/p>\n","protected":false},"author":1,"featured_media":0,"parent":0,"menu_order":5,"comment_status":"closed","ping_status":"closed","template":"","meta":{"footnotes":""},"class_list":["post-8752","page","type-page","status-publish","hentry"],"yoast_head":"<!-- This site is optimized with the Yoast SEO plugin v27.3 - https:\/\/yoast.com\/product\/yoast-seo-wordpress\/ -->\n<title>Cele mai bune locuri pentru a \u00eencepe s\u0103 joci poker online?<\/title>\n<meta name=\"description\" content=\"Cele mai bune locuri pentru poker online, 5 reguli de aur pentru a \u00eencepe\" \/>\n<meta name=\"robots\" content=\"index, follow, max-snippet:-1, max-image-preview:large, max-video-preview:-1\" \/>\n<link rel=\"canonical\" href=\"https:\/\/gambling6.com\/ro\/poker\/\" \/>\n<meta property=\"og:locale\" content=\"ro_RO\" \/>\n<meta property=\"og:type\" content=\"article\" \/>\n<meta property=\"og:title\" content=\"Cele mai bune locuri pentru a \u00eencepe s\u0103 joci poker online?\" \/>\n<meta property=\"og:description\" content=\"Cele mai bune locuri pentru poker online, 5 reguli de aur pentru a \u00eencepe\" \/>\n<meta property=\"og:url\" content=\"https:\/\/gambling6.com\/ro\/poker\/\" \/>\n<meta property=\"og:site_name\" content=\"Gambling6\" \/>\n<meta property=\"article:modified_time\" content=\"2025-11-15T08:19:33+00:00\" \/>\n<meta property=\"og:image\" content=\"https:\/\/gambling6.com\/wp-content\/uploads\/2022\/04\/pokertournament.jpg\" \/>\n\t<meta property=\"og:image:width\" content=\"415\" \/>\n\t<meta property=\"og:image:height\" content=\"289\" \/>\n\t<meta property=\"og:image:type\" content=\"image\/jpeg\" \/>\n<meta name=\"twitter:card\" content=\"summary_large_image\" \/>\n<meta name=\"twitter:label1\" content=\"Timp estimat pentru citire\" \/>\n\t<meta name=\"twitter:data1\" content=\"2 minute\" \/>\n<script type=\"application\/ld+json\" class=\"yoast-schema-graph\">{\"@context\":\"https:\\\/\\\/schema.org\",\"@graph\":[{\"@type\":\"WebPage\",\"@id\":\"https:\\\/\\\/gambling6.com\\\/ro\\\/poker\\\/\",\"url\":\"https:\\\/\\\/gambling6.com\\\/ro\\\/poker\\\/\",\"name\":\"Cele mai bune locuri pentru a \u00eencepe s\u0103 joci poker online?\",\"isPartOf\":{\"@id\":\"https:\\\/\\\/gambling6.com\\\/ro\\\/#website\"},\"primaryImageOfPage\":{\"@id\":\"https:\\\/\\\/gambling6.com\\\/ro\\\/poker\\\/#primaryimage\"},\"image\":{\"@id\":\"https:\\\/\\\/gambling6.com\\\/ro\\\/poker\\\/#primaryimage\"},\"thumbnailUrl\":\"https:\\\/\\\/gambling6.com\\\/wp-content\\\/uploads\\\/2022\\\/04\\\/pokertournament-300x209.jpg\",\"datePublished\":\"2025-11-07T23:43:00+00:00\",\"dateModified\":\"2025-11-15T08:19:33+00:00\",\"description\":\"Cele mai bune locuri pentru poker online, 5 reguli de aur pentru a \u00eencepe\",\"breadcrumb\":{\"@id\":\"https:\\\/\\\/gambling6.com\\\/ro\\\/poker\\\/#breadcrumb\"},\"inLanguage\":\"ro-RO\",\"potentialAction\":[{\"@type\":\"ReadAction\",\"target\":[\"https:\\\/\\\/gambling6.com\\\/ro\\\/poker\\\/\"]}]},{\"@type\":\"ImageObject\",\"inLanguage\":\"ro-RO\",\"@id\":\"https:\\\/\\\/gambling6.com\\\/ro\\\/poker\\\/#primaryimage\",\"url\":\"https:\\\/\\\/gambling6.com\\\/wp-content\\\/uploads\\\/2022\\\/04\\\/pokertournament-300x209.jpg\",\"contentUrl\":\"https:\\\/\\\/gambling6.com\\\/wp-content\\\/uploads\\\/2022\\\/04\\\/pokertournament-300x209.jpg\"},{\"@type\":\"BreadcrumbList\",\"@id\":\"https:\\\/\\\/gambling6.com\\\/ro\\\/poker\\\/#breadcrumb\",\"itemListElement\":[{\"@type\":\"ListItem\",\"position\":1,\"name\":\"Home\",\"item\":\"https:\\\/\\\/gambling6.com\\\/ro\\\/home\\\/\"},{\"@type\":\"ListItem\",\"position\":2,\"name\":\"Poker\"}]},{\"@type\":\"WebSite\",\"@id\":\"https:\\\/\\\/gambling6.com\\\/ro\\\/#website\",\"url\":\"https:\\\/\\\/gambling6.com\\\/ro\\\/\",\"name\":\"Gambling6\",\"description\":\"\",\"potentialAction\":[{\"@type\":\"SearchAction\",\"target\":{\"@type\":\"EntryPoint\",\"urlTemplate\":\"https:\\\/\\\/gambling6.com\\\/ro\\\/?s={search_term_string}\"},\"query-input\":{\"@type\":\"PropertyValueSpecification\",\"valueRequired\":true,\"valueName\":\"search_term_string\"}}],\"inLanguage\":\"ro-RO\"}]}<\/script>\n<!-- \/ Yoast SEO plugin. -->","yoast_head_json":{"title":"Cele mai bune locuri pentru a \u00eencepe s\u0103 joci poker online?","description":"Cele mai bune locuri pentru poker online, 5 reguli de aur pentru a \u00eencepe","robots":{"index":"index","follow":"follow","max-snippet":"max-snippet:-1","max-image-preview":"max-image-preview:large","max-video-preview":"max-video-preview:-1"},"canonical":"https:\/\/gambling6.com\/ro\/poker\/","og_locale":"ro_RO","og_type":"article","og_title":"Cele mai bune locuri pentru a \u00eencepe s\u0103 joci poker online?","og_description":"Cele mai bune locuri pentru poker online, 5 reguli de aur pentru a \u00eencepe","og_url":"https:\/\/gambling6.com\/ro\/poker\/","og_site_name":"Gambling6","article_modified_time":"2025-11-15T08:19:33+00:00","og_image":[{"width":415,"height":289,"url":"https:\/\/gambling6.com\/wp-content\/uploads\/2022\/04\/pokertournament.jpg","type":"image\/jpeg"}],"twitter_card":"summary_large_image","twitter_misc":{"Timp estimat pentru citire":"2 minute"},"schema":{"@context":"https:\/\/schema.org","@graph":[{"@type":"WebPage","@id":"https:\/\/gambling6.com\/ro\/poker\/","url":"https:\/\/gambling6.com\/ro\/poker\/","name":"Cele mai bune locuri pentru a \u00eencepe s\u0103 joci poker online?","isPartOf":{"@id":"https:\/\/gambling6.com\/ro\/#website"},"primaryImageOfPage":{"@id":"https:\/\/gambling6.com\/ro\/poker\/#primaryimage"},"image":{"@id":"https:\/\/gambling6.com\/ro\/poker\/#primaryimage"},"thumbnailUrl":"https:\/\/gambling6.com\/wp-content\/uploads\/2022\/04\/pokertournament-300x209.jpg","datePublished":"2025-11-07T23:43:00+00:00","dateModified":"2025-11-15T08:19:33+00:00","description":"Cele mai bune locuri pentru poker online, 5 reguli de aur pentru a \u00eencepe","breadcrumb":{"@id":"https:\/\/gambling6.com\/ro\/poker\/#breadcrumb"},"inLanguage":"ro-RO","potentialAction":[{"@type":"ReadAction","target":["https:\/\/gambling6.com\/ro\/poker\/"]}]},{"@type":"ImageObject","inLanguage":"ro-RO","@id":"https:\/\/gambling6.com\/ro\/poker\/#primaryimage","url":"https:\/\/gambling6.com\/wp-content\/uploads\/2022\/04\/pokertournament-300x209.jpg","contentUrl":"https:\/\/gambling6.com\/wp-content\/uploads\/2022\/04\/pokertournament-300x209.jpg"},{"@type":"BreadcrumbList","@id":"https:\/\/gambling6.com\/ro\/poker\/#breadcrumb","itemListElement":[{"@type":"ListItem","position":1,"name":"Home","item":"https:\/\/gambling6.com\/ro\/home\/"},{"@type":"ListItem","position":2,"name":"Poker"}]},{"@type":"WebSite","@id":"https:\/\/gambling6.com\/ro\/#website","url":"https:\/\/gambling6.com\/ro\/","name":"Gambling6","description":"","potentialAction":[{"@type":"SearchAction","target":{"@type":"EntryPoint","urlTemplate":"https:\/\/gambling6.com\/ro\/?s={search_term_string}"},"query-input":{"@type":"PropertyValueSpecification","valueRequired":true,"valueName":"search_term_string"}}],"inLanguage":"ro-RO"}]}},"_links":{"self":[{"href":"https:\/\/gambling6.com\/ro\/wp-json\/wp\/v2\/pages\/8752","targetHints":{"allow":["GET"]}}],"collection":[{"href":"https:\/\/gambling6.com\/ro\/wp-json\/wp\/v2\/pages"}],"about":[{"href":"https:\/\/gambling6.com\/ro\/wp-json\/wp\/v2\/types\/page"}],"author":[{"embeddable":true,"href":"https:\/\/gambling6.com\/ro\/wp-json\/wp\/v2\/users\/1"}],"replies":[{"embeddable":true,"href":"https:\/\/gambling6.com\/ro\/wp-json\/wp\/v2\/comments?post=8752"}],"version-history":[{"count":3,"href":"https:\/\/gambling6.com\/ro\/wp-json\/wp\/v2\/pages\/8752\/revisions"}],"predecessor-version":[{"id":10843,"href":"https:\/\/gambling6.com\/ro\/wp-json\/wp\/v2\/pages\/8752\/revisions\/10843"}],"wp:attachment":[{"href":"https:\/\/gambling6.com\/ro\/wp-json\/wp\/v2\/media?parent=8752"}],"curies":[{"name":"wp","href":"https:\/\/api.w.org\/{rel}","templated":true}]}}