{"id":8856,"date":"2025-11-08T08:51:08","date_gmt":"2025-11-08T08:51:08","guid":{"rendered":"https:\/\/gambling6.com\/cazinou\/mentinerea-contului-dvs-de-jocuri-de-noroc-online-in-siguranta\/"},"modified":"2025-11-15T10:00:16","modified_gmt":"2025-11-15T10:00:16","slug":"mentinerea-contului-dvs-de-jocuri-de-noroc-online-in-siguranta","status":"publish","type":"page","link":"https:\/\/gambling6.com\/ro\/cazinou\/mentinerea-contului-dvs-de-jocuri-de-noroc-online-in-siguranta\/","title":{"rendered":"Men\u021binerea contului dvs. de jocuri de noroc online \u00een siguran\u021b\u0103"},"content":{"rendered":"<h2>Evita\u021bi site-urile r\u0103u inten\u021bionate \u0219i lua\u021bi c\u00e2teva m\u0103suri de siguran\u021b\u0103.<\/h2>\n<p>Lumea jocurilor de noroc online a crescut semnificativ \u0219i, de\u0219i acest lucru este \u00een general un lucru bun pentru juc\u0103tori, vine \u0219i cu c\u00e2teva dezavantaje. Securitatea online oferit\u0103 de cazinouri este, probabil, cel mai crucial element atunci c\u00e2nd se joac\u0103 pe bani reali, iar utilizatorilor trebuie s\u0103 li se garanteze tranzac\u021bii financiare impecabile.<\/p>\n<p>Din p\u0103cate, \u00een lumea avansat\u0103 tehnologic de ast\u0103zi, escrocheriile \u0219i fraudele online sunt mult prea frecvente pentru a presupune c\u0103 nu vi se vor \u00eent\u00e2mpla \u0219i, prin urmare, s\u0103 nu lua\u021bi nicio m\u0103sur\u0103 pentru a le preveni. Noile cazinouri online apar aproape peste noapte, promi\u021b\u00e2nd bonusuri uria\u0219e pentru a demara lucrurile \u0219i a atrage un num\u0103r mare de clien\u021bi.<\/p>\n<p>Este foarte important s\u0103 \u0219tii dac\u0103 acestea pot fi de \u00eencredere \u0219i este foarte recomandat s\u0103 ob\u021bine\u021bi mai \u00eent\u00e2i mai multe informa\u021bii de pe alte site-uri. Recenziile f\u0103cute de utilizatori sau juc\u0103tori experimenta\u021bi devin foarte populare pe internet, deoarece tot mai mul\u021bi juc\u0103tori v\u0103d riscul de a se arunca orbe\u0219te \u0219i caut\u0103 mai \u00eent\u00e2i o oarecare asigurare.<\/p>\n<h2>Jocuri de noroc online \u00een SUA<\/h2>\n<p><img loading=\"lazy\" decoding=\"async\" class=\" wp-image-2415 alignright\" src=\"https:\/\/gambling6.com\/wp-content\/uploads\/2022\/04\/1_play_euromillions_online3-300x200.jpg\" alt=\"securitatea cazinoului\" width=\"263\" height=\"175\" srcset=\"https:\/\/gambling6.com\/wp-content\/uploads\/2022\/04\/1_play_euromillions_online3-300x200.jpg 300w, https:\/\/gambling6.com\/wp-content\/uploads\/2022\/04\/1_play_euromillions_online3.jpg 320w\" sizes=\"auto, (max-width: 263px) 100vw, 263px\" \/>SUA reprezint\u0103 o pia\u021b\u0103 interesant\u0103 pentru jocuri de noroc online. De\u0219i cazinourile online sunt interzise \u00een toate statele, cu excep\u021bia a dou\u0103, industria gri a jocurilor de noroc online este enorm\u0103, \u00een principal pentru c\u0103 juc\u0103torii americani doresc s\u0103 joace jocuri de cazinou online. Num\u0103rul semnificativ de clien\u021bi poten\u021biali \u00eenseamn\u0103, de asemenea, c\u0103 exist\u0103 mai mult de o m\u00e2n\u0103 de cazinouri online din SUA, ceea ce face foarte u\u0219or pentru juc\u0103torii americani s\u0103 \u00eenceap\u0103.<\/p>\n<p>De fapt, site-urile de top accept\u0103 chiar \u0219i carduri de credit americane ca metod\u0103 de plat\u0103, iar totul este conceput pentru a fi c\u00e2t mai convenabil posibil pentru juc\u0103tori. De\u0219i aceste cazinouri online nu sunt reglementate de SUA, ele de\u021bin licen\u021be din jurisdic\u021bii offshore care asigur\u0103 un mediu sigur \u0219i securizat. Problema este c\u0103, pe l\u00e2ng\u0103 cazinourile excelente care deservesc pia\u021ba american\u0103, exist\u0103 \u0219i o mul\u021bime de site-uri dubioase care au probleme cu retragerile sau pur \u0219i simplu nu ofer\u0103 un procent de plat\u0103 corect pentru jocurile lor.<\/p>\n<p>De aceea, este imperativ s\u0103 cite\u0219ti mai \u00eent\u00e2i c\u00e2teva recenzii despre site-ul la care vrei s\u0103 te al\u0103turi \u0219i s\u0103 vezi dac\u0103 este at\u00e2t de bun pe c\u00e2t pare. Acest lucru nu dureaz\u0103 mai mult de c\u00e2teva minute \u0219i asigur\u0103 c\u0103 experien\u021ba ta de joc online este c\u00e2t mai bun\u0103 posibil. \u00cen ceea ce prive\u0219te jocurile de noroc corecte, cazinourile online de \u00eencredere folosesc generatoare de numere aleatorii pentru a se asigura c\u0103 fiecare joc se bazeaz\u0103 exclusiv pe \u0219ans\u0103. Un cazinou online poate combina mesele tradi\u021bionale de cazinou cu avantajele jocului online printr-un flux video live al unui dealer.<\/p>\n<p>Ca juc\u0103tor din SUA, nu po\u021bi da gre\u0219 dac\u0103 te limitezi la furnizorul lider de pia\u021b\u0103 pentru ac\u021biunea cazinourilor online, \u0219i anume BetOnline. <a class=\"thirstylink\" title=\"Betonline casino en\" href=\"https:\/\/gambling6.com\/go\/betonline-casino-en\/\" target=\"_blank\" rel=\"nofollow noopener\">Face\u021bi clic aici pentru a vizita site-ul lor web.<\/a> Securitatea dumneavoastr\u0103 este pe m\u00e2ini bune acolo, spre deosebire de majoritatea celorlal\u021bi operatori de cazinouri offshore care accept\u0103 reziden\u021bi din SUA.<\/p>\n<h2>M\u0103suri de securitate de luat \u00een considerare<\/h2>\n<p>De asemenea, trebuie s\u0103 men\u021bion\u0103m c\u0103 o parte semnificativ\u0103 a responsabilit\u0103\u021bii revine juc\u0103torului \u0219i exist\u0103 m\u0103suri specifice pe care le pot lua pentru a preveni escrocheriile \u0219i a-\u0219i p\u0103stra fondurile \u00een siguran\u021b\u0103.<\/p>\n<p><strong>1. Ave\u021bi o parol\u0103 sigur\u0103<\/strong><\/p>\n<p>Tot mai multe site-uri \u00eencurajeaz\u0103 utilizatorii s\u0103 utilizeze parole sigure, greu de ghicit. Includerea numerelor \u0219i literelor at\u00e2t cu majuscule, c\u00e2t \u0219i cu minuscule face o parol\u0103 mult mai sigur\u0103 \u0219i, de asemenea, se recomand\u0103 s\u0103 nu utiliza\u021bi aceea\u0219i parol\u0103 pentru mai multe conturi.<\/p>\n<p><strong>2. Asigura\u021bi-v\u0103 c\u0103 ave\u021bi un antivirus bun<\/strong><\/p>\n<p>Majoritatea juc\u0103torilor tind s\u0103 uite de importan\u021ba unui antivirus bun. Acesta poate detecta imediat orice probleme atunci c\u00e2nd naviga\u021bi pe internet sau desc\u0103rca\u021bi ceva, cum ar fi aplica\u021bia pentru un nou cazinou online.<\/p>\n<p><strong>3. Asigura\u021bi-v\u0103 \u00eentotdeauna c\u0103 pagina este securizat\u0103<\/strong><\/p>\n<p>Atunci c\u00e2nd introduce\u021bi date personale, cum ar fi informa\u021biile despre cont, asigura\u021bi-v\u0103 c\u0103 pagina este securizat\u0103. Acest lucru se face verific\u00e2nd bara de adrese din browser pentru HTTPS \u0219i c\u0103ut\u00e2nd lac\u0103tul \u00eenchis.<\/p>\n","protected":false},"excerpt":{"rendered":"<p>Evita\u021bi site-urile r\u0103u inten\u021bionate \u0219i lua\u021bi c\u00e2teva m\u0103suri de siguran\u021b\u0103. Lumea jocurilor de noroc online a crescut semnificativ \u0219i, de\u0219i acest lucru este \u00een general un lucru bun pentru juc\u0103tori, vine \u0219i cu c\u00e2teva dezavantaje. Securitatea online oferit\u0103 de cazinouri este, probabil, cel mai crucial element atunci c\u00e2nd se joac\u0103 pe bani reali, iar utilizatorilor [&hellip;]<\/p>\n","protected":false},"author":1,"featured_media":0,"parent":8324,"menu_order":36,"comment_status":"closed","ping_status":"closed","template":"","meta":{"footnotes":""},"class_list":["post-8856","page","type-page","status-publish","hentry"],"yoast_head":"<!-- This site is optimized with the Yoast SEO plugin v27.3 - https:\/\/yoast.com\/product\/yoast-seo-wordpress\/ -->\n<title>Cum \u00eemi pot p\u0103stra contul de cazinou online \u00een siguran\u021b\u0103<\/title>\n<meta name=\"description\" content=\"Sfaturi utile pentru siguran\u021ba jocurilor de noroc online, asigur\u00e2ndu-v\u0103 c\u0103 contul dvs. de cazinou este \u00een siguran\u021b\u0103\" \/>\n<meta name=\"robots\" content=\"index, follow, max-snippet:-1, max-image-preview:large, max-video-preview:-1\" \/>\n<link rel=\"canonical\" href=\"https:\/\/gambling6.com\/ro\/cazinou\/mentinerea-contului-dvs-de-jocuri-de-noroc-online-in-siguranta\/\" \/>\n<meta property=\"og:locale\" content=\"ro_RO\" \/>\n<meta property=\"og:type\" content=\"article\" \/>\n<meta property=\"og:title\" content=\"Cum \u00eemi pot p\u0103stra contul de cazinou online \u00een siguran\u021b\u0103\" \/>\n<meta property=\"og:description\" content=\"Sfaturi utile pentru siguran\u021ba jocurilor de noroc online, asigur\u00e2ndu-v\u0103 c\u0103 contul dvs. de cazinou este \u00een siguran\u021b\u0103\" \/>\n<meta property=\"og:url\" content=\"https:\/\/gambling6.com\/ro\/cazinou\/mentinerea-contului-dvs-de-jocuri-de-noroc-online-in-siguranta\/\" \/>\n<meta property=\"og:site_name\" content=\"Gambling6\" \/>\n<meta property=\"article:modified_time\" content=\"2025-11-15T10:00:16+00:00\" \/>\n<meta property=\"og:image\" content=\"https:\/\/gambling6.com\/wp-content\/uploads\/2022\/04\/1_play_euromillions_online3.jpg\" \/>\n\t<meta property=\"og:image:width\" content=\"320\" \/>\n\t<meta property=\"og:image:height\" content=\"213\" \/>\n\t<meta property=\"og:image:type\" content=\"image\/jpeg\" \/>\n<meta name=\"twitter:card\" content=\"summary_large_image\" \/>\n<meta name=\"twitter:label1\" content=\"Timp estimat pentru citire\" \/>\n\t<meta name=\"twitter:data1\" content=\"4 minute\" \/>\n<script type=\"application\/ld+json\" class=\"yoast-schema-graph\">{\"@context\":\"https:\\\/\\\/schema.org\",\"@graph\":[{\"@type\":\"WebPage\",\"@id\":\"https:\\\/\\\/gambling6.com\\\/ro\\\/cazinou\\\/mentinerea-contului-dvs-de-jocuri-de-noroc-online-in-siguranta\\\/\",\"url\":\"https:\\\/\\\/gambling6.com\\\/ro\\\/cazinou\\\/mentinerea-contului-dvs-de-jocuri-de-noroc-online-in-siguranta\\\/\",\"name\":\"Cum \u00eemi pot p\u0103stra contul de cazinou online \u00een siguran\u021b\u0103\",\"isPartOf\":{\"@id\":\"https:\\\/\\\/gambling6.com\\\/ro\\\/#website\"},\"primaryImageOfPage\":{\"@id\":\"https:\\\/\\\/gambling6.com\\\/ro\\\/cazinou\\\/mentinerea-contului-dvs-de-jocuri-de-noroc-online-in-siguranta\\\/#primaryimage\"},\"image\":{\"@id\":\"https:\\\/\\\/gambling6.com\\\/ro\\\/cazinou\\\/mentinerea-contului-dvs-de-jocuri-de-noroc-online-in-siguranta\\\/#primaryimage\"},\"thumbnailUrl\":\"https:\\\/\\\/gambling6.com\\\/wp-content\\\/uploads\\\/2022\\\/04\\\/1_play_euromillions_online3-300x200.jpg\",\"datePublished\":\"2025-11-08T08:51:08+00:00\",\"dateModified\":\"2025-11-15T10:00:16+00:00\",\"description\":\"Sfaturi utile pentru siguran\u021ba jocurilor de noroc online, asigur\u00e2ndu-v\u0103 c\u0103 contul dvs. de cazinou este \u00een siguran\u021b\u0103\",\"breadcrumb\":{\"@id\":\"https:\\\/\\\/gambling6.com\\\/ro\\\/cazinou\\\/mentinerea-contului-dvs-de-jocuri-de-noroc-online-in-siguranta\\\/#breadcrumb\"},\"inLanguage\":\"ro-RO\",\"potentialAction\":[{\"@type\":\"ReadAction\",\"target\":[\"https:\\\/\\\/gambling6.com\\\/ro\\\/cazinou\\\/mentinerea-contului-dvs-de-jocuri-de-noroc-online-in-siguranta\\\/\"]}]},{\"@type\":\"ImageObject\",\"inLanguage\":\"ro-RO\",\"@id\":\"https:\\\/\\\/gambling6.com\\\/ro\\\/cazinou\\\/mentinerea-contului-dvs-de-jocuri-de-noroc-online-in-siguranta\\\/#primaryimage\",\"url\":\"https:\\\/\\\/gambling6.com\\\/wp-content\\\/uploads\\\/2022\\\/04\\\/1_play_euromillions_online3-300x200.jpg\",\"contentUrl\":\"https:\\\/\\\/gambling6.com\\\/wp-content\\\/uploads\\\/2022\\\/04\\\/1_play_euromillions_online3-300x200.jpg\"},{\"@type\":\"BreadcrumbList\",\"@id\":\"https:\\\/\\\/gambling6.com\\\/ro\\\/cazinou\\\/mentinerea-contului-dvs-de-jocuri-de-noroc-online-in-siguranta\\\/#breadcrumb\",\"itemListElement\":[{\"@type\":\"ListItem\",\"position\":1,\"name\":\"Home\",\"item\":\"https:\\\/\\\/gambling6.com\\\/ro\\\/home\\\/\"},{\"@type\":\"ListItem\",\"position\":2,\"name\":\"Cazinou\",\"item\":\"https:\\\/\\\/gambling6.com\\\/ro\\\/get-started-with-online-gambling\\\/\"},{\"@type\":\"ListItem\",\"position\":3,\"name\":\"Men\u021binerea contului dvs. de jocuri de noroc online \u00een siguran\u021b\u0103\"}]},{\"@type\":\"WebSite\",\"@id\":\"https:\\\/\\\/gambling6.com\\\/ro\\\/#website\",\"url\":\"https:\\\/\\\/gambling6.com\\\/ro\\\/\",\"name\":\"Gambling6\",\"description\":\"\",\"potentialAction\":[{\"@type\":\"SearchAction\",\"target\":{\"@type\":\"EntryPoint\",\"urlTemplate\":\"https:\\\/\\\/gambling6.com\\\/ro\\\/?s={search_term_string}\"},\"query-input\":{\"@type\":\"PropertyValueSpecification\",\"valueRequired\":true,\"valueName\":\"search_term_string\"}}],\"inLanguage\":\"ro-RO\"}]}<\/script>\n<!-- \/ Yoast SEO plugin. -->","yoast_head_json":{"title":"Cum \u00eemi pot p\u0103stra contul de cazinou online \u00een siguran\u021b\u0103","description":"Sfaturi utile pentru siguran\u021ba jocurilor de noroc online, asigur\u00e2ndu-v\u0103 c\u0103 contul dvs. de cazinou este \u00een siguran\u021b\u0103","robots":{"index":"index","follow":"follow","max-snippet":"max-snippet:-1","max-image-preview":"max-image-preview:large","max-video-preview":"max-video-preview:-1"},"canonical":"https:\/\/gambling6.com\/ro\/cazinou\/mentinerea-contului-dvs-de-jocuri-de-noroc-online-in-siguranta\/","og_locale":"ro_RO","og_type":"article","og_title":"Cum \u00eemi pot p\u0103stra contul de cazinou online \u00een siguran\u021b\u0103","og_description":"Sfaturi utile pentru siguran\u021ba jocurilor de noroc online, asigur\u00e2ndu-v\u0103 c\u0103 contul dvs. de cazinou este \u00een siguran\u021b\u0103","og_url":"https:\/\/gambling6.com\/ro\/cazinou\/mentinerea-contului-dvs-de-jocuri-de-noroc-online-in-siguranta\/","og_site_name":"Gambling6","article_modified_time":"2025-11-15T10:00:16+00:00","og_image":[{"width":320,"height":213,"url":"https:\/\/gambling6.com\/wp-content\/uploads\/2022\/04\/1_play_euromillions_online3.jpg","type":"image\/jpeg"}],"twitter_card":"summary_large_image","twitter_misc":{"Timp estimat pentru citire":"4 minute"},"schema":{"@context":"https:\/\/schema.org","@graph":[{"@type":"WebPage","@id":"https:\/\/gambling6.com\/ro\/cazinou\/mentinerea-contului-dvs-de-jocuri-de-noroc-online-in-siguranta\/","url":"https:\/\/gambling6.com\/ro\/cazinou\/mentinerea-contului-dvs-de-jocuri-de-noroc-online-in-siguranta\/","name":"Cum \u00eemi pot p\u0103stra contul de cazinou online \u00een siguran\u021b\u0103","isPartOf":{"@id":"https:\/\/gambling6.com\/ro\/#website"},"primaryImageOfPage":{"@id":"https:\/\/gambling6.com\/ro\/cazinou\/mentinerea-contului-dvs-de-jocuri-de-noroc-online-in-siguranta\/#primaryimage"},"image":{"@id":"https:\/\/gambling6.com\/ro\/cazinou\/mentinerea-contului-dvs-de-jocuri-de-noroc-online-in-siguranta\/#primaryimage"},"thumbnailUrl":"https:\/\/gambling6.com\/wp-content\/uploads\/2022\/04\/1_play_euromillions_online3-300x200.jpg","datePublished":"2025-11-08T08:51:08+00:00","dateModified":"2025-11-15T10:00:16+00:00","description":"Sfaturi utile pentru siguran\u021ba jocurilor de noroc online, asigur\u00e2ndu-v\u0103 c\u0103 contul dvs. de cazinou este \u00een siguran\u021b\u0103","breadcrumb":{"@id":"https:\/\/gambling6.com\/ro\/cazinou\/mentinerea-contului-dvs-de-jocuri-de-noroc-online-in-siguranta\/#breadcrumb"},"inLanguage":"ro-RO","potentialAction":[{"@type":"ReadAction","target":["https:\/\/gambling6.com\/ro\/cazinou\/mentinerea-contului-dvs-de-jocuri-de-noroc-online-in-siguranta\/"]}]},{"@type":"ImageObject","inLanguage":"ro-RO","@id":"https:\/\/gambling6.com\/ro\/cazinou\/mentinerea-contului-dvs-de-jocuri-de-noroc-online-in-siguranta\/#primaryimage","url":"https:\/\/gambling6.com\/wp-content\/uploads\/2022\/04\/1_play_euromillions_online3-300x200.jpg","contentUrl":"https:\/\/gambling6.com\/wp-content\/uploads\/2022\/04\/1_play_euromillions_online3-300x200.jpg"},{"@type":"BreadcrumbList","@id":"https:\/\/gambling6.com\/ro\/cazinou\/mentinerea-contului-dvs-de-jocuri-de-noroc-online-in-siguranta\/#breadcrumb","itemListElement":[{"@type":"ListItem","position":1,"name":"Home","item":"https:\/\/gambling6.com\/ro\/home\/"},{"@type":"ListItem","position":2,"name":"Cazinou","item":"https:\/\/gambling6.com\/ro\/get-started-with-online-gambling\/"},{"@type":"ListItem","position":3,"name":"Men\u021binerea contului dvs. de jocuri de noroc online \u00een siguran\u021b\u0103"}]},{"@type":"WebSite","@id":"https:\/\/gambling6.com\/ro\/#website","url":"https:\/\/gambling6.com\/ro\/","name":"Gambling6","description":"","potentialAction":[{"@type":"SearchAction","target":{"@type":"EntryPoint","urlTemplate":"https:\/\/gambling6.com\/ro\/?s={search_term_string}"},"query-input":{"@type":"PropertyValueSpecification","valueRequired":true,"valueName":"search_term_string"}}],"inLanguage":"ro-RO"}]}},"_links":{"self":[{"href":"https:\/\/gambling6.com\/ro\/wp-json\/wp\/v2\/pages\/8856","targetHints":{"allow":["GET"]}}],"collection":[{"href":"https:\/\/gambling6.com\/ro\/wp-json\/wp\/v2\/pages"}],"about":[{"href":"https:\/\/gambling6.com\/ro\/wp-json\/wp\/v2\/types\/page"}],"author":[{"embeddable":true,"href":"https:\/\/gambling6.com\/ro\/wp-json\/wp\/v2\/users\/1"}],"replies":[{"embeddable":true,"href":"https:\/\/gambling6.com\/ro\/wp-json\/wp\/v2\/comments?post=8856"}],"version-history":[{"count":2,"href":"https:\/\/gambling6.com\/ro\/wp-json\/wp\/v2\/pages\/8856\/revisions"}],"predecessor-version":[{"id":10910,"href":"https:\/\/gambling6.com\/ro\/wp-json\/wp\/v2\/pages\/8856\/revisions\/10910"}],"up":[{"embeddable":true,"href":"https:\/\/gambling6.com\/ro\/wp-json\/wp\/v2\/pages\/8324"}],"wp:attachment":[{"href":"https:\/\/gambling6.com\/ro\/wp-json\/wp\/v2\/media?parent=8856"}],"curies":[{"name":"wp","href":"https:\/\/api.w.org\/{rel}","templated":true}]}}