{"id":8900,"date":"2025-11-08T09:36:35","date_gmt":"2025-11-08T09:36:35","guid":{"rendered":"https:\/\/gambling6.com\/cazinou\/originea-blackjack-ului\/"},"modified":"2025-11-08T09:36:35","modified_gmt":"2025-11-08T09:36:35","slug":"originea-blackjack-ului","status":"publish","type":"page","link":"https:\/\/gambling6.com\/ro\/cazinou\/originea-blackjack-ului\/","title":{"rendered":"Originea Blackjack-ului"},"content":{"rendered":"<h2>C\u00e2nd s-a jucat Blackjack pentru prima dat\u0103<\/h2>\n<p><a href=\"http:\/\/gambling6.com\/wp-content\/uploads\/2013\/12\/history-of-balck-jack.jpg\"><img loading=\"lazy\" decoding=\"async\" class=\"aligncenter size-full wp-image-547 alignright size-full wp-image-183\" style=\"margin: 5px; float: right;\" src=\"http:\/\/gambling6.com\/wp-content\/uploads\/2013\/12\/history-of-balck-jack.jpg\" alt=\"istoria blackjack-ului\" width=\"243\" height=\"207\" \/><\/a>Istoricii jocurilor de noroc sunt confuzi \u00een ceea ce prive\u0219te istoria \u0219i originea jocului pe care \u00eel cunoa\u0219tem sub numele de Black Jack. Chiar \u0219i ast\u0103zi, istoria sa este un subiect fierbinte de dezbatere pentru mul\u021bi cercet\u0103tori. Din istoria jocurilor de c\u0103r\u021bi, se poate stabili c\u0103 c\u0103r\u021bile de joc au fost folosite ini\u021bial \u00een China, India \u0219i Egipt \u00eenc\u0103 din anul 900 d.Hr. Se spune c\u0103 primele jocuri de c\u0103r\u021bi au \u00eenceput \u00een China.<\/p>\n<p>Se spune \u00eens\u0103 c\u0103 francezii au fost cei care au inventat cu adev\u0103rat jocul de Blackjack. Francezii aveau jocuri de c\u0103r\u021bi cunoscute sub numele de \u201echemin de fer\u201d \u0219i \u201eFrench Ferme\u201d. Se crede c\u0103 Blackjack-ul este de fapt o ramur\u0103 a acestor dou\u0103 jocuri franceze.<\/p>\n<p>Undeva \u00een anul 1700 d.Hr., un joc cunoscut sub numele de \u201evingt-et-un\u201d, care \u00eenseamn\u0103 dou\u0103zeci \u0219i unu, a fost introdus \u00een cazinourile franceze ale vremii. \u00cen anii 1800, acela\u0219i joc a migrat \u00een Statele Unite.<\/p>\n<p>De\u0219i \u201evingt-et-un\u201d pare a fi destul de similar cu Blackjack-ul, este totu\u0219i diferit \u00een unele aspecte. \u00cen acest joc, scopul este de a ob\u021bine un \u201eNatural\u201d cu c\u0103r\u021bi al c\u0103ror total este de dou\u0103zeci \u0219i unu. \u00cen plus, c\u0103r\u021bile erau \u00eemp\u0103r\u021bite \u00een runde, iar pariurile erau plasate pentru fiecare rund\u0103. De asemenea, doar dealerul avea autoritatea de a \u201edubla\u201d \u0219i, \u00een cazul \u00een care ob\u021binea un Natural, to\u021bi ceilal\u021bi juc\u0103tori erau obliga\u021bi s\u0103-i pl\u0103teasc\u0103 triplu.<\/p>\n<p>Un alt argument al cercet\u0103torilor respectivi este c\u0103 jocul italian cunoscut sub numele de \u201e\u0218apte \u0219i jum\u0103tate\u201d ar fi putut contribui, de asemenea, la Blackjack-ul actual. Jocul se juca cu c\u0103r\u021bi numerotate 8, 9 \u0219i 10, \u00eempreun\u0103 cu c\u0103r\u021bile cu figuri. \u00cen timp ce c\u0103r\u021bile cu figuri erau considerate \u201ejum\u0103tate\u201d. \u00cen plus, Regele de Caro era tratat ca wild card. Se crede c\u0103 acesta a fost primul joc \u00een care a fost introdus conceptul de \u201ebust\u201d. Aceasta \u00eenseamn\u0103 c\u0103, dac\u0103 totalul c\u0103r\u021bilor era mai mare de \u0219apte \u0219i jum\u0103tate pentru orice juc\u0103tor, acesta era falimentar sau ie\u0219ea din joc.<\/p>\n<p>\u201eUnu \u0219i treizeci\u201d, faimosul joc spaniol, era, de asemenea, similar cu Blackjack-ul. Dar la acesta, totalul era de treizeci \u0219i unu \u00een loc de dou\u0103zeci \u0219i unu, pe l\u00e2ng\u0103 faptul c\u0103 se juca cu trei c\u0103r\u021bi \u00een loc de dou\u0103, ca la Blackjack.<\/p>\n<p>Ini\u021bial, c\u00e2nd Blackjack-ul a intrat \u00een cazinourile americane c\u00e2ndva \u00een 1910, nu a fost foarte popular. Casele de jocuri de noroc au introdus diverse stimulente \u0219i bonusuri pentru a atrage oamenii la joc. Bonusul oferit ini\u021bial de casa de jocuri de noroc era de 10 la 1. Unele case de jocuri de noroc au ad\u0103ugat atrac\u021bia noului joc, recunosc\u00e2nd at\u00e2t Valetul de Trefl\u0103, c\u00e2t \u0219i Valetul de Pic\u0103 pentru un plat\u0103 de zece la unu.<\/p>\n<p>Un alt lucru ciudat este modul \u00een care este folosit numele \u201eBlackjack\u201d \u00een acest joc. Se spune c\u0103 jocul se numea Blackjack deoarece, pentru a primi bonusul, juc\u0103torul trebuia s\u0103 aib\u0103 fie Valetul de Pic\u0103, fie Asul de Pic\u0103 ca primele dou\u0103 c\u0103r\u021bi.<\/p>\n<p>De\u0219i acum nu mai este necesar ca Jack s\u0103 formeze o m\u00e2n\u0103 c\u00e2\u0219tig\u0103toare, iar orice carte \u00een valoare de zece cu un As se va califica drept m\u00e2n\u0103 c\u00e2\u0219tig\u0103toare, numele Blackjack are o astfel de valoare.<\/p>\n","protected":false},"excerpt":{"rendered":"<p>C\u00e2nd s-a jucat Blackjack pentru prima dat\u0103 Istoricii jocurilor de noroc sunt confuzi \u00een ceea ce prive\u0219te istoria \u0219i originea jocului pe care \u00eel cunoa\u0219tem sub numele de Black Jack. Chiar \u0219i ast\u0103zi, istoria sa este un subiect fierbinte de dezbatere pentru mul\u021bi cercet\u0103tori. Din istoria jocurilor de c\u0103r\u021bi, se poate stabili c\u0103 c\u0103r\u021bile de [&hellip;]<\/p>\n","protected":false},"author":1,"featured_media":8884,"parent":8324,"menu_order":56,"comment_status":"closed","ping_status":"closed","template":"","meta":{"footnotes":""},"class_list":["post-8900","page","type-page","status-publish","has-post-thumbnail","hentry"],"yoast_head":"<!-- This site is optimized with the Yoast SEO plugin v27.3 - https:\/\/yoast.com\/product\/yoast-seo-wordpress\/ -->\n<title>Originea jocului de c\u0103r\u021bi Blackjack<\/title>\n<meta name=\"description\" content=\"Cite\u0219te despre istoria Black Jack-ului, de la popularul joc de tip stretcher la distrac\u021bia de cazino \u0219i la cazinourile online.\" \/>\n<meta name=\"robots\" content=\"index, follow, max-snippet:-1, max-image-preview:large, max-video-preview:-1\" \/>\n<link rel=\"canonical\" href=\"https:\/\/gambling6.com\/ro\/cazinou\/originea-blackjack-ului\/\" \/>\n<meta property=\"og:locale\" content=\"ro_RO\" \/>\n<meta property=\"og:type\" content=\"article\" \/>\n<meta property=\"og:title\" content=\"Originea jocului de c\u0103r\u021bi Blackjack\" \/>\n<meta property=\"og:description\" content=\"Cite\u0219te despre istoria Black Jack-ului, de la popularul joc de tip stretcher la distrac\u021bia de cazino \u0219i la cazinourile online.\" \/>\n<meta property=\"og:url\" content=\"https:\/\/gambling6.com\/ro\/cazinou\/originea-blackjack-ului\/\" \/>\n<meta property=\"og:site_name\" content=\"Gambling6\" \/>\n<meta property=\"og:image\" content=\"https:\/\/gambling6.com\/wp-content\/uploads\/2013\/12\/history-of-balck-jack.jpg\" \/>\n\t<meta property=\"og:image:width\" content=\"243\" \/>\n\t<meta property=\"og:image:height\" content=\"207\" \/>\n\t<meta property=\"og:image:type\" content=\"image\/jpeg\" \/>\n<meta name=\"twitter:card\" content=\"summary_large_image\" \/>\n<meta name=\"twitter:label1\" content=\"Timp estimat pentru citire\" \/>\n\t<meta name=\"twitter:data1\" content=\"3 minute\" \/>\n<script type=\"application\/ld+json\" class=\"yoast-schema-graph\">{\"@context\":\"https:\\\/\\\/schema.org\",\"@graph\":[{\"@type\":\"WebPage\",\"@id\":\"https:\\\/\\\/gambling6.com\\\/ro\\\/cazinou\\\/originea-blackjack-ului\\\/\",\"url\":\"https:\\\/\\\/gambling6.com\\\/ro\\\/cazinou\\\/originea-blackjack-ului\\\/\",\"name\":\"Originea jocului de c\u0103r\u021bi Blackjack\",\"isPartOf\":{\"@id\":\"https:\\\/\\\/gambling6.com\\\/ro\\\/#website\"},\"primaryImageOfPage\":{\"@id\":\"https:\\\/\\\/gambling6.com\\\/ro\\\/cazinou\\\/originea-blackjack-ului\\\/#primaryimage\"},\"image\":{\"@id\":\"https:\\\/\\\/gambling6.com\\\/ro\\\/cazinou\\\/originea-blackjack-ului\\\/#primaryimage\"},\"thumbnailUrl\":\"https:\\\/\\\/gambling6.com\\\/wp-content\\\/uploads\\\/2013\\\/12\\\/history-of-balck-jack.jpg\",\"datePublished\":\"2025-11-08T09:36:35+00:00\",\"description\":\"Cite\u0219te despre istoria Black Jack-ului, de la popularul joc de tip stretcher la distrac\u021bia de cazino \u0219i la cazinourile online.\",\"breadcrumb\":{\"@id\":\"https:\\\/\\\/gambling6.com\\\/ro\\\/cazinou\\\/originea-blackjack-ului\\\/#breadcrumb\"},\"inLanguage\":\"ro-RO\",\"potentialAction\":[{\"@type\":\"ReadAction\",\"target\":[\"https:\\\/\\\/gambling6.com\\\/ro\\\/cazinou\\\/originea-blackjack-ului\\\/\"]}]},{\"@type\":\"ImageObject\",\"inLanguage\":\"ro-RO\",\"@id\":\"https:\\\/\\\/gambling6.com\\\/ro\\\/cazinou\\\/originea-blackjack-ului\\\/#primaryimage\",\"url\":\"https:\\\/\\\/gambling6.com\\\/wp-content\\\/uploads\\\/2013\\\/12\\\/history-of-balck-jack.jpg\",\"contentUrl\":\"https:\\\/\\\/gambling6.com\\\/wp-content\\\/uploads\\\/2013\\\/12\\\/history-of-balck-jack.jpg\",\"width\":243,\"height\":207,\"caption\":\"blackjack\"},{\"@type\":\"BreadcrumbList\",\"@id\":\"https:\\\/\\\/gambling6.com\\\/ro\\\/cazinou\\\/originea-blackjack-ului\\\/#breadcrumb\",\"itemListElement\":[{\"@type\":\"ListItem\",\"position\":1,\"name\":\"Home\",\"item\":\"https:\\\/\\\/gambling6.com\\\/ro\\\/home\\\/\"},{\"@type\":\"ListItem\",\"position\":2,\"name\":\"Cazinou\",\"item\":\"https:\\\/\\\/gambling6.com\\\/ro\\\/get-started-with-online-gambling\\\/\"},{\"@type\":\"ListItem\",\"position\":3,\"name\":\"Originea Blackjack-ului\"}]},{\"@type\":\"WebSite\",\"@id\":\"https:\\\/\\\/gambling6.com\\\/ro\\\/#website\",\"url\":\"https:\\\/\\\/gambling6.com\\\/ro\\\/\",\"name\":\"Gambling6\",\"description\":\"\",\"potentialAction\":[{\"@type\":\"SearchAction\",\"target\":{\"@type\":\"EntryPoint\",\"urlTemplate\":\"https:\\\/\\\/gambling6.com\\\/ro\\\/?s={search_term_string}\"},\"query-input\":{\"@type\":\"PropertyValueSpecification\",\"valueRequired\":true,\"valueName\":\"search_term_string\"}}],\"inLanguage\":\"ro-RO\"}]}<\/script>\n<!-- \/ Yoast SEO plugin. -->","yoast_head_json":{"title":"Originea jocului de c\u0103r\u021bi Blackjack","description":"Cite\u0219te despre istoria Black Jack-ului, de la popularul joc de tip stretcher la distrac\u021bia de cazino \u0219i la cazinourile online.","robots":{"index":"index","follow":"follow","max-snippet":"max-snippet:-1","max-image-preview":"max-image-preview:large","max-video-preview":"max-video-preview:-1"},"canonical":"https:\/\/gambling6.com\/ro\/cazinou\/originea-blackjack-ului\/","og_locale":"ro_RO","og_type":"article","og_title":"Originea jocului de c\u0103r\u021bi Blackjack","og_description":"Cite\u0219te despre istoria Black Jack-ului, de la popularul joc de tip stretcher la distrac\u021bia de cazino \u0219i la cazinourile online.","og_url":"https:\/\/gambling6.com\/ro\/cazinou\/originea-blackjack-ului\/","og_site_name":"Gambling6","og_image":[{"width":243,"height":207,"url":"https:\/\/gambling6.com\/wp-content\/uploads\/2013\/12\/history-of-balck-jack.jpg","type":"image\/jpeg"}],"twitter_card":"summary_large_image","twitter_misc":{"Timp estimat pentru citire":"3 minute"},"schema":{"@context":"https:\/\/schema.org","@graph":[{"@type":"WebPage","@id":"https:\/\/gambling6.com\/ro\/cazinou\/originea-blackjack-ului\/","url":"https:\/\/gambling6.com\/ro\/cazinou\/originea-blackjack-ului\/","name":"Originea jocului de c\u0103r\u021bi Blackjack","isPartOf":{"@id":"https:\/\/gambling6.com\/ro\/#website"},"primaryImageOfPage":{"@id":"https:\/\/gambling6.com\/ro\/cazinou\/originea-blackjack-ului\/#primaryimage"},"image":{"@id":"https:\/\/gambling6.com\/ro\/cazinou\/originea-blackjack-ului\/#primaryimage"},"thumbnailUrl":"https:\/\/gambling6.com\/wp-content\/uploads\/2013\/12\/history-of-balck-jack.jpg","datePublished":"2025-11-08T09:36:35+00:00","description":"Cite\u0219te despre istoria Black Jack-ului, de la popularul joc de tip stretcher la distrac\u021bia de cazino \u0219i la cazinourile online.","breadcrumb":{"@id":"https:\/\/gambling6.com\/ro\/cazinou\/originea-blackjack-ului\/#breadcrumb"},"inLanguage":"ro-RO","potentialAction":[{"@type":"ReadAction","target":["https:\/\/gambling6.com\/ro\/cazinou\/originea-blackjack-ului\/"]}]},{"@type":"ImageObject","inLanguage":"ro-RO","@id":"https:\/\/gambling6.com\/ro\/cazinou\/originea-blackjack-ului\/#primaryimage","url":"https:\/\/gambling6.com\/wp-content\/uploads\/2013\/12\/history-of-balck-jack.jpg","contentUrl":"https:\/\/gambling6.com\/wp-content\/uploads\/2013\/12\/history-of-balck-jack.jpg","width":243,"height":207,"caption":"blackjack"},{"@type":"BreadcrumbList","@id":"https:\/\/gambling6.com\/ro\/cazinou\/originea-blackjack-ului\/#breadcrumb","itemListElement":[{"@type":"ListItem","position":1,"name":"Home","item":"https:\/\/gambling6.com\/ro\/home\/"},{"@type":"ListItem","position":2,"name":"Cazinou","item":"https:\/\/gambling6.com\/ro\/get-started-with-online-gambling\/"},{"@type":"ListItem","position":3,"name":"Originea Blackjack-ului"}]},{"@type":"WebSite","@id":"https:\/\/gambling6.com\/ro\/#website","url":"https:\/\/gambling6.com\/ro\/","name":"Gambling6","description":"","potentialAction":[{"@type":"SearchAction","target":{"@type":"EntryPoint","urlTemplate":"https:\/\/gambling6.com\/ro\/?s={search_term_string}"},"query-input":{"@type":"PropertyValueSpecification","valueRequired":true,"valueName":"search_term_string"}}],"inLanguage":"ro-RO"}]}},"_links":{"self":[{"href":"https:\/\/gambling6.com\/ro\/wp-json\/wp\/v2\/pages\/8900","targetHints":{"allow":["GET"]}}],"collection":[{"href":"https:\/\/gambling6.com\/ro\/wp-json\/wp\/v2\/pages"}],"about":[{"href":"https:\/\/gambling6.com\/ro\/wp-json\/wp\/v2\/types\/page"}],"author":[{"embeddable":true,"href":"https:\/\/gambling6.com\/ro\/wp-json\/wp\/v2\/users\/1"}],"replies":[{"embeddable":true,"href":"https:\/\/gambling6.com\/ro\/wp-json\/wp\/v2\/comments?post=8900"}],"version-history":[{"count":0,"href":"https:\/\/gambling6.com\/ro\/wp-json\/wp\/v2\/pages\/8900\/revisions"}],"up":[{"embeddable":true,"href":"https:\/\/gambling6.com\/ro\/wp-json\/wp\/v2\/pages\/8324"}],"wp:featuredmedia":[{"embeddable":true,"href":"https:\/\/gambling6.com\/ro\/wp-json\/wp\/v2\/media\/8884"}],"wp:attachment":[{"href":"https:\/\/gambling6.com\/ro\/wp-json\/wp\/v2\/media?parent=8900"}],"curies":[{"name":"wp","href":"https:\/\/api.w.org\/{rel}","templated":true}]}}