{"id":8944,"date":"2025-11-08T10:27:19","date_gmt":"2025-11-08T10:27:19","guid":{"rendered":"https:\/\/gambling6.com\/cazinou\/tot-ce-trebuie-sa-stii-despre-sloturile-online\/"},"modified":"2025-11-15T09:48:36","modified_gmt":"2025-11-15T09:48:36","slug":"tot-ce-trebuie-sa-stii-despre-sloturile-online","status":"publish","type":"page","link":"https:\/\/gambling6.com\/ro\/cazinou\/tot-ce-trebuie-sa-stii-despre-sloturile-online\/","title":{"rendered":"Tot ce trebuie s\u0103 \u0219tii despre sloturile online"},"content":{"rendered":"<h2>Jocul la sloturi &#8211; cel mai popular joc de cazinou online<\/h2>\n<p>Sloturile online sunt cea mai popular\u0103 alegere printre juc\u0103torii de cazinou \u0219i exist\u0103 multe motive pentru aceasta. De\u0219i jocurile par simple la prima vedere, exist\u0103 de fapt c\u00e2teva lucruri pe care ar trebui s\u0103 le \u0219tii despre ele, care te pot ajuta s\u0103-\u021bi \u00eembun\u0103t\u0103\u021be\u0219ti rezultatele \u0219i s\u0103 creezi o experien\u021b\u0103 de joc online mai bun\u0103. Pentru informa\u021bii despre diverse elemente legate de sloturile pe bani reali, consult\u0103 site-ul nostru web dedicat \u00eenv\u0103\u021b\u0103rii juc\u0103torilor cum func\u021bioneaz\u0103 jocul \u0219i ce strategii pot folosi.<\/p>\n<h2>Introducere \u00een sloturile online<\/h2>\n<p><img loading=\"lazy\" decoding=\"async\" class=\" alignright size-full wp-image-370\" style=\"margin: 5px; float: right;\" src=\"http:\/\/gambling6.com\/wp-content\/uploads\/2013\/12\/Slots-150x150.jpg\" alt=\"Sloturi--150x150\" width=\"150\" height=\"150\" \/>Sloturile sunt foarte populare \u00een cazinourile fizice \u0219i, de obicei, umplu s\u0103li mari pentru a satisface cererea mare. De fapt, \u00een orele de v\u00e2rf, este foarte probabil s\u0103 nu g\u0103si\u021bi un slot disponibil \u00een cazinourile populare. Conceptul jocului este simplu: exist\u0103 mai multe simboluri pe 3 sau 5 role care se \u00eenv\u00e2rt. Juc\u0103torul trebuie s\u0103 plaseze un pariu \u0219i s\u0103 selecteze num\u0103rul de linii pe care dore\u0219te s\u0103 le joace.<\/p>\n<p>Apoi, poate \u00eenv\u00e2rti rolele, iar dac\u0103 simbolurile se opresc \u00eentr-o combina\u021bie specific\u0103 pe fiecare linie selectat\u0103, jocul va acorda un premiu bazat pe cotele \u0219i m\u0103rimea pariului. Aceast\u0103 simplitate a jocului l-a f\u0103cut at\u00e2t de popular, combinat\u0103 cu poten\u021bialul de a c\u00e2\u0219tiga premii uria\u0219e. Pe m\u0103sur\u0103 ce cazinourile online au devenit din ce \u00een ce mai populare de-a lungul anilor, sloturile \u0219i-au men\u021binut popularitatea, juc\u0103torii mut\u00e2ndu-se online pentru un acces mai u\u0219or la jocurile lor preferate.<\/p>\n<p>Se aplic\u0103 acelea\u0219i reguli, dar sloturile online folosesc acum generatoare de numere aleatorii pentru a determina ce simboluri sunt afi\u0219ate odat\u0103 ce rolele se opresc din rotire. Cotele sloturilor r\u0103m\u00e2n acelea\u0219i \u00een teorie, dar majoritatea juc\u0103torilor sus\u021bin c\u0103 sloturile online sunt mult mai profitabile, deoarece nu sunt modificate \u00een niciun fel \u00een func\u021bie de loca\u021bia lor \u00een cazinou.<\/p>\n<h2>Noi posibilit\u0103\u021bi online<\/h2>\n<p>Sloturile online au luat av\u00e2nt \u00een ultimii ani, iar internetul le-a oferit dezvoltatorilor de software \u0219ansa de a duce jocul la nivelul urm\u0103tor. Juc\u0103torii pot alege acum dintr-un num\u0103r mare de linii de plat\u0103. Fiecare linie suplimentar\u0103 are acelea\u0219i \u0219anse de a nimeri o combina\u021bie c\u00e2\u0219tig\u0103toare, astfel \u00eenc\u00e2t juc\u0103torul are op\u021biunea de a pl\u0103ti mai mult \u0219i de a juca mai multe linii \u00eentr-o singur\u0103 rotire. Internetul a oferit, de asemenea, cea mai bun\u0103 modalitate de a extinde sloturile online \u00een func\u021bie de tema \u0219i stilul lor. Titluri noi sunt lansate destul de frecvent \u0219i pot acoperi diverse teme, posibilit\u0103\u021bile fiind cu adev\u0103rat limitate doar de imagina\u021bie. Filme populare, cum ar fi Cavalerul Negru \u0219i Gladiatorul, inspir\u0103 sloturile online.<\/p>\n<p>Printre cele mai bune cazinouri pentru jocuri de cazinou cu teme atractive \u0219i design atr\u0103g\u0103tor se num\u0103r\u0103, cu siguran\u021b\u0103, 888 Casino. <a class=\"thirstylink\" title=\"888 casino en\" href=\"https:\/\/gambling6.com\/go\/888-casino-en\/\" target=\"_blank\" rel=\"nofollow noopener\">Dac\u0103 vrei s\u0103 le \u00eencerci, urmeaz\u0103 acest link &#8211; nu vei fi dezam\u0103git.<\/a><\/p>\n<h2>Sloturi progresive<\/h2>\n<p>Sloturile progresive pot fi g\u0103site \u0219i \u00een cazinourile fizice, dar sunt foarte populare online. Ideea este c\u0103 cazinoul leag\u0103 \u00eentre ele mai multe aparate de sloturi, astfel \u00eenc\u00e2t fiecare pariu plasat de acestea s\u0103 poat\u0103 contribui la un jackpot standard care poate fi c\u00e2\u0219tigat \u00een orice moment. C\u00e2nd vine vorba de cazinourile online, conectarea acestor jocuri este mult mai u\u0219oar\u0103, permi\u021b\u00e2nd mai multor utilizatori s\u0103 joace acela\u0219i joc. Acest lucru are ca rezultat ni\u0219te sloturi progresive foarte populare, care pot acorda milioane de dolari la fiecare c\u00e2teva luni.<\/p>\n<p>Jackpotul cre\u0219te cu fiecare pariu suplimentar plasat de juc\u0103tori, p\u00e2n\u0103 c\u00e2nd cineva nimere\u0219te combina\u021bia c\u00e2\u0219tig\u0103toare \u0219i ia \u00eentreaga sum\u0103. De exemplu, \u00eentr-un slot online cu tematic\u0103 de poker, jackpotul se c\u00e2\u0219tig\u0103 prin ob\u021binerea unei chinte regale. Desigur, exist\u0103 \u0219i premii mai mici acordate pentru alte combina\u021bii care au ap\u0103rut mai des, astfel \u00eenc\u00e2t juc\u0103torii nu pariaz\u0103 doar pentru jackpot. Sloturi progresive populare pot fi g\u0103site simultan la mai multe cazinouri online, at\u00e2ta timp c\u00e2t utilizeaz\u0103 acela\u0219i furnizor de software.<\/p>\n<h2>Strategii pentru sloturi online<\/h2>\n<p>De\u0219i sloturile sunt pur \u0219i simplu un joc de noroc, c\u00e2teva sfaturi utile v\u0103 pot ajuta s\u0103 v\u0103 cre\u0219te\u021bi profiturile. Cel mai important lucru de \u0219tiut este c\u0103 o rotire nu depinde de cea anterioar\u0103; fiecare rotire are acelea\u0219i cote. Mul\u021bi juc\u0103tori cred c\u0103, dac\u0103 joac\u0103 suficient de mult timp, vor c\u00e2\u0219tiga \u00een cele din urm\u0103 marele premiu. Cea mai bun\u0103 modalitate de a c\u00e2\u0219tiga la sloturile online este s\u0103 v\u0103 gestiona\u021bi corect fondurile, evit\u00e2nd riscurile inutile de la \u00eenceput. Aceasta \u00eenseamn\u0103 c\u0103 ar trebui s\u0103 juca\u021bi mai pu\u021bine linii \u0219i s\u0103 evita\u021bi jocurile care ofer\u0103 func\u021bii \u201edublu sau nimic\u201d. Pentru a afla mai bine cum func\u021bioneaz\u0103 jocul, pute\u021bi juca mai \u00eent\u00e2i pe bani virtuali.<\/p>\n","protected":false},"excerpt":{"rendered":"<p>Jocul la sloturi &#8211; cel mai popular joc de cazinou online Sloturile online sunt cea mai popular\u0103 alegere printre juc\u0103torii de cazinou \u0219i exist\u0103 multe motive pentru aceasta. De\u0219i jocurile par simple la prima vedere, exist\u0103 de fapt c\u00e2teva lucruri pe care ar trebui s\u0103 le \u0219tii despre ele, care te pot ajuta s\u0103-\u021bi \u00eembun\u0103t\u0103\u021be\u0219ti [&hellip;]<\/p>\n","protected":false},"author":1,"featured_media":8928,"parent":8324,"menu_order":42,"comment_status":"closed","ping_status":"closed","template":"","meta":{"footnotes":""},"class_list":["post-8944","page","type-page","status-publish","has-post-thumbnail","hentry"],"yoast_head":"<!-- This site is optimized with the Yoast SEO plugin v27.4 - https:\/\/yoast.com\/product\/yoast-seo-wordpress\/ -->\n<title>Informa\u021bii despre cum s\u0103 joci jocuri de sloturi online<\/title>\n<meta name=\"description\" content=\"\u00cenva\u021b\u0103 cum s\u0103 joci sloturi online \u0219i s\u0103 revendici milioane de dolari \u00een jackpoturi progresive cu un singur clic de mouse.\" \/>\n<meta name=\"robots\" content=\"index, follow, max-snippet:-1, max-image-preview:large, max-video-preview:-1\" \/>\n<link rel=\"canonical\" href=\"https:\/\/gambling6.com\/ro\/cazinou\/tot-ce-trebuie-sa-stii-despre-sloturile-online\/\" \/>\n<meta property=\"og:locale\" content=\"ro_RO\" \/>\n<meta property=\"og:type\" content=\"article\" \/>\n<meta property=\"og:title\" content=\"Informa\u021bii despre cum s\u0103 joci jocuri de sloturi online\" \/>\n<meta property=\"og:description\" content=\"\u00cenva\u021b\u0103 cum s\u0103 joci sloturi online \u0219i s\u0103 revendici milioane de dolari \u00een jackpoturi progresive cu un singur clic de mouse.\" \/>\n<meta property=\"og:url\" content=\"https:\/\/gambling6.com\/ro\/cazinou\/tot-ce-trebuie-sa-stii-despre-sloturile-online\/\" \/>\n<meta property=\"og:site_name\" content=\"Gambling6\" \/>\n<meta property=\"article:modified_time\" content=\"2025-11-15T09:48:36+00:00\" \/>\n<meta property=\"og:image\" content=\"https:\/\/gambling6.com\/wp-content\/uploads\/2013\/12\/Slots-150x150.jpg\" \/>\n\t<meta property=\"og:image:width\" content=\"150\" \/>\n\t<meta property=\"og:image:height\" content=\"150\" \/>\n\t<meta property=\"og:image:type\" content=\"image\/jpeg\" \/>\n<meta name=\"twitter:card\" content=\"summary_large_image\" \/>\n<meta name=\"twitter:label1\" content=\"Timp estimat pentru citire\" \/>\n\t<meta name=\"twitter:data1\" content=\"4 minute\" \/>\n<script type=\"application\/ld+json\" class=\"yoast-schema-graph\">{\"@context\":\"https:\\\/\\\/schema.org\",\"@graph\":[{\"@type\":\"WebPage\",\"@id\":\"https:\\\/\\\/gambling6.com\\\/ro\\\/cazinou\\\/tot-ce-trebuie-sa-stii-despre-sloturile-online\\\/\",\"url\":\"https:\\\/\\\/gambling6.com\\\/ro\\\/cazinou\\\/tot-ce-trebuie-sa-stii-despre-sloturile-online\\\/\",\"name\":\"Informa\u021bii despre cum s\u0103 joci jocuri de sloturi online\",\"isPartOf\":{\"@id\":\"https:\\\/\\\/gambling6.com\\\/ro\\\/#website\"},\"primaryImageOfPage\":{\"@id\":\"https:\\\/\\\/gambling6.com\\\/ro\\\/cazinou\\\/tot-ce-trebuie-sa-stii-despre-sloturile-online\\\/#primaryimage\"},\"image\":{\"@id\":\"https:\\\/\\\/gambling6.com\\\/ro\\\/cazinou\\\/tot-ce-trebuie-sa-stii-despre-sloturile-online\\\/#primaryimage\"},\"thumbnailUrl\":\"https:\\\/\\\/gambling6.com\\\/wp-content\\\/uploads\\\/2013\\\/12\\\/Slots-150x150.jpg\",\"datePublished\":\"2025-11-08T10:27:19+00:00\",\"dateModified\":\"2025-11-15T09:48:36+00:00\",\"description\":\"\u00cenva\u021b\u0103 cum s\u0103 joci sloturi online \u0219i s\u0103 revendici milioane de dolari \u00een jackpoturi progresive cu un singur clic de mouse.\",\"breadcrumb\":{\"@id\":\"https:\\\/\\\/gambling6.com\\\/ro\\\/cazinou\\\/tot-ce-trebuie-sa-stii-despre-sloturile-online\\\/#breadcrumb\"},\"inLanguage\":\"ro-RO\",\"potentialAction\":[{\"@type\":\"ReadAction\",\"target\":[\"https:\\\/\\\/gambling6.com\\\/ro\\\/cazinou\\\/tot-ce-trebuie-sa-stii-despre-sloturile-online\\\/\"]}]},{\"@type\":\"ImageObject\",\"inLanguage\":\"ro-RO\",\"@id\":\"https:\\\/\\\/gambling6.com\\\/ro\\\/cazinou\\\/tot-ce-trebuie-sa-stii-despre-sloturile-online\\\/#primaryimage\",\"url\":\"https:\\\/\\\/gambling6.com\\\/wp-content\\\/uploads\\\/2013\\\/12\\\/Slots-150x150.jpg\",\"contentUrl\":\"https:\\\/\\\/gambling6.com\\\/wp-content\\\/uploads\\\/2013\\\/12\\\/Slots-150x150.jpg\",\"width\":150,\"height\":150},{\"@type\":\"BreadcrumbList\",\"@id\":\"https:\\\/\\\/gambling6.com\\\/ro\\\/cazinou\\\/tot-ce-trebuie-sa-stii-despre-sloturile-online\\\/#breadcrumb\",\"itemListElement\":[{\"@type\":\"ListItem\",\"position\":1,\"name\":\"Home\",\"item\":\"https:\\\/\\\/gambling6.com\\\/ro\\\/home\\\/\"},{\"@type\":\"ListItem\",\"position\":2,\"name\":\"Cazinou\",\"item\":\"https:\\\/\\\/gambling6.com\\\/ro\\\/get-started-with-online-gambling\\\/\"},{\"@type\":\"ListItem\",\"position\":3,\"name\":\"Tot ce trebuie s\u0103 \u0219tii despre sloturile online\"}]},{\"@type\":\"WebSite\",\"@id\":\"https:\\\/\\\/gambling6.com\\\/ro\\\/#website\",\"url\":\"https:\\\/\\\/gambling6.com\\\/ro\\\/\",\"name\":\"Gambling6\",\"description\":\"\",\"potentialAction\":[{\"@type\":\"SearchAction\",\"target\":{\"@type\":\"EntryPoint\",\"urlTemplate\":\"https:\\\/\\\/gambling6.com\\\/ro\\\/?s={search_term_string}\"},\"query-input\":{\"@type\":\"PropertyValueSpecification\",\"valueRequired\":true,\"valueName\":\"search_term_string\"}}],\"inLanguage\":\"ro-RO\"}]}<\/script>\n<!-- \/ Yoast SEO plugin. -->","yoast_head_json":{"title":"Informa\u021bii despre cum s\u0103 joci jocuri de sloturi online","description":"\u00cenva\u021b\u0103 cum s\u0103 joci sloturi online \u0219i s\u0103 revendici milioane de dolari \u00een jackpoturi progresive cu un singur clic de mouse.","robots":{"index":"index","follow":"follow","max-snippet":"max-snippet:-1","max-image-preview":"max-image-preview:large","max-video-preview":"max-video-preview:-1"},"canonical":"https:\/\/gambling6.com\/ro\/cazinou\/tot-ce-trebuie-sa-stii-despre-sloturile-online\/","og_locale":"ro_RO","og_type":"article","og_title":"Informa\u021bii despre cum s\u0103 joci jocuri de sloturi online","og_description":"\u00cenva\u021b\u0103 cum s\u0103 joci sloturi online \u0219i s\u0103 revendici milioane de dolari \u00een jackpoturi progresive cu un singur clic de mouse.","og_url":"https:\/\/gambling6.com\/ro\/cazinou\/tot-ce-trebuie-sa-stii-despre-sloturile-online\/","og_site_name":"Gambling6","article_modified_time":"2025-11-15T09:48:36+00:00","og_image":[{"width":150,"height":150,"url":"https:\/\/gambling6.com\/wp-content\/uploads\/2013\/12\/Slots-150x150.jpg","type":"image\/jpeg"}],"twitter_card":"summary_large_image","twitter_misc":{"Timp estimat pentru citire":"4 minute"},"schema":{"@context":"https:\/\/schema.org","@graph":[{"@type":"WebPage","@id":"https:\/\/gambling6.com\/ro\/cazinou\/tot-ce-trebuie-sa-stii-despre-sloturile-online\/","url":"https:\/\/gambling6.com\/ro\/cazinou\/tot-ce-trebuie-sa-stii-despre-sloturile-online\/","name":"Informa\u021bii despre cum s\u0103 joci jocuri de sloturi online","isPartOf":{"@id":"https:\/\/gambling6.com\/ro\/#website"},"primaryImageOfPage":{"@id":"https:\/\/gambling6.com\/ro\/cazinou\/tot-ce-trebuie-sa-stii-despre-sloturile-online\/#primaryimage"},"image":{"@id":"https:\/\/gambling6.com\/ro\/cazinou\/tot-ce-trebuie-sa-stii-despre-sloturile-online\/#primaryimage"},"thumbnailUrl":"https:\/\/gambling6.com\/wp-content\/uploads\/2013\/12\/Slots-150x150.jpg","datePublished":"2025-11-08T10:27:19+00:00","dateModified":"2025-11-15T09:48:36+00:00","description":"\u00cenva\u021b\u0103 cum s\u0103 joci sloturi online \u0219i s\u0103 revendici milioane de dolari \u00een jackpoturi progresive cu un singur clic de mouse.","breadcrumb":{"@id":"https:\/\/gambling6.com\/ro\/cazinou\/tot-ce-trebuie-sa-stii-despre-sloturile-online\/#breadcrumb"},"inLanguage":"ro-RO","potentialAction":[{"@type":"ReadAction","target":["https:\/\/gambling6.com\/ro\/cazinou\/tot-ce-trebuie-sa-stii-despre-sloturile-online\/"]}]},{"@type":"ImageObject","inLanguage":"ro-RO","@id":"https:\/\/gambling6.com\/ro\/cazinou\/tot-ce-trebuie-sa-stii-despre-sloturile-online\/#primaryimage","url":"https:\/\/gambling6.com\/wp-content\/uploads\/2013\/12\/Slots-150x150.jpg","contentUrl":"https:\/\/gambling6.com\/wp-content\/uploads\/2013\/12\/Slots-150x150.jpg","width":150,"height":150},{"@type":"BreadcrumbList","@id":"https:\/\/gambling6.com\/ro\/cazinou\/tot-ce-trebuie-sa-stii-despre-sloturile-online\/#breadcrumb","itemListElement":[{"@type":"ListItem","position":1,"name":"Home","item":"https:\/\/gambling6.com\/ro\/home\/"},{"@type":"ListItem","position":2,"name":"Cazinou","item":"https:\/\/gambling6.com\/ro\/get-started-with-online-gambling\/"},{"@type":"ListItem","position":3,"name":"Tot ce trebuie s\u0103 \u0219tii despre sloturile online"}]},{"@type":"WebSite","@id":"https:\/\/gambling6.com\/ro\/#website","url":"https:\/\/gambling6.com\/ro\/","name":"Gambling6","description":"","potentialAction":[{"@type":"SearchAction","target":{"@type":"EntryPoint","urlTemplate":"https:\/\/gambling6.com\/ro\/?s={search_term_string}"},"query-input":{"@type":"PropertyValueSpecification","valueRequired":true,"valueName":"search_term_string"}}],"inLanguage":"ro-RO"}]}},"_links":{"self":[{"href":"https:\/\/gambling6.com\/ro\/wp-json\/wp\/v2\/pages\/8944","targetHints":{"allow":["GET"]}}],"collection":[{"href":"https:\/\/gambling6.com\/ro\/wp-json\/wp\/v2\/pages"}],"about":[{"href":"https:\/\/gambling6.com\/ro\/wp-json\/wp\/v2\/types\/page"}],"author":[{"embeddable":true,"href":"https:\/\/gambling6.com\/ro\/wp-json\/wp\/v2\/users\/1"}],"replies":[{"embeddable":true,"href":"https:\/\/gambling6.com\/ro\/wp-json\/wp\/v2\/comments?post=8944"}],"version-history":[{"count":2,"href":"https:\/\/gambling6.com\/ro\/wp-json\/wp\/v2\/pages\/8944\/revisions"}],"predecessor-version":[{"id":10899,"href":"https:\/\/gambling6.com\/ro\/wp-json\/wp\/v2\/pages\/8944\/revisions\/10899"}],"up":[{"embeddable":true,"href":"https:\/\/gambling6.com\/ro\/wp-json\/wp\/v2\/pages\/8324"}],"wp:featuredmedia":[{"embeddable":true,"href":"https:\/\/gambling6.com\/ro\/wp-json\/wp\/v2\/media\/8928"}],"wp:attachment":[{"href":"https:\/\/gambling6.com\/ro\/wp-json\/wp\/v2\/media?parent=8944"}],"curies":[{"name":"wp","href":"https:\/\/api.w.org\/{rel}","templated":true}]}}