{"id":8969,"date":"2025-11-08T12:14:12","date_gmt":"2025-11-08T12:14:12","guid":{"rendered":"https:\/\/gambling6.com\/cazinou\/unde-gasesti-sloturi-online-de-cea-mai-buna-calitate\/"},"modified":"2025-11-15T09:39:33","modified_gmt":"2025-11-15T09:39:33","slug":"unde-gasesti-sloturi-online-de-cea-mai-buna-calitate","status":"publish","type":"page","link":"https:\/\/gambling6.com\/ro\/cazinou\/unde-gasesti-sloturi-online-de-cea-mai-buna-calitate\/","title":{"rendered":"Unde g\u0103se\u0219ti sloturi online de cea mai bun\u0103 calitate"},"content":{"rendered":"<h2>Cazinouri online de calitate cu sloturi<\/h2>\n<p>\u00cen ceea ce prive\u0219te cazinourile online, sloturile ocup\u0103 de obicei primul loc \u00een ceea ce prive\u0219te varietatea, num\u0103rul de juc\u0103tori \u0219i jackpoturile. Desigur, este foarte u\u0219or de \u00een\u021beles de ce jocurile de sloturi online sunt at\u00e2t de populare \u0219i, cu o singur\u0103 rotire a simbolurilor, fiecare juc\u0103tor are poten\u021bialul de a c\u00e2\u0219tiga premii mari, chiar milioane de dolari. De fapt, sloturile sunt at\u00e2t de populare online \u00eenc\u00e2t unele cazinouri online ofer\u0103 bonusuri speciale doar pentru aceste jocuri, deoarece juc\u0103torii se \u00eenscriu doar pentru a juca diverse sloturi \u0219i nu sunt interesa\u021bi de nimic altceva. \u00centruc\u00e2t cea mai bun\u0103 strategie la sloturile online este s\u0103 joci mai mult, aceste bonusuri devin rapid utile.<\/p>\n<h2>Furnizori de software pentru jocuri de cazinou<\/h2>\n<p><img loading=\"lazy\" decoding=\"async\" class=\"size-full wp-image-400 alignright\" src=\"https:\/\/gambling6.com\/wp-content\/uploads\/2013\/12\/mobile-gambling-150x150.jpg\" alt=\"slot machine online\" width=\"150\" height=\"150\" \/>Fiecare cazinou online este sus\u021binut de un dezvoltator de software \u0219i exist\u0103 destul de multe companii care \u0219i-au f\u0103cut un nume oferind unele dintre cele mai frumoase jocuri de cazinou de pe internet. Urma\u021bi linkul dac\u0103 nu \u0219ti\u021bi ce software de sloturi ar trebui s\u0103 alege\u021bi \u0219i acesta v\u0103 va duce la cele mai populare dou\u0103 nume din domeniu.<\/p>\n<h2>Jocul celor mai bune jocuri de sloturi de pe internet<\/h2>\n<p>Grafica \u0219i caracteristicile pot varia foarte mult \u00een func\u021bie de software, a\u0219a c\u0103 este \u00eentotdeauna o idee bun\u0103 s\u0103 verifica\u021bi mai multe op\u021biuni \u0219i s\u0103 vede\u021bi care vi se pare cea mai atr\u0103g\u0103toare. Cunosc\u00e2nd cum arat\u0103 unele jocuri de la un anumit dezvoltator de software, v\u0103 poate fi mult mai u\u0219or s\u0103 c\u0103uta\u021bi s\u0103 v\u0103 al\u0103tura\u021bi unui nou cazinou online. De\u0219i unele site-uri ofer\u0103 c\u00e2teva jocuri unice, special concepute pentru cazinoul online \u00een cauz\u0103, toate site-urile alimentate de acela\u0219i furnizor de software au aproape acelea\u0219i jocuri. Pentru a se asigura c\u0103 clien\u021bii lor sunt mul\u021bumi\u021bi, unele cazinouri online ofer\u0103 jocuri de la diferi\u021bi furnizori de software, iar acest lucru este \u00eentotdeauna pl\u0103cut de v\u0103zut.<\/p>\n<h3>Jocuri de sloturi online<\/h3>\n<p>Cu at\u00e2t de multe cazinouri online care ofer\u0103 jocuri de sloturi de la diferi\u021bi furnizori, poate fi foarte dificil s\u0103 \u0219tii care sunt \u00eentr-adev\u0103r cele mai bune. Aceasta va garanta o experien\u021b\u0103 de joc excelent\u0103 de fiecare dat\u0103. \u00cencearc\u0103 aceast\u0103 op\u021biune, care este considerat\u0103 acum a fi cazinoul cu cele mai bune sloturi de pe internet, deoarece ofer\u0103 aproape totul. Site-ul listat aici se poate schimba dac\u0103 apare o op\u021biune mai bun\u0103, dar deocamdat\u0103, cel mai bun site pentru a juca jocuri de sloturi este 888 Casino. 888 este unul dintre liderii \u00een jocurile de noroc online, cu o cas\u0103 de pariuri sportive mare, o sal\u0103 de poker realist\u0103 \u0219i un cazinou grandios.<\/p>\n<p>Ceea ce face ca 888 Casino s\u0103 fie un loc at\u00e2t de grozav pentru a juca jocuri de sloturi este faptul c\u0103 au o list\u0103 lung\u0103 de op\u021biuni cu titluri de la Playtech, IGT, Microgaming \u0219i unele proprii. Unui juc\u0103tor nou \u00eei va lua c\u00e2teva zile s\u0103 parcurg\u0103 toate jocurile disponibile, iar diferitele stiluri garanteaz\u0103 c\u0103 nu se va plictisi niciodat\u0103.<\/p>\n<p>Desigur, un cazinou online excelent nu se rezum\u0103 doar la jocurile pe care le ofer\u0103; diver\u0219i factori trebuie s\u0103 fie puternici pentru ca \u00eentregul site s\u0103 fie considerat semnificativ. Poate cel mai important lucru este securitatea, deoarece tranzac\u021biile financiare reprezint\u0103 o parte important\u0103 a jocurilor de noroc online, iar cazinoul online ar trebui s\u0103 garanteze c\u0103 totul este \u00een siguran\u021b\u0103 de fiecare dat\u0103.<\/p>\n<p>\u0218i dac\u0103 sunte\u021bi rezident \u00een SUA, legisla\u021bia SUA v\u0103 \u00eempiedic\u0103 s\u0103 v\u0103 al\u0103tura\u021bi 888 Casino. Alternativele bune pentru juc\u0103torii din SUA sunt rare, dar v\u0103 putem recomanda BetOnline Casino pentru toate jocurile de noroc online. Face\u021bi clic pe bannerul de mai jos pentru a vizita BetOnlineCasino &#8211; nu ve\u021bi fi dezam\u0103gi\u021bi!<\/p>\n<p><a class=\"thirstylink\" title=\"Betonline casino ro\" href=\"https:\/\/gambling6.com\/go\/betonline-casino-en\/\" target=\"_blank\" rel=\"nofollow noopener\"><img loading=\"lazy\" decoding=\"async\" class=\" wp-image-7875 aligncenter\" src=\"https:\/\/gambling6.com\/wp-content\/uploads\/2025\/10\/BOL_AQC_banner_468x60_FS1_casino-300x38.gif\" alt=\"BetOnline casino\" width=\"553\" height=\"70\" \/><\/a><\/p>\n<p>De aceea este \u00eentotdeauna bine s\u0103 verifica\u021bi recenziile \u0219i s\u0103 vede\u021bi care cazinouri online sunt de \u00eencredere \u0219i care sunt cunoscute pentru problemele legate de pl\u0103\u021bi. Din moment ce vorbim despre bani, bonusurile \u0219i promo\u021biile au devenit foarte importante \u00een ultimii ani \u0219i sunt de obicei primul lucru pe care un juc\u0103tor nou \u00eel verific\u0103. Este foarte comun ca primele cazinouri online s\u0103 ofere bonusuri de bun venit \u00een func\u021bie de suma depus\u0103, iar bonusurile la sloturi sunt cele mai frecvente datorit\u0103 popularit\u0103\u021bii jocului.<\/p>\n","protected":false},"excerpt":{"rendered":"<p>Cazinouri online de calitate cu sloturi \u00cen ceea ce prive\u0219te cazinourile online, sloturile ocup\u0103 de obicei primul loc \u00een ceea ce prive\u0219te varietatea, num\u0103rul de juc\u0103tori \u0219i jackpoturile. Desigur, este foarte u\u0219or de \u00een\u021beles de ce jocurile de sloturi online sunt at\u00e2t de populare \u0219i, cu o singur\u0103 rotire a simbolurilor, fiecare juc\u0103tor are poten\u021bialul [&hellip;]<\/p>\n","protected":false},"author":1,"featured_media":0,"parent":8324,"menu_order":47,"comment_status":"closed","ping_status":"closed","template":"","meta":{"footnotes":""},"class_list":["post-8969","page","type-page","status-publish","hentry"],"yoast_head":"<!-- This site is optimized with the Yoast SEO plugin v27.3 - https:\/\/yoast.com\/product\/yoast-seo-wordpress\/ -->\n<title>Aparate de sloturi online de cea mai bun\u0103 calitate<\/title>\n<meta name=\"description\" content=\"Juc\u00e2nd cele mai bune sloturi \u0219i jocuri de sloturi de pe internet. G\u0103si\u021bi sloturi online de cea mai bun\u0103 calitate aici!\" \/>\n<meta name=\"robots\" content=\"index, follow, max-snippet:-1, max-image-preview:large, max-video-preview:-1\" \/>\n<link rel=\"canonical\" href=\"https:\/\/gambling6.com\/ro\/cazinou\/unde-gasesti-sloturi-online-de-cea-mai-buna-calitate\/\" \/>\n<meta property=\"og:locale\" content=\"ro_RO\" \/>\n<meta property=\"og:type\" content=\"article\" \/>\n<meta property=\"og:title\" content=\"Aparate de sloturi online de cea mai bun\u0103 calitate\" \/>\n<meta property=\"og:description\" content=\"Juc\u00e2nd cele mai bune sloturi \u0219i jocuri de sloturi de pe internet. G\u0103si\u021bi sloturi online de cea mai bun\u0103 calitate aici!\" \/>\n<meta property=\"og:url\" content=\"https:\/\/gambling6.com\/ro\/cazinou\/unde-gasesti-sloturi-online-de-cea-mai-buna-calitate\/\" \/>\n<meta property=\"og:site_name\" content=\"Gambling6\" \/>\n<meta property=\"article:modified_time\" content=\"2025-11-15T09:39:33+00:00\" \/>\n<meta property=\"og:image\" content=\"https:\/\/gambling6.com\/wp-content\/uploads\/2013\/12\/mobile-gambling-150x150.jpg\" \/>\n\t<meta property=\"og:image:width\" content=\"150\" \/>\n\t<meta property=\"og:image:height\" content=\"150\" \/>\n\t<meta property=\"og:image:type\" content=\"image\/jpeg\" \/>\n<meta name=\"twitter:card\" content=\"summary_large_image\" \/>\n<meta name=\"twitter:label1\" content=\"Timp estimat pentru citire\" \/>\n\t<meta name=\"twitter:data1\" content=\"4 minute\" \/>\n<script type=\"application\/ld+json\" class=\"yoast-schema-graph\">{\"@context\":\"https:\\\/\\\/schema.org\",\"@graph\":[{\"@type\":\"WebPage\",\"@id\":\"https:\\\/\\\/gambling6.com\\\/ro\\\/cazinou\\\/unde-gasesti-sloturi-online-de-cea-mai-buna-calitate\\\/\",\"url\":\"https:\\\/\\\/gambling6.com\\\/ro\\\/cazinou\\\/unde-gasesti-sloturi-online-de-cea-mai-buna-calitate\\\/\",\"name\":\"Aparate de sloturi online de cea mai bun\u0103 calitate\",\"isPartOf\":{\"@id\":\"https:\\\/\\\/gambling6.com\\\/ro\\\/#website\"},\"primaryImageOfPage\":{\"@id\":\"https:\\\/\\\/gambling6.com\\\/ro\\\/cazinou\\\/unde-gasesti-sloturi-online-de-cea-mai-buna-calitate\\\/#primaryimage\"},\"image\":{\"@id\":\"https:\\\/\\\/gambling6.com\\\/ro\\\/cazinou\\\/unde-gasesti-sloturi-online-de-cea-mai-buna-calitate\\\/#primaryimage\"},\"thumbnailUrl\":\"https:\\\/\\\/gambling6.com\\\/wp-content\\\/uploads\\\/2013\\\/12\\\/mobile-gambling-150x150.jpg\",\"datePublished\":\"2025-11-08T12:14:12+00:00\",\"dateModified\":\"2025-11-15T09:39:33+00:00\",\"description\":\"Juc\u00e2nd cele mai bune sloturi \u0219i jocuri de sloturi de pe internet. G\u0103si\u021bi sloturi online de cea mai bun\u0103 calitate aici!\",\"breadcrumb\":{\"@id\":\"https:\\\/\\\/gambling6.com\\\/ro\\\/cazinou\\\/unde-gasesti-sloturi-online-de-cea-mai-buna-calitate\\\/#breadcrumb\"},\"inLanguage\":\"ro-RO\",\"potentialAction\":[{\"@type\":\"ReadAction\",\"target\":[\"https:\\\/\\\/gambling6.com\\\/ro\\\/cazinou\\\/unde-gasesti-sloturi-online-de-cea-mai-buna-calitate\\\/\"]}]},{\"@type\":\"ImageObject\",\"inLanguage\":\"ro-RO\",\"@id\":\"https:\\\/\\\/gambling6.com\\\/ro\\\/cazinou\\\/unde-gasesti-sloturi-online-de-cea-mai-buna-calitate\\\/#primaryimage\",\"url\":\"https:\\\/\\\/gambling6.com\\\/wp-content\\\/uploads\\\/2013\\\/12\\\/mobile-gambling-150x150.jpg\",\"contentUrl\":\"https:\\\/\\\/gambling6.com\\\/wp-content\\\/uploads\\\/2013\\\/12\\\/mobile-gambling-150x150.jpg\"},{\"@type\":\"BreadcrumbList\",\"@id\":\"https:\\\/\\\/gambling6.com\\\/ro\\\/cazinou\\\/unde-gasesti-sloturi-online-de-cea-mai-buna-calitate\\\/#breadcrumb\",\"itemListElement\":[{\"@type\":\"ListItem\",\"position\":1,\"name\":\"Home\",\"item\":\"https:\\\/\\\/gambling6.com\\\/ro\\\/home\\\/\"},{\"@type\":\"ListItem\",\"position\":2,\"name\":\"Cazinou\",\"item\":\"https:\\\/\\\/gambling6.com\\\/ro\\\/get-started-with-online-gambling\\\/\"},{\"@type\":\"ListItem\",\"position\":3,\"name\":\"Unde g\u0103se\u0219ti sloturi online de cea mai bun\u0103 calitate\"}]},{\"@type\":\"WebSite\",\"@id\":\"https:\\\/\\\/gambling6.com\\\/ro\\\/#website\",\"url\":\"https:\\\/\\\/gambling6.com\\\/ro\\\/\",\"name\":\"Gambling6\",\"description\":\"\",\"potentialAction\":[{\"@type\":\"SearchAction\",\"target\":{\"@type\":\"EntryPoint\",\"urlTemplate\":\"https:\\\/\\\/gambling6.com\\\/ro\\\/?s={search_term_string}\"},\"query-input\":{\"@type\":\"PropertyValueSpecification\",\"valueRequired\":true,\"valueName\":\"search_term_string\"}}],\"inLanguage\":\"ro-RO\"}]}<\/script>\n<!-- \/ Yoast SEO plugin. -->","yoast_head_json":{"title":"Aparate de sloturi online de cea mai bun\u0103 calitate","description":"Juc\u00e2nd cele mai bune sloturi \u0219i jocuri de sloturi de pe internet. G\u0103si\u021bi sloturi online de cea mai bun\u0103 calitate aici!","robots":{"index":"index","follow":"follow","max-snippet":"max-snippet:-1","max-image-preview":"max-image-preview:large","max-video-preview":"max-video-preview:-1"},"canonical":"https:\/\/gambling6.com\/ro\/cazinou\/unde-gasesti-sloturi-online-de-cea-mai-buna-calitate\/","og_locale":"ro_RO","og_type":"article","og_title":"Aparate de sloturi online de cea mai bun\u0103 calitate","og_description":"Juc\u00e2nd cele mai bune sloturi \u0219i jocuri de sloturi de pe internet. G\u0103si\u021bi sloturi online de cea mai bun\u0103 calitate aici!","og_url":"https:\/\/gambling6.com\/ro\/cazinou\/unde-gasesti-sloturi-online-de-cea-mai-buna-calitate\/","og_site_name":"Gambling6","article_modified_time":"2025-11-15T09:39:33+00:00","og_image":[{"width":150,"height":150,"url":"https:\/\/gambling6.com\/wp-content\/uploads\/2013\/12\/mobile-gambling-150x150.jpg","type":"image\/jpeg"}],"twitter_card":"summary_large_image","twitter_misc":{"Timp estimat pentru citire":"4 minute"},"schema":{"@context":"https:\/\/schema.org","@graph":[{"@type":"WebPage","@id":"https:\/\/gambling6.com\/ro\/cazinou\/unde-gasesti-sloturi-online-de-cea-mai-buna-calitate\/","url":"https:\/\/gambling6.com\/ro\/cazinou\/unde-gasesti-sloturi-online-de-cea-mai-buna-calitate\/","name":"Aparate de sloturi online de cea mai bun\u0103 calitate","isPartOf":{"@id":"https:\/\/gambling6.com\/ro\/#website"},"primaryImageOfPage":{"@id":"https:\/\/gambling6.com\/ro\/cazinou\/unde-gasesti-sloturi-online-de-cea-mai-buna-calitate\/#primaryimage"},"image":{"@id":"https:\/\/gambling6.com\/ro\/cazinou\/unde-gasesti-sloturi-online-de-cea-mai-buna-calitate\/#primaryimage"},"thumbnailUrl":"https:\/\/gambling6.com\/wp-content\/uploads\/2013\/12\/mobile-gambling-150x150.jpg","datePublished":"2025-11-08T12:14:12+00:00","dateModified":"2025-11-15T09:39:33+00:00","description":"Juc\u00e2nd cele mai bune sloturi \u0219i jocuri de sloturi de pe internet. G\u0103si\u021bi sloturi online de cea mai bun\u0103 calitate aici!","breadcrumb":{"@id":"https:\/\/gambling6.com\/ro\/cazinou\/unde-gasesti-sloturi-online-de-cea-mai-buna-calitate\/#breadcrumb"},"inLanguage":"ro-RO","potentialAction":[{"@type":"ReadAction","target":["https:\/\/gambling6.com\/ro\/cazinou\/unde-gasesti-sloturi-online-de-cea-mai-buna-calitate\/"]}]},{"@type":"ImageObject","inLanguage":"ro-RO","@id":"https:\/\/gambling6.com\/ro\/cazinou\/unde-gasesti-sloturi-online-de-cea-mai-buna-calitate\/#primaryimage","url":"https:\/\/gambling6.com\/wp-content\/uploads\/2013\/12\/mobile-gambling-150x150.jpg","contentUrl":"https:\/\/gambling6.com\/wp-content\/uploads\/2013\/12\/mobile-gambling-150x150.jpg"},{"@type":"BreadcrumbList","@id":"https:\/\/gambling6.com\/ro\/cazinou\/unde-gasesti-sloturi-online-de-cea-mai-buna-calitate\/#breadcrumb","itemListElement":[{"@type":"ListItem","position":1,"name":"Home","item":"https:\/\/gambling6.com\/ro\/home\/"},{"@type":"ListItem","position":2,"name":"Cazinou","item":"https:\/\/gambling6.com\/ro\/get-started-with-online-gambling\/"},{"@type":"ListItem","position":3,"name":"Unde g\u0103se\u0219ti sloturi online de cea mai bun\u0103 calitate"}]},{"@type":"WebSite","@id":"https:\/\/gambling6.com\/ro\/#website","url":"https:\/\/gambling6.com\/ro\/","name":"Gambling6","description":"","potentialAction":[{"@type":"SearchAction","target":{"@type":"EntryPoint","urlTemplate":"https:\/\/gambling6.com\/ro\/?s={search_term_string}"},"query-input":{"@type":"PropertyValueSpecification","valueRequired":true,"valueName":"search_term_string"}}],"inLanguage":"ro-RO"}]}},"_links":{"self":[{"href":"https:\/\/gambling6.com\/ro\/wp-json\/wp\/v2\/pages\/8969","targetHints":{"allow":["GET"]}}],"collection":[{"href":"https:\/\/gambling6.com\/ro\/wp-json\/wp\/v2\/pages"}],"about":[{"href":"https:\/\/gambling6.com\/ro\/wp-json\/wp\/v2\/types\/page"}],"author":[{"embeddable":true,"href":"https:\/\/gambling6.com\/ro\/wp-json\/wp\/v2\/users\/1"}],"replies":[{"embeddable":true,"href":"https:\/\/gambling6.com\/ro\/wp-json\/wp\/v2\/comments?post=8969"}],"version-history":[{"count":1,"href":"https:\/\/gambling6.com\/ro\/wp-json\/wp\/v2\/pages\/8969\/revisions"}],"predecessor-version":[{"id":10890,"href":"https:\/\/gambling6.com\/ro\/wp-json\/wp\/v2\/pages\/8969\/revisions\/10890"}],"up":[{"embeddable":true,"href":"https:\/\/gambling6.com\/ro\/wp-json\/wp\/v2\/pages\/8324"}],"wp:attachment":[{"href":"https:\/\/gambling6.com\/ro\/wp-json\/wp\/v2\/media?parent=8969"}],"curies":[{"name":"wp","href":"https:\/\/api.w.org\/{rel}","templated":true}]}}