{"id":9054,"date":"2025-11-08T13:53:58","date_gmt":"2025-11-08T13:53:58","guid":{"rendered":"https:\/\/gambling6.com\/cazinou\/cazinouri-online-cu-bani-reali-intelegerea-detaliilor\/"},"modified":"2025-11-15T09:14:14","modified_gmt":"2025-11-15T09:14:14","slug":"cazinouri-online-cu-bani-reali-intelegerea-detaliilor","status":"publish","type":"page","link":"https:\/\/gambling6.com\/ro\/cazinou\/cazinouri-online-cu-bani-reali-intelegerea-detaliilor\/","title":{"rendered":"Cazinouri online cu bani reali: \u00cen\u021belegerea detaliilor"},"content":{"rendered":"<h2>Verificarea Termenilor \u0219i Condi\u021biilor Cazinourilor Online<\/h2>\n<p><img loading=\"lazy\" decoding=\"async\" class=\"alignright size-full wp-image-62 alignleft size-full wp-image-64\" style=\"margin: 5px; float: left;\" title=\"casino fine print\" src=\"http:\/\/gambling6.com\/wp-content\/uploads\/2013\/12\/casino-fine-print.jpg\" alt=\"termini \u0219i condi\u021bii cazinou fine print\" width=\"168\" height=\"147\" \/><span style=\"box-sizing: border-box; margin: 0px; padding: 0px;\">C\u00e2nd v\u0103 \u00eenregistra\u021bi la un\u00a0<strong>cazinou online cu bani reali,<\/strong> vi se cere s\u0103 accepta\u021bi acordul de utilizare, care con\u021bine termenii \u0219i condi\u021biile cazinoului online pe care trebuie s\u0103 le respecta\u021bi.<\/span>\u00a0Unele dintre aceste condi\u021bii se refer\u0103 la procesele bancare ale cazinoului, \u00een timp ce altele se pot referi la pariuri, jocuri \u0219i bonusuri.<\/p>\n<p>Este esen\u021bial s\u0103 \u00een\u021belege\u021bi \u0219i s\u0103 realiza\u021bi pe deplin impactul acestor termeni \u0219i condi\u021bii \u00eenainte de a le accepta. Transferul de fonduri c\u0103tre \u0219i de la cazinou este probabil cea mai important\u0103 func\u021bie care afecteaz\u0103 juc\u0103torul. Prin urmare, este esen\u021bial s\u0103 fi\u021bi con\u0219tient de ceea ce implica\u021bi exact atunci c\u00e2nd accepta\u021bi termenii cazinoului. \u00cen acest articol, ne propunem s\u0103 simplific\u0103m limbajul juridic pentru a explica ce implic\u0103 aceste condi\u021bii. Juc\u0103torul trebuie s\u0103 accepte anumite obliga\u021bii atunci c\u00e2nd accept\u0103 acordul de utilizare. De asemenea, trebuie s\u0103 ofere anumite garan\u021bii.<\/p>\n<p>\u00cen general, se poate spune c\u0103 unele cazinouri online includ paragrafe \u00een termenii \u0219i condi\u021biile lor care pot avea consecin\u021be foarte negative pentru juc\u0103tori. Acestea se bazeaz\u0103 pe faptul c\u0103 nimeni nu ar citi toate termenii \u0219i condi\u021biile. \u00cen consecin\u021b\u0103, v\u0103 suger\u0103m s\u0103 r\u0103m\u00e2ne\u021bi la cazinouri care sunt reglementate, au o bun\u0103 reputa\u021bie \u0219i, prin urmare, termeni \u0219i condi\u021bii corecte.<\/p>\n<p>BetOnline Casino este unul dintre aceste cazinouri. Termenii \u0219i condi\u021biile lor nu con\u021bin surprize. Acestea reflect\u0103 faptul c\u0103, din cauza reglement\u0103rilor recente din SUA, procesul de depunere \u0219i retragere nu mai este la fel de simplu ca \u00eenainte. Dar, \u00een aceste circumstan\u021be, termenii lor sunt \u00eenc\u0103 corecti.<\/p>\n<p><a class=\"thirstylink\" title=\"Betonline casino ro\" href=\"https:\/\/gambling6.com\/go\/betonline-casino-ro\/\" target=\"_blank\" rel=\"nofollow noopener\"><img loading=\"lazy\" decoding=\"async\" class=\"wp-image-7875 aligncenter\" src=\"https:\/\/gambling6.com\/wp-content\/uploads\/2025\/10\/BOL_AQC_banner_468x60_FS1_casino-300x38.gif\" alt=\"Cazinou BetOnline\" width=\"498\" height=\"63\" \/><\/a><\/p>\n<h2>Ceea ce prevede de obicei juc\u0103torul \u00een termenii \u0219i condi\u021biile cazinoului<\/h2>\n<p>De asemenea, cazinoul a\u0219teapt\u0103 confirmarea din partea juc\u0103torului c\u0103 este proprietarul legal al fondurilor utilizate pentru pariuri. Cu alte cuvinte, acesta nu poate folosi un card de credit care nu \u00eei apar\u021bine pentru a-\u0219i alimenta contul. De asemenea, cardul s\u0103u de credit va fi verificat \u00eenainte de a putea fi efectuate orice retrageri. \u00cen mod similar, nu poate utiliza alte op\u021biuni de plat\u0103 care nu sunt pe numele s\u0103u.<\/p>\n<p>\u00cenc\u0103lc\u0103rile acordului, fie c\u0103 sunt legate de procesele bancare sau de pariuri, vor afecta mai \u00eent\u00e2i contul juc\u0103torului. Dac\u0103 contul este suspendat, cazinoul cu bani poate re\u021bine fondurile contestate; \u00een majoritatea cazurilor, va re\u021bine toate fondurile, inclusiv bonusurile, depozitele \u0219i ramburs\u0103rile, f\u0103r\u0103 a face nicio distinc\u021bie. Acest lucru este \u00een conformitate cu termenii pe care i-a\u021bi convenit.<\/p>\n<p>Dac\u0103 juc\u0103torul datoreaz\u0103 bani cazinoului, cazinoul poate depune toate eforturile pentru a recupera suma, inclusiv angaj\u00e2nd agen\u021bii de colectare. Unele cazinouri online au politici stricte privind conturile inactive. Unul dintre prietenii mei a \u00eenv\u0103\u021bat acest lucru pe calea cea grea. Se \u00eenregistrase la un cazinou online \u0219i jucase acolo o perioad\u0103 de timp, c\u00e2\u0219tig\u00e2nd o sum\u0103 frumu\u0219ic\u0103. A trecut la un alt cazinou, pl\u0103nuind s\u0103 revin\u0103 la primul dup\u0103 scurt timp. C\u00e2nd \u0219i-a verificat contul data viitoare, nu a g\u0103sit niciun sold. La contactarea serviciului clien\u021bi, i s-a spus c\u0103 banii s\u0103i fuseser\u0103 pierdu\u021bi pentru c\u0103 nu jucase la cazinou mai mult de 6 luni. Desigur, acest lucru este oarecum neobi\u0219nuit \u0219i, chiar dac\u0103 \u021bi s-a \u00eent\u00e2mplat, ai putea rezolva problema cu un scurt e-mail c\u0103tre serviciul clien\u021bi.<\/p>\n<h2>Lucruri la care trebuie s\u0103 fii atent<\/h2>\n<p>Totu\u0219i, dac\u0103 decizi s\u0103 nu mai joci la cazinoul t\u0103u online, asigur\u0103-te c\u0103 retragi toate fondurile din contul t\u0103u de numerar al cazinoului, indiferent c\u00e2t de scurt\u0103 va fi pauza. Verific\u0103 dac\u0103 vor fi deduse comisioane pentru retrageri. Dac\u0103 exist\u0103 o tax\u0103 fix\u0103 \u200b\u200bpentru retrageri, este posibil s\u0103 vrei s\u0103 retragi toate fondurile simultan, \u00een loc s\u0103 faci retrageri multiple. Nu retrage bani dac\u0103 inten\u021bionezi s\u0103 depui din nou la scurt timp &#8211; vei pierde bani dac\u0103 o faci. <strong>Compara diferitele op\u021biuni de procesare a banilor disponibile &#8211; unele vin cu comisioane mai mici, altele cu comisioane mai mari!<\/strong><\/p>\n<p>Exist\u0103 \u0219i al\u021bi termeni \u0219i condi\u021bii referitoare la bonusuri \u0219i oferte promo\u021bionale ale cazinoului. \u00cen general, acestea sunt condi\u021bii de eligibilitate \u0219i cerin\u021be de pariere necesare pentru a elibera bonusul cazinoului. Este o practic\u0103 bun\u0103 s\u0103 cite\u0219ti \u0219i s\u0103 \u00een\u021belegi aceste cerin\u021be \u00eenainte de a accepta oferte de bonusuri ale cazinoului. De asemenea, \u00eenainte de a se \u00eenregistra la orice cazinou online, juc\u0103torii trebuie s\u0103 citeasc\u0103 termenii \u0219i condi\u021biile \u0219i s\u0103 \u00een\u021beleag\u0103 instruc\u021biunile cu litere mici \u0219i \u00eentreb\u0103rile frecvente despre cazinourile cu bani reali, pentru a nu \u00eent\u00e2mpina probleme inutile mai t\u00e2rziu. De obicei, cazinourile online au o pagin\u0103 \u00eentreag\u0103 dedicat\u0103 acordurilor cu utilizatorul final, iar tuPrima sarcin\u0103 ar trebui s\u0103 fie s\u0103 le cite\u0219ti cu aten\u021bie \u00eenainte de a te decide s\u0103 te \u00eenscrii la cazinou.<\/p>\n","protected":false},"excerpt":{"rendered":"<p>Verificarea Termenilor \u0219i Condi\u021biilor Cazinourilor Online C\u00e2nd v\u0103 \u00eenregistra\u021bi la un\u00a0cazinou online cu bani reali, vi se cere s\u0103 accepta\u021bi acordul de utilizare, care con\u021bine termenii \u0219i condi\u021biile cazinoului online pe care trebuie s\u0103 le respecta\u021bi.\u00a0Unele dintre aceste condi\u021bii se refer\u0103 la procesele bancare ale cazinoului, \u00een timp ce altele se pot referi la pariuri, [&hellip;]<\/p>\n","protected":false},"author":1,"featured_media":9039,"parent":8324,"menu_order":68,"comment_status":"closed","ping_status":"closed","template":"","meta":{"footnotes":""},"class_list":["post-9054","page","type-page","status-publish","has-post-thumbnail","hentry"],"yoast_head":"<!-- This site is optimized with the Yoast SEO plugin v27.4 - https:\/\/yoast.com\/product\/yoast-seo-wordpress\/ -->\n<title>La ce s\u0103 fii atent \u00een termenii \u0219i condi\u021biile cazinoului<\/title>\n<meta name=\"description\" content=\"Termeni \u0219i condi\u021bii ale cazinourilor online, cu litere mici - la ce s\u0103 v\u0103 a\u0219tepta\u021bi \u0219i la ce nu\" \/>\n<meta name=\"robots\" content=\"index, follow, max-snippet:-1, max-image-preview:large, max-video-preview:-1\" \/>\n<link rel=\"canonical\" href=\"https:\/\/gambling6.com\/ro\/cazinou\/cazinouri-online-cu-bani-reali-intelegerea-detaliilor\/\" \/>\n<meta property=\"og:locale\" content=\"ro_RO\" \/>\n<meta property=\"og:type\" content=\"article\" \/>\n<meta property=\"og:title\" content=\"La ce s\u0103 fii atent \u00een termenii \u0219i condi\u021biile cazinoului\" \/>\n<meta property=\"og:description\" content=\"Termeni \u0219i condi\u021bii ale cazinourilor online, cu litere mici - la ce s\u0103 v\u0103 a\u0219tepta\u021bi \u0219i la ce nu\" \/>\n<meta property=\"og:url\" content=\"https:\/\/gambling6.com\/ro\/cazinou\/cazinouri-online-cu-bani-reali-intelegerea-detaliilor\/\" \/>\n<meta property=\"og:site_name\" content=\"Gambling6\" \/>\n<meta property=\"article:modified_time\" content=\"2025-11-15T09:14:14+00:00\" \/>\n<meta property=\"og:image\" content=\"https:\/\/gambling6.com\/wp-content\/uploads\/2013\/12\/casino-fine-print.jpg\" \/>\n\t<meta property=\"og:image:width\" content=\"200\" \/>\n\t<meta property=\"og:image:height\" content=\"175\" \/>\n\t<meta property=\"og:image:type\" content=\"image\/jpeg\" \/>\n<meta name=\"twitter:card\" content=\"summary_large_image\" \/>\n<meta name=\"twitter:label1\" content=\"Timp estimat pentru citire\" \/>\n\t<meta name=\"twitter:data1\" content=\"4 minute\" \/>\n<script type=\"application\/ld+json\" class=\"yoast-schema-graph\">{\"@context\":\"https:\\\/\\\/schema.org\",\"@graph\":[{\"@type\":\"WebPage\",\"@id\":\"https:\\\/\\\/gambling6.com\\\/ro\\\/cazinou\\\/cazinouri-online-cu-bani-reali-intelegerea-detaliilor\\\/\",\"url\":\"https:\\\/\\\/gambling6.com\\\/ro\\\/cazinou\\\/cazinouri-online-cu-bani-reali-intelegerea-detaliilor\\\/\",\"name\":\"La ce s\u0103 fii atent \u00een termenii \u0219i condi\u021biile cazinoului\",\"isPartOf\":{\"@id\":\"https:\\\/\\\/gambling6.com\\\/ro\\\/#website\"},\"primaryImageOfPage\":{\"@id\":\"https:\\\/\\\/gambling6.com\\\/ro\\\/cazinou\\\/cazinouri-online-cu-bani-reali-intelegerea-detaliilor\\\/#primaryimage\"},\"image\":{\"@id\":\"https:\\\/\\\/gambling6.com\\\/ro\\\/cazinou\\\/cazinouri-online-cu-bani-reali-intelegerea-detaliilor\\\/#primaryimage\"},\"thumbnailUrl\":\"https:\\\/\\\/gambling6.com\\\/wp-content\\\/uploads\\\/2013\\\/12\\\/casino-fine-print.jpg\",\"datePublished\":\"2025-11-08T13:53:58+00:00\",\"dateModified\":\"2025-11-15T09:14:14+00:00\",\"description\":\"Termeni \u0219i condi\u021bii ale cazinourilor online, cu litere mici - la ce s\u0103 v\u0103 a\u0219tepta\u021bi \u0219i la ce nu\",\"breadcrumb\":{\"@id\":\"https:\\\/\\\/gambling6.com\\\/ro\\\/cazinou\\\/cazinouri-online-cu-bani-reali-intelegerea-detaliilor\\\/#breadcrumb\"},\"inLanguage\":\"ro-RO\",\"potentialAction\":[{\"@type\":\"ReadAction\",\"target\":[\"https:\\\/\\\/gambling6.com\\\/ro\\\/cazinou\\\/cazinouri-online-cu-bani-reali-intelegerea-detaliilor\\\/\"]}]},{\"@type\":\"ImageObject\",\"inLanguage\":\"ro-RO\",\"@id\":\"https:\\\/\\\/gambling6.com\\\/ro\\\/cazinou\\\/cazinouri-online-cu-bani-reali-intelegerea-detaliilor\\\/#primaryimage\",\"url\":\"https:\\\/\\\/gambling6.com\\\/wp-content\\\/uploads\\\/2013\\\/12\\\/casino-fine-print.jpg\",\"contentUrl\":\"https:\\\/\\\/gambling6.com\\\/wp-content\\\/uploads\\\/2013\\\/12\\\/casino-fine-print.jpg\",\"width\":200,\"height\":175,\"caption\":\"casino fine print\"},{\"@type\":\"BreadcrumbList\",\"@id\":\"https:\\\/\\\/gambling6.com\\\/ro\\\/cazinou\\\/cazinouri-online-cu-bani-reali-intelegerea-detaliilor\\\/#breadcrumb\",\"itemListElement\":[{\"@type\":\"ListItem\",\"position\":1,\"name\":\"Home\",\"item\":\"https:\\\/\\\/gambling6.com\\\/ro\\\/home\\\/\"},{\"@type\":\"ListItem\",\"position\":2,\"name\":\"Cazinou\",\"item\":\"https:\\\/\\\/gambling6.com\\\/ro\\\/get-started-with-online-gambling\\\/\"},{\"@type\":\"ListItem\",\"position\":3,\"name\":\"Cazinouri online cu bani reali: \u00cen\u021belegerea detaliilor\"}]},{\"@type\":\"WebSite\",\"@id\":\"https:\\\/\\\/gambling6.com\\\/ro\\\/#website\",\"url\":\"https:\\\/\\\/gambling6.com\\\/ro\\\/\",\"name\":\"Gambling6\",\"description\":\"\",\"potentialAction\":[{\"@type\":\"SearchAction\",\"target\":{\"@type\":\"EntryPoint\",\"urlTemplate\":\"https:\\\/\\\/gambling6.com\\\/ro\\\/?s={search_term_string}\"},\"query-input\":{\"@type\":\"PropertyValueSpecification\",\"valueRequired\":true,\"valueName\":\"search_term_string\"}}],\"inLanguage\":\"ro-RO\"}]}<\/script>\n<!-- \/ Yoast SEO plugin. -->","yoast_head_json":{"title":"La ce s\u0103 fii atent \u00een termenii \u0219i condi\u021biile cazinoului","description":"Termeni \u0219i condi\u021bii ale cazinourilor online, cu litere mici - la ce s\u0103 v\u0103 a\u0219tepta\u021bi \u0219i la ce nu","robots":{"index":"index","follow":"follow","max-snippet":"max-snippet:-1","max-image-preview":"max-image-preview:large","max-video-preview":"max-video-preview:-1"},"canonical":"https:\/\/gambling6.com\/ro\/cazinou\/cazinouri-online-cu-bani-reali-intelegerea-detaliilor\/","og_locale":"ro_RO","og_type":"article","og_title":"La ce s\u0103 fii atent \u00een termenii \u0219i condi\u021biile cazinoului","og_description":"Termeni \u0219i condi\u021bii ale cazinourilor online, cu litere mici - la ce s\u0103 v\u0103 a\u0219tepta\u021bi \u0219i la ce nu","og_url":"https:\/\/gambling6.com\/ro\/cazinou\/cazinouri-online-cu-bani-reali-intelegerea-detaliilor\/","og_site_name":"Gambling6","article_modified_time":"2025-11-15T09:14:14+00:00","og_image":[{"width":200,"height":175,"url":"https:\/\/gambling6.com\/wp-content\/uploads\/2013\/12\/casino-fine-print.jpg","type":"image\/jpeg"}],"twitter_card":"summary_large_image","twitter_misc":{"Timp estimat pentru citire":"4 minute"},"schema":{"@context":"https:\/\/schema.org","@graph":[{"@type":"WebPage","@id":"https:\/\/gambling6.com\/ro\/cazinou\/cazinouri-online-cu-bani-reali-intelegerea-detaliilor\/","url":"https:\/\/gambling6.com\/ro\/cazinou\/cazinouri-online-cu-bani-reali-intelegerea-detaliilor\/","name":"La ce s\u0103 fii atent \u00een termenii \u0219i condi\u021biile cazinoului","isPartOf":{"@id":"https:\/\/gambling6.com\/ro\/#website"},"primaryImageOfPage":{"@id":"https:\/\/gambling6.com\/ro\/cazinou\/cazinouri-online-cu-bani-reali-intelegerea-detaliilor\/#primaryimage"},"image":{"@id":"https:\/\/gambling6.com\/ro\/cazinou\/cazinouri-online-cu-bani-reali-intelegerea-detaliilor\/#primaryimage"},"thumbnailUrl":"https:\/\/gambling6.com\/wp-content\/uploads\/2013\/12\/casino-fine-print.jpg","datePublished":"2025-11-08T13:53:58+00:00","dateModified":"2025-11-15T09:14:14+00:00","description":"Termeni \u0219i condi\u021bii ale cazinourilor online, cu litere mici - la ce s\u0103 v\u0103 a\u0219tepta\u021bi \u0219i la ce nu","breadcrumb":{"@id":"https:\/\/gambling6.com\/ro\/cazinou\/cazinouri-online-cu-bani-reali-intelegerea-detaliilor\/#breadcrumb"},"inLanguage":"ro-RO","potentialAction":[{"@type":"ReadAction","target":["https:\/\/gambling6.com\/ro\/cazinou\/cazinouri-online-cu-bani-reali-intelegerea-detaliilor\/"]}]},{"@type":"ImageObject","inLanguage":"ro-RO","@id":"https:\/\/gambling6.com\/ro\/cazinou\/cazinouri-online-cu-bani-reali-intelegerea-detaliilor\/#primaryimage","url":"https:\/\/gambling6.com\/wp-content\/uploads\/2013\/12\/casino-fine-print.jpg","contentUrl":"https:\/\/gambling6.com\/wp-content\/uploads\/2013\/12\/casino-fine-print.jpg","width":200,"height":175,"caption":"casino fine print"},{"@type":"BreadcrumbList","@id":"https:\/\/gambling6.com\/ro\/cazinou\/cazinouri-online-cu-bani-reali-intelegerea-detaliilor\/#breadcrumb","itemListElement":[{"@type":"ListItem","position":1,"name":"Home","item":"https:\/\/gambling6.com\/ro\/home\/"},{"@type":"ListItem","position":2,"name":"Cazinou","item":"https:\/\/gambling6.com\/ro\/get-started-with-online-gambling\/"},{"@type":"ListItem","position":3,"name":"Cazinouri online cu bani reali: \u00cen\u021belegerea detaliilor"}]},{"@type":"WebSite","@id":"https:\/\/gambling6.com\/ro\/#website","url":"https:\/\/gambling6.com\/ro\/","name":"Gambling6","description":"","potentialAction":[{"@type":"SearchAction","target":{"@type":"EntryPoint","urlTemplate":"https:\/\/gambling6.com\/ro\/?s={search_term_string}"},"query-input":{"@type":"PropertyValueSpecification","valueRequired":true,"valueName":"search_term_string"}}],"inLanguage":"ro-RO"}]}},"_links":{"self":[{"href":"https:\/\/gambling6.com\/ro\/wp-json\/wp\/v2\/pages\/9054","targetHints":{"allow":["GET"]}}],"collection":[{"href":"https:\/\/gambling6.com\/ro\/wp-json\/wp\/v2\/pages"}],"about":[{"href":"https:\/\/gambling6.com\/ro\/wp-json\/wp\/v2\/types\/page"}],"author":[{"embeddable":true,"href":"https:\/\/gambling6.com\/ro\/wp-json\/wp\/v2\/users\/1"}],"replies":[{"embeddable":true,"href":"https:\/\/gambling6.com\/ro\/wp-json\/wp\/v2\/comments?post=9054"}],"version-history":[{"count":1,"href":"https:\/\/gambling6.com\/ro\/wp-json\/wp\/v2\/pages\/9054\/revisions"}],"predecessor-version":[{"id":10865,"href":"https:\/\/gambling6.com\/ro\/wp-json\/wp\/v2\/pages\/9054\/revisions\/10865"}],"up":[{"embeddable":true,"href":"https:\/\/gambling6.com\/ro\/wp-json\/wp\/v2\/pages\/8324"}],"wp:featuredmedia":[{"embeddable":true,"href":"https:\/\/gambling6.com\/ro\/wp-json\/wp\/v2\/media\/9039"}],"wp:attachment":[{"href":"https:\/\/gambling6.com\/ro\/wp-json\/wp\/v2\/media?parent=9054"}],"curies":[{"name":"wp","href":"https:\/\/api.w.org\/{rel}","templated":true}]}}