{"id":9114,"date":"2025-11-10T09:30:15","date_gmt":"2025-11-10T09:30:15","guid":{"rendered":"https:\/\/gambling6.com\/sfaturi-pentru-pariuri-sportive-ghidul-tau-pentru-pariuri-online\/"},"modified":"2025-11-12T19:22:08","modified_gmt":"2025-11-12T19:22:08","slug":"sfaturi-pentru-pariuri-sportive-ghidul-tau-pentru-pariuri-online","status":"publish","type":"page","link":"https:\/\/gambling6.com\/ro\/pariuri-sportive\/sfaturi-pentru-pariuri-sportive-ghidul-tau-pentru-pariuri-online\/","title":{"rendered":"Sfaturi pentru pariuri sportive &#8211; Ghidul t\u0103u pentru pariuri online"},"content":{"rendered":"<h2>Un ghid complet pentru lumea pariurilor online!<\/h2>\n<p>\u00cenc\u0103 de la \u00eenceputurile omenirii, jocurile de noroc au fost \u00een natura noastr\u0103. Odat\u0103 ce internetul a ap\u0103rut dup\u0103 col\u021b, a fost firesc s\u0103 apar\u0103 site-urile de jocuri de noroc. Odat\u0103 ce au ap\u0103rut, s-au bucurat de un succes extraordinar, jocurile de noroc online fiind acum una dintre cele mai populare activit\u0103\u021bi din lume.<\/p>\n<p>S\u0103 presupunem c\u0103 vrei s\u0103 \u00eencepi s\u0103 joci un joc de noroc online. \u00cen acest caz, ar trebui s\u0103 \u0219tii c\u0103 \u00eenregistrarea unui cont la oricare dintre site-urile importante de jocuri de noroc online \u00ee\u021bi va lua doar c\u00e2teva minute, dup\u0103 care e\u0219ti liber s\u0103 joci orice dore\u0219ti, de la jocuri de cazinou online la poker online sau chiar s\u0103 pariezi pe site-uri sportive sau financiare.<\/p>\n<p><img loading=\"lazy\" decoding=\"async\" class=\"size-medium wp-image-3057 alignright\" src=\"https:\/\/gambling6.com\/wp-content\/uploads\/2022\/04\/soccermoney-300x200.jpg\" alt=\"ghid de pariuri online\" width=\"300\" height=\"200\" srcset=\"https:\/\/gambling6.com\/wp-content\/uploads\/2022\/04\/soccermoney-300x200.jpg 300w, https:\/\/gambling6.com\/wp-content\/uploads\/2022\/04\/soccermoney.jpg 424w\" sizes=\"auto, (max-width: 300px) 100vw, 300px\" \/>Apropo de pariurile online, ar trebui s\u0103 \u0219tii c\u0103, dac\u0103 vrei s\u0103 te al\u0103turi unui site de jocuri de noroc online care nu necesit\u0103 s\u0103 \u00eenve\u021bi cum s\u0103 joci un joc nou (ceea ce ar fi cazul cu orice, de la poker online la jocuri de cazino online), pariurile online sunt solu\u021bia perfect\u0103. \u0218tii deja regulile &#8211; tot ce trebuie s\u0103 faci este s\u0103 ghice\u0219ti corect rezultatul unui joc dintr-un sport profesionist \u0219i asta e tot. Dac\u0103 ai dreptate, e\u0219ti pl\u0103tit. Dac\u0103 gre\u0219e\u0219ti, po\u021bi \u00eencerca din nou.<\/p>\n<p>S\u0103 presupunem c\u0103 nu ai descoperit pariurile online p\u00e2n\u0103 acum. Ar fi o prostie s\u0103 \u00eencepi s\u0103 joci f\u0103r\u0103 s\u0103 \u0219tii nimic despre industrie, sporturi sau chiar site-urile de jocuri de noroc online la care vrei s\u0103 te al\u0103turi. De aceea exist\u0103 site-uri al c\u0103ror unic scop este s\u0103 te aduc\u0103 mai aproape de activit\u0103\u021bile tale preferate de jocuri de noroc online, oferindu-\u021bi c\u00e2t mai multe cuno\u0219tin\u021be posibil.<\/p>\n<p><strong>BetOnline<\/strong> este unul dintre cele mai bune site-uri de pariuri online din lume. De la pariuri pe curse la pariuri sportive, pariuri financiare, toate sunt prezentate aici \u00een detaliu, iar tu po\u021bi \u00eenv\u0103\u021ba tot ce trebuie s\u0103 \u0219tie un \u00eencep\u0103tor petrec\u00e2nd doar c\u00e2teva minute \u00een sec\u021biunea care te intereseaz\u0103.<\/p>\n<p><a class=\"thirstylink\" title=\"Betonline sports en\" href=\"https:\/\/gambling6.com\/go\/betonline-sports-en\/\" target=\"_blank\" rel=\"nofollow noopener\">Al\u0103tur\u0103-te milioanelor de fani ai pariurilor sportive din \u00eentreaga lume la Betonline, casa noastr\u0103 de pariuri sportive preferat\u0103, urm\u00e2nd acest link.<\/a><\/p>\n<p>De exemplu, dac\u0103 vrei s\u0103 \u00eencepi s\u0103 pariezi pe curse, ar trebui s\u0103 consul\u021bi sec\u021biunea Pariuri pe curse, care \u00ee\u021bi ofer\u0103 tot ce exist\u0103 despre cursele online &#8211; de la cursele de c\u00e2ini la cursele de cai vechi, sau chiar la sporturi mai noi, cum ar fi NASCAR sau Formula 1, BetOnline este acolo pentru a-\u021bi oferi tot ce ai vrea s\u0103 \u0219tii despre fiecare dintre aceste tipuri de sporturi.<\/p>\n<p>Una peste alta, dac\u0103 vrei s\u0103 \u00eencepi s\u0103 pariezi pe sporturi, ar trebui s\u0103 \u00eencerci BetOnline, unul dintre cele mai bune site-uri de jocuri de noroc online. Te vor duce de la a nu \u0219ti absolut nimic despre aceast\u0103 industrie la a face o gr\u0103mad\u0103 de bani din ea!<\/p>\n","protected":false},"excerpt":{"rendered":"<p>Un ghid complet pentru lumea pariurilor online! \u00cenc\u0103 de la \u00eenceputurile omenirii, jocurile de noroc au fost \u00een natura noastr\u0103. Odat\u0103 ce internetul a ap\u0103rut dup\u0103 col\u021b, a fost firesc s\u0103 apar\u0103 site-urile de jocuri de noroc. Odat\u0103 ce au ap\u0103rut, s-au bucurat de un succes extraordinar, jocurile de noroc online fiind acum una dintre [&hellip;]<\/p>\n","protected":false},"author":1,"featured_media":0,"parent":9242,"menu_order":14,"comment_status":"closed","ping_status":"closed","template":"","meta":{"footnotes":""},"class_list":["post-9114","page","type-page","status-publish","hentry"],"yoast_head":"<!-- This site is optimized with the Yoast SEO plugin v27.3 - https:\/\/yoast.com\/product\/yoast-seo-wordpress\/ -->\n<title>Ghid \u0219i sfaturi pentru pariurile sportive online<\/title>\n<meta name=\"description\" content=\"\u00cencepe\u021bi s\u0103 paria\u021bi online ast\u0103zi. Vizita\u021bi BetOnline pentru o gam\u0103 complet\u0103 de op\u021biuni de pariere, precum \u0219i poker \u0219i cazinou online, toate pe un singur site web.\" \/>\n<meta name=\"robots\" content=\"index, follow, max-snippet:-1, max-image-preview:large, max-video-preview:-1\" \/>\n<link rel=\"canonical\" href=\"https:\/\/gambling6.com\/ro\/pariuri-sportive\/sfaturi-pentru-pariuri-sportive-ghidul-tau-pentru-pariuri-online\/\" \/>\n<meta property=\"og:locale\" content=\"ro_RO\" \/>\n<meta property=\"og:type\" content=\"article\" \/>\n<meta property=\"og:title\" content=\"Ghid \u0219i sfaturi pentru pariurile sportive online\" \/>\n<meta property=\"og:description\" content=\"\u00cencepe\u021bi s\u0103 paria\u021bi online ast\u0103zi. Vizita\u021bi BetOnline pentru o gam\u0103 complet\u0103 de op\u021biuni de pariere, precum \u0219i poker \u0219i cazinou online, toate pe un singur site web.\" \/>\n<meta property=\"og:url\" content=\"https:\/\/gambling6.com\/ro\/pariuri-sportive\/sfaturi-pentru-pariuri-sportive-ghidul-tau-pentru-pariuri-online\/\" \/>\n<meta property=\"og:site_name\" content=\"Gambling6\" \/>\n<meta property=\"article:modified_time\" content=\"2025-11-12T19:22:08+00:00\" \/>\n<meta property=\"og:image\" content=\"https:\/\/gambling6.com\/wp-content\/uploads\/2022\/04\/soccermoney.jpg\" \/>\n\t<meta property=\"og:image:width\" content=\"424\" \/>\n\t<meta property=\"og:image:height\" content=\"283\" \/>\n\t<meta property=\"og:image:type\" content=\"image\/jpeg\" \/>\n<meta name=\"twitter:card\" content=\"summary_large_image\" \/>\n<meta name=\"twitter:label1\" content=\"Timp estimat pentru citire\" \/>\n\t<meta name=\"twitter:data1\" content=\"3 minute\" \/>\n<script type=\"application\/ld+json\" class=\"yoast-schema-graph\">{\"@context\":\"https:\\\/\\\/schema.org\",\"@graph\":[{\"@type\":\"WebPage\",\"@id\":\"https:\\\/\\\/gambling6.com\\\/ro\\\/pariuri-sportive\\\/sfaturi-pentru-pariuri-sportive-ghidul-tau-pentru-pariuri-online\\\/\",\"url\":\"https:\\\/\\\/gambling6.com\\\/ro\\\/pariuri-sportive\\\/sfaturi-pentru-pariuri-sportive-ghidul-tau-pentru-pariuri-online\\\/\",\"name\":\"Ghid \u0219i sfaturi pentru pariurile sportive online\",\"isPartOf\":{\"@id\":\"https:\\\/\\\/gambling6.com\\\/ro\\\/#website\"},\"primaryImageOfPage\":{\"@id\":\"https:\\\/\\\/gambling6.com\\\/ro\\\/pariuri-sportive\\\/sfaturi-pentru-pariuri-sportive-ghidul-tau-pentru-pariuri-online\\\/#primaryimage\"},\"image\":{\"@id\":\"https:\\\/\\\/gambling6.com\\\/ro\\\/pariuri-sportive\\\/sfaturi-pentru-pariuri-sportive-ghidul-tau-pentru-pariuri-online\\\/#primaryimage\"},\"thumbnailUrl\":\"https:\\\/\\\/gambling6.com\\\/wp-content\\\/uploads\\\/2022\\\/04\\\/soccermoney-300x200.jpg\",\"datePublished\":\"2025-11-10T09:30:15+00:00\",\"dateModified\":\"2025-11-12T19:22:08+00:00\",\"description\":\"\u00cencepe\u021bi s\u0103 paria\u021bi online ast\u0103zi. Vizita\u021bi BetOnline pentru o gam\u0103 complet\u0103 de op\u021biuni de pariere, precum \u0219i poker \u0219i cazinou online, toate pe un singur site web.\",\"breadcrumb\":{\"@id\":\"https:\\\/\\\/gambling6.com\\\/ro\\\/pariuri-sportive\\\/sfaturi-pentru-pariuri-sportive-ghidul-tau-pentru-pariuri-online\\\/#breadcrumb\"},\"inLanguage\":\"ro-RO\",\"potentialAction\":[{\"@type\":\"ReadAction\",\"target\":[\"https:\\\/\\\/gambling6.com\\\/ro\\\/pariuri-sportive\\\/sfaturi-pentru-pariuri-sportive-ghidul-tau-pentru-pariuri-online\\\/\"]}]},{\"@type\":\"ImageObject\",\"inLanguage\":\"ro-RO\",\"@id\":\"https:\\\/\\\/gambling6.com\\\/ro\\\/pariuri-sportive\\\/sfaturi-pentru-pariuri-sportive-ghidul-tau-pentru-pariuri-online\\\/#primaryimage\",\"url\":\"https:\\\/\\\/gambling6.com\\\/wp-content\\\/uploads\\\/2022\\\/04\\\/soccermoney-300x200.jpg\",\"contentUrl\":\"https:\\\/\\\/gambling6.com\\\/wp-content\\\/uploads\\\/2022\\\/04\\\/soccermoney-300x200.jpg\"},{\"@type\":\"BreadcrumbList\",\"@id\":\"https:\\\/\\\/gambling6.com\\\/ro\\\/pariuri-sportive\\\/sfaturi-pentru-pariuri-sportive-ghidul-tau-pentru-pariuri-online\\\/#breadcrumb\",\"itemListElement\":[{\"@type\":\"ListItem\",\"position\":1,\"name\":\"Home\",\"item\":\"https:\\\/\\\/gambling6.com\\\/ro\\\/home\\\/\"},{\"@type\":\"ListItem\",\"position\":2,\"name\":\"Pariuri sportive\",\"item\":\"https:\\\/\\\/gambling6.com\\\/ro\\\/introduction-to-online-sportsbetting\\\/\"},{\"@type\":\"ListItem\",\"position\":3,\"name\":\"Sfaturi pentru pariuri sportive &#8211; Ghidul t\u0103u pentru pariuri online\"}]},{\"@type\":\"WebSite\",\"@id\":\"https:\\\/\\\/gambling6.com\\\/ro\\\/#website\",\"url\":\"https:\\\/\\\/gambling6.com\\\/ro\\\/\",\"name\":\"Gambling6\",\"description\":\"\",\"potentialAction\":[{\"@type\":\"SearchAction\",\"target\":{\"@type\":\"EntryPoint\",\"urlTemplate\":\"https:\\\/\\\/gambling6.com\\\/ro\\\/?s={search_term_string}\"},\"query-input\":{\"@type\":\"PropertyValueSpecification\",\"valueRequired\":true,\"valueName\":\"search_term_string\"}}],\"inLanguage\":\"ro-RO\"}]}<\/script>\n<!-- \/ Yoast SEO plugin. -->","yoast_head_json":{"title":"Ghid \u0219i sfaturi pentru pariurile sportive online","description":"\u00cencepe\u021bi s\u0103 paria\u021bi online ast\u0103zi. Vizita\u021bi BetOnline pentru o gam\u0103 complet\u0103 de op\u021biuni de pariere, precum \u0219i poker \u0219i cazinou online, toate pe un singur site web.","robots":{"index":"index","follow":"follow","max-snippet":"max-snippet:-1","max-image-preview":"max-image-preview:large","max-video-preview":"max-video-preview:-1"},"canonical":"https:\/\/gambling6.com\/ro\/pariuri-sportive\/sfaturi-pentru-pariuri-sportive-ghidul-tau-pentru-pariuri-online\/","og_locale":"ro_RO","og_type":"article","og_title":"Ghid \u0219i sfaturi pentru pariurile sportive online","og_description":"\u00cencepe\u021bi s\u0103 paria\u021bi online ast\u0103zi. Vizita\u021bi BetOnline pentru o gam\u0103 complet\u0103 de op\u021biuni de pariere, precum \u0219i poker \u0219i cazinou online, toate pe un singur site web.","og_url":"https:\/\/gambling6.com\/ro\/pariuri-sportive\/sfaturi-pentru-pariuri-sportive-ghidul-tau-pentru-pariuri-online\/","og_site_name":"Gambling6","article_modified_time":"2025-11-12T19:22:08+00:00","og_image":[{"width":424,"height":283,"url":"https:\/\/gambling6.com\/wp-content\/uploads\/2022\/04\/soccermoney.jpg","type":"image\/jpeg"}],"twitter_card":"summary_large_image","twitter_misc":{"Timp estimat pentru citire":"3 minute"},"schema":{"@context":"https:\/\/schema.org","@graph":[{"@type":"WebPage","@id":"https:\/\/gambling6.com\/ro\/pariuri-sportive\/sfaturi-pentru-pariuri-sportive-ghidul-tau-pentru-pariuri-online\/","url":"https:\/\/gambling6.com\/ro\/pariuri-sportive\/sfaturi-pentru-pariuri-sportive-ghidul-tau-pentru-pariuri-online\/","name":"Ghid \u0219i sfaturi pentru pariurile sportive online","isPartOf":{"@id":"https:\/\/gambling6.com\/ro\/#website"},"primaryImageOfPage":{"@id":"https:\/\/gambling6.com\/ro\/pariuri-sportive\/sfaturi-pentru-pariuri-sportive-ghidul-tau-pentru-pariuri-online\/#primaryimage"},"image":{"@id":"https:\/\/gambling6.com\/ro\/pariuri-sportive\/sfaturi-pentru-pariuri-sportive-ghidul-tau-pentru-pariuri-online\/#primaryimage"},"thumbnailUrl":"https:\/\/gambling6.com\/wp-content\/uploads\/2022\/04\/soccermoney-300x200.jpg","datePublished":"2025-11-10T09:30:15+00:00","dateModified":"2025-11-12T19:22:08+00:00","description":"\u00cencepe\u021bi s\u0103 paria\u021bi online ast\u0103zi. Vizita\u021bi BetOnline pentru o gam\u0103 complet\u0103 de op\u021biuni de pariere, precum \u0219i poker \u0219i cazinou online, toate pe un singur site web.","breadcrumb":{"@id":"https:\/\/gambling6.com\/ro\/pariuri-sportive\/sfaturi-pentru-pariuri-sportive-ghidul-tau-pentru-pariuri-online\/#breadcrumb"},"inLanguage":"ro-RO","potentialAction":[{"@type":"ReadAction","target":["https:\/\/gambling6.com\/ro\/pariuri-sportive\/sfaturi-pentru-pariuri-sportive-ghidul-tau-pentru-pariuri-online\/"]}]},{"@type":"ImageObject","inLanguage":"ro-RO","@id":"https:\/\/gambling6.com\/ro\/pariuri-sportive\/sfaturi-pentru-pariuri-sportive-ghidul-tau-pentru-pariuri-online\/#primaryimage","url":"https:\/\/gambling6.com\/wp-content\/uploads\/2022\/04\/soccermoney-300x200.jpg","contentUrl":"https:\/\/gambling6.com\/wp-content\/uploads\/2022\/04\/soccermoney-300x200.jpg"},{"@type":"BreadcrumbList","@id":"https:\/\/gambling6.com\/ro\/pariuri-sportive\/sfaturi-pentru-pariuri-sportive-ghidul-tau-pentru-pariuri-online\/#breadcrumb","itemListElement":[{"@type":"ListItem","position":1,"name":"Home","item":"https:\/\/gambling6.com\/ro\/home\/"},{"@type":"ListItem","position":2,"name":"Pariuri sportive","item":"https:\/\/gambling6.com\/ro\/introduction-to-online-sportsbetting\/"},{"@type":"ListItem","position":3,"name":"Sfaturi pentru pariuri sportive &#8211; Ghidul t\u0103u pentru pariuri online"}]},{"@type":"WebSite","@id":"https:\/\/gambling6.com\/ro\/#website","url":"https:\/\/gambling6.com\/ro\/","name":"Gambling6","description":"","potentialAction":[{"@type":"SearchAction","target":{"@type":"EntryPoint","urlTemplate":"https:\/\/gambling6.com\/ro\/?s={search_term_string}"},"query-input":{"@type":"PropertyValueSpecification","valueRequired":true,"valueName":"search_term_string"}}],"inLanguage":"ro-RO"}]}},"_links":{"self":[{"href":"https:\/\/gambling6.com\/ro\/wp-json\/wp\/v2\/pages\/9114","targetHints":{"allow":["GET"]}}],"collection":[{"href":"https:\/\/gambling6.com\/ro\/wp-json\/wp\/v2\/pages"}],"about":[{"href":"https:\/\/gambling6.com\/ro\/wp-json\/wp\/v2\/types\/page"}],"author":[{"embeddable":true,"href":"https:\/\/gambling6.com\/ro\/wp-json\/wp\/v2\/users\/1"}],"replies":[{"embeddable":true,"href":"https:\/\/gambling6.com\/ro\/wp-json\/wp\/v2\/comments?post=9114"}],"version-history":[{"count":2,"href":"https:\/\/gambling6.com\/ro\/wp-json\/wp\/v2\/pages\/9114\/revisions"}],"predecessor-version":[{"id":10551,"href":"https:\/\/gambling6.com\/ro\/wp-json\/wp\/v2\/pages\/9114\/revisions\/10551"}],"up":[{"embeddable":true,"href":"https:\/\/gambling6.com\/ro\/wp-json\/wp\/v2\/pages\/9242"}],"wp:attachment":[{"href":"https:\/\/gambling6.com\/ro\/wp-json\/wp\/v2\/media?parent=9114"}],"curies":[{"name":"wp","href":"https:\/\/api.w.org\/{rel}","templated":true}]}}