{"id":9180,"date":"2025-11-10T10:56:25","date_gmt":"2025-11-10T10:56:25","guid":{"rendered":"https:\/\/gambling6.com\/obtineti-bilete-online-pentru-loteria-powerball\/"},"modified":"2025-11-12T10:03:27","modified_gmt":"2025-11-12T10:03:27","slug":"obtineti-bilete-online-pentru-loteria-powerball","status":"publish","type":"page","link":"https:\/\/gambling6.com\/ro\/obtineti-bilete-online-pentru-loteria-powerball\/","title":{"rendered":"Ob\u021bine\u021bi bilete online pentru loteria Powerball"},"content":{"rendered":"<h2>Joac\u0103 la Loteria Powerball online.<\/h2>\n<p>Loteria Powerball este cunoscut\u0103 \u00een \u00eentreaga lume pentru jackpoturile sale incredibile. Vei g\u0103si jackpoturi care dep\u0103\u0219esc 100 de milioane de dolari \u00een mod regulat. <strong>Cre\u0219terile jackpotului sunt exponen\u021biale, deoarece po\u021bi ob\u021bine bilete online pentru loteria Powerball.<\/strong> Jocul Powerball online este simplu din confortul casei tale, av\u00e2nd doar computerul \u0219i o conexiune la internet.<\/p>\n<h2>Bilete Powerball online, u\u0219or ca 1-2-3<\/h2>\n<p>Pentru a juca la loteria Powerball online, trebuie s\u0103 accesezi partenerul nostru <a class=\"thirstylink\" title=\"Redfoxlotto\" href=\"https:\/\/gambling6.com\/go\/redfoxlotto\/\" target=\"_blank\" rel=\"nofollow noopener\">RedFoxLotto (face\u021bi clic aici pentru a vizita) <\/a>\u0219i s\u0103-\u021bi creezi un cont. Este u\u0219or s\u0103 deschizi un cont \u0219i po\u021bi juca la loteria Powerball \u00een c\u00e2teva minute. Urm\u0103torul pas ar fi s\u0103 accesa\u021bi sec\u021biunea de bilete, unde ve\u021bi folosi formularul pentru a alege cinci numere principale.<\/p>\n<p>Dup\u0103 ce a\u021bi terminat, acum alege\u021bi un num\u0103r bonus Powerball. **Pentru a c\u00e2\u0219tiga premiul jackpot, trebuie s\u0103 potrivi\u021bi cele cinci numere principale plus Powerball-ul cu bilele extrase.** Nu v\u0103 teme\u021bi, dac\u0103 nu le potrivi\u021bi, pute\u021bi participa la revendicarea uneia dintre celelalte \u0219apte niveluri de premii.<\/p>\n<p>**V\u00e2nz\u0103rile de bilete online Powerball cresc vertiginos**<\/p>\n<p>**\u00cen ultimii doi ani, v\u00e2nz\u0103rile de bilete pentru Powerball USA au crescut \u00eentr-un ritm foarte rapid, dubl\u00e2ndu-se de la an la an pentru aceast\u0103 perioad\u0103.** <strong>M\u0103rimea jackpoturilor, \u00eempreun\u0103 cu u\u0219urin\u021ba cu care se pot cump\u0103ra bilete online, a fost for\u021ba motrice din spatele cre\u0219terii at\u00e2t de substan\u021biale.<\/strong> Dac\u0103 trecutul este un indicator al v\u00e2nz\u0103rilor viitoare, ne putem a\u0219tepta s\u0103 vedem o cre\u0219tere sporit\u0103 a dimensiunilor jackpoturilor \u00een urm\u0103torii ani.<\/p>\n<h2>Jocurile la loterie la nivel mondial sunt \u00een cre\u0219tere.<\/h2>\n<p>Cu excep\u021bia Mega Millions, care de\u021bine recordul pentru dimensiunile jackpoturilor la loterie, am v\u0103zut jackpoturi record \u00een majoritatea loterii jucate online \u00een ultimul an. Nu exist\u0103 indicii c\u0103 aceste jackpoturi record vor sc\u0103dea \u00een cur\u00e2nd. De fapt, ne putem a\u0219tepta s\u0103 vedem recordurile pr\u0103bu\u0219indu-se \u00een mod repetat, pe m\u0103sur\u0103 ce oamenii \u00ee\u0219i umple computerele atunci c\u00e2nd \u0219tirile despre jackpoturi ating niveluri ridicate.<\/p>\n<h2>Verifica\u021bi numerele c\u00e2\u0219tig\u0103toare de la Powerball online.<\/h2>\n<p>Asigura\u021bi-v\u0103, dac\u0103 cump\u0103ra\u021bi bilete, c\u0103 v\u0103 face\u021bi timp s\u0103 verifica\u021bi rezultatele folosind un instrument de baz\u0103 de date online. Multe premii r\u0103m\u00e2n nerevendicate \u00een fiecare an, deoarece atunci c\u00e2nd oamenii aud c\u0103 au fost c\u00e2\u0219tigate jackpoturi \u00eentr-o zon\u0103 \u00een care nu locuiesc sau \u00eentr-un local de unde nu \u0219i-au cump\u0103rat biletul, \u00ee\u0219i arunc\u0103 biletul \u0219i nu verific\u0103 dac\u0103 au c\u00e2\u0219tigat la alte niveluri de premii.<\/p>\n<p>V\u0103 rug\u0103m s\u0103 nu face\u021bi gre\u0219eala de a arunca banii la gunoi sau de a-i l\u0103sa invizibil \u00een portofel. Merita\u021bi to\u021bi banii pe care i-a\u021bi c\u00e2\u0219tigat. Juca\u021bi la loteria Powerball online ast\u0103zi \u0219i pute\u021bi deveni urm\u0103torul multimilionar din lume.<\/p>\n<table style=\"width: 500px;\" border=\"1\" cellspacing=\"5\" cellpadding=\"5\" align=\"center\">\n<tbody>\n<tr>\n<td colspan=\"3\" align=\"center\">Top zece jackpoturi pentru 2013<\/td>\n<\/tr>\n<tr>\n<td>Tragere la sor\u021bi<\/td>\n<td align=\"center\">Data<\/td>\n<td align=\"center\">Jackpot (USD)<\/td>\n<\/tr>\n<tr>\n<td>Powerball &#8211; SUA<\/td>\n<td align=\"center\">18 mai 2013<\/td>\n<td align=\"right\">590.500.000 USD<\/td>\n<\/tr>\n<tr>\n<td>Powerball &#8211; SUA<\/td>\n<td align=\"center\">7 august 2013<\/td>\n<td align=\"right\">448.400.000 USD<\/td>\n<\/tr>\n<tr>\n<td>Powerball &#8211; SUA<\/td>\n<td align=\"center\">18 septembrie 2013<\/td>\n<td align=\"right\">399.400.000 USD<\/td>\n<\/tr>\n<tr>\n<td>Powerball &#8211; SUA<\/td>\n<td align=\"center\">23 martie 2013<\/td>\n<td align=\"right\">338.300.000 USD<\/td>\n<\/tr>\n<tr>\n<td>Powerball &#8211; SUA<\/td>\n<td align=\"center\">6 februarie 2013<\/td>\n<td align=\"right\">217.000.000 USD<\/td>\n<\/tr>\n<tr>\n<td>Powerball &#8211; SUA<\/td>\n<td align=\"center\">23 oct. 2013<\/td>\n<td align=\"right\">213.400.000 USD<\/td>\n<\/tr>\n<tr>\n<td>Powerball &#8211; SUA<\/td>\n<td align=\"center\">22 iun. 2013<\/td>\n<td align=\"right\">131.500.000 USD<\/td>\n<\/tr>\n<tr>\n<td>Powerball &#8211; SUA<\/td>\n<td align=\"center\">16 nov. 2013<\/td>\n<td align=\"right\">130.300.000 USD<\/td>\n<\/tr>\n<tr>\n<td>Powerball &#8211; SUA<\/td>\n<td align=\"center\">11 dec. 2013<\/td>\n<td align=\"right\">122.900.000 USD<\/td>\n<\/tr>\n<tr>\n<td>Powerball &#8211; SUA<\/td>\n<td align=\"center\">25 decembrie 2013<\/td>\n<td align=\"right\">74.000.000 USD<\/td>\n<\/tr>\n<\/tbody>\n<\/table>\n<table style=\"width: 500px;\" border=\"1\" cellspacing=\"5\" cellpadding=\"5\" align=\"center\">\n<tbody>\n<tr>\n<td colspan=\"3\" align=\"center\">Loteria Powerball &#8211; Niveluri de premii SUA<\/td>\n<\/tr>\n<tr>\n<td>Premiu<\/td>\n<td align=\"center\">Meciuri<\/td>\n<td align=\"center\">Cote<\/td>\n<\/tr>\n<tr>\n<td>Locul 1 (Jackpot)<\/td>\n<td align=\"center\">5 + 1<\/td>\n<td align=\"right\">175.223.510 : 1<\/td>\n<\/tr>\n<tr>\n<td>Locul 2<\/td>\n<td align=\"center\">5<\/td>\n<td align=\"right\">5.153.633 : 1<\/td>\n<\/tr>\n<tr>\n<td>Al 3-lea<\/td>\n<td align=\"center\">4 + 1<\/td>\n<td align=\"right\">648.976 : 1<\/td>\n<\/tr>\n<tr>\n<td align=\"center\">4<\/td>\n<td align=\"right\">19.087 : 1<\/td>\n<\/tr>\n<tr>\n<td>Al 5-lea<\/td>\n<td align=\"center\">r&#8221;&gt;3 + 1<\/td>\n<td align=\"right\">12.245 : 1<\/td>\n<\/tr>\n<tr>\n<td>Al 6-lea<\/td>\n<td align=\"center\">3<\/td>\n<td align=\"right\">360 : 1<\/td>\n<\/tr>\n<tr>\n<td><\/td>\n<td align=\"center\">2 + 1<\/td>\n<td align=\"right\">706 : 1<\/td>\n<\/tr>\n<tr>\n<td><\/td>\n<td align=\"center\">1 + 1<\/td>\n<td align=\"right\">111 : 1<\/td>\n<\/tr>\n<tr>\n<td><\/td>\n<td align=\"center\">0 + 1<\/td>\n<td align=\"right\">55 : 1<\/td>\n<\/tr>\n<\/tbody>\n<\/table>\n","protected":false},"excerpt":{"rendered":"<p>Joac\u0103 la Loteria Powerball online. Loteria Powerball este cunoscut\u0103 \u00een \u00eentreaga lume pentru jackpoturile sale incredibile. Vei g\u0103si jackpoturi care dep\u0103\u0219esc 100 de milioane de dolari \u00een mod regulat. Cre\u0219terile jackpotului sunt exponen\u021biale, deoarece po\u021bi ob\u021bine bilete online pentru loteria Powerball. Jocul Powerball online este simplu din confortul casei tale, av\u00e2nd doar computerul \u0219i o [&hellip;]<\/p>\n","protected":false},"author":1,"featured_media":0,"parent":0,"menu_order":4,"comment_status":"closed","ping_status":"closed","template":"","meta":{"footnotes":""},"class_list":["post-9180","page","type-page","status-publish","hentry"],"yoast_head":"<!-- This site is optimized with the Yoast SEO plugin v27.4 - https:\/\/yoast.com\/product\/yoast-seo-wordpress\/ -->\n<title>Cump\u0103r\u0103 bilete pentru loteria Powerball online<\/title>\n<meta name=\"description\" content=\"Ob\u021bine\u021bi bilete online pentru loteria Powerball\" \/>\n<meta name=\"robots\" content=\"index, follow, max-snippet:-1, max-image-preview:large, max-video-preview:-1\" \/>\n<link rel=\"canonical\" href=\"https:\/\/gambling6.com\/ro\/obtineti-bilete-online-pentru-loteria-powerball\/\" \/>\n<meta property=\"og:locale\" content=\"ro_RO\" \/>\n<meta property=\"og:type\" content=\"article\" \/>\n<meta property=\"og:title\" content=\"Cump\u0103r\u0103 bilete pentru loteria Powerball online\" \/>\n<meta property=\"og:description\" content=\"Ob\u021bine\u021bi bilete online pentru loteria Powerball\" \/>\n<meta property=\"og:url\" content=\"https:\/\/gambling6.com\/ro\/obtineti-bilete-online-pentru-loteria-powerball\/\" \/>\n<meta property=\"og:site_name\" content=\"Gambling6\" \/>\n<meta property=\"article:modified_time\" content=\"2025-11-12T10:03:27+00:00\" \/>\n<meta name=\"twitter:card\" content=\"summary_large_image\" \/>\n<meta name=\"twitter:label1\" content=\"Timp estimat pentru citire\" \/>\n\t<meta name=\"twitter:data1\" content=\"3 minute\" \/>\n<script type=\"application\/ld+json\" class=\"yoast-schema-graph\">{\"@context\":\"https:\\\/\\\/schema.org\",\"@graph\":[{\"@type\":\"WebPage\",\"@id\":\"https:\\\/\\\/gambling6.com\\\/ro\\\/obtineti-bilete-online-pentru-loteria-powerball\\\/\",\"url\":\"https:\\\/\\\/gambling6.com\\\/ro\\\/obtineti-bilete-online-pentru-loteria-powerball\\\/\",\"name\":\"Cump\u0103r\u0103 bilete pentru loteria Powerball online\",\"isPartOf\":{\"@id\":\"https:\\\/\\\/gambling6.com\\\/ro\\\/#website\"},\"datePublished\":\"2025-11-10T10:56:25+00:00\",\"dateModified\":\"2025-11-12T10:03:27+00:00\",\"description\":\"Ob\u021bine\u021bi bilete online pentru loteria Powerball\",\"breadcrumb\":{\"@id\":\"https:\\\/\\\/gambling6.com\\\/ro\\\/obtineti-bilete-online-pentru-loteria-powerball\\\/#breadcrumb\"},\"inLanguage\":\"ro-RO\",\"potentialAction\":[{\"@type\":\"ReadAction\",\"target\":[\"https:\\\/\\\/gambling6.com\\\/ro\\\/obtineti-bilete-online-pentru-loteria-powerball\\\/\"]}]},{\"@type\":\"BreadcrumbList\",\"@id\":\"https:\\\/\\\/gambling6.com\\\/ro\\\/obtineti-bilete-online-pentru-loteria-powerball\\\/#breadcrumb\",\"itemListElement\":[{\"@type\":\"ListItem\",\"position\":1,\"name\":\"Home\",\"item\":\"https:\\\/\\\/gambling6.com\\\/ro\\\/home\\\/\"},{\"@type\":\"ListItem\",\"position\":2,\"name\":\"Ob\u021bine\u021bi bilete online pentru loteria Powerball\"}]},{\"@type\":\"WebSite\",\"@id\":\"https:\\\/\\\/gambling6.com\\\/ro\\\/#website\",\"url\":\"https:\\\/\\\/gambling6.com\\\/ro\\\/\",\"name\":\"Gambling6\",\"description\":\"\",\"potentialAction\":[{\"@type\":\"SearchAction\",\"target\":{\"@type\":\"EntryPoint\",\"urlTemplate\":\"https:\\\/\\\/gambling6.com\\\/ro\\\/?s={search_term_string}\"},\"query-input\":{\"@type\":\"PropertyValueSpecification\",\"valueRequired\":true,\"valueName\":\"search_term_string\"}}],\"inLanguage\":\"ro-RO\"}]}<\/script>\n<!-- \/ Yoast SEO plugin. -->","yoast_head_json":{"title":"Cump\u0103r\u0103 bilete pentru loteria Powerball online","description":"Ob\u021bine\u021bi bilete online pentru loteria Powerball","robots":{"index":"index","follow":"follow","max-snippet":"max-snippet:-1","max-image-preview":"max-image-preview:large","max-video-preview":"max-video-preview:-1"},"canonical":"https:\/\/gambling6.com\/ro\/obtineti-bilete-online-pentru-loteria-powerball\/","og_locale":"ro_RO","og_type":"article","og_title":"Cump\u0103r\u0103 bilete pentru loteria Powerball online","og_description":"Ob\u021bine\u021bi bilete online pentru loteria Powerball","og_url":"https:\/\/gambling6.com\/ro\/obtineti-bilete-online-pentru-loteria-powerball\/","og_site_name":"Gambling6","article_modified_time":"2025-11-12T10:03:27+00:00","twitter_card":"summary_large_image","twitter_misc":{"Timp estimat pentru citire":"3 minute"},"schema":{"@context":"https:\/\/schema.org","@graph":[{"@type":"WebPage","@id":"https:\/\/gambling6.com\/ro\/obtineti-bilete-online-pentru-loteria-powerball\/","url":"https:\/\/gambling6.com\/ro\/obtineti-bilete-online-pentru-loteria-powerball\/","name":"Cump\u0103r\u0103 bilete pentru loteria Powerball online","isPartOf":{"@id":"https:\/\/gambling6.com\/ro\/#website"},"datePublished":"2025-11-10T10:56:25+00:00","dateModified":"2025-11-12T10:03:27+00:00","description":"Ob\u021bine\u021bi bilete online pentru loteria Powerball","breadcrumb":{"@id":"https:\/\/gambling6.com\/ro\/obtineti-bilete-online-pentru-loteria-powerball\/#breadcrumb"},"inLanguage":"ro-RO","potentialAction":[{"@type":"ReadAction","target":["https:\/\/gambling6.com\/ro\/obtineti-bilete-online-pentru-loteria-powerball\/"]}]},{"@type":"BreadcrumbList","@id":"https:\/\/gambling6.com\/ro\/obtineti-bilete-online-pentru-loteria-powerball\/#breadcrumb","itemListElement":[{"@type":"ListItem","position":1,"name":"Home","item":"https:\/\/gambling6.com\/ro\/home\/"},{"@type":"ListItem","position":2,"name":"Ob\u021bine\u021bi bilete online pentru loteria Powerball"}]},{"@type":"WebSite","@id":"https:\/\/gambling6.com\/ro\/#website","url":"https:\/\/gambling6.com\/ro\/","name":"Gambling6","description":"","potentialAction":[{"@type":"SearchAction","target":{"@type":"EntryPoint","urlTemplate":"https:\/\/gambling6.com\/ro\/?s={search_term_string}"},"query-input":{"@type":"PropertyValueSpecification","valueRequired":true,"valueName":"search_term_string"}}],"inLanguage":"ro-RO"}]}},"_links":{"self":[{"href":"https:\/\/gambling6.com\/ro\/wp-json\/wp\/v2\/pages\/9180","targetHints":{"allow":["GET"]}}],"collection":[{"href":"https:\/\/gambling6.com\/ro\/wp-json\/wp\/v2\/pages"}],"about":[{"href":"https:\/\/gambling6.com\/ro\/wp-json\/wp\/v2\/types\/page"}],"author":[{"embeddable":true,"href":"https:\/\/gambling6.com\/ro\/wp-json\/wp\/v2\/users\/1"}],"replies":[{"embeddable":true,"href":"https:\/\/gambling6.com\/ro\/wp-json\/wp\/v2\/comments?post=9180"}],"version-history":[{"count":1,"href":"https:\/\/gambling6.com\/ro\/wp-json\/wp\/v2\/pages\/9180\/revisions"}],"predecessor-version":[{"id":10513,"href":"https:\/\/gambling6.com\/ro\/wp-json\/wp\/v2\/pages\/9180\/revisions\/10513"}],"wp:attachment":[{"href":"https:\/\/gambling6.com\/ro\/wp-json\/wp\/v2\/media?parent=9180"}],"curies":[{"name":"wp","href":"https:\/\/api.w.org\/{rel}","templated":true}]}}