{"id":9242,"date":"2025-11-10T12:33:17","date_gmt":"2025-11-10T12:33:17","guid":{"rendered":"https:\/\/gambling6.com\/pariuri-sportive\/"},"modified":"2025-11-12T10:35:05","modified_gmt":"2025-11-12T10:35:05","slug":"pariuri-sportive","status":"publish","type":"page","link":"https:\/\/gambling6.com\/ro\/pariuri-sportive\/","title":{"rendered":"Pariuri sportive"},"content":{"rendered":"<h2>No\u021biunile de baz\u0103 ale pariurilor sportive<\/h2>\n<p>Pariurile sportive, un termen rezultat prin simpla combinare a cuvintelor descriptive, reprezint\u0103 un exerci\u021biu de prognozare a rezultatelor sportive profesionale \u0219i amatorice\u0219ti, \u00eempreun\u0103 cu plasarea unui pariu pe rezultat. <strong>Sportsbet este termenul folosit pentru a descrie o loca\u021bie \u00een care cineva ar participa la activitatea de pariuri sportive.<\/strong> \u00cen general, \u00een SUA, acest exerci\u021biu nu este legal. Practic, exist\u0103 doar patru din cele cincizeci de state din America \u00een care pariurile sportive \u0219i pariurile sportive sunt recunoscute ca fiind 100% legale. Apoi a ap\u0103rut internetul.<\/p>\n<h2>Milioane de oameni particip\u0103 zilnic la pariuri sportive<\/h2>\n<p>Zilnic, milioane de oameni se adun\u0103 pe mii de site-uri web pentru a plasa pariuri pe orice sport pe care \u00eel pute\u021bi g\u0103si. Cu toate acestea, <strong>aceast\u0103 introducere \u00een pariurile sportive online v\u0103 va ar\u0103ta c\u0103 exist\u0103 mai mult dec\u00e2t simpla cunoa\u0219tere a spread-ului \u0219i plasarea pariului pe echipa<\/strong> pe care dori\u021bi s\u0103 o c\u00e2\u0219tiga\u021bi. Nu numai c\u0103 un pariu pe un meci poate face vizionarea mai interesant\u0103, dar arta pariurilor sportive v\u0103 poate aduce mul\u021bi bani dac\u0103 este f\u0103cut\u0103 corect. Dac\u0103 aceasta este o aventur\u0103 nou\u0103 pentru oricine nu are experien\u021b\u0103 \u00een pariuri sportive, va trebui s\u0103 cunoa\u0219te\u021bi fundamentele \u0219i principiile pariurilor sportive dac\u0103 v\u0103 a\u0219tepta\u021bi s\u0103 nu fi\u021bi dezorienta\u021bi odat\u0103 ce ac\u021biunea a \u00eenceput.<\/p>\n<h2>Terminologia pariurilor sportive online<\/h2>\n<p>\u00cen primul r\u00e2nd,<strong>va trebui s\u0103 v\u0103 familiariza\u021bi cu o parte din terminologia utilizat\u0103 \u00een pariurile sportive<\/strong>. \u201e<a href=\"http:\/\/en.wikipedia.org\/wiki\/Handicapping\" target=\"_blank\" rel=\"noopener\">Handicap<\/a>\u201d este primul termen pe care \u00eel voi introduce; \u00eenseamn\u0103 a oferi unei echipe sau persoane un avantaj fa\u021b\u0103 de alta prin extinderea loviturilor, golurilor, touchdown-urilor sau pur \u0219i simplu a punctelor celeilalte echipe pentru a oferi adversarului o \u0219ans\u0103 mai bun\u0103 de a se men\u021bine la nivelul s\u0103u de joc. S\u0103 presupunem, de exemplu, c\u0103 urma s\u0103 joc baschet unu la unu cu Michael Jordan, iar primul care ajunge la 21 de puncte ar fi c\u00e2\u0219tig\u0103torul. Este posibil s\u0103 primesc un avantaj de 18 puncte, ceea ce ar \u00eensemna c\u0103 el are un handicap de 18 puncte. Va trebui s\u0103 acumuleze 21 de puncte \u00eenainte ca eu s\u0103 acumulez 3 puncte pentru a c\u00e2\u0219tiga. Exist\u0103 multe exemple de handicap sau \u201espread-uri de puncte\u201d, a\u0219a cum pot fi numite \u0219i ele. \u00cen\u021belegerea acestui principiu este una dintre cheile pentru a \u00een\u021belege pariurile bune \u00een pariurile sportive online.<\/p>\n<h2>Cunoa\u0219te-\u021bi casa de pariuri online<\/h2>\n<p><strong>Pariurile sportive, fie online, fie live, se fac de obicei \u00een ceea ce se nume\u0219te o \u201ecas\u0103 de pariuri\u201d.<\/strong> O \u201ecas\u0103 de pariuri\u201d este o institu\u021bie care accept\u0103 pariuri, iar Casa de Pariuri este persoana care stabile\u0219te de obicei spread-ul pentru o anumit\u0103 institu\u021bie. Procesul de stabilire a \u201espread-ului\u201d spre deosebire de \u201epariul egal\u201d (un pariu cu cot\u0103 1:1) poate fi foarte complicat \u0219i poate diferi de la o cas\u0103 de pariuri la alta.<\/p>\n<h2>Casa de pariuri Betonline &#8211; accept\u0103 fani sportivi din SUA<\/h2>\n<p>C\u00e2nd e\u0219ti preg\u0103tit pentru pariuri sportive, trebuie s\u0103 g\u0103se\u0219ti un cazinou online sau o cas\u0103 de pariuri sportive reputat\u0103 pentru a putea plasa pariurile<a class=\"thirstylink\" title=\"Betonline casino en\" href=\"https:\/\/gambling6.com\/go\/betonline-casino-en\/\" target=\"_blank\" rel=\"nofollow noopener\">. Po\u021bi consulta casa de pariuri Betonline<\/a>, este un cazinou online bine-cunoscut, cu o reputa\u021bie incredibil\u0103 pentru securitatea sa. Ofer\u0103 multe metode diferite de depunere \u0219i retragere \u0219i ar trebui s\u0103 po\u021bi g\u0103si o modalitate de a le gestiona \u00een func\u021bie de nevoile tale personale.<\/p>\n<p>O alt\u0103 alternativ\u0103 excelent\u0103 este 888 Casino &#8211; sec\u021biunea lor de pariuri sportive este una dintre cele mai bune. Pe l\u00e2ng\u0103 asta, au \u0219i o sal\u0103 de poker excelent\u0103, cele mai bune jocuri de cazino \u0219i chiar lucruri precum Bingo \u0219i c\u0103r\u021bi razuibile.<\/p>\n<p>Singurul dezavantaj al 888 este c\u0103 nu accept\u0103 clien\u021bi din Statele Unite. Dar dac\u0103 sunte\u021bi rezident al unei alte \u021b\u0103ri, ar trebui neap\u0103rat s\u0103 <a class=\"thirstylink\" title=\"888 casino en\" href=\"https:\/\/gambling6.com\/go\/888-casino-en\/\" target=\"_blank\" rel=\"nofollow noopener\">vizita\u021bi site-ul 888 Casino &#8211; trebuie doar s\u0103 urma\u021bi acest link.<\/a><\/p>\n<p>Testa\u021bi apele, dar ave\u021bi multe de \u00eenv\u0103\u021bat despre pariurile sportive online. Vom continua s\u0103 actualiz\u0103m acest site, astfel \u00eenc\u00e2t s\u0103 pute\u021bi afla despre cotele \u0219i factorii care contribuie la rezultatele anumitor evenimente.<strong>Dac\u0103 dori\u021bi s\u0103 deveni\u021bi expert \u00een domeniul pariurilor sportive<\/strong>, a\u021bi ajuns la locul potrivit. Relaxa\u021bi-v\u0103, pune\u021bi-v\u0103 confortabil \u0219i a\u0219tepta\u021bi-v\u0103 cu ner\u0103bdare s\u0103 v\u0103 distra\u021bi cu pariurile sportive online.<\/p>\n","protected":false},"excerpt":{"rendered":"<p>No\u021biunile de baz\u0103 ale pariurilor sportive Pariurile sportive, un termen rezultat prin simpla combinare a cuvintelor descriptive, reprezint\u0103 un exerci\u021biu de prognozare a rezultatelor sportive profesionale \u0219i amatorice\u0219ti, \u00eempreun\u0103 cu plasarea unui pariu pe rezultat. Sportsbet este termenul folosit pentru a descrie o loca\u021bie \u00een care cineva ar participa la activitatea de pariuri sportive. \u00cen [&hellip;]<\/p>\n","protected":false},"author":1,"featured_media":0,"parent":0,"menu_order":4,"comment_status":"closed","ping_status":"closed","template":"","meta":{"footnotes":""},"class_list":["post-9242","page","type-page","status-publish","hentry"],"yoast_head":"<!-- This site is optimized with the Yoast SEO plugin v27.4 - https:\/\/yoast.com\/product\/yoast-seo-wordpress\/ -->\n<title>Introducere \u00een pariurile sportive online<\/title>\n<meta name=\"description\" content=\"Fi\u021bi familiariza\u021bi cu o parte din terminologia utilizat\u0103 \u00een pariurile sportive online.\" \/>\n<meta name=\"robots\" content=\"index, follow, max-snippet:-1, max-image-preview:large, max-video-preview:-1\" \/>\n<link rel=\"canonical\" href=\"https:\/\/gambling6.com\/ro\/pariuri-sportive\/\" \/>\n<meta property=\"og:locale\" content=\"ro_RO\" \/>\n<meta property=\"og:type\" content=\"article\" \/>\n<meta property=\"og:title\" content=\"Introducere \u00een pariurile sportive online\" \/>\n<meta property=\"og:description\" content=\"Fi\u021bi familiariza\u021bi cu o parte din terminologia utilizat\u0103 \u00een pariurile sportive online.\" \/>\n<meta property=\"og:url\" content=\"https:\/\/gambling6.com\/ro\/pariuri-sportive\/\" \/>\n<meta property=\"og:site_name\" content=\"Gambling6\" \/>\n<meta property=\"article:modified_time\" content=\"2025-11-12T10:35:05+00:00\" \/>\n<meta name=\"twitter:card\" content=\"summary_large_image\" \/>\n<meta name=\"twitter:label1\" content=\"Timp estimat pentru citire\" \/>\n\t<meta name=\"twitter:data1\" content=\"4 minute\" \/>\n<script type=\"application\/ld+json\" class=\"yoast-schema-graph\">{\"@context\":\"https:\\\/\\\/schema.org\",\"@graph\":[{\"@type\":\"WebPage\",\"@id\":\"https:\\\/\\\/gambling6.com\\\/ro\\\/pariuri-sportive\\\/\",\"url\":\"https:\\\/\\\/gambling6.com\\\/ro\\\/pariuri-sportive\\\/\",\"name\":\"Introducere \u00een pariurile sportive online\",\"isPartOf\":{\"@id\":\"https:\\\/\\\/gambling6.com\\\/ro\\\/#website\"},\"datePublished\":\"2025-11-10T12:33:17+00:00\",\"dateModified\":\"2025-11-12T10:35:05+00:00\",\"description\":\"Fi\u021bi familiariza\u021bi cu o parte din terminologia utilizat\u0103 \u00een pariurile sportive online.\",\"breadcrumb\":{\"@id\":\"https:\\\/\\\/gambling6.com\\\/ro\\\/pariuri-sportive\\\/#breadcrumb\"},\"inLanguage\":\"ro-RO\",\"potentialAction\":[{\"@type\":\"ReadAction\",\"target\":[\"https:\\\/\\\/gambling6.com\\\/ro\\\/pariuri-sportive\\\/\"]}]},{\"@type\":\"BreadcrumbList\",\"@id\":\"https:\\\/\\\/gambling6.com\\\/ro\\\/pariuri-sportive\\\/#breadcrumb\",\"itemListElement\":[{\"@type\":\"ListItem\",\"position\":1,\"name\":\"Home\",\"item\":\"https:\\\/\\\/gambling6.com\\\/ro\\\/home\\\/\"},{\"@type\":\"ListItem\",\"position\":2,\"name\":\"Pariuri sportive\"}]},{\"@type\":\"WebSite\",\"@id\":\"https:\\\/\\\/gambling6.com\\\/ro\\\/#website\",\"url\":\"https:\\\/\\\/gambling6.com\\\/ro\\\/\",\"name\":\"Gambling6\",\"description\":\"\",\"potentialAction\":[{\"@type\":\"SearchAction\",\"target\":{\"@type\":\"EntryPoint\",\"urlTemplate\":\"https:\\\/\\\/gambling6.com\\\/ro\\\/?s={search_term_string}\"},\"query-input\":{\"@type\":\"PropertyValueSpecification\",\"valueRequired\":true,\"valueName\":\"search_term_string\"}}],\"inLanguage\":\"ro-RO\"}]}<\/script>\n<!-- \/ Yoast SEO plugin. -->","yoast_head_json":{"title":"Introducere \u00een pariurile sportive online","description":"Fi\u021bi familiariza\u021bi cu o parte din terminologia utilizat\u0103 \u00een pariurile sportive online.","robots":{"index":"index","follow":"follow","max-snippet":"max-snippet:-1","max-image-preview":"max-image-preview:large","max-video-preview":"max-video-preview:-1"},"canonical":"https:\/\/gambling6.com\/ro\/pariuri-sportive\/","og_locale":"ro_RO","og_type":"article","og_title":"Introducere \u00een pariurile sportive online","og_description":"Fi\u021bi familiariza\u021bi cu o parte din terminologia utilizat\u0103 \u00een pariurile sportive online.","og_url":"https:\/\/gambling6.com\/ro\/pariuri-sportive\/","og_site_name":"Gambling6","article_modified_time":"2025-11-12T10:35:05+00:00","twitter_card":"summary_large_image","twitter_misc":{"Timp estimat pentru citire":"4 minute"},"schema":{"@context":"https:\/\/schema.org","@graph":[{"@type":"WebPage","@id":"https:\/\/gambling6.com\/ro\/pariuri-sportive\/","url":"https:\/\/gambling6.com\/ro\/pariuri-sportive\/","name":"Introducere \u00een pariurile sportive online","isPartOf":{"@id":"https:\/\/gambling6.com\/ro\/#website"},"datePublished":"2025-11-10T12:33:17+00:00","dateModified":"2025-11-12T10:35:05+00:00","description":"Fi\u021bi familiariza\u021bi cu o parte din terminologia utilizat\u0103 \u00een pariurile sportive online.","breadcrumb":{"@id":"https:\/\/gambling6.com\/ro\/pariuri-sportive\/#breadcrumb"},"inLanguage":"ro-RO","potentialAction":[{"@type":"ReadAction","target":["https:\/\/gambling6.com\/ro\/pariuri-sportive\/"]}]},{"@type":"BreadcrumbList","@id":"https:\/\/gambling6.com\/ro\/pariuri-sportive\/#breadcrumb","itemListElement":[{"@type":"ListItem","position":1,"name":"Home","item":"https:\/\/gambling6.com\/ro\/home\/"},{"@type":"ListItem","position":2,"name":"Pariuri sportive"}]},{"@type":"WebSite","@id":"https:\/\/gambling6.com\/ro\/#website","url":"https:\/\/gambling6.com\/ro\/","name":"Gambling6","description":"","potentialAction":[{"@type":"SearchAction","target":{"@type":"EntryPoint","urlTemplate":"https:\/\/gambling6.com\/ro\/?s={search_term_string}"},"query-input":{"@type":"PropertyValueSpecification","valueRequired":true,"valueName":"search_term_string"}}],"inLanguage":"ro-RO"}]}},"_links":{"self":[{"href":"https:\/\/gambling6.com\/ro\/wp-json\/wp\/v2\/pages\/9242","targetHints":{"allow":["GET"]}}],"collection":[{"href":"https:\/\/gambling6.com\/ro\/wp-json\/wp\/v2\/pages"}],"about":[{"href":"https:\/\/gambling6.com\/ro\/wp-json\/wp\/v2\/types\/page"}],"author":[{"embeddable":true,"href":"https:\/\/gambling6.com\/ro\/wp-json\/wp\/v2\/users\/1"}],"replies":[{"embeddable":true,"href":"https:\/\/gambling6.com\/ro\/wp-json\/wp\/v2\/comments?post=9242"}],"version-history":[{"count":1,"href":"https:\/\/gambling6.com\/ro\/wp-json\/wp\/v2\/pages\/9242\/revisions"}],"predecessor-version":[{"id":10536,"href":"https:\/\/gambling6.com\/ro\/wp-json\/wp\/v2\/pages\/9242\/revisions\/10536"}],"wp:attachment":[{"href":"https:\/\/gambling6.com\/ro\/wp-json\/wp\/v2\/media?parent=9242"}],"curies":[{"name":"wp","href":"https:\/\/api.w.org\/{rel}","templated":true}]}}