{"id":9316,"date":"2025-11-10T13:36:35","date_gmt":"2025-11-10T13:36:35","guid":{"rendered":"https:\/\/gambling6.com\/loterie\/"},"modified":"2025-11-12T18:34:17","modified_gmt":"2025-11-12T18:34:17","slug":"loterie","status":"publish","type":"page","link":"https:\/\/gambling6.com\/ro\/loterie\/","title":{"rendered":"Loterie"},"content":{"rendered":"<h2>Loteria devine interna\u021bional\u0103 \u0219i online.<\/h2>\n<p>De\u0219i este considerat\u0103 o form\u0103 excelent\u0103 de divertisment, cump\u0103rarea de bilete de loterie interna\u021bionale a devenit, de asemenea, o afacere mare. Jocurile de noroc, \u00een general, au explodat \u00een parte datorit\u0103 expunerii excelente pe care pokerul a primit-o din partea mass-media, iar succesul suplimentar a fost atribuit internetului. <strong>Jocul la loterii interna\u021bionale \u0219i cump\u0103rarea de bilete online a accelerat cre\u0219terea jackpot-urilor,<\/strong> iar mul\u021bi oameni \u00ee\u0219i fac acum jocul RedFoxLotto o parte a planului lor de venit.<\/p>\n<h2>Internetul faciliteaz\u0103 cump\u0103rarea de bilete de loterie.<\/h2>\n<p>Internetul ne-a schimbat via\u021ba \u00een multe feluri; cu siguran\u021b\u0103 a f\u0103cut lumea un loc mult mai mic. Exist\u0103 sute de loterii jucate zilnic \u00een multe \u021b\u0103ri din \u00eentreaga lume. Majoritatea extragerilor na\u021bionale, inclusiv cele cu jackpot-uri mai mari, au fost puse la dispozi\u021bia persoanelor care cump\u0103r\u0103 bilete de loterie la nivel interna\u021bional. <strong>Loteriile majore din \u00eentreaga lume, cum ar fi Mega Millions din Statele Unite \u0219i Powerball at\u00e2t din SUA, c\u00e2t \u0219i din Australia, permit achizi\u021bionarea de bilete online prin intermediul partenerului nostru RedFoxLotto.<\/strong><img loading=\"lazy\" decoding=\"async\" class=\" alignright size-full wp-image-437\" style=\"margin: 10px; border: 5px none #ffffff; float: right;\" src=\"http:\/\/gambling6.com\/wp-content\/uploads\/2013\/12\/International-Community-150x150.jpg\" alt=\"Loterii Interna\u021bionale Online\" width=\"150\" height=\"150\" \/><\/p>\n<h2>Cump\u0103ra\u021bi bilete de loterie 24\/7<\/h2>\n<p>\u00cen lumea tehnologic\u0103 de ast\u0103zi, putem cump\u0103ra bilete pentru multe loterii interna\u021bionale 24 de ore pe zi, 365 de zile pe s\u0103pt\u0103m\u00e2n\u0103. Cu ajutorul internetului, putem cump\u0103ra aceste bilete f\u0103r\u0103 a alerga la comercian\u021bii de loterie sau a sta la coad\u0103. Ne putem face timp s\u0103 alegem numerele dvs. \u0219i s\u0103 folosim diferitele instrumente disponibile pentru a face acest lucru. U\u0219urin\u021ba cu care se joac\u0103 la loterii interna\u021bionale a ridicat jackpoturile \u0219i premiile pe mai multe niveluri la niveluri record. Nivelurile premiilor i-au determinat pe mul\u021bi s\u0103-\u0219i construiasc\u0103 o afacere juc\u00e2nd RedFoxLotto online.<\/p>\n<h2>Cump\u0103rarea de bilete de loterie online este sigur\u0103.<\/h2>\n<p>Cu partenerul nostru RedFoxLotto, cump\u0103rarea de bilete pentru loterii interna\u021bionale este sigur\u0103 \u0219i simpl\u0103. \u00cen primul r\u00e2nd, va trebui s\u0103 deschide\u021bi un cont. La deschiderea contului, vi se va solicita s\u0103 furniza\u021bi informa\u021bii personale. Asigura\u021bi-v\u0103 c\u0103 introduce\u021bi informa\u021biile actuale \u0219i corecte pentru ca \u00een contul dvs. s\u0103 v\u0103 pute\u021bi verifica identitatea atunci c\u00e2nd c\u00e2\u0219tiga\u021bi marele jackpot. Informa\u021biile pe care le introduce\u021bi \u0219i le trimite\u021bi sunt protejate prin criptare pe 256 de bi\u021bi, iar g\u0103zduirea Safe Harbor asigur\u0103 c\u0103 acestea sunt p\u0103strate private \u0219i utilizate numai \u00een scopurile descrise pe site.<\/p>\n<h2>Metode de online banking pentru a c\u00e2\u0219tiga la RedFoxLotto<\/h2>\n<p>Pute\u021bi utiliza carduri precum Visa, MasterCard \u0219i Visa debit pentru a achizi\u021biona bilete. Sunt disponibile \u0219i alte metode de plat\u0103, cum ar fi transferuri bancare \u0219i pl\u0103\u021bi cripto. Dar dac\u0103 ave\u021bi un c\u00e2\u0219tig semnificativ, va trebui s\u0103 furniza\u021bi un cont bancar, astfel \u00eenc\u00e2t c\u00e2\u0219tigurile dvs. s\u0103 v\u0103 poat\u0103 fi transferate. Mediul sigur \u00eel face o alegere perfect\u0103 pentru a juca la loterii interna\u021bionale \u0219i a v\u0103 primi c\u00e2\u0219tigurile.<\/p>\n<h2>Cump\u0103rarea de bilete de loterie online are avantaje.<\/h2>\n<p>Un alt avantaj al cump\u0103r\u0103rii de bilete de loterie online este c\u0103 sunt disponibile multe instrumente care v\u0103 ajut\u0103 s\u0103 analiza\u021bi numerele pentru majoritatea extragerilor interna\u021bionale mari. Instrumentele de loterie online v\u0103 permit s\u0103 vizualiza\u021bi cele mai frecvente numere, cele mai pu\u021bin frecvente numere \u0219i istoricul extragerilor pentru loterii din \u00eentreaga lume. Aceste informa\u021bii v\u0103 ofer\u0103 un avantaj atunci c\u00e2nd cump\u0103ra\u021bi bilete \u0219i v\u0103 pot suplimenta contul bancar cu c\u00e2\u0219tiguri pe mai multe niveluri.<\/p>\n<p>Jocul RedFoxLotto poate fi distractiv \u0219i profitabil. \u00cencepe\u021bi s\u0103 juca\u021bi la loterii interna\u021bionale ast\u0103zi. <a class=\"thirstylink\" title=\"Redfoxlotto\" href=\"https:\/\/gambling6.com\/go\/redfoxlotto\/\" target=\"_blank\" rel=\"nofollow noopener\">Pentru a cump\u0103ra bilete de loterie interna\u021bionale online, vizita\u021bi partenerul nostru RedFoxLotto.<\/a><\/p>\n<h2>Trebuie s\u0103 fi\u021bi rezident pentru a juca la o loterie interna\u021bional\u0103?<\/h2>\n<p>R\u0103spunsul simplu este: nu, nu trebuie! Dac\u0103 a\u021bi citit articole pe internet sau \u00een ziar despre oameni care au c\u00e2\u0219tigat jackpoturi de milioane de dolari, probabil v-a\u021bi g\u00e2ndit: \u201eDe ce nu pot \u00eencerca una dintre acele loterii?\u201d Ei bine, acum nu mai este o problem\u0103 faptul c\u0103 nu sunte\u021bi rezident al \u021b\u0103rii \u00een care se extrage jackpotul la loterie.<\/p>\n<p>Pute\u021bi ob\u021bine un bilet pentru orice jackpot la loterie pe care dori\u021bi s\u0103 \u00eel c\u00e2\u0219tiga\u021bi, deoarece acestea sunt disponibile online pentru oricine din lume. Acest site web v\u0103 ajut\u0103 s\u0103 achizi\u021biona\u021bi un bilet la loterie online pentru cele mai importante jackpoturi interna\u021bionale existente. \u0218i procedura nu putea fi mai simpl\u0103. Face\u021bi clic pe linkul de mai sus \u0219i alege\u021bi o loterie. Ve\u021bi fi direc\u021bionat c\u0103tre o pagin\u0103 unde pute\u021bi alege singur numerele preferate pentru acea loterie sau pute\u021bi l\u0103sa computerul s\u0103 aleag\u0103 aleatoriu numere pentru dvs.<\/p>\n<p>Apoi pl\u0103ti\u021bi online, prin op\u021biunea de plat\u0103 care v\u0103 este cea mai convenabil\u0103. Aceste metode de plat\u0103 includ solu\u021bii populare \u0219i sigure de portofel electronic, cum ar fi Skrill \u0219i chiar criptomonede. Desigur, pute\u021bi alege \u0219i cea mai popular\u0103 op\u021biune: plata cu cardul de credit.<\/p>\n<p><strong>Ce se \u00eent\u00e2mpl\u0103 \u00een continuare &#8211; cum \u00eemi ob\u021bin biletul de loto online?<\/strong> Func\u021bioneaz\u0103 ca un serviciu de curierat &#8211; biletul t\u0103u de loto online vaPot fi achizi\u021bionate \u00een numele dumneavoastr\u0103, apoi scanate \u0219i \u00eenc\u0103rcate \u00een contul dumneavoastr\u0103.<\/p>\n<p>Tot ce trebuie s\u0103 face\u021bi este s\u0103 a\u0219tepta\u021bi extragerea, s\u0103 v\u0103 verifica\u021bi numerele \u0219i s\u0103 vede\u021bi c\u00e2t a\u021bi c\u00e2\u0219tigat. Dac\u0103 c\u00e2\u0219tiga\u021bi o sum\u0103 sub 2000 \u20ac, banii vor fi credita\u021bi \u00een contul dumneavoastr\u0103 de client. Pentru sume mai mari de at\u00e2t, regulamentul RedFoxLotto v\u0103 cere s\u0103 completa\u021bi un formular de solicitare, pe care site-ul web \u00eel pune la dispozi\u021bie. Acesta \u00eel transmite comisiei de loterie relevante \u00een numele dumneavoastr\u0103 \u0219i, \u00eenainte s\u0103 v\u0103 da\u021bi seama, un cec este trimis prin po\u0219t\u0103! <a class=\"thirstylink\" title=\"Redfoxlotto\" href=\"https:\/\/gambling6.com\/go\/redfoxlotto\/\" target=\"_blank\" rel=\"nofollow noopener\">Cump\u0103ra\u021bi bilete de loterie ast\u0103zi la RedFoxLotto!<\/a><\/p>\n<p>&nbsp;<\/p>\n","protected":false},"excerpt":{"rendered":"<p>Loteria devine interna\u021bional\u0103 \u0219i online. De\u0219i este considerat\u0103 o form\u0103 excelent\u0103 de divertisment, cump\u0103rarea de bilete de loterie interna\u021bionale a devenit, de asemenea, o afacere mare. Jocurile de noroc, \u00een general, au explodat \u00een parte datorit\u0103 expunerii excelente pe care pokerul a primit-o din partea mass-media, iar succesul suplimentar a fost atribuit internetului. Jocul la [&hellip;]<\/p>\n","protected":false},"author":1,"featured_media":9291,"parent":0,"menu_order":8,"comment_status":"closed","ping_status":"closed","template":"","meta":{"footnotes":""},"class_list":["post-9316","page","type-page","status-publish","has-post-thumbnail","hentry"],"yoast_head":"<!-- This site is optimized with the Yoast SEO plugin v27.3 - https:\/\/yoast.com\/product\/yoast-seo-wordpress\/ -->\n<title>Cump\u0103rarea biletelor loto interna\u021bionale online<\/title>\n<meta name=\"description\" content=\"Cump\u0103rarea de bilete pentru loterii interna\u021bionale online este u\u0219oar\u0103. Indiferent unde locui\u021bi, participa\u021bi la oricare dintre cele mai bune loterii din \u00eentreaga lume.\" \/>\n<meta name=\"robots\" content=\"index, follow, max-snippet:-1, max-image-preview:large, max-video-preview:-1\" \/>\n<link rel=\"canonical\" href=\"https:\/\/gambling6.com\/ro\/loterie\/\" \/>\n<meta property=\"og:locale\" content=\"ro_RO\" \/>\n<meta property=\"og:type\" content=\"article\" \/>\n<meta property=\"og:title\" content=\"Cump\u0103rarea biletelor loto interna\u021bionale online\" \/>\n<meta property=\"og:description\" content=\"Cump\u0103rarea de bilete pentru loterii interna\u021bionale online este u\u0219oar\u0103. Indiferent unde locui\u021bi, participa\u021bi la oricare dintre cele mai bune loterii din \u00eentreaga lume.\" \/>\n<meta property=\"og:url\" content=\"https:\/\/gambling6.com\/ro\/loterie\/\" \/>\n<meta property=\"og:site_name\" content=\"Gambling6\" \/>\n<meta property=\"article:modified_time\" content=\"2025-11-12T18:34:17+00:00\" \/>\n<meta property=\"og:image\" content=\"https:\/\/gambling6.com\/wp-content\/uploads\/2013\/12\/International-Community-150x150.jpg\" \/>\n\t<meta property=\"og:image:width\" content=\"150\" \/>\n\t<meta property=\"og:image:height\" content=\"150\" \/>\n\t<meta property=\"og:image:type\" content=\"image\/jpeg\" \/>\n<meta name=\"twitter:card\" content=\"summary_large_image\" \/>\n<meta name=\"twitter:label1\" content=\"Timp estimat pentru citire\" \/>\n\t<meta name=\"twitter:data1\" content=\"5 minute\" \/>\n<script type=\"application\/ld+json\" class=\"yoast-schema-graph\">{\"@context\":\"https:\\\/\\\/schema.org\",\"@graph\":[{\"@type\":\"WebPage\",\"@id\":\"https:\\\/\\\/gambling6.com\\\/ro\\\/loterie\\\/\",\"url\":\"https:\\\/\\\/gambling6.com\\\/ro\\\/loterie\\\/\",\"name\":\"Cump\u0103rarea biletelor loto interna\u021bionale online\",\"isPartOf\":{\"@id\":\"https:\\\/\\\/gambling6.com\\\/ro\\\/#website\"},\"primaryImageOfPage\":{\"@id\":\"https:\\\/\\\/gambling6.com\\\/ro\\\/loterie\\\/#primaryimage\"},\"image\":{\"@id\":\"https:\\\/\\\/gambling6.com\\\/ro\\\/loterie\\\/#primaryimage\"},\"thumbnailUrl\":\"https:\\\/\\\/gambling6.com\\\/wp-content\\\/uploads\\\/2013\\\/12\\\/International-Community-150x150.jpg\",\"datePublished\":\"2025-11-10T13:36:35+00:00\",\"dateModified\":\"2025-11-12T18:34:17+00:00\",\"description\":\"Cump\u0103rarea de bilete pentru loterii interna\u021bionale online este u\u0219oar\u0103. Indiferent unde locui\u021bi, participa\u021bi la oricare dintre cele mai bune loterii din \u00eentreaga lume.\",\"breadcrumb\":{\"@id\":\"https:\\\/\\\/gambling6.com\\\/ro\\\/loterie\\\/#breadcrumb\"},\"inLanguage\":\"ro-RO\",\"potentialAction\":[{\"@type\":\"ReadAction\",\"target\":[\"https:\\\/\\\/gambling6.com\\\/ro\\\/loterie\\\/\"]}]},{\"@type\":\"ImageObject\",\"inLanguage\":\"ro-RO\",\"@id\":\"https:\\\/\\\/gambling6.com\\\/ro\\\/loterie\\\/#primaryimage\",\"url\":\"https:\\\/\\\/gambling6.com\\\/wp-content\\\/uploads\\\/2013\\\/12\\\/International-Community-150x150.jpg\",\"contentUrl\":\"https:\\\/\\\/gambling6.com\\\/wp-content\\\/uploads\\\/2013\\\/12\\\/International-Community-150x150.jpg\",\"width\":150,\"height\":150},{\"@type\":\"BreadcrumbList\",\"@id\":\"https:\\\/\\\/gambling6.com\\\/ro\\\/loterie\\\/#breadcrumb\",\"itemListElement\":[{\"@type\":\"ListItem\",\"position\":1,\"name\":\"Home\",\"item\":\"https:\\\/\\\/gambling6.com\\\/ro\\\/home\\\/\"},{\"@type\":\"ListItem\",\"position\":2,\"name\":\"Loterie\"}]},{\"@type\":\"WebSite\",\"@id\":\"https:\\\/\\\/gambling6.com\\\/ro\\\/#website\",\"url\":\"https:\\\/\\\/gambling6.com\\\/ro\\\/\",\"name\":\"Gambling6\",\"description\":\"\",\"potentialAction\":[{\"@type\":\"SearchAction\",\"target\":{\"@type\":\"EntryPoint\",\"urlTemplate\":\"https:\\\/\\\/gambling6.com\\\/ro\\\/?s={search_term_string}\"},\"query-input\":{\"@type\":\"PropertyValueSpecification\",\"valueRequired\":true,\"valueName\":\"search_term_string\"}}],\"inLanguage\":\"ro-RO\"}]}<\/script>\n<!-- \/ Yoast SEO plugin. -->","yoast_head_json":{"title":"Cump\u0103rarea biletelor loto interna\u021bionale online","description":"Cump\u0103rarea de bilete pentru loterii interna\u021bionale online este u\u0219oar\u0103. Indiferent unde locui\u021bi, participa\u021bi la oricare dintre cele mai bune loterii din \u00eentreaga lume.","robots":{"index":"index","follow":"follow","max-snippet":"max-snippet:-1","max-image-preview":"max-image-preview:large","max-video-preview":"max-video-preview:-1"},"canonical":"https:\/\/gambling6.com\/ro\/loterie\/","og_locale":"ro_RO","og_type":"article","og_title":"Cump\u0103rarea biletelor loto interna\u021bionale online","og_description":"Cump\u0103rarea de bilete pentru loterii interna\u021bionale online este u\u0219oar\u0103. Indiferent unde locui\u021bi, participa\u021bi la oricare dintre cele mai bune loterii din \u00eentreaga lume.","og_url":"https:\/\/gambling6.com\/ro\/loterie\/","og_site_name":"Gambling6","article_modified_time":"2025-11-12T18:34:17+00:00","og_image":[{"width":150,"height":150,"url":"https:\/\/gambling6.com\/wp-content\/uploads\/2013\/12\/International-Community-150x150.jpg","type":"image\/jpeg"}],"twitter_card":"summary_large_image","twitter_misc":{"Timp estimat pentru citire":"5 minute"},"schema":{"@context":"https:\/\/schema.org","@graph":[{"@type":"WebPage","@id":"https:\/\/gambling6.com\/ro\/loterie\/","url":"https:\/\/gambling6.com\/ro\/loterie\/","name":"Cump\u0103rarea biletelor loto interna\u021bionale online","isPartOf":{"@id":"https:\/\/gambling6.com\/ro\/#website"},"primaryImageOfPage":{"@id":"https:\/\/gambling6.com\/ro\/loterie\/#primaryimage"},"image":{"@id":"https:\/\/gambling6.com\/ro\/loterie\/#primaryimage"},"thumbnailUrl":"https:\/\/gambling6.com\/wp-content\/uploads\/2013\/12\/International-Community-150x150.jpg","datePublished":"2025-11-10T13:36:35+00:00","dateModified":"2025-11-12T18:34:17+00:00","description":"Cump\u0103rarea de bilete pentru loterii interna\u021bionale online este u\u0219oar\u0103. Indiferent unde locui\u021bi, participa\u021bi la oricare dintre cele mai bune loterii din \u00eentreaga lume.","breadcrumb":{"@id":"https:\/\/gambling6.com\/ro\/loterie\/#breadcrumb"},"inLanguage":"ro-RO","potentialAction":[{"@type":"ReadAction","target":["https:\/\/gambling6.com\/ro\/loterie\/"]}]},{"@type":"ImageObject","inLanguage":"ro-RO","@id":"https:\/\/gambling6.com\/ro\/loterie\/#primaryimage","url":"https:\/\/gambling6.com\/wp-content\/uploads\/2013\/12\/International-Community-150x150.jpg","contentUrl":"https:\/\/gambling6.com\/wp-content\/uploads\/2013\/12\/International-Community-150x150.jpg","width":150,"height":150},{"@type":"BreadcrumbList","@id":"https:\/\/gambling6.com\/ro\/loterie\/#breadcrumb","itemListElement":[{"@type":"ListItem","position":1,"name":"Home","item":"https:\/\/gambling6.com\/ro\/home\/"},{"@type":"ListItem","position":2,"name":"Loterie"}]},{"@type":"WebSite","@id":"https:\/\/gambling6.com\/ro\/#website","url":"https:\/\/gambling6.com\/ro\/","name":"Gambling6","description":"","potentialAction":[{"@type":"SearchAction","target":{"@type":"EntryPoint","urlTemplate":"https:\/\/gambling6.com\/ro\/?s={search_term_string}"},"query-input":{"@type":"PropertyValueSpecification","valueRequired":true,"valueName":"search_term_string"}}],"inLanguage":"ro-RO"}]}},"_links":{"self":[{"href":"https:\/\/gambling6.com\/ro\/wp-json\/wp\/v2\/pages\/9316","targetHints":{"allow":["GET"]}}],"collection":[{"href":"https:\/\/gambling6.com\/ro\/wp-json\/wp\/v2\/pages"}],"about":[{"href":"https:\/\/gambling6.com\/ro\/wp-json\/wp\/v2\/types\/page"}],"author":[{"embeddable":true,"href":"https:\/\/gambling6.com\/ro\/wp-json\/wp\/v2\/users\/1"}],"replies":[{"embeddable":true,"href":"https:\/\/gambling6.com\/ro\/wp-json\/wp\/v2\/comments?post=9316"}],"version-history":[{"count":1,"href":"https:\/\/gambling6.com\/ro\/wp-json\/wp\/v2\/pages\/9316\/revisions"}],"predecessor-version":[{"id":10747,"href":"https:\/\/gambling6.com\/ro\/wp-json\/wp\/v2\/pages\/9316\/revisions\/10747"}],"wp:featuredmedia":[{"embeddable":true,"href":"https:\/\/gambling6.com\/ro\/wp-json\/wp\/v2\/media\/9291"}],"wp:attachment":[{"href":"https:\/\/gambling6.com\/ro\/wp-json\/wp\/v2\/media?parent=9316"}],"curies":[{"name":"wp","href":"https:\/\/api.w.org\/{rel}","templated":true}]}}