{"id":9366,"date":"2025-11-10T20:52:47","date_gmt":"2025-11-10T20:52:47","guid":{"rendered":"https:\/\/gambling6.com\/loterie\/obtineti-bilete-online-pentru-loteria-mega-millions\/"},"modified":"2025-11-10T20:52:47","modified_gmt":"2025-11-10T20:52:47","slug":"obtineti-bilete-online-pentru-loteria-mega-millions","status":"publish","type":"page","link":"https:\/\/gambling6.com\/ro\/loterie\/obtineti-bilete-online-pentru-loteria-mega-millions\/","title":{"rendered":"Ob\u021bine\u021bi bilete online pentru loteria Mega Millions"},"content":{"rendered":"<h2>Bilete la loteria Mega Millions disponibile de oriunde \u00een lume<\/h2>\n<p>Un num\u0103r incredibil de oameni cump\u0103r\u0103 bilete de loterie \u00een fiecare zi, at\u00e2t \u00een \u200b\u200bAmerica de Nord, c\u00e2t \u0219i \u00een \u00eentreaga lume. Majoritatea participan\u021bilor la loterie sunt con\u0219tien\u021bi de faptul c\u0103 \u0219ansele lor de a c\u00e2\u0219tiga jackpotul sunt foarte mici. <strong>Totu\u0219i, cu posibilitatea de a <\/strong><span style=\"box-sizing: border-box; margin: 0px; padding: 0px;\"><strong>cump\u0103ra bilete online pentru loteria Mega Millions, oamenii alearg\u0103 zilnic la computere, se conecteaz\u0103 la partenerul nostru RedFoxLotto.com \u0219i cump\u0103r\u0103 bilete <\/span>pentru gigantica loterie Mega Millions din SUA.<img loading=\"lazy\" decoding=\"async\" class=\" alignright wp-image-544\" style=\"margin: 10px; border: 5px solid #ffffff; float: right;\" src=\"http:\/\/gambling6.com\/wp-content\/uploads\/2013\/12\/get-mega-millions-tickets-online.png\" alt=\"biletele tale Megamillions online\" width=\"297\" height=\"163\" srcset=\"https:\/\/gambling6.com\/wp-content\/uploads\/2013\/12\/get-mega-millions-tickets-online.png 388w, https:\/\/gambling6.com\/wp-content\/uploads\/2013\/12\/get-mega-millions-tickets-online-300x165.png 300w\" sizes=\"auto, (max-width: 297px) 100vw, 297px\" \/><\/p>\n<h2>Pentru a c\u00e2\u0219tiga, trebuie s\u0103-\u021bi cumperi bilete online.<\/h2>\n<p>Mul\u021bi oameni ar prefera s\u0103 aib\u0103 o mic\u0103 \u0219ans\u0103 de c\u00e2\u0219tig dec\u00e2t deloc. Cum spune zicala: \u201enu po\u021bi c\u00e2\u0219tiga f\u0103r\u0103 bilet\u201d. Aceast\u0103 expresie r\u0103m\u00e2ne \u00een mintea multor oameni \u0219i, av\u00e2nd \u00een vedere c\u0103 imaginile loto \u00eei inund\u0103 \u00een fiecare zi, este foarte probabil ca ace\u0219tia s\u0103-\u0219i cumpere biletele online. Internetul a permis oamenilor din \u00eentreaga lume s\u0103 cumpere bilete pentru fiecare extragere la loterie. Av\u00e2nd \u00een vedere c\u0103 Mega Millions este una dintre cele mai mari extrageri la nivel mondial, este pur \u0219i simplu logic ca oamenii s\u0103 se \u00eenghesuie s\u0103 cumpere bilete online.<\/p>\n<p>Pentru a v\u0103 ob\u021bine biletul, <a class=\"thirstylink\" title=\"Redfoxlotto\" href=\"https:\/\/gambling6.com\/go\/redfoxlotto\/\" target=\"_blank\" rel=\"nofollow noopener\">face\u021bi clic aici pentru a vizita RedFoxLotto.com<\/a>, un excelent serviciu de mesagerie pentru bilete de loterie, unde pute\u021bi cump\u0103ra bilete de loterie pentru cele mai importante jackpoturi din \u00eentreaga lume.<\/p>\n<h2>Posibilit\u0103\u021bi care le schimb\u0103 via\u021ba a\u0219teapt\u0103 cump\u0103r\u0103torii online.<\/h2>\n<p>Este important de re\u021binut c\u0103 oamenii cump\u0103r\u0103 bilete online pentru loteria Mega Millions pentru a \u00eencerca s\u0103-\u0219i schimbe via\u021ba. C\u00e2nd aud rezultatele c\u0103 un cuplu din Tunkhannock, Pennsylvania, a c\u00e2\u0219tigat marele premiu, sunt dezam\u0103gi\u021bi \u0219i nici m\u0103car nu \u00ee\u0219i verific\u0103 biletele.<\/p>\n<h2>Biletele online Mega Millions \u0219i Powerball sunt cele mai populare.<\/h2>\n<p>Cele dou\u0103 loterii din SUA, \u0219i anume Megamillions \u0219i Powerball, sunt \u00eentr-adev\u0103r cele mai mari loterii produc\u0103toare de jackpoturi din \u00eentreaga lume. Nu este de mirare, a\u0219adar, c\u0103 v\u00e2nz\u0103rile de bilete online pentru ace\u0219ti doi gigan\u021bi ating noi culmi \u00een fiecare s\u0103pt\u0103m\u00e2n\u0103. Ob\u021binerea de bilete online pentru Mega Millions a adus \u00een mod regulat jackpoturile la niveluri extraordinare.<\/p>\n<h2>Jackpoturile uimitoare Mega Millions din 2013 se apropie de un record<\/h2>\n<table style=\"width: 500px;\" border=\"1\" cellspacing=\"5\" cellpadding=\"5\" align=\"center\">\n<tbody>\n<tr>\n<td colspan=\"3\" align=\"center\">Cele mai mari cinci jackpoturi din 2013<\/td>\n<\/tr>\n<tr>\n<td>Tragere la sor\u021bi<\/td>\n<td align=\"center\">Data<\/td>\n<td align=\"center\">Jackpot (USD)<\/td>\n<\/tr>\n<tr>\n<td>Mega Millions &#8211; SUA<\/td>\n<td align=\"center\">17 dec. 2013<\/td>\n<td align=\"right\">636.000.000 USD<\/td>\n<\/tr>\n<tr>\n<td>Mega Millions &#8211; SUA<\/td>\n<td align=\"center\">17 mai 2013<\/td>\n<td align=\"right\">190.000.000 USD<\/td>\n<\/tr>\n<tr>\n<td>Mega Millions &#8211; SUA<\/td>\n<td align=\"center\">1 octombrie 2013<\/td>\n<td align=\"right\">189.000.000 USD<\/td>\n<\/tr>\n<tr>\n<td>Mega Millions &#8211; SUA<\/td>\n<td align=\"center\">25 ianuarie 2013<\/td>\n<td align=\"right\">89.000.000 USD<\/td>\n<\/tr>\n<tr>\n<td>Mega Millions &#8211; SUA<\/td>\n<td align=\"center\">5 iulie 2013<\/td>\n<td align=\"right\">79.000.000 USD<\/td>\n<\/tr>\n<\/tbody>\n<\/table>\n<h2> Multe premii pentru biletul online Mega Millions de\u021bin\u0103tori<\/h2>\n<table style=\"width: 500px;\" border=\"1\" cellspacing=\"5\" cellpadding=\"5\" align=\"center\">\n<tbody>\n<tr>\n<td colspan=\"3\" align=\"center\">Niveluri de premii la Loteria Mega Millions<\/td>\n<\/tr>\n<tr>\n<td>Premiu<\/td>\n<td align=\"center\">Meciuri<\/td>\n<td align=\"center\">Cote<\/td>\n<\/tr>\n<tr>\n<td>Locul 1 (Jackpot)<\/td>\n<td align=\"center\">5 + 1<\/td>\n<td align=\"right\">175.711.538 : 1<\/td>\n<\/tr>\n<tr>\n<td>Locul 2<\/td>\n<td align=\"center\">5<\/td>\n<td align=\"right\">3.904.701 : 1<\/td>\n<\/tr>\n<tr>\n<td>Al 3-lea<\/td>\n<td align=\"center\">4 + 1<\/td>\n<td align=\"right\">689.065 : 1<\/td>\n<\/tr>\n<tr>Al 4-lea<\/td>\n<td align=\"center\">4<\/td>\n<td align=\"right\">15.313 : 1<\/td>\n<\/tr>\n<tr>Al 5-lea<\/td>\n<td align=\"center\">3 + 1<\/td>\n<td align=\"right\">13.781 : 1<\/td>\n<\/tr>\n<tr>Al 6-lea<\/td>\n<td align=\"center\">2 + 1<\/td>\n<td align=\"right\">844 : 1<\/td>\n<\/tr>\n<tr>\n<td>Al 7-lea<\/td>\n<td align=\"center\">3<\/td>\n<td align=\"right\">360 : 1<\/td>\n<\/tr>\n<tr>\n<td>Al 8-lea<\/td>\n<td align=\"center\">1 + 1<\/td>\n<td align=\"right\">141 : 1<\/td>\n<\/tr>\n<tr>\n<td>Al 9-lea<\/td>\n<td align=\"center\">0 + 1<\/td>\n<td align=\"right\">75 : 1<\/td>\n<\/tr>\n<\/tbody>\n<\/table>\n<p style=\"text-align: center;\"><strong>Joac\u0103 Mega Millions ast\u0103zi cu biletele tale online \u0219i s-ar putea s\u0103-\u021bi \u00eempline\u0219ti visele!<\/strong><\/p>\n","protected":false},"excerpt":{"rendered":"<p>Bilete la loteria Mega Millions disponibile de oriunde \u00een lume Un num\u0103r incredibil de oameni cump\u0103r\u0103 bilete de loterie \u00een fiecare zi, at\u00e2t \u00een \u200b\u200bAmerica de Nord, c\u00e2t \u0219i \u00een \u00eentreaga lume. Majoritatea participan\u021bilor la loterie sunt con\u0219tien\u021bi de faptul c\u0103 \u0219ansele lor de a c\u00e2\u0219tiga jackpotul sunt foarte mici. Totu\u0219i, cu posibilitatea de a [&hellip;]<\/p>\n","protected":false},"author":1,"featured_media":9350,"parent":9316,"menu_order":13,"comment_status":"closed","ping_status":"closed","template":"","meta":{"footnotes":""},"class_list":["post-9366","page","type-page","status-publish","has-post-thumbnail","hentry"],"yoast_head":"<!-- This site is optimized with the Yoast SEO plugin v27.4 - https:\/\/yoast.com\/product\/yoast-seo-wordpress\/ -->\n<title>Cump\u0103r\u0103 bilete la loteria Mega Millions online<\/title>\n<meta name=\"description\" content=\"C\u00e2\u0219tig\u0103 sume mari ob\u021bin\u00e2nd bilete online pentru Loteria Mega Millions.\" \/>\n<meta name=\"robots\" content=\"index, follow, max-snippet:-1, max-image-preview:large, max-video-preview:-1\" \/>\n<link rel=\"canonical\" href=\"https:\/\/gambling6.com\/ro\/loterie\/obtineti-bilete-online-pentru-loteria-mega-millions\/\" \/>\n<meta property=\"og:locale\" content=\"ro_RO\" \/>\n<meta property=\"og:type\" content=\"article\" \/>\n<meta property=\"og:title\" content=\"Cump\u0103r\u0103 bilete la loteria Mega Millions online\" \/>\n<meta property=\"og:description\" content=\"C\u00e2\u0219tig\u0103 sume mari ob\u021bin\u00e2nd bilete online pentru Loteria Mega Millions.\" \/>\n<meta property=\"og:url\" content=\"https:\/\/gambling6.com\/ro\/loterie\/obtineti-bilete-online-pentru-loteria-mega-millions\/\" \/>\n<meta property=\"og:site_name\" content=\"Gambling6\" \/>\n<meta property=\"og:image\" content=\"https:\/\/gambling6.com\/wp-content\/uploads\/2013\/12\/get-mega-millions-tickets-online.png\" \/>\n\t<meta property=\"og:image:width\" content=\"388\" \/>\n\t<meta property=\"og:image:height\" content=\"213\" \/>\n\t<meta property=\"og:image:type\" content=\"image\/png\" \/>\n<meta name=\"twitter:card\" content=\"summary_large_image\" \/>\n<meta name=\"twitter:label1\" content=\"Timp estimat pentru citire\" \/>\n\t<meta name=\"twitter:data1\" content=\"3 minute\" \/>\n<script type=\"application\/ld+json\" class=\"yoast-schema-graph\">{\"@context\":\"https:\\\/\\\/schema.org\",\"@graph\":[{\"@type\":\"WebPage\",\"@id\":\"https:\\\/\\\/gambling6.com\\\/ro\\\/loterie\\\/obtineti-bilete-online-pentru-loteria-mega-millions\\\/\",\"url\":\"https:\\\/\\\/gambling6.com\\\/ro\\\/loterie\\\/obtineti-bilete-online-pentru-loteria-mega-millions\\\/\",\"name\":\"Cump\u0103r\u0103 bilete la loteria Mega Millions online\",\"isPartOf\":{\"@id\":\"https:\\\/\\\/gambling6.com\\\/ro\\\/#website\"},\"primaryImageOfPage\":{\"@id\":\"https:\\\/\\\/gambling6.com\\\/ro\\\/loterie\\\/obtineti-bilete-online-pentru-loteria-mega-millions\\\/#primaryimage\"},\"image\":{\"@id\":\"https:\\\/\\\/gambling6.com\\\/ro\\\/loterie\\\/obtineti-bilete-online-pentru-loteria-mega-millions\\\/#primaryimage\"},\"thumbnailUrl\":\"https:\\\/\\\/gambling6.com\\\/wp-content\\\/uploads\\\/2013\\\/12\\\/get-mega-millions-tickets-online.png\",\"datePublished\":\"2025-11-10T20:52:47+00:00\",\"description\":\"C\u00e2\u0219tig\u0103 sume mari ob\u021bin\u00e2nd bilete online pentru Loteria Mega Millions.\",\"breadcrumb\":{\"@id\":\"https:\\\/\\\/gambling6.com\\\/ro\\\/loterie\\\/obtineti-bilete-online-pentru-loteria-mega-millions\\\/#breadcrumb\"},\"inLanguage\":\"ro-RO\",\"potentialAction\":[{\"@type\":\"ReadAction\",\"target\":[\"https:\\\/\\\/gambling6.com\\\/ro\\\/loterie\\\/obtineti-bilete-online-pentru-loteria-mega-millions\\\/\"]}]},{\"@type\":\"ImageObject\",\"inLanguage\":\"ro-RO\",\"@id\":\"https:\\\/\\\/gambling6.com\\\/ro\\\/loterie\\\/obtineti-bilete-online-pentru-loteria-mega-millions\\\/#primaryimage\",\"url\":\"https:\\\/\\\/gambling6.com\\\/wp-content\\\/uploads\\\/2013\\\/12\\\/get-mega-millions-tickets-online.png\",\"contentUrl\":\"https:\\\/\\\/gambling6.com\\\/wp-content\\\/uploads\\\/2013\\\/12\\\/get-mega-millions-tickets-online.png\",\"width\":388,\"height\":213},{\"@type\":\"BreadcrumbList\",\"@id\":\"https:\\\/\\\/gambling6.com\\\/ro\\\/loterie\\\/obtineti-bilete-online-pentru-loteria-mega-millions\\\/#breadcrumb\",\"itemListElement\":[{\"@type\":\"ListItem\",\"position\":1,\"name\":\"Home\",\"item\":\"https:\\\/\\\/gambling6.com\\\/ro\\\/home\\\/\"},{\"@type\":\"ListItem\",\"position\":2,\"name\":\"Loterie\",\"item\":\"https:\\\/\\\/gambling6.com\\\/ro\\\/loterie\\\/\"},{\"@type\":\"ListItem\",\"position\":3,\"name\":\"Ob\u021bine\u021bi bilete online pentru loteria Mega Millions\"}]},{\"@type\":\"WebSite\",\"@id\":\"https:\\\/\\\/gambling6.com\\\/ro\\\/#website\",\"url\":\"https:\\\/\\\/gambling6.com\\\/ro\\\/\",\"name\":\"Gambling6\",\"description\":\"\",\"potentialAction\":[{\"@type\":\"SearchAction\",\"target\":{\"@type\":\"EntryPoint\",\"urlTemplate\":\"https:\\\/\\\/gambling6.com\\\/ro\\\/?s={search_term_string}\"},\"query-input\":{\"@type\":\"PropertyValueSpecification\",\"valueRequired\":true,\"valueName\":\"search_term_string\"}}],\"inLanguage\":\"ro-RO\"}]}<\/script>\n<!-- \/ Yoast SEO plugin. -->","yoast_head_json":{"title":"Cump\u0103r\u0103 bilete la loteria Mega Millions online","description":"C\u00e2\u0219tig\u0103 sume mari ob\u021bin\u00e2nd bilete online pentru Loteria Mega Millions.","robots":{"index":"index","follow":"follow","max-snippet":"max-snippet:-1","max-image-preview":"max-image-preview:large","max-video-preview":"max-video-preview:-1"},"canonical":"https:\/\/gambling6.com\/ro\/loterie\/obtineti-bilete-online-pentru-loteria-mega-millions\/","og_locale":"ro_RO","og_type":"article","og_title":"Cump\u0103r\u0103 bilete la loteria Mega Millions online","og_description":"C\u00e2\u0219tig\u0103 sume mari ob\u021bin\u00e2nd bilete online pentru Loteria Mega Millions.","og_url":"https:\/\/gambling6.com\/ro\/loterie\/obtineti-bilete-online-pentru-loteria-mega-millions\/","og_site_name":"Gambling6","og_image":[{"width":388,"height":213,"url":"https:\/\/gambling6.com\/wp-content\/uploads\/2013\/12\/get-mega-millions-tickets-online.png","type":"image\/png"}],"twitter_card":"summary_large_image","twitter_misc":{"Timp estimat pentru citire":"3 minute"},"schema":{"@context":"https:\/\/schema.org","@graph":[{"@type":"WebPage","@id":"https:\/\/gambling6.com\/ro\/loterie\/obtineti-bilete-online-pentru-loteria-mega-millions\/","url":"https:\/\/gambling6.com\/ro\/loterie\/obtineti-bilete-online-pentru-loteria-mega-millions\/","name":"Cump\u0103r\u0103 bilete la loteria Mega Millions online","isPartOf":{"@id":"https:\/\/gambling6.com\/ro\/#website"},"primaryImageOfPage":{"@id":"https:\/\/gambling6.com\/ro\/loterie\/obtineti-bilete-online-pentru-loteria-mega-millions\/#primaryimage"},"image":{"@id":"https:\/\/gambling6.com\/ro\/loterie\/obtineti-bilete-online-pentru-loteria-mega-millions\/#primaryimage"},"thumbnailUrl":"https:\/\/gambling6.com\/wp-content\/uploads\/2013\/12\/get-mega-millions-tickets-online.png","datePublished":"2025-11-10T20:52:47+00:00","description":"C\u00e2\u0219tig\u0103 sume mari ob\u021bin\u00e2nd bilete online pentru Loteria Mega Millions.","breadcrumb":{"@id":"https:\/\/gambling6.com\/ro\/loterie\/obtineti-bilete-online-pentru-loteria-mega-millions\/#breadcrumb"},"inLanguage":"ro-RO","potentialAction":[{"@type":"ReadAction","target":["https:\/\/gambling6.com\/ro\/loterie\/obtineti-bilete-online-pentru-loteria-mega-millions\/"]}]},{"@type":"ImageObject","inLanguage":"ro-RO","@id":"https:\/\/gambling6.com\/ro\/loterie\/obtineti-bilete-online-pentru-loteria-mega-millions\/#primaryimage","url":"https:\/\/gambling6.com\/wp-content\/uploads\/2013\/12\/get-mega-millions-tickets-online.png","contentUrl":"https:\/\/gambling6.com\/wp-content\/uploads\/2013\/12\/get-mega-millions-tickets-online.png","width":388,"height":213},{"@type":"BreadcrumbList","@id":"https:\/\/gambling6.com\/ro\/loterie\/obtineti-bilete-online-pentru-loteria-mega-millions\/#breadcrumb","itemListElement":[{"@type":"ListItem","position":1,"name":"Home","item":"https:\/\/gambling6.com\/ro\/home\/"},{"@type":"ListItem","position":2,"name":"Loterie","item":"https:\/\/gambling6.com\/ro\/loterie\/"},{"@type":"ListItem","position":3,"name":"Ob\u021bine\u021bi bilete online pentru loteria Mega Millions"}]},{"@type":"WebSite","@id":"https:\/\/gambling6.com\/ro\/#website","url":"https:\/\/gambling6.com\/ro\/","name":"Gambling6","description":"","potentialAction":[{"@type":"SearchAction","target":{"@type":"EntryPoint","urlTemplate":"https:\/\/gambling6.com\/ro\/?s={search_term_string}"},"query-input":{"@type":"PropertyValueSpecification","valueRequired":true,"valueName":"search_term_string"}}],"inLanguage":"ro-RO"}]}},"_links":{"self":[{"href":"https:\/\/gambling6.com\/ro\/wp-json\/wp\/v2\/pages\/9366","targetHints":{"allow":["GET"]}}],"collection":[{"href":"https:\/\/gambling6.com\/ro\/wp-json\/wp\/v2\/pages"}],"about":[{"href":"https:\/\/gambling6.com\/ro\/wp-json\/wp\/v2\/types\/page"}],"author":[{"embeddable":true,"href":"https:\/\/gambling6.com\/ro\/wp-json\/wp\/v2\/users\/1"}],"replies":[{"embeddable":true,"href":"https:\/\/gambling6.com\/ro\/wp-json\/wp\/v2\/comments?post=9366"}],"version-history":[{"count":0,"href":"https:\/\/gambling6.com\/ro\/wp-json\/wp\/v2\/pages\/9366\/revisions"}],"up":[{"embeddable":true,"href":"https:\/\/gambling6.com\/ro\/wp-json\/wp\/v2\/pages\/9316"}],"wp:featuredmedia":[{"embeddable":true,"href":"https:\/\/gambling6.com\/ro\/wp-json\/wp\/v2\/media\/9350"}],"wp:attachment":[{"href":"https:\/\/gambling6.com\/ro\/wp-json\/wp\/v2\/media?parent=9366"}],"curies":[{"name":"wp","href":"https:\/\/api.w.org\/{rel}","templated":true}]}}