{"id":9409,"date":"2025-11-11T02:01:55","date_gmt":"2025-11-11T02:01:55","guid":{"rendered":"https:\/\/gambling6.com\/loterie\/cum-pot-cumpara-bilete-online-pentru-loteria-euromillions-din-afara-europei\/"},"modified":"2025-11-12T18:49:04","modified_gmt":"2025-11-12T18:49:04","slug":"cum-pot-cumpara-bilete-online-pentru-loteria-euromillions-din-afara-europei","status":"publish","type":"page","link":"https:\/\/gambling6.com\/ro\/loterie\/cum-pot-cumpara-bilete-online-pentru-loteria-euromillions-din-afara-europei\/","title":{"rendered":"Cum pot cump\u0103ra bilete online pentru Loteria Euromillions din afara Europei?"},"content":{"rendered":"<h2>Euro Millions<\/h2>\n<p>Cu 185 de milioane de euro \u00een joc \u0219i \u0219ansa obi\u0219nuit\u0103 de a c\u00e2\u0219tiga peste 100 de milioane de euro, oamenii se gr\u0103besc s\u0103 cumpere bilete online pentru loteria Euro Millions.<\/strong><\/span><strong>Euro Millions se joac\u0103 \u00een 9 \u021b\u0103ri din Europa, iar anul trecut a pl\u0103tit premii de peste 2,5 miliarde de dolari. De ce nu a\u021bi vrea s\u0103 ave\u021bi \u0219ansa de a c\u00e2\u0219tiga acest jackpot? Tot ce trebuie s\u0103 face\u021bi este s\u0103 vizita\u021bi partenerul nostru RedFoxLotto \u0219i s\u0103 v\u0103 ob\u021bine\u021bi biletele online. Jocul RedFoxLotto nu a fost niciodat\u0103 mai u\u0219or.<\/p>\n<p><strong>Pute\u021bi cump\u0103ra bilete online pentru loteria Euro Millions de dou\u0103 ori pe s\u0103pt\u0103m\u00e2n\u0103<\/strong> \u0219i, proced\u00e2nd astfel, ave\u021bi \u0219ansa de a c\u00e2\u0219tiga p\u00e2n\u0103 la 13 niveluri diferite de premii. Pentru a cump\u0103ra bilete online, selecta\u021bi 5 numere principale de la 1 la 50. \u00cen al doilea r\u00e2nd, exist\u0103 dou\u0103 numere norocoase, ambele \u00eentre 1 \u0219i 11, extrase de la un aparat separat. Pentru a revendica jackpotul primului premiu, trebuie s\u0103 ghici\u021bi toate cele \u0219apte numere.<\/p>\n<h2>De ce s\u0103 juca\u021bi la loteria Euromillions online?<\/h2>\n<p><img loading=\"lazy\" decoding=\"async\" class=\" wp-image-1437 alignright\" src=\"https:\/\/gambling6.com\/wp-content\/uploads\/2022\/04\/2_ticket_euromillions-112x300.jpg\" alt=\"euromillions ticket\" width=\"99\" height=\"265\" srcset=\"https:\/\/gambling6.com\/wp-content\/uploads\/2022\/04\/2_ticket_euromillions-112x300.jpg 112w, https:\/\/gambling6.com\/wp-content\/uploads\/2022\/04\/2_ticket_euromillions.jpg 200w\" sizes=\"auto, (max-width: 99px) 100vw, 99px\" \/>Febra loteriei din Europa poate &#8211; \u0219i a atins &#8211; niveluri epidemice. Pentru aceasta, oamenii se aliniaz\u0103 s\u0103pt\u0103m\u00e2nal pentru a juca la cea mai mare loterie din Europa, cu unul dintre cele mai mari trei jackpoturi disponibile \u00een lume. Loteria Euromillions a \u00eenceput \u00een 2004 \u0219i se joac\u0103 \u00een Belgia, Fran\u021ba, Irlanda, Austria, Luxemburg, Spania, Portugalia, Elve\u021bia \u0219i Regatul Unit. Un cuplu sco\u021bian a c\u00e2\u0219tigat cel mai mare jackpot din istorie \u00een iulie 2011, reclam\u00e2nd 185 de milioane de euro.<\/p>\n<p>Pe l\u00e2ng\u0103 to\u021bi juc\u0103torii europeni din \u021b\u0103rile men\u021bionate mai sus, milioane de oameni cump\u0103r\u0103 bilete online \u00een fiecare s\u0103pt\u0103m\u00e2n\u0103. Ob\u021binerea biletelor online pentru loteria EuroMillions este foarte simpl\u0103: vizita\u021bi partenerul nostru RedFoxLotto. \u0218ansele de a c\u00e2\u0219tiga jackpotul premiului \u00eent\u00e2i la loteria EuroMillions sunt de 1 la 116.531.800. Cu toate acestea, pentru a participa la unul dintre celelalte 13 niveluri de premii, \u0219ansele totale sunt de una la 13.<\/p>\n<p>\u00cenc\u0103 o dat\u0103, ve\u021bi g\u0103si loteria EuroMillions, una dintre cele mai interesante jocuri de noroc din \u00eentreaga lume. <span style=\"box-sizing: border-box; margin: 0px; padding: 0px;\">Acorda\u021bi-v\u0103 timp pentru a <a href=\"https:\/\/gambling6.com\/go\/redfoxlotto-en\/\" target=\"_blank\" rel=\"noopener\">vizita RedFoxLotto ast\u0103zi urm\u00e2nd acest link<\/a>, deschiz\u00e2nd un cont \u0219i \u00eencep\u00e2nd s\u0103 juca\u021bi la aceast\u0103 loterie european\u0103 gigantic\u0103.<\/span> Suntem siguri c\u0103 v\u0103 ve\u021bi bucura c\u0103 a\u021bi f\u0103cut-o. Este u\u0219or s\u0103 ob\u021bine\u021bi bilete online pentru EuroMillions \u0219i alte loterii populare din \u00eentreaga lume.<\/p>\n<table style=\"width: 500px;\" border=\"1\" cellspacing=\"5\" cellpadding=\"5\" align=\"center\">\n<tbody>\n<tr>\n<td colspan=\"3\" align=\"center\">Cele mai mari cinci jackpoturi din 2013<\/td>\n<\/tr>\n<tr>\n<td>Tragere la sor\u021bi<\/td>\n<td align=\"center\">Data<\/td>\n<td align=\"center\">Jackpot (USD)<\/td>\n<\/tr>\n<tr>\n<td>Euro Millions &#8211; Europa<\/td>\n<td align=\"center\">25 iunie 2013<\/td>\n<td align=\"right\">260.129.094 USD<\/td>\n<\/tr>\n<tr>\n<td>Euro Millions &#8211; Europa<\/td>\n<td align=\"center\">15 noiembrie 2013<\/td>\n<td align=\"right\">137.000.000 USD<\/td>\n<\/tr>\n<tr>\n<td>Milioane Euro &#8211; Europa<\/td>\n<td align=\"center\">28 mai 2013<\/td>\n<td align=\"right\">132.676.542 USD<\/td>\n<\/tr>\n<tr>\n<td>Milioane Euro &#8211; Europa<\/td>\n<td align=\"center\">25 iunie 2013<\/td>\n<td align=\"right\">131.636.203 USD<\/td>\n<\/tr>\n<tr>\n<td>Milioane Euro &#8211; Europa<\/td>\n<td align=\"center\">23 august 2013<\/td>\n<td align=\"right\">131.628.767 USD<\/td>\n<\/tr>\n<\/tbody>\n<\/table>\n<table style=\"width: 500px;\" border=\"1\" cellspacing=\"5\" cellpadding=\"5\" align=\"center\">\n<tbody>\n<tr>\n<td colspan=\"3\" align=\"center\">Niveluri de premii Euro Millions<\/td>\n<\/tr>\n<tr>\n<td>Premiu<\/td>\n<td align=\"center\">Meciuri<\/td>\n<td align=\"center\">Cote<\/td>\n<\/tr>\n<tr>\n<td>Locul 1 (Jackpot)<\/td>\n<td align=\"center\">5 + 2<\/td>\n<td align=\"right\">116.531.800 : 1<\/td>\n<\/tr>\n<tr>\n<td>Locul 2<\/td>\n<td align=\"center\">5 + 1<\/td>\n<td align=\"right\">6.473.989 : 1<\/td>\n<\/tr>\n<tr>\n<td>Al 3-lea<\/td>\n<td align=\"center\">5<\/td>\n<td align=\"right\">3.236.994 : 1<\/td>\n<\/tr>\n<tr>Al 4-lea<\/td>\n<td align=\"center\">4 + 2<\/td>\n<td align=\"right\">517.919 : 1<\/td>\n<\/tr>\n<tr>\n<td>Al 5-lea<\/td>\n<td align=\"center\">4 + 1<\/td>\n<td align=\"right\">28.773 : 1<\/td>\n<\/tr>\n<tr>\n<td>Al 6-lea<\/td>\n<td align=\"center\">4<\/td>\n<td align=\"right\">14.387 : 1<\/td>\n<\/tr>\n<tr>\n<td>Al 7-lea<\/td>\n<td align=\"center\">3 + 2<\/td>\n<td align=\"right\">11.771 : 1<\/td>\n<\/tr>\n<tr>Al 8-lea<\/td>\n<td align=\"center\">2 + 2<\/td>\n<td align=\"right\">821 : 1<\/td>\n<\/tr>\n<tr>\n<td>Al 9-lea<\/td>\n<td align=\"center\">3 + 1<\/td>\n<td align=\"right\">654 : 1<\/td>\n<\/tr>\n<tr>\n<td align=\"center\">3<\/td>\n<td align=\"right\">327 : 1<\/td>\n<\/tr>\n<tr>\n<td>Al 11-lea<\/td>\n<td align=\"center\">1 + 2<\/td>\n<td align=\"right\">156 : 1<\/td>\n<\/tr>\n<tr>\n<td>Al 12-lea<\/td>\n<td align=\"center\">2 + 1<\/td>\n<td align=\"right\">46 : 1<\/td>\n<\/tr>\n<tr>\n<td>Al 13-lea<\/td>\n<td align=\"center\">2<\/td>\n<td align=\"right\">23 : 1<\/td>\n<\/tr>\n<\/tbody>\n<\/table>\n","protected":false},"excerpt":{"rendered":"<p>Euro Millions Cu 185 de milioane de euro \u00een joc \u0219i \u0219ansa obi\u0219nuit\u0103 de a c\u00e2\u0219tiga peste 100 de milioane de euro, oamenii se gr\u0103besc s\u0103 cumpere bilete online pentru loteria Euro Millions.Euro Millions se joac\u0103 \u00een 9 \u021b\u0103ri din Europa, iar anul trecut a pl\u0103tit premii de peste 2,5 miliarde de dolari. De ce [&hellip;]<\/p>\n","protected":false},"author":1,"featured_media":0,"parent":9316,"menu_order":2,"comment_status":"closed","ping_status":"closed","template":"","meta":{"footnotes":""},"class_list":["post-9409","page","type-page","status-publish","hentry"],"yoast_head":"<!-- This site is optimized with the Yoast SEO plugin v27.4 - https:\/\/yoast.com\/product\/yoast-seo-wordpress\/ -->\n<title>Cump\u0103r\u0103 bilete online pentru Loteria Euromillions<\/title>\n<meta name=\"description\" content=\"Asigura\u021bi-v\u0103 c\u0103 v\u0103 procura\u021bi biletele online pentru cea mai mare loterie din Europa, Euromillions \u0219i Euromillions UK, de la un furnizor de \u00eencredere, cum ar fi RedFoxLotto.com.\" \/>\n<meta name=\"robots\" content=\"index, follow, max-snippet:-1, max-image-preview:large, max-video-preview:-1\" \/>\n<link rel=\"canonical\" href=\"https:\/\/gambling6.com\/ro\/loterie\/cum-pot-cumpara-bilete-online-pentru-loteria-euromillions-din-afara-europei\/\" \/>\n<meta property=\"og:locale\" content=\"ro_RO\" \/>\n<meta property=\"og:type\" content=\"article\" \/>\n<meta property=\"og:title\" content=\"Cump\u0103r\u0103 bilete online pentru Loteria Euromillions\" \/>\n<meta property=\"og:description\" content=\"Asigura\u021bi-v\u0103 c\u0103 v\u0103 procura\u021bi biletele online pentru cea mai mare loterie din Europa, Euromillions \u0219i Euromillions UK, de la un furnizor de \u00eencredere, cum ar fi RedFoxLotto.com.\" \/>\n<meta property=\"og:url\" content=\"https:\/\/gambling6.com\/ro\/loterie\/cum-pot-cumpara-bilete-online-pentru-loteria-euromillions-din-afara-europei\/\" \/>\n<meta property=\"og:site_name\" content=\"Gambling6\" \/>\n<meta property=\"article:modified_time\" content=\"2025-11-12T18:49:04+00:00\" \/>\n<meta property=\"og:image\" content=\"https:\/\/gambling6.com\/wp-content\/uploads\/2022\/04\/2_ticket_euromillions.jpg\" \/>\n\t<meta property=\"og:image:width\" content=\"200\" \/>\n\t<meta property=\"og:image:height\" content=\"534\" \/>\n\t<meta property=\"og:image:type\" content=\"image\/jpeg\" \/>\n<meta name=\"twitter:card\" content=\"summary_large_image\" \/>\n<meta name=\"twitter:label1\" content=\"Timp estimat pentru citire\" \/>\n\t<meta name=\"twitter:data1\" content=\"3 minute\" \/>\n<script type=\"application\/ld+json\" class=\"yoast-schema-graph\">{\"@context\":\"https:\\\/\\\/schema.org\",\"@graph\":[{\"@type\":\"WebPage\",\"@id\":\"https:\\\/\\\/gambling6.com\\\/ro\\\/loterie\\\/cum-pot-cumpara-bilete-online-pentru-loteria-euromillions-din-afara-europei\\\/\",\"url\":\"https:\\\/\\\/gambling6.com\\\/ro\\\/loterie\\\/cum-pot-cumpara-bilete-online-pentru-loteria-euromillions-din-afara-europei\\\/\",\"name\":\"Cump\u0103r\u0103 bilete online pentru Loteria Euromillions\",\"isPartOf\":{\"@id\":\"https:\\\/\\\/gambling6.com\\\/ro\\\/#website\"},\"primaryImageOfPage\":{\"@id\":\"https:\\\/\\\/gambling6.com\\\/ro\\\/loterie\\\/cum-pot-cumpara-bilete-online-pentru-loteria-euromillions-din-afara-europei\\\/#primaryimage\"},\"image\":{\"@id\":\"https:\\\/\\\/gambling6.com\\\/ro\\\/loterie\\\/cum-pot-cumpara-bilete-online-pentru-loteria-euromillions-din-afara-europei\\\/#primaryimage\"},\"thumbnailUrl\":\"https:\\\/\\\/gambling6.com\\\/wp-content\\\/uploads\\\/2022\\\/04\\\/2_ticket_euromillions-112x300.jpg\",\"datePublished\":\"2025-11-11T02:01:55+00:00\",\"dateModified\":\"2025-11-12T18:49:04+00:00\",\"description\":\"Asigura\u021bi-v\u0103 c\u0103 v\u0103 procura\u021bi biletele online pentru cea mai mare loterie din Europa, Euromillions \u0219i Euromillions UK, de la un furnizor de \u00eencredere, cum ar fi RedFoxLotto.com.\",\"breadcrumb\":{\"@id\":\"https:\\\/\\\/gambling6.com\\\/ro\\\/loterie\\\/cum-pot-cumpara-bilete-online-pentru-loteria-euromillions-din-afara-europei\\\/#breadcrumb\"},\"inLanguage\":\"ro-RO\",\"potentialAction\":[{\"@type\":\"ReadAction\",\"target\":[\"https:\\\/\\\/gambling6.com\\\/ro\\\/loterie\\\/cum-pot-cumpara-bilete-online-pentru-loteria-euromillions-din-afara-europei\\\/\"]}]},{\"@type\":\"ImageObject\",\"inLanguage\":\"ro-RO\",\"@id\":\"https:\\\/\\\/gambling6.com\\\/ro\\\/loterie\\\/cum-pot-cumpara-bilete-online-pentru-loteria-euromillions-din-afara-europei\\\/#primaryimage\",\"url\":\"https:\\\/\\\/gambling6.com\\\/wp-content\\\/uploads\\\/2022\\\/04\\\/2_ticket_euromillions-112x300.jpg\",\"contentUrl\":\"https:\\\/\\\/gambling6.com\\\/wp-content\\\/uploads\\\/2022\\\/04\\\/2_ticket_euromillions-112x300.jpg\"},{\"@type\":\"BreadcrumbList\",\"@id\":\"https:\\\/\\\/gambling6.com\\\/ro\\\/loterie\\\/cum-pot-cumpara-bilete-online-pentru-loteria-euromillions-din-afara-europei\\\/#breadcrumb\",\"itemListElement\":[{\"@type\":\"ListItem\",\"position\":1,\"name\":\"Home\",\"item\":\"https:\\\/\\\/gambling6.com\\\/ro\\\/home\\\/\"},{\"@type\":\"ListItem\",\"position\":2,\"name\":\"Loterie\",\"item\":\"https:\\\/\\\/gambling6.com\\\/ro\\\/loterie\\\/\"},{\"@type\":\"ListItem\",\"position\":3,\"name\":\"Cum pot cump\u0103ra bilete online pentru Loteria Euromillions din afara Europei?\"}]},{\"@type\":\"WebSite\",\"@id\":\"https:\\\/\\\/gambling6.com\\\/ro\\\/#website\",\"url\":\"https:\\\/\\\/gambling6.com\\\/ro\\\/\",\"name\":\"Gambling6\",\"description\":\"\",\"potentialAction\":[{\"@type\":\"SearchAction\",\"target\":{\"@type\":\"EntryPoint\",\"urlTemplate\":\"https:\\\/\\\/gambling6.com\\\/ro\\\/?s={search_term_string}\"},\"query-input\":{\"@type\":\"PropertyValueSpecification\",\"valueRequired\":true,\"valueName\":\"search_term_string\"}}],\"inLanguage\":\"ro-RO\"}]}<\/script>\n<!-- \/ Yoast SEO plugin. -->","yoast_head_json":{"title":"Cump\u0103r\u0103 bilete online pentru Loteria Euromillions","description":"Asigura\u021bi-v\u0103 c\u0103 v\u0103 procura\u021bi biletele online pentru cea mai mare loterie din Europa, Euromillions \u0219i Euromillions UK, de la un furnizor de \u00eencredere, cum ar fi RedFoxLotto.com.","robots":{"index":"index","follow":"follow","max-snippet":"max-snippet:-1","max-image-preview":"max-image-preview:large","max-video-preview":"max-video-preview:-1"},"canonical":"https:\/\/gambling6.com\/ro\/loterie\/cum-pot-cumpara-bilete-online-pentru-loteria-euromillions-din-afara-europei\/","og_locale":"ro_RO","og_type":"article","og_title":"Cump\u0103r\u0103 bilete online pentru Loteria Euromillions","og_description":"Asigura\u021bi-v\u0103 c\u0103 v\u0103 procura\u021bi biletele online pentru cea mai mare loterie din Europa, Euromillions \u0219i Euromillions UK, de la un furnizor de \u00eencredere, cum ar fi RedFoxLotto.com.","og_url":"https:\/\/gambling6.com\/ro\/loterie\/cum-pot-cumpara-bilete-online-pentru-loteria-euromillions-din-afara-europei\/","og_site_name":"Gambling6","article_modified_time":"2025-11-12T18:49:04+00:00","og_image":[{"width":200,"height":534,"url":"https:\/\/gambling6.com\/wp-content\/uploads\/2022\/04\/2_ticket_euromillions.jpg","type":"image\/jpeg"}],"twitter_card":"summary_large_image","twitter_misc":{"Timp estimat pentru citire":"3 minute"},"schema":{"@context":"https:\/\/schema.org","@graph":[{"@type":"WebPage","@id":"https:\/\/gambling6.com\/ro\/loterie\/cum-pot-cumpara-bilete-online-pentru-loteria-euromillions-din-afara-europei\/","url":"https:\/\/gambling6.com\/ro\/loterie\/cum-pot-cumpara-bilete-online-pentru-loteria-euromillions-din-afara-europei\/","name":"Cump\u0103r\u0103 bilete online pentru Loteria Euromillions","isPartOf":{"@id":"https:\/\/gambling6.com\/ro\/#website"},"primaryImageOfPage":{"@id":"https:\/\/gambling6.com\/ro\/loterie\/cum-pot-cumpara-bilete-online-pentru-loteria-euromillions-din-afara-europei\/#primaryimage"},"image":{"@id":"https:\/\/gambling6.com\/ro\/loterie\/cum-pot-cumpara-bilete-online-pentru-loteria-euromillions-din-afara-europei\/#primaryimage"},"thumbnailUrl":"https:\/\/gambling6.com\/wp-content\/uploads\/2022\/04\/2_ticket_euromillions-112x300.jpg","datePublished":"2025-11-11T02:01:55+00:00","dateModified":"2025-11-12T18:49:04+00:00","description":"Asigura\u021bi-v\u0103 c\u0103 v\u0103 procura\u021bi biletele online pentru cea mai mare loterie din Europa, Euromillions \u0219i Euromillions UK, de la un furnizor de \u00eencredere, cum ar fi RedFoxLotto.com.","breadcrumb":{"@id":"https:\/\/gambling6.com\/ro\/loterie\/cum-pot-cumpara-bilete-online-pentru-loteria-euromillions-din-afara-europei\/#breadcrumb"},"inLanguage":"ro-RO","potentialAction":[{"@type":"ReadAction","target":["https:\/\/gambling6.com\/ro\/loterie\/cum-pot-cumpara-bilete-online-pentru-loteria-euromillions-din-afara-europei\/"]}]},{"@type":"ImageObject","inLanguage":"ro-RO","@id":"https:\/\/gambling6.com\/ro\/loterie\/cum-pot-cumpara-bilete-online-pentru-loteria-euromillions-din-afara-europei\/#primaryimage","url":"https:\/\/gambling6.com\/wp-content\/uploads\/2022\/04\/2_ticket_euromillions-112x300.jpg","contentUrl":"https:\/\/gambling6.com\/wp-content\/uploads\/2022\/04\/2_ticket_euromillions-112x300.jpg"},{"@type":"BreadcrumbList","@id":"https:\/\/gambling6.com\/ro\/loterie\/cum-pot-cumpara-bilete-online-pentru-loteria-euromillions-din-afara-europei\/#breadcrumb","itemListElement":[{"@type":"ListItem","position":1,"name":"Home","item":"https:\/\/gambling6.com\/ro\/home\/"},{"@type":"ListItem","position":2,"name":"Loterie","item":"https:\/\/gambling6.com\/ro\/loterie\/"},{"@type":"ListItem","position":3,"name":"Cum pot cump\u0103ra bilete online pentru Loteria Euromillions din afara Europei?"}]},{"@type":"WebSite","@id":"https:\/\/gambling6.com\/ro\/#website","url":"https:\/\/gambling6.com\/ro\/","name":"Gambling6","description":"","potentialAction":[{"@type":"SearchAction","target":{"@type":"EntryPoint","urlTemplate":"https:\/\/gambling6.com\/ro\/?s={search_term_string}"},"query-input":{"@type":"PropertyValueSpecification","valueRequired":true,"valueName":"search_term_string"}}],"inLanguage":"ro-RO"}]}},"_links":{"self":[{"href":"https:\/\/gambling6.com\/ro\/wp-json\/wp\/v2\/pages\/9409","targetHints":{"allow":["GET"]}}],"collection":[{"href":"https:\/\/gambling6.com\/ro\/wp-json\/wp\/v2\/pages"}],"about":[{"href":"https:\/\/gambling6.com\/ro\/wp-json\/wp\/v2\/types\/page"}],"author":[{"embeddable":true,"href":"https:\/\/gambling6.com\/ro\/wp-json\/wp\/v2\/users\/1"}],"replies":[{"embeddable":true,"href":"https:\/\/gambling6.com\/ro\/wp-json\/wp\/v2\/comments?post=9409"}],"version-history":[{"count":1,"href":"https:\/\/gambling6.com\/ro\/wp-json\/wp\/v2\/pages\/9409\/revisions"}],"predecessor-version":[{"id":10773,"href":"https:\/\/gambling6.com\/ro\/wp-json\/wp\/v2\/pages\/9409\/revisions\/10773"}],"up":[{"embeddable":true,"href":"https:\/\/gambling6.com\/ro\/wp-json\/wp\/v2\/pages\/9316"}],"wp:attachment":[{"href":"https:\/\/gambling6.com\/ro\/wp-json\/wp\/v2\/media?parent=9409"}],"curies":[{"name":"wp","href":"https:\/\/api.w.org\/{rel}","templated":true}]}}