{"id":9433,"date":"2025-11-11T02:40:38","date_gmt":"2025-11-11T02:40:38","guid":{"rendered":"https:\/\/gambling6.com\/loterie\/obtineti-bilete-online-pentru-loteria-din-new-york\/"},"modified":"2025-11-11T02:40:38","modified_gmt":"2025-11-11T02:40:38","slug":"obtineti-bilete-online-pentru-loteria-din-new-york","status":"publish","type":"page","link":"https:\/\/gambling6.com\/ro\/loterie\/obtineti-bilete-online-pentru-loteria-din-new-york\/","title":{"rendered":"Ob\u021bine\u021bi bilete online pentru Loteria din New York"},"content":{"rendered":"<h2>Loteria New York online<\/h2>\n<p>Cu jackpoturi care \u00eencep de la 3 milioane de dolari, Loteria New York devine la fel de mare ca ora\u0219ul \u00eensu\u0219i c\u00e2nd vine vorba de ziua extragerii. Pentru informarea dumneavoastr\u0103, jackpotul minim este mult mai mare dec\u00e2t la majoritatea, **a\u0219a c\u0103 atunci c\u00e2nd lua\u021bi o decizie, lua\u021bi \u00een considerare achizi\u021bionarea de bilete online pentru Loteria New York**.<\/p>\n<p>Dac\u0103 jackpotul nu este c\u00e2\u0219tigat, v\u0103 pute\u021bi a\u0219tepta la jackpoturi reportate, care sunt adesea escaladate la 10 cifre. De fapt, jackpotul record pentru Loteria New York este de 58 de milioane de dolari. **Cu posibilitatea de a v\u0103 ob\u021bine biletele online, a\u021bi putea participa la urm\u0103torul jackpot record.**<\/p>\n<h2>Loteria New York se extrage de dou\u0103 ori pe s\u0103pt\u0103m\u00e2n\u0103.**<br \/>\nJackpotul este \u00eentotdeauna de milioane de dolari \u00een extragerea care are loc de dou\u0103 ori pe s\u0103pt\u0103m\u00e2n\u0103 \u00een New York City. Este logic ca unul dintre cele mai mari ora\u0219e din lume s\u0103 aib\u0103 o loterie cu jackpoturi care \u00eencepe ca una dintre cele mai mari din lume. \u00cen fiecare s\u0103pt\u0103m\u00e2n\u0103, milioane de locuitori din New York stau la coad\u0103 pentru a cump\u0103ra bilete pentru aceast\u0103 loterie care schimb\u0103 vie\u021bi. <b>Nu este nevoie s\u0103 sta\u021bi la coad\u0103 dac\u0103 pute\u021bi cump\u0103ra bilete online.<\/b><\/p>\n<p>Fiind una dintre cele mai vechi loterii din SUA, fondat\u0103 \u00een 1967, Loteria New York a str\u00e2ns aproape 40 de miliarde de dolari pentru cauze caritabile la nivel mondial. \u00cen 2004, un singur de\u021bin\u0103tor de bilet a \u00eencasat suma de 58 de milioane de dolari, ceea ce la acea vreme reprezenta unul dintre cele mai mari c\u00e2\u0219tiguri la loterie din istoria SUA.<\/p>\n<p>Loteria New York este u\u0219or de jucat. Aceast\u0103 loterie \u00een stil 6\/59 necesit\u0103 alegerea a \u0219ase numere de la 1 la 59, \u00eempreun\u0103 cu num\u0103rul bonus.<strong>Pentru a c\u00e2\u0219tiga jackpotul, trebuie s\u0103 ghici\u021bi \u0219ase numere principale, iar \u0219ansele dvs. sunt de aproximativ 1 la 45 de milioane.<\/strong>Prin ghicirea a cinci, patru sau trei numere, pute\u021bi participa la unul dintre cele cinci premii secundare disponibile pentru fiecare extragere, miercurea \u0219i s\u00e2mb\u0103ta fiec\u0103rei s\u0103pt\u0103m\u00e2ni.<\/p>\n<p>Loteria din New York este un joc pe care toat\u0103 lumea vrea s\u0103-l joace, iar acum\u00a0<span style=\"box-sizing: border-box; margin: 0px; padding: 0px;\">v\u0103 pute\u021bi\u00a0<a href=\"https:\/\/gambling6.com\/go\/redfoxlotto-en\/\" target=\"_blank\" rel=\"noopener\">cump\u0103ra biletele online prin intermediul partenerului nostru RedFoxLotto folosind<\/a><\/span><a class=\"thirstylink\" title=\"RedFoxLotto en\" href=\"https:\/\/gambling6.com\/go\/redfoxlotto-en\/\" target=\"_blank\" rel=\"nofollow noopener\">acest link.<\/a><\/p>\n<table style=\"width: 500px;\" border=\"1\" cellspacing=\"5\" cellpadding=\"5\" align=\"center\">\n<tbody>\n<tr>\n<td colspan=\"3\" align=\"center\">Cele mai mari cinci jackpot-uri pentru 2013<\/td>\n<\/tr>\n<tr>\n<td>Tragere<\/td>\n<td align=\"center\">Data<\/td>\n<td align=\"center\">Jackpot (USD)<\/td>\n<\/tr>\n<tr>\n<td>Loteria New York &#8211; SUA<\/td>\n<td align=\"center\">10 aprilie 2013<\/td>\n<td align=\"right\">26.500.000 USD<\/td>\n<\/tr>\n<tr>\n<td>Loteria New York &#8211; SUA<\/td>\n<td align=\"center\">29 iunie 2013<\/td>\n<td align=\"right\">10.700.000 USD<\/td>\n<\/tr>\n<tr>\n<td>Loto New York &#8211; SUA<\/td>\n<td align=\"center\">4 septembrie 2013<\/td>\n<td align=\"right\">7.100.000 USD<\/td>\n<\/tr>\n<tr>\n<td>Loto New York &#8211; SUA<\/td>\n<td align=\"center\">6 noiembrie 2013<\/td>\n<td align=\"right\">6.200.000 USD<\/td>\n<\/tr>\n<tr>\n<td>Loto New York &#8211; SUA<\/td>\n<td align=\"center\">23 noiembrie 2013<\/td>\n<td align=\"right\">3.200.000 USD<\/td>\n<\/tr>\n<\/tbody>\n<\/table>\n<table style=\"width: 500px;\" border=\"1\" cellspacing=\"5\" cellpadding=\"5\" align=\"center\">\n<tbody>\n<tr>\n<td colspan=\"3\" align=\"center\">Loteria New York &#8211; Niveluri de premii SUA<\/td>\n<\/tr>\n<tr>\n<td>Premiu<\/td>\n<td align=\"center\">Meciuri<\/td>\n<td align=\"center\">Cote<\/td>\n<\/tr>\n<tr>\n<td>Locul 1 (Jackpot)<\/td>\n<td align=\"center\">6<\/td>\n<td align=\"right\">45.057.474 : 1<\/td>\n<\/tr>\n<tr>\n<td>Locul 2<\/td>\n<td align=\"center\">5 + 1<\/td>\n<td align=\"right\">7.509.579 : 1<\/td>\n<\/tr>\n<tr>\n<td>Al 3-lea<\/td>\n<td align=\"center\">5<\/td>\n<td align=\"right\">141.690 : 1<\/td>\n<\/tr>\n<tr>\n<td align=\"center\">4<\/td>\n<td align=\"right\">2.180 : 1<\/td>\n<\/tr>\n<tr>\n<td>Al 5-lea<\/td>\n<td align=\"center\">3<\/td>\n<td align=\"right\">96 : 1<\/td>\n<\/tr>\n<\/tbody>\n<\/table>\n","protected":false},"excerpt":{"rendered":"<p>Loteria New York online Cu jackpoturi care \u00eencep de la 3 milioane de dolari, Loteria New York devine la fel de mare ca ora\u0219ul \u00eensu\u0219i c\u00e2nd vine vorba de ziua extragerii. Pentru informarea dumneavoastr\u0103, jackpotul minim este mult mai mare dec\u00e2t la majoritatea, **a\u0219a c\u0103 atunci c\u00e2nd lua\u021bi o decizie, lua\u021bi \u00een considerare achizi\u021bionarea de [&hellip;]<\/p>\n","protected":false},"author":1,"featured_media":0,"parent":9316,"menu_order":12,"comment_status":"closed","ping_status":"closed","template":"","meta":{"footnotes":""},"class_list":["post-9433","page","type-page","status-publish","hentry"],"yoast_head":"<!-- This site is optimized with the Yoast SEO plugin v27.4 - https:\/\/yoast.com\/product\/yoast-seo-wordpress\/ -->\n<title>Cump\u0103ra\u021bi bilete pentru Loteria din New York online<\/title>\n<meta name=\"description\" content=\"Devino milionar instantaneu cump\u0103r\u00e2nd bilete online pentru Loteria din New York.\" \/>\n<meta name=\"robots\" content=\"index, follow, max-snippet:-1, max-image-preview:large, max-video-preview:-1\" \/>\n<link rel=\"canonical\" href=\"https:\/\/gambling6.com\/ro\/loterie\/obtineti-bilete-online-pentru-loteria-din-new-york\/\" \/>\n<meta property=\"og:locale\" content=\"ro_RO\" \/>\n<meta property=\"og:type\" content=\"article\" \/>\n<meta property=\"og:title\" content=\"Cump\u0103ra\u021bi bilete pentru Loteria din New York online\" \/>\n<meta property=\"og:description\" content=\"Devino milionar instantaneu cump\u0103r\u00e2nd bilete online pentru Loteria din New York.\" \/>\n<meta property=\"og:url\" content=\"https:\/\/gambling6.com\/ro\/loterie\/obtineti-bilete-online-pentru-loteria-din-new-york\/\" \/>\n<meta property=\"og:site_name\" content=\"Gambling6\" \/>\n<meta name=\"twitter:card\" content=\"summary_large_image\" \/>\n<meta name=\"twitter:label1\" content=\"Timp estimat pentru citire\" \/>\n\t<meta name=\"twitter:data1\" content=\"2 minute\" \/>\n<script type=\"application\/ld+json\" class=\"yoast-schema-graph\">{\"@context\":\"https:\\\/\\\/schema.org\",\"@graph\":[{\"@type\":\"WebPage\",\"@id\":\"https:\\\/\\\/gambling6.com\\\/ro\\\/loterie\\\/obtineti-bilete-online-pentru-loteria-din-new-york\\\/\",\"url\":\"https:\\\/\\\/gambling6.com\\\/ro\\\/loterie\\\/obtineti-bilete-online-pentru-loteria-din-new-york\\\/\",\"name\":\"Cump\u0103ra\u021bi bilete pentru Loteria din New York online\",\"isPartOf\":{\"@id\":\"https:\\\/\\\/gambling6.com\\\/ro\\\/#website\"},\"datePublished\":\"2025-11-11T02:40:38+00:00\",\"description\":\"Devino milionar instantaneu cump\u0103r\u00e2nd bilete online pentru Loteria din New York.\",\"breadcrumb\":{\"@id\":\"https:\\\/\\\/gambling6.com\\\/ro\\\/loterie\\\/obtineti-bilete-online-pentru-loteria-din-new-york\\\/#breadcrumb\"},\"inLanguage\":\"ro-RO\",\"potentialAction\":[{\"@type\":\"ReadAction\",\"target\":[\"https:\\\/\\\/gambling6.com\\\/ro\\\/loterie\\\/obtineti-bilete-online-pentru-loteria-din-new-york\\\/\"]}]},{\"@type\":\"BreadcrumbList\",\"@id\":\"https:\\\/\\\/gambling6.com\\\/ro\\\/loterie\\\/obtineti-bilete-online-pentru-loteria-din-new-york\\\/#breadcrumb\",\"itemListElement\":[{\"@type\":\"ListItem\",\"position\":1,\"name\":\"Home\",\"item\":\"https:\\\/\\\/gambling6.com\\\/ro\\\/home\\\/\"},{\"@type\":\"ListItem\",\"position\":2,\"name\":\"Loterie\",\"item\":\"https:\\\/\\\/gambling6.com\\\/ro\\\/loterie\\\/\"},{\"@type\":\"ListItem\",\"position\":3,\"name\":\"Ob\u021bine\u021bi bilete online pentru Loteria din New York\"}]},{\"@type\":\"WebSite\",\"@id\":\"https:\\\/\\\/gambling6.com\\\/ro\\\/#website\",\"url\":\"https:\\\/\\\/gambling6.com\\\/ro\\\/\",\"name\":\"Gambling6\",\"description\":\"\",\"potentialAction\":[{\"@type\":\"SearchAction\",\"target\":{\"@type\":\"EntryPoint\",\"urlTemplate\":\"https:\\\/\\\/gambling6.com\\\/ro\\\/?s={search_term_string}\"},\"query-input\":{\"@type\":\"PropertyValueSpecification\",\"valueRequired\":true,\"valueName\":\"search_term_string\"}}],\"inLanguage\":\"ro-RO\"}]}<\/script>\n<!-- \/ Yoast SEO plugin. -->","yoast_head_json":{"title":"Cump\u0103ra\u021bi bilete pentru Loteria din New York online","description":"Devino milionar instantaneu cump\u0103r\u00e2nd bilete online pentru Loteria din New York.","robots":{"index":"index","follow":"follow","max-snippet":"max-snippet:-1","max-image-preview":"max-image-preview:large","max-video-preview":"max-video-preview:-1"},"canonical":"https:\/\/gambling6.com\/ro\/loterie\/obtineti-bilete-online-pentru-loteria-din-new-york\/","og_locale":"ro_RO","og_type":"article","og_title":"Cump\u0103ra\u021bi bilete pentru Loteria din New York online","og_description":"Devino milionar instantaneu cump\u0103r\u00e2nd bilete online pentru Loteria din New York.","og_url":"https:\/\/gambling6.com\/ro\/loterie\/obtineti-bilete-online-pentru-loteria-din-new-york\/","og_site_name":"Gambling6","twitter_card":"summary_large_image","twitter_misc":{"Timp estimat pentru citire":"2 minute"},"schema":{"@context":"https:\/\/schema.org","@graph":[{"@type":"WebPage","@id":"https:\/\/gambling6.com\/ro\/loterie\/obtineti-bilete-online-pentru-loteria-din-new-york\/","url":"https:\/\/gambling6.com\/ro\/loterie\/obtineti-bilete-online-pentru-loteria-din-new-york\/","name":"Cump\u0103ra\u021bi bilete pentru Loteria din New York online","isPartOf":{"@id":"https:\/\/gambling6.com\/ro\/#website"},"datePublished":"2025-11-11T02:40:38+00:00","description":"Devino milionar instantaneu cump\u0103r\u00e2nd bilete online pentru Loteria din New York.","breadcrumb":{"@id":"https:\/\/gambling6.com\/ro\/loterie\/obtineti-bilete-online-pentru-loteria-din-new-york\/#breadcrumb"},"inLanguage":"ro-RO","potentialAction":[{"@type":"ReadAction","target":["https:\/\/gambling6.com\/ro\/loterie\/obtineti-bilete-online-pentru-loteria-din-new-york\/"]}]},{"@type":"BreadcrumbList","@id":"https:\/\/gambling6.com\/ro\/loterie\/obtineti-bilete-online-pentru-loteria-din-new-york\/#breadcrumb","itemListElement":[{"@type":"ListItem","position":1,"name":"Home","item":"https:\/\/gambling6.com\/ro\/home\/"},{"@type":"ListItem","position":2,"name":"Loterie","item":"https:\/\/gambling6.com\/ro\/loterie\/"},{"@type":"ListItem","position":3,"name":"Ob\u021bine\u021bi bilete online pentru Loteria din New York"}]},{"@type":"WebSite","@id":"https:\/\/gambling6.com\/ro\/#website","url":"https:\/\/gambling6.com\/ro\/","name":"Gambling6","description":"","potentialAction":[{"@type":"SearchAction","target":{"@type":"EntryPoint","urlTemplate":"https:\/\/gambling6.com\/ro\/?s={search_term_string}"},"query-input":{"@type":"PropertyValueSpecification","valueRequired":true,"valueName":"search_term_string"}}],"inLanguage":"ro-RO"}]}},"_links":{"self":[{"href":"https:\/\/gambling6.com\/ro\/wp-json\/wp\/v2\/pages\/9433","targetHints":{"allow":["GET"]}}],"collection":[{"href":"https:\/\/gambling6.com\/ro\/wp-json\/wp\/v2\/pages"}],"about":[{"href":"https:\/\/gambling6.com\/ro\/wp-json\/wp\/v2\/types\/page"}],"author":[{"embeddable":true,"href":"https:\/\/gambling6.com\/ro\/wp-json\/wp\/v2\/users\/1"}],"replies":[{"embeddable":true,"href":"https:\/\/gambling6.com\/ro\/wp-json\/wp\/v2\/comments?post=9433"}],"version-history":[{"count":0,"href":"https:\/\/gambling6.com\/ro\/wp-json\/wp\/v2\/pages\/9433\/revisions"}],"up":[{"embeddable":true,"href":"https:\/\/gambling6.com\/ro\/wp-json\/wp\/v2\/pages\/9316"}],"wp:attachment":[{"href":"https:\/\/gambling6.com\/ro\/wp-json\/wp\/v2\/media?parent=9433"}],"curies":[{"name":"wp","href":"https:\/\/api.w.org\/{rel}","templated":true}]}}