{"id":9499,"date":"2025-11-11T03:37:25","date_gmt":"2025-11-11T03:37:25","guid":{"rendered":"https:\/\/gambling6.com\/loterie\/participa-la-loteria-canada-6-49\/"},"modified":"2025-11-11T03:37:25","modified_gmt":"2025-11-11T03:37:25","slug":"participa-la-loteria-canada-6-49","status":"publish","type":"page","link":"https:\/\/gambling6.com\/ro\/loterie\/participa-la-loteria-canada-6-49\/","title":{"rendered":"Particip\u0103 la Loteria Canada 6\/49"},"content":{"rendered":"<h2>Loteria Canadei 6\/49<\/h2>\n<p>\u00cen Canada, din 1982, dou\u0103 lucruri erau garantate iarna. Primul lucru pe care te puteai baza era faptul c\u0103 puteai urm\u0103ri Hockey Night in Canada pe CBC. Al doilea lucru pe care puteai s\u0103-l prezici era c\u0103 cineva va deveni milionar juc\u00e2nd la Loteria 6\/49. Ast\u0103zi te po\u021bi baza \u00een continuare pe extragerea de s\u00e2mb\u0103t\u0103 seara. <strong>Marea diferen\u021b\u0103 ast\u0103zi este c\u0103 po\u021bi cump\u0103ra bilete online pentru extragerea Loteriei Canadei 6\/49.<\/strong> Acord\u0103-\u021bi timp pentru a <a class=\"thirstylink\" title=\"Redfoxlotto\" href=\"https:\/\/gambling6.com\/go\/redfoxlotto\/\" target=\"_blank\" rel=\"nofollow noopener\">cump\u0103r\u0103-\u021bi biletele online ast\u0103zi la partenerul nostru RedFoxLotto.com.<\/a><img loading=\"lazy\" decoding=\"async\" class=\"alignright size-full wp-image-562\" style=\"margin: 10px; border: 5px solid #ffffff; float: right;\" src=\"http:\/\/gambling6.com\/wp-content\/uploads\/2013\/12\/get-online-649-lotto-tickets.png\" alt=\"Lotto 6\/49 Canada\" width=\"300\" height=\"190\" \/><\/p>\n<p>Probabilitatea unei persoane de a ob\u021bine primul premiu la Loto 6\/49 din Canada este de 13.983.816:1. \u0218ansele generale de a ob\u021bine o recompens\u0103 sunt de aproximativ una din 32. Pentru a ob\u021bine bilete online, selecta\u021bi mai \u00eent\u00e2i \u0219ase bile principale de la 1 la 49. <strong>Pentru a c\u00e2\u0219tiga o parte din jackpot, trebuie s\u0103 ghici\u021bi toate cele \u0219ase numere extrase<\/strong>. Pentru a c\u00e2\u0219tiga al doilea premiu, alege\u021bi corect cinci numere principale plus num\u0103rul bonus. Extragerile au loc s\u00e2mb\u0103t\u0103 \u0219i miercuri seara, \u00een jurul orei 19:10 EST, \u00een Canada. Exist\u0103 \u0219ase niveluri de premii, iar dac\u0103 nimeni nu revendic\u0103 jackpotul, acesta este reportat la urm\u0103torul joc p\u00e2n\u0103 c\u00e2nd cineva c\u00e2\u0219tig\u0103 \u00een cele din urm\u0103.<\/p>\n<h2>Joac\u0103 pentru jackpoturi uria\u0219e cu bilete online la Loto 6\/49<\/h2>\n<table style=\"width: 500px;\" border=\"1\" cellspacing=\"5\" cellpadding=\"5\" align=\"center\">\n<tbody>\n<tr>\n<td colspan=\"3\" align=\"center\">Cele mai mari cinci jackpoturi pentru 2013<\/td>\n<\/tr>\n<tr>\n<td>Tragere<\/td>\n<td align=\"center\">Data<\/td>\n<td align=\"center\">Jackpot (USD)<\/td>\n<\/tr>\n<tr>\n<td>Lotto 6\/49 &#8211; Canada<\/td>\n<td align=\"center\">13 aprilie 2013<\/td>\n<td align=\"right\">58.974.913 USD<\/td>\n<\/tr>\n<tr>\n<td>Lotto 6\/49 &#8211; Canada<\/td>\n<td align=\"center\">12 octombrie 2013<\/td>\n<td align=\"right\">37.200.000 USD<\/td>\n<\/tr>\n<tr>\n<td>Loto 6\/49 &#8211; Canada<\/td>\n<td align=\"center\">30 octombrie 2013<\/td>\n<td align=\"right\">18.807.390 USD<\/td>\n<\/tr>\n<tr>\n<td>Loto 6\/49 &#8211; Canada<\/td>\n<td align=\"center\">6 iulie 2013<\/td>\n<td align=\"right\">18.351.756 USD<\/td>\n<\/tr>\n<tr>\n<td>Loto 6\/49 &#8211; Canada<\/td>\n<td align=\"center\">4 decembrie 2013<\/td>\n<td align=\"right\">17.670.000 USD<\/td>\n<\/tr>\n<\/tbody>\n<\/table>\n<h2>Multe niveluri de premii C\u00e2\u0219tig\u0103 cu bilete la loto online<\/h2>\n<p>Posibilitatea de a c\u00e2\u0219tiga cu \u0219apte niveluri diferite de premii deschide o lume a posibilit\u0103\u021bilor de a c\u00e2\u0219tiga bani atunci c\u00e2nd cumperi bilete online pentru Loto 6\/49. Mul\u021bi oameni, de fapt, uit\u0103 de toate nivelurile suplimentare la care se poate c\u00e2\u0219tiga un premiu. Este important, odat\u0103 ce ai cump\u0103rat bilete, s\u0103 le verifici pentru a vedea dac\u0103 ai c\u00e2\u0219tigat ceva.<\/p>\n<p>Este un fapt c\u0103 mul\u021bi oameni cump\u0103r\u0103 bilete \u00een fiecare s\u0103pt\u0103m\u00e2n\u0103 \u0219i nu reu\u0219esc s\u0103 verifice dac\u0103 au c\u00e2\u0219tigat ceva dup\u0103 ce aud c\u0103 altcineva a cump\u0103rat un bilet \u00eentr-o loca\u021bie diferit\u0103 de a lor \u0219i a c\u00e2\u0219tigat jackpotul. <b>Pe c\u00e2t de u\u0219or este s\u0103 cumperi bilete la Loto 6\/49 online, pe at\u00e2t de u\u0219or este s\u0103-\u021bi verifici biletele online.<\/b> Exist\u0103 o mul\u021bime de instrumente care te ajut\u0103 s\u0103 cau\u021bi printr-o serie de baze de date pentru principalele loterii din \u00eentreaga lume.<\/p>\n<table style=\"width: 500px;\" border=\"1\" cellspacing=\"5\" cellpadding=\"5\" align=\"center\">\n<tbody>\n<tr>\n<td colspan=\"3\" align=\"center\">Lotto 6\/49 &#8211; Niveluri de premii Canada<\/td>\n<\/tr>\n<tr>\n<td>Premiu<\/td>\n<td align=\"center\">Meciuri<\/td>\n<td align=\"center\">Cote<\/td>\n<\/tr>\n<tr>\n<td>Locul 1 (Jackpot)<\/td>\n<td align=\"center\">6<\/td>\n<td align=\"right\">13.983.816 : 1<\/td>\n<\/tr>\n<tr>\n<td>Locul 2<\/td>\n<td align=\"center\">5 + 1<\/td>\n<td align=\"right\">2.330.636 : 1<\/td>\n<\/tr>\n<tr>\n<td>Al 3-lea<\/td>\n<td align=\"center\">5<\/td>\n<td align=\"right\">55.492 : 1<\/td>\n<\/tr>\n<tr>\n<td align=\"center\">4<\/td>\n<td align=\"right\">1.033 : 1<\/td>\n<\/tr>\n<tr>\n<td>Al 5-lea<\/td>\n<td align=\"center\">3<\/td>\n<td align=\"right\">57 : 1<\/td>\n<\/tr>\n<tr>\n<td>Al 6-lea<\/td>\n<td align=\"center\">2 + 1<\/td>\n<td align=\"right\">81 : 1<\/td>\n<\/tr>\n<tr>\n<td>Al 7-lea<\/td>\n<td align=\"center\">2<\/td>\n<td align=\"right\">8 : 1<\/td>\n<\/tr>\n<\/tbody>\n<\/table>\n<p style=\"text-align: center;\"><strong>Joac\u0103 online la loteria canadian\u0103 6\/49 \u0219i bucur\u0103-te de libertatea oferit\u0103 de a deveni milionar!<\/strong><\/p>\n","protected":false},"excerpt":{"rendered":"<p>Loteria Canadei 6\/49 \u00cen Canada, din 1982, dou\u0103 lucruri erau garantate iarna. Primul lucru pe care te puteai baza era faptul c\u0103 puteai urm\u0103ri Hockey Night in Canada pe CBC. Al doilea lucru pe care puteai s\u0103-l prezici era c\u0103 cineva va deveni milionar juc\u00e2nd la Loteria 6\/49. Ast\u0103zi te po\u021bi baza \u00een continuare pe [&hellip;]<\/p>\n","protected":false},"author":1,"featured_media":9483,"parent":9316,"menu_order":5,"comment_status":"closed","ping_status":"closed","template":"","meta":{"footnotes":""},"class_list":["post-9499","page","type-page","status-publish","has-post-thumbnail","hentry"],"yoast_head":"<!-- This site is optimized with the Yoast SEO plugin v27.5 - https:\/\/yoast.com\/product\/yoast-seo-wordpress\/ -->\n<title>Ob\u021bine\u021bi bilete online pentru Loteria 6\/49 din Canada<\/title>\n<meta name=\"description\" content=\"Acum este u\u0219or s\u0103 ob\u021bii bilete online pentru Loteria 6\/49 \u00een Canada.\" \/>\n<meta name=\"robots\" content=\"index, follow, max-snippet:-1, max-image-preview:large, max-video-preview:-1\" \/>\n<link rel=\"canonical\" href=\"https:\/\/gambling6.com\/ro\/loterie\/participa-la-loteria-canada-6-49\/\" \/>\n<meta property=\"og:locale\" content=\"ro_RO\" \/>\n<meta property=\"og:type\" content=\"article\" \/>\n<meta property=\"og:title\" content=\"Ob\u021bine\u021bi bilete online pentru Loteria 6\/49 din Canada\" \/>\n<meta property=\"og:description\" content=\"Acum este u\u0219or s\u0103 ob\u021bii bilete online pentru Loteria 6\/49 \u00een Canada.\" \/>\n<meta property=\"og:url\" content=\"https:\/\/gambling6.com\/ro\/loterie\/participa-la-loteria-canada-6-49\/\" \/>\n<meta property=\"og:site_name\" content=\"Gambling6\" \/>\n<meta property=\"og:image\" content=\"https:\/\/gambling6.com\/wp-content\/uploads\/2013\/12\/get-online-649-lotto-tickets.png\" \/>\n\t<meta property=\"og:image:width\" content=\"300\" \/>\n\t<meta property=\"og:image:height\" content=\"190\" \/>\n\t<meta property=\"og:image:type\" content=\"image\/png\" \/>\n<meta name=\"twitter:card\" content=\"summary_large_image\" \/>\n<meta name=\"twitter:label1\" content=\"Timp estimat pentru citire\" \/>\n\t<meta name=\"twitter:data1\" content=\"2 minute\" \/>\n<script type=\"application\/ld+json\" class=\"yoast-schema-graph\">{\"@context\":\"https:\\\/\\\/schema.org\",\"@graph\":[{\"@type\":\"WebPage\",\"@id\":\"https:\\\/\\\/gambling6.com\\\/ro\\\/loterie\\\/participa-la-loteria-canada-6-49\\\/\",\"url\":\"https:\\\/\\\/gambling6.com\\\/ro\\\/loterie\\\/participa-la-loteria-canada-6-49\\\/\",\"name\":\"Ob\u021bine\u021bi bilete online pentru Loteria 6\\\/49 din Canada\",\"isPartOf\":{\"@id\":\"https:\\\/\\\/gambling6.com\\\/ro\\\/#website\"},\"primaryImageOfPage\":{\"@id\":\"https:\\\/\\\/gambling6.com\\\/ro\\\/loterie\\\/participa-la-loteria-canada-6-49\\\/#primaryimage\"},\"image\":{\"@id\":\"https:\\\/\\\/gambling6.com\\\/ro\\\/loterie\\\/participa-la-loteria-canada-6-49\\\/#primaryimage\"},\"thumbnailUrl\":\"https:\\\/\\\/gambling6.com\\\/wp-content\\\/uploads\\\/2013\\\/12\\\/get-online-649-lotto-tickets.png\",\"datePublished\":\"2025-11-11T03:37:25+00:00\",\"description\":\"Acum este u\u0219or s\u0103 ob\u021bii bilete online pentru Loteria 6\\\/49 \u00een Canada.\",\"breadcrumb\":{\"@id\":\"https:\\\/\\\/gambling6.com\\\/ro\\\/loterie\\\/participa-la-loteria-canada-6-49\\\/#breadcrumb\"},\"inLanguage\":\"ro-RO\",\"potentialAction\":[{\"@type\":\"ReadAction\",\"target\":[\"https:\\\/\\\/gambling6.com\\\/ro\\\/loterie\\\/participa-la-loteria-canada-6-49\\\/\"]}]},{\"@type\":\"ImageObject\",\"inLanguage\":\"ro-RO\",\"@id\":\"https:\\\/\\\/gambling6.com\\\/ro\\\/loterie\\\/participa-la-loteria-canada-6-49\\\/#primaryimage\",\"url\":\"https:\\\/\\\/gambling6.com\\\/wp-content\\\/uploads\\\/2013\\\/12\\\/get-online-649-lotto-tickets.png\",\"contentUrl\":\"https:\\\/\\\/gambling6.com\\\/wp-content\\\/uploads\\\/2013\\\/12\\\/get-online-649-lotto-tickets.png\",\"width\":300,\"height\":190},{\"@type\":\"BreadcrumbList\",\"@id\":\"https:\\\/\\\/gambling6.com\\\/ro\\\/loterie\\\/participa-la-loteria-canada-6-49\\\/#breadcrumb\",\"itemListElement\":[{\"@type\":\"ListItem\",\"position\":1,\"name\":\"Home\",\"item\":\"https:\\\/\\\/gambling6.com\\\/ro\\\/home\\\/\"},{\"@type\":\"ListItem\",\"position\":2,\"name\":\"Loterie\",\"item\":\"https:\\\/\\\/gambling6.com\\\/ro\\\/loterie\\\/\"},{\"@type\":\"ListItem\",\"position\":3,\"name\":\"Particip\u0103 la Loteria Canada 6\\\/49\"}]},{\"@type\":\"WebSite\",\"@id\":\"https:\\\/\\\/gambling6.com\\\/ro\\\/#website\",\"url\":\"https:\\\/\\\/gambling6.com\\\/ro\\\/\",\"name\":\"Gambling6\",\"description\":\"\",\"potentialAction\":[{\"@type\":\"SearchAction\",\"target\":{\"@type\":\"EntryPoint\",\"urlTemplate\":\"https:\\\/\\\/gambling6.com\\\/ro\\\/?s={search_term_string}\"},\"query-input\":{\"@type\":\"PropertyValueSpecification\",\"valueRequired\":true,\"valueName\":\"search_term_string\"}}],\"inLanguage\":\"ro-RO\"}]}<\/script>\n<!-- \/ Yoast SEO plugin. -->","yoast_head_json":{"title":"Ob\u021bine\u021bi bilete online pentru Loteria 6\/49 din Canada","description":"Acum este u\u0219or s\u0103 ob\u021bii bilete online pentru Loteria 6\/49 \u00een Canada.","robots":{"index":"index","follow":"follow","max-snippet":"max-snippet:-1","max-image-preview":"max-image-preview:large","max-video-preview":"max-video-preview:-1"},"canonical":"https:\/\/gambling6.com\/ro\/loterie\/participa-la-loteria-canada-6-49\/","og_locale":"ro_RO","og_type":"article","og_title":"Ob\u021bine\u021bi bilete online pentru Loteria 6\/49 din Canada","og_description":"Acum este u\u0219or s\u0103 ob\u021bii bilete online pentru Loteria 6\/49 \u00een Canada.","og_url":"https:\/\/gambling6.com\/ro\/loterie\/participa-la-loteria-canada-6-49\/","og_site_name":"Gambling6","og_image":[{"width":300,"height":190,"url":"https:\/\/gambling6.com\/wp-content\/uploads\/2013\/12\/get-online-649-lotto-tickets.png","type":"image\/png"}],"twitter_card":"summary_large_image","twitter_misc":{"Timp estimat pentru citire":"2 minute"},"schema":{"@context":"https:\/\/schema.org","@graph":[{"@type":"WebPage","@id":"https:\/\/gambling6.com\/ro\/loterie\/participa-la-loteria-canada-6-49\/","url":"https:\/\/gambling6.com\/ro\/loterie\/participa-la-loteria-canada-6-49\/","name":"Ob\u021bine\u021bi bilete online pentru Loteria 6\/49 din Canada","isPartOf":{"@id":"https:\/\/gambling6.com\/ro\/#website"},"primaryImageOfPage":{"@id":"https:\/\/gambling6.com\/ro\/loterie\/participa-la-loteria-canada-6-49\/#primaryimage"},"image":{"@id":"https:\/\/gambling6.com\/ro\/loterie\/participa-la-loteria-canada-6-49\/#primaryimage"},"thumbnailUrl":"https:\/\/gambling6.com\/wp-content\/uploads\/2013\/12\/get-online-649-lotto-tickets.png","datePublished":"2025-11-11T03:37:25+00:00","description":"Acum este u\u0219or s\u0103 ob\u021bii bilete online pentru Loteria 6\/49 \u00een Canada.","breadcrumb":{"@id":"https:\/\/gambling6.com\/ro\/loterie\/participa-la-loteria-canada-6-49\/#breadcrumb"},"inLanguage":"ro-RO","potentialAction":[{"@type":"ReadAction","target":["https:\/\/gambling6.com\/ro\/loterie\/participa-la-loteria-canada-6-49\/"]}]},{"@type":"ImageObject","inLanguage":"ro-RO","@id":"https:\/\/gambling6.com\/ro\/loterie\/participa-la-loteria-canada-6-49\/#primaryimage","url":"https:\/\/gambling6.com\/wp-content\/uploads\/2013\/12\/get-online-649-lotto-tickets.png","contentUrl":"https:\/\/gambling6.com\/wp-content\/uploads\/2013\/12\/get-online-649-lotto-tickets.png","width":300,"height":190},{"@type":"BreadcrumbList","@id":"https:\/\/gambling6.com\/ro\/loterie\/participa-la-loteria-canada-6-49\/#breadcrumb","itemListElement":[{"@type":"ListItem","position":1,"name":"Home","item":"https:\/\/gambling6.com\/ro\/home\/"},{"@type":"ListItem","position":2,"name":"Loterie","item":"https:\/\/gambling6.com\/ro\/loterie\/"},{"@type":"ListItem","position":3,"name":"Particip\u0103 la Loteria Canada 6\/49"}]},{"@type":"WebSite","@id":"https:\/\/gambling6.com\/ro\/#website","url":"https:\/\/gambling6.com\/ro\/","name":"Gambling6","description":"","potentialAction":[{"@type":"SearchAction","target":{"@type":"EntryPoint","urlTemplate":"https:\/\/gambling6.com\/ro\/?s={search_term_string}"},"query-input":{"@type":"PropertyValueSpecification","valueRequired":true,"valueName":"search_term_string"}}],"inLanguage":"ro-RO"}]}},"_links":{"self":[{"href":"https:\/\/gambling6.com\/ro\/wp-json\/wp\/v2\/pages\/9499","targetHints":{"allow":["GET"]}}],"collection":[{"href":"https:\/\/gambling6.com\/ro\/wp-json\/wp\/v2\/pages"}],"about":[{"href":"https:\/\/gambling6.com\/ro\/wp-json\/wp\/v2\/types\/page"}],"author":[{"embeddable":true,"href":"https:\/\/gambling6.com\/ro\/wp-json\/wp\/v2\/users\/1"}],"replies":[{"embeddable":true,"href":"https:\/\/gambling6.com\/ro\/wp-json\/wp\/v2\/comments?post=9499"}],"version-history":[{"count":0,"href":"https:\/\/gambling6.com\/ro\/wp-json\/wp\/v2\/pages\/9499\/revisions"}],"up":[{"embeddable":true,"href":"https:\/\/gambling6.com\/ro\/wp-json\/wp\/v2\/pages\/9316"}],"wp:featuredmedia":[{"embeddable":true,"href":"https:\/\/gambling6.com\/ro\/wp-json\/wp\/v2\/media\/9483"}],"wp:attachment":[{"href":"https:\/\/gambling6.com\/ro\/wp-json\/wp\/v2\/media?parent=9499"}],"curies":[{"name":"wp","href":"https:\/\/api.w.org\/{rel}","templated":true}]}}