{"id":9631,"date":"2025-11-11T08:24:29","date_gmt":"2025-11-11T08:24:29","guid":{"rendered":"https:\/\/gambling6.com\/loterie\/cumparati-bilete-pentru-loteria-floridei-online\/"},"modified":"2025-11-11T08:24:29","modified_gmt":"2025-11-11T08:24:29","slug":"cumparati-bilete-pentru-loteria-floridei-online","status":"publish","type":"page","link":"https:\/\/gambling6.com\/ro\/loterie\/cumparati-bilete-pentru-loteria-floridei-online\/","title":{"rendered":"Cump\u0103ra\u021bi bilete pentru Loteria Floridei online"},"content":{"rendered":"<h2>Loteria Florida<\/h2>\n<p>Stat fierbinte, loterie fierbinte! Locuitorii din Florida ar fi cu siguran\u021b\u0103 de acord c\u0103 loteria lor este obligatorie \u00een fiecare miercuri \u0219i s\u00e2mb\u0103t\u0103. Cu jackpoturi care \u00eencep de la 2 milioane de dolari \u0219i care adesea dep\u0103\u0219esc 10 milioane \u0219i mai mult, Loteria Florida a devenit incredibil de popular\u0103 printre fanaticii loteriei online \u0219i cei care prefer\u0103 s\u0103 se joace \u00een z\u0103pad\u0103. <strong>A-\u021bi ob\u021bine bilete online pentru Loteria Florida este mai u\u0219or dec\u00e2t s\u0103 c\u0103l\u0103tore\u0219ti \u00een Florida pentru a le cump\u0103ra.<\/strong><\/p>\n<p>De\u0219i \u0219ansele de a c\u00e2\u0219tiga jackpotul sunt de una la 22.957.480,<strong>ai o \u0219ans\u0103 mai mare de 1 din 67 de a c\u00e2\u0219tiga unul dintre premiile disponibile \u00een cele patru niveluri<\/strong>. Deoarece exist\u0103 doar patru niveluri de premii, sumele \u00een numerar sunt mai mari dec\u00e2t \u00een \u200b\u200bmajoritatea celorlalte loterii. Cu toate acestea, c\u00e2\u0219tigarea jackpotului nu este exclus\u0103. Jackpotul record a fost de pu\u021bin peste 106 milioane de dolari; acesta a fost unul dintre cele mai mari jackpoturi din istoria Americii la momentul c\u00e2\u0219tig\u0103rii.<\/p>\n<h2>Loteria Florida sprijin\u0103 educa\u021bia<\/h2>\n<p>\u00cen 1988, pentru a ajuta la finan\u021barea educa\u021biei \u00een statul Florida, a fost creat\u0103 Loteria Florida. S-au str\u00e2ns mul\u021bi bani pentru aceast\u0103 cauz\u0103, iar odat\u0103 cu ad\u0103ugarea v\u00e2nz\u0103rilor online, Loteria Florida a \u00eenregistrat o cre\u0219tere rapid\u0103 a jackpot-urilor. Acest lucru este evident prin jackpot-ul record din 1990 de 106 milioane de dolari. <strong>Acest jackpot record a fost revendicat de \u0219ase c\u00e2\u0219tig\u0103tori diferi\u021bi, to\u021bi av\u00e2nd numerele de pe biletul lor.<\/strong><\/p>\n<p>Pentru a juca la aceast\u0103 loterie, trebuie s\u0103 alege\u021bi \u0219ase numere \u00eentre unu \u0219i 53. Pentru a revendica jackpot-ul, trebuie pur \u0219i simplu s\u0103 ghici\u021bi toate cele \u0219ase numere. Dac\u0103 jackpot-ul nu este revendicat, acesta este reportat la urm\u0103toarea extragere. Ca de\u021bin\u0103tor de bilet online, ave\u021bi \u0219ansa de a \u00eencasa patru niveluri diferite de premii, care v\u0103 pot aduce \u0219i ni\u0219te bani frumo\u0219i.<\/p>\n<p>Poate c\u0103 nu pute\u021bi face fa\u021b\u0103 climatului cald pe care \u00eel ofer\u0103 Florida. Totu\u0219i, pute\u021bi <a class=\"thirstylink\" title=\"TheLotter ro\" href=\"https:\/\/gambling6.com\/go\/thelotter-ro\/\" target=\"_blank\" rel=\"nofollow noopener\"><strong>profita de ob\u021binerea biletelor online pentru Florida Lotto vizit\u00e2nd partenerul nostru, TheLotter<\/strong>.<\/a><\/p>\n<p>&nbsp;<\/p>\n<table style=\"width: 500px;\" border=\"1\" cellspacing=\"5\" cellpadding=\"5\" align=\"center\">\n<tbody>\n<tr>\n<td colspan=\"3\" align=\"center\">Cele mai mari jackpot-uri din 2013<\/td>\n<\/tr>\n<tr>\n<td>Tragere<\/td>\n<td align=\"center\">Data<\/td>\n<td align=\"center\">Jackpot (USD)<\/td>\n<\/tr>\n<tr>\n<td>Loteria Florida &#8211; SUA<\/td>\n<td align=\"center\">24 august 2013<\/td>\n<td align=\"right\">58.000.000 USD<\/td>\n<\/tr>\n<tr>\n<td>Loteria Florida &#8211; SUA<\/td>\n<td align=\"center\">18 decembrie 2013<\/td>\n<td align=\"right\">46.000.000 USD<\/td>\n<\/tr>\n<\/tbody>\n<\/table>\n<table style=\"width: 500px;\" border=\"1\" cellspacing=\"5\" cellpadding=\"5\" align=\"center\">\n<tbody>\n<tr>\n<td colspan=\"3\" align=\"center\">Loteria Florida &#8211; Niveluri de premii SUA<\/td>\n<\/tr>\n<tr>\n<td>Premiu<\/td>\n<td align=\"center\">Meciuri<\/td>\n<td align=\"center\">Cote<\/td>\n<\/tr>\n<tr>\n<td>Locul 1 (Jackpot)<\/td>\n<td align=\"center\">6<\/td>\n<td align=\"right\">22.957.480 : 1<\/td>\n<\/tr>\n<tr>\n<td align=\"center\">5<\/td>\n<td align=\"right\">81.410 : 1<\/td>\n<\/tr>\n<tr>\n<td>Locul 3<\/td>\n<td align=\"center\">4<\/td>\n<td align=\"right\">1.416 : 1<\/td>\n<\/tr>\n<tr>\n<td>al 4-lea<\/td>\n<td align=\"center\">3<\/td>\n<td align=\"right\">71 : 1<\/td>\n<\/tr>\n<\/tbody>\n<\/table>\n","protected":false},"excerpt":{"rendered":"<p>Loteria Florida Stat fierbinte, loterie fierbinte! Locuitorii din Florida ar fi cu siguran\u021b\u0103 de acord c\u0103 loteria lor este obligatorie \u00een fiecare miercuri \u0219i s\u00e2mb\u0103t\u0103. Cu jackpoturi care \u00eencep de la 2 milioane de dolari \u0219i care adesea dep\u0103\u0219esc 10 milioane \u0219i mai mult, Loteria Florida a devenit incredibil de popular\u0103 printre fanaticii loteriei online [&hellip;]<\/p>\n","protected":false},"author":1,"featured_media":0,"parent":9316,"menu_order":11,"comment_status":"closed","ping_status":"closed","template":"","meta":{"footnotes":""},"class_list":["post-9631","page","type-page","status-publish","hentry"],"yoast_head":"<!-- This site is optimized with the Yoast SEO plugin v27.5 - https:\/\/yoast.com\/product\/yoast-seo-wordpress\/ -->\n<title>Ob\u021bine\u021bi bilete online pentru Loteria din Florida<\/title>\n<meta name=\"description\" content=\"Particip\u0103 la Loteria Floridei \u0219i scap\u0103 de c\u0103ldur\u0103 cump\u0103r\u00e2ndu-\u021bi biletele online.\" \/>\n<meta name=\"robots\" content=\"index, follow, max-snippet:-1, max-image-preview:large, max-video-preview:-1\" \/>\n<link rel=\"canonical\" href=\"https:\/\/gambling6.com\/ro\/loterie\/cumparati-bilete-pentru-loteria-floridei-online\/\" \/>\n<meta property=\"og:locale\" content=\"ro_RO\" \/>\n<meta property=\"og:type\" content=\"article\" \/>\n<meta property=\"og:title\" content=\"Ob\u021bine\u021bi bilete online pentru Loteria din Florida\" \/>\n<meta property=\"og:description\" content=\"Particip\u0103 la Loteria Floridei \u0219i scap\u0103 de c\u0103ldur\u0103 cump\u0103r\u00e2ndu-\u021bi biletele online.\" \/>\n<meta property=\"og:url\" content=\"https:\/\/gambling6.com\/ro\/loterie\/cumparati-bilete-pentru-loteria-floridei-online\/\" \/>\n<meta property=\"og:site_name\" content=\"Gambling6\" \/>\n<meta name=\"twitter:card\" content=\"summary_large_image\" \/>\n<meta name=\"twitter:label1\" content=\"Timp estimat pentru citire\" \/>\n\t<meta name=\"twitter:data1\" content=\"2 minute\" \/>\n<script type=\"application\/ld+json\" class=\"yoast-schema-graph\">{\"@context\":\"https:\\\/\\\/schema.org\",\"@graph\":[{\"@type\":\"WebPage\",\"@id\":\"https:\\\/\\\/gambling6.com\\\/ro\\\/loterie\\\/cumparati-bilete-pentru-loteria-floridei-online\\\/\",\"url\":\"https:\\\/\\\/gambling6.com\\\/ro\\\/loterie\\\/cumparati-bilete-pentru-loteria-floridei-online\\\/\",\"name\":\"Ob\u021bine\u021bi bilete online pentru Loteria din Florida\",\"isPartOf\":{\"@id\":\"https:\\\/\\\/gambling6.com\\\/ro\\\/#website\"},\"datePublished\":\"2025-11-11T08:24:29+00:00\",\"description\":\"Particip\u0103 la Loteria Floridei \u0219i scap\u0103 de c\u0103ldur\u0103 cump\u0103r\u00e2ndu-\u021bi biletele online.\",\"breadcrumb\":{\"@id\":\"https:\\\/\\\/gambling6.com\\\/ro\\\/loterie\\\/cumparati-bilete-pentru-loteria-floridei-online\\\/#breadcrumb\"},\"inLanguage\":\"ro-RO\",\"potentialAction\":[{\"@type\":\"ReadAction\",\"target\":[\"https:\\\/\\\/gambling6.com\\\/ro\\\/loterie\\\/cumparati-bilete-pentru-loteria-floridei-online\\\/\"]}]},{\"@type\":\"BreadcrumbList\",\"@id\":\"https:\\\/\\\/gambling6.com\\\/ro\\\/loterie\\\/cumparati-bilete-pentru-loteria-floridei-online\\\/#breadcrumb\",\"itemListElement\":[{\"@type\":\"ListItem\",\"position\":1,\"name\":\"Home\",\"item\":\"https:\\\/\\\/gambling6.com\\\/ro\\\/home\\\/\"},{\"@type\":\"ListItem\",\"position\":2,\"name\":\"Loterie\",\"item\":\"https:\\\/\\\/gambling6.com\\\/ro\\\/loterie\\\/\"},{\"@type\":\"ListItem\",\"position\":3,\"name\":\"Cump\u0103ra\u021bi bilete pentru Loteria Floridei online\"}]},{\"@type\":\"WebSite\",\"@id\":\"https:\\\/\\\/gambling6.com\\\/ro\\\/#website\",\"url\":\"https:\\\/\\\/gambling6.com\\\/ro\\\/\",\"name\":\"Gambling6\",\"description\":\"\",\"potentialAction\":[{\"@type\":\"SearchAction\",\"target\":{\"@type\":\"EntryPoint\",\"urlTemplate\":\"https:\\\/\\\/gambling6.com\\\/ro\\\/?s={search_term_string}\"},\"query-input\":{\"@type\":\"PropertyValueSpecification\",\"valueRequired\":true,\"valueName\":\"search_term_string\"}}],\"inLanguage\":\"ro-RO\"}]}<\/script>\n<!-- \/ Yoast SEO plugin. -->","yoast_head_json":{"title":"Ob\u021bine\u021bi bilete online pentru Loteria din Florida","description":"Particip\u0103 la Loteria Floridei \u0219i scap\u0103 de c\u0103ldur\u0103 cump\u0103r\u00e2ndu-\u021bi biletele online.","robots":{"index":"index","follow":"follow","max-snippet":"max-snippet:-1","max-image-preview":"max-image-preview:large","max-video-preview":"max-video-preview:-1"},"canonical":"https:\/\/gambling6.com\/ro\/loterie\/cumparati-bilete-pentru-loteria-floridei-online\/","og_locale":"ro_RO","og_type":"article","og_title":"Ob\u021bine\u021bi bilete online pentru Loteria din Florida","og_description":"Particip\u0103 la Loteria Floridei \u0219i scap\u0103 de c\u0103ldur\u0103 cump\u0103r\u00e2ndu-\u021bi biletele online.","og_url":"https:\/\/gambling6.com\/ro\/loterie\/cumparati-bilete-pentru-loteria-floridei-online\/","og_site_name":"Gambling6","twitter_card":"summary_large_image","twitter_misc":{"Timp estimat pentru citire":"2 minute"},"schema":{"@context":"https:\/\/schema.org","@graph":[{"@type":"WebPage","@id":"https:\/\/gambling6.com\/ro\/loterie\/cumparati-bilete-pentru-loteria-floridei-online\/","url":"https:\/\/gambling6.com\/ro\/loterie\/cumparati-bilete-pentru-loteria-floridei-online\/","name":"Ob\u021bine\u021bi bilete online pentru Loteria din Florida","isPartOf":{"@id":"https:\/\/gambling6.com\/ro\/#website"},"datePublished":"2025-11-11T08:24:29+00:00","description":"Particip\u0103 la Loteria Floridei \u0219i scap\u0103 de c\u0103ldur\u0103 cump\u0103r\u00e2ndu-\u021bi biletele online.","breadcrumb":{"@id":"https:\/\/gambling6.com\/ro\/loterie\/cumparati-bilete-pentru-loteria-floridei-online\/#breadcrumb"},"inLanguage":"ro-RO","potentialAction":[{"@type":"ReadAction","target":["https:\/\/gambling6.com\/ro\/loterie\/cumparati-bilete-pentru-loteria-floridei-online\/"]}]},{"@type":"BreadcrumbList","@id":"https:\/\/gambling6.com\/ro\/loterie\/cumparati-bilete-pentru-loteria-floridei-online\/#breadcrumb","itemListElement":[{"@type":"ListItem","position":1,"name":"Home","item":"https:\/\/gambling6.com\/ro\/home\/"},{"@type":"ListItem","position":2,"name":"Loterie","item":"https:\/\/gambling6.com\/ro\/loterie\/"},{"@type":"ListItem","position":3,"name":"Cump\u0103ra\u021bi bilete pentru Loteria Floridei online"}]},{"@type":"WebSite","@id":"https:\/\/gambling6.com\/ro\/#website","url":"https:\/\/gambling6.com\/ro\/","name":"Gambling6","description":"","potentialAction":[{"@type":"SearchAction","target":{"@type":"EntryPoint","urlTemplate":"https:\/\/gambling6.com\/ro\/?s={search_term_string}"},"query-input":{"@type":"PropertyValueSpecification","valueRequired":true,"valueName":"search_term_string"}}],"inLanguage":"ro-RO"}]}},"_links":{"self":[{"href":"https:\/\/gambling6.com\/ro\/wp-json\/wp\/v2\/pages\/9631","targetHints":{"allow":["GET"]}}],"collection":[{"href":"https:\/\/gambling6.com\/ro\/wp-json\/wp\/v2\/pages"}],"about":[{"href":"https:\/\/gambling6.com\/ro\/wp-json\/wp\/v2\/types\/page"}],"author":[{"embeddable":true,"href":"https:\/\/gambling6.com\/ro\/wp-json\/wp\/v2\/users\/1"}],"replies":[{"embeddable":true,"href":"https:\/\/gambling6.com\/ro\/wp-json\/wp\/v2\/comments?post=9631"}],"version-history":[{"count":0,"href":"https:\/\/gambling6.com\/ro\/wp-json\/wp\/v2\/pages\/9631\/revisions"}],"up":[{"embeddable":true,"href":"https:\/\/gambling6.com\/ro\/wp-json\/wp\/v2\/pages\/9316"}],"wp:attachment":[{"href":"https:\/\/gambling6.com\/ro\/wp-json\/wp\/v2\/media?parent=9631"}],"curies":[{"name":"wp","href":"https:\/\/api.w.org\/{rel}","templated":true}]}}