{"id":9647,"date":"2025-11-11T09:02:43","date_gmt":"2025-11-11T09:02:43","guid":{"rendered":"https:\/\/gambling6.com\/loterie\/obtineti-bilete-online-pentru-loteria-eurojackpot\/"},"modified":"2025-11-11T09:02:43","modified_gmt":"2025-11-11T09:02:43","slug":"obtineti-bilete-online-pentru-loteria-eurojackpot","status":"publish","type":"page","link":"https:\/\/gambling6.com\/ro\/loterie\/obtineti-bilete-online-pentru-loteria-eurojackpot\/","title":{"rendered":"Ob\u021bine\u021bi bilete online pentru loteria Eurojackpot"},"content":{"rendered":"<h2>Loteria Eurojackpot<\/h2>\n<p>Po\u021bi cump\u0103ra bilete Eurojackpot online \u0219i po\u021bi deveni milionar peste noapte. Internetul a f\u0103cut acum posibil s\u0103 joci Eurojackpot online, \u00eempreun\u0103 cu multe alte loterii europene. Po\u021bi face acest lucru cump\u0103r\u00e2nd bilete online din fotoliul confortabil \u00een care petreci timpul acas\u0103. Nu mai trebuie s\u0103 alergi la magazinul de la col\u021b sau la chio\u0219curile de loterie, cump\u0103r\u0103-\u021bi biletele Eurojackpot online.<img loading=\"lazy\" decoding=\"async\" class=\"alignright wp-image-552 \" style=\"margin: 10px; border: 5px solid #ffffff; float: right;\" src=\"https:\/\/gambling6.com\/wp-content\/uploads\/2013\/12\/play-euro-jackpot-online.jpg\" alt=\"cump\u0103r\u0103 bilete eurojackpot online\" width=\"240\" height=\"218\" \/><\/p>\n<p>Dac\u0103 vrei s\u0103 devii unul dintre milioanele de oameni care doresc s\u0103 \u00eencaseze jackpoturi uria\u0219e, tot ce trebuie s\u0103 faci este s\u0103-\u021bi alegi cele \u0219apte numere online \u0219i s\u0103 retragi banii folosind una dintre numeroasele metode de plat\u0103 convenabile. Cump\u0103rarea biletelor de loterie online nu a fost niciodat\u0103 mai u\u0219oar\u0103. \u00cen col\u021burile Europei, pute\u021bi cump\u0103ra bilete online pentru mai multe loterii majore cu jackpot.<\/p>\n<h2>Cump\u0103ra\u021bi bilete online pentru Eurojackpot din orice \u021bar\u0103<\/h2>\n<p>Nu exist\u0103 grani\u021be c\u00e2nd vine vorba de cump\u0103rarea biletelor online. Indiferent dac\u0103 v\u0103 afla\u021bi \u00een Cuba sau China, pute\u021bi utiliza internetul pentru a v\u0103 cump\u0103ra biletele \u00eentr-un mediu rapid, prietenos \u0219i sigur, utiliz\u00e2nd partenerul nostru RedFoxLotto. <a class=\"thirstylink\" title=\"RedFoxLotto ro\" href=\"https:\/\/gambling6.com\/go\/redfoxlotto-ro\/\" target=\"_blank\" rel=\"nofollow noopener\">V\u0103 \u00eenregistra\u021bi aici, v\u0103 conecta\u021bi la contul dvs.<\/a>, v\u0103 alege\u021bi numerele, pl\u0103ti\u021bi \u0219i a\u0219tepta\u021bi s\u0103 v\u0103 verifica\u021bi biletul cu rezultatele extragerii.<\/p>\n<p>RedFoxLotto nu poate accepta fani ai loteriei din SUA; \u00een schimb, juc\u0103torii din SUA ar trebui s\u0103 \u00eencerce TheLotter, o alt\u0103 op\u021biune pentru bilete de loterie interna\u021bionale.<br \/>\n<a href=\"https:\/\/smarturl.it\/theBig_Play?tl_affid=8190&amp;tl_bannerid=6cc3afab\" target=\"_self\" rel=\"noopener\"><img loading=\"lazy\" decoding=\"async\" class=\"aligncenter\" title=\"\" src=\"\/\/www.thelotter-affiliates.com\/accounts\/default1\/banners\/6cc3afab.gif\" alt=\"\" width=\"468\" height=\"60\" \/><\/a><\/p>\n<h2>Premii uria\u0219e cu biletele tale online la Eurojackpot<\/h2>\n<table style=\"width: 500px;\" border=\"1\" cellspacing=\"5\" cellpadding=\"5\" align=\"center\">\n<tbody>\n<tr>\n<td colspan=\"3\" align=\"center\">Cele mai mari cinci jackpot-uri din 2013<\/td>\n<\/tr>\n<tr>\n<td>Tragere la sor\u021bi<\/td>\n<td align=\"center\">Data<\/td>\n<td align=\"center\">Jackpot (USD)<\/td>\n<\/tr>\n<tr>\n<td>Jackpot \u00een euro &#8211; Europa<\/td>\n<td align=\"center\">12 aprilie 2013<\/td>\n<td align=\"right\">63.128.694 USD<\/td>\n<\/tr>\n<tr>\n<td>Jackpot \u00een euro &#8211; Europa<\/td>\n<td align=\"center\">19 iulie 2013<\/td>\n<td align=\"right\">56.886.414 USD<\/td>\n<\/tr>\n<tr>\n<td>Jackpot Euro &#8211; Europa<\/td>\n<td align=\"center\">25 ian. 2013<\/td>\n<td align=\"right\">40.470.680 USD<\/td>\n<\/tr>\n<tr>\n<td>Jackpot Euro &#8211; Europa<\/td>\n<td align=\"center\">27 sept. 2013<\/td>\n<td align=\"right\">29.122.090 USD<\/td>\n<\/tr>\n<tr>\n<td>Jackpot Euro &#8211; Europa<\/td>\n<td align=\"center\">7 dec. 2013<\/td>\n<td align=\"right\">28.770.000 USD<\/td>\n<\/tr>\n<\/tbody>\n<\/table>\n<h2>\u00a0Doisprezece \u0219anse de a c\u00e2\u0219tiga cu Eurojackpot-ul t\u0103u online bilete<\/h2>\n<table style=\"width: 500px;\" border=\"1\" cellspacing=\"5\" cellpadding=\"5\" align=\"center\">\n<tbody>\n<tr>\n<td colspan=\"3\" align=\"center\">Niveluri de premii Eurojackpot<\/td>\n<\/tr>\n<tr>\n<td>Premiu<\/td>\n<td align=\"center\">Meciuri<\/td>\n<td align=\"center\">Cote<\/td>\n<\/tr>\n<tr>\n<td>Locul 1 (Jackpot)<\/td>\n<td align=\"center\">5 + 2<\/td>\n<td align=\"right\">59.325.280 : 1<\/td>\n<\/tr>\n<tr>\n<td>Locul 2<\/td>\n<td align=\"center\">5 + 1<\/td>\n<td align=\"right\">4.943.773 : 1<\/td>\n<\/tr>\n<tr>\n<td>Al 3-lea<\/td>\n<td align=\"center\">5<\/td>\n<td align=\"right\">3.955.019 : 1<\/td>\n<\/tr>\n<tr>Al 4-lea<\/td>\n<td align=\"center\">4 + 2<\/td>\n<td align=\"right\">263.668 : 1<\/td>\n<\/tr>\n<tr>Al 5-lea<\/td>\n<td align=\"center\">4 + 1<\/td>\n<td align=\"right\">21.972 : 1<\/td>\n<\/tr>\n<tr>Al 6-lea<\/td>\n<td align=\"center\">4<\/td>\n<td align=\"right\">17.578 : 1<\/td>\n<\/tr>\n<tr>\n<td>Al 7-lea<\/td>\n<td align=\"center\">3 + 2<\/td>\n<td align=\"right\">5.992 : 1<\/td>\n<\/tr>\n<tr>\n<td>Al 8-lea<\/td>\n<td align=\"center\">3 + 1<\/td>\n<td align=\"right\">499 : 1<\/td>\n<\/tr>\n<tr>\n<td>Al 9-lea<\/td>\n<td align=\"center\">2 + 2<\/td>\n<td align=\"right\">418 : 1<\/td>\n<\/tr>\n<tr>\n<td align=\"center\">3<\/td>\n<td align=\"right\">399 : 1<\/td>\n<\/tr>\n<tr>\n<td>Al 11-lea<\/td>\n<td align=\"center\">1 + 2<\/td>\n<td align=\"right\">80 : 1<\/td>\n<\/tr>\n<tr>\n<td>A 12-a<\/td>\n<td align=\"center\">2 + 1<\/td>\n<td align=\"right\">35 : 1<\/td>\n<\/tr>\n<\/tbody>\n<\/table>\n<p style=\"text-align: center;\"><strong>Nu rata \u0219ansa de a deveni milionar. \u00cenregistreaz\u0103-te pentru a-\u021bi cump\u0103ra biletele Eurojackpot online ast\u0103zi.<\/strong><\/p>\n","protected":false},"excerpt":{"rendered":"<p>Loteria Eurojackpot Po\u021bi cump\u0103ra bilete Eurojackpot online \u0219i po\u021bi deveni milionar peste noapte. Internetul a f\u0103cut acum posibil s\u0103 joci Eurojackpot online, \u00eempreun\u0103 cu multe alte loterii europene. Po\u021bi face acest lucru cump\u0103r\u00e2nd bilete online din fotoliul confortabil \u00een care petreci timpul acas\u0103. Nu mai trebuie s\u0103 alergi la magazinul de la col\u021b sau la [&hellip;]<\/p>\n","protected":false},"author":1,"featured_media":9525,"parent":9316,"menu_order":10,"comment_status":"closed","ping_status":"closed","template":"","meta":{"footnotes":""},"class_list":["post-9647","page","type-page","status-publish","has-post-thumbnail","hentry"],"yoast_head":"<!-- This site is optimized with the Yoast SEO plugin v27.6 - https:\/\/yoast.com\/product\/yoast-seo-wordpress\/ -->\n<title>Cump\u0103r\u0103 bilete pentru Loteria Eurojackpot online<\/title>\n<meta name=\"description\" content=\"O gr\u0103mad\u0103 de bani de c\u00e2\u0219tigat juc\u00e2nd Eurojackpot atunci c\u00e2nd \u00ee\u021bi cumperi bilete la loto online.\" \/>\n<meta name=\"robots\" content=\"index, follow, max-snippet:-1, max-image-preview:large, max-video-preview:-1\" \/>\n<link rel=\"canonical\" href=\"https:\/\/gambling6.com\/ro\/loterie\/obtineti-bilete-online-pentru-loteria-eurojackpot\/\" \/>\n<meta property=\"og:locale\" content=\"ro_RO\" \/>\n<meta property=\"og:type\" content=\"article\" \/>\n<meta property=\"og:title\" content=\"Cump\u0103r\u0103 bilete pentru Loteria Eurojackpot online\" \/>\n<meta property=\"og:description\" content=\"O gr\u0103mad\u0103 de bani de c\u00e2\u0219tigat juc\u00e2nd Eurojackpot atunci c\u00e2nd \u00ee\u021bi cumperi bilete la loto online.\" \/>\n<meta property=\"og:url\" content=\"https:\/\/gambling6.com\/ro\/loterie\/obtineti-bilete-online-pentru-loteria-eurojackpot\/\" \/>\n<meta property=\"og:site_name\" content=\"Gambling6\" \/>\n<meta property=\"og:image\" content=\"https:\/\/gambling6.com\/wp-content\/uploads\/2013\/12\/play-euro-jackpot-online.jpg\" \/>\n\t<meta property=\"og:image:width\" content=\"285\" \/>\n\t<meta property=\"og:image:height\" content=\"259\" \/>\n\t<meta property=\"og:image:type\" content=\"image\/jpeg\" \/>\n<meta name=\"twitter:card\" content=\"summary_large_image\" \/>\n<meta name=\"twitter:label1\" content=\"Timp estimat pentru citire\" \/>\n\t<meta name=\"twitter:data1\" content=\"2 minute\" \/>\n<script type=\"application\/ld+json\" class=\"yoast-schema-graph\">{\"@context\":\"https:\\\/\\\/schema.org\",\"@graph\":[{\"@type\":\"WebPage\",\"@id\":\"https:\\\/\\\/gambling6.com\\\/ro\\\/loterie\\\/obtineti-bilete-online-pentru-loteria-eurojackpot\\\/\",\"url\":\"https:\\\/\\\/gambling6.com\\\/ro\\\/loterie\\\/obtineti-bilete-online-pentru-loteria-eurojackpot\\\/\",\"name\":\"Cump\u0103r\u0103 bilete pentru Loteria Eurojackpot online\",\"isPartOf\":{\"@id\":\"https:\\\/\\\/gambling6.com\\\/ro\\\/#website\"},\"primaryImageOfPage\":{\"@id\":\"https:\\\/\\\/gambling6.com\\\/ro\\\/loterie\\\/obtineti-bilete-online-pentru-loteria-eurojackpot\\\/#primaryimage\"},\"image\":{\"@id\":\"https:\\\/\\\/gambling6.com\\\/ro\\\/loterie\\\/obtineti-bilete-online-pentru-loteria-eurojackpot\\\/#primaryimage\"},\"thumbnailUrl\":\"https:\\\/\\\/gambling6.com\\\/wp-content\\\/uploads\\\/2013\\\/12\\\/play-euro-jackpot-online.jpg\",\"datePublished\":\"2025-11-11T09:02:43+00:00\",\"description\":\"O gr\u0103mad\u0103 de bani de c\u00e2\u0219tigat juc\u00e2nd Eurojackpot atunci c\u00e2nd \u00ee\u021bi cumperi bilete la loto online.\",\"breadcrumb\":{\"@id\":\"https:\\\/\\\/gambling6.com\\\/ro\\\/loterie\\\/obtineti-bilete-online-pentru-loteria-eurojackpot\\\/#breadcrumb\"},\"inLanguage\":\"ro-RO\",\"potentialAction\":[{\"@type\":\"ReadAction\",\"target\":[\"https:\\\/\\\/gambling6.com\\\/ro\\\/loterie\\\/obtineti-bilete-online-pentru-loteria-eurojackpot\\\/\"]}]},{\"@type\":\"ImageObject\",\"inLanguage\":\"ro-RO\",\"@id\":\"https:\\\/\\\/gambling6.com\\\/ro\\\/loterie\\\/obtineti-bilete-online-pentru-loteria-eurojackpot\\\/#primaryimage\",\"url\":\"https:\\\/\\\/gambling6.com\\\/wp-content\\\/uploads\\\/2013\\\/12\\\/play-euro-jackpot-online.jpg\",\"contentUrl\":\"https:\\\/\\\/gambling6.com\\\/wp-content\\\/uploads\\\/2013\\\/12\\\/play-euro-jackpot-online.jpg\",\"width\":285,\"height\":259},{\"@type\":\"BreadcrumbList\",\"@id\":\"https:\\\/\\\/gambling6.com\\\/ro\\\/loterie\\\/obtineti-bilete-online-pentru-loteria-eurojackpot\\\/#breadcrumb\",\"itemListElement\":[{\"@type\":\"ListItem\",\"position\":1,\"name\":\"Home\",\"item\":\"https:\\\/\\\/gambling6.com\\\/ro\\\/home\\\/\"},{\"@type\":\"ListItem\",\"position\":2,\"name\":\"Loterie\",\"item\":\"https:\\\/\\\/gambling6.com\\\/ro\\\/loterie\\\/\"},{\"@type\":\"ListItem\",\"position\":3,\"name\":\"Ob\u021bine\u021bi bilete online pentru loteria Eurojackpot\"}]},{\"@type\":\"WebSite\",\"@id\":\"https:\\\/\\\/gambling6.com\\\/ro\\\/#website\",\"url\":\"https:\\\/\\\/gambling6.com\\\/ro\\\/\",\"name\":\"Gambling6\",\"description\":\"\",\"potentialAction\":[{\"@type\":\"SearchAction\",\"target\":{\"@type\":\"EntryPoint\",\"urlTemplate\":\"https:\\\/\\\/gambling6.com\\\/ro\\\/?s={search_term_string}\"},\"query-input\":{\"@type\":\"PropertyValueSpecification\",\"valueRequired\":true,\"valueName\":\"search_term_string\"}}],\"inLanguage\":\"ro-RO\"}]}<\/script>\n<!-- \/ Yoast SEO plugin. -->","yoast_head_json":{"title":"Cump\u0103r\u0103 bilete pentru Loteria Eurojackpot online","description":"O gr\u0103mad\u0103 de bani de c\u00e2\u0219tigat juc\u00e2nd Eurojackpot atunci c\u00e2nd \u00ee\u021bi cumperi bilete la loto online.","robots":{"index":"index","follow":"follow","max-snippet":"max-snippet:-1","max-image-preview":"max-image-preview:large","max-video-preview":"max-video-preview:-1"},"canonical":"https:\/\/gambling6.com\/ro\/loterie\/obtineti-bilete-online-pentru-loteria-eurojackpot\/","og_locale":"ro_RO","og_type":"article","og_title":"Cump\u0103r\u0103 bilete pentru Loteria Eurojackpot online","og_description":"O gr\u0103mad\u0103 de bani de c\u00e2\u0219tigat juc\u00e2nd Eurojackpot atunci c\u00e2nd \u00ee\u021bi cumperi bilete la loto online.","og_url":"https:\/\/gambling6.com\/ro\/loterie\/obtineti-bilete-online-pentru-loteria-eurojackpot\/","og_site_name":"Gambling6","og_image":[{"width":285,"height":259,"url":"https:\/\/gambling6.com\/wp-content\/uploads\/2013\/12\/play-euro-jackpot-online.jpg","type":"image\/jpeg"}],"twitter_card":"summary_large_image","twitter_misc":{"Timp estimat pentru citire":"2 minute"},"schema":{"@context":"https:\/\/schema.org","@graph":[{"@type":"WebPage","@id":"https:\/\/gambling6.com\/ro\/loterie\/obtineti-bilete-online-pentru-loteria-eurojackpot\/","url":"https:\/\/gambling6.com\/ro\/loterie\/obtineti-bilete-online-pentru-loteria-eurojackpot\/","name":"Cump\u0103r\u0103 bilete pentru Loteria Eurojackpot online","isPartOf":{"@id":"https:\/\/gambling6.com\/ro\/#website"},"primaryImageOfPage":{"@id":"https:\/\/gambling6.com\/ro\/loterie\/obtineti-bilete-online-pentru-loteria-eurojackpot\/#primaryimage"},"image":{"@id":"https:\/\/gambling6.com\/ro\/loterie\/obtineti-bilete-online-pentru-loteria-eurojackpot\/#primaryimage"},"thumbnailUrl":"https:\/\/gambling6.com\/wp-content\/uploads\/2013\/12\/play-euro-jackpot-online.jpg","datePublished":"2025-11-11T09:02:43+00:00","description":"O gr\u0103mad\u0103 de bani de c\u00e2\u0219tigat juc\u00e2nd Eurojackpot atunci c\u00e2nd \u00ee\u021bi cumperi bilete la loto online.","breadcrumb":{"@id":"https:\/\/gambling6.com\/ro\/loterie\/obtineti-bilete-online-pentru-loteria-eurojackpot\/#breadcrumb"},"inLanguage":"ro-RO","potentialAction":[{"@type":"ReadAction","target":["https:\/\/gambling6.com\/ro\/loterie\/obtineti-bilete-online-pentru-loteria-eurojackpot\/"]}]},{"@type":"ImageObject","inLanguage":"ro-RO","@id":"https:\/\/gambling6.com\/ro\/loterie\/obtineti-bilete-online-pentru-loteria-eurojackpot\/#primaryimage","url":"https:\/\/gambling6.com\/wp-content\/uploads\/2013\/12\/play-euro-jackpot-online.jpg","contentUrl":"https:\/\/gambling6.com\/wp-content\/uploads\/2013\/12\/play-euro-jackpot-online.jpg","width":285,"height":259},{"@type":"BreadcrumbList","@id":"https:\/\/gambling6.com\/ro\/loterie\/obtineti-bilete-online-pentru-loteria-eurojackpot\/#breadcrumb","itemListElement":[{"@type":"ListItem","position":1,"name":"Home","item":"https:\/\/gambling6.com\/ro\/home\/"},{"@type":"ListItem","position":2,"name":"Loterie","item":"https:\/\/gambling6.com\/ro\/loterie\/"},{"@type":"ListItem","position":3,"name":"Ob\u021bine\u021bi bilete online pentru loteria Eurojackpot"}]},{"@type":"WebSite","@id":"https:\/\/gambling6.com\/ro\/#website","url":"https:\/\/gambling6.com\/ro\/","name":"Gambling6","description":"","potentialAction":[{"@type":"SearchAction","target":{"@type":"EntryPoint","urlTemplate":"https:\/\/gambling6.com\/ro\/?s={search_term_string}"},"query-input":{"@type":"PropertyValueSpecification","valueRequired":true,"valueName":"search_term_string"}}],"inLanguage":"ro-RO"}]}},"_links":{"self":[{"href":"https:\/\/gambling6.com\/ro\/wp-json\/wp\/v2\/pages\/9647","targetHints":{"allow":["GET"]}}],"collection":[{"href":"https:\/\/gambling6.com\/ro\/wp-json\/wp\/v2\/pages"}],"about":[{"href":"https:\/\/gambling6.com\/ro\/wp-json\/wp\/v2\/types\/page"}],"author":[{"embeddable":true,"href":"https:\/\/gambling6.com\/ro\/wp-json\/wp\/v2\/users\/1"}],"replies":[{"embeddable":true,"href":"https:\/\/gambling6.com\/ro\/wp-json\/wp\/v2\/comments?post=9647"}],"version-history":[{"count":0,"href":"https:\/\/gambling6.com\/ro\/wp-json\/wp\/v2\/pages\/9647\/revisions"}],"up":[{"embeddable":true,"href":"https:\/\/gambling6.com\/ro\/wp-json\/wp\/v2\/pages\/9316"}],"wp:featuredmedia":[{"embeddable":true,"href":"https:\/\/gambling6.com\/ro\/wp-json\/wp\/v2\/media\/9525"}],"wp:attachment":[{"href":"https:\/\/gambling6.com\/ro\/wp-json\/wp\/v2\/media?parent=9647"}],"curies":[{"name":"wp","href":"https:\/\/api.w.org\/{rel}","templated":true}]}}