{"id":9663,"date":"2025-11-11T09:23:37","date_gmt":"2025-11-11T09:23:37","guid":{"rendered":"https:\/\/gambling6.com\/loterie\/obtineti-bilete-la-loteria-el-gordo-de-oriunde\/"},"modified":"2025-11-15T11:30:59","modified_gmt":"2025-11-15T11:30:59","slug":"obtineti-bilete-la-loteria-el-gordo-de-oriunde","status":"publish","type":"page","link":"https:\/\/gambling6.com\/ro\/loterie\/obtineti-bilete-la-loteria-el-gordo-de-oriunde\/","title":{"rendered":"Ob\u021bine\u021bi bilete la Loteria El Gordo de oriunde"},"content":{"rendered":"<h2>Este u\u0219or s\u0103 cump\u0103ra\u021bi bilete online pentru loteria El Gordo.<\/h2>\n<p><img loading=\"lazy\" decoding=\"async\" class=\" wp-image-1569 alignright\" src=\"https:\/\/gambling6.com\/wp-content\/uploads\/2022\/04\/2_ticket_spanish_lottery.jpg\" alt=\"biletul gras\" width=\"200\" height=\"274\" \/>\u00cen Europa, loteria El Gordo este enorm\u0103 \u0219i este jucat\u0103 de oameni at\u00e2t din Spania, c\u00e2t \u0219i din str\u0103in\u0103tate. V\u0103 pute\u021bi a\u0219tepta la un jackpot minim de aproximativ 6,5 milioane de euro \u00een fiecare s\u0103pt\u0103m\u00e2n\u0103. Exist\u0103 o singur\u0103 extragere pe s\u0103pt\u0103m\u00e2n\u0103, duminica, iar oamenii stau la coad\u0103 s\u0103 joace \u00een fiecare s\u0103pt\u0103m\u00e2n\u0103. Jackpotul se poate acumula p\u00e2n\u0103 la 26 de milioane de euro. Cu toate acestea, dac\u0103 exist\u0103 report\u0103ri frecvente de pre\u021buri (nu un jackpot), poate ajunge uneori p\u00e2n\u0103 la 35 de milioane de euro, odat\u0103 ce ave\u021bi reporturile din s\u0103pt\u0103m\u00e2nile anterioare.<\/p>\n<h2>Europenii cump\u0103r\u0103 bilete de loterie online s\u0103pt\u0103m\u00e2nal.<\/h2>\n<p>Europa a r\u0103mas o surs\u0103 tot mai mare de venituri din loterie; \u00cen fiecare s\u0103pt\u0103m\u00e2n\u0103, milioane de juc\u0103tori se aliniaz\u0103 pentru a juca la loto pe acest continent. Pentru a ob\u021bine biletele online pentru loteria El Gordo, trebuie s\u0103 vizita\u021bi partenerul nostru RedFoxLotto, s\u0103 v\u0103 conecta\u021bi la contul dvs. \u0219i apoi s\u0103 decide\u021bi dac\u0103 dori\u021bi s\u0103 utiliza\u021bi alegeri rapide sau s\u0103 v\u0103 alege\u021bi propriile numere. Dac\u0103 v\u0103 alege\u021bi propriile numere, va trebui s\u0103 alege\u021bi cinci numere principale \u0219i un num\u0103r bonus.<\/p>\n<h2>Europenii cump\u0103r\u0103 bilete online pentru extragerea de duminic\u0103.<\/h2>\n<p>El Gordo, cunoscut sub numele de loteria spaniol\u0103 6\/49, nu trebuie confundat cu loteria de Cr\u0103ciun El Gordo. Aceast\u0103 popular\u0103 loterie s\u0103pt\u0103m\u00e2nal\u0103 are loc duminica. C\u00e2nd cump\u0103ra\u021bi bilete online pentru loteria El Gordo, re\u021bine\u021bi c\u0103 exist\u0103 o \u0219ans\u0103 de 1 din 10 de a c\u00e2\u0219tiga un premiu. Acest lucru se datoreaz\u0103 faptului c\u0103 exist\u0103 \u0219apte niveluri diferite de premii, pe l\u00e2ng\u0103 c\u00e2\u0219tigarea jackpotului.<\/p>\n<h2>Milioane de dolari sunt cheltui\u021bi lunar pe achizi\u021bionarea de bilete.<\/h2>\n<p>Europenii au \u00eennebunit dup\u0103 biletele de loterie \u00een ultimii ani. Pe locul doi dup\u0103 America de Nord, europenii cheltuiesc sute de milioane de dolari pe bilete \u00een fiecare an. Acum, c\u0103 este posibil s\u0103 cump\u0103ra\u021bi bilete pentru loterii din \u00eentreaga lume online, v\u00e2nz\u0103rile au crescut dramatic. Dac\u0103 dori\u021bi s\u0103 ob\u021bine\u021bi bilete pentru viitoarea loterie El Gordo, <a class=\"thirstylink\" title=\"Redfoxlotto\" href=\"https:\/\/gambling6.com\/go\/redfoxlotto\/\" target=\"_blank\" rel=\"nofollow noopener\">vizita\u021bi pur \u0219i simplu partenerul nostru RedFoxLotto<\/a>, crea\u021bi un cont \u0219i a\u021bi putea fi pe cale s\u0103 deveni\u021bi multimilionar peste noapte.<\/p>\n<table style=\"width: 500px;\" border=\"1\" cellspacing=\"5\" cellpadding=\"5\" align=\"center\">\n<tbody>\n<tr>\n<td colspan=\"3\" align=\"center\">Cele mai mari jackpot-uri din 2013<\/td>\n<\/tr>\n<tr>\n<td>Tragere la sor\u021bi<\/td>\n<td align=\"center\">Data<\/td>\n<td align=\"center\">Jackpot (USD)<\/td>\n<\/tr>\n<tr>\n<td>El Gordo &#8211; Spania<\/td>\n<td align=\"center\">13 octombrie 2013<\/td>\n<td align=\"right\">13.327.360 USD<\/td>\n<\/tr>\n<tr>\n<td>El Gordo &#8211; Spania<\/td>\n<td align=\"center\">4 august 2013<\/td>\n<td align=\"right\">10.275.000 USD<\/td>\n<\/tr>\n<tr>\n<td>El Gordo &#8211; Spania<\/td>\n<td align=\"center\">16 iunie 2013<\/td>\n<td align=\"right\">9.590.000 USD<\/td>\n<\/tr>\n<tr>\n<td>El Gordo &#8211; Spania<\/td>\n<td align=\"center\">23 iunie 2013<\/td>\n<td align=\"right\">6.850.000 USD<\/td>\n<\/tr>\n<\/tbody>\n<\/table>\n<table style=\"width: 500px;\" border=\"1\" cellspacing=\"5\" cellpadding=\"5\" align=\"center\">\n<tbody>\n<tr>\n<td colspan=\"3\" align=\"center\">Loteria El Gordo &#8211; Niveluri de premii spaniole 6\/49<\/td>\n<\/tr>\n<tr>\n<td>Premiu<\/td>\n<td align=\"center\">Meciuri<\/td>\n<td align=\"center\">Cote<\/td>\n<\/tr>\n<tr>\n<td>Locul 1 (Jackpot)<\/td>\n<td align=\"center\">5 + 1<\/td>\n<td align=\"right\">31.625.100 : 1<\/td>\n<\/tr>\n<tr>\n<td>Locul 2<\/td>\n<td align=\"center\">5<\/td>\n<td align=\"right\">3.513.900 : 1<\/td>\n<\/tr>\n<tr>\n<td>Al 3-lea<\/td>\n<td align=\"center\">4 + 1<\/td>\n<td align=\"right\">129.082 : 1<\/td>\n<\/tr>\n<tr>Al 4-lea<\/td>\n<td align=\"center\">4<\/td>\n<td align=\"right\">14.342 : 1<\/td>\n<\/tr>\n<tr>Al 5-lea<\/td>\n<td align=\"center\">3 + 1<\/td>\n<td align=\"right\">2.689 : 1<\/td>\n<\/tr>\n<tr>\n<td al 6-lea<\/td>\n<td align=\"center\">3<\/td>\n<td align=\"right\">299 : 1<\/td>\n<\/tr>\n<tr>\n<td al 7-lea<\/td>\n<td align=\"center\">2 + 1<\/td>\n<td align=\"right\">172 : 1<\/td>\n<\/tr>\n<tr>\n<td>Al 8-lea<\/td>\n<td align=\"center\">2<\/td>\n<td align=\"right\">19 : 1<\/td>\n<\/tr>\n<tr>\n<td>Al 9-lea<\/td>\n<td align=\"center\">0 + 1<\/td>\n<td align=\"right\">10 : 1<\/td>\n<\/tr>\n<\/tbody>\n<\/table>\n","protected":false},"excerpt":{"rendered":"<p>Este u\u0219or s\u0103 cump\u0103ra\u021bi bilete online pentru loteria El Gordo. \u00cen Europa, loteria El Gordo este enorm\u0103 \u0219i este jucat\u0103 de oameni at\u00e2t din Spania, c\u00e2t \u0219i din str\u0103in\u0103tate. V\u0103 pute\u021bi a\u0219tepta la un jackpot minim de aproximativ 6,5 milioane de euro \u00een fiecare s\u0103pt\u0103m\u00e2n\u0103. Exist\u0103 o singur\u0103 extragere pe s\u0103pt\u0103m\u00e2n\u0103, duminica, iar oamenii stau [&hellip;]<\/p>\n","protected":false},"author":1,"featured_media":0,"parent":9316,"menu_order":3,"comment_status":"closed","ping_status":"closed","template":"","meta":{"footnotes":""},"class_list":["post-9663","page","type-page","status-publish","hentry"],"yoast_head":"<!-- This site is optimized with the Yoast SEO plugin v27.3 - https:\/\/yoast.com\/product\/yoast-seo-wordpress\/ -->\n<title>Cump\u0103r\u0103 bilete pentru Loteria El Gordo online<\/title>\n<meta name=\"description\" content=\"Devino milionar cump\u0103r\u00e2nd bilete online pentru loteria El Gordo.\" \/>\n<meta name=\"robots\" content=\"index, follow, max-snippet:-1, max-image-preview:large, max-video-preview:-1\" \/>\n<link rel=\"canonical\" href=\"https:\/\/gambling6.com\/ro\/loterie\/obtineti-bilete-la-loteria-el-gordo-de-oriunde\/\" \/>\n<meta property=\"og:locale\" content=\"ro_RO\" \/>\n<meta property=\"og:type\" content=\"article\" \/>\n<meta property=\"og:title\" content=\"Cump\u0103r\u0103 bilete pentru Loteria El Gordo online\" \/>\n<meta property=\"og:description\" content=\"Devino milionar cump\u0103r\u00e2nd bilete online pentru loteria El Gordo.\" \/>\n<meta property=\"og:url\" content=\"https:\/\/gambling6.com\/ro\/loterie\/obtineti-bilete-la-loteria-el-gordo-de-oriunde\/\" \/>\n<meta property=\"og:site_name\" content=\"Gambling6\" \/>\n<meta property=\"article:modified_time\" content=\"2025-11-15T11:30:59+00:00\" \/>\n<meta property=\"og:image\" content=\"https:\/\/gambling6.com\/wp-content\/uploads\/2022\/04\/2_ticket_spanish_lottery.jpg\" \/>\n\t<meta property=\"og:image:width\" content=\"219\" \/>\n\t<meta property=\"og:image:height\" content=\"300\" \/>\n\t<meta property=\"og:image:type\" content=\"image\/jpeg\" \/>\n<meta name=\"twitter:card\" content=\"summary_large_image\" \/>\n<meta name=\"twitter:label1\" content=\"Timp estimat pentru citire\" \/>\n\t<meta name=\"twitter:data1\" content=\"2 minute\" \/>\n<script type=\"application\/ld+json\" class=\"yoast-schema-graph\">{\"@context\":\"https:\\\/\\\/schema.org\",\"@graph\":[{\"@type\":\"WebPage\",\"@id\":\"https:\\\/\\\/gambling6.com\\\/ro\\\/loterie\\\/obtineti-bilete-la-loteria-el-gordo-de-oriunde\\\/\",\"url\":\"https:\\\/\\\/gambling6.com\\\/ro\\\/loterie\\\/obtineti-bilete-la-loteria-el-gordo-de-oriunde\\\/\",\"name\":\"Cump\u0103r\u0103 bilete pentru Loteria El Gordo online\",\"isPartOf\":{\"@id\":\"https:\\\/\\\/gambling6.com\\\/ro\\\/#website\"},\"primaryImageOfPage\":{\"@id\":\"https:\\\/\\\/gambling6.com\\\/ro\\\/loterie\\\/obtineti-bilete-la-loteria-el-gordo-de-oriunde\\\/#primaryimage\"},\"image\":{\"@id\":\"https:\\\/\\\/gambling6.com\\\/ro\\\/loterie\\\/obtineti-bilete-la-loteria-el-gordo-de-oriunde\\\/#primaryimage\"},\"thumbnailUrl\":\"https:\\\/\\\/gambling6.com\\\/wp-content\\\/uploads\\\/2022\\\/04\\\/2_ticket_spanish_lottery.jpg\",\"datePublished\":\"2025-11-11T09:23:37+00:00\",\"dateModified\":\"2025-11-15T11:30:59+00:00\",\"description\":\"Devino milionar cump\u0103r\u00e2nd bilete online pentru loteria El Gordo.\",\"breadcrumb\":{\"@id\":\"https:\\\/\\\/gambling6.com\\\/ro\\\/loterie\\\/obtineti-bilete-la-loteria-el-gordo-de-oriunde\\\/#breadcrumb\"},\"inLanguage\":\"ro-RO\",\"potentialAction\":[{\"@type\":\"ReadAction\",\"target\":[\"https:\\\/\\\/gambling6.com\\\/ro\\\/loterie\\\/obtineti-bilete-la-loteria-el-gordo-de-oriunde\\\/\"]}]},{\"@type\":\"ImageObject\",\"inLanguage\":\"ro-RO\",\"@id\":\"https:\\\/\\\/gambling6.com\\\/ro\\\/loterie\\\/obtineti-bilete-la-loteria-el-gordo-de-oriunde\\\/#primaryimage\",\"url\":\"https:\\\/\\\/gambling6.com\\\/wp-content\\\/uploads\\\/2022\\\/04\\\/2_ticket_spanish_lottery.jpg\",\"contentUrl\":\"https:\\\/\\\/gambling6.com\\\/wp-content\\\/uploads\\\/2022\\\/04\\\/2_ticket_spanish_lottery.jpg\"},{\"@type\":\"BreadcrumbList\",\"@id\":\"https:\\\/\\\/gambling6.com\\\/ro\\\/loterie\\\/obtineti-bilete-la-loteria-el-gordo-de-oriunde\\\/#breadcrumb\",\"itemListElement\":[{\"@type\":\"ListItem\",\"position\":1,\"name\":\"Home\",\"item\":\"https:\\\/\\\/gambling6.com\\\/ro\\\/home\\\/\"},{\"@type\":\"ListItem\",\"position\":2,\"name\":\"Loterie\",\"item\":\"https:\\\/\\\/gambling6.com\\\/ro\\\/loterie\\\/\"},{\"@type\":\"ListItem\",\"position\":3,\"name\":\"Ob\u021bine\u021bi bilete la Loteria El Gordo de oriunde\"}]},{\"@type\":\"WebSite\",\"@id\":\"https:\\\/\\\/gambling6.com\\\/ro\\\/#website\",\"url\":\"https:\\\/\\\/gambling6.com\\\/ro\\\/\",\"name\":\"Gambling6\",\"description\":\"\",\"potentialAction\":[{\"@type\":\"SearchAction\",\"target\":{\"@type\":\"EntryPoint\",\"urlTemplate\":\"https:\\\/\\\/gambling6.com\\\/ro\\\/?s={search_term_string}\"},\"query-input\":{\"@type\":\"PropertyValueSpecification\",\"valueRequired\":true,\"valueName\":\"search_term_string\"}}],\"inLanguage\":\"ro-RO\"}]}<\/script>\n<!-- \/ Yoast SEO plugin. -->","yoast_head_json":{"title":"Cump\u0103r\u0103 bilete pentru Loteria El Gordo online","description":"Devino milionar cump\u0103r\u00e2nd bilete online pentru loteria El Gordo.","robots":{"index":"index","follow":"follow","max-snippet":"max-snippet:-1","max-image-preview":"max-image-preview:large","max-video-preview":"max-video-preview:-1"},"canonical":"https:\/\/gambling6.com\/ro\/loterie\/obtineti-bilete-la-loteria-el-gordo-de-oriunde\/","og_locale":"ro_RO","og_type":"article","og_title":"Cump\u0103r\u0103 bilete pentru Loteria El Gordo online","og_description":"Devino milionar cump\u0103r\u00e2nd bilete online pentru loteria El Gordo.","og_url":"https:\/\/gambling6.com\/ro\/loterie\/obtineti-bilete-la-loteria-el-gordo-de-oriunde\/","og_site_name":"Gambling6","article_modified_time":"2025-11-15T11:30:59+00:00","og_image":[{"width":219,"height":300,"url":"https:\/\/gambling6.com\/wp-content\/uploads\/2022\/04\/2_ticket_spanish_lottery.jpg","type":"image\/jpeg"}],"twitter_card":"summary_large_image","twitter_misc":{"Timp estimat pentru citire":"2 minute"},"schema":{"@context":"https:\/\/schema.org","@graph":[{"@type":"WebPage","@id":"https:\/\/gambling6.com\/ro\/loterie\/obtineti-bilete-la-loteria-el-gordo-de-oriunde\/","url":"https:\/\/gambling6.com\/ro\/loterie\/obtineti-bilete-la-loteria-el-gordo-de-oriunde\/","name":"Cump\u0103r\u0103 bilete pentru Loteria El Gordo online","isPartOf":{"@id":"https:\/\/gambling6.com\/ro\/#website"},"primaryImageOfPage":{"@id":"https:\/\/gambling6.com\/ro\/loterie\/obtineti-bilete-la-loteria-el-gordo-de-oriunde\/#primaryimage"},"image":{"@id":"https:\/\/gambling6.com\/ro\/loterie\/obtineti-bilete-la-loteria-el-gordo-de-oriunde\/#primaryimage"},"thumbnailUrl":"https:\/\/gambling6.com\/wp-content\/uploads\/2022\/04\/2_ticket_spanish_lottery.jpg","datePublished":"2025-11-11T09:23:37+00:00","dateModified":"2025-11-15T11:30:59+00:00","description":"Devino milionar cump\u0103r\u00e2nd bilete online pentru loteria El Gordo.","breadcrumb":{"@id":"https:\/\/gambling6.com\/ro\/loterie\/obtineti-bilete-la-loteria-el-gordo-de-oriunde\/#breadcrumb"},"inLanguage":"ro-RO","potentialAction":[{"@type":"ReadAction","target":["https:\/\/gambling6.com\/ro\/loterie\/obtineti-bilete-la-loteria-el-gordo-de-oriunde\/"]}]},{"@type":"ImageObject","inLanguage":"ro-RO","@id":"https:\/\/gambling6.com\/ro\/loterie\/obtineti-bilete-la-loteria-el-gordo-de-oriunde\/#primaryimage","url":"https:\/\/gambling6.com\/wp-content\/uploads\/2022\/04\/2_ticket_spanish_lottery.jpg","contentUrl":"https:\/\/gambling6.com\/wp-content\/uploads\/2022\/04\/2_ticket_spanish_lottery.jpg"},{"@type":"BreadcrumbList","@id":"https:\/\/gambling6.com\/ro\/loterie\/obtineti-bilete-la-loteria-el-gordo-de-oriunde\/#breadcrumb","itemListElement":[{"@type":"ListItem","position":1,"name":"Home","item":"https:\/\/gambling6.com\/ro\/home\/"},{"@type":"ListItem","position":2,"name":"Loterie","item":"https:\/\/gambling6.com\/ro\/loterie\/"},{"@type":"ListItem","position":3,"name":"Ob\u021bine\u021bi bilete la Loteria El Gordo de oriunde"}]},{"@type":"WebSite","@id":"https:\/\/gambling6.com\/ro\/#website","url":"https:\/\/gambling6.com\/ro\/","name":"Gambling6","description":"","potentialAction":[{"@type":"SearchAction","target":{"@type":"EntryPoint","urlTemplate":"https:\/\/gambling6.com\/ro\/?s={search_term_string}"},"query-input":{"@type":"PropertyValueSpecification","valueRequired":true,"valueName":"search_term_string"}}],"inLanguage":"ro-RO"}]}},"_links":{"self":[{"href":"https:\/\/gambling6.com\/ro\/wp-json\/wp\/v2\/pages\/9663","targetHints":{"allow":["GET"]}}],"collection":[{"href":"https:\/\/gambling6.com\/ro\/wp-json\/wp\/v2\/pages"}],"about":[{"href":"https:\/\/gambling6.com\/ro\/wp-json\/wp\/v2\/types\/page"}],"author":[{"embeddable":true,"href":"https:\/\/gambling6.com\/ro\/wp-json\/wp\/v2\/users\/1"}],"replies":[{"embeddable":true,"href":"https:\/\/gambling6.com\/ro\/wp-json\/wp\/v2\/comments?post=9663"}],"version-history":[{"count":1,"href":"https:\/\/gambling6.com\/ro\/wp-json\/wp\/v2\/pages\/9663\/revisions"}],"predecessor-version":[{"id":10950,"href":"https:\/\/gambling6.com\/ro\/wp-json\/wp\/v2\/pages\/9663\/revisions\/10950"}],"up":[{"embeddable":true,"href":"https:\/\/gambling6.com\/ro\/wp-json\/wp\/v2\/pages\/9316"}],"wp:attachment":[{"href":"https:\/\/gambling6.com\/ro\/wp-json\/wp\/v2\/media?parent=9663"}],"curies":[{"name":"wp","href":"https:\/\/api.w.org\/{rel}","templated":true}]}}