{"id":9664,"date":"2025-11-11T09:25:14","date_gmt":"2025-11-11T09:25:14","guid":{"rendered":"https:\/\/gambling6.com\/loterie\/obtineti-bilete-online-pentru-loteria-mega-sena\/"},"modified":"2025-11-11T09:25:14","modified_gmt":"2025-11-11T09:25:14","slug":"obtineti-bilete-online-pentru-loteria-mega-sena","status":"publish","type":"page","link":"https:\/\/gambling6.com\/ro\/loterie\/obtineti-bilete-online-pentru-loteria-mega-sena\/","title":{"rendered":"Ob\u021bine\u021bi bilete online pentru Loteria Mega Sena"},"content":{"rendered":"<h2>Loteria Mega Sena<\/h2>\n<p>Cu un jackpot minim garantat de 1,1 milioane de dolari, Loteria Mega Sena din Brazilia atrage un num\u0103r imens de fani de dou\u0103 ori pe s\u0103pt\u0103m\u00e2n\u0103. Av\u00e2nd posibilitatea de a ob\u021bine bilete online pentru Loteria Mega Sena, jackpoturile cresc adesea mult mai sus<strong>.<\/strong> \u00centr-o \u021bar\u0103 cunoscut\u0103 \u00een \u00eentreaga lume pentru femeile frumoase de pe plaje \u0219i pentru distrac\u021bie, Loteria na\u021bional\u0103 Mega-Sena din Brazilia adaug\u0103 la entuziasm cu jackpoturi care pot ajunge la 35 de milioane de dolari.<\/p>\n<p><strong>Ca \u0219i cum 35 de milioane de dolari nu ar fi suficien\u021bi, \u00een ajunul Anului Nou are loc o extragere special\u0103 cu un jackpot garantat de 200 de milioane de dolari.<\/strong><\/p>\n<p>Loteria Mega-Sena, care are loc de dou\u0103 ori pe s\u0103pt\u0103m\u00e2n\u0103 \u00een Brazilia, este cea mai mare din America de Sud \u0219i poate fi achizi\u021bionat\u0103 online. Locuitorii Braziliei, \u00eempreun\u0103 cu mul\u021bi juc\u0103tori online, se \u00eenghesuie s\u0103 cumpere bilete de dou\u0103 ori pe s\u0103pt\u0103m\u00e2n\u0103 pentru aceast\u0103 loterie u\u0219or de jucat.<\/p>\n<h2>Jocul Loteriei Mega-Sena online.<\/h2>\n<p>Pentru a participa la aceast\u0103 loterie, tot ce trebuie s\u0103 face\u021bi este s\u0103 selecta\u021bi \u0219ase numere \u00eentre 1 \u0219i 60 \u0219i s\u0103 a\u0219tepta\u021bi extragerea. Pentru a revendica jackpotul, tot ce trebuie s\u0103 face\u021bi este s\u0103 potrivi\u021bi \u0219ase numere, <strong>ca juc\u0103tor online, urm\u0103torul pas ar fi s\u0103 zbura\u021bi \u00een Brazilia<\/strong>, s\u0103 v\u0103 revendica\u021bi jackpotul \u0219i s\u0103 umple\u021bi plaja cu to\u021bi noii prieteni.<\/p>\n<p>\u0218ansele de a c\u00e2\u0219tiga Mega Sena cu biletele dvs. online sunt de aproximativ 50.000.000 la 1. Cump\u0103r\u00e2nd bilete Mega Sena online pute\u021bi c\u00e2\u0219tiga, de asemenea, unul dintre premiile de nivel doi sau trei, care sunt adesea substan\u021biale. <a class=\"thirstylink\" title=\"Redfoxlotto\" href=\"https:\/\/gambling6.com\/go\/redfoxlotto\/\" target=\"_blank\" rel=\"nofollow noopener\">Face\u021bi clic aici pentru a vizita partenerul nostru RedFoxlotto \u0219i a ob\u021bine biletele pentru loteria Mega Sena online.<\/a><\/p>\n<table style=\"width: 500px;\" border=\"1\" cellspacing=\"5\" cellpadding=\"5\" align=\"center\">\n<tbody>\n<tr>\n<td colspan=\"3\" align=\"center\">Cele mai mari cinci jackpoturi din 2013<\/td>\n<\/tr>\n<tr>\n<td>Tragere la sor\u021bi<\/td>\n<td align=\"center\">Data<\/td>\n<td align=\"center\">Jackpot (USD)<\/td>\n<\/tr>\n<tr>\n<td>Mega-Sena &#8211; America Latin\u0103<\/td>\n<td align=\"center\">6 noiembrie 2013<\/td>\n<td align=\"right\">34.615.000 USD<\/td>\n<\/tr>\n<tr>\n<td>Mega-Sena &#8211; America Latin\u0103<\/td>\n<td align=\"center\">1 iunie 2013<\/td>\n<td align=\"right\">18.505.745 USD<\/td>\n<\/tr>\n<tr>\n<td>Mega-Sena &#8211; America Latin\u0103<\/td>\n<td align=\"center\">3 iulie 2013<\/td>\n<td align=\"right\">18.205.319 USD<\/td>\n<\/tr>\n<tr>\n<td>Mega-Sena &#8211; America Latin\u0103<\/td>\n<td align=\"center\">31 august 2013<\/td>\n<td align=\"right\">13.760.000 USD<\/td>\n<\/tr>\n<tr>\n<td>Mega-Sena &#8211; America Latin\u0103<\/td>\n<td align=\"center\">14 august 2013<\/td>\n<td align=\"right\">10.884.923 USD<\/td>\n<\/tr>\n<\/tbody>\n<\/table>\n<p><stil tabel=\"l\u0103\u021bime: 500px;\" border=\"1\" cellspacing=\"5\" cellpadding=\"5\" align=\"center\"><\/p>\n<tbody>\n<tr>\n<td colspan=\"3\" align=\"center\">Loteria Mega-Sena &#8211; Niveluri de premii Brazilia<\/td>\n<\/tr>\n<tr>\n<td>Premiu<\/td>\n<td align=\"center\">Meciuri<\/td>\n<td align=\"center\">Cote<\/td>\n<\/tr>\n<tr>\n<td>Locul 1 (Jackpot)<\/td>\n<td align=\"center\">6<\/td>\n<td align=\"right\">50.063.856 : 1<\/td>\n<\/tr>\n<tr>\n<td>Locul 2<\/td>\n<td align=\"center\">5<\/td>\n<td align=\"right\">154.518 : 1<\/td>\n<\/tr>\n<tr>\n<td>Locul 3<\/td>\n<td align=\"center\">4<\/td>\n<td align=\"right\">2.332 : 1<\/td>\n<\/tr>\n<\/tbody>\n<\/table>\n","protected":false},"excerpt":{"rendered":"<p>Loteria Mega Sena Cu un jackpot minim garantat de 1,1 milioane de dolari, Loteria Mega Sena din Brazilia atrage un num\u0103r imens de fani de dou\u0103 ori pe s\u0103pt\u0103m\u00e2n\u0103. Av\u00e2nd posibilitatea de a ob\u021bine bilete online pentru Loteria Mega Sena, jackpoturile cresc adesea mult mai sus. \u00centr-o \u021bar\u0103 cunoscut\u0103 \u00een \u00eentreaga lume pentru femeile frumoase [&hellip;]<\/p>\n","protected":false},"author":1,"featured_media":0,"parent":9316,"menu_order":8,"comment_status":"closed","ping_status":"closed","template":"","meta":{"footnotes":""},"class_list":["post-9664","page","type-page","status-publish","hentry"],"yoast_head":"<!-- This site is optimized with the Yoast SEO plugin v27.4 - https:\/\/yoast.com\/product\/yoast-seo-wordpress\/ -->\n<title>Cump\u0103ra\u021bi bilete online pentru loteria Mega Sena<\/title>\n<meta name=\"description\" content=\"Afl\u0103 cum po\u021bi ob\u021bine bilete online pentru loteria Mega-Sena din Brazilia.\" \/>\n<meta name=\"robots\" content=\"index, follow, max-snippet:-1, max-image-preview:large, max-video-preview:-1\" \/>\n<link rel=\"canonical\" href=\"https:\/\/gambling6.com\/ro\/loterie\/obtineti-bilete-online-pentru-loteria-mega-sena\/\" \/>\n<meta property=\"og:locale\" content=\"ro_RO\" \/>\n<meta property=\"og:type\" content=\"article\" \/>\n<meta property=\"og:title\" content=\"Cump\u0103ra\u021bi bilete online pentru loteria Mega Sena\" \/>\n<meta property=\"og:description\" content=\"Afl\u0103 cum po\u021bi ob\u021bine bilete online pentru loteria Mega-Sena din Brazilia.\" \/>\n<meta property=\"og:url\" content=\"https:\/\/gambling6.com\/ro\/loterie\/obtineti-bilete-online-pentru-loteria-mega-sena\/\" \/>\n<meta property=\"og:site_name\" content=\"Gambling6\" \/>\n<meta name=\"twitter:card\" content=\"summary_large_image\" \/>\n<meta name=\"twitter:label1\" content=\"Timp estimat pentru citire\" \/>\n\t<meta name=\"twitter:data1\" content=\"2 minute\" \/>\n<script type=\"application\/ld+json\" class=\"yoast-schema-graph\">{\"@context\":\"https:\\\/\\\/schema.org\",\"@graph\":[{\"@type\":\"WebPage\",\"@id\":\"https:\\\/\\\/gambling6.com\\\/ro\\\/loterie\\\/obtineti-bilete-online-pentru-loteria-mega-sena\\\/\",\"url\":\"https:\\\/\\\/gambling6.com\\\/ro\\\/loterie\\\/obtineti-bilete-online-pentru-loteria-mega-sena\\\/\",\"name\":\"Cump\u0103ra\u021bi bilete online pentru loteria Mega Sena\",\"isPartOf\":{\"@id\":\"https:\\\/\\\/gambling6.com\\\/ro\\\/#website\"},\"datePublished\":\"2025-11-11T09:25:14+00:00\",\"description\":\"Afl\u0103 cum po\u021bi ob\u021bine bilete online pentru loteria Mega-Sena din Brazilia.\",\"breadcrumb\":{\"@id\":\"https:\\\/\\\/gambling6.com\\\/ro\\\/loterie\\\/obtineti-bilete-online-pentru-loteria-mega-sena\\\/#breadcrumb\"},\"inLanguage\":\"ro-RO\",\"potentialAction\":[{\"@type\":\"ReadAction\",\"target\":[\"https:\\\/\\\/gambling6.com\\\/ro\\\/loterie\\\/obtineti-bilete-online-pentru-loteria-mega-sena\\\/\"]}]},{\"@type\":\"BreadcrumbList\",\"@id\":\"https:\\\/\\\/gambling6.com\\\/ro\\\/loterie\\\/obtineti-bilete-online-pentru-loteria-mega-sena\\\/#breadcrumb\",\"itemListElement\":[{\"@type\":\"ListItem\",\"position\":1,\"name\":\"Home\",\"item\":\"https:\\\/\\\/gambling6.com\\\/ro\\\/home\\\/\"},{\"@type\":\"ListItem\",\"position\":2,\"name\":\"Loterie\",\"item\":\"https:\\\/\\\/gambling6.com\\\/ro\\\/loterie\\\/\"},{\"@type\":\"ListItem\",\"position\":3,\"name\":\"Ob\u021bine\u021bi bilete online pentru Loteria Mega Sena\"}]},{\"@type\":\"WebSite\",\"@id\":\"https:\\\/\\\/gambling6.com\\\/ro\\\/#website\",\"url\":\"https:\\\/\\\/gambling6.com\\\/ro\\\/\",\"name\":\"Gambling6\",\"description\":\"\",\"potentialAction\":[{\"@type\":\"SearchAction\",\"target\":{\"@type\":\"EntryPoint\",\"urlTemplate\":\"https:\\\/\\\/gambling6.com\\\/ro\\\/?s={search_term_string}\"},\"query-input\":{\"@type\":\"PropertyValueSpecification\",\"valueRequired\":true,\"valueName\":\"search_term_string\"}}],\"inLanguage\":\"ro-RO\"}]}<\/script>\n<!-- \/ Yoast SEO plugin. -->","yoast_head_json":{"title":"Cump\u0103ra\u021bi bilete online pentru loteria Mega Sena","description":"Afl\u0103 cum po\u021bi ob\u021bine bilete online pentru loteria Mega-Sena din Brazilia.","robots":{"index":"index","follow":"follow","max-snippet":"max-snippet:-1","max-image-preview":"max-image-preview:large","max-video-preview":"max-video-preview:-1"},"canonical":"https:\/\/gambling6.com\/ro\/loterie\/obtineti-bilete-online-pentru-loteria-mega-sena\/","og_locale":"ro_RO","og_type":"article","og_title":"Cump\u0103ra\u021bi bilete online pentru loteria Mega Sena","og_description":"Afl\u0103 cum po\u021bi ob\u021bine bilete online pentru loteria Mega-Sena din Brazilia.","og_url":"https:\/\/gambling6.com\/ro\/loterie\/obtineti-bilete-online-pentru-loteria-mega-sena\/","og_site_name":"Gambling6","twitter_card":"summary_large_image","twitter_misc":{"Timp estimat pentru citire":"2 minute"},"schema":{"@context":"https:\/\/schema.org","@graph":[{"@type":"WebPage","@id":"https:\/\/gambling6.com\/ro\/loterie\/obtineti-bilete-online-pentru-loteria-mega-sena\/","url":"https:\/\/gambling6.com\/ro\/loterie\/obtineti-bilete-online-pentru-loteria-mega-sena\/","name":"Cump\u0103ra\u021bi bilete online pentru loteria Mega Sena","isPartOf":{"@id":"https:\/\/gambling6.com\/ro\/#website"},"datePublished":"2025-11-11T09:25:14+00:00","description":"Afl\u0103 cum po\u021bi ob\u021bine bilete online pentru loteria Mega-Sena din Brazilia.","breadcrumb":{"@id":"https:\/\/gambling6.com\/ro\/loterie\/obtineti-bilete-online-pentru-loteria-mega-sena\/#breadcrumb"},"inLanguage":"ro-RO","potentialAction":[{"@type":"ReadAction","target":["https:\/\/gambling6.com\/ro\/loterie\/obtineti-bilete-online-pentru-loteria-mega-sena\/"]}]},{"@type":"BreadcrumbList","@id":"https:\/\/gambling6.com\/ro\/loterie\/obtineti-bilete-online-pentru-loteria-mega-sena\/#breadcrumb","itemListElement":[{"@type":"ListItem","position":1,"name":"Home","item":"https:\/\/gambling6.com\/ro\/home\/"},{"@type":"ListItem","position":2,"name":"Loterie","item":"https:\/\/gambling6.com\/ro\/loterie\/"},{"@type":"ListItem","position":3,"name":"Ob\u021bine\u021bi bilete online pentru Loteria Mega Sena"}]},{"@type":"WebSite","@id":"https:\/\/gambling6.com\/ro\/#website","url":"https:\/\/gambling6.com\/ro\/","name":"Gambling6","description":"","potentialAction":[{"@type":"SearchAction","target":{"@type":"EntryPoint","urlTemplate":"https:\/\/gambling6.com\/ro\/?s={search_term_string}"},"query-input":{"@type":"PropertyValueSpecification","valueRequired":true,"valueName":"search_term_string"}}],"inLanguage":"ro-RO"}]}},"_links":{"self":[{"href":"https:\/\/gambling6.com\/ro\/wp-json\/wp\/v2\/pages\/9664","targetHints":{"allow":["GET"]}}],"collection":[{"href":"https:\/\/gambling6.com\/ro\/wp-json\/wp\/v2\/pages"}],"about":[{"href":"https:\/\/gambling6.com\/ro\/wp-json\/wp\/v2\/types\/page"}],"author":[{"embeddable":true,"href":"https:\/\/gambling6.com\/ro\/wp-json\/wp\/v2\/users\/1"}],"replies":[{"embeddable":true,"href":"https:\/\/gambling6.com\/ro\/wp-json\/wp\/v2\/comments?post=9664"}],"version-history":[{"count":0,"href":"https:\/\/gambling6.com\/ro\/wp-json\/wp\/v2\/pages\/9664\/revisions"}],"up":[{"embeddable":true,"href":"https:\/\/gambling6.com\/ro\/wp-json\/wp\/v2\/pages\/9316"}],"wp:attachment":[{"href":"https:\/\/gambling6.com\/ro\/wp-json\/wp\/v2\/media?parent=9664"}],"curies":[{"name":"wp","href":"https:\/\/api.w.org\/{rel}","templated":true}]}}