{"id":9665,"date":"2025-11-11T09:26:30","date_gmt":"2025-11-11T09:26:30","guid":{"rendered":"https:\/\/gambling6.com\/loterie\/obtineti-bilete-online-pentru-loteria-australiana\/"},"modified":"2025-11-11T09:26:30","modified_gmt":"2025-11-11T09:26:30","slug":"obtineti-bilete-online-pentru-loteria-australiana","status":"publish","type":"page","link":"https:\/\/gambling6.com\/ro\/loterie\/obtineti-bilete-online-pentru-loteria-australiana\/","title":{"rendered":"Ob\u021bine\u021bi bilete online pentru Loteria Australian\u0103"},"content":{"rendered":"<h2>Loteria Australian\u0103<\/h2>\n<p>\u00cen fiecare s\u0103pt\u0103m\u00e2n\u0103, mar\u021bi \u0219i joi, \u00een Australia au loc dou\u0103 loterii foarte interesante. Biletele Powerball \u0219i Oz Lotto pot fi achizi\u021bionate online. Cump\u0103rarea de bilete online pentru Loteria Australian\u0103 este la fel de u\u0219oar\u0103 ca \u201earuncarea unei crevete pe Barbie\u201d. Oamenii joac\u0103 la aceste loterii pentru jackpoturi obi\u0219nuite, de 50 de milioane de dolari \u0219i mai mult.<\/p>\n<p>\u0218ansele pentru ambele jackpoturi sunt destul de favorabile, av\u00e2nd \u00een vedere dimensiunea lor, iar cu posibilitatea de a cump\u0103ra bilete online, acestea cresc destul de repede. La nivel global, aceste jackpoturi au c\u00e2\u0219tigat popularitate \u00een ultimii ani. Auzi\u021bi mai multe despre aceste extrageri \u00een \u0219tiri \u00een fiecare zi.<\/p>\n<h2>Biletele online Oz Lotto sunt sigure \u0219i securizate.<\/h2>\n<p>Pute\u021bi alege \u00een siguran\u021b\u0103 cele 7 numere \u0219i pute\u021bi a\u0219tepta extragerea. Partenerul nostru <a class=\"thirstylink\" title=\"Redfoxlotto\" href=\"https:\/\/gambling6.com\/go\/redfoxlotto\/\" target=\"_blank\" rel=\"nofollow noopener\">RedFoxLotto.com<\/a> v\u0103 scap\u0103 de toate grijile legate de cump\u0103rarea biletelor la loto online, a\u0219a c\u0103 trebuie doar s\u0103 v\u0103 relaxa\u021bi \u0219i s\u0103 a\u0219tepta\u021bi s\u0103 c\u00e2\u0219tiga\u021bi.<\/p>\n<p>Juc\u0103torii din SUA <span style=\"box-sizing: border-box; margin: 0px; padding: 0px;\">care doresc s\u0103 participe \u0219i s\u0103 cumpere un bilet online pentru Powerball sau orice alt\u0103 loterie din Australia ar trebui s\u0103 aleag\u0103 a doua noastr\u0103 recomandare: <a href=\"https:\/\/gambling6.com\/go\/thelotter-en\/\" target=\"_blank\" rel=\"noopener\">TheLotter. Apas\u0103 aici pentru a vizita site-ul lor web.<\/a><\/span><a class=\"thirstylink\" title=\"TheLotter ro\" href=\"https:\/\/gambling6.com\/go\/thelotter-ro\/\" target=\"_blank\" rel=\"nofollow noopener\"><\/p>\n<h2>Jackpoturi uria\u0219e cu bilete online pentru Powerball Australia<\/h2>\n<table style=\"width: 500px;\" border=\"1\" cellspacing=\"5\" cellpadding=\"5\" align=\"center\">\n<tbody>\n<tr>\n<td colspan=\"3\" align=\"center\">Cele mai mari cinci jackpoturi din 2013<\/td>\n<\/tr>\n<tr>\n<td>Tragerea la sor\u021bi<\/td>\n<td align=\"center\">Data<\/td>\n<td align=\"center\">Jackpot (USD)<\/td>\n<\/tr>\n<tr>\n<td>Powerball &#8211; Australia<\/td>\n<td align=\"center\">2 mai 2013<\/td>\n<td align=\"right\">55.229.291 USD<\/td>\n<\/tr>\n<tr>\n<td>Powerball &#8211; Australia<\/td>\n<td align=\"center\">18 iulie 2013<\/td>\n<td align=\"right\">26.700.000 USD<\/td>\n<\/tr>\n<tr>\n<td>Powerball &#8211; Australia<\/td>\n<td align=\"center\">19 septembrie 2013<\/td>\n<td align=\"right\">26.700.000 USD<\/td>\n<\/tr>\n<tr>\n<td>Powerball &#8211; Australia<\/td>\n<td align=\"center\">24 octombrie 2013<\/td>\n<td align=\"right\">26.700.000 USD<\/td>\n<\/tr>\n<tr>\n<td>Powerball &#8211; Australia<\/td>\n<td align=\"center\">3 ianuarie 2013<\/td>\n<td align=\"right\">22.250.000 USD<\/td>\n<\/tr>\n<\/tbody>\n<\/table>\n<h2> Opt niveluri de premii pentru biletul online Australian Powerball cump\u0103r\u0103tori<\/h2>\n<table style=\"width: 500px;\" border=\"1\" cellspacing=\"5\" cellpadding=\"5\" align=\"center\">\n<tbody>\n<tr>\n<td colspan=\"3\" align=\"center\">Powerball Lotto &#8211; Niveluri de premii Australia<\/td>\n<\/tr>\n<tr>\n<td>Premiu<\/td>\n<td align=\"center\">Meciuri<\/td>\n<td align=\"center\">Cote<\/td>\n<\/tr>\n<tr>\n<td>Locul 1 (Jackpot)<\/td>\n<td align=\"center\">6 + 1<\/td>\n<td align=\"right\">76.767.600 : 1<\/td>\n<\/tr>\n<tr>\n<td>Locul 2<\/td>\n<td align=\"center\">6<\/td>\n<td align=\"right\">4.040.400 : 1<\/td>\n<\/tr>\n<tr>\n<td>Al 3-lea<\/td>\n<td align=\"center\">5 + 1<\/td>\n<td align=\"right\">376.312 : 1<\/td>\n<\/tr>\n<tr>Al 4-lea<\/td>\n<td align=\"center\">5<\/td>\n<td align=\"right\">19.806 : 1<\/td>\n<\/tr>\n<tr>Al 5-lea<\/td>\n<td align=\"center\">4 + 1<\/td>\n<td align=\"right\">9.123 : 1<\/td>\n<\/tr>\n<tr>Al 6-lea<\/td>\n<td align=\"center\">3 + 1<\/td>\n<td align=\"right\">641 : 1<\/td>\n<\/tr>\n<tr>\n<td>A 7-a<\/td>\n<td align=\"center\">4<\/td>\n<td align=\"right\">480 : 1<\/td>\n<\/tr>\n<tr>\n<td>A 8-a<\/td>\n<td align=\"center\">2 + 1<\/td>\n<td align=\"right\">110 : 1<\/td>\n<\/tr>\n<\/tbody>\n<\/table>\n<h2>\u00a0De\u021bin\u0103torii de bilete online la Loteria Oz pot \u00eencasa sume mari<\/h2>\n<table style=\"width: 500px;\" border=\"1\" cellspacing=\"5\" cellpadding=\"5\" align=\"center\">\n<tbody>\n<tr>\n<td colspan=\"3\" align=\"center\">Cele mai mari cinci jackpot-uri pentru 2013<\/td>\n<\/tr>\n<tr>\n<td>Tragere<\/td>\n<td align=\"center\">Data<\/td>\n<td align=\"center\">Jackpot (USD)<\/td>\n<\/tr>\n<tr>\n<td>Oz Lotto &#8211; Australia<\/td>\n<td align=\"center\">17 dec. 2013<\/td>\n<td align=\"right\">62.300.000 USD<\/td>\n<\/tr>\n<tr>\n<td>Oz Lotto &#8211; Australia<\/td>\n<td align=\"center\">2 iul. 2013<\/td>\n<td align=\"right\">44.500.000 USD<\/td>\n<\/tr>\n<tr>\n<td>Oz Lotto &#8211; Australia<\/td>\n<td align=\"center\">30 aprilie 2013<\/td>\n<td align=\"right\">26.700.000 USD<\/td>\n<\/tr>\n<tr>\n<td>Oz Lotto &#8211; Australia<\/td>\n<td align=\"center\">29 ianuarie 2013<\/td>\n<td align=\"right\">20.296.484 USD<\/td>\n<\/tr>\n<tr>\n<td>Oz Lotto &#8211; Australia<\/td>\n<td align=\"center\">3 septembrie 2013<\/td>\n<td align=\"right\">19.790.620 USD<\/td>\n<\/tr>\n<\/tbody>\n<\/table>\n<h2>\u00a0Verifica\u021bi biletele online pentru a vedea dac\u0103 exist\u0103 vreun meci pl\u0103te\u0219te<\/h2>\n<table style=\"width: 500px;\" border=\"1\" cellspacing=\"5\" cellpadding=\"5\" align=\"center\">\n<tbody>\n<tr>\n<td colspan=\"3\" align=\"center\">Oz Lotto &#8211; Niveluri de premii Australia<\/td>\n<\/tr>\n<tr>\n<td>Premiu<\/td>\n<td align=\"center\">Meciuri<\/td>\n<td align=\"center\">Cote<\/td>\n<\/tr>\n<tr>\n<td>Locul 1 (Jackpot)<\/td>\n<td align=\"center\">7<\/td>\n<td align=\"right\">45.379.620 : 1<\/td>\n<\/tr>\n<tr>\n<td>Locul 2<\/td>\n<td align=\"center\">6 + 1<\/td>\n<td align=\"right\">3.241.401 : 1<\/td>\n<\/tr>\n<tr>\n<td>Al 3-lea<\/td>\n<td align=\"center\">6<\/td>\n<td align=\"right\">180.078 : 1<\/td>\n<\/tr>\n<tr>\n<td>Al 4-lea<\/td>\n<td align=\"center\">5 + 1<\/td>\n<td align=\"right\">29.602 : 1<\/td>\n<\/tr>\n<tr>\n<td>al 5-lea<\/td>\n<td align=\"center\">5<\/td>\n<td align=\"right\">3.430 : 1<\/td>\n<\/tr>\n<tr>\n<td>al 6-lea<\/td>\n<td align=\"center\">4<\/td>\n<td align=\"right\">154 : 1<\/td>\n<\/tr>\n<tr>\n<td>al 7-lea<\/td>\n<td align=\"center\">3 + 1<\/td>\n<td align=\"right\">55 : 1<\/td>\n<\/tr>\n<\/tbody>\n<\/table>\n","protected":false},"excerpt":{"rendered":"<p>Loteria Australian\u0103 \u00cen fiecare s\u0103pt\u0103m\u00e2n\u0103, mar\u021bi \u0219i joi, \u00een Australia au loc dou\u0103 loterii foarte interesante. Biletele Powerball \u0219i Oz Lotto pot fi achizi\u021bionate online. Cump\u0103rarea de bilete online pentru Loteria Australian\u0103 este la fel de u\u0219oar\u0103 ca \u201earuncarea unei crevete pe Barbie\u201d. Oamenii joac\u0103 la aceste loterii pentru jackpoturi obi\u0219nuite, de 50 de milioane [&hellip;]<\/p>\n","protected":false},"author":1,"featured_media":0,"parent":9316,"menu_order":9,"comment_status":"closed","ping_status":"closed","template":"","meta":{"footnotes":""},"class_list":["post-9665","page","type-page","status-publish","hentry"],"yoast_head":"<!-- This site is optimized with the Yoast SEO plugin v27.6 - https:\/\/yoast.com\/product\/yoast-seo-wordpress\/ -->\n<title>Cump\u0103r\u0103 bilete pentru Loteria Australian\u0103 online<\/title>\n<meta name=\"description\" content=\"Cump\u0103rarea de bilete online pentru loteriile australiene aduce entuziasmul la noi niveluri.\" \/>\n<meta name=\"robots\" content=\"index, follow, max-snippet:-1, max-image-preview:large, max-video-preview:-1\" \/>\n<link rel=\"canonical\" href=\"https:\/\/gambling6.com\/ro\/loterie\/obtineti-bilete-online-pentru-loteria-australiana\/\" \/>\n<meta property=\"og:locale\" content=\"ro_RO\" \/>\n<meta property=\"og:type\" content=\"article\" \/>\n<meta property=\"og:title\" content=\"Cump\u0103r\u0103 bilete pentru Loteria Australian\u0103 online\" \/>\n<meta property=\"og:description\" content=\"Cump\u0103rarea de bilete online pentru loteriile australiene aduce entuziasmul la noi niveluri.\" \/>\n<meta property=\"og:url\" content=\"https:\/\/gambling6.com\/ro\/loterie\/obtineti-bilete-online-pentru-loteria-australiana\/\" \/>\n<meta property=\"og:site_name\" content=\"Gambling6\" \/>\n<meta name=\"twitter:card\" content=\"summary_large_image\" \/>\n<meta name=\"twitter:label1\" content=\"Timp estimat pentru citire\" \/>\n\t<meta name=\"twitter:data1\" content=\"2 minute\" \/>\n<script type=\"application\/ld+json\" class=\"yoast-schema-graph\">{\"@context\":\"https:\\\/\\\/schema.org\",\"@graph\":[{\"@type\":\"WebPage\",\"@id\":\"https:\\\/\\\/gambling6.com\\\/ro\\\/loterie\\\/obtineti-bilete-online-pentru-loteria-australiana\\\/\",\"url\":\"https:\\\/\\\/gambling6.com\\\/ro\\\/loterie\\\/obtineti-bilete-online-pentru-loteria-australiana\\\/\",\"name\":\"Cump\u0103r\u0103 bilete pentru Loteria Australian\u0103 online\",\"isPartOf\":{\"@id\":\"https:\\\/\\\/gambling6.com\\\/ro\\\/#website\"},\"datePublished\":\"2025-11-11T09:26:30+00:00\",\"description\":\"Cump\u0103rarea de bilete online pentru loteriile australiene aduce entuziasmul la noi niveluri.\",\"breadcrumb\":{\"@id\":\"https:\\\/\\\/gambling6.com\\\/ro\\\/loterie\\\/obtineti-bilete-online-pentru-loteria-australiana\\\/#breadcrumb\"},\"inLanguage\":\"ro-RO\",\"potentialAction\":[{\"@type\":\"ReadAction\",\"target\":[\"https:\\\/\\\/gambling6.com\\\/ro\\\/loterie\\\/obtineti-bilete-online-pentru-loteria-australiana\\\/\"]}]},{\"@type\":\"BreadcrumbList\",\"@id\":\"https:\\\/\\\/gambling6.com\\\/ro\\\/loterie\\\/obtineti-bilete-online-pentru-loteria-australiana\\\/#breadcrumb\",\"itemListElement\":[{\"@type\":\"ListItem\",\"position\":1,\"name\":\"Home\",\"item\":\"https:\\\/\\\/gambling6.com\\\/ro\\\/home\\\/\"},{\"@type\":\"ListItem\",\"position\":2,\"name\":\"Loterie\",\"item\":\"https:\\\/\\\/gambling6.com\\\/ro\\\/loterie\\\/\"},{\"@type\":\"ListItem\",\"position\":3,\"name\":\"Ob\u021bine\u021bi bilete online pentru Loteria Australian\u0103\"}]},{\"@type\":\"WebSite\",\"@id\":\"https:\\\/\\\/gambling6.com\\\/ro\\\/#website\",\"url\":\"https:\\\/\\\/gambling6.com\\\/ro\\\/\",\"name\":\"Gambling6\",\"description\":\"\",\"potentialAction\":[{\"@type\":\"SearchAction\",\"target\":{\"@type\":\"EntryPoint\",\"urlTemplate\":\"https:\\\/\\\/gambling6.com\\\/ro\\\/?s={search_term_string}\"},\"query-input\":{\"@type\":\"PropertyValueSpecification\",\"valueRequired\":true,\"valueName\":\"search_term_string\"}}],\"inLanguage\":\"ro-RO\"}]}<\/script>\n<!-- \/ Yoast SEO plugin. -->","yoast_head_json":{"title":"Cump\u0103r\u0103 bilete pentru Loteria Australian\u0103 online","description":"Cump\u0103rarea de bilete online pentru loteriile australiene aduce entuziasmul la noi niveluri.","robots":{"index":"index","follow":"follow","max-snippet":"max-snippet:-1","max-image-preview":"max-image-preview:large","max-video-preview":"max-video-preview:-1"},"canonical":"https:\/\/gambling6.com\/ro\/loterie\/obtineti-bilete-online-pentru-loteria-australiana\/","og_locale":"ro_RO","og_type":"article","og_title":"Cump\u0103r\u0103 bilete pentru Loteria Australian\u0103 online","og_description":"Cump\u0103rarea de bilete online pentru loteriile australiene aduce entuziasmul la noi niveluri.","og_url":"https:\/\/gambling6.com\/ro\/loterie\/obtineti-bilete-online-pentru-loteria-australiana\/","og_site_name":"Gambling6","twitter_card":"summary_large_image","twitter_misc":{"Timp estimat pentru citire":"2 minute"},"schema":{"@context":"https:\/\/schema.org","@graph":[{"@type":"WebPage","@id":"https:\/\/gambling6.com\/ro\/loterie\/obtineti-bilete-online-pentru-loteria-australiana\/","url":"https:\/\/gambling6.com\/ro\/loterie\/obtineti-bilete-online-pentru-loteria-australiana\/","name":"Cump\u0103r\u0103 bilete pentru Loteria Australian\u0103 online","isPartOf":{"@id":"https:\/\/gambling6.com\/ro\/#website"},"datePublished":"2025-11-11T09:26:30+00:00","description":"Cump\u0103rarea de bilete online pentru loteriile australiene aduce entuziasmul la noi niveluri.","breadcrumb":{"@id":"https:\/\/gambling6.com\/ro\/loterie\/obtineti-bilete-online-pentru-loteria-australiana\/#breadcrumb"},"inLanguage":"ro-RO","potentialAction":[{"@type":"ReadAction","target":["https:\/\/gambling6.com\/ro\/loterie\/obtineti-bilete-online-pentru-loteria-australiana\/"]}]},{"@type":"BreadcrumbList","@id":"https:\/\/gambling6.com\/ro\/loterie\/obtineti-bilete-online-pentru-loteria-australiana\/#breadcrumb","itemListElement":[{"@type":"ListItem","position":1,"name":"Home","item":"https:\/\/gambling6.com\/ro\/home\/"},{"@type":"ListItem","position":2,"name":"Loterie","item":"https:\/\/gambling6.com\/ro\/loterie\/"},{"@type":"ListItem","position":3,"name":"Ob\u021bine\u021bi bilete online pentru Loteria Australian\u0103"}]},{"@type":"WebSite","@id":"https:\/\/gambling6.com\/ro\/#website","url":"https:\/\/gambling6.com\/ro\/","name":"Gambling6","description":"","potentialAction":[{"@type":"SearchAction","target":{"@type":"EntryPoint","urlTemplate":"https:\/\/gambling6.com\/ro\/?s={search_term_string}"},"query-input":{"@type":"PropertyValueSpecification","valueRequired":true,"valueName":"search_term_string"}}],"inLanguage":"ro-RO"}]}},"_links":{"self":[{"href":"https:\/\/gambling6.com\/ro\/wp-json\/wp\/v2\/pages\/9665","targetHints":{"allow":["GET"]}}],"collection":[{"href":"https:\/\/gambling6.com\/ro\/wp-json\/wp\/v2\/pages"}],"about":[{"href":"https:\/\/gambling6.com\/ro\/wp-json\/wp\/v2\/types\/page"}],"author":[{"embeddable":true,"href":"https:\/\/gambling6.com\/ro\/wp-json\/wp\/v2\/users\/1"}],"replies":[{"embeddable":true,"href":"https:\/\/gambling6.com\/ro\/wp-json\/wp\/v2\/comments?post=9665"}],"version-history":[{"count":0,"href":"https:\/\/gambling6.com\/ro\/wp-json\/wp\/v2\/pages\/9665\/revisions"}],"up":[{"embeddable":true,"href":"https:\/\/gambling6.com\/ro\/wp-json\/wp\/v2\/pages\/9316"}],"wp:attachment":[{"href":"https:\/\/gambling6.com\/ro\/wp-json\/wp\/v2\/media?parent=9665"}],"curies":[{"name":"wp","href":"https:\/\/api.w.org\/{rel}","templated":true}]}}