{"id":9726,"date":"2025-11-11T11:06:43","date_gmt":"2025-11-11T11:06:43","guid":{"rendered":"https:\/\/gambling6.com\/loterie\/obtineti-bilete-online-pentru-loteria-nationala-a-regatului-unit\/"},"modified":"2025-11-15T11:14:52","modified_gmt":"2025-11-15T11:14:52","slug":"obtineti-bilete-online-pentru-loteria-nationala-a-regatului-unit","status":"publish","type":"page","link":"https:\/\/gambling6.com\/ro\/loterie\/obtineti-bilete-online-pentru-loteria-nationala-a-regatului-unit\/","title":{"rendered":"Ob\u021bine\u021bi bilete online pentru Loteria Na\u021bional\u0103 a Regatului Unit"},"content":{"rendered":"<h2>Bilete pentru Loteria Na\u021bional\u0103 a Regatului Unit pe net<\/h2>\n<p><strong style=\"background-color: initial;\">De\u021binerea unui bilet online pentru Loteria Na\u021bional\u0103 a Regatului Unit v\u0103 va face parte din loteria favorit\u0103 a Marii Britanii.<\/strong><span style=\"background-color: initial;\"> V\u00e2nz\u0103rile de bilete, at\u00e2t online, c\u00e2t \u0219i locale, se ridic\u0103 la aproximativ 50.000.000 per extragere. Cu un bilet, ave\u021bi o \u0219ans\u0103 de 1 din 56 de a c\u00e2\u0219tiga 25 de lire sterline, premiul de baz\u0103 la Loteria Na\u021bional\u0103 a Regatului Unit.<\/span><\/p>\n<p>Pentru a juca la aceast\u0103 loterie, alege\u021bi \u0219ase numere principale \u00eentre unu \u0219i 49. Pentru a \u00eencasa jackpotul, trebuie pur \u0219i simplu s\u0103 ghici\u021bi \u0219ase numere. <strong>\u0218ansele de a c\u00e2\u0219tiga la Loteria Na\u021bional\u0103 a Regatului Unit sunt de aproximativ 1 la 14 milioane.<\/strong> Aceste \u0219anse sunt mult mai bune dec\u00e2t \u00eencercarea de a c\u00e2\u0219tiga la Euromillions; De fapt, ai de aproximativ 10 ori mai multe \u0219anse s\u0103 \u00eencasezi banii.<\/p>\n<p>\u00cen fiecare miercuri \u0219i s\u00e2mb\u0103t\u0103, v\u00e2nz\u0103rile de bilete cresc vertiginos, deoarece britanicii locali \u0219i juc\u0103torii interna\u021bionali de loterie online cump\u0103r\u0103 bilete pentru a c\u00e2\u0219tiga jackpotul, care aproape \u00eentotdeauna dep\u0103\u0219e\u0219te 5 milioane de lire sterline. De\u0219i 45% din v\u00e2nz\u0103rile de bilete sunt garantate pentru fondul de premii, de c\u00e2nd aceast\u0103 loterie a fost introdus\u0103 \u00een 1994, peste 42 de miliarde de lire sterline au fost donate unor cauze nobile din Marea Britanie \u0219i din str\u0103in\u0103tate.<\/p>\n<p><img loading=\"lazy\" decoding=\"async\" class=\"size-medium wp-image-1371 alignright\" src=\"https:\/\/gambling6.com\/wp-content\/uploads\/2022\/04\/2_ticket_uk_lottery-192x300.jpg\" alt=\"bilet pentru Loteria Na\u021bional\u0103 a Regatului Unit\" width=\"192\" height=\"300\" srcset=\"https:\/\/gambling6.com\/wp-content\/uploads\/2022\/04\/2_ticket_uk_lottery-192x300.jpg 192w, https:\/\/gambling6.com\/wp-content\/uploads\/2022\/04\/2_ticket_uk_lottery.jpg 564w\" sizes=\"auto, (max-width: 192px) 100vw, 192px\" \/>C\u00e2nd se extrage aceast\u0103 loterie s\u00e2mb\u0103ta \u0219i miercurea la Londra, publicul care \u021bine biletele \u00een palme este destul de numeros. Oamenii se adun\u0103 la televizor \u00een pub-urile locale \u00een speran\u021ba de a c\u00e2\u0219tiga cele 5 milioane de lire sterline. \u00cen plus, dac\u0103 jackpotul nu este c\u00e2\u0219tigat, acesta este reportat la urm\u0103toarea extragere. <a class=\"thirstylink\" title=\"RedFoxLotto ro\" href=\"https:\/\/gambling6.com\/go\/redfoxlotto-ro\/\" target=\"_blank\" rel=\"nofollow noopener\">Ob\u021bine\u021bi biletul online \u0219i \u0219ansa de a revendica premiul de la Loteria Na\u021bional\u0103 a Regatului Unit vizit\u00e2nd partenerul nostru RedFoxLotto.<\/a><\/p>\n<table style=\"width: 500px;\" border=\"1\" cellspacing=\"5\" cellpadding=\"5\" align=\"center\">\n<tbody>\n<tr>\n<td colspan=\"3\" align=\"center\">Cele mai mari cinci jackpoturi din 2013<\/td>\n<\/tr>\n<tr>\n<td>Tragere<\/td>\n<td align=\"center\">Data<\/td>\n<td align=\"center\">Jackpot (USD)<\/td>\n<\/tr>\n<tr>\n<td>Loteria Na\u021bional\u0103 &#8211; Marea Britanie<\/td>\n<td align=\"center\">5 octombrie 2013<\/td>\n<td style=\"text-align: center;\" align=\"right\">16.500.000 USD<\/td>\n<\/tr>\n<tr>\n<td>Loteria Na\u021bional\u0103 &#8211; Regatul Unit<\/td>\n<td align=\"center\">12 octombrie 2013<\/td>\n<td align=\"right\">16.500.000 USD<\/td>\n<\/tr>\n<tr>\n<td>Loteria Na\u021bional\u0103 &#8211; Regatul Unit<\/td>\n<td align=\"center\">18 septembrie 2013<\/td>\n<td align=\"right\">14.025.000 USD<\/td>\n<\/tr>\n<tr>\n<td>Loteria Na\u021bional\u0103 &#8211; Regatul Unit<\/td>\n<td align=\"center\">18 decembrie 2013<\/td>\n<td align=\"right\">13.173.600 USD<\/td>\n<\/tr>\n<tr>\n<td>Loteria Na\u021bional\u0103 &#8211; Regatul Unit<\/td>\n<td align=\"center\">2-nov-13<\/td>\n<td align=\"right\">13.134.000 USD<\/td>\n<\/tr>\n<\/tbody>\n<\/table>\n<table style=\"width: 500px;\" border=\"1\" cellspacing=\"5\" cellpadding=\"5\" align=\"center\">\n<tbody>\n<tr>\n<td colspan=\"3\" align=\"center\">Niveluri de premii ale Loteriei Na\u021bionale din Marea Britanie<\/td>\n<\/tr>\n<tr>\n<td>Premiu<\/td>\n<td align=\"center\">Meciuri<\/td>\n<td align=\"center\">Cote<\/td>\n<\/tr>\n<tr>\n<td>Locul 1 (Jackpot)<\/td>\n<td style=\"text-align: center;\" align=\"center\">6<\/td>\n<td align=\"right\">13.983.816 : 1<\/td>\n<\/tr>\n<tr>\n<td>al 2-lea<\/td>\n<td align=\"center\">5 + 1<\/td>\n<td align=\"right\">2.330.636 : 1<\/td>\n<\/tr>\n<tr>\n<td align=\"center\">5<\/td>\n<td align=\"right\">55.492 : 1<\/td>\n<\/tr>\n<tr>\n<td align=\"center\">4<\/td>\n<td align=\"right\">1.033 : 1<\/td>\n<\/tr>\n<tr>\n<td align=\"center\">3<\/td>\n<td align=\"right\">57 : 1<\/td>\n<\/tr>\n<\/tbody>\n<\/table>\n","protected":false},"excerpt":{"rendered":"<p>Bilete pentru Loteria Na\u021bional\u0103 a Regatului Unit pe net De\u021binerea unui bilet online pentru Loteria Na\u021bional\u0103 a Regatului Unit v\u0103 va face parte din loteria favorit\u0103 a Marii Britanii. V\u00e2nz\u0103rile de bilete, at\u00e2t online, c\u00e2t \u0219i locale, se ridic\u0103 la aproximativ 50.000.000 per extragere. Cu un bilet, ave\u021bi o \u0219ans\u0103 de 1 din 56 de [&hellip;]<\/p>\n","protected":false},"author":1,"featured_media":0,"parent":9316,"menu_order":6,"comment_status":"closed","ping_status":"closed","template":"","meta":{"footnotes":""},"class_list":["post-9726","page","type-page","status-publish","hentry"],"yoast_head":"<!-- This site is optimized with the Yoast SEO plugin v27.4 - https:\/\/yoast.com\/product\/yoast-seo-wordpress\/ -->\n<title>Cump\u0103r\u0103 bilete pentru Loteria Na\u021bional\u0103 a Regatului Unit online<\/title>\n<meta name=\"description\" content=\"Particip\u0103 la Loteria Na\u021bional\u0103 a Regatului Unit cump\u0103r\u00e2ndu-\u021bi biletele online.\" \/>\n<meta name=\"robots\" content=\"index, follow, max-snippet:-1, max-image-preview:large, max-video-preview:-1\" \/>\n<link rel=\"canonical\" href=\"https:\/\/gambling6.com\/ro\/loterie\/obtineti-bilete-online-pentru-loteria-nationala-a-regatului-unit\/\" \/>\n<meta property=\"og:locale\" content=\"ro_RO\" \/>\n<meta property=\"og:type\" content=\"article\" \/>\n<meta property=\"og:title\" content=\"Cump\u0103r\u0103 bilete pentru Loteria Na\u021bional\u0103 a Regatului Unit online\" \/>\n<meta property=\"og:description\" content=\"Particip\u0103 la Loteria Na\u021bional\u0103 a Regatului Unit cump\u0103r\u00e2ndu-\u021bi biletele online.\" \/>\n<meta property=\"og:url\" content=\"https:\/\/gambling6.com\/ro\/loterie\/obtineti-bilete-online-pentru-loteria-nationala-a-regatului-unit\/\" \/>\n<meta property=\"og:site_name\" content=\"Gambling6\" \/>\n<meta property=\"article:modified_time\" content=\"2025-11-15T11:14:52+00:00\" \/>\n<meta property=\"og:image\" content=\"https:\/\/gambling6.com\/wp-content\/uploads\/2022\/04\/2_ticket_uk_lottery.jpg\" \/>\n\t<meta property=\"og:image:width\" content=\"564\" \/>\n\t<meta property=\"og:image:height\" content=\"883\" \/>\n\t<meta property=\"og:image:type\" content=\"image\/jpeg\" \/>\n<meta name=\"twitter:card\" content=\"summary_large_image\" \/>\n<meta name=\"twitter:label1\" content=\"Timp estimat pentru citire\" \/>\n\t<meta name=\"twitter:data1\" content=\"2 minute\" \/>\n<script type=\"application\/ld+json\" class=\"yoast-schema-graph\">{\"@context\":\"https:\\\/\\\/schema.org\",\"@graph\":[{\"@type\":\"WebPage\",\"@id\":\"https:\\\/\\\/gambling6.com\\\/ro\\\/loterie\\\/obtineti-bilete-online-pentru-loteria-nationala-a-regatului-unit\\\/\",\"url\":\"https:\\\/\\\/gambling6.com\\\/ro\\\/loterie\\\/obtineti-bilete-online-pentru-loteria-nationala-a-regatului-unit\\\/\",\"name\":\"Cump\u0103r\u0103 bilete pentru Loteria Na\u021bional\u0103 a Regatului Unit online\",\"isPartOf\":{\"@id\":\"https:\\\/\\\/gambling6.com\\\/ro\\\/#website\"},\"primaryImageOfPage\":{\"@id\":\"https:\\\/\\\/gambling6.com\\\/ro\\\/loterie\\\/obtineti-bilete-online-pentru-loteria-nationala-a-regatului-unit\\\/#primaryimage\"},\"image\":{\"@id\":\"https:\\\/\\\/gambling6.com\\\/ro\\\/loterie\\\/obtineti-bilete-online-pentru-loteria-nationala-a-regatului-unit\\\/#primaryimage\"},\"thumbnailUrl\":\"https:\\\/\\\/gambling6.com\\\/wp-content\\\/uploads\\\/2022\\\/04\\\/2_ticket_uk_lottery-192x300.jpg\",\"datePublished\":\"2025-11-11T11:06:43+00:00\",\"dateModified\":\"2025-11-15T11:14:52+00:00\",\"description\":\"Particip\u0103 la Loteria Na\u021bional\u0103 a Regatului Unit cump\u0103r\u00e2ndu-\u021bi biletele online.\",\"breadcrumb\":{\"@id\":\"https:\\\/\\\/gambling6.com\\\/ro\\\/loterie\\\/obtineti-bilete-online-pentru-loteria-nationala-a-regatului-unit\\\/#breadcrumb\"},\"inLanguage\":\"ro-RO\",\"potentialAction\":[{\"@type\":\"ReadAction\",\"target\":[\"https:\\\/\\\/gambling6.com\\\/ro\\\/loterie\\\/obtineti-bilete-online-pentru-loteria-nationala-a-regatului-unit\\\/\"]}]},{\"@type\":\"ImageObject\",\"inLanguage\":\"ro-RO\",\"@id\":\"https:\\\/\\\/gambling6.com\\\/ro\\\/loterie\\\/obtineti-bilete-online-pentru-loteria-nationala-a-regatului-unit\\\/#primaryimage\",\"url\":\"https:\\\/\\\/gambling6.com\\\/wp-content\\\/uploads\\\/2022\\\/04\\\/2_ticket_uk_lottery-192x300.jpg\",\"contentUrl\":\"https:\\\/\\\/gambling6.com\\\/wp-content\\\/uploads\\\/2022\\\/04\\\/2_ticket_uk_lottery-192x300.jpg\"},{\"@type\":\"BreadcrumbList\",\"@id\":\"https:\\\/\\\/gambling6.com\\\/ro\\\/loterie\\\/obtineti-bilete-online-pentru-loteria-nationala-a-regatului-unit\\\/#breadcrumb\",\"itemListElement\":[{\"@type\":\"ListItem\",\"position\":1,\"name\":\"Home\",\"item\":\"https:\\\/\\\/gambling6.com\\\/ro\\\/home\\\/\"},{\"@type\":\"ListItem\",\"position\":2,\"name\":\"Loterie\",\"item\":\"https:\\\/\\\/gambling6.com\\\/ro\\\/loterie\\\/\"},{\"@type\":\"ListItem\",\"position\":3,\"name\":\"Ob\u021bine\u021bi bilete online pentru Loteria Na\u021bional\u0103 a Regatului Unit\"}]},{\"@type\":\"WebSite\",\"@id\":\"https:\\\/\\\/gambling6.com\\\/ro\\\/#website\",\"url\":\"https:\\\/\\\/gambling6.com\\\/ro\\\/\",\"name\":\"Gambling6\",\"description\":\"\",\"potentialAction\":[{\"@type\":\"SearchAction\",\"target\":{\"@type\":\"EntryPoint\",\"urlTemplate\":\"https:\\\/\\\/gambling6.com\\\/ro\\\/?s={search_term_string}\"},\"query-input\":{\"@type\":\"PropertyValueSpecification\",\"valueRequired\":true,\"valueName\":\"search_term_string\"}}],\"inLanguage\":\"ro-RO\"}]}<\/script>\n<!-- \/ Yoast SEO plugin. -->","yoast_head_json":{"title":"Cump\u0103r\u0103 bilete pentru Loteria Na\u021bional\u0103 a Regatului Unit online","description":"Particip\u0103 la Loteria Na\u021bional\u0103 a Regatului Unit cump\u0103r\u00e2ndu-\u021bi biletele online.","robots":{"index":"index","follow":"follow","max-snippet":"max-snippet:-1","max-image-preview":"max-image-preview:large","max-video-preview":"max-video-preview:-1"},"canonical":"https:\/\/gambling6.com\/ro\/loterie\/obtineti-bilete-online-pentru-loteria-nationala-a-regatului-unit\/","og_locale":"ro_RO","og_type":"article","og_title":"Cump\u0103r\u0103 bilete pentru Loteria Na\u021bional\u0103 a Regatului Unit online","og_description":"Particip\u0103 la Loteria Na\u021bional\u0103 a Regatului Unit cump\u0103r\u00e2ndu-\u021bi biletele online.","og_url":"https:\/\/gambling6.com\/ro\/loterie\/obtineti-bilete-online-pentru-loteria-nationala-a-regatului-unit\/","og_site_name":"Gambling6","article_modified_time":"2025-11-15T11:14:52+00:00","og_image":[{"width":564,"height":883,"url":"https:\/\/gambling6.com\/wp-content\/uploads\/2022\/04\/2_ticket_uk_lottery.jpg","type":"image\/jpeg"}],"twitter_card":"summary_large_image","twitter_misc":{"Timp estimat pentru citire":"2 minute"},"schema":{"@context":"https:\/\/schema.org","@graph":[{"@type":"WebPage","@id":"https:\/\/gambling6.com\/ro\/loterie\/obtineti-bilete-online-pentru-loteria-nationala-a-regatului-unit\/","url":"https:\/\/gambling6.com\/ro\/loterie\/obtineti-bilete-online-pentru-loteria-nationala-a-regatului-unit\/","name":"Cump\u0103r\u0103 bilete pentru Loteria Na\u021bional\u0103 a Regatului Unit online","isPartOf":{"@id":"https:\/\/gambling6.com\/ro\/#website"},"primaryImageOfPage":{"@id":"https:\/\/gambling6.com\/ro\/loterie\/obtineti-bilete-online-pentru-loteria-nationala-a-regatului-unit\/#primaryimage"},"image":{"@id":"https:\/\/gambling6.com\/ro\/loterie\/obtineti-bilete-online-pentru-loteria-nationala-a-regatului-unit\/#primaryimage"},"thumbnailUrl":"https:\/\/gambling6.com\/wp-content\/uploads\/2022\/04\/2_ticket_uk_lottery-192x300.jpg","datePublished":"2025-11-11T11:06:43+00:00","dateModified":"2025-11-15T11:14:52+00:00","description":"Particip\u0103 la Loteria Na\u021bional\u0103 a Regatului Unit cump\u0103r\u00e2ndu-\u021bi biletele online.","breadcrumb":{"@id":"https:\/\/gambling6.com\/ro\/loterie\/obtineti-bilete-online-pentru-loteria-nationala-a-regatului-unit\/#breadcrumb"},"inLanguage":"ro-RO","potentialAction":[{"@type":"ReadAction","target":["https:\/\/gambling6.com\/ro\/loterie\/obtineti-bilete-online-pentru-loteria-nationala-a-regatului-unit\/"]}]},{"@type":"ImageObject","inLanguage":"ro-RO","@id":"https:\/\/gambling6.com\/ro\/loterie\/obtineti-bilete-online-pentru-loteria-nationala-a-regatului-unit\/#primaryimage","url":"https:\/\/gambling6.com\/wp-content\/uploads\/2022\/04\/2_ticket_uk_lottery-192x300.jpg","contentUrl":"https:\/\/gambling6.com\/wp-content\/uploads\/2022\/04\/2_ticket_uk_lottery-192x300.jpg"},{"@type":"BreadcrumbList","@id":"https:\/\/gambling6.com\/ro\/loterie\/obtineti-bilete-online-pentru-loteria-nationala-a-regatului-unit\/#breadcrumb","itemListElement":[{"@type":"ListItem","position":1,"name":"Home","item":"https:\/\/gambling6.com\/ro\/home\/"},{"@type":"ListItem","position":2,"name":"Loterie","item":"https:\/\/gambling6.com\/ro\/loterie\/"},{"@type":"ListItem","position":3,"name":"Ob\u021bine\u021bi bilete online pentru Loteria Na\u021bional\u0103 a Regatului Unit"}]},{"@type":"WebSite","@id":"https:\/\/gambling6.com\/ro\/#website","url":"https:\/\/gambling6.com\/ro\/","name":"Gambling6","description":"","potentialAction":[{"@type":"SearchAction","target":{"@type":"EntryPoint","urlTemplate":"https:\/\/gambling6.com\/ro\/?s={search_term_string}"},"query-input":{"@type":"PropertyValueSpecification","valueRequired":true,"valueName":"search_term_string"}}],"inLanguage":"ro-RO"}]}},"_links":{"self":[{"href":"https:\/\/gambling6.com\/ro\/wp-json\/wp\/v2\/pages\/9726","targetHints":{"allow":["GET"]}}],"collection":[{"href":"https:\/\/gambling6.com\/ro\/wp-json\/wp\/v2\/pages"}],"about":[{"href":"https:\/\/gambling6.com\/ro\/wp-json\/wp\/v2\/types\/page"}],"author":[{"embeddable":true,"href":"https:\/\/gambling6.com\/ro\/wp-json\/wp\/v2\/users\/1"}],"replies":[{"embeddable":true,"href":"https:\/\/gambling6.com\/ro\/wp-json\/wp\/v2\/comments?post=9726"}],"version-history":[{"count":1,"href":"https:\/\/gambling6.com\/ro\/wp-json\/wp\/v2\/pages\/9726\/revisions"}],"predecessor-version":[{"id":10795,"href":"https:\/\/gambling6.com\/ro\/wp-json\/wp\/v2\/pages\/9726\/revisions\/10795"}],"up":[{"embeddable":true,"href":"https:\/\/gambling6.com\/ro\/wp-json\/wp\/v2\/pages\/9316"}],"wp:attachment":[{"href":"https:\/\/gambling6.com\/ro\/wp-json\/wp\/v2\/media?parent=9726"}],"curies":[{"name":"wp","href":"https:\/\/api.w.org\/{rel}","templated":true}]}}