{"id":9727,"date":"2025-11-11T11:07:52","date_gmt":"2025-11-11T11:07:52","guid":{"rendered":"https:\/\/gambling6.com\/loterie\/obtineti-bilete-online-pentru-superenalotto\/"},"modified":"2025-11-11T11:07:52","modified_gmt":"2025-11-11T11:07:52","slug":"obtineti-bilete-online-pentru-superenalotto","status":"publish","type":"page","link":"https:\/\/gambling6.com\/ro\/loterie\/obtineti-bilete-online-pentru-superenalotto\/","title":{"rendered":"Ob\u021bine\u021bi bilete online pentru Superenalotto"},"content":{"rendered":"<h2>Superenalotto<\/h2>\n<p>Italienii sunt fanatici ai loteriei, \u00een special pasiona\u021bi de Superenalotto. \u00cen fiecare s\u0103pt\u0103m\u00e2n\u0103, v\u00e2nz\u0103rile de bilete pentru aceast\u0103 loterie sunt scandaloase, cu \u0219anse de peste 1 la 600 de milioane. <strong>Cump\u0103rarea de bilete de loterie online pentru Superenalotto-ul Italiei v\u0103 ofer\u0103 cele mai mici \u0219anse posibile dintre toate loteriile din lume.<\/strong> Totu\u0219i, aceasta pare a fi principala atrac\u021bie pentru europenii locali \u0219i juc\u0103torii de loterie online din \u00eentreaga lume.<\/p>\n<h2><img loading=\"lazy\" decoding=\"async\" class=\"size-full wp-image-1575 alignright\" src=\"https:\/\/gambling6.com\/wp-content\/uploads\/2022\/04\/2_ticket_superenalotto.jpg\" alt=\"superenalotto ticket\" width=\"228\" height=\"300\" \/>Jackpot-uri reportate pentru SuperEnalotto<\/h2>\n<p>Din cauza \u0219anselor de c\u00e2\u0219tig la Superenalotto-ul Italiei, se \u00eent\u00e2mpl\u0103 destul de des ca jackpot-ul s\u0103 fie reportat. Alegerea a \u0219ase numere \u00eentre unu \u0219i 90 v\u0103 ofer\u0103 \u0219ansa de a revendica jackpotul prin ghicirea tuturor celor \u0219ase numere. Ghicirea a doar cinci numere \u0219i bonusul v\u0103 ofer\u0103 premiul de nivel doi. Num\u0103rul bonus este extras separat \u0219i este cunoscut sub numele de \u201ejolly ball\u201d. **Juc\u0103torii online se gr\u0103besc s\u0103 cumpere bilete pentru a \u00eencerca s\u0103 ob\u021bin\u0103 jackpot-uri record de p\u00e2n\u0103 la 500 de milioane de euro.**<\/p>\n<p>**Superenalotto-ul italian are trei extrageri s\u0103pt\u0103m\u00e2nale.** Jackpot-ul \u00eencepe de la 2 milioane de euro \u0219i nu este surprinz\u0103tor c\u0103 oamenii sunt at\u00e2t de interesa\u021bi s\u0103 joace.** At\u00e2t localnicii, c\u00e2t \u0219i juc\u0103torii online \u00ee\u0219i doresc o parte din aceast\u0103 loterie interna\u021bional\u0103, care ofer\u0103 cele mai mari cote raportate.<\/p>\n<p>**Introdus\u0103 \u00een 1997, Superenalotto-ul din Italia a atras rapid aten\u021bia juc\u0103torilor europeni de loterie, iar jackpot-urile au crescut \u0219i s-au reportat. Cel mai mare jackpot a fost c\u00e2\u0219tigat de un singur de\u021bin\u0103tor de bilet \u00een 2010, \u00een valoare de 223 de milioane de euro.** <strong>Cu\u00a0<\/strong><span style=\"box-sizing: border-box; margin: 0px; padding: 0px;\"><strong>mai mul\u021bi oameni cump\u0103r\u0103 bilete online pentru Superenalotto<\/strong>, jackpotul are poten\u021bialul de a cre\u0219te \u0219i mai mult, deoarece nu exist\u0103 nicio limit\u0103 a dimensiunii sale<\/span>.<\/p>\n<p>Pe l\u00e2ng\u0103 faptul c\u0103 pot c\u00e2\u0219tiga jackpotul mare, juc\u0103torii online pot participa la unul dintre celelalte cinci premii disponibile. <a class=\"thirstylink\" title=\"RedFoxLotto ro\" href=\"https:\/\/gambling6.com\/go\/redfoxlotto-ro\/\" target=\"_blank\" rel=\"nofollow noopener\">Pentru a v\u0103 ob\u021bine biletele pentru Superenalotto-ul Italiei prin RedFoxLotto, face\u021bi clic aici.<\/a><\/p>\n<table style=\"width: 500px;\" border=\"1\" cellspacing=\"5\" cellpadding=\"5\" align=\"center\">\n<tbody>\n<tr>\n<td colspan=\"3\" align=\"center\">Cele mai mari jackpot-uri din 2013<\/td>\n<\/tr>\n<tr>\n<td>Tragere la sor\u021bi<\/td>\n<td align=\"center\">Data<\/td>\n<td align=\"center\">Jackpot (USD)<\/td>\n<\/tr>\n<tr>\n<td>Superenalotto &#8211; Italia<\/td>\n<td align=\"center\">29 iunie 2013<\/td>\n<td align=\"right\">55.759.000 USD<\/td>\n<\/tr>\n<tr>\n<td>Superenalotto &#8211; Italia<\/td>\n<td align=\"center\">15 octombrie 2013<\/td>\n<td align=\"right\">25.124.430 USD<\/td>\n<\/tr>\n<tr>\n<td>Superenalotto &#8211; Italia<\/td>\n<td align=\"center\">3 octombrie 2013<\/td>\n<td align=\"right\">21.372.000 USD<\/td>\n<\/tr>\n<tr>\n<td>Superenalotto &#8211; Italia<\/td>\n<td align=\"center\">27 iulie 2013<\/td>\n<td align=\"right\">19.043.000 USD<\/td>\n<\/tr>\n<\/tbody>\n<\/table>\n<table style=\"width: 500px;\" border=\"1\" cellspacing=\"5\" cellpadding=\"5\" align=\"center\">\n<tbody>\n<tr>\n<td colspan=\"3\" align=\"center\">Superenalotto &#8211; Italia Niveluri de premii<\/td>\n<\/tr>\n<tr>\n<td>Premiu<\/td>\n<td align=\"center\">Meciuri<\/td>\n<td align=\"center\">Cote<\/td>\n<\/tr>\n<tr>\n<td>Locul 1 (Jackpot)<\/td>\n<td align=\"center\">6<\/td>\n<td align=\"right\">622.614.630 : 1<\/td>\n<\/tr>\n<tr>\n<td>Locul 2<\/td>\n<td align=\"center\">5 + 1<\/td>\n<td align=\"right\">103.769.105 : 1<\/td>\n<\/tr>\n<tr>\n<td>Al 3-lea<\/td>\n<td align=\"center\">5<\/td>\n<td align=\"right\">1.235.346 : 1<\/td>\n<\/tr>\n<tr>\n<td align=\"center\">4<\/td>\n<td align=\"right\">11.907 : 1<\/td>\n<\/tr>\n<tr>\n<td>Al 5-lea<\/td>\n<td align=\"center\">3<\/td>\n<td align=\"right\">327 : 1<\/td>\n<\/tr>\n<\/tbody>\n<\/table>\n","protected":false},"excerpt":{"rendered":"<p>Superenalotto Italienii sunt fanatici ai loteriei, \u00een special pasiona\u021bi de Superenalotto. \u00cen fiecare s\u0103pt\u0103m\u00e2n\u0103, v\u00e2nz\u0103rile de bilete pentru aceast\u0103 loterie sunt scandaloase, cu \u0219anse de peste 1 la 600 de milioane. Cump\u0103rarea de bilete de loterie online pentru Superenalotto-ul Italiei v\u0103 ofer\u0103 cele mai mici \u0219anse posibile dintre toate loteriile din lume. Totu\u0219i, aceasta pare [&hellip;]<\/p>\n","protected":false},"author":1,"featured_media":0,"parent":9316,"menu_order":7,"comment_status":"closed","ping_status":"closed","template":"","meta":{"footnotes":""},"class_list":["post-9727","page","type-page","status-publish","hentry"],"yoast_head":"<!-- This site is optimized with the Yoast SEO plugin v27.3 - https:\/\/yoast.com\/product\/yoast-seo-wordpress\/ -->\n<title>Cump\u0103r\u0103 bilete pentru Superenalotto online<\/title>\n<meta name=\"description\" content=\"Ia-\u021bi biletele online pentru Superenalotto vizit\u00e2nd partenerul nostru, RedFoxLotto\" \/>\n<meta name=\"robots\" content=\"index, follow, max-snippet:-1, max-image-preview:large, max-video-preview:-1\" \/>\n<link rel=\"canonical\" href=\"https:\/\/gambling6.com\/ro\/loterie\/obtineti-bilete-online-pentru-superenalotto\/\" \/>\n<meta property=\"og:locale\" content=\"ro_RO\" \/>\n<meta property=\"og:type\" content=\"article\" \/>\n<meta property=\"og:title\" content=\"Cump\u0103r\u0103 bilete pentru Superenalotto online\" \/>\n<meta property=\"og:description\" content=\"Ia-\u021bi biletele online pentru Superenalotto vizit\u00e2nd partenerul nostru, RedFoxLotto\" \/>\n<meta property=\"og:url\" content=\"https:\/\/gambling6.com\/ro\/loterie\/obtineti-bilete-online-pentru-superenalotto\/\" \/>\n<meta property=\"og:site_name\" content=\"Gambling6\" \/>\n<meta property=\"og:image\" content=\"https:\/\/gambling6.com\/wp-content\/uploads\/2022\/04\/2_ticket_superenalotto.jpg\" \/>\n\t<meta property=\"og:image:width\" content=\"228\" \/>\n\t<meta property=\"og:image:height\" content=\"300\" \/>\n\t<meta property=\"og:image:type\" content=\"image\/jpeg\" \/>\n<meta name=\"twitter:card\" content=\"summary_large_image\" \/>\n<meta name=\"twitter:label1\" content=\"Timp estimat pentru citire\" \/>\n\t<meta name=\"twitter:data1\" content=\"2 minute\" \/>\n<script type=\"application\/ld+json\" class=\"yoast-schema-graph\">{\"@context\":\"https:\\\/\\\/schema.org\",\"@graph\":[{\"@type\":\"WebPage\",\"@id\":\"https:\\\/\\\/gambling6.com\\\/ro\\\/loterie\\\/obtineti-bilete-online-pentru-superenalotto\\\/\",\"url\":\"https:\\\/\\\/gambling6.com\\\/ro\\\/loterie\\\/obtineti-bilete-online-pentru-superenalotto\\\/\",\"name\":\"Cump\u0103r\u0103 bilete pentru Superenalotto online\",\"isPartOf\":{\"@id\":\"https:\\\/\\\/gambling6.com\\\/ro\\\/#website\"},\"primaryImageOfPage\":{\"@id\":\"https:\\\/\\\/gambling6.com\\\/ro\\\/loterie\\\/obtineti-bilete-online-pentru-superenalotto\\\/#primaryimage\"},\"image\":{\"@id\":\"https:\\\/\\\/gambling6.com\\\/ro\\\/loterie\\\/obtineti-bilete-online-pentru-superenalotto\\\/#primaryimage\"},\"thumbnailUrl\":\"https:\\\/\\\/gambling6.com\\\/wp-content\\\/uploads\\\/2022\\\/04\\\/2_ticket_superenalotto.jpg\",\"datePublished\":\"2025-11-11T11:07:52+00:00\",\"description\":\"Ia-\u021bi biletele online pentru Superenalotto vizit\u00e2nd partenerul nostru, RedFoxLotto\",\"breadcrumb\":{\"@id\":\"https:\\\/\\\/gambling6.com\\\/ro\\\/loterie\\\/obtineti-bilete-online-pentru-superenalotto\\\/#breadcrumb\"},\"inLanguage\":\"ro-RO\",\"potentialAction\":[{\"@type\":\"ReadAction\",\"target\":[\"https:\\\/\\\/gambling6.com\\\/ro\\\/loterie\\\/obtineti-bilete-online-pentru-superenalotto\\\/\"]}]},{\"@type\":\"ImageObject\",\"inLanguage\":\"ro-RO\",\"@id\":\"https:\\\/\\\/gambling6.com\\\/ro\\\/loterie\\\/obtineti-bilete-online-pentru-superenalotto\\\/#primaryimage\",\"url\":\"https:\\\/\\\/gambling6.com\\\/wp-content\\\/uploads\\\/2022\\\/04\\\/2_ticket_superenalotto.jpg\",\"contentUrl\":\"https:\\\/\\\/gambling6.com\\\/wp-content\\\/uploads\\\/2022\\\/04\\\/2_ticket_superenalotto.jpg\"},{\"@type\":\"BreadcrumbList\",\"@id\":\"https:\\\/\\\/gambling6.com\\\/ro\\\/loterie\\\/obtineti-bilete-online-pentru-superenalotto\\\/#breadcrumb\",\"itemListElement\":[{\"@type\":\"ListItem\",\"position\":1,\"name\":\"Home\",\"item\":\"https:\\\/\\\/gambling6.com\\\/ro\\\/home\\\/\"},{\"@type\":\"ListItem\",\"position\":2,\"name\":\"Loterie\",\"item\":\"https:\\\/\\\/gambling6.com\\\/ro\\\/loterie\\\/\"},{\"@type\":\"ListItem\",\"position\":3,\"name\":\"Ob\u021bine\u021bi bilete online pentru Superenalotto\"}]},{\"@type\":\"WebSite\",\"@id\":\"https:\\\/\\\/gambling6.com\\\/ro\\\/#website\",\"url\":\"https:\\\/\\\/gambling6.com\\\/ro\\\/\",\"name\":\"Gambling6\",\"description\":\"\",\"potentialAction\":[{\"@type\":\"SearchAction\",\"target\":{\"@type\":\"EntryPoint\",\"urlTemplate\":\"https:\\\/\\\/gambling6.com\\\/ro\\\/?s={search_term_string}\"},\"query-input\":{\"@type\":\"PropertyValueSpecification\",\"valueRequired\":true,\"valueName\":\"search_term_string\"}}],\"inLanguage\":\"ro-RO\"}]}<\/script>\n<!-- \/ Yoast SEO plugin. -->","yoast_head_json":{"title":"Cump\u0103r\u0103 bilete pentru Superenalotto online","description":"Ia-\u021bi biletele online pentru Superenalotto vizit\u00e2nd partenerul nostru, RedFoxLotto","robots":{"index":"index","follow":"follow","max-snippet":"max-snippet:-1","max-image-preview":"max-image-preview:large","max-video-preview":"max-video-preview:-1"},"canonical":"https:\/\/gambling6.com\/ro\/loterie\/obtineti-bilete-online-pentru-superenalotto\/","og_locale":"ro_RO","og_type":"article","og_title":"Cump\u0103r\u0103 bilete pentru Superenalotto online","og_description":"Ia-\u021bi biletele online pentru Superenalotto vizit\u00e2nd partenerul nostru, RedFoxLotto","og_url":"https:\/\/gambling6.com\/ro\/loterie\/obtineti-bilete-online-pentru-superenalotto\/","og_site_name":"Gambling6","og_image":[{"width":228,"height":300,"url":"https:\/\/gambling6.com\/wp-content\/uploads\/2022\/04\/2_ticket_superenalotto.jpg","type":"image\/jpeg"}],"twitter_card":"summary_large_image","twitter_misc":{"Timp estimat pentru citire":"2 minute"},"schema":{"@context":"https:\/\/schema.org","@graph":[{"@type":"WebPage","@id":"https:\/\/gambling6.com\/ro\/loterie\/obtineti-bilete-online-pentru-superenalotto\/","url":"https:\/\/gambling6.com\/ro\/loterie\/obtineti-bilete-online-pentru-superenalotto\/","name":"Cump\u0103r\u0103 bilete pentru Superenalotto online","isPartOf":{"@id":"https:\/\/gambling6.com\/ro\/#website"},"primaryImageOfPage":{"@id":"https:\/\/gambling6.com\/ro\/loterie\/obtineti-bilete-online-pentru-superenalotto\/#primaryimage"},"image":{"@id":"https:\/\/gambling6.com\/ro\/loterie\/obtineti-bilete-online-pentru-superenalotto\/#primaryimage"},"thumbnailUrl":"https:\/\/gambling6.com\/wp-content\/uploads\/2022\/04\/2_ticket_superenalotto.jpg","datePublished":"2025-11-11T11:07:52+00:00","description":"Ia-\u021bi biletele online pentru Superenalotto vizit\u00e2nd partenerul nostru, RedFoxLotto","breadcrumb":{"@id":"https:\/\/gambling6.com\/ro\/loterie\/obtineti-bilete-online-pentru-superenalotto\/#breadcrumb"},"inLanguage":"ro-RO","potentialAction":[{"@type":"ReadAction","target":["https:\/\/gambling6.com\/ro\/loterie\/obtineti-bilete-online-pentru-superenalotto\/"]}]},{"@type":"ImageObject","inLanguage":"ro-RO","@id":"https:\/\/gambling6.com\/ro\/loterie\/obtineti-bilete-online-pentru-superenalotto\/#primaryimage","url":"https:\/\/gambling6.com\/wp-content\/uploads\/2022\/04\/2_ticket_superenalotto.jpg","contentUrl":"https:\/\/gambling6.com\/wp-content\/uploads\/2022\/04\/2_ticket_superenalotto.jpg"},{"@type":"BreadcrumbList","@id":"https:\/\/gambling6.com\/ro\/loterie\/obtineti-bilete-online-pentru-superenalotto\/#breadcrumb","itemListElement":[{"@type":"ListItem","position":1,"name":"Home","item":"https:\/\/gambling6.com\/ro\/home\/"},{"@type":"ListItem","position":2,"name":"Loterie","item":"https:\/\/gambling6.com\/ro\/loterie\/"},{"@type":"ListItem","position":3,"name":"Ob\u021bine\u021bi bilete online pentru Superenalotto"}]},{"@type":"WebSite","@id":"https:\/\/gambling6.com\/ro\/#website","url":"https:\/\/gambling6.com\/ro\/","name":"Gambling6","description":"","potentialAction":[{"@type":"SearchAction","target":{"@type":"EntryPoint","urlTemplate":"https:\/\/gambling6.com\/ro\/?s={search_term_string}"},"query-input":{"@type":"PropertyValueSpecification","valueRequired":true,"valueName":"search_term_string"}}],"inLanguage":"ro-RO"}]}},"_links":{"self":[{"href":"https:\/\/gambling6.com\/ro\/wp-json\/wp\/v2\/pages\/9727","targetHints":{"allow":["GET"]}}],"collection":[{"href":"https:\/\/gambling6.com\/ro\/wp-json\/wp\/v2\/pages"}],"about":[{"href":"https:\/\/gambling6.com\/ro\/wp-json\/wp\/v2\/types\/page"}],"author":[{"embeddable":true,"href":"https:\/\/gambling6.com\/ro\/wp-json\/wp\/v2\/users\/1"}],"replies":[{"embeddable":true,"href":"https:\/\/gambling6.com\/ro\/wp-json\/wp\/v2\/comments?post=9727"}],"version-history":[{"count":0,"href":"https:\/\/gambling6.com\/ro\/wp-json\/wp\/v2\/pages\/9727\/revisions"}],"up":[{"embeddable":true,"href":"https:\/\/gambling6.com\/ro\/wp-json\/wp\/v2\/pages\/9316"}],"wp:attachment":[{"href":"https:\/\/gambling6.com\/ro\/wp-json\/wp\/v2\/media?parent=9727"}],"curies":[{"name":"wp","href":"https:\/\/api.w.org\/{rel}","templated":true}]}}