{"id":11029,"date":"2025-11-17T11:14:02","date_gmt":"2025-11-17T11:14:02","guid":{"rendered":"https:\/\/gambling6.com\/?page_id=11029"},"modified":"2025-11-17T11:14:02","modified_gmt":"2025-11-17T11:14:02","slug":"recenzia-kasina-888","status":"publish","type":"page","link":"https:\/\/gambling6.com\/sk\/recenzia-kasina-888\/","title":{"rendered":"Recenzia kas\u00edna 888"},"content":{"rendered":"<h2>Nielen str\u00e1nka s ruletou &#8211; 888 Casino<\/h2>\n<p>Online kas\u00edno 888 je zaveden\u00e1 zna\u010dka v hernom priemysle. Toto online kas\u00edno pon\u00faka fantastick\u00e9 kas\u00edno zalo\u017een\u00e9 na Flashi, ktor\u00e9 sa r\u00fdchlo na\u010d\u00edta vo va\u0161om prehliada\u010di, a mo\u017enos\u0165 stiahnu\u0165 si hern\u00fd softv\u00e9r na pr\u00edstup k hr\u00e1m. Hr\u00e1\u010di uprednost\u0148uj\u00fa verziu na stiahnutie, preto\u017ee m\u00e1 po\u010das hier konzistentn\u00fd vzh\u013ead a atmosf\u00e9ru.<br \/>\n<a href=\"https:\/\/ic.aff-handler.com\/C\/45871?sr=1064399&amp;anid=\" rel=\"nofollow\"><img decoding=\"async\" class=\"aligncenter\" src=\"https:\/\/ic.aff-handler.com\/I\/45871?sr=1064399&amp;anid=\" \/><\/a><\/p>\n<h2>Ruletov\u00e9 hry 888<\/h2>\n<p>Od eur\u00f3pskej rulety a\u017e po 3D ruletu, v tomto kas\u00edne si m\u00f4\u017eete vychutna\u0165 ka\u017ed\u00fd typ rulety, ktor\u00fd m\u00e1te na mysli. K dispoz\u00edcii s\u00fa aj bezplatn\u00e9 ruletov\u00e9 hry, kde sa m\u00f4\u017eete nau\u010di\u0165 pravidl\u00e1 hry, ak ste v hre nov\u00e1\u010dikom. Hlavnou atrakciou kas\u00edna je \u017eiv\u00e1 ruleta. M\u00f4\u017eete si vybra\u0165 z troch stolov s jednou nulou: eur\u00f3pska, franc\u00fazska a ben\u00e1tska ruleta (s krupi\u00e9rom hovoriacim po taliansky).<\/p>\n<p>Rozsah st\u00e1vok za\u010d\u00edna od 1 do maxim\u00e1lne 200. Akceptovan\u00e9 meny s\u00fa USD, euro a GBP. Hra pon\u00faka hr\u00e1\u010dom skvel\u00fa estetiku. Najlep\u0161ie na tom je, \u017ee ju hr\u00e1\u010di m\u00f4\u017eu hra\u0165 v prehliada\u010di bez s\u0165ahovania ak\u00e9hoko\u013evek softv\u00e9ru. Existuj\u00fa dva poh\u013eady na hru: klasick\u00fd a 3D poh\u013ead. Hra m\u00e1 v\u0161etko, \u017eiadny fan\u00fa\u0161ik rulety si nem\u00f4\u017ee pria\u0165 viac.<\/p>\n<p>Okrem ruletov\u00fdch hier tu v\u0161ak n\u00e1jdete aj v\u0161etky druhy online hier o peniaze. Poker, st\u00e1vkov\u00e9 kancel\u00e1rie, bingo, stieracie \u017ereby, hracie automaty, blackjack &#8211; \u010doko\u013evek si spomeniete, maj\u00fa to!<\/p>\n<h2>888 security<\/h2>\n<p>Toto kas\u00edno so s\u00eddlom na Gibralt\u00e1ri berie ochranu osobn\u00fdch \u00fadajov svojich \u010dlenov ve\u013emi v\u00e1\u017ene. Dodr\u017eiavaj\u00fa pr\u00edsne bezpe\u010dnostn\u00e9 protokoly, aby chr\u00e1nili \u00fadaje a inform\u00e1cie pred \u00fatokmi kybernetick\u00fdch zlo\u010dincov. Kas\u00edno je hrd\u00e9 na to, \u017ee m\u00e1 r\u00f4zne bezpe\u010dnostn\u00e9 certifik\u00e1cie. Pon\u00fakaj\u00fa 20 met\u00f3d vkladu vr\u00e1tane najd\u00f4veryhodnej\u0161\u00edch mien v tomto odvetv\u00ed, ako s\u00fa Visa a Neteller. Kas\u00edno mus\u00ed udr\u017eiava\u0165 vysok\u00fa \u00farove\u0148 bezpe\u010dnosti, preto\u017ee hr\u00e1\u010di musia zverejni\u0165 overovacie dokumenty, aby sa predi\u0161lo podvodom, a inform\u00e1cie s\u00fa citliv\u00e9. V\u010faka tak\u00fdmto mimoriadnym bezpe\u010dnostn\u00fdm opatreniam si hr\u00e1\u010di m\u00f4\u017eu hru u\u017e\u00edva\u0165 bez ob\u00e1v.<\/p>\n<h2>Bonusy a propag\u00e1cie kas\u00edna 888<\/h2>\n<p>Okrem hier sa v\u00e4\u010d\u0161ina hr\u00e1\u010dov kas\u00edna zauj\u00edma o bonusy a propag\u00e1cie. 888 pon\u00faka skvel\u00e9 propag\u00e1cie v pravideln\u00fdch intervaloch. V\u0161etk\u00fdm nov\u00fdm hr\u00e1\u010dom poskytuj\u00fa \u0161tedr\u00fd vstupn\u00fd bonus. M\u00f4\u017eete ho pou\u017ei\u0165 v ktorejko\u013evek sekcii kas\u00ednov\u00fdch hier. Ke\u010f prv\u00fdkr\u00e1t hr\u00e1te ruletu, priv\u00edta v\u00e1s vstupn\u00fd bonus 1500 \u20ac. Kas\u00edno m\u00e1 tie\u017e odpor\u00fa\u010daciu akciu, kde m\u00f4\u017eete z\u00edska\u0165 odmeny pozvan\u00edm priate\u013eov, aby sa pripojili. Celkovo je kas\u00edno 888 z\u00e1bavn\u00fdm miestom pre ka\u017ed\u00e9ho nad\u0161enca rulety. Ka\u017ed\u00fd fan\u00fa\u0161ik hazardn\u00fdch hier sa v tomto kas\u00edne m\u00f4\u017ee zabavi\u0165 a str\u00e1vi\u0165 pr\u00edjemn\u00fd \u010das!<\/p>\n","protected":false},"excerpt":{"rendered":"<p>Nielen str\u00e1nka s ruletou &#8211; 888 Casino Online kas\u00edno 888 je zaveden\u00e1 zna\u010dka v hernom priemysle. Toto online kas\u00edno pon\u00faka fantastick\u00e9 kas\u00edno zalo\u017een\u00e9 na Flashi, ktor\u00e9 sa r\u00fdchlo na\u010d\u00edta vo va\u0161om prehliada\u010di, a mo\u017enos\u0165 stiahnu\u0165 si hern\u00fd softv\u00e9r na pr\u00edstup k hr\u00e1m. Hr\u00e1\u010di uprednost\u0148uj\u00fa verziu na stiahnutie, preto\u017ee m\u00e1 po\u010das hier konzistentn\u00fd vzh\u013ead a atmosf\u00e9ru. [&hellip;]<\/p>\n","protected":false},"author":1,"featured_media":0,"parent":0,"menu_order":3,"comment_status":"closed","ping_status":"closed","template":"","meta":{"footnotes":""},"class_list":["post-11029","page","type-page","status-publish","hentry"],"yoast_head":"<!-- This site is optimized with the Yoast SEO plugin v27.4 - https:\/\/yoast.com\/product\/yoast-seo-wordpress\/ -->\n<title>Recenzia kas\u00edna 888 - Gambling6<\/title>\n<meta name=\"robots\" content=\"index, follow, max-snippet:-1, max-image-preview:large, max-video-preview:-1\" \/>\n<link rel=\"canonical\" href=\"https:\/\/gambling6.com\/sk\/recenzia-kasina-888\/\" \/>\n<meta property=\"og:locale\" content=\"sk_SK\" \/>\n<meta property=\"og:type\" content=\"article\" \/>\n<meta property=\"og:title\" content=\"Recenzia kas\u00edna 888 - Gambling6\" \/>\n<meta property=\"og:description\" content=\"Nielen str\u00e1nka s ruletou &#8211; 888 Casino Online kas\u00edno 888 je zaveden\u00e1 zna\u010dka v hernom priemysle. Toto online kas\u00edno pon\u00faka fantastick\u00e9 kas\u00edno zalo\u017een\u00e9 na Flashi, ktor\u00e9 sa r\u00fdchlo na\u010d\u00edta vo va\u0161om prehliada\u010di, a mo\u017enos\u0165 stiahnu\u0165 si hern\u00fd softv\u00e9r na pr\u00edstup k hr\u00e1m. Hr\u00e1\u010di uprednost\u0148uj\u00fa verziu na stiahnutie, preto\u017ee m\u00e1 po\u010das hier konzistentn\u00fd vzh\u013ead a atmosf\u00e9ru. [&hellip;]\" \/>\n<meta property=\"og:url\" content=\"https:\/\/gambling6.com\/sk\/recenzia-kasina-888\/\" \/>\n<meta property=\"og:site_name\" content=\"Gambling6\" \/>\n<meta property=\"og:image\" content=\"https:\/\/ic.aff-handler.com\/I\/45871?sr=1064399&amp;anid=\" \/>\n<meta name=\"twitter:card\" content=\"summary_large_image\" \/>\n<meta name=\"twitter:label1\" content=\"Predpokladan\u00fd \u010das \u010d\u00edtania\" \/>\n\t<meta name=\"twitter:data1\" content=\"3 min\u00faty\" \/>\n<script type=\"application\/ld+json\" class=\"yoast-schema-graph\">{\"@context\":\"https:\\\/\\\/schema.org\",\"@graph\":[{\"@type\":\"WebPage\",\"@id\":\"https:\\\/\\\/gambling6.com\\\/sk\\\/recenzia-kasina-888\\\/\",\"url\":\"https:\\\/\\\/gambling6.com\\\/sk\\\/recenzia-kasina-888\\\/\",\"name\":\"Recenzia kas\u00edna 888 - Gambling6\",\"isPartOf\":{\"@id\":\"https:\\\/\\\/gambling6.com\\\/sk\\\/#website\"},\"primaryImageOfPage\":{\"@id\":\"https:\\\/\\\/gambling6.com\\\/sk\\\/recenzia-kasina-888\\\/#primaryimage\"},\"image\":{\"@id\":\"https:\\\/\\\/gambling6.com\\\/sk\\\/recenzia-kasina-888\\\/#primaryimage\"},\"thumbnailUrl\":\"https:\\\/\\\/ic.aff-handler.com\\\/I\\\/45871?sr=1064399&amp;anid=\",\"datePublished\":\"2025-11-17T11:14:02+00:00\",\"breadcrumb\":{\"@id\":\"https:\\\/\\\/gambling6.com\\\/sk\\\/recenzia-kasina-888\\\/#breadcrumb\"},\"inLanguage\":\"sk-SK\",\"potentialAction\":[{\"@type\":\"ReadAction\",\"target\":[\"https:\\\/\\\/gambling6.com\\\/sk\\\/recenzia-kasina-888\\\/\"]}]},{\"@type\":\"ImageObject\",\"inLanguage\":\"sk-SK\",\"@id\":\"https:\\\/\\\/gambling6.com\\\/sk\\\/recenzia-kasina-888\\\/#primaryimage\",\"url\":\"https:\\\/\\\/ic.aff-handler.com\\\/I\\\/45871?sr=1064399&amp;anid=\",\"contentUrl\":\"https:\\\/\\\/ic.aff-handler.com\\\/I\\\/45871?sr=1064399&amp;anid=\"},{\"@type\":\"BreadcrumbList\",\"@id\":\"https:\\\/\\\/gambling6.com\\\/sk\\\/recenzia-kasina-888\\\/#breadcrumb\",\"itemListElement\":[{\"@type\":\"ListItem\",\"position\":1,\"name\":\"Home\",\"item\":\"https:\\\/\\\/gambling6.com\\\/sk\\\/home\\\/\"},{\"@type\":\"ListItem\",\"position\":2,\"name\":\"Recenzia kas\u00edna 888\"}]},{\"@type\":\"WebSite\",\"@id\":\"https:\\\/\\\/gambling6.com\\\/sk\\\/#website\",\"url\":\"https:\\\/\\\/gambling6.com\\\/sk\\\/\",\"name\":\"Gambling6\",\"description\":\"\",\"potentialAction\":[{\"@type\":\"SearchAction\",\"target\":{\"@type\":\"EntryPoint\",\"urlTemplate\":\"https:\\\/\\\/gambling6.com\\\/sk\\\/?s={search_term_string}\"},\"query-input\":{\"@type\":\"PropertyValueSpecification\",\"valueRequired\":true,\"valueName\":\"search_term_string\"}}],\"inLanguage\":\"sk-SK\"}]}<\/script>\n<!-- \/ Yoast SEO plugin. -->","yoast_head_json":{"title":"Recenzia kas\u00edna 888 - Gambling6","robots":{"index":"index","follow":"follow","max-snippet":"max-snippet:-1","max-image-preview":"max-image-preview:large","max-video-preview":"max-video-preview:-1"},"canonical":"https:\/\/gambling6.com\/sk\/recenzia-kasina-888\/","og_locale":"sk_SK","og_type":"article","og_title":"Recenzia kas\u00edna 888 - Gambling6","og_description":"Nielen str\u00e1nka s ruletou &#8211; 888 Casino Online kas\u00edno 888 je zaveden\u00e1 zna\u010dka v hernom priemysle. Toto online kas\u00edno pon\u00faka fantastick\u00e9 kas\u00edno zalo\u017een\u00e9 na Flashi, ktor\u00e9 sa r\u00fdchlo na\u010d\u00edta vo va\u0161om prehliada\u010di, a mo\u017enos\u0165 stiahnu\u0165 si hern\u00fd softv\u00e9r na pr\u00edstup k hr\u00e1m. Hr\u00e1\u010di uprednost\u0148uj\u00fa verziu na stiahnutie, preto\u017ee m\u00e1 po\u010das hier konzistentn\u00fd vzh\u013ead a atmosf\u00e9ru. [&hellip;]","og_url":"https:\/\/gambling6.com\/sk\/recenzia-kasina-888\/","og_site_name":"Gambling6","og_image":[{"url":"https:\/\/ic.aff-handler.com\/I\/45871?sr=1064399&amp;anid=","type":"","width":"","height":""}],"twitter_card":"summary_large_image","twitter_misc":{"Predpokladan\u00fd \u010das \u010d\u00edtania":"3 min\u00faty"},"schema":{"@context":"https:\/\/schema.org","@graph":[{"@type":"WebPage","@id":"https:\/\/gambling6.com\/sk\/recenzia-kasina-888\/","url":"https:\/\/gambling6.com\/sk\/recenzia-kasina-888\/","name":"Recenzia kas\u00edna 888 - Gambling6","isPartOf":{"@id":"https:\/\/gambling6.com\/sk\/#website"},"primaryImageOfPage":{"@id":"https:\/\/gambling6.com\/sk\/recenzia-kasina-888\/#primaryimage"},"image":{"@id":"https:\/\/gambling6.com\/sk\/recenzia-kasina-888\/#primaryimage"},"thumbnailUrl":"https:\/\/ic.aff-handler.com\/I\/45871?sr=1064399&amp;anid=","datePublished":"2025-11-17T11:14:02+00:00","breadcrumb":{"@id":"https:\/\/gambling6.com\/sk\/recenzia-kasina-888\/#breadcrumb"},"inLanguage":"sk-SK","potentialAction":[{"@type":"ReadAction","target":["https:\/\/gambling6.com\/sk\/recenzia-kasina-888\/"]}]},{"@type":"ImageObject","inLanguage":"sk-SK","@id":"https:\/\/gambling6.com\/sk\/recenzia-kasina-888\/#primaryimage","url":"https:\/\/ic.aff-handler.com\/I\/45871?sr=1064399&amp;anid=","contentUrl":"https:\/\/ic.aff-handler.com\/I\/45871?sr=1064399&amp;anid="},{"@type":"BreadcrumbList","@id":"https:\/\/gambling6.com\/sk\/recenzia-kasina-888\/#breadcrumb","itemListElement":[{"@type":"ListItem","position":1,"name":"Home","item":"https:\/\/gambling6.com\/sk\/home\/"},{"@type":"ListItem","position":2,"name":"Recenzia kas\u00edna 888"}]},{"@type":"WebSite","@id":"https:\/\/gambling6.com\/sk\/#website","url":"https:\/\/gambling6.com\/sk\/","name":"Gambling6","description":"","potentialAction":[{"@type":"SearchAction","target":{"@type":"EntryPoint","urlTemplate":"https:\/\/gambling6.com\/sk\/?s={search_term_string}"},"query-input":{"@type":"PropertyValueSpecification","valueRequired":true,"valueName":"search_term_string"}}],"inLanguage":"sk-SK"}]}},"_links":{"self":[{"href":"https:\/\/gambling6.com\/sk\/wp-json\/wp\/v2\/pages\/11029","targetHints":{"allow":["GET"]}}],"collection":[{"href":"https:\/\/gambling6.com\/sk\/wp-json\/wp\/v2\/pages"}],"about":[{"href":"https:\/\/gambling6.com\/sk\/wp-json\/wp\/v2\/types\/page"}],"author":[{"embeddable":true,"href":"https:\/\/gambling6.com\/sk\/wp-json\/wp\/v2\/users\/1"}],"replies":[{"embeddable":true,"href":"https:\/\/gambling6.com\/sk\/wp-json\/wp\/v2\/comments?post=11029"}],"version-history":[{"count":1,"href":"https:\/\/gambling6.com\/sk\/wp-json\/wp\/v2\/pages\/11029\/revisions"}],"predecessor-version":[{"id":11031,"href":"https:\/\/gambling6.com\/sk\/wp-json\/wp\/v2\/pages\/11029\/revisions\/11031"}],"wp:attachment":[{"href":"https:\/\/gambling6.com\/sk\/wp-json\/wp\/v2\/media?parent=11029"}],"curies":[{"name":"wp","href":"https:\/\/api.w.org\/{rel}","templated":true}]}}