{"id":11070,"date":"2025-11-17T14:16:03","date_gmt":"2025-11-17T14:16:03","guid":{"rendered":"https:\/\/gambling6.com\/?p=11070"},"modified":"2025-11-17T14:16:03","modified_gmt":"2025-11-17T14:16:03","slug":"aka-dobra-je-redfoxlotto","status":"publish","type":"page","link":"https:\/\/gambling6.com\/sk\/aka-dobra-je-redfoxlotto\/","title":{"rendered":"Ak\u00e1 dobr\u00e1 je RedFoxLotto?"},"content":{"rendered":"<h2>Recenzia RedFoxLotto<\/h2>\n<p><strong>RedFoxLotto<\/strong>je vysoko u\u017e\u00edvate\u013esky pr\u00edvetiv\u00e1, bezpe\u010dn\u00e1 a chr\u00e1nen\u00e1 platforma na n\u00e1kup online l\u00edstkov do v\u0161etk\u00fdch hlavn\u00fdch lot\u00e9ri\u00ed na svete. Na webovej str\u00e1nke RedFoxLotto si m\u00f4\u017eete zahra\u0165 mnoho svetov\u00fdch lot\u00e9ri\u00ed a l\u00edstky si m\u00f4\u017eete objedna\u0165 24 hod\u00edn denne, sedem dn\u00ed v t\u00fd\u017edni. Vytvorenie \u00fa\u010dtu, vklad pe\u0148az\u00ed a za\u010datie hrania medzin\u00e1rodn\u00fdch lot\u00e9riov\u00fdch l\u00edstkov je jednoduch\u00e9 v priebehu nieko\u013ek\u00fdch min\u00fat.<\/p>\n<h2>V\u0161etky peniaze, ktor\u00e9 vyhr\u00e1te na RedFoxLotto, si ponech\u00e1te<\/h2>\n<p>RedFoxLotto zamestn\u00e1va lot\u00e9riov\u00fdch kuri\u00e9rov po celom svete, ktor\u00ed za v\u00e1s kupuj\u00fa l\u00edstky do lot\u00e9ri\u00ed, ktor\u00e9 chcete hra\u0165. Po zak\u00fapen\u00ed l\u00edstkov sa l\u00edstky naskenuj\u00fa a nahraj\u00fa na v\u00e1\u0161 \u00fa\u010det pred \u017erebovan\u00edm. T\u00e1to met\u00f3da zabezpe\u010duje, \u017ee si m\u00f4\u017eete pozrie\u0165 svoje l\u00edstky a z\u00edska\u0165 100 % svojich v\u00fdhier. RedFoxLotto si neberie percento z va\u0161ich v\u00fdhier; v\u0161etky poplatky s\u00fa zahrnut\u00e9 v cene va\u0161ich l\u00edstkov.<\/p>\n<h2>Dostupn\u00e9 tikety pre v\u0161etky hlavn\u00e9 lot\u00e9rie<\/h2>\n<p><strong>N\u00e1jdete tu tikety pre v\u0161etky hlavn\u00e9 svetov\u00e9 lot\u00e9rie vr\u00e1tane Mega Millions, Powerball USA, Eurojackpot, Euro Millions a \u010fal\u0161\u00edch.<\/strong> Nez\u00e1le\u017e\u00ed na tom, v ktorej krajine \u017eijete; m\u00f4\u017eete si zak\u00fapi\u0165 tikety pre v\u0161etky hlavn\u00e9 lot\u00e9rie na svete. Sta\u010d\u00ed sa prihl\u00e1si\u0165 do svojho \u00fa\u010dtu, vybra\u0165 si RedFoxLotto, s ktorou chcete hra\u0165, vybra\u0165 \u010d\u00edsla, s ktor\u00fdmi chcete hra\u0165, a pohodlne sa usadi\u0165 a \u010daka\u0165 na \u017erebovanie. RedFoxLotto v\u00e1m bude posiela\u0165 ozn\u00e1menia o v\u0161etk\u00fdch v\u00fdhrach.<br \/>\nJednoduch\u00e9 vyzdvihnutie va\u0161ich v\u00fdhier na RedFoxLotto<\/p>\n<p>V pr\u00edpade ak\u00fdchko\u013evek v\u00fdhern\u00fdch tiketov v\u00e1m <strong>RedFoxLotto po\u0161le ozn\u00e1menie e-mailom alebo v\u00e1m zavol\u00e1, ak je v\u00fdhra vy\u0161\u0161ia, aby v\u00e1s informoval o va\u0161ej v\u00fdhre.<\/strong> V\u00fdhra akejko\u013evek sumy a\u017e do v\u00fd\u0161ky 2 000 \u20ac bude automaticky prip\u00edsan\u00e1 na v\u00e1\u0161 \u00fa\u010det. Ak vyhr\u00e1te cenu vy\u0161\u0161iu ako 2 000 \u20ac, odborn\u00edci RedFoxLotto na spracovanie platieb v\u00e1s preved\u00fa potrebn\u00fdmi krokmi na z\u00edskanie va\u0161ej v\u00fdhry. V\u00fdhercovia hlavn\u00fdch cien si m\u00f4\u017eu zvoli\u0165, aby RedFoxLotto konal v ich mene, alebo ak chcete, m\u00f4\u017eete si v\u00fdhru vyzdvihn\u00fa\u0165 osobne. Sme si ist\u00ed, \u017ee ak sa stanete multimili\u00f3nov\u00fdm v\u00fdhercom, nebudete ma\u0165 probl\u00e9m podnikn\u00fa\u0165 v\u0161etky kroky potrebn\u00e9 na vyzdvihnutie svojej v\u00fdhry.<\/p>\n<h2>Platba za online lot\u00e9riov\u00e9 tikety<\/h2>\n<p>RedFoxLotto pon\u00faka mnoho bezpe\u010dn\u00fdch a spo\u013eahliv\u00fdch platobn\u00fdch mo\u017enost\u00ed bez oh\u013eadu na to, v ktorej krajine \u017eijete.<strong> Prij\u00edmaj\u00fa Visa, MasterCard, American Express, Skrill, Neteller, okam\u017eit\u00fd bankov\u00fd prevod, kryptomeny a r\u00f4zne \u010fal\u0161ie produkty internetovej pe\u0148a\u017eenky.<\/strong> M\u00f4\u017eete si vybra\u0165, \u010di si chcete necha\u0165 v\u00fdhru vlo\u017ei\u0165 pomocou ktorejko\u013evek z t\u00fdchto met\u00f3d alebo si necha\u0165 peniaze posla\u0165 priamo na v\u00e1\u0161 bankov\u00fd \u00fa\u010det.<\/p>\n<p>Ka\u017ed\u00fd rok RedFoxLotto zastupuje v\u00fdhercov mili\u00f3nov dol\u00e1rov a m\u00e1 100 % z\u00e1ruku platby. Zist\u00edte, \u017ee ak m\u00e1te ak\u00e9ko\u013evek ot\u00e1zky, je jednoduch\u00e9 kontaktova\u0165 \u0161pecializovan\u00fdch z\u00e1stupcov z\u00e1kazn\u00edckeho servisu, ktor\u00ed s\u00fa k dispoz\u00edcii nepretr\u017eite na RedFoxLotto.com. U\u017e nie je potrebn\u00e9 nav\u0161tevova\u0165 miestne lot\u00e9riov\u00e9 st\u00e1nky, aby ste si k\u00fapili tikety do va\u0161ej miestnej lot\u00e9rie. Tikety si m\u00f4\u017eete zak\u00fapi\u0165 z pohodlia domova alebo kancel\u00e1rie v dostato\u010dnom predstihu pre v\u0161etky lot\u00e9rie.<\/p>\n<p><strong>Za\u010dnite hra\u0165 medzin\u00e1rodn\u00e9 lot\u00e9rie online e\u0161te dnes n\u00e1v\u0161tevou n\u00e1\u0161ho partnera RedFoxLotto a otvoren\u00edm si osobn\u00e9ho \u00fa\u010dtu.<\/strong> Ke\u010f si vytvor\u00edte \u00fa\u010det, n\u00e1jdete mnoho r\u00f4znych bonusov\u00fdch pon\u00fak a \u0161peci\u00e1lnych programov na n\u00e1kup tiketov, v\u010faka ktor\u00fdm bude hranie Lotta z\u00e1bavn\u00e9 a ziskov\u00e9.<\/p>\n<p><a class=\"thirstylink\" title=\"Redfoxlotto\" href=\"https:\/\/gambling6.com\/go\/redfoxlotto\/\" target=\"_blank\" rel=\"nofollow noopener\">Kliknite sem teraz a vytvorte si svoj osobn\u00fd online \u00fa\u010det RedFoxLottoa<\/a> m\u00f4\u017eete sa cez noc sta\u0165 multimilion\u00e1rom.<\/p>\n","protected":false},"excerpt":{"rendered":"<p>Recenzia RedFoxLotto RedFoxLottoje vysoko u\u017e\u00edvate\u013esky pr\u00edvetiv\u00e1, bezpe\u010dn\u00e1 a chr\u00e1nen\u00e1 platforma na n\u00e1kup online l\u00edstkov do v\u0161etk\u00fdch hlavn\u00fdch lot\u00e9ri\u00ed na svete. Na webovej str\u00e1nke RedFoxLotto si m\u00f4\u017eete zahra\u0165 mnoho svetov\u00fdch lot\u00e9ri\u00ed a l\u00edstky si m\u00f4\u017eete objedna\u0165 24 hod\u00edn denne, sedem dn\u00ed v t\u00fd\u017edni. Vytvorenie \u00fa\u010dtu, vklad pe\u0148az\u00ed a za\u010datie hrania medzin\u00e1rodn\u00fdch lot\u00e9riov\u00fdch l\u00edstkov je jednoduch\u00e9 v [&hellip;]<\/p>\n","protected":false},"author":1,"featured_media":0,"parent":0,"menu_order":1,"comment_status":"closed","ping_status":"closed","template":"","meta":{"footnotes":""},"class_list":["post-11070","page","type-page","status-publish","hentry"],"yoast_head":"<!-- This site is optimized with the Yoast SEO plugin v27.4 - https:\/\/yoast.com\/product\/yoast-seo-wordpress\/ -->\n<title>Recenzia RedFoxLotto<\/title>\n<meta name=\"description\" content=\"Na str\u00e1nke RedFoxLotto.com si m\u00f4\u017eete zak\u00fapi\u0165 online tikety na medzin\u00e1rodn\u00e9 lot\u00e9rie vr\u00e1tane Powerball a Mega Millions. Pre\u010d\u00edtajte si na\u0161u recenziu RedFoxlotto.\" \/>\n<meta name=\"robots\" content=\"index, follow, max-snippet:-1, max-image-preview:large, max-video-preview:-1\" \/>\n<link rel=\"canonical\" href=\"https:\/\/gambling6.com\/sk\/aka-dobra-je-redfoxlotto\/\" \/>\n<meta property=\"og:locale\" content=\"sk_SK\" \/>\n<meta property=\"og:type\" content=\"article\" \/>\n<meta property=\"og:title\" content=\"Recenzia RedFoxLotto\" \/>\n<meta property=\"og:description\" content=\"Na str\u00e1nke RedFoxLotto.com si m\u00f4\u017eete zak\u00fapi\u0165 online tikety na medzin\u00e1rodn\u00e9 lot\u00e9rie vr\u00e1tane Powerball a Mega Millions. Pre\u010d\u00edtajte si na\u0161u recenziu RedFoxlotto.\" \/>\n<meta property=\"og:url\" content=\"https:\/\/gambling6.com\/sk\/aka-dobra-je-redfoxlotto\/\" \/>\n<meta property=\"og:site_name\" content=\"Gambling6\" \/>\n<meta property=\"article:published_time\" content=\"2025-11-17T14:16:03+00:00\" \/>\n<meta name=\"author\" content=\"Catfish\" \/>\n<meta name=\"twitter:card\" content=\"summary_large_image\" \/>\n<meta name=\"twitter:label1\" content=\"Autor\" \/>\n\t<meta name=\"twitter:data1\" content=\"Catfish\" \/>\n\t<meta name=\"twitter:label2\" content=\"Predpokladan\u00fd \u010das \u010d\u00edtania\" \/>\n\t<meta name=\"twitter:data2\" content=\"3 min\u00faty\" \/>\n<script type=\"application\/ld+json\" class=\"yoast-schema-graph\">{\"@context\":\"https:\\\/\\\/schema.org\",\"@graph\":[{\"@type\":\"Article\",\"@id\":\"https:\\\/\\\/gambling6.com\\\/sk\\\/aka-dobra-je-redfoxlotto\\\/#article\",\"isPartOf\":{\"@id\":\"https:\\\/\\\/gambling6.com\\\/sk\\\/aka-dobra-je-redfoxlotto\\\/\"},\"author\":{\"name\":\"Catfish\",\"@id\":\"https:\\\/\\\/gambling6.com\\\/sk\\\/#\\\/schema\\\/person\\\/d093de87a44a018ef67117d02d86ddaf\"},\"headline\":\"Ak\u00e1 dobr\u00e1 je RedFoxLotto?\",\"datePublished\":\"2025-11-17T14:16:03+00:00\",\"mainEntityOfPage\":{\"@id\":\"https:\\\/\\\/gambling6.com\\\/sk\\\/aka-dobra-je-redfoxlotto\\\/\"},\"wordCount\":667,\"articleSection\":[\"Uncategorized @sk\"],\"inLanguage\":\"sk-SK\"},{\"@type\":\"WebPage\",\"@id\":\"https:\\\/\\\/gambling6.com\\\/sk\\\/aka-dobra-je-redfoxlotto\\\/\",\"url\":\"https:\\\/\\\/gambling6.com\\\/sk\\\/aka-dobra-je-redfoxlotto\\\/\",\"name\":\"Recenzia RedFoxLotto\",\"isPartOf\":{\"@id\":\"https:\\\/\\\/gambling6.com\\\/sk\\\/#website\"},\"datePublished\":\"2025-11-17T14:16:03+00:00\",\"author\":{\"@id\":\"https:\\\/\\\/gambling6.com\\\/sk\\\/#\\\/schema\\\/person\\\/d093de87a44a018ef67117d02d86ddaf\"},\"description\":\"Na str\u00e1nke RedFoxLotto.com si m\u00f4\u017eete zak\u00fapi\u0165 online tikety na medzin\u00e1rodn\u00e9 lot\u00e9rie vr\u00e1tane Powerball a Mega Millions. Pre\u010d\u00edtajte si na\u0161u recenziu RedFoxlotto.\",\"breadcrumb\":{\"@id\":\"https:\\\/\\\/gambling6.com\\\/sk\\\/aka-dobra-je-redfoxlotto\\\/#breadcrumb\"},\"inLanguage\":\"sk-SK\",\"potentialAction\":[{\"@type\":\"ReadAction\",\"target\":[\"https:\\\/\\\/gambling6.com\\\/sk\\\/aka-dobra-je-redfoxlotto\\\/\"]}]},{\"@type\":\"BreadcrumbList\",\"@id\":\"https:\\\/\\\/gambling6.com\\\/sk\\\/aka-dobra-je-redfoxlotto\\\/#breadcrumb\",\"itemListElement\":[{\"@type\":\"ListItem\",\"position\":1,\"name\":\"Home\",\"item\":\"https:\\\/\\\/gambling6.com\\\/sk\\\/home\\\/\"},{\"@type\":\"ListItem\",\"position\":2,\"name\":\"Ak\u00e1 dobr\u00e1 je RedFoxLotto?\"}]},{\"@type\":\"WebSite\",\"@id\":\"https:\\\/\\\/gambling6.com\\\/sk\\\/#website\",\"url\":\"https:\\\/\\\/gambling6.com\\\/sk\\\/\",\"name\":\"Gambling6\",\"description\":\"\",\"potentialAction\":[{\"@type\":\"SearchAction\",\"target\":{\"@type\":\"EntryPoint\",\"urlTemplate\":\"https:\\\/\\\/gambling6.com\\\/sk\\\/?s={search_term_string}\"},\"query-input\":{\"@type\":\"PropertyValueSpecification\",\"valueRequired\":true,\"valueName\":\"search_term_string\"}}],\"inLanguage\":\"sk-SK\"},{\"@type\":\"Person\",\"@id\":\"https:\\\/\\\/gambling6.com\\\/sk\\\/#\\\/schema\\\/person\\\/d093de87a44a018ef67117d02d86ddaf\",\"name\":\"Catfish\",\"image\":{\"@type\":\"ImageObject\",\"inLanguage\":\"sk-SK\",\"@id\":\"https:\\\/\\\/secure.gravatar.com\\\/avatar\\\/32edfa28ccbf005c231538b245a2670a36c7f33f2d3a9ab09e50843b363f2821?s=96&d=mm&r=g\",\"url\":\"https:\\\/\\\/secure.gravatar.com\\\/avatar\\\/32edfa28ccbf005c231538b245a2670a36c7f33f2d3a9ab09e50843b363f2821?s=96&d=mm&r=g\",\"contentUrl\":\"https:\\\/\\\/secure.gravatar.com\\\/avatar\\\/32edfa28ccbf005c231538b245a2670a36c7f33f2d3a9ab09e50843b363f2821?s=96&d=mm&r=g\",\"caption\":\"Catfish\"},\"sameAs\":[\"http:\\\/\\\/gambling6.com\"],\"url\":\"https:\\\/\\\/gambling6.com\\\/sk\\\/author\\\/catfish\\\/\"}]}<\/script>\n<!-- \/ Yoast SEO plugin. -->","yoast_head_json":{"title":"Recenzia RedFoxLotto","description":"Na str\u00e1nke RedFoxLotto.com si m\u00f4\u017eete zak\u00fapi\u0165 online tikety na medzin\u00e1rodn\u00e9 lot\u00e9rie vr\u00e1tane Powerball a Mega Millions. Pre\u010d\u00edtajte si na\u0161u recenziu RedFoxlotto.","robots":{"index":"index","follow":"follow","max-snippet":"max-snippet:-1","max-image-preview":"max-image-preview:large","max-video-preview":"max-video-preview:-1"},"canonical":"https:\/\/gambling6.com\/sk\/aka-dobra-je-redfoxlotto\/","og_locale":"sk_SK","og_type":"article","og_title":"Recenzia RedFoxLotto","og_description":"Na str\u00e1nke RedFoxLotto.com si m\u00f4\u017eete zak\u00fapi\u0165 online tikety na medzin\u00e1rodn\u00e9 lot\u00e9rie vr\u00e1tane Powerball a Mega Millions. Pre\u010d\u00edtajte si na\u0161u recenziu RedFoxlotto.","og_url":"https:\/\/gambling6.com\/sk\/aka-dobra-je-redfoxlotto\/","og_site_name":"Gambling6","article_published_time":"2025-11-17T14:16:03+00:00","author":"Catfish","twitter_card":"summary_large_image","twitter_misc":{"Autor":"Catfish","Predpokladan\u00fd \u010das \u010d\u00edtania":"3 min\u00faty"},"schema":{"@context":"https:\/\/schema.org","@graph":[{"@type":"Article","@id":"https:\/\/gambling6.com\/sk\/aka-dobra-je-redfoxlotto\/#article","isPartOf":{"@id":"https:\/\/gambling6.com\/sk\/aka-dobra-je-redfoxlotto\/"},"author":{"name":"Catfish","@id":"https:\/\/gambling6.com\/sk\/#\/schema\/person\/d093de87a44a018ef67117d02d86ddaf"},"headline":"Ak\u00e1 dobr\u00e1 je RedFoxLotto?","datePublished":"2025-11-17T14:16:03+00:00","mainEntityOfPage":{"@id":"https:\/\/gambling6.com\/sk\/aka-dobra-je-redfoxlotto\/"},"wordCount":667,"articleSection":["Uncategorized @sk"],"inLanguage":"sk-SK"},{"@type":"WebPage","@id":"https:\/\/gambling6.com\/sk\/aka-dobra-je-redfoxlotto\/","url":"https:\/\/gambling6.com\/sk\/aka-dobra-je-redfoxlotto\/","name":"Recenzia RedFoxLotto","isPartOf":{"@id":"https:\/\/gambling6.com\/sk\/#website"},"datePublished":"2025-11-17T14:16:03+00:00","author":{"@id":"https:\/\/gambling6.com\/sk\/#\/schema\/person\/d093de87a44a018ef67117d02d86ddaf"},"description":"Na str\u00e1nke RedFoxLotto.com si m\u00f4\u017eete zak\u00fapi\u0165 online tikety na medzin\u00e1rodn\u00e9 lot\u00e9rie vr\u00e1tane Powerball a Mega Millions. Pre\u010d\u00edtajte si na\u0161u recenziu RedFoxlotto.","breadcrumb":{"@id":"https:\/\/gambling6.com\/sk\/aka-dobra-je-redfoxlotto\/#breadcrumb"},"inLanguage":"sk-SK","potentialAction":[{"@type":"ReadAction","target":["https:\/\/gambling6.com\/sk\/aka-dobra-je-redfoxlotto\/"]}]},{"@type":"BreadcrumbList","@id":"https:\/\/gambling6.com\/sk\/aka-dobra-je-redfoxlotto\/#breadcrumb","itemListElement":[{"@type":"ListItem","position":1,"name":"Home","item":"https:\/\/gambling6.com\/sk\/home\/"},{"@type":"ListItem","position":2,"name":"Ak\u00e1 dobr\u00e1 je RedFoxLotto?"}]},{"@type":"WebSite","@id":"https:\/\/gambling6.com\/sk\/#website","url":"https:\/\/gambling6.com\/sk\/","name":"Gambling6","description":"","potentialAction":[{"@type":"SearchAction","target":{"@type":"EntryPoint","urlTemplate":"https:\/\/gambling6.com\/sk\/?s={search_term_string}"},"query-input":{"@type":"PropertyValueSpecification","valueRequired":true,"valueName":"search_term_string"}}],"inLanguage":"sk-SK"},{"@type":"Person","@id":"https:\/\/gambling6.com\/sk\/#\/schema\/person\/d093de87a44a018ef67117d02d86ddaf","name":"Catfish","image":{"@type":"ImageObject","inLanguage":"sk-SK","@id":"https:\/\/secure.gravatar.com\/avatar\/32edfa28ccbf005c231538b245a2670a36c7f33f2d3a9ab09e50843b363f2821?s=96&d=mm&r=g","url":"https:\/\/secure.gravatar.com\/avatar\/32edfa28ccbf005c231538b245a2670a36c7f33f2d3a9ab09e50843b363f2821?s=96&d=mm&r=g","contentUrl":"https:\/\/secure.gravatar.com\/avatar\/32edfa28ccbf005c231538b245a2670a36c7f33f2d3a9ab09e50843b363f2821?s=96&d=mm&r=g","caption":"Catfish"},"sameAs":["http:\/\/gambling6.com"],"url":"https:\/\/gambling6.com\/sk\/author\/catfish\/"}]}},"_links":{"self":[{"href":"https:\/\/gambling6.com\/sk\/wp-json\/wp\/v2\/pages\/11070","targetHints":{"allow":["GET"]}}],"collection":[{"href":"https:\/\/gambling6.com\/sk\/wp-json\/wp\/v2\/pages"}],"about":[{"href":"https:\/\/gambling6.com\/sk\/wp-json\/wp\/v2\/types\/page"}],"author":[{"embeddable":true,"href":"https:\/\/gambling6.com\/sk\/wp-json\/wp\/v2\/users\/1"}],"replies":[{"embeddable":true,"href":"https:\/\/gambling6.com\/sk\/wp-json\/wp\/v2\/comments?post=11070"}],"version-history":[{"count":1,"href":"https:\/\/gambling6.com\/sk\/wp-json\/wp\/v2\/pages\/11070\/revisions"}],"predecessor-version":[{"id":11071,"href":"https:\/\/gambling6.com\/sk\/wp-json\/wp\/v2\/pages\/11070\/revisions\/11071"}],"wp:attachment":[{"href":"https:\/\/gambling6.com\/sk\/wp-json\/wp\/v2\/media?parent=11070"}],"curies":[{"name":"wp","href":"https:\/\/api.w.org\/{rel}","templated":true}]}}